{"id":9910,"date":"2022-08-25T13:16:26","date_gmt":"2022-08-25T13:16:26","guid":{"rendered":"https:\/\/www.thefinitive.com\/?post_type=product&#038;p=9910"},"modified":"2023-03-21T19:42:49","modified_gmt":"2023-03-21T18:42:49","slug":"vice-governatore-coloniale-segretario-generale","status":"publish","type":"product","link":"https:\/\/thefinitive.com\/en\/prodotto\/vice-governatore-coloniale-segretario-generale\/","title":{"rendered":"\u274c\ud83d\ude41VICE GOVERNATORE Coloniale Segretario Generale"},"content":{"rendered":"\t\t<div data-elementor-type=\"product-post\" data-elementor-id=\"9910\" class=\"elementor elementor-9910\" data-elementor-post-type=\"product\">\n\t\t\t\t\t\t\t\t\t<section class=\"elementor-section elementor-top-section elementor-element elementor-element-1250571f elementor-section-boxed elementor-section-height-default elementor-section-height-default\" data-id=\"1250571f\" data-element_type=\"section\">\n\t\t\t\t\t\t<div class=\"elementor-container elementor-column-gap-default\">\n\t\t\t\t\t<div class=\"elementor-column elementor-col-100 elementor-top-column elementor-element elementor-element-237d7cec\" data-id=\"237d7cec\" data-element_type=\"column\">\n\t\t\t<div class=\"elementor-widget-wrap elementor-element-populated\">\n\t\t\t\t\t\t\t\t<div class=\"elementor-element elementor-element-7f2ae670 elementor-widget elementor-widget-text-editor\" data-id=\"7f2ae670\" data-element_type=\"widget\" data-widget_type=\"text-editor.default\">\n\t\t\t\t<div class=\"elementor-widget-container\">\n\t\t\t<style>\/*! elementor - v3.15.0 - 09-08-2023 *\/\n.elementor-widget-text-editor.elementor-drop-cap-view-stacked .elementor-drop-cap{background-color:#69727d;color:#fff}.elementor-widget-text-editor.elementor-drop-cap-view-framed .elementor-drop-cap{color:#69727d;border:3px solid;background-color:transparent}.elementor-widget-text-editor:not(.elementor-drop-cap-view-default) .elementor-drop-cap{margin-top:8px}.elementor-widget-text-editor:not(.elementor-drop-cap-view-default) .elementor-drop-cap-letter{width:1em;height:1em}.elementor-widget-text-editor .elementor-drop-cap{float:left;text-align:center;line-height:1;font-size:50px}.elementor-widget-text-editor .elementor-drop-cap-letter{display:inline-block}<\/style>\t\t\t\t<p>Berretto bianco coloniale per\u00a0 <strong>VICE GOVERNATORE<\/strong>\u00a0 o\u00a0 <strong>SEGRETARIO\u00a0 GENERALE di\u00a0 GOVERNO<\/strong> del <strong>Ministero delle<\/strong> <strong>Colonie<\/strong> , come stabilito dal<strong>\u00a0REGOLAMENTO PER LE UNIFORMI DEL MINISTERO E DEL SOTTOSEGRETARIATO DI STATO PER LE COLONIE E PER LE UNIFORMI DEI FUNZIONARI COLONIALI DEL RUOLO DI GOVERNO\u00a0 <\/strong>dell&#8217;anno <strong>1937<\/strong><\/p><p>Alla tavola <strong>XXVI<\/strong> figura <strong>53<\/strong>\u00a0e <strong>53.bis\u00a0<\/strong> troviamo la descrizione fotografica del berretto in oggetto, ovviamente con la distinzione che essendo un berretto bianco, \u00e8 identificabile nella categoria dei berretti estivi (vedi <strong>Fig. 52<\/strong> della stessa tavola). Nella parte iniziale del regolamento ci sono anche i dettagli delle uniformi e su quali andava indossato tale berretto<\/p><p><img loading=\"lazy\" decoding=\"async\" class=\"alignnone wp-image-9906 aligncenter\" src=\"https:\/\/www.thefinitive.com\/wp-content\/uploads\/2022\/08\/col1.jpg\" alt=\"\" width=\"450\" height=\"622\" srcset=\"https:\/\/thefinitive.com\/wp-content\/uploads\/2022\/08\/col1.jpg 597w, https:\/\/thefinitive.com\/wp-content\/uploads\/2022\/08\/col1-64x88.jpg 64w, https:\/\/thefinitive.com\/wp-content\/uploads\/2022\/08\/col1-217x300.jpg 217w\" sizes=\"(max-width: 450px) 100vw, 450px\" \/> <img loading=\"lazy\" decoding=\"async\" class=\"alignnone wp-image-9907 aligncenter\" src=\"https:\/\/www.thefinitive.com\/wp-content\/uploads\/2022\/08\/col2.jpg\" alt=\"\" width=\"578\" height=\"514\" srcset=\"https:\/\/thefinitive.com\/wp-content\/uploads\/2022\/08\/col2.jpg 851w, https:\/\/thefinitive.com\/wp-content\/uploads\/2022\/08\/col2-64x57.jpg 64w, https:\/\/thefinitive.com\/wp-content\/uploads\/2022\/08\/col2-300x267.jpg 300w, https:\/\/thefinitive.com\/wp-content\/uploads\/2022\/08\/col2-768x683.jpg 768w\" sizes=\"(max-width: 578px) 100vw, 578px\" \/><\/p><p>\u00a0<\/p><p><img loading=\"lazy\" decoding=\"async\" class=\"alignnone size-full wp-image-9908 aligncenter\" src=\"https:\/\/www.thefinitive.com\/wp-content\/uploads\/2022\/08\/col3.jpg\" alt=\"\" width=\"512\" height=\"736\" srcset=\"https:\/\/thefinitive.com\/wp-content\/uploads\/2022\/08\/col3.jpg 512w, https:\/\/thefinitive.com\/wp-content\/uploads\/2022\/08\/col3-64x92.jpg 64w, https:\/\/thefinitive.com\/wp-content\/uploads\/2022\/08\/col3-209x300.jpg 209w\" sizes=\"(max-width: 512px) 100vw, 512px\" \/><img loading=\"lazy\" decoding=\"async\" class=\"alignnone wp-image-9909 aligncenter\" src=\"https:\/\/www.thefinitive.com\/wp-content\/uploads\/2022\/08\/col4.jpg\" alt=\"\" width=\"591\" height=\"450\" srcset=\"https:\/\/thefinitive.com\/wp-content\/uploads\/2022\/08\/col4.jpg 847w, https:\/\/thefinitive.com\/wp-content\/uploads\/2022\/08\/col4-64x49.jpg 64w, https:\/\/thefinitive.com\/wp-content\/uploads\/2022\/08\/col4-300x228.jpg 300w, https:\/\/thefinitive.com\/wp-content\/uploads\/2022\/08\/col4-768x585.jpg 768w\" sizes=\"(max-width: 591px) 100vw, 591px\" \/><\/p><p style=\"text-align: left;\">pagine del regolamento, grado distintivo per il berretto, <strong>Fig.72 TAV. XXIX<\/strong><\/p><p>\u00a0<\/p><p>Questo magnifico berretto bianco per Segretario Generale di Governo Coloniale, <strong>Vice Governatore coloniale<\/strong>, \u00e8 in ottime condizioni di conservazione, mostra qualche brunitura e segni di &#8220;sporco&#8221; al piatto superiore, marcato al suo interno <strong>UNIONE MILITARE.\u00a0 La provenienza del berretto \u00e8 nominativa, da eredit\u00e0 familiare di un Vice Governatore delle colonie in Africa.<\/strong><\/p><p>Come da regolamento, essendo in panno bianco, veniva usato con le uniformi estive<\/p><p>La peculiarit\u00e0 del berretto \u00e8 nella stoffa del tamburo, che \u00e8 in una sorta di panno e non il classico cotone diagonale usato per gli altri berretti modello &#8217;34. Il decoro del grado, ovvero la &#8220;<strong>GRECA<\/strong>&#8221; composta dai <strong>nodi savoia<\/strong> intervallati da <strong>fasci littorio<\/strong>, ed i due <strong>galloni<\/strong> superiori, sono direttamente cuciti sul tamburo. Il fregio in canutiglia dorata, \u00e8 applicato alla parte frontale del berretto. Sia la greca che i galloni ed il fregio frontale sono tutti ricamati in canutiglia dorata con dettagli argentati, e sono tutti <strong>SOTTOPANNATI<\/strong> su <strong>ROBBIO<\/strong><\/p><p>Di estrema rarit\u00e0, garantito con certificato di originalit\u00e0.<\/p><p>La taglia del berretto dovrebbe essere nella fascia 57 \/ 59<\/p><h2>\u00a0<\/h2><p>\u00a0<\/p><p>Dalla <strong>Gazzetta Ufficiale <\/strong>del 13 Giugno 1936, abbiamo un breve estratto che riguarda direttamente l&#8217;argomento trattato<\/p><pre>                Art. 16. \n \n  Il <strong>Segretario generale<\/strong> e' nominato con decreto Reale,  su  proposta\ndel <strong>Ministro per le colonie<\/strong>, sentito il Consiglio dei Ministri, ed e'\nscelto fra i funzionari coloniali dei gradi III e  IV  del  ruolo  di\nGoverno. \n \n  Il  Segretario  generale  prende  rango  immediatamente   dopo   il\nGovernatore. \n \n  Egli  coadiuva  il  Governatore  nell'esercizio  di  tutte  le  sue\nfunzioni e sovraintende - in particolare - a tutti i servizi civili e\npolitici  del  Governo,  secondo  le   direttive   impartitegli   dal\nGovernatore. \n\n\n<\/pre><h2>NOTIZIE<\/h2><h3 style=\"text-align: center;\"><a href=\"https:\/\/www.thefinitive.com\/1936-impero-italiano-fondazione-aoi\/\" target=\"_blank\" rel=\"noopener\">Cliccando sul link si accede ad informazioni relative all&#8217;argomento trattato<\/a><\/h3><p>\u00a0<\/p><p>8.22<\/p>\t\t\t\t\t\t<\/div>\n\t\t\t\t<\/div>\n\t\t\t\t\t<\/div>\n\t\t<\/div>\n\t\t\t\t\t\t\t<\/div>\n\t\t<\/section>\n\t\t\t\t\t\t\t<\/div>\n\t\t","protected":false},"excerpt":{"rendered":"<p style=\"text-align: center;\">Berretto bianco coloniale per\u00a0 <strong>SEGRETARIO\u00a0 GENERALE di\u00a0 GOVERNO<\/strong> del <strong>Ministero delle<\/strong> <strong>Colonie<\/strong> , <strong>Vice Governatore<\/strong>, come stabilito dal<strong>\u00a0<\/strong><\/p>\n<p style=\"text-align: center;\"><strong>REGOLAMENTO PER LE UNIFORMI DEL MINISTERO E DEL SOTTOSEGRETARIATO DI STATO PER LE COLONIE E PER LE UNIFORMI DEI FUNZIONARI COLONIALI DEL RUOLO DI GOVERNO\u00a0 <\/strong>, <strong>1937<\/strong><\/p>\n<p style=\"text-align: center;\"><strong><em>(Scorri la pagina in basso per ulteriori dettagli e informazioni)<\/em><\/strong><\/p>\n<p>&nbsp;<\/p>\n<p style=\"text-align: center;\" align=\"justify\"><strong>P.A.R.<\/strong> Prezzo A Richiesta\u00a0 \u00a0 \u00a0 \u00a0 \u00a0 <strong>P.O.D. <\/strong>Price On Demand<\/p>\n<p style=\"text-align: center;\" align=\"justify\">Non si rispondono messaggi, email che non abbiano chiari riferimenti anagrafici e telefonici del mittente<\/p>\n","protected":false},"featured_media":9913,"comment_status":"open","ping_status":"closed","template":"","meta":[],"product_cat":[586],"product_tag":[163,723,162,155,158,665,156,195],"yoast_head":"<!-- This site is optimized with the Yoast SEO plugin v21.9.1 - https:\/\/yoast.com\/wordpress\/plugins\/seo\/ -->\n<title>\u274c\ud83d\ude41VICE GOVERNATORE Coloniale Segretario Generale - Thefinitive %<\/title>\n<meta name=\"description\" content=\"Berretto Bianco Vice Governatore Segretario Generale di Governo di Prima Classe - Coloniale - AOI - Balbo Teruzzi Starace Lessona MVSN PNF fascista\" \/>\n<meta name=\"robots\" content=\"index, follow, max-snippet:-1, max-image-preview:large, max-video-preview:-1\" \/>\n<link rel=\"canonical\" href=\"https:\/\/thefinitive.com\/en\/prodotto\/vice-governatore-coloniale-segretario-generale\/\" \/>\n<meta property=\"og:locale\" content=\"en_US\" \/>\n<meta property=\"og:type\" content=\"article\" \/>\n<meta property=\"og:title\" content=\"\u274c\ud83d\ude41VICE GOVERNATORE Coloniale Segretario Generale - Thefinitive %\" \/>\n<meta property=\"og:description\" content=\"Berretto Bianco Vice Governatore Segretario Generale di Governo di Prima Classe - Coloniale - AOI - Balbo Teruzzi Starace Lessona MVSN PNF fascista\" \/>\n<meta property=\"og:url\" content=\"https:\/\/thefinitive.com\/en\/prodotto\/vice-governatore-coloniale-segretario-generale\/\" \/>\n<meta property=\"og:site_name\" content=\"Thefinitive\" \/>\n<meta property=\"article:publisher\" content=\"https:\/\/business.facebook.com\/Thefinitive-111771813534320\/\" \/>\n<meta property=\"article:modified_time\" content=\"2023-03-21T18:42:49+00:00\" \/>\n<meta property=\"og:image\" content=\"https:\/\/thefinitive.com\/wp-content\/uploads\/2022\/08\/20220822_103040-2-scaled.jpg\" \/>\n\t<meta property=\"og:image:width\" content=\"2560\" \/>\n\t<meta property=\"og:image:height\" content=\"2560\" \/>\n\t<meta property=\"og:image:type\" content=\"image\/jpeg\" \/>\n<meta name=\"twitter:card\" content=\"summary_large_image\" \/>\n<script type=\"application\/ld+json\" class=\"yoast-schema-graph\">{\"@context\":\"https:\/\/schema.org\",\"@graph\":[{\"@type\":\"WebPage\",\"@id\":\"https:\/\/thefinitive.com\/en\/prodotto\/vice-governatore-coloniale-segretario-generale\/\",\"url\":\"https:\/\/thefinitive.com\/en\/prodotto\/vice-governatore-coloniale-segretario-generale\/\",\"name\":\"\u274c\ud83d\ude41VICE GOVERNATORE Coloniale Segretario Generale - Thefinitive %\",\"isPartOf\":{\"@id\":\"https:\/\/thefinitive.com\/en\/#website\"},\"datePublished\":\"2022-08-25T13:16:26+00:00\",\"dateModified\":\"2023-03-21T18:42:49+00:00\",\"description\":\"Berretto Bianco Vice Governatore Segretario Generale di Governo di Prima Classe - Coloniale - AOI - Balbo Teruzzi Starace Lessona MVSN PNF fascista\",\"breadcrumb\":{\"@id\":\"https:\/\/thefinitive.com\/en\/prodotto\/vice-governatore-coloniale-segretario-generale\/#breadcrumb\"},\"inLanguage\":\"en-US\",\"potentialAction\":[{\"@type\":\"ReadAction\",\"target\":[\"https:\/\/thefinitive.com\/en\/prodotto\/vice-governatore-coloniale-segretario-generale\/\"]}]},{\"@type\":\"BreadcrumbList\",\"@id\":\"https:\/\/thefinitive.com\/en\/prodotto\/vice-governatore-coloniale-segretario-generale\/#breadcrumb\",\"itemListElement\":[{\"@type\":\"ListItem\",\"position\":1,\"name\":\"Home\",\"item\":\"https:\/\/thefinitive.com\/en\/\"},{\"@type\":\"ListItem\",\"position\":2,\"name\":\"Shop\",\"item\":\"https:\/\/thefinitive.com\/en\/shop-2\/\"},{\"@type\":\"ListItem\",\"position\":3,\"name\":\"\u274c\ud83d\ude41VICE GOVERNATORE Coloniale Segretario Generale\"}]},{\"@type\":\"WebSite\",\"@id\":\"https:\/\/thefinitive.com\/en\/#website\",\"url\":\"https:\/\/thefinitive.com\/en\/\",\"name\":\"Thefinitive\",\"description\":\"Antiquariato Online\",\"publisher\":{\"@id\":\"https:\/\/thefinitive.com\/en\/#organization\"},\"potentialAction\":[{\"@type\":\"SearchAction\",\"target\":{\"@type\":\"EntryPoint\",\"urlTemplate\":\"https:\/\/thefinitive.com\/en\/?s={search_term_string}\"},\"query-input\":\"required name=search_term_string\"}],\"inLanguage\":\"en-US\"},{\"@type\":\"Organization\",\"@id\":\"https:\/\/thefinitive.com\/en\/#organization\",\"name\":\"Thefinitive\",\"url\":\"https:\/\/thefinitive.com\/en\/\",\"logo\":{\"@type\":\"ImageObject\",\"inLanguage\":\"en-US\",\"@id\":\"https:\/\/thefinitive.com\/en\/#\/schema\/logo\/image\/\",\"url\":\"https:\/\/thefinitive.com\/wp-content\/uploads\/2019\/07\/logo4vett.svg\",\"contentUrl\":\"https:\/\/thefinitive.com\/wp-content\/uploads\/2019\/07\/logo4vett.svg\",\"width\":500,\"height\":100,\"caption\":\"Thefinitive\"},\"image\":{\"@id\":\"https:\/\/thefinitive.com\/en\/#\/schema\/logo\/image\/\"},\"sameAs\":[\"https:\/\/business.facebook.com\/Thefinitive-111771813534320\/\",\"https:\/\/www.instagram.com\/_thefinitive_\/\"]}]}<\/script>\n<!-- \/ Yoast SEO plugin. -->","yoast_head_json":{"title":"\u274c\ud83d\ude41VICE GOVERNATORE Coloniale Segretario Generale - Thefinitive %","description":"Berretto Bianco Vice Governatore Segretario Generale di Governo di Prima Classe - Coloniale - AOI - Balbo Teruzzi Starace Lessona MVSN PNF fascista","robots":{"index":"index","follow":"follow","max-snippet":"max-snippet:-1","max-image-preview":"max-image-preview:large","max-video-preview":"max-video-preview:-1"},"canonical":"https:\/\/thefinitive.com\/en\/prodotto\/vice-governatore-coloniale-segretario-generale\/","og_locale":"en_US","og_type":"article","og_title":"\u274c\ud83d\ude41VICE GOVERNATORE Coloniale Segretario Generale - Thefinitive %","og_description":"Berretto Bianco Vice Governatore Segretario Generale di Governo di Prima Classe - Coloniale - AOI - Balbo Teruzzi Starace Lessona MVSN PNF fascista","og_url":"https:\/\/thefinitive.com\/en\/prodotto\/vice-governatore-coloniale-segretario-generale\/","og_site_name":"Thefinitive","article_publisher":"https:\/\/business.facebook.com\/Thefinitive-111771813534320\/","article_modified_time":"2023-03-21T18:42:49+00:00","og_image":[{"width":2560,"height":2560,"url":"https:\/\/thefinitive.com\/wp-content\/uploads\/2022\/08\/20220822_103040-2-scaled.jpg","type":"image\/jpeg"}],"twitter_card":"summary_large_image","schema":{"@context":"https:\/\/schema.org","@graph":[{"@type":"WebPage","@id":"https:\/\/thefinitive.com\/en\/prodotto\/vice-governatore-coloniale-segretario-generale\/","url":"https:\/\/thefinitive.com\/en\/prodotto\/vice-governatore-coloniale-segretario-generale\/","name":"\u274c\ud83d\ude41VICE GOVERNATORE Coloniale Segretario Generale - Thefinitive %","isPartOf":{"@id":"https:\/\/thefinitive.com\/en\/#website"},"datePublished":"2022-08-25T13:16:26+00:00","dateModified":"2023-03-21T18:42:49+00:00","description":"Berretto Bianco Vice Governatore Segretario Generale di Governo di Prima Classe - Coloniale - AOI - Balbo Teruzzi Starace Lessona MVSN PNF fascista","breadcrumb":{"@id":"https:\/\/thefinitive.com\/en\/prodotto\/vice-governatore-coloniale-segretario-generale\/#breadcrumb"},"inLanguage":"en-US","potentialAction":[{"@type":"ReadAction","target":["https:\/\/thefinitive.com\/en\/prodotto\/vice-governatore-coloniale-segretario-generale\/"]}]},{"@type":"BreadcrumbList","@id":"https:\/\/thefinitive.com\/en\/prodotto\/vice-governatore-coloniale-segretario-generale\/#breadcrumb","itemListElement":[{"@type":"ListItem","position":1,"name":"Home","item":"https:\/\/thefinitive.com\/en\/"},{"@type":"ListItem","position":2,"name":"Shop","item":"https:\/\/thefinitive.com\/en\/shop-2\/"},{"@type":"ListItem","position":3,"name":"\u274c\ud83d\ude41VICE GOVERNATORE Coloniale Segretario Generale"}]},{"@type":"WebSite","@id":"https:\/\/thefinitive.com\/en\/#website","url":"https:\/\/thefinitive.com\/en\/","name":"Thefinitive","description":"Antiquariato Online","publisher":{"@id":"https:\/\/thefinitive.com\/en\/#organization"},"potentialAction":[{"@type":"SearchAction","target":{"@type":"EntryPoint","urlTemplate":"https:\/\/thefinitive.com\/en\/?s={search_term_string}"},"query-input":"required name=search_term_string"}],"inLanguage":"en-US"},{"@type":"Organization","@id":"https:\/\/thefinitive.com\/en\/#organization","name":"Thefinitive","url":"https:\/\/thefinitive.com\/en\/","logo":{"@type":"ImageObject","inLanguage":"en-US","@id":"https:\/\/thefinitive.com\/en\/#\/schema\/logo\/image\/","url":"https:\/\/thefinitive.com\/wp-content\/uploads\/2019\/07\/logo4vett.svg","contentUrl":"https:\/\/thefinitive.com\/wp-content\/uploads\/2019\/07\/logo4vett.svg","width":500,"height":100,"caption":"Thefinitive"},"image":{"@id":"https:\/\/thefinitive.com\/en\/#\/schema\/logo\/image\/"},"sameAs":["https:\/\/business.facebook.com\/Thefinitive-111771813534320\/","https:\/\/www.instagram.com\/_thefinitive_\/"]}]}},"_links":{"self":[{"href":"https:\/\/thefinitive.com\/en\/wp-json\/wp\/v3\/product\/9910"}],"collection":[{"href":"https:\/\/thefinitive.com\/en\/wp-json\/wp\/v3\/product"}],"about":[{"href":"https:\/\/thefinitive.com\/en\/wp-json\/wp\/v2\/types\/product"}],"replies":[{"embeddable":true,"href":"https:\/\/thefinitive.com\/en\/wp-json\/wp\/v2\/comments?post=9910"}],"version-history":[{"count":7,"href":"https:\/\/thefinitive.com\/en\/wp-json\/wp\/v3\/product\/9910\/revisions"}],"predecessor-version":[{"id":15016,"href":"https:\/\/thefinitive.com\/en\/wp-json\/wp\/v3\/product\/9910\/revisions\/15016"}],"wp:featuredmedia":[{"embeddable":true,"href":"https:\/\/thefinitive.com\/en\/wp-json\/wp\/v2\/media\/9913"}],"wp:attachment":[{"href":"https:\/\/thefinitive.com\/en\/wp-json\/wp\/v2\/media?parent=9910"}],"wp:term":[{"taxonomy":"product_cat","embeddable":true,"href":"https:\/\/thefinitive.com\/en\/wp-json\/wp\/v2\/product_cat?post=9910"},{"taxonomy":"product_tag","embeddable":true,"href":"https:\/\/thefinitive.com\/en\/wp-json\/wp\/v2\/product_tag?post=9910"}],"curies":[{"name":"wp","href":"https:\/\/api.w.org\/{rel}","templated":true}]}}