{"id":9849,"date":"2022-08-16T16:53:27","date_gmt":"2022-08-16T14:53:27","guid":{"rendered":"https:\/\/www.thefinitive.com\/?post_type=product&#038;p=9849"},"modified":"2023-07-08T17:14:30","modified_gmt":"2023-07-08T15:14:30","slug":"papa-pio-xii-autografo-su-benedizione-apostolica","status":"publish","type":"product","link":"https:\/\/thefinitive.com\/en\/prodotto\/papa-pio-xii-autografo-su-benedizione-apostolica\/","title":{"rendered":"Papa PIO XII autografo su Benedizione Apostolica"},"content":{"rendered":"<p>Foto originale ai sali d&#8217;argento di <strong>Papa PIO XII<\/strong> con autografo su <strong>benedizione apostolica<\/strong>. La foto montata su cartoncino con disegni floreali, \u00e8 originale e realizzata dallo studio <strong>G.FELICI<\/strong> di <strong><em>Roma<\/em><\/strong>, fotografo ufficiale della Santa Sede. La benedizione apostolica rivolta ad una fedele (di cui si oscura il nominativo solo sul formato digitale) \u00e8 scritta a mano con inchiostro nero, seguita dalla firma autografa ad inchiostro nero del Santo Padre, <strong>PIUS PP. XII<\/strong><\/p>\n<p>Datata <strong>29 Marzo 1945<\/strong><\/p>\n<p>Ritratta in bellissima posa, con indosso la mozzetta rossa, PIO XII in piedi, benedicente.\u00a0 La foto reca il marchio impresso\u00a0 <strong>RIPRODUZIONE INTERDETTA<\/strong><\/p>\n<p>La dedica e l&#8217;autografo di <strong>Papa Pio XII<\/strong> sono originali, scritti di pugno ad inchiostro stilografico nero<\/p>\n<p>&nbsp;<\/p>\n<p><strong>MATERIALE\u00a0 \u00a0&#8230;&#8230;&#8230;&#8230;.<\/strong>\u00a0 carta fotografica, cartoncino<\/p>\n<p><strong>MISURE\u00a0<\/strong> <strong>&#8230;&#8230;&#8230;&#8230;&#8230;&#8230;..<\/strong> cm. 45 x 28 la cornice esterna<\/p>\n<p><strong>MARCHIO<\/strong> <strong>&#8230;&#8230;&#8230;&#8230;&#8230;.<\/strong> G.Felici Roma<\/p>\n<h2><\/h2>\n<p>&nbsp;<\/p>\n<h2>NOTIZIE<\/h2>\n<p>&nbsp;<\/p>\n<h3 style=\"text-align: center;\"><a href=\"https:\/\/it.wikipedia.org\/wiki\/Papa_Pio_XII\" target=\"_blank\" rel=\"noopener\">Cliccando sul seguente link e sull&#8217;immagine avrete accesso ad informazioni relative all&#8217;argomento in oggetto<\/a><\/h3>\n<p>&nbsp;<\/p>\n<p>&nbsp;<\/p>\n<p><b>Papa<\/b>\u00a0<b>Pio XII<\/b>\u00a0(in\u00a0latino:\u00a0<i>Pius PP. XII<\/i>, nato\u00a0<b>Eugenio Maria Giuseppe Giovanni Pacelli<\/b>;\u00a0Roma,\u00a02 marzo\u00a01876\u00a0\u2013\u00a0Castel Gandolfo,\u00a09 ottobre\u00a01958) \u00e8 stato il 260\u00ba\u00a0papa\u00a0della\u00a0Chiesa cattolica\u00a0e 2\u00ba\u00a0sovrano\u00a0dello\u00a0Stato della Citt\u00e0 del Vaticano\u00a0dal 1939 alla sua morte. Nel\u00a01990, a conclusione della prima fase di\u00a0beatificazione, ha ricevuto il titolo di\u00a0servo di Dio. Nel\u00a02009, a conclusione della seconda fase, ha ricevuto il titolo di\u00a0venerabile, che ne attesta l&#8217;eroicit\u00e0 delle virt\u00f9 per la Chiesa. La causa di canonizzazione \u00e8 affidata alla\u00a0Compagnia di Ges\u00f9.<\/p>\n<p>&nbsp;<\/p>\n<p>&nbsp;<\/p>\n<p>&nbsp;<\/p>\n<p>Per approfondimenti\u00a0 fonti Wikipedia<\/p>\n<p>&nbsp;<\/p>\n<p>8.22<\/p>\n","protected":false},"excerpt":{"rendered":"<p style=\"text-align: center;\">Foto originale ai sali d&#8217;argento di Papa PIO XII con autografo<\/p>\n<p style=\"text-align: center;\"><strong>PIUS PP. XII\u00a0 <\/strong><\/p>\n<p style=\"text-align: center;\">su <strong>benedizione apostolica<\/strong>. Realizzata dallo studio <strong>G.FELICI<\/strong> di <strong><em>Roma<\/em><\/strong>, fotografo ufficiale della Santa Sede<\/p>\n<p style=\"text-align: center;\">Datata <strong>29 Marzo 1945<\/strong><\/p>\n<p style=\"text-align: center;\">Dedica ed autografo sono originali, scritti di pugno ad inchiostro stilografico nero<\/p>\n<p>&nbsp;<\/p>\n<p>&nbsp;<\/p>\n<p style=\"text-align: center;\"><strong><em>(Scorri la pagina in basso per ulteriori dettagli e informazioni)<\/em><\/strong><\/p>\n","protected":false},"featured_media":9850,"comment_status":"open","ping_status":"closed","template":"","meta":[],"product_cat":[586],"product_tag":[],"yoast_head":"<!-- This site is optimized with the Yoast SEO plugin v21.9.1 - https:\/\/yoast.com\/wordpress\/plugins\/seo\/ -->\n<title>Papa PIO XII autografo su Benedizione Apostolica - Thefinitive<\/title>\n<meta name=\"description\" content=\"Autografo su Benedizione Apostolica di Papa PIO XII - 1945 - Foto ufficiale Felici Roma Vaticano HOLY FATHER POPE PIO XII original autograph\" \/>\n<meta name=\"robots\" content=\"index, follow, max-snippet:-1, max-image-preview:large, max-video-preview:-1\" \/>\n<link rel=\"canonical\" href=\"https:\/\/thefinitive.com\/en\/prodotto\/papa-pio-xii-autografo-su-benedizione-apostolica\/\" \/>\n<meta property=\"og:locale\" content=\"en_US\" \/>\n<meta property=\"og:type\" content=\"article\" \/>\n<meta property=\"og:title\" content=\"Papa PIO XII autografo su Benedizione Apostolica - Thefinitive\" \/>\n<meta property=\"og:description\" content=\"Autografo su Benedizione Apostolica di Papa PIO XII - 1945 - Foto ufficiale Felici Roma Vaticano HOLY FATHER POPE PIO XII original autograph\" \/>\n<meta property=\"og:url\" content=\"https:\/\/thefinitive.com\/en\/prodotto\/papa-pio-xii-autografo-su-benedizione-apostolica\/\" \/>\n<meta property=\"og:site_name\" content=\"Thefinitive\" \/>\n<meta property=\"article:publisher\" content=\"https:\/\/business.facebook.com\/Thefinitive-111771813534320\/\" \/>\n<meta property=\"article:modified_time\" content=\"2023-07-08T15:14:30+00:00\" \/>\n<meta property=\"og:image\" content=\"https:\/\/thefinitive.com\/wp-content\/uploads\/2022\/08\/pio1-2-scaled.jpg\" \/>\n\t<meta property=\"og:image:width\" content=\"2560\" \/>\n\t<meta property=\"og:image:height\" content=\"2560\" \/>\n\t<meta property=\"og:image:type\" content=\"image\/jpeg\" \/>\n<meta name=\"twitter:card\" content=\"summary_large_image\" \/>\n<meta name=\"twitter:label1\" content=\"Est. reading time\" \/>\n\t<meta name=\"twitter:data1\" content=\"2 minutes\" \/>\n<script type=\"application\/ld+json\" class=\"yoast-schema-graph\">{\"@context\":\"https:\/\/schema.org\",\"@graph\":[{\"@type\":\"WebPage\",\"@id\":\"https:\/\/thefinitive.com\/en\/prodotto\/papa-pio-xii-autografo-su-benedizione-apostolica\/\",\"url\":\"https:\/\/thefinitive.com\/en\/prodotto\/papa-pio-xii-autografo-su-benedizione-apostolica\/\",\"name\":\"Papa PIO XII autografo su Benedizione Apostolica - Thefinitive\",\"isPartOf\":{\"@id\":\"https:\/\/thefinitive.com\/en\/#website\"},\"datePublished\":\"2022-08-16T14:53:27+00:00\",\"dateModified\":\"2023-07-08T15:14:30+00:00\",\"description\":\"Autografo su Benedizione Apostolica di Papa PIO XII - 1945 - Foto ufficiale Felici Roma Vaticano HOLY FATHER POPE PIO XII original autograph\",\"breadcrumb\":{\"@id\":\"https:\/\/thefinitive.com\/en\/prodotto\/papa-pio-xii-autografo-su-benedizione-apostolica\/#breadcrumb\"},\"inLanguage\":\"en-US\",\"potentialAction\":[{\"@type\":\"ReadAction\",\"target\":[\"https:\/\/thefinitive.com\/en\/prodotto\/papa-pio-xii-autografo-su-benedizione-apostolica\/\"]}]},{\"@type\":\"BreadcrumbList\",\"@id\":\"https:\/\/thefinitive.com\/en\/prodotto\/papa-pio-xii-autografo-su-benedizione-apostolica\/#breadcrumb\",\"itemListElement\":[{\"@type\":\"ListItem\",\"position\":1,\"name\":\"Home\",\"item\":\"https:\/\/thefinitive.com\/en\/\"},{\"@type\":\"ListItem\",\"position\":2,\"name\":\"Shop\",\"item\":\"https:\/\/thefinitive.com\/en\/shop-2\/\"},{\"@type\":\"ListItem\",\"position\":3,\"name\":\"Papa PIO XII autografo su Benedizione Apostolica\"}]},{\"@type\":\"WebSite\",\"@id\":\"https:\/\/thefinitive.com\/en\/#website\",\"url\":\"https:\/\/thefinitive.com\/en\/\",\"name\":\"Thefinitive\",\"description\":\"Antiquariato Online\",\"publisher\":{\"@id\":\"https:\/\/thefinitive.com\/en\/#organization\"},\"potentialAction\":[{\"@type\":\"SearchAction\",\"target\":{\"@type\":\"EntryPoint\",\"urlTemplate\":\"https:\/\/thefinitive.com\/en\/?s={search_term_string}\"},\"query-input\":\"required name=search_term_string\"}],\"inLanguage\":\"en-US\"},{\"@type\":\"Organization\",\"@id\":\"https:\/\/thefinitive.com\/en\/#organization\",\"name\":\"Thefinitive\",\"url\":\"https:\/\/thefinitive.com\/en\/\",\"logo\":{\"@type\":\"ImageObject\",\"inLanguage\":\"en-US\",\"@id\":\"https:\/\/thefinitive.com\/en\/#\/schema\/logo\/image\/\",\"url\":\"https:\/\/thefinitive.com\/wp-content\/uploads\/2019\/07\/logo4vett.svg\",\"contentUrl\":\"https:\/\/thefinitive.com\/wp-content\/uploads\/2019\/07\/logo4vett.svg\",\"width\":500,\"height\":100,\"caption\":\"Thefinitive\"},\"image\":{\"@id\":\"https:\/\/thefinitive.com\/en\/#\/schema\/logo\/image\/\"},\"sameAs\":[\"https:\/\/business.facebook.com\/Thefinitive-111771813534320\/\",\"https:\/\/www.instagram.com\/_thefinitive_\/\"]}]}<\/script>\n<!-- \/ Yoast SEO plugin. -->","yoast_head_json":{"title":"Papa PIO XII autografo su Benedizione Apostolica - Thefinitive","description":"Autografo su Benedizione Apostolica di Papa PIO XII - 1945 - Foto ufficiale Felici Roma Vaticano HOLY FATHER POPE PIO XII original autograph","robots":{"index":"index","follow":"follow","max-snippet":"max-snippet:-1","max-image-preview":"max-image-preview:large","max-video-preview":"max-video-preview:-1"},"canonical":"https:\/\/thefinitive.com\/en\/prodotto\/papa-pio-xii-autografo-su-benedizione-apostolica\/","og_locale":"en_US","og_type":"article","og_title":"Papa PIO XII autografo su Benedizione Apostolica - Thefinitive","og_description":"Autografo su Benedizione Apostolica di Papa PIO XII - 1945 - Foto ufficiale Felici Roma Vaticano HOLY FATHER POPE PIO XII original autograph","og_url":"https:\/\/thefinitive.com\/en\/prodotto\/papa-pio-xii-autografo-su-benedizione-apostolica\/","og_site_name":"Thefinitive","article_publisher":"https:\/\/business.facebook.com\/Thefinitive-111771813534320\/","article_modified_time":"2023-07-08T15:14:30+00:00","og_image":[{"width":2560,"height":2560,"url":"https:\/\/thefinitive.com\/wp-content\/uploads\/2022\/08\/pio1-2-scaled.jpg","type":"image\/jpeg"}],"twitter_card":"summary_large_image","twitter_misc":{"Est. reading time":"2 minutes"},"schema":{"@context":"https:\/\/schema.org","@graph":[{"@type":"WebPage","@id":"https:\/\/thefinitive.com\/en\/prodotto\/papa-pio-xii-autografo-su-benedizione-apostolica\/","url":"https:\/\/thefinitive.com\/en\/prodotto\/papa-pio-xii-autografo-su-benedizione-apostolica\/","name":"Papa PIO XII autografo su Benedizione Apostolica - Thefinitive","isPartOf":{"@id":"https:\/\/thefinitive.com\/en\/#website"},"datePublished":"2022-08-16T14:53:27+00:00","dateModified":"2023-07-08T15:14:30+00:00","description":"Autografo su Benedizione Apostolica di Papa PIO XII - 1945 - Foto ufficiale Felici Roma Vaticano HOLY FATHER POPE PIO XII original autograph","breadcrumb":{"@id":"https:\/\/thefinitive.com\/en\/prodotto\/papa-pio-xii-autografo-su-benedizione-apostolica\/#breadcrumb"},"inLanguage":"en-US","potentialAction":[{"@type":"ReadAction","target":["https:\/\/thefinitive.com\/en\/prodotto\/papa-pio-xii-autografo-su-benedizione-apostolica\/"]}]},{"@type":"BreadcrumbList","@id":"https:\/\/thefinitive.com\/en\/prodotto\/papa-pio-xii-autografo-su-benedizione-apostolica\/#breadcrumb","itemListElement":[{"@type":"ListItem","position":1,"name":"Home","item":"https:\/\/thefinitive.com\/en\/"},{"@type":"ListItem","position":2,"name":"Shop","item":"https:\/\/thefinitive.com\/en\/shop-2\/"},{"@type":"ListItem","position":3,"name":"Papa PIO XII autografo su Benedizione Apostolica"}]},{"@type":"WebSite","@id":"https:\/\/thefinitive.com\/en\/#website","url":"https:\/\/thefinitive.com\/en\/","name":"Thefinitive","description":"Antiquariato Online","publisher":{"@id":"https:\/\/thefinitive.com\/en\/#organization"},"potentialAction":[{"@type":"SearchAction","target":{"@type":"EntryPoint","urlTemplate":"https:\/\/thefinitive.com\/en\/?s={search_term_string}"},"query-input":"required name=search_term_string"}],"inLanguage":"en-US"},{"@type":"Organization","@id":"https:\/\/thefinitive.com\/en\/#organization","name":"Thefinitive","url":"https:\/\/thefinitive.com\/en\/","logo":{"@type":"ImageObject","inLanguage":"en-US","@id":"https:\/\/thefinitive.com\/en\/#\/schema\/logo\/image\/","url":"https:\/\/thefinitive.com\/wp-content\/uploads\/2019\/07\/logo4vett.svg","contentUrl":"https:\/\/thefinitive.com\/wp-content\/uploads\/2019\/07\/logo4vett.svg","width":500,"height":100,"caption":"Thefinitive"},"image":{"@id":"https:\/\/thefinitive.com\/en\/#\/schema\/logo\/image\/"},"sameAs":["https:\/\/business.facebook.com\/Thefinitive-111771813534320\/","https:\/\/www.instagram.com\/_thefinitive_\/"]}]}},"_links":{"self":[{"href":"https:\/\/thefinitive.com\/en\/wp-json\/wp\/v3\/product\/9849"}],"collection":[{"href":"https:\/\/thefinitive.com\/en\/wp-json\/wp\/v3\/product"}],"about":[{"href":"https:\/\/thefinitive.com\/en\/wp-json\/wp\/v2\/types\/product"}],"replies":[{"embeddable":true,"href":"https:\/\/thefinitive.com\/en\/wp-json\/wp\/v2\/comments?post=9849"}],"version-history":[{"count":1,"href":"https:\/\/thefinitive.com\/en\/wp-json\/wp\/v3\/product\/9849\/revisions"}],"predecessor-version":[{"id":15162,"href":"https:\/\/thefinitive.com\/en\/wp-json\/wp\/v3\/product\/9849\/revisions\/15162"}],"wp:featuredmedia":[{"embeddable":true,"href":"https:\/\/thefinitive.com\/en\/wp-json\/wp\/v2\/media\/9850"}],"wp:attachment":[{"href":"https:\/\/thefinitive.com\/en\/wp-json\/wp\/v2\/media?parent=9849"}],"wp:term":[{"taxonomy":"product_cat","embeddable":true,"href":"https:\/\/thefinitive.com\/en\/wp-json\/wp\/v2\/product_cat?post=9849"},{"taxonomy":"product_tag","embeddable":true,"href":"https:\/\/thefinitive.com\/en\/wp-json\/wp\/v2\/product_tag?post=9849"}],"curies":[{"name":"wp","href":"https:\/\/api.w.org\/{rel}","templated":true}]}}