{"id":9713,"date":"2022-08-06T15:56:27","date_gmt":"2022-08-06T15:56:27","guid":{"rendered":"https:\/\/www.thefinitive.com\/?post_type=product&#038;p=9713"},"modified":"2023-03-20T17:21:43","modified_gmt":"2023-03-20T16:21:43","slug":"dannunzio-volo-su-vienna-volantino-in-italiano-tricolore","status":"publish","type":"product","link":"https:\/\/thefinitive.com\/en\/prodotto\/dannunzio-volo-su-vienna-volantino-in-italiano-tricolore\/","title":{"rendered":"\u274c\ud83d\ude41D&#8217;Annunzio Volo su Vienna Volantino in ITALIANO &#8211; tricolore"},"content":{"rendered":"<p>Volantino tricolore originale in italiano per l&#8217;impresa dannunziana del <strong>Volo su Vienna <\/strong>del <strong>9 agosto 1918, <\/strong>compiuto dalla <strong>87\u00aa Squadriglia Aeroplani<\/strong> &#8220;<em>La Serenissima<\/em>&#8221; comandata da <strong>Gabriele d&#8217;Annunzio<\/strong>.<\/p>\n<p>Foglietto di carta stampato in tricromia, a raffigurare il tricolore italiano con in mezzo al campo bianco lo scudo sabaudo, e a tutta pagina il testo del messaggio propagandistico che l&#8217;Italia volle comunicare al popolo viennese<\/p>\n<p>&nbsp;<\/p>\n<dl>\n<dd><strong>VIENNESI!<\/strong><\/dd>\n<\/dl>\n<p><em>Imparate a conoscere gli italiani.<\/em><br \/>\n<em>Noi voliamo su Vienna, potremmo lanciare bombe a tonnellate. Non vi lanciamo che un saluto a tre colori: i tre colori della libert\u00e0.<\/em><br \/>\n<em>Noi italiani non facciamo la guerra ai bambini, ai vecchi, alle donne.<\/em><br \/>\n<em>Noi facciamo la guerra al vostro governo nemico delle libert\u00e0 nazionali, al vostro cieco testardo crudele governo che non sa darvi n\u00e9 pace n\u00e9 pane, e vi nutre d&#8217;odio e d&#8217;illusioni.<\/em><\/p>\n<dl>\n<dd><strong>VIENNESI!<\/strong><\/dd>\n<\/dl>\n<p><em>Voi avete fama di essere intelligenti. Ma perch\u00e9 vi siete messi l&#8217;uniforme prussiana? Ormai, lo vedete, tutto il mondo s&#8217;\u00e8 volto contro di voi.<\/em><br \/>\n<em>Volete continuare la guerra? Continuatela, \u00e8 il vostro suicidio. Che sperate? La vittoria decisiva promessavi dai generali prussiani? La loro vittoria decisiva \u00e8 come il pane dell&#8217;Ucraina: si muore aspettandola.<\/em><\/p>\n<dl>\n<dd><strong>\u00a0 \u00a0 \u00a0 \u00a0 POPOLO DI VIENNA<\/strong>,<strong><em> pensa ai tuoi casi. Svegliati!<\/em><\/strong><\/p>\n<dl>\n<dd><strong>\u00a0 \u00a0 \u00a0 \u00a0 VIVA LA LIBERT\u00c0!<\/strong><\/p>\n<dl>\n<dd><strong>\u00a0 \u00a0 \u00a0 \u00a0 VIVA L&#8217;ITALIA!<\/strong><\/p>\n<dl>\n<dd><strong>\u00a0 \u00a0 \u00a0 \u00a0 VIVA L&#8217;INTESA!<\/strong><\/dd>\n<dd><\/dd>\n<\/dl>\n<\/dd>\n<\/dl>\n<\/dd>\n<\/dl>\n<\/dd>\n<\/dl>\n<p>&nbsp;<\/p>\n<p>Del volantino vennero stampate e lanciate anche delle copie con il testo in lingua tedesca, come di seguito riportato<\/p>\n<p><em><strong>WIENER<\/strong>!<\/em><\/p>\n<p><em>Lernt die Italiener kennen.<\/em><br \/>\n<em>Wenn wir wollten, wir k\u00f6nnten ganze Tonnen von Bomben auf eure Stadt hinabwerfen, aber wir senden euch nur einen Gruss der Trikolore, der Trikolore der Freiheit.<\/em><br \/>\n<em>Wir Italiener f\u00fchren den Krieg nicht mit den B\u00fcrgern, Kindern, Greisen und Frauen. Wir f\u00fchren den Krieg mit eurer Regierung, dem Feinde der nationalen Freiheit, mit euren blinden, starrk\u00f6pfigen und grausamen Regierung, die euch weder Brot noch Frieden zu geben vermag und euch nur mit Hass und tr\u00fcgerischen Hoffnungen f\u00fcttert.<\/em><\/p>\n<p><em><strong>WIENER!<\/strong><\/em><\/p>\n<p><em>Man sagt von euch, dass ihr intelligent seid, jedoch seitdem ihr die preussische Uniform angezogen habt ihr seid auf das Niveau eines Berliner-Grobians herabgesunken, und die ganze Welt hat sich gegen euch gewandt.<\/em><br \/>\n<em>Wollt ihr den Krieg fortf\u00fchren? Tut es, wenn ihr Selbstmord begehen wollt. Was h\u00f6fft ihr? Den Entscheidungssieg, den euch die preussische Generale versprochen haben?<\/em><br \/>\n<em>Ihr Entscheidungssieg ist wie das Brot aus der Ukraina: Man erwartet es und stirbt bevor es ankommt.<\/em><\/p>\n<p><em><strong>B\u00fcrger Wiens!<\/strong> Bedenkt was euch erwartet und erwacht!<\/em><\/p>\n<p><em><strong>HOCH LEBE DIE FREIHEIT!<\/strong><\/em><\/p>\n<p><em><strong>HOCH LEBE ITALIEN!<\/strong><\/em><\/p>\n<p><em><strong>HOCH LEBE DIE ENTENTE!<\/strong><\/em><\/p>\n<p>&nbsp;<\/p>\n<p>Il Volantino del Volo su Vienna che vi presentiamo, \u00e8 <strong>originale<\/strong>,\u00a0 non \u00e8 una ristampa o una copia anastatica, fa parte di quelli preparati effettivamente per l&#8217;impresa del 1918.\u00a0 Questa \u00e8 la versione in lingua italiana. In perfetto stato, senza strappi o danni di rilievo, solo piccoli segni del tempo.<\/p>\n<p>&nbsp;<\/p>\n<p><strong>MATERIALE\u00a0 \u00a0 \u00a0:\u00a0<\/strong> Carta<\/p>\n<p><strong>MISURE\u00a0 \u00a0 \u00a0 \u00a0 \u00a0 \u00a0 \u00a0:<\/strong>\u00a0 cm.22,5 x 14,2<\/p>\n<p><strong>MARCHIO\u00a0 \u00a0 \u00a0 \u00a0 \u00a0:<\/strong>\u00a0 &#8211;<\/p>\n<h2><\/h2>\n<p>&nbsp;<\/p>\n<h2 style=\"text-align: left;\">NOTIZIE<\/h2>\n<p>Cliccando sui seguenti link avrete accesso ad informazioni e note storiche sull&#8217;argomento trattato in questa vendita<\/p>\n<p>&nbsp;<\/p>\n<p><a href=\"https:\/\/www.thefinitive.com\/gabriele-dannunzio-limmaginifico-il-vate\/\" target=\"_blank\" rel=\"noopener\"><img loading=\"lazy\" decoding=\"async\" class=\"wp-image-7713 aligncenter\" src=\"https:\/\/www.thefinitive.com\/wp-content\/uploads\/2021\/01\/dannunzio.jpg\" alt=\"\" width=\"321\" height=\"322\" srcset=\"https:\/\/thefinitive.com\/wp-content\/uploads\/2021\/01\/dannunzio.jpg 518w, https:\/\/thefinitive.com\/wp-content\/uploads\/2021\/01\/dannunzio-100x100.jpg 100w, https:\/\/thefinitive.com\/wp-content\/uploads\/2021\/01\/dannunzio-64x64.jpg 64w, https:\/\/thefinitive.com\/wp-content\/uploads\/2021\/01\/dannunzio-300x300.jpg 300w, https:\/\/thefinitive.com\/wp-content\/uploads\/2021\/01\/dannunzio-150x150.jpg 150w, https:\/\/thefinitive.com\/wp-content\/uploads\/2021\/01\/dannunzio-45x45.jpg 45w\" sizes=\"(max-width: 321px) 100vw, 321px\" \/><\/a><\/p>\n<p>&nbsp;<\/p>\n<figure id=\"attachment_7715\" aria-describedby=\"caption-attachment-7715\" style=\"width: 520px\" class=\"wp-caption aligncenter\"><a href=\"https:\/\/www.thefinitive.com\/volo-su-vienna-gabriele-dannunzio-9-agosto-1918\/\" target=\"_blank\" rel=\"noopener\"><img loading=\"lazy\" decoding=\"async\" class=\" wp-image-7715\" src=\"https:\/\/www.thefinitive.com\/wp-content\/uploads\/2020\/12\/DannunzioPalliSVA.jpg\" alt=\"\" width=\"520\" height=\"345\" srcset=\"https:\/\/thefinitive.com\/wp-content\/uploads\/2020\/12\/DannunzioPalliSVA.jpg 1021w, https:\/\/thefinitive.com\/wp-content\/uploads\/2020\/12\/DannunzioPalliSVA-64x42.jpg 64w, https:\/\/thefinitive.com\/wp-content\/uploads\/2020\/12\/DannunzioPalliSVA-300x199.jpg 300w, https:\/\/thefinitive.com\/wp-content\/uploads\/2020\/12\/DannunzioPalliSVA-768x509.jpg 768w\" sizes=\"(max-width: 520px) 100vw, 520px\" \/><\/a><figcaption id=\"caption-attachment-7715\" class=\"wp-caption-text\">Volo su Vienna &#8211; D&#8217;Annunzio e Palli<\/figcaption><\/figure>\n<p>&nbsp;<\/p>\n<p><em>Fonti <a href=\"https:\/\/it.wikipedia.org\/wiki\/Volo_su_Vienna\">Wikipedia<\/a> , <a href=\"https:\/\/it.wikipedia.org\/wiki\/Gabriele_D%27Annunzio\">D&#8217;Annunzio<\/a><\/em><\/p>\n<p>8.22<\/p>\n","protected":false},"excerpt":{"rendered":"<p style=\"text-align: center;\">Volantino tricolore originale per l&#8217;impresa dannunziana del <strong>Volo su Vienna <\/strong>del <strong>9 agosto 1918, <\/strong>compiuto dalla <strong>87\u00aa Squadriglia Aeroplani<\/strong> &#8220;<em>La Serenissima<\/em>&#8221; comandata da <strong>Gabriele d&#8217;Annunzio<\/strong><\/p>\n<p style=\"text-align: center;\">Dimensioni circa\u00a0 cm.<strong>22,5 x 14,2<\/strong><\/p>\n<p style=\"text-align: center;\"><strong><em>(Scorri la pagina in basso per ulteriori dettagli e informazioni)<\/em><\/strong><\/p>\n<p>&nbsp;<\/p>\n<p>&nbsp;<\/p>\n","protected":false},"featured_media":9714,"comment_status":"open","ping_status":"closed","template":"","meta":[],"product_cat":[586],"product_tag":[723,182,155,203,278,202,587],"yoast_head":"<!-- This site is optimized with the Yoast SEO plugin v21.9.1 - https:\/\/yoast.com\/wordpress\/plugins\/seo\/ -->\n<title>\u274c\ud83d\ude41D&#039;Annunzio Volo su Vienna Volantino in ITALIANO - tricolore - Thefinitive<\/title>\n<meta name=\"description\" content=\"Volantino del Volo su Vienna compiuto da d&#039;Annunzio, stampato in italiano - Originale marcato 128 - TRICOLORE - Ugo Ojetti - Flight over Vienna - Fiume\" \/>\n<meta name=\"robots\" content=\"index, follow, max-snippet:-1, max-image-preview:large, max-video-preview:-1\" \/>\n<link rel=\"canonical\" href=\"https:\/\/thefinitive.com\/en\/prodotto\/dannunzio-volo-su-vienna-volantino-in-italiano-tricolore\/\" \/>\n<meta property=\"og:locale\" content=\"en_US\" \/>\n<meta property=\"og:type\" content=\"article\" \/>\n<meta property=\"og:title\" content=\"\u274c\ud83d\ude41D&#039;Annunzio Volo su Vienna Volantino in ITALIANO - tricolore - Thefinitive\" \/>\n<meta property=\"og:description\" content=\"Volantino del Volo su Vienna compiuto da d&#039;Annunzio, stampato in italiano - Originale marcato 128 - TRICOLORE - Ugo Ojetti - Flight over Vienna - Fiume\" \/>\n<meta property=\"og:url\" content=\"https:\/\/thefinitive.com\/en\/prodotto\/dannunzio-volo-su-vienna-volantino-in-italiano-tricolore\/\" \/>\n<meta property=\"og:site_name\" content=\"Thefinitive\" \/>\n<meta property=\"article:publisher\" content=\"https:\/\/business.facebook.com\/Thefinitive-111771813534320\/\" \/>\n<meta property=\"article:modified_time\" content=\"2023-03-20T16:21:43+00:00\" \/>\n<meta property=\"og:image\" content=\"https:\/\/thefinitive.com\/wp-content\/uploads\/2022\/08\/vol1-2-scaled.jpg\" \/>\n\t<meta property=\"og:image:width\" content=\"2560\" \/>\n\t<meta property=\"og:image:height\" content=\"2560\" \/>\n\t<meta property=\"og:image:type\" content=\"image\/jpeg\" \/>\n<meta name=\"twitter:card\" content=\"summary_large_image\" \/>\n<meta name=\"twitter:label1\" content=\"Est. reading time\" \/>\n\t<meta name=\"twitter:data1\" content=\"3 minutes\" \/>\n<script type=\"application\/ld+json\" class=\"yoast-schema-graph\">{\"@context\":\"https:\/\/schema.org\",\"@graph\":[{\"@type\":\"WebPage\",\"@id\":\"https:\/\/thefinitive.com\/en\/prodotto\/dannunzio-volo-su-vienna-volantino-in-italiano-tricolore\/\",\"url\":\"https:\/\/thefinitive.com\/en\/prodotto\/dannunzio-volo-su-vienna-volantino-in-italiano-tricolore\/\",\"name\":\"\u274c\ud83d\ude41D'Annunzio Volo su Vienna Volantino in ITALIANO - tricolore - Thefinitive\",\"isPartOf\":{\"@id\":\"https:\/\/thefinitive.com\/en\/#website\"},\"datePublished\":\"2022-08-06T15:56:27+00:00\",\"dateModified\":\"2023-03-20T16:21:43+00:00\",\"description\":\"Volantino del Volo su Vienna compiuto da d'Annunzio, stampato in italiano - Originale marcato 128 - TRICOLORE - Ugo Ojetti - Flight over Vienna - Fiume\",\"breadcrumb\":{\"@id\":\"https:\/\/thefinitive.com\/en\/prodotto\/dannunzio-volo-su-vienna-volantino-in-italiano-tricolore\/#breadcrumb\"},\"inLanguage\":\"en-US\",\"potentialAction\":[{\"@type\":\"ReadAction\",\"target\":[\"https:\/\/thefinitive.com\/en\/prodotto\/dannunzio-volo-su-vienna-volantino-in-italiano-tricolore\/\"]}]},{\"@type\":\"BreadcrumbList\",\"@id\":\"https:\/\/thefinitive.com\/en\/prodotto\/dannunzio-volo-su-vienna-volantino-in-italiano-tricolore\/#breadcrumb\",\"itemListElement\":[{\"@type\":\"ListItem\",\"position\":1,\"name\":\"Home\",\"item\":\"https:\/\/thefinitive.com\/en\/\"},{\"@type\":\"ListItem\",\"position\":2,\"name\":\"Shop\",\"item\":\"https:\/\/thefinitive.com\/en\/shop-2\/\"},{\"@type\":\"ListItem\",\"position\":3,\"name\":\"\u274c\ud83d\ude41D&#8217;Annunzio Volo su Vienna Volantino in ITALIANO &#8211; tricolore\"}]},{\"@type\":\"WebSite\",\"@id\":\"https:\/\/thefinitive.com\/en\/#website\",\"url\":\"https:\/\/thefinitive.com\/en\/\",\"name\":\"Thefinitive\",\"description\":\"Antiquariato Online\",\"publisher\":{\"@id\":\"https:\/\/thefinitive.com\/en\/#organization\"},\"potentialAction\":[{\"@type\":\"SearchAction\",\"target\":{\"@type\":\"EntryPoint\",\"urlTemplate\":\"https:\/\/thefinitive.com\/en\/?s={search_term_string}\"},\"query-input\":\"required name=search_term_string\"}],\"inLanguage\":\"en-US\"},{\"@type\":\"Organization\",\"@id\":\"https:\/\/thefinitive.com\/en\/#organization\",\"name\":\"Thefinitive\",\"url\":\"https:\/\/thefinitive.com\/en\/\",\"logo\":{\"@type\":\"ImageObject\",\"inLanguage\":\"en-US\",\"@id\":\"https:\/\/thefinitive.com\/en\/#\/schema\/logo\/image\/\",\"url\":\"https:\/\/thefinitive.com\/wp-content\/uploads\/2019\/07\/logo4vett.svg\",\"contentUrl\":\"https:\/\/thefinitive.com\/wp-content\/uploads\/2019\/07\/logo4vett.svg\",\"width\":500,\"height\":100,\"caption\":\"Thefinitive\"},\"image\":{\"@id\":\"https:\/\/thefinitive.com\/en\/#\/schema\/logo\/image\/\"},\"sameAs\":[\"https:\/\/business.facebook.com\/Thefinitive-111771813534320\/\",\"https:\/\/www.instagram.com\/_thefinitive_\/\"]}]}<\/script>\n<!-- \/ Yoast SEO plugin. -->","yoast_head_json":{"title":"\u274c\ud83d\ude41D'Annunzio Volo su Vienna Volantino in ITALIANO - tricolore - Thefinitive","description":"Volantino del Volo su Vienna compiuto da d'Annunzio, stampato in italiano - Originale marcato 128 - TRICOLORE - Ugo Ojetti - Flight over Vienna - Fiume","robots":{"index":"index","follow":"follow","max-snippet":"max-snippet:-1","max-image-preview":"max-image-preview:large","max-video-preview":"max-video-preview:-1"},"canonical":"https:\/\/thefinitive.com\/en\/prodotto\/dannunzio-volo-su-vienna-volantino-in-italiano-tricolore\/","og_locale":"en_US","og_type":"article","og_title":"\u274c\ud83d\ude41D'Annunzio Volo su Vienna Volantino in ITALIANO - tricolore - Thefinitive","og_description":"Volantino del Volo su Vienna compiuto da d'Annunzio, stampato in italiano - Originale marcato 128 - TRICOLORE - Ugo Ojetti - Flight over Vienna - Fiume","og_url":"https:\/\/thefinitive.com\/en\/prodotto\/dannunzio-volo-su-vienna-volantino-in-italiano-tricolore\/","og_site_name":"Thefinitive","article_publisher":"https:\/\/business.facebook.com\/Thefinitive-111771813534320\/","article_modified_time":"2023-03-20T16:21:43+00:00","og_image":[{"width":2560,"height":2560,"url":"https:\/\/thefinitive.com\/wp-content\/uploads\/2022\/08\/vol1-2-scaled.jpg","type":"image\/jpeg"}],"twitter_card":"summary_large_image","twitter_misc":{"Est. reading time":"3 minutes"},"schema":{"@context":"https:\/\/schema.org","@graph":[{"@type":"WebPage","@id":"https:\/\/thefinitive.com\/en\/prodotto\/dannunzio-volo-su-vienna-volantino-in-italiano-tricolore\/","url":"https:\/\/thefinitive.com\/en\/prodotto\/dannunzio-volo-su-vienna-volantino-in-italiano-tricolore\/","name":"\u274c\ud83d\ude41D'Annunzio Volo su Vienna Volantino in ITALIANO - tricolore - Thefinitive","isPartOf":{"@id":"https:\/\/thefinitive.com\/en\/#website"},"datePublished":"2022-08-06T15:56:27+00:00","dateModified":"2023-03-20T16:21:43+00:00","description":"Volantino del Volo su Vienna compiuto da d'Annunzio, stampato in italiano - Originale marcato 128 - TRICOLORE - Ugo Ojetti - Flight over Vienna - Fiume","breadcrumb":{"@id":"https:\/\/thefinitive.com\/en\/prodotto\/dannunzio-volo-su-vienna-volantino-in-italiano-tricolore\/#breadcrumb"},"inLanguage":"en-US","potentialAction":[{"@type":"ReadAction","target":["https:\/\/thefinitive.com\/en\/prodotto\/dannunzio-volo-su-vienna-volantino-in-italiano-tricolore\/"]}]},{"@type":"BreadcrumbList","@id":"https:\/\/thefinitive.com\/en\/prodotto\/dannunzio-volo-su-vienna-volantino-in-italiano-tricolore\/#breadcrumb","itemListElement":[{"@type":"ListItem","position":1,"name":"Home","item":"https:\/\/thefinitive.com\/en\/"},{"@type":"ListItem","position":2,"name":"Shop","item":"https:\/\/thefinitive.com\/en\/shop-2\/"},{"@type":"ListItem","position":3,"name":"\u274c\ud83d\ude41D&#8217;Annunzio Volo su Vienna Volantino in ITALIANO &#8211; tricolore"}]},{"@type":"WebSite","@id":"https:\/\/thefinitive.com\/en\/#website","url":"https:\/\/thefinitive.com\/en\/","name":"Thefinitive","description":"Antiquariato Online","publisher":{"@id":"https:\/\/thefinitive.com\/en\/#organization"},"potentialAction":[{"@type":"SearchAction","target":{"@type":"EntryPoint","urlTemplate":"https:\/\/thefinitive.com\/en\/?s={search_term_string}"},"query-input":"required name=search_term_string"}],"inLanguage":"en-US"},{"@type":"Organization","@id":"https:\/\/thefinitive.com\/en\/#organization","name":"Thefinitive","url":"https:\/\/thefinitive.com\/en\/","logo":{"@type":"ImageObject","inLanguage":"en-US","@id":"https:\/\/thefinitive.com\/en\/#\/schema\/logo\/image\/","url":"https:\/\/thefinitive.com\/wp-content\/uploads\/2019\/07\/logo4vett.svg","contentUrl":"https:\/\/thefinitive.com\/wp-content\/uploads\/2019\/07\/logo4vett.svg","width":500,"height":100,"caption":"Thefinitive"},"image":{"@id":"https:\/\/thefinitive.com\/en\/#\/schema\/logo\/image\/"},"sameAs":["https:\/\/business.facebook.com\/Thefinitive-111771813534320\/","https:\/\/www.instagram.com\/_thefinitive_\/"]}]}},"_links":{"self":[{"href":"https:\/\/thefinitive.com\/en\/wp-json\/wp\/v3\/product\/9713"}],"collection":[{"href":"https:\/\/thefinitive.com\/en\/wp-json\/wp\/v3\/product"}],"about":[{"href":"https:\/\/thefinitive.com\/en\/wp-json\/wp\/v2\/types\/product"}],"replies":[{"embeddable":true,"href":"https:\/\/thefinitive.com\/en\/wp-json\/wp\/v2\/comments?post=9713"}],"version-history":[{"count":1,"href":"https:\/\/thefinitive.com\/en\/wp-json\/wp\/v3\/product\/9713\/revisions"}],"predecessor-version":[{"id":14554,"href":"https:\/\/thefinitive.com\/en\/wp-json\/wp\/v3\/product\/9713\/revisions\/14554"}],"wp:featuredmedia":[{"embeddable":true,"href":"https:\/\/thefinitive.com\/en\/wp-json\/wp\/v2\/media\/9714"}],"wp:attachment":[{"href":"https:\/\/thefinitive.com\/en\/wp-json\/wp\/v2\/media?parent=9713"}],"wp:term":[{"taxonomy":"product_cat","embeddable":true,"href":"https:\/\/thefinitive.com\/en\/wp-json\/wp\/v2\/product_cat?post=9713"},{"taxonomy":"product_tag","embeddable":true,"href":"https:\/\/thefinitive.com\/en\/wp-json\/wp\/v2\/product_tag?post=9713"}],"curies":[{"name":"wp","href":"https:\/\/api.w.org\/{rel}","templated":true}]}}