{"id":9418,"date":"2021-11-12T07:47:32","date_gmt":"2021-11-12T07:47:32","guid":{"rendered":"https:\/\/www.thefinitive.com\/?post_type=product&#038;p=9418"},"modified":"2025-12-02T20:06:17","modified_gmt":"2025-12-02T19:06:17","slug":"pendente-xa-flottiglia-mas-portachiavi-e-cinturino-originale","status":"publish","type":"product","link":"https:\/\/thefinitive.com\/en\/prodotto\/pendente-xa-flottiglia-mas-portachiavi-e-cinturino-originale\/","title":{"rendered":"Pendente X\u00aa Flottiglia MAS con cinturino ORIGINALE"},"content":{"rendered":"<p style=\"padding-left: 40px;\">Pendente in zama (metallo autarchico) per mar\u00f2 della\u00a0 <strong>X\u00aa<\/strong>\u00a0<strong>Flottiglia MAS <\/strong>, originale ed ancora completo del suo cinturino in cuoio con passanti in metallo, per essere appeso all&#8217;asola della tasca pettorale della giacca, oppure al cinturone.<\/p>\n<p>Il pendente della X\u00aa Flottiglia MAS \u00e8 originale del periodo, non una copia reducistica. Realizzato in <em>zama<\/em> o <em>zamak<\/em> , risalente agli inizi del 1944 per essere distribuito ai mar\u00f2, ma anche usato come oggetto promozionale durante le campagne di arruolamento, cos\u00ec come venivano usati i manifestini di propaganda (vedi articolo in vendita sul sito)<\/p>\n<p>Raffigura la prua di un <strong>Motoscafo Armato Silurante<\/strong>, abbreviato dunque <strong>MAS<\/strong>, che solca i mari e impetuosamente agita le acque, ad irrompere e sorprendere il nemico, con a bordo una grande <strong>X<\/strong> rossa, simbolo della &#8220;<em><strong>decima<\/strong><\/em>&#8221; dipinta con vernice a freddo, che conserva ancora la maggior parte della colorazione originale.<\/p>\n<p>Ancora pi\u00f9 interessante \u00e8 la presenza del cinturino in cuoio originale, con i suoi passanti, usato per poterlo infilare nell&#8217;asola della tasca pettorale della giacca da combattimento.<\/p>\n<p>&nbsp;<\/p>\n<p>Per riferimenti bibliografici, vedi anche<\/p>\n<ul>\n<li><em>&#8220;R.S.I. uniformi, distintivi, equipaggiamento e armi 1943-1945&#8221;<\/em> di Guido Rosignoli, pag.103<\/li>\n<li>1\u00b0 volume <em>&#8220;Distintivi e medaglie della R.S.I.&#8221;<\/em> di Fausto Sparacino, pag.51<\/li>\n<\/ul>\n<p>&nbsp;<\/p>\n<p><em>Prodotti correlati : Autografo di <a href=\"https:\/\/www.thefinitive.com\/shop\/fotografia\/personaggi-storici\/rizzo-beffa-di-buccari-foto-autografata\/\" target=\"_blank\" rel=\"noopener\">Luigi Rizzo<\/a> , <a href=\"https:\/\/www.thefinitive.com\/shop\/militaria\/ventennio-fascista-pnf-mvsn\/volantino-giuramento-x-mas-decima-flottiglia\/\" target=\"_blank\" rel=\"noopener\">Volantino X MAS<\/a><\/em><\/p>\n<p>&nbsp;<\/p>\n<p><strong>MATERIALE\u00a0 \u00a0 \u00a0:\u00a0<\/strong> Zama (zamak) o lega di Zinco, vernice a freddo<\/p>\n<p><strong>MISURE\u00a0 \u00a0 \u00a0 \u00a0 \u00a0 \u00a0 \u00a0:<\/strong>\u00a0 mm.31 x 30 il solo pendente<\/p>\n<p><strong>PESO\u00a0 \u00a0 \u00a0 \u00a0 \u00a0 :<\/strong> circa gr.8,5 solo il pendente (circa gr.10,5 con il cinturino)<\/p>\n<p><strong>MARCHIO\u00a0 \u00a0 \u00a0 \u00a0 \u00a0:<\/strong>\u00a0 &#8211;<\/p>\n<p>&nbsp;<\/p>\n<h2 style=\"text-align: left;\">NOTIZIE<\/h2>\n<p>Il\u00a0<a href=\"https:\/\/it.wikipedia.org\/wiki\/Motoscafo_armato_silurante\" target=\"_blank\" rel=\"noopener\"><b>Motoscafo armato silurante<\/b><\/a>\u00a0pi\u00f9 conosciuto con la sigla\u00a0<b>MAS<\/b> era una piccola imbarcazione militare usata come mezzo d&#8217;assalto veloce dalla Regia Marina durante la prima e la seconda guerra mondiale.\u00a0Fondamentalmente si trattava di un motoscafo da 20 &#8211; 30\u00a0tonnellate\u00a0di\u00a0dislocamento\u00a0(a seconda della classe), con una decina di uomini di equipaggio e armamento costituito generalmente da due\u00a0siluri\u00a0e alcune\u00a0bombe di profondit\u00e0\u00a0antisommergibile, oltre a una\u00a0mitragliatrice\u00a0o a un cannoncino.<\/p>\n<h3><span id=\"Nella_prima_guerra_mondiale\" class=\"mw-headline\">Nella prima guerra mondiale<\/span><\/h3>\n<div class=\"thumb tright\">\n<div class=\"thumbinner\">\n<p><a class=\"image\" href=\"https:\/\/it.wikipedia.org\/wiki\/File:MAS_esercitazione.jpg\"><img loading=\"lazy\" decoding=\"async\" class=\"thumbimage\" src=\"https:\/\/upload.wikimedia.org\/wikipedia\/it\/thumb\/8\/8f\/MAS_esercitazione.jpg\/220px-MAS_esercitazione.jpg\" srcset=\"\/\/upload.wikimedia.org\/wikipedia\/it\/thumb\/8\/8f\/MAS_esercitazione.jpg\/330px-MAS_esercitazione.jpg 1.5x, \/\/upload.wikimedia.org\/wikipedia\/it\/thumb\/8\/8f\/MAS_esercitazione.jpg\/440px-MAS_esercitazione.jpg 2x\" alt=\"\" width=\"220\" height=\"165\" data-file-width=\"480\" data-file-height=\"360\" \/><\/a><\/p>\n<div class=\"thumbcaption\">\n<div class=\"magnify\"><\/div>\n<p>MAS del 1918 circa (solcano i mari come nel pendente X\u00aa Flottiglia MAS)<\/p>\n<p>&nbsp;<\/p>\n<p>I MAS, derivati dalla tecnologia dei motoscafi civili con 2 motori a benzina a combustione interna da 500 cavalli l&#8217;uno, compatti e affidabili, ebbero un&#8217;ampia diffusione nella Regia Marina durante la guerra del 1915-18. Montavano motori entro-fuoribordo di concezione automobilistica, di grande potenza ed efficienza, ad iniezione diretta, ovviando in tal modo ai problemi di carburazione del motore dovuti alla scarsa raffinazione del benzene usato come carburante. I primi modelli furono prodotti dalle officine Fraschini e furono successivamente modificati e prodotti dal Cantiere Orlando, di Livorno, da dove uscirono i MAS impiegati da D&#8217;Annunzio.<\/p>\n<\/div>\n<\/div>\n<\/div>\n<p>Alcuni esemplari (ad esempio quello usato da\u00a0D&#8217;Annunzio\u00a0e da\u00a0<a title=\"Luigi Rizzo\" href=\"https:\/\/it.wikipedia.org\/wiki\/Luigi_Rizzo\">Luigi Rizzo<\/a> \u00a0nella <a title=\"Beffa di Buccari\" href=\"https:\/\/it.wikipedia.org\/wiki\/Beffa_di_Buccari\">beffa di Buccari<\/a>, azione di disturbo alla\u00a0flotta austro-ungarica\u00a0ancorata nella baia di\u00a0Buccari), montavano due motori ridondanti, uno a servizio dell&#8217;altro, nell&#8217;ottica d&#8217;incremento puro d&#8217;efficienza e affidabilit\u00e0 del mezzo navale. Lo stesso <a class=\"mw-redirect\" title=\"Gabriele d'Annunzio\" href=\"https:\/\/it.wikipedia.org\/wiki\/Gabriele_d%27Annunzio\">Gabriele d&#8217;Annunzio<\/a>, estimatore dell&#8217;audacia necessaria per operare a bordo di tali mezzi, coni\u00f2 dalla sigla MAS la locuzione latina <em><strong>Memento Audere Semper<\/strong><\/em>.<\/p>\n<p>I MAS potevano essere utilizzati sia come pattugliatori antisommergibile, che come mezzi da attacco insidioso alle navi della flotta austro-ungarica, a seconda degli equipaggiamenti.<\/p>\n<p>&nbsp;<\/p>\n<h2>X MAS<\/h2>\n<p>La\u00a0<b>X\u00aa <\/b><sup id=\"cite_ref-1\" class=\"reference\"><\/sup><b>Flottiglia MAS<\/b>\u00a0(dal 1\u00ba maggio 1944, con l&#8217;unificazione di vari battaglioni, rinominata in\u00a0<b>Divisione fanteria di marina X\u00aa\u00a0<\/b><sup id=\"cite_ref-2\" class=\"reference\"><\/sup>\u00a0anche nota come\u00a0<b>X\u00aa MAS , <\/b>Decima Flottiglia MAS nota per il suo stemma\/scudetto con Teschio) \u00e8 stato un corpo militare indipendente, ufficialmente di fanteria di marina della Marina Nazionale Repubblicana della Repubblica Sociale Italiana, attivo dal 1943 al 1945. La X\u00aa Flottiglia MAS al nord, al comando del capitano di fregata <strong>Junio Valerio Borghese<\/strong>\u00a0in seguito all&#8217;armistizio di Cassibile , strinse accordi di alleanza con il capitano di vascello Berninghaus della\u00a0Marina da guerra germanica.<\/p>\n<p>Durante i due anni che seguirono oper\u00f2 in coordinazione coi reparti\u00a0tedeschi, sia per contrastare l&#8217;avanzata\u00a0alleata\u00a0dopo lo\u00a0sbarco di Anzio\u00a0e sulla\u00a0Linea Gotica\u00a0e nel\u00a0Polesine, sia in operazioni contro la\u00a0resistenza italiana\u00a0con forte determinazione e perdite significative. Attivit\u00e0 durante la quale l&#8217;unit\u00e0 impieg\u00f2 strategie tipiche della controguerriglia e in alcuni episodi si macchi\u00f2 di\u00a0crimini di guerra, e infine nel tentativo di difendere i confini nordorientali dalla controffensiva\u00a0iugoslava, cercando anche di affermare l&#8217;italianit\u00e0 di quelle regioni di fronte alle politiche annessionistiche dell&#8217;occupante tedesco sostenuto da elementi\u00a0collaborazionisti\u00a0serbi,\u00a0croati\u00a0e\u00a0sloveni. Peraltro questi tentativi ostacolati anche dagli stessi tedeschi non ottennero risultati definitivi ed i reparti inviati in\u00a0Friuli\u00a0furono presto fatti trasferire oltre il\u00a0Piave, a\u00a0Thiene, dal\u00a0Gauleiter\u00a0Rainer, deciso a mantenere il controllo totale della regione.<\/p>\n<p>La X\u00aa Divisione MAS si arrese il <strong>26 aprile\u00a01945<\/strong>\u00a0ai rappresentanti del\u00a0Comitato di Liberazione Nazionale\u00a0(<strong>CLN<\/strong>) nella caserma di piazzale Fiume (l&#8217;attuale\u00a0piazza della Repubblica) a\u00a0Milano\u00a0dopo la cerimonia dell&#8217;ammaina bandiera.<\/p>\n<h2><\/h2>\n<h3 style=\"text-align: center;\"><a href=\"https:\/\/www.thefinitive.com\/xa-mas-ovvero-la-decima-x-flottiglia-mas\/\" target=\"_blank\" rel=\"noopener\">Cliccando sul seguente link avrete notizie storiche sull&#8217;argomento in questione &#8230;<\/a><span id=\"L.27armistizio\"><\/span><\/h3>\n<div class=\"thumb tleft\">\n<div class=\"thumbinner\">\n<p><a class=\"image\" href=\"https:\/\/www.thefinitive.com\/xa-mas-ovvero-la-decima-x-flottiglia-mas\/\" target=\"_blank\" rel=\"noopener\"><img loading=\"lazy\" decoding=\"async\" class=\"thumbimage aligncenter\" src=\"https:\/\/upload.wikimedia.org\/wikipedia\/it\/thumb\/8\/8e\/RSI_-_Soldati_della_X_MAS.jpg\/220px-RSI_-_Soldati_della_X_MAS.jpg\" srcset=\"\/\/upload.wikimedia.org\/wikipedia\/it\/thumb\/8\/8e\/RSI_-_Soldati_della_X_MAS.jpg\/330px-RSI_-_Soldati_della_X_MAS.jpg 1.5x, \/\/upload.wikimedia.org\/wikipedia\/it\/thumb\/8\/8e\/RSI_-_Soldati_della_X_MAS.jpg\/440px-RSI_-_Soldati_della_X_MAS.jpg 2x\" alt=\"\" width=\"220\" height=\"154\" data-file-width=\"651\" data-file-height=\"456\" \/><\/a><\/p>\n<p>&nbsp;<\/p>\n<\/div>\n<\/div>\n<table id=\"Accordo_Borghese-Berlinghaus14_settembre_1943\">\n<tbody>\n<tr>\n<th>Accordo Borghese-Berlinghaus<br \/>\n<small>14 settembre 1943<\/small><\/th>\n<\/tr>\n<tr>\n<td>La Spezia, 14-9-1943<\/p>\n<p>1) La X\u00aa Flottiglia M.A.S. \u00e8 un&#8217;unit\u00e0 complessa appartenente alla Marina militare italiana, con completa autonomia nel campo logistico, &#8220;organico&#8221;, della giustizia e disciplinare, amministrativo;<\/p>\n<p>2) \u00c8 alleata delle Forze Armate germaniche con parit\u00e0 di diritti e doveri;<\/p>\n<p>3) Batte bandiera da guerra italiana;<\/p>\n<p>4) \u00c8 riconosciuto a chi ne fa parte il diritto all&#8217;uso di ogni arma;<\/p>\n<p>5) \u00c8 autorizzata a ricuperare e armare, con bandiera ed equipaggi italiani, le unit\u00e0 italiane trovantisi nei porti italiani; il loro impiego operativo dipende dal comando della Marina germanica;<\/p>\n<p>6) Il Comandante Borghese ne \u00e8 il capo riconosciuto, con i diritti e i doveri inerenti a tale incarico.<\/p>\n<dl>\n<dd>Berninghaus<\/dd>\n<dd>Capitano di Vascello<\/dd>\n<\/dl>\n<dl>\n<dd>J. V. Borghese<\/dd>\n<dd>Comandante<\/dd>\n<\/dl>\n<\/td>\n<\/tr>\n<\/tbody>\n<\/table>\n<p>&nbsp;<\/p>\n<p><img decoding=\"async\" class=\"aligncenter\" src=\"https:\/\/upload.wikimedia.org\/wikipedia\/commons\/thumb\/7\/7f\/Borghese.jpg\/170px-Borghese.jpg\" \/>\u00a0 \u00a0 \u00a0 \u00a0<img loading=\"lazy\" decoding=\"async\" class=\"alignnone size-medium wp-image-2407 aligncenter\" src=\"https:\/\/www.thefinitive.com\/wp-content\/uploads\/2019\/08\/Junio_Valerio_Borghese_and_Umberto_Bardelli_April_1944_Nettuno-300x185.jpg\" alt=\"x mas distintivo\" width=\"300\" height=\"185\" srcset=\"https:\/\/thefinitive.com\/wp-content\/uploads\/2019\/08\/Junio_Valerio_Borghese_and_Umberto_Bardelli_April_1944_Nettuno-300x185.jpg 300w, https:\/\/thefinitive.com\/wp-content\/uploads\/2019\/08\/Junio_Valerio_Borghese_and_Umberto_Bardelli_April_1944_Nettuno-1200x740.jpg 1200w, https:\/\/thefinitive.com\/wp-content\/uploads\/2019\/08\/Junio_Valerio_Borghese_and_Umberto_Bardelli_April_1944_Nettuno-64x39.jpg 64w, https:\/\/thefinitive.com\/wp-content\/uploads\/2019\/08\/Junio_Valerio_Borghese_and_Umberto_Bardelli_April_1944_Nettuno-768x473.jpg 768w, https:\/\/thefinitive.com\/wp-content\/uploads\/2019\/08\/Junio_Valerio_Borghese_and_Umberto_Bardelli_April_1944_Nettuno-1024x631.jpg 1024w, https:\/\/thefinitive.com\/wp-content\/uploads\/2019\/08\/Junio_Valerio_Borghese_and_Umberto_Bardelli_April_1944_Nettuno.jpg 1600w\" sizes=\"(max-width: 300px) 100vw, 300px\" \/><\/p>\n<p>&nbsp;<\/p>\n<p><em>Data la vastit\u00e0 dell&#8217;argomento si rimanda a consultazioni personali su <a href=\"https:\/\/it.wikipedia.org\/wiki\/X%C2%AA_Flottiglia_MAS_(Repubblica_Sociale_Italiana)\">Wikipedia<\/a> , usata come fonte per parte di quanto qui descritto.<\/em><\/p>\n<p>&nbsp;<\/p>\n<p>11.21<\/p>\n","protected":false},"excerpt":{"rendered":"<p>Pendente ORIGINALE in zama della\u00a0 <strong>X\u00aa<\/strong>\u00a0<strong>Flottiglia MAS <\/strong>, originale ed ancora completo del suo cinturino in cuoio con passanti in metallo, per essere appeso all&#8217;asola della tasca pettorale della giacca<\/p>\n<p style=\"text-align: center;\">In ottime condizioni, smaltatura a freddo originale, cinturino originale<\/p>\n<p style=\"text-align: center;\">Misure circa mm.31 x 30 (il solo pendente)<\/p>\n<p style=\"text-align: center;\">\n<p style=\"text-align: center;\"><strong><em>(Scorri la pagina in basso per ulteriori dettagli e informazioni)<\/em><\/strong><\/p>\n<p>&nbsp;<\/p>\n<p>&nbsp;<\/p>\n","protected":false},"featured_media":9419,"comment_status":"open","ping_status":"closed","template":"","meta":[],"product_cat":[586,122],"product_tag":[207,281,182,155,225,198,260],"yoast_head":"<!-- This site is optimized with the Yoast SEO plugin v21.9.1 - https:\/\/yoast.com\/wordpress\/plugins\/seo\/ -->\n<title>Pendente X\u00aa Flottiglia MAS con cinturino ORIGINALE - Thefinitive<\/title>\n<meta name=\"description\" content=\"XMAS X\u00aa MAS PENDENTE della Decima Flottiglia - Motoscafo Armato Silurante - Arditi San Marco - RSI Italian Social Republic metal keychain\" \/>\n<meta name=\"robots\" content=\"index, follow, max-snippet:-1, max-image-preview:large, max-video-preview:-1\" \/>\n<link rel=\"canonical\" href=\"https:\/\/thefinitive.com\/en\/prodotto\/pendente-xa-flottiglia-mas-portachiavi-e-cinturino-originale\/\" \/>\n<meta property=\"og:locale\" content=\"en_US\" \/>\n<meta property=\"og:type\" content=\"article\" \/>\n<meta property=\"og:title\" content=\"Pendente X\u00aa Flottiglia MAS con cinturino ORIGINALE - Thefinitive\" \/>\n<meta property=\"og:description\" content=\"XMAS X\u00aa MAS PENDENTE della Decima Flottiglia - Motoscafo Armato Silurante - Arditi San Marco - RSI Italian Social Republic metal keychain\" \/>\n<meta property=\"og:url\" content=\"https:\/\/thefinitive.com\/en\/prodotto\/pendente-xa-flottiglia-mas-portachiavi-e-cinturino-originale\/\" \/>\n<meta property=\"og:site_name\" content=\"Thefinitive\" \/>\n<meta property=\"article:publisher\" content=\"https:\/\/business.facebook.com\/Thefinitive-111771813534320\/\" \/>\n<meta property=\"article:modified_time\" content=\"2025-12-02T19:06:17+00:00\" \/>\n<meta property=\"og:image\" content=\"https:\/\/thefinitive.com\/wp-content\/uploads\/2021\/11\/pend1-2.jpg\" \/>\n\t<meta property=\"og:image:width\" content=\"2160\" \/>\n\t<meta property=\"og:image:height\" content=\"2160\" \/>\n\t<meta property=\"og:image:type\" content=\"image\/jpeg\" \/>\n<meta name=\"twitter:card\" content=\"summary_large_image\" \/>\n<meta name=\"twitter:label1\" content=\"Est. reading time\" \/>\n\t<meta name=\"twitter:data1\" content=\"5 minutes\" \/>\n<script type=\"application\/ld+json\" class=\"yoast-schema-graph\">{\"@context\":\"https:\/\/schema.org\",\"@graph\":[{\"@type\":\"WebPage\",\"@id\":\"https:\/\/thefinitive.com\/en\/prodotto\/pendente-xa-flottiglia-mas-portachiavi-e-cinturino-originale\/\",\"url\":\"https:\/\/thefinitive.com\/en\/prodotto\/pendente-xa-flottiglia-mas-portachiavi-e-cinturino-originale\/\",\"name\":\"Pendente X\u00aa Flottiglia MAS con cinturino ORIGINALE - Thefinitive\",\"isPartOf\":{\"@id\":\"https:\/\/thefinitive.com\/en\/#website\"},\"datePublished\":\"2021-11-12T07:47:32+00:00\",\"dateModified\":\"2025-12-02T19:06:17+00:00\",\"description\":\"XMAS X\u00aa MAS PENDENTE della Decima Flottiglia - Motoscafo Armato Silurante - Arditi San Marco - RSI Italian Social Republic metal keychain\",\"breadcrumb\":{\"@id\":\"https:\/\/thefinitive.com\/en\/prodotto\/pendente-xa-flottiglia-mas-portachiavi-e-cinturino-originale\/#breadcrumb\"},\"inLanguage\":\"en-US\",\"potentialAction\":[{\"@type\":\"ReadAction\",\"target\":[\"https:\/\/thefinitive.com\/en\/prodotto\/pendente-xa-flottiglia-mas-portachiavi-e-cinturino-originale\/\"]}]},{\"@type\":\"BreadcrumbList\",\"@id\":\"https:\/\/thefinitive.com\/en\/prodotto\/pendente-xa-flottiglia-mas-portachiavi-e-cinturino-originale\/#breadcrumb\",\"itemListElement\":[{\"@type\":\"ListItem\",\"position\":1,\"name\":\"Home\",\"item\":\"https:\/\/thefinitive.com\/en\/\"},{\"@type\":\"ListItem\",\"position\":2,\"name\":\"Shop\",\"item\":\"https:\/\/thefinitive.com\/en\/shop-2\/\"},{\"@type\":\"ListItem\",\"position\":3,\"name\":\"Pendente X\u00aa Flottiglia MAS con cinturino ORIGINALE\"}]},{\"@type\":\"WebSite\",\"@id\":\"https:\/\/thefinitive.com\/en\/#website\",\"url\":\"https:\/\/thefinitive.com\/en\/\",\"name\":\"Thefinitive\",\"description\":\"Antiquariato Online\",\"publisher\":{\"@id\":\"https:\/\/thefinitive.com\/en\/#organization\"},\"potentialAction\":[{\"@type\":\"SearchAction\",\"target\":{\"@type\":\"EntryPoint\",\"urlTemplate\":\"https:\/\/thefinitive.com\/en\/?s={search_term_string}\"},\"query-input\":\"required name=search_term_string\"}],\"inLanguage\":\"en-US\"},{\"@type\":\"Organization\",\"@id\":\"https:\/\/thefinitive.com\/en\/#organization\",\"name\":\"Thefinitive\",\"url\":\"https:\/\/thefinitive.com\/en\/\",\"logo\":{\"@type\":\"ImageObject\",\"inLanguage\":\"en-US\",\"@id\":\"https:\/\/thefinitive.com\/en\/#\/schema\/logo\/image\/\",\"url\":\"https:\/\/thefinitive.com\/wp-content\/uploads\/2019\/07\/logo4vett.svg\",\"contentUrl\":\"https:\/\/thefinitive.com\/wp-content\/uploads\/2019\/07\/logo4vett.svg\",\"width\":500,\"height\":100,\"caption\":\"Thefinitive\"},\"image\":{\"@id\":\"https:\/\/thefinitive.com\/en\/#\/schema\/logo\/image\/\"},\"sameAs\":[\"https:\/\/business.facebook.com\/Thefinitive-111771813534320\/\",\"https:\/\/www.instagram.com\/_thefinitive_\/\"]}]}<\/script>\n<!-- \/ Yoast SEO plugin. -->","yoast_head_json":{"title":"Pendente X\u00aa Flottiglia MAS con cinturino ORIGINALE - Thefinitive","description":"XMAS X\u00aa MAS PENDENTE della Decima Flottiglia - Motoscafo Armato Silurante - Arditi San Marco - RSI Italian Social Republic metal keychain","robots":{"index":"index","follow":"follow","max-snippet":"max-snippet:-1","max-image-preview":"max-image-preview:large","max-video-preview":"max-video-preview:-1"},"canonical":"https:\/\/thefinitive.com\/en\/prodotto\/pendente-xa-flottiglia-mas-portachiavi-e-cinturino-originale\/","og_locale":"en_US","og_type":"article","og_title":"Pendente X\u00aa Flottiglia MAS con cinturino ORIGINALE - Thefinitive","og_description":"XMAS X\u00aa MAS PENDENTE della Decima Flottiglia - Motoscafo Armato Silurante - Arditi San Marco - RSI Italian Social Republic metal keychain","og_url":"https:\/\/thefinitive.com\/en\/prodotto\/pendente-xa-flottiglia-mas-portachiavi-e-cinturino-originale\/","og_site_name":"Thefinitive","article_publisher":"https:\/\/business.facebook.com\/Thefinitive-111771813534320\/","article_modified_time":"2025-12-02T19:06:17+00:00","og_image":[{"width":2160,"height":2160,"url":"https:\/\/thefinitive.com\/wp-content\/uploads\/2021\/11\/pend1-2.jpg","type":"image\/jpeg"}],"twitter_card":"summary_large_image","twitter_misc":{"Est. reading time":"5 minutes"},"schema":{"@context":"https:\/\/schema.org","@graph":[{"@type":"WebPage","@id":"https:\/\/thefinitive.com\/en\/prodotto\/pendente-xa-flottiglia-mas-portachiavi-e-cinturino-originale\/","url":"https:\/\/thefinitive.com\/en\/prodotto\/pendente-xa-flottiglia-mas-portachiavi-e-cinturino-originale\/","name":"Pendente X\u00aa Flottiglia MAS con cinturino ORIGINALE - Thefinitive","isPartOf":{"@id":"https:\/\/thefinitive.com\/en\/#website"},"datePublished":"2021-11-12T07:47:32+00:00","dateModified":"2025-12-02T19:06:17+00:00","description":"XMAS X\u00aa MAS PENDENTE della Decima Flottiglia - Motoscafo Armato Silurante - Arditi San Marco - RSI Italian Social Republic metal keychain","breadcrumb":{"@id":"https:\/\/thefinitive.com\/en\/prodotto\/pendente-xa-flottiglia-mas-portachiavi-e-cinturino-originale\/#breadcrumb"},"inLanguage":"en-US","potentialAction":[{"@type":"ReadAction","target":["https:\/\/thefinitive.com\/en\/prodotto\/pendente-xa-flottiglia-mas-portachiavi-e-cinturino-originale\/"]}]},{"@type":"BreadcrumbList","@id":"https:\/\/thefinitive.com\/en\/prodotto\/pendente-xa-flottiglia-mas-portachiavi-e-cinturino-originale\/#breadcrumb","itemListElement":[{"@type":"ListItem","position":1,"name":"Home","item":"https:\/\/thefinitive.com\/en\/"},{"@type":"ListItem","position":2,"name":"Shop","item":"https:\/\/thefinitive.com\/en\/shop-2\/"},{"@type":"ListItem","position":3,"name":"Pendente X\u00aa Flottiglia MAS con cinturino ORIGINALE"}]},{"@type":"WebSite","@id":"https:\/\/thefinitive.com\/en\/#website","url":"https:\/\/thefinitive.com\/en\/","name":"Thefinitive","description":"Antiquariato Online","publisher":{"@id":"https:\/\/thefinitive.com\/en\/#organization"},"potentialAction":[{"@type":"SearchAction","target":{"@type":"EntryPoint","urlTemplate":"https:\/\/thefinitive.com\/en\/?s={search_term_string}"},"query-input":"required name=search_term_string"}],"inLanguage":"en-US"},{"@type":"Organization","@id":"https:\/\/thefinitive.com\/en\/#organization","name":"Thefinitive","url":"https:\/\/thefinitive.com\/en\/","logo":{"@type":"ImageObject","inLanguage":"en-US","@id":"https:\/\/thefinitive.com\/en\/#\/schema\/logo\/image\/","url":"https:\/\/thefinitive.com\/wp-content\/uploads\/2019\/07\/logo4vett.svg","contentUrl":"https:\/\/thefinitive.com\/wp-content\/uploads\/2019\/07\/logo4vett.svg","width":500,"height":100,"caption":"Thefinitive"},"image":{"@id":"https:\/\/thefinitive.com\/en\/#\/schema\/logo\/image\/"},"sameAs":["https:\/\/business.facebook.com\/Thefinitive-111771813534320\/","https:\/\/www.instagram.com\/_thefinitive_\/"]}]}},"_links":{"self":[{"href":"https:\/\/thefinitive.com\/en\/wp-json\/wp\/v3\/product\/9418"}],"collection":[{"href":"https:\/\/thefinitive.com\/en\/wp-json\/wp\/v3\/product"}],"about":[{"href":"https:\/\/thefinitive.com\/en\/wp-json\/wp\/v2\/types\/product"}],"replies":[{"embeddable":true,"href":"https:\/\/thefinitive.com\/en\/wp-json\/wp\/v2\/comments?post=9418"}],"version-history":[{"count":1,"href":"https:\/\/thefinitive.com\/en\/wp-json\/wp\/v3\/product\/9418\/revisions"}],"predecessor-version":[{"id":15427,"href":"https:\/\/thefinitive.com\/en\/wp-json\/wp\/v3\/product\/9418\/revisions\/15427"}],"wp:featuredmedia":[{"embeddable":true,"href":"https:\/\/thefinitive.com\/en\/wp-json\/wp\/v2\/media\/9419"}],"wp:attachment":[{"href":"https:\/\/thefinitive.com\/en\/wp-json\/wp\/v2\/media?parent=9418"}],"wp:term":[{"taxonomy":"product_cat","embeddable":true,"href":"https:\/\/thefinitive.com\/en\/wp-json\/wp\/v2\/product_cat?post=9418"},{"taxonomy":"product_tag","embeddable":true,"href":"https:\/\/thefinitive.com\/en\/wp-json\/wp\/v2\/product_tag?post=9418"}],"curies":[{"name":"wp","href":"https:\/\/api.w.org\/{rel}","templated":true}]}}