{"id":9392,"date":"2021-11-10T21:17:21","date_gmt":"2021-11-10T21:17:21","guid":{"rendered":"https:\/\/www.thefinitive.com\/?post_type=product&#038;p=9392"},"modified":"2024-11-12T14:37:45","modified_gmt":"2024-11-12T13:37:45","slug":"marinetti-caricatura-boetto-futurista-carboncino","status":"publish","type":"product","link":"https:\/\/thefinitive.com\/en\/prodotto\/marinetti-caricatura-boetto-futurista-carboncino\/","title":{"rendered":"MARINETTI caricatura Boetto futurista carboncino"},"content":{"rendered":"<p>Divertente caricatura del poeta futurista Filippo Tommaso Marinetti , disegnata da Giulio Boetto, negli anni &#8217;30.<\/p>\n<p>Originale realizzata a carboncino su carta, ritrae Marinetti con il suo tipico sguardo indagatore, dall&#8217;occhio severo ed attento al particolare che gli si delinea intorno, come a sfuggire, che insegue la dinamicit\u00e0 delle cose che lui stesso tenta di descrivere e declamare con le sue parole in libert\u00e0.<\/p>\n<p>Il ritratto di Marinetti, dal baffo a manubrio rivolto all&#8217;ins\u00f9 e dal papillon aperto ad ali spiegate, anticonformista (ma fino ad essere conformista dal momento che divenne Accademico d&#8217;Italia) critico e severo, che avverte il fruitore della stessa caricatura di stare sempre all&#8217;erta e vigili, soprattutto in quell&#8217;epoca di nuove scoperte e nuovi scenari, anche nefasti, che si sarebbero delineati di l\u00ec a venire.<\/p>\n<p>Il disegno misura circa cm.41 x 33, ed \u00e8 montato all&#8217;interno di un passepartout in cartone bianco.<\/p>\n<p>&nbsp;<\/p>\n<p><strong>MATERIALE\u00a0 \u00a0 \u00a0:\u00a0 <\/strong>Carboncino su carta<\/p>\n<p><strong>MISURE disegno :<\/strong>\u00a0 circa cm. 41 x 33<\/p>\n<p><strong>MARCHIO\u00a0 \u00a0 \u00a0 \u00a0 \u00a0:<\/strong>\u00a0 G.Boetto<\/p>\n<p>&nbsp;<\/p>\n<h2 style=\"text-align: left;\">NOTIZIE<\/h2>\n<p>&nbsp;<\/p>\n<h3 style=\"text-align: center;\"><a href=\"https:\/\/www.thefinitive.com\/marinetti-il-futurismo-la-guerra-ftm\/\" target=\"_blank\" rel=\"noopener\"><strong>Cliccando sul link avrete accesso ad informazioni sull&#8217;argomento trattato in questa vendita<\/strong><\/a><\/h3>\n<p><a href=\"https:\/\/www.thefinitive.com\/marinetti-il-futurismo-la-guerra-ftm\/\" target=\"_blank\" rel=\"noopener\"><img loading=\"lazy\" decoding=\"async\" class=\"size-full wp-image-9390 aligncenter\" src=\"https:\/\/www.thefinitive.com\/wp-content\/uploads\/2021\/11\/Marinetti2.jpg\" alt=\"\" width=\"180\" height=\"266\" srcset=\"https:\/\/thefinitive.com\/wp-content\/uploads\/2021\/11\/Marinetti2.jpg 180w, https:\/\/thefinitive.com\/wp-content\/uploads\/2021\/11\/Marinetti2-64x95.jpg 64w\" sizes=\"(max-width: 180px) 100vw, 180px\" \/><\/a><\/p>\n<p>&nbsp;<\/p>\n<h2><\/h2>\n<h2>GIULIO BOETTO<\/h2>\n<p><strong>Giulio Boetto<\/strong> nasce il 13 febbraio 1894 a Torino. Frequent\u00f2 l\u2019Accademia Albertina di Torino ed esord\u00ec nel 1919 alla Quadriennale Torinese. Dipinse soprattutto nel saluzzese con soggetti di tradizione paesistica (scene di paese, piazze affollate e scene di vita campestre).<\/p>\n<p>Espose a Milano, Venezia, Firenze, Napoli, Genova e alle Internazionali di Londra e Barcellona.<\/p>\n<p>Nel 1914 Boetto ricevette il premio per l\u2019<strong>Esposizione Internazionale<\/strong> di <strong>Umorismo e Caricature <\/strong>(ecco il filone che d\u00e0 luogo al disegno a caricatura di Marinetti futurista)<\/p>\n<p>Nel 1922 ottenne il lascito Raymond con l\u2019opera\u00a0<em>Domenica mattina<\/em>. Nel 1923 ricevette dal C.A.I. la medaglia d\u2019oro per l\u2019opera\u00a0<em>Mattino a Sauce d\u2019Oulx<\/em>. Nel 1927 partecip\u00f2 con tre opere all\u2019Esposizione Biellese. Nel 1963 la galleria Fogliato di Torino gli dedic\u00f2 una personale. La citt\u00e0 di Saluzzo gli dedic\u00f2 varie mostre e a Torino gli venne dedicata una retrospettiva al Circolo degli Artisti nel 1997.<\/p>\n<p>Sue opere sono presenti alla Galleria d\u2019Arte Moderna di Torino, nel Museo Civico di Saluzzo.<\/p>\n<p>Muore a Torino il 6 aprile 1967.<\/p>\n<p>&nbsp;<\/p>\n<p>Fonti\u00a0 \u00a0<a href=\"https:\/\/it.wikipedia.org\/wiki\/Filippo_Tommaso_Marinetti\" target=\"_blank\" rel=\"noopener\">Wikipedia<\/a><\/p>\n<p>&nbsp;<\/p>\n<p>11.21<\/p>\n","protected":false},"excerpt":{"rendered":"<p style=\"text-align: center;\">Divertente caricatura del poeta futurista <strong>Filippo Tommaso Marinetti<\/strong> , disegnata a carboncino da <strong>Giulio Boetto<\/strong>, negli anni &#8217;30<\/p>\n<p style=\"text-align: center;\">Il disegno misura circa cm.41 x 33, ed \u00e8 montato all&#8217;interno di un passepartout in cartone bianco. Il tutto in ottime condizioni<\/p>\n<p style=\"text-align: center;\">Con certificato di originalit\u00e0<\/p>\n<p>&nbsp;<\/p>\n<p style=\"text-align: center;\"><strong><em>(Scorri la pagina in basso per ulteriori dettagli e informazioni)<\/em><\/strong><\/p>\n<p>&nbsp;<\/p>\n<p>&nbsp;<\/p>\n","protected":false},"featured_media":9393,"comment_status":"open","ping_status":"closed","template":"","meta":[],"product_cat":[150,105,106,109],"product_tag":[469,191,418,282,664,192],"yoast_head":"<!-- This site is optimized with the Yoast SEO plugin v21.9.1 - https:\/\/yoast.com\/wordpress\/plugins\/seo\/ -->\n<title>MARINETTI caricatura Boetto futurista carboncino - Thefinitive<\/title>\n<meta name=\"description\" content=\"Divertente caricatura futurista di Filippo Tommaso Marinetti realizzata da Giulio Boetto - carboncino - originale Futurismo PAROLE IN LIBERTA&#039;\" \/>\n<meta name=\"robots\" content=\"index, follow, max-snippet:-1, max-image-preview:large, max-video-preview:-1\" \/>\n<link rel=\"canonical\" href=\"https:\/\/thefinitive.com\/en\/prodotto\/marinetti-caricatura-boetto-futurista-carboncino\/\" \/>\n<meta property=\"og:locale\" content=\"en_US\" \/>\n<meta property=\"og:type\" content=\"article\" \/>\n<meta property=\"og:title\" content=\"MARINETTI caricatura Boetto futurista carboncino - Thefinitive\" \/>\n<meta property=\"og:description\" content=\"Divertente caricatura futurista di Filippo Tommaso Marinetti realizzata da Giulio Boetto - carboncino - originale Futurismo PAROLE IN LIBERTA&#039;\" \/>\n<meta property=\"og:url\" content=\"https:\/\/thefinitive.com\/en\/prodotto\/marinetti-caricatura-boetto-futurista-carboncino\/\" \/>\n<meta property=\"og:site_name\" content=\"Thefinitive\" \/>\n<meta property=\"article:publisher\" content=\"https:\/\/business.facebook.com\/Thefinitive-111771813534320\/\" \/>\n<meta property=\"article:modified_time\" content=\"2024-11-12T13:37:45+00:00\" \/>\n<meta property=\"og:image\" content=\"https:\/\/thefinitive.com\/wp-content\/uploads\/2021\/11\/boe1-2-scaled.jpg\" \/>\n\t<meta property=\"og:image:width\" content=\"1440\" \/>\n\t<meta property=\"og:image:height\" content=\"2560\" \/>\n\t<meta property=\"og:image:type\" content=\"image\/jpeg\" \/>\n<meta name=\"twitter:card\" content=\"summary_large_image\" \/>\n<meta name=\"twitter:label1\" content=\"Est. reading time\" \/>\n\t<meta name=\"twitter:data1\" content=\"2 minutes\" \/>\n<script type=\"application\/ld+json\" class=\"yoast-schema-graph\">{\"@context\":\"https:\/\/schema.org\",\"@graph\":[{\"@type\":\"WebPage\",\"@id\":\"https:\/\/thefinitive.com\/en\/prodotto\/marinetti-caricatura-boetto-futurista-carboncino\/\",\"url\":\"https:\/\/thefinitive.com\/en\/prodotto\/marinetti-caricatura-boetto-futurista-carboncino\/\",\"name\":\"MARINETTI caricatura Boetto futurista carboncino - Thefinitive\",\"isPartOf\":{\"@id\":\"https:\/\/thefinitive.com\/en\/#website\"},\"datePublished\":\"2021-11-10T21:17:21+00:00\",\"dateModified\":\"2024-11-12T13:37:45+00:00\",\"description\":\"Divertente caricatura futurista di Filippo Tommaso Marinetti realizzata da Giulio Boetto - carboncino - originale Futurismo PAROLE IN LIBERTA'\",\"breadcrumb\":{\"@id\":\"https:\/\/thefinitive.com\/en\/prodotto\/marinetti-caricatura-boetto-futurista-carboncino\/#breadcrumb\"},\"inLanguage\":\"en-US\",\"potentialAction\":[{\"@type\":\"ReadAction\",\"target\":[\"https:\/\/thefinitive.com\/en\/prodotto\/marinetti-caricatura-boetto-futurista-carboncino\/\"]}]},{\"@type\":\"BreadcrumbList\",\"@id\":\"https:\/\/thefinitive.com\/en\/prodotto\/marinetti-caricatura-boetto-futurista-carboncino\/#breadcrumb\",\"itemListElement\":[{\"@type\":\"ListItem\",\"position\":1,\"name\":\"Home\",\"item\":\"https:\/\/thefinitive.com\/en\/\"},{\"@type\":\"ListItem\",\"position\":2,\"name\":\"Shop\",\"item\":\"https:\/\/thefinitive.com\/en\/shop-2\/\"},{\"@type\":\"ListItem\",\"position\":3,\"name\":\"MARINETTI caricatura Boetto futurista carboncino\"}]},{\"@type\":\"WebSite\",\"@id\":\"https:\/\/thefinitive.com\/en\/#website\",\"url\":\"https:\/\/thefinitive.com\/en\/\",\"name\":\"Thefinitive\",\"description\":\"Antiquariato Online\",\"publisher\":{\"@id\":\"https:\/\/thefinitive.com\/en\/#organization\"},\"potentialAction\":[{\"@type\":\"SearchAction\",\"target\":{\"@type\":\"EntryPoint\",\"urlTemplate\":\"https:\/\/thefinitive.com\/en\/?s={search_term_string}\"},\"query-input\":\"required name=search_term_string\"}],\"inLanguage\":\"en-US\"},{\"@type\":\"Organization\",\"@id\":\"https:\/\/thefinitive.com\/en\/#organization\",\"name\":\"Thefinitive\",\"url\":\"https:\/\/thefinitive.com\/en\/\",\"logo\":{\"@type\":\"ImageObject\",\"inLanguage\":\"en-US\",\"@id\":\"https:\/\/thefinitive.com\/en\/#\/schema\/logo\/image\/\",\"url\":\"https:\/\/thefinitive.com\/wp-content\/uploads\/2019\/07\/logo4vett.svg\",\"contentUrl\":\"https:\/\/thefinitive.com\/wp-content\/uploads\/2019\/07\/logo4vett.svg\",\"width\":500,\"height\":100,\"caption\":\"Thefinitive\"},\"image\":{\"@id\":\"https:\/\/thefinitive.com\/en\/#\/schema\/logo\/image\/\"},\"sameAs\":[\"https:\/\/business.facebook.com\/Thefinitive-111771813534320\/\",\"https:\/\/www.instagram.com\/_thefinitive_\/\"]}]}<\/script>\n<!-- \/ Yoast SEO plugin. -->","yoast_head_json":{"title":"MARINETTI caricatura Boetto futurista carboncino - Thefinitive","description":"Divertente caricatura futurista di Filippo Tommaso Marinetti realizzata da Giulio Boetto - carboncino - originale Futurismo PAROLE IN LIBERTA'","robots":{"index":"index","follow":"follow","max-snippet":"max-snippet:-1","max-image-preview":"max-image-preview:large","max-video-preview":"max-video-preview:-1"},"canonical":"https:\/\/thefinitive.com\/en\/prodotto\/marinetti-caricatura-boetto-futurista-carboncino\/","og_locale":"en_US","og_type":"article","og_title":"MARINETTI caricatura Boetto futurista carboncino - Thefinitive","og_description":"Divertente caricatura futurista di Filippo Tommaso Marinetti realizzata da Giulio Boetto - carboncino - originale Futurismo PAROLE IN LIBERTA'","og_url":"https:\/\/thefinitive.com\/en\/prodotto\/marinetti-caricatura-boetto-futurista-carboncino\/","og_site_name":"Thefinitive","article_publisher":"https:\/\/business.facebook.com\/Thefinitive-111771813534320\/","article_modified_time":"2024-11-12T13:37:45+00:00","og_image":[{"width":1440,"height":2560,"url":"https:\/\/thefinitive.com\/wp-content\/uploads\/2021\/11\/boe1-2-scaled.jpg","type":"image\/jpeg"}],"twitter_card":"summary_large_image","twitter_misc":{"Est. reading time":"2 minutes"},"schema":{"@context":"https:\/\/schema.org","@graph":[{"@type":"WebPage","@id":"https:\/\/thefinitive.com\/en\/prodotto\/marinetti-caricatura-boetto-futurista-carboncino\/","url":"https:\/\/thefinitive.com\/en\/prodotto\/marinetti-caricatura-boetto-futurista-carboncino\/","name":"MARINETTI caricatura Boetto futurista carboncino - Thefinitive","isPartOf":{"@id":"https:\/\/thefinitive.com\/en\/#website"},"datePublished":"2021-11-10T21:17:21+00:00","dateModified":"2024-11-12T13:37:45+00:00","description":"Divertente caricatura futurista di Filippo Tommaso Marinetti realizzata da Giulio Boetto - carboncino - originale Futurismo PAROLE IN LIBERTA'","breadcrumb":{"@id":"https:\/\/thefinitive.com\/en\/prodotto\/marinetti-caricatura-boetto-futurista-carboncino\/#breadcrumb"},"inLanguage":"en-US","potentialAction":[{"@type":"ReadAction","target":["https:\/\/thefinitive.com\/en\/prodotto\/marinetti-caricatura-boetto-futurista-carboncino\/"]}]},{"@type":"BreadcrumbList","@id":"https:\/\/thefinitive.com\/en\/prodotto\/marinetti-caricatura-boetto-futurista-carboncino\/#breadcrumb","itemListElement":[{"@type":"ListItem","position":1,"name":"Home","item":"https:\/\/thefinitive.com\/en\/"},{"@type":"ListItem","position":2,"name":"Shop","item":"https:\/\/thefinitive.com\/en\/shop-2\/"},{"@type":"ListItem","position":3,"name":"MARINETTI caricatura Boetto futurista carboncino"}]},{"@type":"WebSite","@id":"https:\/\/thefinitive.com\/en\/#website","url":"https:\/\/thefinitive.com\/en\/","name":"Thefinitive","description":"Antiquariato Online","publisher":{"@id":"https:\/\/thefinitive.com\/en\/#organization"},"potentialAction":[{"@type":"SearchAction","target":{"@type":"EntryPoint","urlTemplate":"https:\/\/thefinitive.com\/en\/?s={search_term_string}"},"query-input":"required name=search_term_string"}],"inLanguage":"en-US"},{"@type":"Organization","@id":"https:\/\/thefinitive.com\/en\/#organization","name":"Thefinitive","url":"https:\/\/thefinitive.com\/en\/","logo":{"@type":"ImageObject","inLanguage":"en-US","@id":"https:\/\/thefinitive.com\/en\/#\/schema\/logo\/image\/","url":"https:\/\/thefinitive.com\/wp-content\/uploads\/2019\/07\/logo4vett.svg","contentUrl":"https:\/\/thefinitive.com\/wp-content\/uploads\/2019\/07\/logo4vett.svg","width":500,"height":100,"caption":"Thefinitive"},"image":{"@id":"https:\/\/thefinitive.com\/en\/#\/schema\/logo\/image\/"},"sameAs":["https:\/\/business.facebook.com\/Thefinitive-111771813534320\/","https:\/\/www.instagram.com\/_thefinitive_\/"]}]}},"_links":{"self":[{"href":"https:\/\/thefinitive.com\/en\/wp-json\/wp\/v3\/product\/9392"}],"collection":[{"href":"https:\/\/thefinitive.com\/en\/wp-json\/wp\/v3\/product"}],"about":[{"href":"https:\/\/thefinitive.com\/en\/wp-json\/wp\/v2\/types\/product"}],"replies":[{"embeddable":true,"href":"https:\/\/thefinitive.com\/en\/wp-json\/wp\/v2\/comments?post=9392"}],"version-history":[{"count":1,"href":"https:\/\/thefinitive.com\/en\/wp-json\/wp\/v3\/product\/9392\/revisions"}],"predecessor-version":[{"id":15482,"href":"https:\/\/thefinitive.com\/en\/wp-json\/wp\/v3\/product\/9392\/revisions\/15482"}],"wp:featuredmedia":[{"embeddable":true,"href":"https:\/\/thefinitive.com\/en\/wp-json\/wp\/v2\/media\/9393"}],"wp:attachment":[{"href":"https:\/\/thefinitive.com\/en\/wp-json\/wp\/v2\/media?parent=9392"}],"wp:term":[{"taxonomy":"product_cat","embeddable":true,"href":"https:\/\/thefinitive.com\/en\/wp-json\/wp\/v2\/product_cat?post=9392"},{"taxonomy":"product_tag","embeddable":true,"href":"https:\/\/thefinitive.com\/en\/wp-json\/wp\/v2\/product_tag?post=9392"}],"curies":[{"name":"wp","href":"https:\/\/api.w.org\/{rel}","templated":true}]}}