{"id":9252,"date":"2021-11-06T08:27:18","date_gmt":"2021-11-06T08:27:18","guid":{"rendered":"https:\/\/www.thefinitive.com\/?post_type=product&#038;p=9252"},"modified":"2023-03-20T17:22:02","modified_gmt":"2023-03-20T16:22:02","slug":"giuseppe-garibaldi-busto-marmo-scultura-1866-1870","status":"publish","type":"product","link":"https:\/\/thefinitive.com\/en\/prodotto\/giuseppe-garibaldi-busto-marmo-scultura-1866-1870\/","title":{"rendered":"\u274c\ud83d\ude41Giuseppe Garibaldi Busto Marmo scultura 1859-1870"},"content":{"rendered":"<p>Busto in marmo di <strong>Giuseppe Garibaldi<\/strong>, scultura originale realizzata presumibilmente nel periodo <strong>1859-1870<\/strong>, non firmata.<\/p>\n<p>Di pregevole fattura, somiglianza perfetta, dettagli accurati come si pu\u00f2 vedere nella realizzazione della barba, dei capelli, degli stessi ricami sul berretto che era uso calzare. In questo busto il generale \u00e8 ritratto con indosso un cappotto a doppio petto, simile a quello che vediamo nella seguente fotografia, che lo ritrae ai tempi della Guerra d&#8217;Indipendenza del 1859 al comando dei <strong>Cacciatori delle Alpi<\/strong><\/p>\n<p><img loading=\"lazy\" decoding=\"async\" class=\"alignnone wp-image-9253\" src=\"https:\/\/www.thefinitive.com\/wp-content\/uploads\/2021\/11\/garib.jpg\" alt=\"\" width=\"349\" height=\"390\" srcset=\"https:\/\/thefinitive.com\/wp-content\/uploads\/2021\/11\/garib.jpg 288w, https:\/\/thefinitive.com\/wp-content\/uploads\/2021\/11\/garib-64x72.jpg 64w, https:\/\/thefinitive.com\/wp-content\/uploads\/2021\/11\/garib-268x300.jpg 268w\" sizes=\"(max-width: 349px) 100vw, 349px\" \/> <img loading=\"lazy\" decoding=\"async\" class=\"alignnone wp-image-9257\" src=\"https:\/\/www.thefinitive.com\/wp-content\/uploads\/2021\/11\/gari4-2.jpg\" alt=\"\" width=\"392\" height=\"393\" srcset=\"https:\/\/thefinitive.com\/wp-content\/uploads\/2021\/11\/gari4-2.jpg 2160w, https:\/\/thefinitive.com\/wp-content\/uploads\/2021\/11\/gari4-2-600x600.jpg 600w, https:\/\/thefinitive.com\/wp-content\/uploads\/2021\/11\/gari4-2-100x100.jpg 100w, https:\/\/thefinitive.com\/wp-content\/uploads\/2021\/11\/gari4-2-1200x1200.jpg 1200w, https:\/\/thefinitive.com\/wp-content\/uploads\/2021\/11\/gari4-2-64x64.jpg 64w, https:\/\/thefinitive.com\/wp-content\/uploads\/2021\/11\/gari4-2-300x300.jpg 300w, https:\/\/thefinitive.com\/wp-content\/uploads\/2021\/11\/gari4-2-1024x1024.jpg 1024w, https:\/\/thefinitive.com\/wp-content\/uploads\/2021\/11\/gari4-2-150x150.jpg 150w, https:\/\/thefinitive.com\/wp-content\/uploads\/2021\/11\/gari4-2-768x768.jpg 768w, https:\/\/thefinitive.com\/wp-content\/uploads\/2021\/11\/gari4-2-1536x1536.jpg 1536w, https:\/\/thefinitive.com\/wp-content\/uploads\/2021\/11\/gari4-2-2048x2048.jpg 2048w, https:\/\/thefinitive.com\/wp-content\/uploads\/2021\/11\/gari4-2-45x45.jpg 45w\" sizes=\"(max-width: 392px) 100vw, 392px\" \/><\/p>\n<p>Come si pu\u00f2 notare, \u00e8 anche simile nell&#8217;abbigliamento al ritratto in marmo realizzato da <strong>Pietro Bordini<\/strong>, e che faceva parte della collezione <strong>Craxi<\/strong> venduta tempo fa da una casa d&#8217;aste italiana, di cui riportiamo la fotografia come pubblicata sul loro catalogo (fonti redazionali <a href=\"https:\/\/torino.repubblica.it\/cronaca\/2015\/11\/05\/foto\/venduta_a_70mila_euro_la_collezione_garibaldina_di_craxi-126705436\/1\/\" target=\"_blank\" rel=\"noopener\"><em>La Repubblica<\/em><\/a> )<\/p>\n<p><a href=\"https:\/\/torino.repubblica.it\/cronaca\/2015\/11\/05\/foto\/venduta_a_70mila_euro_la_collezione_garibaldina_di_craxi-126705436\/1\/\" target=\"_blank\" rel=\"noopener\"><img loading=\"lazy\" decoding=\"async\" class=\"aligncenter\" src=\"https:\/\/www.gelestatic.it\/thimg\/N0PoPjy6D3JBb9LTU_RBxOzTVag=\/1280x0\/smart\/filters:format(webp)\/https:\/\/www.repstatic.it\/content\/localirep\/img\/rep-torino\/2015\/11\/05\/175243259-33276881-369f-4fc9-9573-d39f150b8266.jpg\" width=\"267\" height=\"400\" \/><\/a><\/p>\n<p>Il busto in marmo di Giuseppe Garibaldi proposto in questo articolo, oltre ad essere stato eseguito con raffinata maestria, ha il pregio di avere delle misure particolarmente interessanti, per cos\u00ec dire &#8220;furbe&#8221;, parliamo di circa cm.35 x 30 x 20\u00a0 che lo rendono posizionabile in ambienti domestici piccoli, o su colonne in marmo dalle dimensioni ridotte e non necessariamente ingombranti.\u00a0 Alla base notiamo un foro che serve per poter fissare il busto ad un perno metallico solidale al piano d&#8217;appoggio sul quale volerlo alloggiare.<\/p>\n<p>Il busto dell&#8217; <strong>Eroe dei Due Mondi<\/strong> che proponiamo \u00e8 assolutamente <strong>originale<\/strong>, e del periodo in cui viene ritratto, 1859-1870 . In ottime condizioni, non ci sono rotture o danni da segnalare, con bella patina del tempo. Si notano delle tracce di sporco o di colorazione posticcia su una porzione del collo, che pu\u00f2 essere rimossa e che non \u00e8 stata preventivamente eseguita per non togliere tutta l&#8217;originalit\u00e0 del tempo che il busto attualmente possiede.<\/p>\n<p>Si rilascia certificato di originalit\u00e0 come per tutti gli oggetti presentati nel sito<em><strong> www.thefinitive.com<\/strong><\/em><\/p>\n<p>&nbsp;<\/p>\n<h2><\/h2>\n<h2>NOTIZIE<\/h2>\n<p><b>Giuseppe Maria Garibaldi<\/b>\u00a0(Nizza,\u00a04 luglio\u00a01807\u00a0\u2013\u00a0La Maddalena,\u00a02 giugno\u00a01882) \u00e8 stato un\u00a0generale,\u00a0patriota,\u00a0condottiero\u00a0e\u00a0scrittore\u00a0italiano. Figura rilevante del\u00a0Risorgimento, fu uno dei personaggi storici pi\u00f9 celebrati della sua epoca. \u00c8 noto anche con l&#8217;appellativo di \u00aberoe dei due mondi\u00bb per le imprese militari compiute sia in\u00a0Europa, sia in\u00a0America Meridionale.<\/p>\n<p>Considerato dalla\u00a0storiografia\u00a0e nella\u00a0cultura popolare\u00a0del\u00a0XX secolo\u00a0il principale\u00a0eroe nazionale italiano,\u00a0inizi\u00f2 i suoi spostamenti per il mondo come\u00a0ufficiale\u00a0di\u00a0navi mercantili, per poi diventare capitano di lungo corso. La sua impresa pi\u00f9 nota fu la vittoriosa\u00a0spedizione dei Mille, che port\u00f2 all&#8217;annessione del\u00a0Regno delle Due Sicilie\u00a0al nascente\u00a0Regno d&#8217;Italia, episodio centrale nel processo di unificazione della nuova nazione.\u00a0Massone\u00a0di 33\u00ba grado del\u00a0Rito scozzese antico ed accettato, favorevole all&#8217;ingresso delle donne in massoneria (tanto da iniziare sua figlia Teresita), ricopr\u00ec anche brevemente la carica di\u00a0Gran Maestro\u00a0del\u00a0Grande Oriente d&#8217;Italia; dichiaratamente\u00a0anticlericale, fu autore di numerosi scritti, prevalentemente di\u00a0memorialistica\u00a0e\u00a0politica, ma pubblic\u00f2 anche\u00a0romanzi\u00a0e\u00a0poesie.<\/p>\n<p>&nbsp;<\/p>\n<p style=\"text-align: center;\"><a href=\"https:\/\/www.thefinitive.com\/giuseppe-garibaldi-i-mille-il-risorgimento-italiano\/\" target=\"_blank\" rel=\"noopener\"><strong>Cliccando sul seguente link avrete accesso a notizie sull&#8217;argomento in oggetto<\/strong><\/a><\/p>\n<p><a href=\"https:\/\/www.thefinitive.com\/giuseppe-garibaldi-i-mille-il-risorgimento-italiano\/\" target=\"_blank\" rel=\"noopener\"><img loading=\"lazy\" decoding=\"async\" class=\"aligncenter wp-image-8291 size-full\" src=\"https:\/\/www.thefinitive.com\/wp-content\/uploads\/2021\/03\/231px-Giuseppe_Garibaldi_1866.jpg\" alt=\"\" width=\"231\" height=\"300\" srcset=\"https:\/\/thefinitive.com\/wp-content\/uploads\/2021\/03\/231px-Giuseppe_Garibaldi_1866.jpg 231w, https:\/\/thefinitive.com\/wp-content\/uploads\/2021\/03\/231px-Giuseppe_Garibaldi_1866-64x83.jpg 64w\" sizes=\"(max-width: 231px) 100vw, 231px\" \/><\/a><\/p>\n<p>&nbsp;<\/p>\n<p>Fonti <a href=\"https:\/\/it.wikipedia.org\/wiki\/Giuseppe_Garibaldi\">Wikipedia<\/a><\/p>\n<p>&nbsp;<\/p>\n<p>11.21<\/p>\n","protected":false},"excerpt":{"rendered":"<p style=\"text-align: center;\">Pregevole busto in marmo di <strong>Giuseppe Garibaldi<\/strong>, scultura <strong>originale<\/strong> del periodo <strong>1859-1870<\/strong>, non firmata<\/p>\n<p style=\"text-align: center;\">Si rilascia certificato di originalit\u00e0<\/p>\n<p style=\"text-align: center;\"><strong>P.A.R. Prezzo A Richiesta\u00a0 \u00a0&#8211;\u00a0 \u00a0P.O.D.\u00a0 Price On Demand<\/strong><\/p>\n<p style=\"text-align: center;\"><strong><em>(Scorri la pagina in basso per ulteriori dettagli e informazioni)<\/em><\/strong><\/p>\n","protected":false},"featured_media":9473,"comment_status":"open","ping_status":"closed","template":"","meta":[],"product_cat":[586],"product_tag":[423,723,274,422,420,421,424,275],"yoast_head":"<!-- This site is optimized with the Yoast SEO plugin v21.9.1 - https:\/\/yoast.com\/wordpress\/plugins\/seo\/ -->\n<title>\u274c\ud83d\ude41Giuseppe Garibaldi Busto Marmo scultura 1859-1870 Thefinitive<\/title>\n<meta name=\"description\" content=\"Busto in marmo originale di Giuseppe Garibaldi 1859 1870 spedizione dei Mille - Masonry Freemason Massoneria Original Garibaldi&#039;s marble bust\" \/>\n<meta name=\"robots\" content=\"index, follow, max-snippet:-1, max-image-preview:large, max-video-preview:-1\" \/>\n<link rel=\"canonical\" href=\"https:\/\/thefinitive.com\/en\/prodotto\/giuseppe-garibaldi-busto-marmo-scultura-1866-1870\/\" \/>\n<meta property=\"og:locale\" content=\"en_US\" \/>\n<meta property=\"og:type\" content=\"article\" \/>\n<meta property=\"og:title\" content=\"\u274c\ud83d\ude41Giuseppe Garibaldi Busto Marmo scultura 1859-1870 Thefinitive\" \/>\n<meta property=\"og:description\" content=\"Busto in marmo originale di Giuseppe Garibaldi 1859 1870 spedizione dei Mille - Masonry Freemason Massoneria Original Garibaldi&#039;s marble bust\" \/>\n<meta property=\"og:url\" content=\"https:\/\/thefinitive.com\/en\/prodotto\/giuseppe-garibaldi-busto-marmo-scultura-1866-1870\/\" \/>\n<meta property=\"og:site_name\" content=\"Thefinitive\" \/>\n<meta property=\"article:publisher\" content=\"https:\/\/business.facebook.com\/Thefinitive-111771813534320\/\" \/>\n<meta property=\"article:modified_time\" content=\"2023-03-20T16:22:02+00:00\" \/>\n<meta property=\"og:image\" content=\"https:\/\/thefinitive.com\/wp-content\/uploads\/2021\/11\/gari1-2-1.jpg\" \/>\n\t<meta property=\"og:image:width\" content=\"2160\" \/>\n\t<meta property=\"og:image:height\" content=\"2160\" \/>\n\t<meta property=\"og:image:type\" content=\"image\/jpeg\" \/>\n<meta name=\"twitter:card\" content=\"summary_large_image\" \/>\n<meta name=\"twitter:label1\" content=\"Est. reading time\" \/>\n\t<meta name=\"twitter:data1\" content=\"3 minutes\" \/>\n<script type=\"application\/ld+json\" class=\"yoast-schema-graph\">{\"@context\":\"https:\/\/schema.org\",\"@graph\":[{\"@type\":\"WebPage\",\"@id\":\"https:\/\/thefinitive.com\/en\/prodotto\/giuseppe-garibaldi-busto-marmo-scultura-1866-1870\/\",\"url\":\"https:\/\/thefinitive.com\/en\/prodotto\/giuseppe-garibaldi-busto-marmo-scultura-1866-1870\/\",\"name\":\"\u274c\ud83d\ude41Giuseppe Garibaldi Busto Marmo scultura 1859-1870 Thefinitive\",\"isPartOf\":{\"@id\":\"https:\/\/thefinitive.com\/en\/#website\"},\"datePublished\":\"2021-11-06T08:27:18+00:00\",\"dateModified\":\"2023-03-20T16:22:02+00:00\",\"description\":\"Busto in marmo originale di Giuseppe Garibaldi 1859 1870 spedizione dei Mille - Masonry Freemason Massoneria Original Garibaldi's marble bust\",\"breadcrumb\":{\"@id\":\"https:\/\/thefinitive.com\/en\/prodotto\/giuseppe-garibaldi-busto-marmo-scultura-1866-1870\/#breadcrumb\"},\"inLanguage\":\"en-US\",\"potentialAction\":[{\"@type\":\"ReadAction\",\"target\":[\"https:\/\/thefinitive.com\/en\/prodotto\/giuseppe-garibaldi-busto-marmo-scultura-1866-1870\/\"]}]},{\"@type\":\"BreadcrumbList\",\"@id\":\"https:\/\/thefinitive.com\/en\/prodotto\/giuseppe-garibaldi-busto-marmo-scultura-1866-1870\/#breadcrumb\",\"itemListElement\":[{\"@type\":\"ListItem\",\"position\":1,\"name\":\"Home\",\"item\":\"https:\/\/thefinitive.com\/en\/\"},{\"@type\":\"ListItem\",\"position\":2,\"name\":\"Shop\",\"item\":\"https:\/\/thefinitive.com\/en\/shop-2\/\"},{\"@type\":\"ListItem\",\"position\":3,\"name\":\"\u274c\ud83d\ude41Giuseppe Garibaldi Busto Marmo scultura 1859-1870\"}]},{\"@type\":\"WebSite\",\"@id\":\"https:\/\/thefinitive.com\/en\/#website\",\"url\":\"https:\/\/thefinitive.com\/en\/\",\"name\":\"Thefinitive\",\"description\":\"Antiquariato Online\",\"publisher\":{\"@id\":\"https:\/\/thefinitive.com\/en\/#organization\"},\"potentialAction\":[{\"@type\":\"SearchAction\",\"target\":{\"@type\":\"EntryPoint\",\"urlTemplate\":\"https:\/\/thefinitive.com\/en\/?s={search_term_string}\"},\"query-input\":\"required name=search_term_string\"}],\"inLanguage\":\"en-US\"},{\"@type\":\"Organization\",\"@id\":\"https:\/\/thefinitive.com\/en\/#organization\",\"name\":\"Thefinitive\",\"url\":\"https:\/\/thefinitive.com\/en\/\",\"logo\":{\"@type\":\"ImageObject\",\"inLanguage\":\"en-US\",\"@id\":\"https:\/\/thefinitive.com\/en\/#\/schema\/logo\/image\/\",\"url\":\"https:\/\/thefinitive.com\/wp-content\/uploads\/2019\/07\/logo4vett.svg\",\"contentUrl\":\"https:\/\/thefinitive.com\/wp-content\/uploads\/2019\/07\/logo4vett.svg\",\"width\":500,\"height\":100,\"caption\":\"Thefinitive\"},\"image\":{\"@id\":\"https:\/\/thefinitive.com\/en\/#\/schema\/logo\/image\/\"},\"sameAs\":[\"https:\/\/business.facebook.com\/Thefinitive-111771813534320\/\",\"https:\/\/www.instagram.com\/_thefinitive_\/\"]}]}<\/script>\n<!-- \/ Yoast SEO plugin. -->","yoast_head_json":{"title":"\u274c\ud83d\ude41Giuseppe Garibaldi Busto Marmo scultura 1859-1870 Thefinitive","description":"Busto in marmo originale di Giuseppe Garibaldi 1859 1870 spedizione dei Mille - Masonry Freemason Massoneria Original Garibaldi's marble bust","robots":{"index":"index","follow":"follow","max-snippet":"max-snippet:-1","max-image-preview":"max-image-preview:large","max-video-preview":"max-video-preview:-1"},"canonical":"https:\/\/thefinitive.com\/en\/prodotto\/giuseppe-garibaldi-busto-marmo-scultura-1866-1870\/","og_locale":"en_US","og_type":"article","og_title":"\u274c\ud83d\ude41Giuseppe Garibaldi Busto Marmo scultura 1859-1870 Thefinitive","og_description":"Busto in marmo originale di Giuseppe Garibaldi 1859 1870 spedizione dei Mille - Masonry Freemason Massoneria Original Garibaldi's marble bust","og_url":"https:\/\/thefinitive.com\/en\/prodotto\/giuseppe-garibaldi-busto-marmo-scultura-1866-1870\/","og_site_name":"Thefinitive","article_publisher":"https:\/\/business.facebook.com\/Thefinitive-111771813534320\/","article_modified_time":"2023-03-20T16:22:02+00:00","og_image":[{"width":2160,"height":2160,"url":"https:\/\/thefinitive.com\/wp-content\/uploads\/2021\/11\/gari1-2-1.jpg","type":"image\/jpeg"}],"twitter_card":"summary_large_image","twitter_misc":{"Est. reading time":"3 minutes"},"schema":{"@context":"https:\/\/schema.org","@graph":[{"@type":"WebPage","@id":"https:\/\/thefinitive.com\/en\/prodotto\/giuseppe-garibaldi-busto-marmo-scultura-1866-1870\/","url":"https:\/\/thefinitive.com\/en\/prodotto\/giuseppe-garibaldi-busto-marmo-scultura-1866-1870\/","name":"\u274c\ud83d\ude41Giuseppe Garibaldi Busto Marmo scultura 1859-1870 Thefinitive","isPartOf":{"@id":"https:\/\/thefinitive.com\/en\/#website"},"datePublished":"2021-11-06T08:27:18+00:00","dateModified":"2023-03-20T16:22:02+00:00","description":"Busto in marmo originale di Giuseppe Garibaldi 1859 1870 spedizione dei Mille - Masonry Freemason Massoneria Original Garibaldi's marble bust","breadcrumb":{"@id":"https:\/\/thefinitive.com\/en\/prodotto\/giuseppe-garibaldi-busto-marmo-scultura-1866-1870\/#breadcrumb"},"inLanguage":"en-US","potentialAction":[{"@type":"ReadAction","target":["https:\/\/thefinitive.com\/en\/prodotto\/giuseppe-garibaldi-busto-marmo-scultura-1866-1870\/"]}]},{"@type":"BreadcrumbList","@id":"https:\/\/thefinitive.com\/en\/prodotto\/giuseppe-garibaldi-busto-marmo-scultura-1866-1870\/#breadcrumb","itemListElement":[{"@type":"ListItem","position":1,"name":"Home","item":"https:\/\/thefinitive.com\/en\/"},{"@type":"ListItem","position":2,"name":"Shop","item":"https:\/\/thefinitive.com\/en\/shop-2\/"},{"@type":"ListItem","position":3,"name":"\u274c\ud83d\ude41Giuseppe Garibaldi Busto Marmo scultura 1859-1870"}]},{"@type":"WebSite","@id":"https:\/\/thefinitive.com\/en\/#website","url":"https:\/\/thefinitive.com\/en\/","name":"Thefinitive","description":"Antiquariato Online","publisher":{"@id":"https:\/\/thefinitive.com\/en\/#organization"},"potentialAction":[{"@type":"SearchAction","target":{"@type":"EntryPoint","urlTemplate":"https:\/\/thefinitive.com\/en\/?s={search_term_string}"},"query-input":"required name=search_term_string"}],"inLanguage":"en-US"},{"@type":"Organization","@id":"https:\/\/thefinitive.com\/en\/#organization","name":"Thefinitive","url":"https:\/\/thefinitive.com\/en\/","logo":{"@type":"ImageObject","inLanguage":"en-US","@id":"https:\/\/thefinitive.com\/en\/#\/schema\/logo\/image\/","url":"https:\/\/thefinitive.com\/wp-content\/uploads\/2019\/07\/logo4vett.svg","contentUrl":"https:\/\/thefinitive.com\/wp-content\/uploads\/2019\/07\/logo4vett.svg","width":500,"height":100,"caption":"Thefinitive"},"image":{"@id":"https:\/\/thefinitive.com\/en\/#\/schema\/logo\/image\/"},"sameAs":["https:\/\/business.facebook.com\/Thefinitive-111771813534320\/","https:\/\/www.instagram.com\/_thefinitive_\/"]}]}},"_links":{"self":[{"href":"https:\/\/thefinitive.com\/en\/wp-json\/wp\/v3\/product\/9252"}],"collection":[{"href":"https:\/\/thefinitive.com\/en\/wp-json\/wp\/v3\/product"}],"about":[{"href":"https:\/\/thefinitive.com\/en\/wp-json\/wp\/v2\/types\/product"}],"replies":[{"embeddable":true,"href":"https:\/\/thefinitive.com\/en\/wp-json\/wp\/v2\/comments?post=9252"}],"version-history":[{"count":1,"href":"https:\/\/thefinitive.com\/en\/wp-json\/wp\/v3\/product\/9252\/revisions"}],"predecessor-version":[{"id":14562,"href":"https:\/\/thefinitive.com\/en\/wp-json\/wp\/v3\/product\/9252\/revisions\/14562"}],"wp:featuredmedia":[{"embeddable":true,"href":"https:\/\/thefinitive.com\/en\/wp-json\/wp\/v2\/media\/9473"}],"wp:attachment":[{"href":"https:\/\/thefinitive.com\/en\/wp-json\/wp\/v2\/media?parent=9252"}],"wp:term":[{"taxonomy":"product_cat","embeddable":true,"href":"https:\/\/thefinitive.com\/en\/wp-json\/wp\/v2\/product_cat?post=9252"},{"taxonomy":"product_tag","embeddable":true,"href":"https:\/\/thefinitive.com\/en\/wp-json\/wp\/v2\/product_tag?post=9252"}],"curies":[{"name":"wp","href":"https:\/\/api.w.org\/{rel}","templated":true}]}}