{"id":9217,"date":"2021-11-02T09:15:41","date_gmt":"2021-11-02T08:15:41","guid":{"rendered":"https:\/\/www.thefinitive.com\/?post_type=product&#038;p=9217"},"modified":"2023-07-08T17:14:03","modified_gmt":"2023-07-08T15:14:03","slug":"medaglia-santa-rosalia-sicilia-1848-inizio-del-risorgimento","status":"publish","type":"product","link":"https:\/\/thefinitive.com\/en\/prodotto\/medaglia-santa-rosalia-sicilia-1848-inizio-del-risorgimento\/","title":{"rendered":"Medaglia SANTA ROSALIA Sicilia 1848 Inizio del Risorgimento"},"content":{"rendered":"<p>Medaglia originale commemorativa della <strong>rivoluzione <\/strong>iniziata con i moti a Palermo, Sicilia, nel <strong>1848<\/strong>, comunemente ed erroneamente denominata <strong><em>Santa Rosalia<\/em><\/strong> . La medaglia fu coniata e distribuita nel <strong>1861\u00a0<\/strong> a &#8220;<em>tutti coloro che faranno constatare di aver preso importante parte sia politicamente, sia militarmente ai gloriosi fatti del 1848 in Sicilia<\/em>&#8221;<\/p>\n<p>Medaglia coniata in <strong>bronzo<\/strong>, al dritto troviamo la figura di una donna armata di gladio, a rappresentare la <strong>SICILIA<\/strong> (e non Santa Rosalia) che con i suoi simboli peculiari, il vulcano Etna, la Triscele o Trinacria, ed una cornucopia, si offre all&#8217;Italia per unirsi al nuovo Regno, raffigurato dallo scudo savoia in alto a destra che come un sole irraggia di nuova luce il cielo.<\/p>\n<p>Al rovescio della medaglia troviamo la dicitura <strong>INIZIO DEL RISORGIMENTO D&#8217;ITALIA &#8211; SICILIA 1848<\/strong><\/p>\n<p>La medaglia \u00e8 in ottimo stato, misura circa mm.30 di diametro, con una magnifica patina visibile dalle foto allegate, ed \u00e8 completa di un nastrino coevo, tricolore, dal rosso dipinto a mano, cosa usuale all&#8217;epoca.<\/p>\n<p>Di questa\u00a0 medaglia vennero realizzati degli esemplari in argento, assegnati ai componenti del Governo Provvisorio di Palermo, ed ai mutilati o feriti nei fatti d&#8217;arme. Uno solo fu l&#8217;esemplare in oro, conferita a Ruggiero Settimo<\/p>\n<h2><\/h2>\n<h2>La Rivoluzione siciliana del 1848<\/h2>\n<p>12 gennaio 1848<\/p>\n<p>A Palermo scoppia l\u2019insurrezione capeggiata dal mazziniano Rosolino Pilo e promossa insieme a Giuseppe La Masa. Passata alla storia come la Rivoluzione siciliana del 1848, port\u00f2 alla proclamazione del Nuovo Regno di Sicilia e alla formazione di un governo provvisorio. Fu recuperata la Costituzione del 1812, incentrata sui principi della democrazia rappresentativa e sulla centralit\u00e0 del Parlamento, e il 23 gennaio il Comitato generale dichiar\u00f2 decaduta la monarchia borbonica. Ma gi\u00e0 nel settembre dello stesso anno l\u2019esercito borbonico riconquista Messina e, nei primi mesi del 1849, anche Catania. Palermo capitol\u00f2 il 14 maggio e con lei anche le speranze di uno stato siciliano indipendente.<\/p>\n<h2><\/h2>\n<h2><\/h2>\n<h2>NOTIZIE<\/h2>\n<p>&nbsp;<\/p>\n<h2 style=\"text-align: center;\"><a href=\"https:\/\/www.thefinitive.com\/rivoluzione-siciliana-del-1848-inizio-risorgimento\/\" target=\"_blank\" rel=\"noopener\">Cliccando sul seguente link avrete accesso ad alcune notizie storiche inerenti l&#8217;argomento trattato in questa vendita<\/a><\/h2>\n<p>&nbsp;<\/p>\n<p><a href=\"https:\/\/www.thefinitive.com\/rivoluzione-siciliana-del-1848-inizio-risorgimento\/\" target=\"_blank\" rel=\"noopener\"><img loading=\"lazy\" decoding=\"async\" class=\"wp-image-9218 aligncenter\" src=\"https:\/\/www.thefinitive.com\/wp-content\/uploads\/2021\/11\/260px-Sanesi_-_La_rivoluzione_di_Palermo-12_gennaio_1848_-_ca._1850.jpg\" alt=\"\" width=\"374\" height=\"269\" srcset=\"https:\/\/thefinitive.com\/wp-content\/uploads\/2021\/11\/260px-Sanesi_-_La_rivoluzione_di_Palermo-12_gennaio_1848_-_ca._1850.jpg 260w, https:\/\/thefinitive.com\/wp-content\/uploads\/2021\/11\/260px-Sanesi_-_La_rivoluzione_di_Palermo-12_gennaio_1848_-_ca._1850-64x46.jpg 64w\" sizes=\"(max-width: 374px) 100vw, 374px\" \/><\/a><\/p>\n<p>&nbsp;<\/p>\n<p>&nbsp;<\/p>\n<p>Fonti <a href=\"https:\/\/it.wikipedia.org\/wiki\/Rivoluzione_siciliana_del_1848\" target=\"_blank\" rel=\"noopener\">Wikipedia<\/a><\/p>\n<p>&nbsp;<\/p>\n<p>11.21<\/p>\n","protected":false},"excerpt":{"rendered":"<p style=\"text-align: center;\">Medaglia in bronzo originale commemorativa della <strong>rivoluzione siciliana<\/strong>, iniziata nel <strong>1848<\/strong>, come espressamente evidenziato dalla intestazione al rovescio<\/p>\n<p style=\"text-align: center;\"><strong>INIZIO DEL RISORGIMENTO D&#8217;ITALIA &#8211; SICILIA 1848 <\/strong><\/p>\n<p style=\"text-align: center;\">Comunemente ed erroneamente denominata <strong><em>Santa Rosalia<\/em><\/strong><\/p>\n<p style=\"text-align: center;\">La medaglia \u00e8 in ottimo stato, con una magnifica patina e completa del suo nastrino originale, tricolore<\/p>\n<p>&nbsp;<\/p>\n<p style=\"text-align: center;\"><strong><em>(Scorri la pagina in basso per ulteriori dettagli e informazioni)<\/em><\/strong><\/p>\n","protected":false},"featured_media":9219,"comment_status":"open","ping_status":"closed","template":"","meta":[],"product_cat":[586],"product_tag":[423,274,422,420,421,424,275],"yoast_head":"<!-- This site is optimized with the Yoast SEO plugin v21.9.1 - https:\/\/yoast.com\/wordpress\/plugins\/seo\/ -->\n<title>Medaglia SANTA ROSALIA Sicilia 1848 Inizio del Risorgimento Thefinitive<\/title>\n<meta name=\"description\" content=\"Medaglia originale per la rivoluzione in Sicilia del 1848 detta SANTA ROSALIA - Inizio del risorgimento - Regno delle due Sicilie - Spedizione dei Milla\" \/>\n<meta name=\"robots\" content=\"index, follow, max-snippet:-1, max-image-preview:large, max-video-preview:-1\" \/>\n<link rel=\"canonical\" href=\"https:\/\/thefinitive.com\/en\/prodotto\/medaglia-santa-rosalia-sicilia-1848-inizio-del-risorgimento\/\" \/>\n<meta property=\"og:locale\" content=\"en_US\" \/>\n<meta property=\"og:type\" content=\"article\" \/>\n<meta property=\"og:title\" content=\"Medaglia SANTA ROSALIA Sicilia 1848 Inizio del Risorgimento Thefinitive\" \/>\n<meta property=\"og:description\" content=\"Medaglia originale per la rivoluzione in Sicilia del 1848 detta SANTA ROSALIA - Inizio del risorgimento - Regno delle due Sicilie - Spedizione dei Milla\" \/>\n<meta property=\"og:url\" content=\"https:\/\/thefinitive.com\/en\/prodotto\/medaglia-santa-rosalia-sicilia-1848-inizio-del-risorgimento\/\" \/>\n<meta property=\"og:site_name\" content=\"Thefinitive\" \/>\n<meta property=\"article:publisher\" content=\"https:\/\/business.facebook.com\/Thefinitive-111771813534320\/\" \/>\n<meta property=\"article:modified_time\" content=\"2023-07-08T15:14:03+00:00\" \/>\n<meta property=\"og:image\" content=\"https:\/\/thefinitive.com\/wp-content\/uploads\/2021\/11\/rosa1-2.jpg\" \/>\n\t<meta property=\"og:image:width\" content=\"2160\" \/>\n\t<meta property=\"og:image:height\" content=\"2160\" \/>\n\t<meta property=\"og:image:type\" content=\"image\/jpeg\" \/>\n<meta name=\"twitter:card\" content=\"summary_large_image\" \/>\n<meta name=\"twitter:label1\" content=\"Est. reading time\" \/>\n\t<meta name=\"twitter:data1\" content=\"2 minutes\" \/>\n<script type=\"application\/ld+json\" class=\"yoast-schema-graph\">{\"@context\":\"https:\/\/schema.org\",\"@graph\":[{\"@type\":\"WebPage\",\"@id\":\"https:\/\/thefinitive.com\/en\/prodotto\/medaglia-santa-rosalia-sicilia-1848-inizio-del-risorgimento\/\",\"url\":\"https:\/\/thefinitive.com\/en\/prodotto\/medaglia-santa-rosalia-sicilia-1848-inizio-del-risorgimento\/\",\"name\":\"Medaglia SANTA ROSALIA Sicilia 1848 Inizio del Risorgimento Thefinitive\",\"isPartOf\":{\"@id\":\"https:\/\/thefinitive.com\/en\/#website\"},\"datePublished\":\"2021-11-02T08:15:41+00:00\",\"dateModified\":\"2023-07-08T15:14:03+00:00\",\"description\":\"Medaglia originale per la rivoluzione in Sicilia del 1848 detta SANTA ROSALIA - Inizio del risorgimento - Regno delle due Sicilie - Spedizione dei Milla\",\"breadcrumb\":{\"@id\":\"https:\/\/thefinitive.com\/en\/prodotto\/medaglia-santa-rosalia-sicilia-1848-inizio-del-risorgimento\/#breadcrumb\"},\"inLanguage\":\"en-US\",\"potentialAction\":[{\"@type\":\"ReadAction\",\"target\":[\"https:\/\/thefinitive.com\/en\/prodotto\/medaglia-santa-rosalia-sicilia-1848-inizio-del-risorgimento\/\"]}]},{\"@type\":\"BreadcrumbList\",\"@id\":\"https:\/\/thefinitive.com\/en\/prodotto\/medaglia-santa-rosalia-sicilia-1848-inizio-del-risorgimento\/#breadcrumb\",\"itemListElement\":[{\"@type\":\"ListItem\",\"position\":1,\"name\":\"Home\",\"item\":\"https:\/\/thefinitive.com\/en\/\"},{\"@type\":\"ListItem\",\"position\":2,\"name\":\"Shop\",\"item\":\"https:\/\/thefinitive.com\/en\/shop-2\/\"},{\"@type\":\"ListItem\",\"position\":3,\"name\":\"Medaglia SANTA ROSALIA Sicilia 1848 Inizio del Risorgimento\"}]},{\"@type\":\"WebSite\",\"@id\":\"https:\/\/thefinitive.com\/en\/#website\",\"url\":\"https:\/\/thefinitive.com\/en\/\",\"name\":\"Thefinitive\",\"description\":\"Antiquariato Online\",\"publisher\":{\"@id\":\"https:\/\/thefinitive.com\/en\/#organization\"},\"potentialAction\":[{\"@type\":\"SearchAction\",\"target\":{\"@type\":\"EntryPoint\",\"urlTemplate\":\"https:\/\/thefinitive.com\/en\/?s={search_term_string}\"},\"query-input\":\"required name=search_term_string\"}],\"inLanguage\":\"en-US\"},{\"@type\":\"Organization\",\"@id\":\"https:\/\/thefinitive.com\/en\/#organization\",\"name\":\"Thefinitive\",\"url\":\"https:\/\/thefinitive.com\/en\/\",\"logo\":{\"@type\":\"ImageObject\",\"inLanguage\":\"en-US\",\"@id\":\"https:\/\/thefinitive.com\/en\/#\/schema\/logo\/image\/\",\"url\":\"https:\/\/thefinitive.com\/wp-content\/uploads\/2019\/07\/logo4vett.svg\",\"contentUrl\":\"https:\/\/thefinitive.com\/wp-content\/uploads\/2019\/07\/logo4vett.svg\",\"width\":500,\"height\":100,\"caption\":\"Thefinitive\"},\"image\":{\"@id\":\"https:\/\/thefinitive.com\/en\/#\/schema\/logo\/image\/\"},\"sameAs\":[\"https:\/\/business.facebook.com\/Thefinitive-111771813534320\/\",\"https:\/\/www.instagram.com\/_thefinitive_\/\"]}]}<\/script>\n<!-- \/ Yoast SEO plugin. -->","yoast_head_json":{"title":"Medaglia SANTA ROSALIA Sicilia 1848 Inizio del Risorgimento Thefinitive","description":"Medaglia originale per la rivoluzione in Sicilia del 1848 detta SANTA ROSALIA - Inizio del risorgimento - Regno delle due Sicilie - Spedizione dei Milla","robots":{"index":"index","follow":"follow","max-snippet":"max-snippet:-1","max-image-preview":"max-image-preview:large","max-video-preview":"max-video-preview:-1"},"canonical":"https:\/\/thefinitive.com\/en\/prodotto\/medaglia-santa-rosalia-sicilia-1848-inizio-del-risorgimento\/","og_locale":"en_US","og_type":"article","og_title":"Medaglia SANTA ROSALIA Sicilia 1848 Inizio del Risorgimento Thefinitive","og_description":"Medaglia originale per la rivoluzione in Sicilia del 1848 detta SANTA ROSALIA - Inizio del risorgimento - Regno delle due Sicilie - Spedizione dei Milla","og_url":"https:\/\/thefinitive.com\/en\/prodotto\/medaglia-santa-rosalia-sicilia-1848-inizio-del-risorgimento\/","og_site_name":"Thefinitive","article_publisher":"https:\/\/business.facebook.com\/Thefinitive-111771813534320\/","article_modified_time":"2023-07-08T15:14:03+00:00","og_image":[{"width":2160,"height":2160,"url":"https:\/\/thefinitive.com\/wp-content\/uploads\/2021\/11\/rosa1-2.jpg","type":"image\/jpeg"}],"twitter_card":"summary_large_image","twitter_misc":{"Est. reading time":"2 minutes"},"schema":{"@context":"https:\/\/schema.org","@graph":[{"@type":"WebPage","@id":"https:\/\/thefinitive.com\/en\/prodotto\/medaglia-santa-rosalia-sicilia-1848-inizio-del-risorgimento\/","url":"https:\/\/thefinitive.com\/en\/prodotto\/medaglia-santa-rosalia-sicilia-1848-inizio-del-risorgimento\/","name":"Medaglia SANTA ROSALIA Sicilia 1848 Inizio del Risorgimento Thefinitive","isPartOf":{"@id":"https:\/\/thefinitive.com\/en\/#website"},"datePublished":"2021-11-02T08:15:41+00:00","dateModified":"2023-07-08T15:14:03+00:00","description":"Medaglia originale per la rivoluzione in Sicilia del 1848 detta SANTA ROSALIA - Inizio del risorgimento - Regno delle due Sicilie - Spedizione dei Milla","breadcrumb":{"@id":"https:\/\/thefinitive.com\/en\/prodotto\/medaglia-santa-rosalia-sicilia-1848-inizio-del-risorgimento\/#breadcrumb"},"inLanguage":"en-US","potentialAction":[{"@type":"ReadAction","target":["https:\/\/thefinitive.com\/en\/prodotto\/medaglia-santa-rosalia-sicilia-1848-inizio-del-risorgimento\/"]}]},{"@type":"BreadcrumbList","@id":"https:\/\/thefinitive.com\/en\/prodotto\/medaglia-santa-rosalia-sicilia-1848-inizio-del-risorgimento\/#breadcrumb","itemListElement":[{"@type":"ListItem","position":1,"name":"Home","item":"https:\/\/thefinitive.com\/en\/"},{"@type":"ListItem","position":2,"name":"Shop","item":"https:\/\/thefinitive.com\/en\/shop-2\/"},{"@type":"ListItem","position":3,"name":"Medaglia SANTA ROSALIA Sicilia 1848 Inizio del Risorgimento"}]},{"@type":"WebSite","@id":"https:\/\/thefinitive.com\/en\/#website","url":"https:\/\/thefinitive.com\/en\/","name":"Thefinitive","description":"Antiquariato Online","publisher":{"@id":"https:\/\/thefinitive.com\/en\/#organization"},"potentialAction":[{"@type":"SearchAction","target":{"@type":"EntryPoint","urlTemplate":"https:\/\/thefinitive.com\/en\/?s={search_term_string}"},"query-input":"required name=search_term_string"}],"inLanguage":"en-US"},{"@type":"Organization","@id":"https:\/\/thefinitive.com\/en\/#organization","name":"Thefinitive","url":"https:\/\/thefinitive.com\/en\/","logo":{"@type":"ImageObject","inLanguage":"en-US","@id":"https:\/\/thefinitive.com\/en\/#\/schema\/logo\/image\/","url":"https:\/\/thefinitive.com\/wp-content\/uploads\/2019\/07\/logo4vett.svg","contentUrl":"https:\/\/thefinitive.com\/wp-content\/uploads\/2019\/07\/logo4vett.svg","width":500,"height":100,"caption":"Thefinitive"},"image":{"@id":"https:\/\/thefinitive.com\/en\/#\/schema\/logo\/image\/"},"sameAs":["https:\/\/business.facebook.com\/Thefinitive-111771813534320\/","https:\/\/www.instagram.com\/_thefinitive_\/"]}]}},"_links":{"self":[{"href":"https:\/\/thefinitive.com\/en\/wp-json\/wp\/v3\/product\/9217"}],"collection":[{"href":"https:\/\/thefinitive.com\/en\/wp-json\/wp\/v3\/product"}],"about":[{"href":"https:\/\/thefinitive.com\/en\/wp-json\/wp\/v2\/types\/product"}],"replies":[{"embeddable":true,"href":"https:\/\/thefinitive.com\/en\/wp-json\/wp\/v2\/comments?post=9217"}],"version-history":[{"count":1,"href":"https:\/\/thefinitive.com\/en\/wp-json\/wp\/v3\/product\/9217\/revisions"}],"predecessor-version":[{"id":15163,"href":"https:\/\/thefinitive.com\/en\/wp-json\/wp\/v3\/product\/9217\/revisions\/15163"}],"wp:featuredmedia":[{"embeddable":true,"href":"https:\/\/thefinitive.com\/en\/wp-json\/wp\/v2\/media\/9219"}],"wp:attachment":[{"href":"https:\/\/thefinitive.com\/en\/wp-json\/wp\/v2\/media?parent=9217"}],"wp:term":[{"taxonomy":"product_cat","embeddable":true,"href":"https:\/\/thefinitive.com\/en\/wp-json\/wp\/v2\/product_cat?post=9217"},{"taxonomy":"product_tag","embeddable":true,"href":"https:\/\/thefinitive.com\/en\/wp-json\/wp\/v2\/product_tag?post=9217"}],"curies":[{"name":"wp","href":"https:\/\/api.w.org\/{rel}","templated":true}]}}