{"id":9205,"date":"2021-11-02T08:30:11","date_gmt":"2021-11-02T08:30:11","guid":{"rendered":"https:\/\/www.thefinitive.com\/?post_type=product&#038;p=9205"},"modified":"2023-03-20T17:22:04","modified_gmt":"2023-03-20T16:22:04","slug":"battaglia-dogali-africa-1887-croce-bianca","status":"publish","type":"product","link":"https:\/\/thefinitive.com\/en\/prodotto\/battaglia-dogali-africa-1887-croce-bianca\/","title":{"rendered":"\u274c\ud83d\ude41Battaglia DOGALI Africa 1887 &#8211; CROCE BIANCA"},"content":{"rendered":"<p>Medaglia commemorativa della <b>Battaglia di DOGALI <\/b>riconoscimento assegnato alla<b> MADRE DI UN EROE DI DOGALI\u00a0 <\/b>ovvero di uno dei militari della spedizione italiana nel Corno d&#8217;Africa, che presero parte al combattimento del Gennaio 1887 contro forze etiopi.<\/p>\n<p>La medaglia denominata <strong>CROCE BIANCA<\/strong> , proprio come riportato al recto ai piedi della dama intenta a deporre le corone di fiori, venne consegnata il<strong> 5 Giugno 1887<\/strong> in occasione dello scoprimento del monumento commemorativo che si trova davanti la Stazione Termini di Roma, <em>&#8220;con una bella epigrafe di Ruggero Bonghi, in cui \u00e8 eternato l&#8217;eroismo sfortunato di quei cinquecento che col nome d&#8217;Italia nel cuore e non pensosi d&#8217;altro onorarlo, lottarono, combatterono, morirono, suggellando col sangue versato in comune l&#8217;unit\u00e0 recente dell&#8217;antica patria&#8221;<\/em> (Comandini, 5\u00b0, pag.1227)<\/p>\n<p>La medaglia \u00e8 in perfette condizioni, completa del suo<strong> nastrino originale<\/strong>, e cosa ancora pi\u00f9 rara \u00e8 completa della piccola<strong> CROCE BIANCA<\/strong> in leggerissima carta, cucita sul nastrino stesso. La croce bianca, essendo delicatissima, \u00e8 di facile deterioramento e quasi sempre \u00e8 sostituita da una croce ricamata, che quindi non \u00e8 quella che originariamente deve trovarsi sul nastrino. Si pu\u00f2 dunque ritenere che questo esemplare sia uno dei pochi in circolazione, avente nastro e croce originali come da disposizioni ministeriali.<\/p>\n<p>Misura circa mm.30 di diametro, provvista del suo appiccagnolo originale, trilobato, peculiare della produzione della <strong>Zecca di Roma<\/strong><\/p>\n<p>&nbsp;<\/p>\n<h2><a href=\"Di Michele Cammarano - http:\/\/www.artesuarte.it\/articolo.php?id=55, Pubblico dominio, https:\/\/commons.wikimedia.org\/w\/index.php?curid=5692697\"><img loading=\"lazy\" decoding=\"async\" class=\"aligncenter wp-image-9206\" src=\"https:\/\/www.thefinitive.com\/wp-content\/uploads\/2021\/11\/Bataille_de_Dogali.jpg\" alt=\"\" width=\"802\" height=\"489\" srcset=\"https:\/\/thefinitive.com\/wp-content\/uploads\/2021\/11\/Bataille_de_Dogali.jpg 1280w, https:\/\/thefinitive.com\/wp-content\/uploads\/2021\/11\/Bataille_de_Dogali-1200x732.jpg 1200w, https:\/\/thefinitive.com\/wp-content\/uploads\/2021\/11\/Bataille_de_Dogali-64x39.jpg 64w, https:\/\/thefinitive.com\/wp-content\/uploads\/2021\/11\/Bataille_de_Dogali-300x183.jpg 300w, https:\/\/thefinitive.com\/wp-content\/uploads\/2021\/11\/Bataille_de_Dogali-1024x625.jpg 1024w, https:\/\/thefinitive.com\/wp-content\/uploads\/2021\/11\/Bataille_de_Dogali-768x469.jpg 768w\" sizes=\"(max-width: 802px) 100vw, 802px\" \/><\/a><\/h2>\n<h2><\/h2>\n<h2>Spedizione in Africa 1887 1895 , le forze italiane<\/h2>\n<h2><span id=\"La_premessa_alla_battaglia\" class=\"mw-headline\">La premessa alla battaglia<\/span><\/h2>\n<p>Con l\u2019annessione della baia di\u00a0Assab\u00a0nel\u00a01882\u00a0(gi\u00e0 precedentemente acquistata in proprio nel\u00a01869\u00a0dalla\u00a0Societ\u00e0 di navigazione Rubattino, ma con il denaro e la tutela del governo italiano), l&#8217;Italia inizi\u00f3 a penetrare nell&#8217;area del\u00a0Corno d\u2019Africa. Nel febbraio del\u00a01885\u00a0un piccolo corpo di spedizione italiano occup\u00f3 il porto eritreo di\u00a0Massaua, allontanandone senza alcuno scontro la locale guarnigione\u00a0egiziana\u00a0che all&#8217;epoca lo controllava. L&#8217;azione era stata possibile anche grazie al beneplacito del primo ministro\u00a0britannico\u00a0William Ewart Gladstone\u00a0che incoraggiava la creazione di una colonia italiana in\u00a0Eritrea. Nei mesi successivi l&#8217;Italia occup\u00f2 tutta la fascia costiera tra Massaua e Assab e conquist\u00f2 il villaggio di Saati puntando poi all&#8217;occupazione dell&#8217;altopiano occidentale eritreo. L&#8217;imperatore etiope (<i>Negus Neghesti<\/i>, cio\u00e8\u00a0<i>Re dei Re<\/i>)\u00a0Giovanni IV d&#8217;Etiopia\u00a0non aveva reagito all&#8217;occupazione di Massaua, ma avanz\u00f3 vibranti proteste quando gli italiani occuparono Saati, poich\u00e9 questo villaggio era situato in un&#8217;area nominalmente sotto sovranit\u00e0 egiziana ma lasciata da tempo al controllo etiope.<\/p>\n<p>La mattina del 25 gennaio\u00a01887\u00a0una forza di circa 25.000 abissini guidati da\u00a0Ras\u00a0Alula Engida, fedelissimo del Negus, assal\u00ed\u00a0il forte italiano di Saati\u00a0dove, al comando del\u00a0maggiore\u00a0Giovanni Battista Boretti (altrove: Boretto), non vi erano che 700 uomini (di cui 300\u00a0\u00e0scari) e 2 cannoni. Il presidio si difese eroicamente e, dopo circa quattro ore di lotta, riusc\u00ec a respingere il nemico infliggendogli forti perdite. Boretti si rese per\u00f2 conto che non avrebbe potuto resistere ad un altro attacco visto che al forte scarseggiavano viveri e munizioni. Cos\u00ec chiese rifornimenti al forte di Moncullo.<\/p>\n<p>&nbsp;<\/p>\n<h2><span id=\"La_battaglia\" class=\"mw-headline\">La battaglia<\/span><\/h2>\n<p>La mattina del 26 gennaio 1887 partirono i rifornimenti di generi alimentari, munizioni e venne inviata anche una colonna di rinforzo, formata da 548 soldati, comandata dal\u00a0tenente colonnello\u00a0Tommaso De Cristoforis. La colonna era composta di una compagnia del 15\u00ba fanteria (2\u00b0 batt. fant. Africa), di una compagnia del 16\u00ba Fanteria (3\u00b0 batt. fant. Africa), di una compagnia del 41\u00ba Fanteria (1\u00b0 batt. fant. Africa), dei drappelli del 6\u00ba e 7\u00ba Fanteria giunti da pochi giorni dall&#8217;Italia, e di una sezione mitragliere, comandata dal\u00a0capitano\u00a0d&#8217;artiglieria\u00a0Carlo Michelini di San Martino. La colonna fu per\u00f2 avvistata da alcuni guerrieri etiopici vicino alla localit\u00e0 di\u00a0Dogali. Ras Alula, generale abissino e signore di\u00a0Asmara, invece di riprendere l&#8217;attacco del forte di Saati decise di assaltare la colonna in movimento. Nella stessa mattina la colonna fu attaccata da circa 15000 abissini. Gli italiani ripiegarono su una collinetta che si affacciava sulla valle e resistettero fin quando non terminarono le munizioni e a quel punto si arrangiarono come meglio poterono. Dopo quattro ore di combattimenti la colonna fu completamente travolta con lo stesso De Cristoforis che per\u00ec sotto le lance abissine. Tra i testimoni oculari della battaglia vi fu il dottor Salimbeni che, fatto prigioniero dagli etiopi, fu poi costretto a curare i feriti abissini senza potersi occupare di quelli italiani.<\/p>\n<p>Successivamente fu mandata una nuova colonna in aiuto a De Cristoforis che tuttavia arriv\u00f2 a battaglia conclusa, trovando solo qualche ferito superstite. Da parte italiana vi furono 430 morti di cui 23 ufficiali<sup id=\"cite_ref-Bellavita46_1-1\" class=\"reference\"><\/sup>, mentre gli etiopi ebbero qualche migliaio di morti.<\/p>\n<p>L&#8217;ultimo superstite italiano della battaglia di Dogali (Africa) del 1887, Luigi Zoli, mor\u00ec nel gennaio 1956 a Forl\u00ec<sup id=\"cite_ref-5\" class=\"reference\"><\/sup><\/p>\n<p>&nbsp;<\/p>\n<h3><span id=\"Ordine_di_battaglia_italiano\" class=\"mw-headline\">Ordine di battaglia italiano<\/span><\/h3>\n<ul>\n<li>\n<h3><span id=\"Battaglia_di_Dogali_(1887)\" class=\"mw-headline\">Battaglia di Dogali (Africa, 1887)<\/span><\/h3>\n<p><b>Colonna De Cristoforis<\/b>\u00a0(Ten. Col.\u00a0Tommaso De Cristoforis):<\/p>\n<ul>\n<li>9\u00aa\u00a0Compagnia\/41\u00ba Reggimento fanteria &#8220;Modena&#8221;<\/li>\n<li>11\u00aa Compagnia\/15\u00ba Reggimento fanteria &#8220;Savona&#8221;<\/li>\n<li>20\u00aa Compagnia\/41\u00ba Reggimento fanteria &#8220;Modena<\/li>\n<li>un\u00a0plotone\/6\u00ba Reggimento fanteria &#8220;Aosta&#8221;<\/li>\n<li>un plotone\/7\u00ba Reggimento fanteria &#8220;Cuneo&#8221;<\/li>\n<li>un plotone\/48\u00ba Reggimento fanteria &#8220;Ferrara&#8221;<\/li>\n<li>un&#8217;orda\u00a0di\u00a0basci-buzuk<\/li>\n<li>una\u00a0sezione\/17\u00ba Reggimento artiglieria da fortezza<\/li>\n<\/ul>\n<\/li>\n<\/ul>\n<h2><span id=\"Conseguenze\" class=\"mw-headline\">Conseguenze<\/span><\/h2>\n<p>La mossa di Ras Alula provoc\u00f2 una frattura nelle relazioni tra re\u00a0Giovanni IV d&#8217;Etiopia e l&#8217;Italia: le competenze per la colonizzazione dell&#8217;Eritrea passarono dal ministero degli Esteri a quello della Guerra, inoltre il governo italiano rafforz\u00f2 il proprio appoggio a\u00a0Menelik\u00a0per minare l&#8217;autorit\u00e0 di re Giovanni IV e di Ras Alula. Poco dopo la battaglia venne innalzato un monumento a Dogali attorno al quale vennero seppelliti in grandi fosse comuni i resti dei caduti. Ancora oggi il monumento sovrasta il luogo della battaglia.<\/p>\n<p><span class=\"chiarimento\" title=\"Il testo selezionato deve essere comprovato da una fonte affidabile. Modifica la pagina per aggiungere fonti.\">In Etiopia, specie durante il regime del\u00a0Derg, fu data grande importanza all&#8217;evento, visto come una vittoria contro l&#8217;invasore straniero.<\/span>\u00a0A Dogali fu costruito un monumento in onore di Ras Alula, smantellato poi con la conquista dell&#8217;area da parte del fronte di liberazione eritreo. In Italia, nonostante la sconfitta, ai caduti ed ai superstiti vennero tributati grandi onori: al tenente colonnello De Cristoforis fu assegnata la\u00a0medaglia d&#8217;oro al valor militare\u00a0mentre a tutti gli altri caduti quella d&#8217;argento. In diverse citt\u00e0 e localit\u00e0 italiane furono intitolate strade, piazze e lapidi ai caduti di Dogali: a\u00a0Roma\u00a0il piazzale antistante la stazione Termini venne ribattezzato\u00a0<i>dei Cinquecento<\/i>\u00a0in onore dei circa 500 caduti italiani e, al centro di esso, venne innalzato un\u00a0obelisco commemorativo dello scontro.<\/p>\n<p>&nbsp;<\/p>\n<h2>Notizie<\/h2>\n<p>&nbsp;<\/p>\n<h3 style=\"text-align: center;\"><a href=\"https:\/\/www.thefinitive.com\/1936-impero-italiano-fondazione-aoi\/\" target=\"_blank\" rel=\"noopener\">Cliccando sul seguente link\/foto si accede ad una sezione con notizie storiche,documentali e vario inerenti la tematica dell\u2019oggetto in vendita<\/a><\/h3>\n<h2><\/h2>\n<h2><\/h2>\n<p><a href=\"https:\/\/www.thefinitive.com\/1936-impero-italiano-fondazione-aoi\/\" target=\"_blank\" rel=\"noopener\"><img loading=\"lazy\" decoding=\"async\" class=\"aligncenter wp-image-8418 size-full\" src=\"https:\/\/www.thefinitive.com\/wp-content\/uploads\/2021\/04\/italia.jpg\" alt=\"\" width=\"534\" height=\"462\" srcset=\"https:\/\/thefinitive.com\/wp-content\/uploads\/2021\/04\/italia.jpg 534w, https:\/\/thefinitive.com\/wp-content\/uploads\/2021\/04\/italia-64x55.jpg 64w, https:\/\/thefinitive.com\/wp-content\/uploads\/2021\/04\/italia-300x260.jpg 300w\" sizes=\"(max-width: 534px) 100vw, 534px\" \/><\/a><\/p>\n<p>&nbsp;<\/p>\n<p>&nbsp;<\/p>\n<p>Fonte degli articoli\u00a0 :\u00a0 Wikipedia , Brambilla &#8220;Le medaglie italiane negli ultimi 200 anni&#8221;<\/p>\n<p>&nbsp;<\/p>\n<p>11.21<\/p>\n","protected":false},"excerpt":{"rendered":"<p style=\"text-align: center;\">Medaglia commemorativa della <b>Battaglia di DOGALI <\/b>riconoscimento assegnato alla<b> MADRE DI UN EROE DI DOGALI\u00a0 <\/b>perito nel combattimento del Gennaio 1887<\/p>\n<p style=\"text-align: center;\">Medaglia denominata <strong>CROCE BIANCA <\/strong>consegnata il<strong> 5 Giugno 1887<\/strong> in occasione dello scoprimento del monumento commemorativo che si trova davanti la Stazione Termini di Roma .In perfette condizioni, completa del suo<strong> nastrino originale<\/strong>, e della piccola<strong> CROCE BIANCA<\/strong> in leggerissima carta, cucita sul nastrino stesso. Come da disposizioni ministeriali. Produzione della <strong>Zecca di Roma<\/strong><\/p>\n<p style=\"text-align: center;\"><strong><em>(Scorri la pagina in basso per ulteriori dettagli e informazioni)<\/em><\/strong><\/p>\n","protected":false},"featured_media":9207,"comment_status":"open","ping_status":"closed","template":"","meta":[],"product_cat":[586],"product_tag":[723,349,658,657,642,221,220],"yoast_head":"<!-- This site is optimized with the Yoast SEO plugin v21.9.1 - https:\/\/yoast.com\/wordpress\/plugins\/seo\/ -->\n<title>\u274c\ud83d\ude41Battaglia DOGALI Africa 1887 - CROCE BIANCA - Thefinitive<\/title>\n<meta name=\"description\" content=\"Medaglia CROCE BIANCA Battaglia di Dogali 1887 MADRE DI UN EROE Campagne d&#039;Africa spedizione 1895 Agordat Adua - acquisto militaria medaglie\" \/>\n<meta name=\"robots\" content=\"index, follow, max-snippet:-1, max-image-preview:large, max-video-preview:-1\" \/>\n<link rel=\"canonical\" href=\"https:\/\/thefinitive.com\/en\/prodotto\/battaglia-dogali-africa-1887-croce-bianca\/\" \/>\n<meta property=\"og:locale\" content=\"en_US\" \/>\n<meta property=\"og:type\" content=\"article\" \/>\n<meta property=\"og:title\" content=\"\u274c\ud83d\ude41Battaglia DOGALI Africa 1887 - CROCE BIANCA - Thefinitive\" \/>\n<meta property=\"og:description\" content=\"Medaglia CROCE BIANCA Battaglia di Dogali 1887 MADRE DI UN EROE Campagne d&#039;Africa spedizione 1895 Agordat Adua - acquisto militaria medaglie\" \/>\n<meta property=\"og:url\" content=\"https:\/\/thefinitive.com\/en\/prodotto\/battaglia-dogali-africa-1887-croce-bianca\/\" \/>\n<meta property=\"og:site_name\" content=\"Thefinitive\" \/>\n<meta property=\"article:publisher\" content=\"https:\/\/business.facebook.com\/Thefinitive-111771813534320\/\" \/>\n<meta property=\"article:modified_time\" content=\"2023-03-20T16:22:04+00:00\" \/>\n<meta property=\"og:image\" content=\"https:\/\/thefinitive.com\/wp-content\/uploads\/2021\/11\/doga1-2.jpg\" \/>\n\t<meta property=\"og:image:width\" content=\"2160\" \/>\n\t<meta property=\"og:image:height\" content=\"2160\" \/>\n\t<meta property=\"og:image:type\" content=\"image\/jpeg\" \/>\n<meta name=\"twitter:card\" content=\"summary_large_image\" \/>\n<meta name=\"twitter:label1\" content=\"Est. reading time\" \/>\n\t<meta name=\"twitter:data1\" content=\"6 minutes\" \/>\n<script type=\"application\/ld+json\" class=\"yoast-schema-graph\">{\"@context\":\"https:\/\/schema.org\",\"@graph\":[{\"@type\":\"WebPage\",\"@id\":\"https:\/\/thefinitive.com\/en\/prodotto\/battaglia-dogali-africa-1887-croce-bianca\/\",\"url\":\"https:\/\/thefinitive.com\/en\/prodotto\/battaglia-dogali-africa-1887-croce-bianca\/\",\"name\":\"\u274c\ud83d\ude41Battaglia DOGALI Africa 1887 - CROCE BIANCA - Thefinitive\",\"isPartOf\":{\"@id\":\"https:\/\/thefinitive.com\/en\/#website\"},\"datePublished\":\"2021-11-02T08:30:11+00:00\",\"dateModified\":\"2023-03-20T16:22:04+00:00\",\"description\":\"Medaglia CROCE BIANCA Battaglia di Dogali 1887 MADRE DI UN EROE Campagne d'Africa spedizione 1895 Agordat Adua - acquisto militaria medaglie\",\"breadcrumb\":{\"@id\":\"https:\/\/thefinitive.com\/en\/prodotto\/battaglia-dogali-africa-1887-croce-bianca\/#breadcrumb\"},\"inLanguage\":\"en-US\",\"potentialAction\":[{\"@type\":\"ReadAction\",\"target\":[\"https:\/\/thefinitive.com\/en\/prodotto\/battaglia-dogali-africa-1887-croce-bianca\/\"]}]},{\"@type\":\"BreadcrumbList\",\"@id\":\"https:\/\/thefinitive.com\/en\/prodotto\/battaglia-dogali-africa-1887-croce-bianca\/#breadcrumb\",\"itemListElement\":[{\"@type\":\"ListItem\",\"position\":1,\"name\":\"Home\",\"item\":\"https:\/\/thefinitive.com\/en\/\"},{\"@type\":\"ListItem\",\"position\":2,\"name\":\"Shop\",\"item\":\"https:\/\/thefinitive.com\/en\/shop-2\/\"},{\"@type\":\"ListItem\",\"position\":3,\"name\":\"\u274c\ud83d\ude41Battaglia DOGALI Africa 1887 &#8211; CROCE BIANCA\"}]},{\"@type\":\"WebSite\",\"@id\":\"https:\/\/thefinitive.com\/en\/#website\",\"url\":\"https:\/\/thefinitive.com\/en\/\",\"name\":\"Thefinitive\",\"description\":\"Antiquariato Online\",\"publisher\":{\"@id\":\"https:\/\/thefinitive.com\/en\/#organization\"},\"potentialAction\":[{\"@type\":\"SearchAction\",\"target\":{\"@type\":\"EntryPoint\",\"urlTemplate\":\"https:\/\/thefinitive.com\/en\/?s={search_term_string}\"},\"query-input\":\"required name=search_term_string\"}],\"inLanguage\":\"en-US\"},{\"@type\":\"Organization\",\"@id\":\"https:\/\/thefinitive.com\/en\/#organization\",\"name\":\"Thefinitive\",\"url\":\"https:\/\/thefinitive.com\/en\/\",\"logo\":{\"@type\":\"ImageObject\",\"inLanguage\":\"en-US\",\"@id\":\"https:\/\/thefinitive.com\/en\/#\/schema\/logo\/image\/\",\"url\":\"https:\/\/thefinitive.com\/wp-content\/uploads\/2019\/07\/logo4vett.svg\",\"contentUrl\":\"https:\/\/thefinitive.com\/wp-content\/uploads\/2019\/07\/logo4vett.svg\",\"width\":500,\"height\":100,\"caption\":\"Thefinitive\"},\"image\":{\"@id\":\"https:\/\/thefinitive.com\/en\/#\/schema\/logo\/image\/\"},\"sameAs\":[\"https:\/\/business.facebook.com\/Thefinitive-111771813534320\/\",\"https:\/\/www.instagram.com\/_thefinitive_\/\"]}]}<\/script>\n<!-- \/ Yoast SEO plugin. -->","yoast_head_json":{"title":"\u274c\ud83d\ude41Battaglia DOGALI Africa 1887 - CROCE BIANCA - Thefinitive","description":"Medaglia CROCE BIANCA Battaglia di Dogali 1887 MADRE DI UN EROE Campagne d'Africa spedizione 1895 Agordat Adua - acquisto militaria medaglie","robots":{"index":"index","follow":"follow","max-snippet":"max-snippet:-1","max-image-preview":"max-image-preview:large","max-video-preview":"max-video-preview:-1"},"canonical":"https:\/\/thefinitive.com\/en\/prodotto\/battaglia-dogali-africa-1887-croce-bianca\/","og_locale":"en_US","og_type":"article","og_title":"\u274c\ud83d\ude41Battaglia DOGALI Africa 1887 - CROCE BIANCA - Thefinitive","og_description":"Medaglia CROCE BIANCA Battaglia di Dogali 1887 MADRE DI UN EROE Campagne d'Africa spedizione 1895 Agordat Adua - acquisto militaria medaglie","og_url":"https:\/\/thefinitive.com\/en\/prodotto\/battaglia-dogali-africa-1887-croce-bianca\/","og_site_name":"Thefinitive","article_publisher":"https:\/\/business.facebook.com\/Thefinitive-111771813534320\/","article_modified_time":"2023-03-20T16:22:04+00:00","og_image":[{"width":2160,"height":2160,"url":"https:\/\/thefinitive.com\/wp-content\/uploads\/2021\/11\/doga1-2.jpg","type":"image\/jpeg"}],"twitter_card":"summary_large_image","twitter_misc":{"Est. reading time":"6 minutes"},"schema":{"@context":"https:\/\/schema.org","@graph":[{"@type":"WebPage","@id":"https:\/\/thefinitive.com\/en\/prodotto\/battaglia-dogali-africa-1887-croce-bianca\/","url":"https:\/\/thefinitive.com\/en\/prodotto\/battaglia-dogali-africa-1887-croce-bianca\/","name":"\u274c\ud83d\ude41Battaglia DOGALI Africa 1887 - CROCE BIANCA - Thefinitive","isPartOf":{"@id":"https:\/\/thefinitive.com\/en\/#website"},"datePublished":"2021-11-02T08:30:11+00:00","dateModified":"2023-03-20T16:22:04+00:00","description":"Medaglia CROCE BIANCA Battaglia di Dogali 1887 MADRE DI UN EROE Campagne d'Africa spedizione 1895 Agordat Adua - acquisto militaria medaglie","breadcrumb":{"@id":"https:\/\/thefinitive.com\/en\/prodotto\/battaglia-dogali-africa-1887-croce-bianca\/#breadcrumb"},"inLanguage":"en-US","potentialAction":[{"@type":"ReadAction","target":["https:\/\/thefinitive.com\/en\/prodotto\/battaglia-dogali-africa-1887-croce-bianca\/"]}]},{"@type":"BreadcrumbList","@id":"https:\/\/thefinitive.com\/en\/prodotto\/battaglia-dogali-africa-1887-croce-bianca\/#breadcrumb","itemListElement":[{"@type":"ListItem","position":1,"name":"Home","item":"https:\/\/thefinitive.com\/en\/"},{"@type":"ListItem","position":2,"name":"Shop","item":"https:\/\/thefinitive.com\/en\/shop-2\/"},{"@type":"ListItem","position":3,"name":"\u274c\ud83d\ude41Battaglia DOGALI Africa 1887 &#8211; CROCE BIANCA"}]},{"@type":"WebSite","@id":"https:\/\/thefinitive.com\/en\/#website","url":"https:\/\/thefinitive.com\/en\/","name":"Thefinitive","description":"Antiquariato Online","publisher":{"@id":"https:\/\/thefinitive.com\/en\/#organization"},"potentialAction":[{"@type":"SearchAction","target":{"@type":"EntryPoint","urlTemplate":"https:\/\/thefinitive.com\/en\/?s={search_term_string}"},"query-input":"required name=search_term_string"}],"inLanguage":"en-US"},{"@type":"Organization","@id":"https:\/\/thefinitive.com\/en\/#organization","name":"Thefinitive","url":"https:\/\/thefinitive.com\/en\/","logo":{"@type":"ImageObject","inLanguage":"en-US","@id":"https:\/\/thefinitive.com\/en\/#\/schema\/logo\/image\/","url":"https:\/\/thefinitive.com\/wp-content\/uploads\/2019\/07\/logo4vett.svg","contentUrl":"https:\/\/thefinitive.com\/wp-content\/uploads\/2019\/07\/logo4vett.svg","width":500,"height":100,"caption":"Thefinitive"},"image":{"@id":"https:\/\/thefinitive.com\/en\/#\/schema\/logo\/image\/"},"sameAs":["https:\/\/business.facebook.com\/Thefinitive-111771813534320\/","https:\/\/www.instagram.com\/_thefinitive_\/"]}]}},"_links":{"self":[{"href":"https:\/\/thefinitive.com\/en\/wp-json\/wp\/v3\/product\/9205"}],"collection":[{"href":"https:\/\/thefinitive.com\/en\/wp-json\/wp\/v3\/product"}],"about":[{"href":"https:\/\/thefinitive.com\/en\/wp-json\/wp\/v2\/types\/product"}],"replies":[{"embeddable":true,"href":"https:\/\/thefinitive.com\/en\/wp-json\/wp\/v2\/comments?post=9205"}],"version-history":[{"count":1,"href":"https:\/\/thefinitive.com\/en\/wp-json\/wp\/v3\/product\/9205\/revisions"}],"predecessor-version":[{"id":14563,"href":"https:\/\/thefinitive.com\/en\/wp-json\/wp\/v3\/product\/9205\/revisions\/14563"}],"wp:featuredmedia":[{"embeddable":true,"href":"https:\/\/thefinitive.com\/en\/wp-json\/wp\/v2\/media\/9207"}],"wp:attachment":[{"href":"https:\/\/thefinitive.com\/en\/wp-json\/wp\/v2\/media?parent=9205"}],"wp:term":[{"taxonomy":"product_cat","embeddable":true,"href":"https:\/\/thefinitive.com\/en\/wp-json\/wp\/v2\/product_cat?post=9205"},{"taxonomy":"product_tag","embeddable":true,"href":"https:\/\/thefinitive.com\/en\/wp-json\/wp\/v2\/product_tag?post=9205"}],"curies":[{"name":"wp","href":"https:\/\/api.w.org\/{rel}","templated":true}]}}