{"id":9100,"date":"2021-10-19T13:11:25","date_gmt":"2021-10-19T13:11:25","guid":{"rendered":"https:\/\/www.thefinitive.com\/?post_type=product&#038;p=9100"},"modified":"2023-03-20T17:22:13","modified_gmt":"2023-03-20T16:22:13","slug":"zaccagnini-ceramica-walt-disney-fauno-film-fantasia","status":"publish","type":"product","link":"https:\/\/thefinitive.com\/en\/prodotto\/zaccagnini-ceramica-walt-disney-fauno-film-fantasia\/","title":{"rendered":"\u274c\ud83d\ude41ZACCAGNINI ceramica Walt Disney FAUNO film &#8220;FANTASIA&#8221;"},"content":{"rendered":"<p>Personaggio in ceramica firmata <strong>ZACCAGNINI<\/strong> , serie <strong>WALT DISNEY<\/strong> , il <strong>FAUNO<\/strong> che appare nel film &#8220;<strong><em>Fantasia<\/em><\/strong>&#8221; del 1940.<\/p>\n<p><img loading=\"lazy\" decoding=\"async\" class=\"size-full wp-image-9101 aligncenter\" src=\"https:\/\/www.thefinitive.com\/wp-content\/uploads\/2021\/10\/fauno-2.jpg\" alt=\"\" width=\"295\" height=\"214\" srcset=\"https:\/\/thefinitive.com\/wp-content\/uploads\/2021\/10\/fauno-2.jpg 295w, https:\/\/thefinitive.com\/wp-content\/uploads\/2021\/10\/fauno-2-64x46.jpg 64w\" sizes=\"(max-width: 295px) 100vw, 295px\" \/><\/p>\n<p>La ceramica venne realizzata su scultura di <em><strong>Mario Bandini <\/strong><\/em>\u00a0appunto per la manifattura Zaccagnini, e prodotta a Firenze nel periodo 1940-1948 circa.<\/p>\n<p>Raffigura il piccolo fauno mentre suona il suo strumento a fiato, appoggiato su di un tronco di albero tagliato, circondato alla sua base da piccoli fiori di bosco.<\/p>\n<p>Ceramica policroma, firmata sotto la base con il simbolo della <em>Zaccagnini<\/em>, seguito dalla dicitura <strong><em>ITALY<\/em> <\/strong>, e dal numero di catalogo della serie <em>Walt Disney<\/em>\u00a0 <strong>W 101\u00a0<\/strong><\/p>\n<p>In ottime condizioni, originale, senza restauri n\u00e8 danni visibili.<\/p>\n<p>&nbsp;<\/p>\n<p><strong>MATERIALE\u00a0 \u00a0<\/strong>: ceramica policroma<\/p>\n<p><strong>MISURE\u00a0 \u00a0 \u00a0 \u00a0 \u00a0 \u00a0<\/strong>: altezza cm.18<\/p>\n<p><strong>MARCHIO\u00a0 \u00a0 \u00a0 \u00a0<\/strong>: Z ITALY\u00a0 W 101<\/p>\n<p>&nbsp;<\/p>\n<p>&nbsp;<\/p>\n<h2>NOTIZIE<\/h2>\n<p>&nbsp;<\/p>\n<h2><span id=\"Storia\" class=\"mw-headline\">Storia<\/span><\/h2>\n<p><i><b>Fantasia<\/b><\/i>\u00a0\u00e8 un\u00a0film d&#8217;animazione\u00a0del\u00a01940\u00a0diretto da registi vari, prodotto dalla\u00a0Walt Disney Productions\u00a0e distribuito dalla\u00a0Walt Disney Company<sup id=\"cite_ref-1\" class=\"reference\"><\/sup>. Con la direzione di storia di\u00a0Joe Grant\u00a0e\u00a0Dick Huemer, e la supervisione di produzione di\u00a0Ben Sharpsteen, \u00e8 il 3\u00b0 nonch\u00e9 pi\u00f9 lungo\u00a0Classico Disney. Il film \u00e8 composto da otto segmenti animati impostati su brani di musica classica diretti da\u00a0<a title=\"Leopold Stokowski\" href=\"https:\/\/it.wikipedia.org\/wiki\/Leopold_Stokowski\">Leopold Stokowski<\/a>, sette dei quali sono eseguiti dall&#8217;Orchestra di Filadelfia. Il critico musicale e compositore\u00a0Deems Taylor\u00a0agisce come\u00a0maestro di cerimonie, introducendo ogni segmento in scene\u00a0live action\u00a0interstiziali.<\/p>\n<p>Come il primo Classico Disney\u00a0<i>Biancaneve e i sette nani<\/i>, anche\u00a0<i>Fantasia<\/i>\u00a0venne ritenuto un film che non avrebbe fatto successo e portato l&#8217;azienda al fallimento. A differenza per\u00f2 di\u00a0<i>Biancaneve<\/i>,\u00a0<i>Fantasia<\/i>\u00a0fu effettivamente un insuccesso durante la prima distribuzione nelle sale statunitensi. Il film non pot\u00e9 essere esportato in Europa e fece quasi fallire l&#8217;azienda, che per\u00f2 recuper\u00f2 un anno dopo con il quarto Classico Disney,\u00a0<i>Dumbo &#8211; L&#8217;elefante volante<\/i>.<\/p>\n<p>Disney ebbe l&#8217;idea di realizzare il film mentre si avvicinava il completamento dei lavori de\u00a0<i>L&#8217;apprendista stregone<\/i>, un cortometraggio delle\u00a0<i>Sinfonie allegre<\/i>\u00a0concepito come un ritorno di\u00a0<a title=\"Topolino\" href=\"https:\/\/it.wikipedia.org\/wiki\/Topolino\">Topolino<\/a>, la cui popolarit\u00e0 era declinata. Poich\u00e9 i costi di produzione erano cresciuti, superando il possibile guadagno, Disney decise di includere il corto in un lungometraggio con altri segmenti impostati su brani classici. La colonna sonora venne registrata usando un processo multicanale e riprodotta in Fantasound, un innovativo sistema di riproduzione del suono che rese\u00a0<i>Fantasia<\/i>\u00a0il primo film commerciale proiettato in\u00a0<strong>stereofonia<\/strong>.<\/p>\n<p><i>Fantasia<\/i>\u00a0debutt\u00f2 in un numero limitato di sale in tredici citt\u00e0 degli Stati Uniti a partire dal 13 novembre 1940. Ricevette reazioni critiche contrastanti, e non fu in grado di realizzare un profitto. Fu dovuto in parte alla\u00a0seconda guerra mondiale, che tagliava fuori il redditizio mercato europeo, ma anche agli elevati costi di produzione del film, alle spese di affitto dei cinema e all&#8217;installazione delle attrezzature Fantasound per le proiezioni limitate. Inoltre parte del pubblico si allontan\u00f2 dalla Disney improvvisamente diventata &#8220;colta&#8221;, preferendo le animazioni standard. La pellicola venne riproposta pi\u00f9 volte con video e audio eliminati, restaurati e modificati a partire dal 1945 subito dopo la fine della\u00a0Seconda guerra mondiale, permettendo al film di essere riscoperto dal pubblico europeo. Ad oggi,\u00a0<i>Fantasia<\/i>\u00a0ha incassato 76 milioni di dollari di entrate nazionali ed \u00e8 il ventiduesimo maggior incasso cinematografico di tutti i tempi negli Stati Uniti\u00a0al netto dell&#8217;inflazione. Il nipote di Walt,\u00a0Roy E. Disney, co-produsse un\u00a0sequel\u00a0uscito nel 1999 dal titolo\u00a0<i>Fantasia 2000<\/i>.<\/p>\n<p>&nbsp;<\/p>\n<h2 style=\"text-align: center;\"><a href=\"https:\/\/www.thefinitive.com\/ceramica-zaccagnini-disney-larte-italiana\/\" target=\"_blank\" rel=\"noopener\">Cliccando sul seguente link avrete accesso ad alcune notizie storiche inerenti l&#8217;argomento trattato in questa vendita<\/a><\/h2>\n<p><a href=\"https:\/\/it.wikipedia.org\/wiki\/Fantasia_(film)\" target=\"_blank\" rel=\"noopener\"><img loading=\"lazy\" decoding=\"async\" class=\"wp-image-9102 aligncenter\" src=\"https:\/\/www.thefinitive.com\/wp-content\/uploads\/2021\/10\/957px-Fantasia_1940_bluray.png\" alt=\"\" width=\"637\" height=\"479\" srcset=\"https:\/\/thefinitive.com\/wp-content\/uploads\/2021\/10\/957px-Fantasia_1940_bluray.png 957w, https:\/\/thefinitive.com\/wp-content\/uploads\/2021\/10\/957px-Fantasia_1940_bluray-64x48.png 64w, https:\/\/thefinitive.com\/wp-content\/uploads\/2021\/10\/957px-Fantasia_1940_bluray-300x226.png 300w, https:\/\/thefinitive.com\/wp-content\/uploads\/2021\/10\/957px-Fantasia_1940_bluray-768x578.png 768w\" sizes=\"(max-width: 637px) 100vw, 637px\" \/><\/a><\/p>\n<p>&nbsp;<\/p>\n<p>&nbsp;<\/p>\n<p>Fonti Wikipedia :\u00a0 <a href=\"https:\/\/it.wikipedia.org\/wiki\/Fantasia_(film)\">Fantasia<\/a> , <a href=\"https:\/\/it.wikipedia.org\/wiki\/Ugo_Zaccagnini\" target=\"_blank\" rel=\"noopener\">Zaccagnini<\/a><\/p>\n<p>&nbsp;<\/p>\n<p>10.21<\/p>\n","protected":false},"excerpt":{"rendered":"<p style=\"text-align: center;\">Personaggio in ceramica firmata <strong>ZACCAGNINI<\/strong> , serie <strong>WALT DISNEY<\/strong> , il <strong>FAUNO<\/strong> dal film &#8220;<strong><em>Fantasia<\/em><\/strong>&#8221; del 1940<\/p>\n<p style=\"text-align: center;\">In ottime condizioni, originale, senza restauri o danni visibili. Altezza circa cm.18<\/p>\n<p>&nbsp;<\/p>\n<p style=\"text-align: center;\"><strong><em>(Scorri la pagina in basso per ulteriori dettagli e informazioni)<\/em><\/strong><\/p>\n","protected":false},"featured_media":9103,"comment_status":"open","ping_status":"closed","template":"","meta":[],"product_cat":[586],"product_tag":[723,244,371,370,368,661],"yoast_head":"<!-- This site is optimized with the Yoast SEO plugin v21.9.1 - https:\/\/yoast.com\/wordpress\/plugins\/seo\/ -->\n<title>\u274c\ud83d\ude41ZACCAGNINI ceramica Walt Disney FAUNO film &quot;FANTASIA&quot; Thefinitive<\/title>\n<meta name=\"description\" content=\"Ceramica della Zaccagnini serie Walt Disney - Fauno - Fantasia Mickey Mouse Apprendista Stregone TOPOLINO - acquisto ceramiche Lenci Zaccagnini\" \/>\n<meta name=\"robots\" content=\"index, follow, max-snippet:-1, max-image-preview:large, max-video-preview:-1\" \/>\n<link rel=\"canonical\" href=\"https:\/\/thefinitive.com\/en\/prodotto\/zaccagnini-ceramica-walt-disney-fauno-film-fantasia\/\" \/>\n<meta property=\"og:locale\" content=\"en_US\" \/>\n<meta property=\"og:type\" content=\"article\" \/>\n<meta property=\"og:title\" content=\"\u274c\ud83d\ude41ZACCAGNINI ceramica Walt Disney FAUNO film &quot;FANTASIA&quot; Thefinitive\" \/>\n<meta property=\"og:description\" content=\"Ceramica della Zaccagnini serie Walt Disney - Fauno - Fantasia Mickey Mouse Apprendista Stregone TOPOLINO - acquisto ceramiche Lenci Zaccagnini\" \/>\n<meta property=\"og:url\" content=\"https:\/\/thefinitive.com\/en\/prodotto\/zaccagnini-ceramica-walt-disney-fauno-film-fantasia\/\" \/>\n<meta property=\"og:site_name\" content=\"Thefinitive\" \/>\n<meta property=\"article:publisher\" content=\"https:\/\/business.facebook.com\/Thefinitive-111771813534320\/\" \/>\n<meta property=\"article:modified_time\" content=\"2023-03-20T16:22:13+00:00\" \/>\n<meta property=\"og:image\" content=\"https:\/\/thefinitive.com\/wp-content\/uploads\/2021\/10\/zacpan1-2.jpg\" \/>\n\t<meta property=\"og:image:width\" content=\"2160\" \/>\n\t<meta property=\"og:image:height\" content=\"2160\" \/>\n\t<meta property=\"og:image:type\" content=\"image\/jpeg\" \/>\n<meta name=\"twitter:card\" content=\"summary_large_image\" \/>\n<meta name=\"twitter:label1\" content=\"Est. reading time\" \/>\n\t<meta name=\"twitter:data1\" content=\"3 minutes\" \/>\n<script type=\"application\/ld+json\" class=\"yoast-schema-graph\">{\"@context\":\"https:\/\/schema.org\",\"@graph\":[{\"@type\":\"WebPage\",\"@id\":\"https:\/\/thefinitive.com\/en\/prodotto\/zaccagnini-ceramica-walt-disney-fauno-film-fantasia\/\",\"url\":\"https:\/\/thefinitive.com\/en\/prodotto\/zaccagnini-ceramica-walt-disney-fauno-film-fantasia\/\",\"name\":\"\u274c\ud83d\ude41ZACCAGNINI ceramica Walt Disney FAUNO film \\\"FANTASIA\\\" Thefinitive\",\"isPartOf\":{\"@id\":\"https:\/\/thefinitive.com\/en\/#website\"},\"datePublished\":\"2021-10-19T13:11:25+00:00\",\"dateModified\":\"2023-03-20T16:22:13+00:00\",\"description\":\"Ceramica della Zaccagnini serie Walt Disney - Fauno - Fantasia Mickey Mouse Apprendista Stregone TOPOLINO - acquisto ceramiche Lenci Zaccagnini\",\"breadcrumb\":{\"@id\":\"https:\/\/thefinitive.com\/en\/prodotto\/zaccagnini-ceramica-walt-disney-fauno-film-fantasia\/#breadcrumb\"},\"inLanguage\":\"en-US\",\"potentialAction\":[{\"@type\":\"ReadAction\",\"target\":[\"https:\/\/thefinitive.com\/en\/prodotto\/zaccagnini-ceramica-walt-disney-fauno-film-fantasia\/\"]}]},{\"@type\":\"BreadcrumbList\",\"@id\":\"https:\/\/thefinitive.com\/en\/prodotto\/zaccagnini-ceramica-walt-disney-fauno-film-fantasia\/#breadcrumb\",\"itemListElement\":[{\"@type\":\"ListItem\",\"position\":1,\"name\":\"Home\",\"item\":\"https:\/\/thefinitive.com\/en\/\"},{\"@type\":\"ListItem\",\"position\":2,\"name\":\"Shop\",\"item\":\"https:\/\/thefinitive.com\/en\/shop-2\/\"},{\"@type\":\"ListItem\",\"position\":3,\"name\":\"\u274c\ud83d\ude41ZACCAGNINI ceramica Walt Disney FAUNO film &#8220;FANTASIA&#8221;\"}]},{\"@type\":\"WebSite\",\"@id\":\"https:\/\/thefinitive.com\/en\/#website\",\"url\":\"https:\/\/thefinitive.com\/en\/\",\"name\":\"Thefinitive\",\"description\":\"Antiquariato Online\",\"publisher\":{\"@id\":\"https:\/\/thefinitive.com\/en\/#organization\"},\"potentialAction\":[{\"@type\":\"SearchAction\",\"target\":{\"@type\":\"EntryPoint\",\"urlTemplate\":\"https:\/\/thefinitive.com\/en\/?s={search_term_string}\"},\"query-input\":\"required name=search_term_string\"}],\"inLanguage\":\"en-US\"},{\"@type\":\"Organization\",\"@id\":\"https:\/\/thefinitive.com\/en\/#organization\",\"name\":\"Thefinitive\",\"url\":\"https:\/\/thefinitive.com\/en\/\",\"logo\":{\"@type\":\"ImageObject\",\"inLanguage\":\"en-US\",\"@id\":\"https:\/\/thefinitive.com\/en\/#\/schema\/logo\/image\/\",\"url\":\"https:\/\/thefinitive.com\/wp-content\/uploads\/2019\/07\/logo4vett.svg\",\"contentUrl\":\"https:\/\/thefinitive.com\/wp-content\/uploads\/2019\/07\/logo4vett.svg\",\"width\":500,\"height\":100,\"caption\":\"Thefinitive\"},\"image\":{\"@id\":\"https:\/\/thefinitive.com\/en\/#\/schema\/logo\/image\/\"},\"sameAs\":[\"https:\/\/business.facebook.com\/Thefinitive-111771813534320\/\",\"https:\/\/www.instagram.com\/_thefinitive_\/\"]}]}<\/script>\n<!-- \/ Yoast SEO plugin. -->","yoast_head_json":{"title":"\u274c\ud83d\ude41ZACCAGNINI ceramica Walt Disney FAUNO film \"FANTASIA\" Thefinitive","description":"Ceramica della Zaccagnini serie Walt Disney - Fauno - Fantasia Mickey Mouse Apprendista Stregone TOPOLINO - acquisto ceramiche Lenci Zaccagnini","robots":{"index":"index","follow":"follow","max-snippet":"max-snippet:-1","max-image-preview":"max-image-preview:large","max-video-preview":"max-video-preview:-1"},"canonical":"https:\/\/thefinitive.com\/en\/prodotto\/zaccagnini-ceramica-walt-disney-fauno-film-fantasia\/","og_locale":"en_US","og_type":"article","og_title":"\u274c\ud83d\ude41ZACCAGNINI ceramica Walt Disney FAUNO film \"FANTASIA\" Thefinitive","og_description":"Ceramica della Zaccagnini serie Walt Disney - Fauno - Fantasia Mickey Mouse Apprendista Stregone TOPOLINO - acquisto ceramiche Lenci Zaccagnini","og_url":"https:\/\/thefinitive.com\/en\/prodotto\/zaccagnini-ceramica-walt-disney-fauno-film-fantasia\/","og_site_name":"Thefinitive","article_publisher":"https:\/\/business.facebook.com\/Thefinitive-111771813534320\/","article_modified_time":"2023-03-20T16:22:13+00:00","og_image":[{"width":2160,"height":2160,"url":"https:\/\/thefinitive.com\/wp-content\/uploads\/2021\/10\/zacpan1-2.jpg","type":"image\/jpeg"}],"twitter_card":"summary_large_image","twitter_misc":{"Est. reading time":"3 minutes"},"schema":{"@context":"https:\/\/schema.org","@graph":[{"@type":"WebPage","@id":"https:\/\/thefinitive.com\/en\/prodotto\/zaccagnini-ceramica-walt-disney-fauno-film-fantasia\/","url":"https:\/\/thefinitive.com\/en\/prodotto\/zaccagnini-ceramica-walt-disney-fauno-film-fantasia\/","name":"\u274c\ud83d\ude41ZACCAGNINI ceramica Walt Disney FAUNO film \"FANTASIA\" Thefinitive","isPartOf":{"@id":"https:\/\/thefinitive.com\/en\/#website"},"datePublished":"2021-10-19T13:11:25+00:00","dateModified":"2023-03-20T16:22:13+00:00","description":"Ceramica della Zaccagnini serie Walt Disney - Fauno - Fantasia Mickey Mouse Apprendista Stregone TOPOLINO - acquisto ceramiche Lenci Zaccagnini","breadcrumb":{"@id":"https:\/\/thefinitive.com\/en\/prodotto\/zaccagnini-ceramica-walt-disney-fauno-film-fantasia\/#breadcrumb"},"inLanguage":"en-US","potentialAction":[{"@type":"ReadAction","target":["https:\/\/thefinitive.com\/en\/prodotto\/zaccagnini-ceramica-walt-disney-fauno-film-fantasia\/"]}]},{"@type":"BreadcrumbList","@id":"https:\/\/thefinitive.com\/en\/prodotto\/zaccagnini-ceramica-walt-disney-fauno-film-fantasia\/#breadcrumb","itemListElement":[{"@type":"ListItem","position":1,"name":"Home","item":"https:\/\/thefinitive.com\/en\/"},{"@type":"ListItem","position":2,"name":"Shop","item":"https:\/\/thefinitive.com\/en\/shop-2\/"},{"@type":"ListItem","position":3,"name":"\u274c\ud83d\ude41ZACCAGNINI ceramica Walt Disney FAUNO film &#8220;FANTASIA&#8221;"}]},{"@type":"WebSite","@id":"https:\/\/thefinitive.com\/en\/#website","url":"https:\/\/thefinitive.com\/en\/","name":"Thefinitive","description":"Antiquariato Online","publisher":{"@id":"https:\/\/thefinitive.com\/en\/#organization"},"potentialAction":[{"@type":"SearchAction","target":{"@type":"EntryPoint","urlTemplate":"https:\/\/thefinitive.com\/en\/?s={search_term_string}"},"query-input":"required name=search_term_string"}],"inLanguage":"en-US"},{"@type":"Organization","@id":"https:\/\/thefinitive.com\/en\/#organization","name":"Thefinitive","url":"https:\/\/thefinitive.com\/en\/","logo":{"@type":"ImageObject","inLanguage":"en-US","@id":"https:\/\/thefinitive.com\/en\/#\/schema\/logo\/image\/","url":"https:\/\/thefinitive.com\/wp-content\/uploads\/2019\/07\/logo4vett.svg","contentUrl":"https:\/\/thefinitive.com\/wp-content\/uploads\/2019\/07\/logo4vett.svg","width":500,"height":100,"caption":"Thefinitive"},"image":{"@id":"https:\/\/thefinitive.com\/en\/#\/schema\/logo\/image\/"},"sameAs":["https:\/\/business.facebook.com\/Thefinitive-111771813534320\/","https:\/\/www.instagram.com\/_thefinitive_\/"]}]}},"_links":{"self":[{"href":"https:\/\/thefinitive.com\/en\/wp-json\/wp\/v3\/product\/9100"}],"collection":[{"href":"https:\/\/thefinitive.com\/en\/wp-json\/wp\/v3\/product"}],"about":[{"href":"https:\/\/thefinitive.com\/en\/wp-json\/wp\/v2\/types\/product"}],"replies":[{"embeddable":true,"href":"https:\/\/thefinitive.com\/en\/wp-json\/wp\/v2\/comments?post=9100"}],"version-history":[{"count":1,"href":"https:\/\/thefinitive.com\/en\/wp-json\/wp\/v3\/product\/9100\/revisions"}],"predecessor-version":[{"id":14567,"href":"https:\/\/thefinitive.com\/en\/wp-json\/wp\/v3\/product\/9100\/revisions\/14567"}],"wp:featuredmedia":[{"embeddable":true,"href":"https:\/\/thefinitive.com\/en\/wp-json\/wp\/v2\/media\/9103"}],"wp:attachment":[{"href":"https:\/\/thefinitive.com\/en\/wp-json\/wp\/v2\/media?parent=9100"}],"wp:term":[{"taxonomy":"product_cat","embeddable":true,"href":"https:\/\/thefinitive.com\/en\/wp-json\/wp\/v2\/product_cat?post=9100"},{"taxonomy":"product_tag","embeddable":true,"href":"https:\/\/thefinitive.com\/en\/wp-json\/wp\/v2\/product_tag?post=9100"}],"curies":[{"name":"wp","href":"https:\/\/api.w.org\/{rel}","templated":true}]}}