{"id":9069,"date":"2021-10-18T15:01:00","date_gmt":"2021-10-18T15:01:00","guid":{"rendered":"https:\/\/www.thefinitive.com\/?post_type=product&#038;p=9069"},"modified":"2023-03-20T17:22:17","modified_gmt":"2023-03-20T16:22:17","slug":"pnf-giappone-missione-1938-medaglia-argento-vittorio-emanuele-iii","status":"publish","type":"product","link":"https:\/\/thefinitive.com\/en\/prodotto\/pnf-giappone-missione-1938-medaglia-argento-vittorio-emanuele-iii\/","title":{"rendered":"\u274c\ud83d\ude41PNF Giappone missione 1938 Medaglia argento &#8211; Vittorio Emanuele III"},"content":{"rendered":"<p>Medaglia commemorativa della <strong>Missione in Giappone<\/strong> del <strong>PNF<\/strong> , del <strong>1938<\/strong> &#8211; XVI dell&#8217;era fascista.<\/p>\n<p>Medaglia in argento, punzonato <strong>800 <\/strong>con bollo fascio <strong>18 &#8211; MI\u00a0<\/strong>coniata dalla ditta <strong>Stefano Johnson<\/strong> di Milano, su incisione (non firmata) di\u00a0 <strong>Emilio MONTI<\/strong> . Conservata nella sua scatola originale, in cartone rivestito di similpelle bordeaux, marcata nella seta interna <strong>S.JOHNSON\u00a0 MILANO\u00a0 ROMA<\/strong><\/p>\n<p>Coniata, realizzata nel 1938 a ricordo della Missione del Partito Nazionale Fascista, PNF,\u00a0 in Giappone. La missione, con finalit\u00e0 economico-politiche, fu guidata da Giacomo Paulucci de&#8217; Calboli (1887-1961).<\/p>\n<p style=\"text-align: left;\">La medaglia al <b>dritto <\/b>riporta la testa del <strong>Re Vittorio Emanuele III\u00a0<\/strong> tra due corone, nel campo a sx si legge\u00a0 <strong>V.E. = III\u00b0\u00a0 <\/strong>e nel campo a dx\u00a0 \u00a0<strong>IMP. D&#8217;ET.\u00a0 <\/strong>All&#8217;esergo riporta<\/p>\n<p style=\"text-align: center;\"><em><strong>IL TITOLO D&#8217; IMPERATORE D&#8217; ETIOPIA = VIENE ASSVNTO PER SE E PER I = <\/strong><\/em><\/p>\n<p style=\"text-align: center;\"><em><strong>SVOI SVCCESSORI DAL = RE D&#8217; ITALIA-<\/strong><\/em><\/p>\n<p>Al <strong>verso <\/strong>abbiamo un fascio verticale verso dx, su ramo d&#8217;alloro, nel campo a dx:<\/p>\n<p style=\"text-align: center;\"><em><strong>MISSIONE = DEL PARTITO = NAZIONALE FASCISTA = IN GIAPPONE = &#8211; = 1938-XVI <\/strong><\/em><\/p>\n<p>In basso, a sx: <strong>JOHNSON<\/strong><\/p>\n<p>&nbsp;<\/p>\n<p><strong>MATERIALE<\/strong>\u00a0 \u00a0: Argento 800<\/p>\n<p><strong>MISURE\u00a0 \u00a0 \u00a0<\/strong>\u00a0 \u00a0:\u00a0 diametro circa mm.40<\/p>\n<p><strong>PESO\u00a0 \u00a0 \u00a0 \u00a0 \u00a0 \u00a0 \u00a0<\/strong> :\u00a0 circa gr.41<\/p>\n<h2><\/h2>\n<h2>Notizie<\/h2>\n<p><span class=\"Stile18\"><span class=\"style5\">Il 6 gennaio 1938, per ordine del\u00a0Ministro degli Affari\u00a0<span class=\"stile33\">E<\/span>steri Galeazzo Ciano,\u00a0l&#8217;Ambasciatore\u00a0<strong>Giacomo Paolucci di Calboli<\/strong>, si mette a disposizione del Segretario del P.N.F. <strong>Achille Starace<\/strong>, per organizzare e guidare la missione italiana nell&#8217;Impero del <strong>Sol Levante<\/strong> annunciata con il Foglio di Disposizioni del P.N.F. nr. 949 dell&#8217;11 gennaio 1938.<\/span><\/span><\/p>\n<p><span class=\"Stile18\"><span class=\"style5\">Il viaggio venne preparato con la collaborazione di vari organi e con l&#8217;appoggio dell&#8217;Ambasciatore del Giappone a Roma, S.E. Hotta che, su esplicita richiesta del suo governo, fece in modo di estendere il viaggio verso il nuovo Impero del Manciuku\u00f2 e la Cina del Nord.<br \/>\nLa scelta di Paolucci quale Capo Missione era dettata tanto dalla sua grande capacit\u00e0 professionale quanto dall&#8217;esperienza che si era fatto durante i primi annni della sua carriera diplomatica quando prestava servizio a Tokyo. Profondo conoscitore delle usanze orientali, si fece assegnare dal Ministero degli Affari Esteri una cospicua dotazione di doni per contraccambiare la proverbiale ospitalit\u00e0 delle popolazioni del Giappone e della Cina. Molti doni erano costituiti da pubblicazioni di pregio: sette serie complete dell&#8217;<em>Enciclopedia Treccani,<\/em>\u00a0una copia della\u00a0<em>Bibbia di Borso d&#8217;Este<\/em>, una copia di pregevole fattura della\u00a0<em>Divina Commedia<\/em>, una della riproduzione d&#8217;arte del\u00a0<em>Codice Caetani<\/em>, una copia del\u00a0<em>Grande dizionario enciclopedico<\/em>, una dell&#8217;<em>Atlante Internazionale del Touring\u00a0<\/em>e la riproduzione integrale del\u00a0<em>Codice Virgiliano<\/em>\u00a0con annotazioni del Petrarca. Inoltre vennero scelte molte copie della pubblicazione di Luigi Pasquini sulla Romagna, 22 documentari dell&#8217;Istituto Nazionale Luce, con doppiaggio in inglese, molte fotografie autografate del Duce, di Ciano e Starace, infine <em><strong>un congruo numero di medaglie, appositamente coniate in bronzo e argento con l&#8217;effigie del Re e del Duce, da distribuire in ricordo della missione<\/strong><\/em> (esattamente come la medaglia che viene proposta qui in vendita)<\/span><\/span><\/p>\n<p><span class=\"Stile18\"><span class=\"style5\">Il 17 febbraio 1938, salutata dalle autorit\u00e0 e da numerosi cittadini, la missione parte dalla capitale diretta con il treno a Napoli, dove l&#8217;attende l&#8217;imbarco sulla motonave &#8220;Conte Biancamano&#8221; della societ\u00e0 Lloyd Triestino. Toccando i porti di Porto Said, Massaua, Aden, Bombay e Colombo, l&#8217;8 marzo la missione giunge a Singapore dove viene ricevuta dal Sultano. Toccando poi Manila e Hong Kong la nave arriva Shangai il 15 marzo, dove si trattiene due giorni prima di ripartire per Nagasaki. L&#8217;accoglienza riservata alla missione italiana in Giappone \u00e8 ovunque calorosa e improntata alla pi\u00f9 squisita ospitalit\u00e0 orientale. All&#8217;arrivo nel porto di Nagasaki, primoapproccio con la terra del Tenno, gli italiani trovano ad attenderli un&#8217;efficientissima organizzazione che provvede a tutto, alloggiando i 22 membri della missione nei migliori alberghi e assecondandoli in ogni loro esigenza.\u00a0<\/span><\/span><\/p>\n<p><span class=\"Stile18\"><span class=\"style5\">(\u00a0<span class=\"stile34\">Notizie storiche e foto ricavate dal nr. 57 della rivista &#8220;Uniformi &amp; Armi&#8221; del dicembre 1995<\/span><span class=\"stile33\">\u00a0)<\/span><\/span><\/span><\/p>\n<p>&nbsp;<\/p>\n<h3 style=\"text-align: center;\"><a href=\"https:\/\/www.thefinitive.com\/pnf-partito-nazionale-fascista-mussolini\/\" target=\"_blank\" rel=\"noopener\">Cliccando sul seguente link\/foto si accede ad una sezione con notizie storiche,documentali e vario inerenti la tematica dell\u2019oggetto in vendita<\/a><\/h3>\n<p>&nbsp;<\/p>\n<p><a href=\"https:\/\/www.thefinitive.com\/missione-pnf-giappone-1938-impero-tripartito\/\" target=\"_blank\" rel=\"noopener\"><img loading=\"lazy\" decoding=\"async\" class=\"aligncenter wp-image-9067 size-full\" src=\"https:\/\/www.thefinitive.com\/wp-content\/uploads\/2021\/10\/giappone_3.jpg\" alt=\"https:\/\/www.thefinitive.com\/?p=9066\" width=\"450\" height=\"352\" srcset=\"https:\/\/thefinitive.com\/wp-content\/uploads\/2021\/10\/giappone_3.jpg 450w, https:\/\/thefinitive.com\/wp-content\/uploads\/2021\/10\/giappone_3-64x50.jpg 64w, https:\/\/thefinitive.com\/wp-content\/uploads\/2021\/10\/giappone_3-300x235.jpg 300w\" sizes=\"(max-width: 450px) 100vw, 450px\" \/><\/a><\/p>\n<p>&nbsp;<\/p>\n<p>Fonte degli articoli\u00a0 :\u00a0 Wikipedia<\/p>\n<p>&nbsp;<\/p>\n<p>10.21<\/p>\n","protected":false},"excerpt":{"rendered":"<p style=\"text-align: center;\">Medaglia commemorativa della <strong>Missione in Giappone<\/strong> del <strong>PNF<\/strong> , del <strong>1938<\/strong> &#8211; XVI dell&#8217;era fascista.<\/p>\n<p style=\"text-align: center;\">Medaglia in argento, punzonato <strong>800 <\/strong>con bollo fascio <strong>18 &#8211; MI\u00a0<\/strong>, <strong>Stefano Johnson<\/strong> di Milano. Nella sua scatola originale, in cartone rivestito di similpelle bordeaux, marcata\u00a0 <strong>S.JOHNSON\u00a0 MILANO\u00a0 ROMA<\/strong><\/p>\n<p style=\"text-align: center;\">In ottimo stato, garantita originale dell&#8217;epoca<\/p>\n<p style=\"text-align: center;\"><strong><em>(Scorri la pagina in basso per ulteriori dettagli e informazioni)<\/em><\/strong><\/p>\n","protected":false},"featured_media":9070,"comment_status":"open","ping_status":"closed","template":"","meta":[],"product_cat":[586],"product_tag":[723,659,198,156,660],"yoast_head":"<!-- This site is optimized with the Yoast SEO plugin v21.9.1 - https:\/\/yoast.com\/wordpress\/plugins\/seo\/ -->\n<title>\u274c\ud83d\ude41PNF Giappone missione 1938 Medaglia argento - Vittorio Emanuele III - Thefinitive<\/title>\n<meta name=\"description\" content=\"Medaglia in argento della Missione in Giappone del PNF del 1938 - Vittorio Emanuele III - Johnson in scatola - acquisto militaria dannunziana medaglie\" \/>\n<meta name=\"robots\" content=\"index, follow, max-snippet:-1, max-image-preview:large, max-video-preview:-1\" \/>\n<link rel=\"canonical\" href=\"https:\/\/thefinitive.com\/en\/prodotto\/pnf-giappone-missione-1938-medaglia-argento-vittorio-emanuele-iii\/\" \/>\n<meta property=\"og:locale\" content=\"en_US\" \/>\n<meta property=\"og:type\" content=\"article\" \/>\n<meta property=\"og:title\" content=\"\u274c\ud83d\ude41PNF Giappone missione 1938 Medaglia argento - Vittorio Emanuele III - Thefinitive\" \/>\n<meta property=\"og:description\" content=\"Medaglia in argento della Missione in Giappone del PNF del 1938 - Vittorio Emanuele III - Johnson in scatola - acquisto militaria dannunziana medaglie\" \/>\n<meta property=\"og:url\" content=\"https:\/\/thefinitive.com\/en\/prodotto\/pnf-giappone-missione-1938-medaglia-argento-vittorio-emanuele-iii\/\" \/>\n<meta property=\"og:site_name\" content=\"Thefinitive\" \/>\n<meta property=\"article:publisher\" content=\"https:\/\/business.facebook.com\/Thefinitive-111771813534320\/\" \/>\n<meta property=\"article:modified_time\" content=\"2023-03-20T16:22:17+00:00\" \/>\n<meta property=\"og:image\" content=\"https:\/\/thefinitive.com\/wp-content\/uploads\/2021\/10\/giapvit1-2.jpg\" \/>\n\t<meta property=\"og:image:width\" content=\"2160\" \/>\n\t<meta property=\"og:image:height\" content=\"2160\" \/>\n\t<meta property=\"og:image:type\" content=\"image\/jpeg\" \/>\n<meta name=\"twitter:card\" content=\"summary_large_image\" \/>\n<meta name=\"twitter:label1\" content=\"Est. reading time\" \/>\n\t<meta name=\"twitter:data1\" content=\"4 minutes\" \/>\n<script type=\"application\/ld+json\" class=\"yoast-schema-graph\">{\"@context\":\"https:\/\/schema.org\",\"@graph\":[{\"@type\":\"WebPage\",\"@id\":\"https:\/\/thefinitive.com\/en\/prodotto\/pnf-giappone-missione-1938-medaglia-argento-vittorio-emanuele-iii\/\",\"url\":\"https:\/\/thefinitive.com\/en\/prodotto\/pnf-giappone-missione-1938-medaglia-argento-vittorio-emanuele-iii\/\",\"name\":\"\u274c\ud83d\ude41PNF Giappone missione 1938 Medaglia argento - Vittorio Emanuele III - Thefinitive\",\"isPartOf\":{\"@id\":\"https:\/\/thefinitive.com\/en\/#website\"},\"datePublished\":\"2021-10-18T15:01:00+00:00\",\"dateModified\":\"2023-03-20T16:22:17+00:00\",\"description\":\"Medaglia in argento della Missione in Giappone del PNF del 1938 - Vittorio Emanuele III - Johnson in scatola - acquisto militaria dannunziana medaglie\",\"breadcrumb\":{\"@id\":\"https:\/\/thefinitive.com\/en\/prodotto\/pnf-giappone-missione-1938-medaglia-argento-vittorio-emanuele-iii\/#breadcrumb\"},\"inLanguage\":\"en-US\",\"potentialAction\":[{\"@type\":\"ReadAction\",\"target\":[\"https:\/\/thefinitive.com\/en\/prodotto\/pnf-giappone-missione-1938-medaglia-argento-vittorio-emanuele-iii\/\"]}]},{\"@type\":\"BreadcrumbList\",\"@id\":\"https:\/\/thefinitive.com\/en\/prodotto\/pnf-giappone-missione-1938-medaglia-argento-vittorio-emanuele-iii\/#breadcrumb\",\"itemListElement\":[{\"@type\":\"ListItem\",\"position\":1,\"name\":\"Home\",\"item\":\"https:\/\/thefinitive.com\/en\/\"},{\"@type\":\"ListItem\",\"position\":2,\"name\":\"Shop\",\"item\":\"https:\/\/thefinitive.com\/en\/shop-2\/\"},{\"@type\":\"ListItem\",\"position\":3,\"name\":\"\u274c\ud83d\ude41PNF Giappone missione 1938 Medaglia argento &#8211; Vittorio Emanuele III\"}]},{\"@type\":\"WebSite\",\"@id\":\"https:\/\/thefinitive.com\/en\/#website\",\"url\":\"https:\/\/thefinitive.com\/en\/\",\"name\":\"Thefinitive\",\"description\":\"Antiquariato Online\",\"publisher\":{\"@id\":\"https:\/\/thefinitive.com\/en\/#organization\"},\"potentialAction\":[{\"@type\":\"SearchAction\",\"target\":{\"@type\":\"EntryPoint\",\"urlTemplate\":\"https:\/\/thefinitive.com\/en\/?s={search_term_string}\"},\"query-input\":\"required name=search_term_string\"}],\"inLanguage\":\"en-US\"},{\"@type\":\"Organization\",\"@id\":\"https:\/\/thefinitive.com\/en\/#organization\",\"name\":\"Thefinitive\",\"url\":\"https:\/\/thefinitive.com\/en\/\",\"logo\":{\"@type\":\"ImageObject\",\"inLanguage\":\"en-US\",\"@id\":\"https:\/\/thefinitive.com\/en\/#\/schema\/logo\/image\/\",\"url\":\"https:\/\/thefinitive.com\/wp-content\/uploads\/2019\/07\/logo4vett.svg\",\"contentUrl\":\"https:\/\/thefinitive.com\/wp-content\/uploads\/2019\/07\/logo4vett.svg\",\"width\":500,\"height\":100,\"caption\":\"Thefinitive\"},\"image\":{\"@id\":\"https:\/\/thefinitive.com\/en\/#\/schema\/logo\/image\/\"},\"sameAs\":[\"https:\/\/business.facebook.com\/Thefinitive-111771813534320\/\",\"https:\/\/www.instagram.com\/_thefinitive_\/\"]}]}<\/script>\n<!-- \/ Yoast SEO plugin. -->","yoast_head_json":{"title":"\u274c\ud83d\ude41PNF Giappone missione 1938 Medaglia argento - Vittorio Emanuele III - Thefinitive","description":"Medaglia in argento della Missione in Giappone del PNF del 1938 - Vittorio Emanuele III - Johnson in scatola - acquisto militaria dannunziana medaglie","robots":{"index":"index","follow":"follow","max-snippet":"max-snippet:-1","max-image-preview":"max-image-preview:large","max-video-preview":"max-video-preview:-1"},"canonical":"https:\/\/thefinitive.com\/en\/prodotto\/pnf-giappone-missione-1938-medaglia-argento-vittorio-emanuele-iii\/","og_locale":"en_US","og_type":"article","og_title":"\u274c\ud83d\ude41PNF Giappone missione 1938 Medaglia argento - Vittorio Emanuele III - Thefinitive","og_description":"Medaglia in argento della Missione in Giappone del PNF del 1938 - Vittorio Emanuele III - Johnson in scatola - acquisto militaria dannunziana medaglie","og_url":"https:\/\/thefinitive.com\/en\/prodotto\/pnf-giappone-missione-1938-medaglia-argento-vittorio-emanuele-iii\/","og_site_name":"Thefinitive","article_publisher":"https:\/\/business.facebook.com\/Thefinitive-111771813534320\/","article_modified_time":"2023-03-20T16:22:17+00:00","og_image":[{"width":2160,"height":2160,"url":"https:\/\/thefinitive.com\/wp-content\/uploads\/2021\/10\/giapvit1-2.jpg","type":"image\/jpeg"}],"twitter_card":"summary_large_image","twitter_misc":{"Est. reading time":"4 minutes"},"schema":{"@context":"https:\/\/schema.org","@graph":[{"@type":"WebPage","@id":"https:\/\/thefinitive.com\/en\/prodotto\/pnf-giappone-missione-1938-medaglia-argento-vittorio-emanuele-iii\/","url":"https:\/\/thefinitive.com\/en\/prodotto\/pnf-giappone-missione-1938-medaglia-argento-vittorio-emanuele-iii\/","name":"\u274c\ud83d\ude41PNF Giappone missione 1938 Medaglia argento - Vittorio Emanuele III - Thefinitive","isPartOf":{"@id":"https:\/\/thefinitive.com\/en\/#website"},"datePublished":"2021-10-18T15:01:00+00:00","dateModified":"2023-03-20T16:22:17+00:00","description":"Medaglia in argento della Missione in Giappone del PNF del 1938 - Vittorio Emanuele III - Johnson in scatola - acquisto militaria dannunziana medaglie","breadcrumb":{"@id":"https:\/\/thefinitive.com\/en\/prodotto\/pnf-giappone-missione-1938-medaglia-argento-vittorio-emanuele-iii\/#breadcrumb"},"inLanguage":"en-US","potentialAction":[{"@type":"ReadAction","target":["https:\/\/thefinitive.com\/en\/prodotto\/pnf-giappone-missione-1938-medaglia-argento-vittorio-emanuele-iii\/"]}]},{"@type":"BreadcrumbList","@id":"https:\/\/thefinitive.com\/en\/prodotto\/pnf-giappone-missione-1938-medaglia-argento-vittorio-emanuele-iii\/#breadcrumb","itemListElement":[{"@type":"ListItem","position":1,"name":"Home","item":"https:\/\/thefinitive.com\/en\/"},{"@type":"ListItem","position":2,"name":"Shop","item":"https:\/\/thefinitive.com\/en\/shop-2\/"},{"@type":"ListItem","position":3,"name":"\u274c\ud83d\ude41PNF Giappone missione 1938 Medaglia argento &#8211; Vittorio Emanuele III"}]},{"@type":"WebSite","@id":"https:\/\/thefinitive.com\/en\/#website","url":"https:\/\/thefinitive.com\/en\/","name":"Thefinitive","description":"Antiquariato Online","publisher":{"@id":"https:\/\/thefinitive.com\/en\/#organization"},"potentialAction":[{"@type":"SearchAction","target":{"@type":"EntryPoint","urlTemplate":"https:\/\/thefinitive.com\/en\/?s={search_term_string}"},"query-input":"required name=search_term_string"}],"inLanguage":"en-US"},{"@type":"Organization","@id":"https:\/\/thefinitive.com\/en\/#organization","name":"Thefinitive","url":"https:\/\/thefinitive.com\/en\/","logo":{"@type":"ImageObject","inLanguage":"en-US","@id":"https:\/\/thefinitive.com\/en\/#\/schema\/logo\/image\/","url":"https:\/\/thefinitive.com\/wp-content\/uploads\/2019\/07\/logo4vett.svg","contentUrl":"https:\/\/thefinitive.com\/wp-content\/uploads\/2019\/07\/logo4vett.svg","width":500,"height":100,"caption":"Thefinitive"},"image":{"@id":"https:\/\/thefinitive.com\/en\/#\/schema\/logo\/image\/"},"sameAs":["https:\/\/business.facebook.com\/Thefinitive-111771813534320\/","https:\/\/www.instagram.com\/_thefinitive_\/"]}]}},"_links":{"self":[{"href":"https:\/\/thefinitive.com\/en\/wp-json\/wp\/v3\/product\/9069"}],"collection":[{"href":"https:\/\/thefinitive.com\/en\/wp-json\/wp\/v3\/product"}],"about":[{"href":"https:\/\/thefinitive.com\/en\/wp-json\/wp\/v2\/types\/product"}],"replies":[{"embeddable":true,"href":"https:\/\/thefinitive.com\/en\/wp-json\/wp\/v2\/comments?post=9069"}],"version-history":[{"count":1,"href":"https:\/\/thefinitive.com\/en\/wp-json\/wp\/v3\/product\/9069\/revisions"}],"predecessor-version":[{"id":14569,"href":"https:\/\/thefinitive.com\/en\/wp-json\/wp\/v3\/product\/9069\/revisions\/14569"}],"wp:featuredmedia":[{"embeddable":true,"href":"https:\/\/thefinitive.com\/en\/wp-json\/wp\/v2\/media\/9070"}],"wp:attachment":[{"href":"https:\/\/thefinitive.com\/en\/wp-json\/wp\/v2\/media?parent=9069"}],"wp:term":[{"taxonomy":"product_cat","embeddable":true,"href":"https:\/\/thefinitive.com\/en\/wp-json\/wp\/v2\/product_cat?post=9069"},{"taxonomy":"product_tag","embeddable":true,"href":"https:\/\/thefinitive.com\/en\/wp-json\/wp\/v2\/product_tag?post=9069"}],"curies":[{"name":"wp","href":"https:\/\/api.w.org\/{rel}","templated":true}]}}