{"id":8996,"date":"2021-08-29T15:41:42","date_gmt":"2021-08-29T13:41:42","guid":{"rendered":"https:\/\/www.thefinitive.com\/?post_type=product&#038;p=8996"},"modified":"2023-07-08T17:13:09","modified_gmt":"2023-07-08T15:13:09","slug":"croce-volontari-pro-dalmazia-con-scatola-lorioli","status":"publish","type":"product","link":"https:\/\/thefinitive.com\/en\/prodotto\/croce-volontari-pro-dalmazia-con-scatola-lorioli\/","title":{"rendered":"Croce volontari PRO DALMAZIA con scatola &#8211; LORIOLI"},"content":{"rendered":"<p class=\"stile23\">Croce dei volontari <strong>PRO DALMAZIA<\/strong>\u00a0 , conosciuta anche come Croce Dalmatica o dei Volontari di Dalmazia, assegnata a militari e civili che si erano prodigati per una Dalmazia italiana al termine della Prima Guerra Mondiale, in seguito alla <em><strong>VITTORIA MUTILATA<\/strong><\/em>\u00a0 lamentata da D&#8217;Annunzio e da tutti gli italiani, per la disattesa annessione della Dalmazia all&#8217;Italia nonostante la sottoscrizione dei paesi vincitori al Patto di Londra.<\/p>\n<p class=\"stile23\">Realizzata in metallo dorato con bracci smaltati di rosso uniti da quattro nodi Savoia in smalto azzurro e oro, riporta al centro lo stemma della Dalmazia con le tre teste di leopardo coronate, sormontato dal Leone di San Marco.<\/p>\n<p class=\"stile23\">Esemplare di &#8220;prima classe&#8221; della croce dei volontari Pro Dalmazia,\u00a0 misura\u00a0 circa\u00a0 <strong>mm 40&#215;40<\/strong> , dotata di spilla posteriore e marcata\u00a0 <strong>F.lli Lorioli\u00a0<\/strong>di Milano. E&#8217; completa della sua scatola originale azzurra, con interno in velluto.<\/p>\n<p class=\"stile23\">La &#8220;Pro Dalmazia&#8221;\u00a0 nacque dalla &#8220;Dante Alighieri&#8221; , legata all&#8217;Associazione Nazionale Volontari di Guerra,\u00a0 venne legalmente costituita in Italia nel 1919 subito dopo la fine della guerra. Essa rivendicava l&#8217;italianit\u00e0 della Dalmazia e raccoglieva tra i suoi soci nomi come Armando Diaz, un principe d&#8217;Aragona, il principe Colonna di Cesar\u00f2 ed Eugenio Cosleschi, stretto collaboratore di D\u2019Annunzio a Fiume. I componenti della Pro Dalmazia, sostenevano e parteciparono alla nascita del fascismo ottenendo dal Re i <em>\u201c<strong>sovrani ringraziamenti per l\u2019opera svolta<\/strong>\u201c<\/em>. L\u2019originaria impostazione irredentista della \u201cPro Dalmazia\u201d sub\u00ec delle trasformazioni negli anni, e cos\u00ec non puntava solo, come pure dichiarava nel programma, alla \u201cdifesa dell\u2019italianit\u00e0 in Dalmazia&#8221;, ma intendeva imporre, in nome dell\u2019antica romanit\u00e0, una pretesa superiorit\u00e0 etnica.<br \/>\nIl 4 novembre 1928, la \u201cPro Dalmazia\u201d venne assorbita nel \u201cComitato d\u2019azione Dalmatica\u201d, sorto \u201c<em>allo scopo di uniformare alle direttive del Regime e di rendere sempre pi\u00f9 efficace ed omogenea l\u2019azione per la difesa dell\u2019italianit\u00e0 e dei diritti d\u2019Italia nella Dalmazia\u201c<\/em>.<\/p>\n<p class=\"stile23\">Tra il 1929 e il 1930, mentre nelle citt\u00e0 italiane compaiono striscioline di carta con la scritta dattilografata &#8220;Dalmazia o morte\u201c, la nuova associazione, che ha sede a Milano, finisce sotto il totale controllo del regime, che affida a Eugenio Coselschi la direzione di un organo settimanale nazionale, \u201cVolont\u00e0 d\u2019Italia\u201d, di ispirazione imperialista e assorbe nella \u201cPro Dalmazia\u201d i militanti di tutte le associazioni consimili, sciolte dai prefetti per espressa volont\u00e0 del duce. Il regime, avviandosi all\u2019avventura coloniale, lavora ad una trasformazione profonda di ci\u00f2 che resta della vecchia \u201cPro Dalmazia\u201d e dei suoi Comitati, assorbendoli, come annuncia la \u201cStefani\u201d nell\u2019ottobre del 1933, nei \u201cComitati d\u2019azione per la Universalit\u00e0 di Roma\u201d.<\/p>\n<p><span class=\"stile23\">\u00a0<\/span><\/p>\n<p>&nbsp;<\/p>\n<p><strong>MATERIALE<\/strong> <strong>&#8230;&#8230;. :<\/strong>\u00a0 metallo e smalti policromi<\/p>\n<p><strong>DIMENSIONI<\/strong> <strong>&#8230;&#8230;:\u00a0<\/strong> mm. 40 x 40<\/p>\n<p><strong>MARCHIO<\/strong> <strong>&#8230;&#8230;&#8230;..:\u00a0<\/strong> Lorioli, Milano<\/p>\n<p>&nbsp;<\/p>\n<h2><\/h2>\n<h2 style=\"text-align: left;\">NOTIZIE<\/h2>\n<p>Dopo la guerra, in base al\u00a0<a class=\"mw-redirect\" title=\"Patto di Londra (1915)\" href=\"https:\/\/it.wikipedia.org\/wiki\/Patto_di_Londra_(1915)\">Patto di Londra<\/a> con cui aveva negoziato la propria entrata in guerra, l&#8217;Italia avrebbe dovuto ottenere la Dalmazia settentrionale incluse le citt\u00e0 di Zara, Sebenico e Tenin. Tuttavia, in base al principio della nazionalit\u00e0 propugnato dal presidente statunitense Woodrow Wilson, la Dalmazia venne annessa al neocostituito Regno dei Serbi, dei Croati e degli Sloveni, con l&#8217;eccezione di Zara (a maggioranza italiana) e dell&#8217;isola di Lagosta, che con altre isole (Cherso e Lussino) vennero annesse all&#8217;Italia. (Questo foulard inneggia alla Dalmazia italiana , 1915)<\/p>\n<p>Al termine del conflitto 1915-1918 , molti italiani dalla Dalmazia emigrarono in Italia, specialmente a Zara, unica citt\u00e0 dalmata annessa all&#8217;Italia. Tra il 1918 e il 1921 la comunit\u00e0 italiana della Dalmazia sub\u00ec rappresaglie, ma in seguito alle convenzioni di Nettuno stipulate tra l&#8217;Italia e il Regno dei Serbi, Croati e Sloveni godette di protezioni come minoranza linguistica, anche se rimasero spesso sulla carta.<\/p>\n<p>Negli anni venti la Dalmazia iugoslava divent\u00f2 teatro di scontri tra il movimento autonomista croato, connesso alla figura di Stjepan Radi\u0107, e le forze centraliste legate alla politica serba dei governi di Belgrado (ORJUNA). Al contrario, nella Dalmazia italiana si ebbe un notevole sviluppo economico favorito dagli aiuti economici con matrice politico-propagandistica voluti dal Fascismo&#8230;\u00a0 &lt;continua&gt;<\/p>\n<p style=\"text-align: center;\"><a href=\"https:\/\/www.thefinitive.com\/dalmazia-zara-irredentismo-dannunzio\/\" target=\"_blank\" rel=\"noopener\"><strong>CLICCANDO SUL SEGUENTE LINK AVRETE ACCESSO A NOTIZIE SULL&#8217;ARGOMENTO TRATTATO<\/strong><\/a><\/p>\n<p><a href=\"https:\/\/www.thefinitive.com\/dalmazia-zara-irredentismo-dannunzio\/\" target=\"_blank\" rel=\"noopener\"><img loading=\"lazy\" decoding=\"async\" class=\" wp-image-9009 aligncenter\" src=\"https:\/\/www.thefinitive.com\/wp-content\/uploads\/2021\/08\/PRO-DALMAZIA_illustratore-livio-apolloni-2.jpg\" alt=\"\" width=\"433\" height=\"689\" srcset=\"https:\/\/thefinitive.com\/wp-content\/uploads\/2021\/08\/PRO-DALMAZIA_illustratore-livio-apolloni-2.jpg 524w, https:\/\/thefinitive.com\/wp-content\/uploads\/2021\/08\/PRO-DALMAZIA_illustratore-livio-apolloni-2-64x102.jpg 64w, https:\/\/thefinitive.com\/wp-content\/uploads\/2021\/08\/PRO-DALMAZIA_illustratore-livio-apolloni-2-188x300.jpg 188w\" sizes=\"(max-width: 433px) 100vw, 433px\" \/><\/a><\/p>\n<p>&nbsp;<\/p>\n<p>&nbsp;<\/p>\n<p>Fonti <a href=\"https:\/\/it.wikipedia.org\/wiki\/Storia_della_Dalmazia\"><em>Wikipedia<\/em><\/a> , altri siti di vendita online per notizie storiche<\/p>\n<p>&nbsp;<\/p>\n<p>8.21<\/p>\n","protected":false},"excerpt":{"rendered":"<p class=\"stile23\" style=\"text-align: center;\">Croce dei volontari <strong>PRO DALMAZIA<\/strong>\u00a0 , per militari e civili che si erano prodigati per una Dalmazia italiana al termine della Prima Guerra Mondiale.<\/p>\n<p class=\"stile23\" style=\"text-align: center;\">Realizzata in metallo dorato con bracci smaltati di rosso, uniti da quattro nodi Savoia in smalto azzurro e oro, con al centro lo stemma della Dalmazia con le tre teste di leopardo coronate, sormontato dal Leone di San Marco<\/p>\n<p class=\"stile23\" style=\"text-align: center;\">Esemplare di &#8220;prima classe&#8221; . Misura\u00a0 circa\u00a0 <strong>mm 40&#215;40<\/strong> , marcata\u00a0 <strong>F.lli Lorioli\u00a0<\/strong>di Milano. In scatola originale azzurra<\/p>\n<p style=\"text-align: center;\"><strong><em>(Scorri la pagina in basso per ulteriori dettagli e informazioni)<\/em><\/strong><\/p>\n<p>&nbsp;<\/p>\n<p>&nbsp;<\/p>\n","protected":false},"featured_media":8997,"comment_status":"open","ping_status":"closed","template":"","meta":[],"product_cat":[586],"product_tag":[182,556,155,557,198,470,301],"yoast_head":"<!-- This site is optimized with the Yoast SEO plugin v21.9.1 - https:\/\/yoast.com\/wordpress\/plugins\/seo\/ -->\n<title>Croce volontari PRO DALMAZIA con scatola - LORIOLI - Thefinitive<\/title>\n<meta name=\"description\" content=\"Croce a spilla volontari PRO DALMAZIA irredentismo Prima Guerra Mondiale 1915 1918, Vittoria Mutilata, Yugoslavia Esuli , ACQUISTO MEDAGLIE\" \/>\n<meta name=\"robots\" content=\"index, follow, max-snippet:-1, max-image-preview:large, max-video-preview:-1\" \/>\n<link rel=\"canonical\" href=\"https:\/\/thefinitive.com\/en\/prodotto\/croce-volontari-pro-dalmazia-con-scatola-lorioli\/\" \/>\n<meta property=\"og:locale\" content=\"en_US\" \/>\n<meta property=\"og:type\" content=\"article\" \/>\n<meta property=\"og:title\" content=\"Croce volontari PRO DALMAZIA con scatola - LORIOLI - Thefinitive\" \/>\n<meta property=\"og:description\" content=\"Croce a spilla volontari PRO DALMAZIA irredentismo Prima Guerra Mondiale 1915 1918, Vittoria Mutilata, Yugoslavia Esuli , ACQUISTO MEDAGLIE\" \/>\n<meta property=\"og:url\" content=\"https:\/\/thefinitive.com\/en\/prodotto\/croce-volontari-pro-dalmazia-con-scatola-lorioli\/\" \/>\n<meta property=\"og:site_name\" content=\"Thefinitive\" \/>\n<meta property=\"article:publisher\" content=\"https:\/\/business.facebook.com\/Thefinitive-111771813534320\/\" \/>\n<meta property=\"article:modified_time\" content=\"2023-07-08T15:13:09+00:00\" \/>\n<meta property=\"og:image\" content=\"https:\/\/thefinitive.com\/wp-content\/uploads\/2021\/08\/dalm1-2-scaled.jpg\" \/>\n\t<meta property=\"og:image:width\" content=\"1440\" \/>\n\t<meta property=\"og:image:height\" content=\"2560\" \/>\n\t<meta property=\"og:image:type\" content=\"image\/jpeg\" \/>\n<meta name=\"twitter:card\" content=\"summary_large_image\" \/>\n<meta name=\"twitter:label1\" content=\"Est. reading time\" \/>\n\t<meta name=\"twitter:data1\" content=\"4 minutes\" \/>\n<script type=\"application\/ld+json\" class=\"yoast-schema-graph\">{\"@context\":\"https:\/\/schema.org\",\"@graph\":[{\"@type\":\"WebPage\",\"@id\":\"https:\/\/thefinitive.com\/en\/prodotto\/croce-volontari-pro-dalmazia-con-scatola-lorioli\/\",\"url\":\"https:\/\/thefinitive.com\/en\/prodotto\/croce-volontari-pro-dalmazia-con-scatola-lorioli\/\",\"name\":\"Croce volontari PRO DALMAZIA con scatola - LORIOLI - Thefinitive\",\"isPartOf\":{\"@id\":\"https:\/\/thefinitive.com\/en\/#website\"},\"datePublished\":\"2021-08-29T13:41:42+00:00\",\"dateModified\":\"2023-07-08T15:13:09+00:00\",\"description\":\"Croce a spilla volontari PRO DALMAZIA irredentismo Prima Guerra Mondiale 1915 1918, Vittoria Mutilata, Yugoslavia Esuli , ACQUISTO MEDAGLIE\",\"breadcrumb\":{\"@id\":\"https:\/\/thefinitive.com\/en\/prodotto\/croce-volontari-pro-dalmazia-con-scatola-lorioli\/#breadcrumb\"},\"inLanguage\":\"en-US\",\"potentialAction\":[{\"@type\":\"ReadAction\",\"target\":[\"https:\/\/thefinitive.com\/en\/prodotto\/croce-volontari-pro-dalmazia-con-scatola-lorioli\/\"]}]},{\"@type\":\"BreadcrumbList\",\"@id\":\"https:\/\/thefinitive.com\/en\/prodotto\/croce-volontari-pro-dalmazia-con-scatola-lorioli\/#breadcrumb\",\"itemListElement\":[{\"@type\":\"ListItem\",\"position\":1,\"name\":\"Home\",\"item\":\"https:\/\/thefinitive.com\/en\/\"},{\"@type\":\"ListItem\",\"position\":2,\"name\":\"Shop\",\"item\":\"https:\/\/thefinitive.com\/en\/shop-2\/\"},{\"@type\":\"ListItem\",\"position\":3,\"name\":\"Croce volontari PRO DALMAZIA con scatola &#8211; LORIOLI\"}]},{\"@type\":\"WebSite\",\"@id\":\"https:\/\/thefinitive.com\/en\/#website\",\"url\":\"https:\/\/thefinitive.com\/en\/\",\"name\":\"Thefinitive\",\"description\":\"Antiquariato Online\",\"publisher\":{\"@id\":\"https:\/\/thefinitive.com\/en\/#organization\"},\"potentialAction\":[{\"@type\":\"SearchAction\",\"target\":{\"@type\":\"EntryPoint\",\"urlTemplate\":\"https:\/\/thefinitive.com\/en\/?s={search_term_string}\"},\"query-input\":\"required name=search_term_string\"}],\"inLanguage\":\"en-US\"},{\"@type\":\"Organization\",\"@id\":\"https:\/\/thefinitive.com\/en\/#organization\",\"name\":\"Thefinitive\",\"url\":\"https:\/\/thefinitive.com\/en\/\",\"logo\":{\"@type\":\"ImageObject\",\"inLanguage\":\"en-US\",\"@id\":\"https:\/\/thefinitive.com\/en\/#\/schema\/logo\/image\/\",\"url\":\"https:\/\/thefinitive.com\/wp-content\/uploads\/2019\/07\/logo4vett.svg\",\"contentUrl\":\"https:\/\/thefinitive.com\/wp-content\/uploads\/2019\/07\/logo4vett.svg\",\"width\":500,\"height\":100,\"caption\":\"Thefinitive\"},\"image\":{\"@id\":\"https:\/\/thefinitive.com\/en\/#\/schema\/logo\/image\/\"},\"sameAs\":[\"https:\/\/business.facebook.com\/Thefinitive-111771813534320\/\",\"https:\/\/www.instagram.com\/_thefinitive_\/\"]}]}<\/script>\n<!-- \/ Yoast SEO plugin. -->","yoast_head_json":{"title":"Croce volontari PRO DALMAZIA con scatola - LORIOLI - Thefinitive","description":"Croce a spilla volontari PRO DALMAZIA irredentismo Prima Guerra Mondiale 1915 1918, Vittoria Mutilata, Yugoslavia Esuli , ACQUISTO MEDAGLIE","robots":{"index":"index","follow":"follow","max-snippet":"max-snippet:-1","max-image-preview":"max-image-preview:large","max-video-preview":"max-video-preview:-1"},"canonical":"https:\/\/thefinitive.com\/en\/prodotto\/croce-volontari-pro-dalmazia-con-scatola-lorioli\/","og_locale":"en_US","og_type":"article","og_title":"Croce volontari PRO DALMAZIA con scatola - LORIOLI - Thefinitive","og_description":"Croce a spilla volontari PRO DALMAZIA irredentismo Prima Guerra Mondiale 1915 1918, Vittoria Mutilata, Yugoslavia Esuli , ACQUISTO MEDAGLIE","og_url":"https:\/\/thefinitive.com\/en\/prodotto\/croce-volontari-pro-dalmazia-con-scatola-lorioli\/","og_site_name":"Thefinitive","article_publisher":"https:\/\/business.facebook.com\/Thefinitive-111771813534320\/","article_modified_time":"2023-07-08T15:13:09+00:00","og_image":[{"width":1440,"height":2560,"url":"https:\/\/thefinitive.com\/wp-content\/uploads\/2021\/08\/dalm1-2-scaled.jpg","type":"image\/jpeg"}],"twitter_card":"summary_large_image","twitter_misc":{"Est. reading time":"4 minutes"},"schema":{"@context":"https:\/\/schema.org","@graph":[{"@type":"WebPage","@id":"https:\/\/thefinitive.com\/en\/prodotto\/croce-volontari-pro-dalmazia-con-scatola-lorioli\/","url":"https:\/\/thefinitive.com\/en\/prodotto\/croce-volontari-pro-dalmazia-con-scatola-lorioli\/","name":"Croce volontari PRO DALMAZIA con scatola - LORIOLI - Thefinitive","isPartOf":{"@id":"https:\/\/thefinitive.com\/en\/#website"},"datePublished":"2021-08-29T13:41:42+00:00","dateModified":"2023-07-08T15:13:09+00:00","description":"Croce a spilla volontari PRO DALMAZIA irredentismo Prima Guerra Mondiale 1915 1918, Vittoria Mutilata, Yugoslavia Esuli , ACQUISTO MEDAGLIE","breadcrumb":{"@id":"https:\/\/thefinitive.com\/en\/prodotto\/croce-volontari-pro-dalmazia-con-scatola-lorioli\/#breadcrumb"},"inLanguage":"en-US","potentialAction":[{"@type":"ReadAction","target":["https:\/\/thefinitive.com\/en\/prodotto\/croce-volontari-pro-dalmazia-con-scatola-lorioli\/"]}]},{"@type":"BreadcrumbList","@id":"https:\/\/thefinitive.com\/en\/prodotto\/croce-volontari-pro-dalmazia-con-scatola-lorioli\/#breadcrumb","itemListElement":[{"@type":"ListItem","position":1,"name":"Home","item":"https:\/\/thefinitive.com\/en\/"},{"@type":"ListItem","position":2,"name":"Shop","item":"https:\/\/thefinitive.com\/en\/shop-2\/"},{"@type":"ListItem","position":3,"name":"Croce volontari PRO DALMAZIA con scatola &#8211; LORIOLI"}]},{"@type":"WebSite","@id":"https:\/\/thefinitive.com\/en\/#website","url":"https:\/\/thefinitive.com\/en\/","name":"Thefinitive","description":"Antiquariato Online","publisher":{"@id":"https:\/\/thefinitive.com\/en\/#organization"},"potentialAction":[{"@type":"SearchAction","target":{"@type":"EntryPoint","urlTemplate":"https:\/\/thefinitive.com\/en\/?s={search_term_string}"},"query-input":"required name=search_term_string"}],"inLanguage":"en-US"},{"@type":"Organization","@id":"https:\/\/thefinitive.com\/en\/#organization","name":"Thefinitive","url":"https:\/\/thefinitive.com\/en\/","logo":{"@type":"ImageObject","inLanguage":"en-US","@id":"https:\/\/thefinitive.com\/en\/#\/schema\/logo\/image\/","url":"https:\/\/thefinitive.com\/wp-content\/uploads\/2019\/07\/logo4vett.svg","contentUrl":"https:\/\/thefinitive.com\/wp-content\/uploads\/2019\/07\/logo4vett.svg","width":500,"height":100,"caption":"Thefinitive"},"image":{"@id":"https:\/\/thefinitive.com\/en\/#\/schema\/logo\/image\/"},"sameAs":["https:\/\/business.facebook.com\/Thefinitive-111771813534320\/","https:\/\/www.instagram.com\/_thefinitive_\/"]}]}},"_links":{"self":[{"href":"https:\/\/thefinitive.com\/en\/wp-json\/wp\/v3\/product\/8996"}],"collection":[{"href":"https:\/\/thefinitive.com\/en\/wp-json\/wp\/v3\/product"}],"about":[{"href":"https:\/\/thefinitive.com\/en\/wp-json\/wp\/v2\/types\/product"}],"replies":[{"embeddable":true,"href":"https:\/\/thefinitive.com\/en\/wp-json\/wp\/v2\/comments?post=8996"}],"version-history":[{"count":2,"href":"https:\/\/thefinitive.com\/en\/wp-json\/wp\/v3\/product\/8996\/revisions"}],"predecessor-version":[{"id":15056,"href":"https:\/\/thefinitive.com\/en\/wp-json\/wp\/v3\/product\/8996\/revisions\/15056"}],"wp:featuredmedia":[{"embeddable":true,"href":"https:\/\/thefinitive.com\/en\/wp-json\/wp\/v2\/media\/8997"}],"wp:attachment":[{"href":"https:\/\/thefinitive.com\/en\/wp-json\/wp\/v2\/media?parent=8996"}],"wp:term":[{"taxonomy":"product_cat","embeddable":true,"href":"https:\/\/thefinitive.com\/en\/wp-json\/wp\/v2\/product_cat?post=8996"},{"taxonomy":"product_tag","embeddable":true,"href":"https:\/\/thefinitive.com\/en\/wp-json\/wp\/v2\/product_tag?post=8996"}],"curies":[{"name":"wp","href":"https:\/\/api.w.org\/{rel}","templated":true}]}}