{"id":8812,"date":"2021-07-10T15:31:58","date_gmt":"2021-07-10T15:31:58","guid":{"rendered":"https:\/\/www.thefinitive.com\/?post_type=product&#038;p=8812"},"modified":"2023-03-20T17:22:42","modified_gmt":"2023-03-20T16:22:42","slug":"scudetto-xa-flottiglia-mas-bregonzio","status":"publish","type":"product","link":"https:\/\/thefinitive.com\/en\/prodotto\/scudetto-xa-flottiglia-mas-bregonzio\/","title":{"rendered":"\u274c\ud83d\ude41Scudetto X\u00aa Flottiglia MAS &#8211; BREGONZIO"},"content":{"rendered":"<p>Scudetto omerale per milite della\u00a0 <strong>X\u00aa<\/strong>\u00a0<strong>Flottiglia MAS <\/strong>, conio originale della ditta <strong>BREGONZIO<\/strong>.<\/p>\n<p>Questo scudetto della X Flottiglia MAS \u00e8 originale del periodo, non una copia reducistica. Realizzato dalla ditta Bregonzio di Milano, conio su lamierino di zinco, <em>zama<\/em> o <em>zamak<\/em>\u00a0, risalente agli inizi del 1944 quando in quel periodo si cominci\u00f2 a produrlo e distribuirlo ai mar\u00f2.<\/p>\n<p>Raffigura un teschio che tiene tra i denti una rosa rossa dal lungo gambo, a sormontare una grande <em>&#8220;<b>X\u00aa<\/b>&#8220;<\/em> \u00a0a significare <em><strong>Decima<\/strong>\u00a0, <\/em>verniciata di rosso, con alla base l&#8217;identificazione del reparto scritto su due righe <strong>&#8220;FLOTTIGLIA MAS&#8221;<\/strong> . Il tutto su un lamierino dal fondo blu scuro, sagomato a scudo e contornato da una gomena.<\/p>\n<p>Conserva almeno il 95% della sua colorazione originale, sia del fondo blu che nello smalto rosso della grande X centrale. Le foto pubblicate rendono meglio di tante parole. Le &#8220;bollicine&#8221; che si vedono sulla base smaltata blu, sono usuali nei distintivi di zama e ne provano quindi la sua assoluta originalit\u00e0.<\/p>\n<p>&nbsp;<\/p>\n<p><strong>MATERIALE\u00a0 \u00a0 \u00a0:\u00a0<\/strong> Zama (zamak) o lega di Zinco<\/p>\n<p><strong>MISURE\u00a0 \u00a0 \u00a0 \u00a0 \u00a0 \u00a0 \u00a0:<\/strong>\u00a0 mm.75 x 48<\/p>\n<p><strong>MARCHIO\u00a0 \u00a0 \u00a0 \u00a0 \u00a0:<\/strong>\u00a0 &#8211;<\/p>\n<p>&nbsp;<\/p>\n<h2 style=\"text-align: left;\">NOTIZIE<\/h2>\n<p>La\u00a0<b>X\u00aa <\/b><sup id=\"cite_ref-1\" class=\"reference\"><\/sup><b>Flottiglia MAS<\/b>\u00a0(dal 1\u00ba maggio 1944, con l&#8217;unificazione di vari battaglioni, rinominata in\u00a0<b>Divisione fanteria di marina X\u00aa\u00a0<\/b><sup id=\"cite_ref-2\" class=\"reference\"><\/sup>\u00a0anche nota come\u00a0<b>X\u00aa MAS , <\/b>Decima Flottiglia MAS nota per il suo stemma\/scudetto con Teschio) \u00e8 stato un corpo militare indipendente, ufficialmente di fanteria di marina della Marina Nazionale Repubblicana della Repubblica Sociale Italiana, attivo dal 1943 al 1945. La X\u00aa Flottiglia MAS al nord, al comando del capitano di fregata <strong>Junio Valerio Borghese<\/strong>\u00a0in seguito all&#8217;armistizio di Cassibile , strinse accordi di alleanza con il capitano di vascello Berninghaus della\u00a0Marina da guerra germanica.<\/p>\n<p>Durante i due anni che seguirono oper\u00f2 in coordinazione coi reparti\u00a0tedeschi, sia per contrastare l&#8217;avanzata\u00a0alleata\u00a0dopo lo\u00a0sbarco di Anzio\u00a0e sulla\u00a0Linea Gotica\u00a0e nel\u00a0Polesine, sia in operazioni contro la\u00a0resistenza italiana\u00a0con forte determinazione e perdite significative. Attivit\u00e0 durante la quale l&#8217;unit\u00e0 impieg\u00f2 strategie tipiche della controguerriglia e in alcuni episodi si macchi\u00f2 di\u00a0crimini di guerra, e infine nel tentativo di difendere i confini nordorientali dalla controffensiva\u00a0iugoslava, cercando anche di affermare l&#8217;italianit\u00e0 di quelle regioni di fronte alle politiche annessionistiche dell&#8217;occupante tedesco sostenuto da elementi\u00a0collaborazionisti\u00a0serbi,\u00a0croati\u00a0e\u00a0sloveni. Peraltro questi tentativi ostacolati anche dagli stessi tedeschi non ottennero risultati definitivi ed i reparti inviati in\u00a0Friuli\u00a0furono presto fatti trasferire oltre il\u00a0Piave, a\u00a0Thiene, dal\u00a0Gauleiter\u00a0Rainer, deciso a mantenere il controllo totale della regione.<\/p>\n<p>La X\u00aa Divisione MAS si arrese il <strong>26 aprile\u00a01945<\/strong>\u00a0ai rappresentanti del\u00a0Comitato di Liberazione Nazionale\u00a0(<strong>CLN<\/strong>) nella caserma di piazzale Fiume (l&#8217;attuale\u00a0piazza della Repubblica) a\u00a0Milano\u00a0dopo la cerimonia dell&#8217;ammaina bandiera.<\/p>\n<h2><\/h2>\n<h3 style=\"text-align: center;\"><a href=\"https:\/\/www.thefinitive.com\/xa-mas-ovvero-la-decima-x-flottiglia-mas\/\" target=\"_blank\" rel=\"noopener\">Cliccando sul seguente link avrete notizie storiche sull&#8217;argomento in questione &#8230;<\/a><span id=\"L.27armistizio\"><\/span><\/h3>\n<div class=\"thumb tleft\">\n<div class=\"thumbinner\">\n<p><a class=\"image\" href=\"https:\/\/www.thefinitive.com\/xa-mas-ovvero-la-decima-x-flottiglia-mas\/\" target=\"_blank\" rel=\"noopener\"><img loading=\"lazy\" decoding=\"async\" class=\"thumbimage aligncenter\" src=\"https:\/\/upload.wikimedia.org\/wikipedia\/it\/thumb\/8\/8e\/RSI_-_Soldati_della_X_MAS.jpg\/220px-RSI_-_Soldati_della_X_MAS.jpg\" srcset=\"\/\/upload.wikimedia.org\/wikipedia\/it\/thumb\/8\/8e\/RSI_-_Soldati_della_X_MAS.jpg\/330px-RSI_-_Soldati_della_X_MAS.jpg 1.5x, \/\/upload.wikimedia.org\/wikipedia\/it\/thumb\/8\/8e\/RSI_-_Soldati_della_X_MAS.jpg\/440px-RSI_-_Soldati_della_X_MAS.jpg 2x\" alt=\"\" width=\"220\" height=\"154\" data-file-width=\"651\" data-file-height=\"456\" \/><\/a><\/p>\n<p>&nbsp;<\/p>\n<\/div>\n<\/div>\n<table id=\"Accordo_Borghese-Berlinghaus14_settembre_1943\">\n<tbody>\n<tr>\n<th>Accordo Borghese-Berlinghaus<br \/>\n<small>14 settembre 1943<\/small><\/th>\n<\/tr>\n<tr>\n<td>La Spezia, 14-9-1943<\/p>\n<p>1) La X\u00aa Flottiglia M.A.S. \u00e8 un&#8217;unit\u00e0 complessa appartenente alla Marina militare italiana, con completa autonomia nel campo logistico, &#8220;organico&#8221;, della giustizia e disciplinare, amministrativo;<\/p>\n<p>2) \u00c8 alleata delle Forze Armate germaniche con parit\u00e0 di diritti e doveri;<\/p>\n<p>3) Batte bandiera da guerra italiana;<\/p>\n<p>4) \u00c8 riconosciuto a chi ne fa parte il diritto all&#8217;uso di ogni arma;<\/p>\n<p>5) \u00c8 autorizzata a ricuperare e armare, con bandiera ed equipaggi italiani, le unit\u00e0 italiane trovantisi nei porti italiani; il loro impiego operativo dipende dal comando della Marina germanica;<\/p>\n<p>6) Il Comandante Borghese ne \u00e8 il capo riconosciuto, con i diritti e i doveri inerenti a tale incarico.<\/p>\n<dl>\n<dd>Berninghaus<\/dd>\n<dd>Capitano di Vascello<\/dd>\n<\/dl>\n<dl>\n<dd>J. V. Borghese<\/dd>\n<dd>Comandante<\/dd>\n<\/dl>\n<\/td>\n<\/tr>\n<\/tbody>\n<\/table>\n<p>&nbsp;<\/p>\n<p><img decoding=\"async\" class=\"aligncenter\" src=\"https:\/\/upload.wikimedia.org\/wikipedia\/commons\/thumb\/7\/7f\/Borghese.jpg\/170px-Borghese.jpg\" \/>\u00a0 \u00a0 \u00a0 \u00a0<img loading=\"lazy\" decoding=\"async\" class=\"alignnone size-medium wp-image-2407 aligncenter\" src=\"https:\/\/www.thefinitive.com\/wp-content\/uploads\/2019\/08\/Junio_Valerio_Borghese_and_Umberto_Bardelli_April_1944_Nettuno-300x185.jpg\" alt=\"x mas distintivo\" width=\"300\" height=\"185\" srcset=\"https:\/\/thefinitive.com\/wp-content\/uploads\/2019\/08\/Junio_Valerio_Borghese_and_Umberto_Bardelli_April_1944_Nettuno-300x185.jpg 300w, https:\/\/thefinitive.com\/wp-content\/uploads\/2019\/08\/Junio_Valerio_Borghese_and_Umberto_Bardelli_April_1944_Nettuno-1200x740.jpg 1200w, https:\/\/thefinitive.com\/wp-content\/uploads\/2019\/08\/Junio_Valerio_Borghese_and_Umberto_Bardelli_April_1944_Nettuno-64x39.jpg 64w, https:\/\/thefinitive.com\/wp-content\/uploads\/2019\/08\/Junio_Valerio_Borghese_and_Umberto_Bardelli_April_1944_Nettuno-768x473.jpg 768w, https:\/\/thefinitive.com\/wp-content\/uploads\/2019\/08\/Junio_Valerio_Borghese_and_Umberto_Bardelli_April_1944_Nettuno-1024x631.jpg 1024w, https:\/\/thefinitive.com\/wp-content\/uploads\/2019\/08\/Junio_Valerio_Borghese_and_Umberto_Bardelli_April_1944_Nettuno.jpg 1600w\" sizes=\"(max-width: 300px) 100vw, 300px\" \/><\/p>\n<p>&nbsp;<\/p>\n<p><em>Data la vastit\u00e0 dell&#8217;argomento si rimanda a consultazioni personali su <a href=\"https:\/\/it.wikipedia.org\/wiki\/X%C2%AA_Flottiglia_MAS_(Repubblica_Sociale_Italiana)\">Wikipedia<\/a> , usata come fonte per parte di quanto qui descritto.<\/em><\/p>\n<p>&nbsp;<\/p>\n<p>7.21<\/p>\n","protected":false},"excerpt":{"rendered":"<p style=\"text-align: center;\">Scudetto omerale da braccio, per mar\u00f2 della <strong>Flottiglia<\/strong> della <strong>X\u00aa<\/strong> <strong>MAS<\/strong>\u00a0 ( la DECIMA), di fabbricazione <strong>BREGONZIO<\/strong><\/p>\n<p style=\"text-align: center;\">Originale del periodo, non \u00e9 una copia reducistica. Realizzato su lamierino di zinco , periodo inizi del 1944.<\/p>\n<p style=\"text-align: center;\">In ottime condizioni, smaltatura originale, nessun restauro o ritocco.<\/p>\n<p style=\"text-align: center;\">Misure circa mm.75 x 48<\/p>\n<p style=\"text-align: center;\"><strong><em>(Scorri la pagina in basso per ulteriori dettagli e informazioni)<\/em><\/strong><\/p>\n<p>&nbsp;<\/p>\n<p>&nbsp;<\/p>\n","protected":false},"featured_media":8813,"comment_status":"open","ping_status":"closed","template":"","meta":[],"product_cat":[586],"product_tag":[723,207,281,182,155,225,198,260],"yoast_head":"<!-- This site is optimized with the Yoast SEO plugin v21.9.1 - https:\/\/yoast.com\/wordpress\/plugins\/seo\/ -->\n<title>\u274c\ud83d\ude41Scudetto X\u00aa Flottiglia MAS - BREGONZIO - Thefinitive<\/title>\n<meta name=\"description\" content=\"X\u00aa MAS Scudetto Decima Flottiglia BREGONZIO - Teschio - X\u00aa Flottiglia MAS - Arditi Incursori San Marco - Royal Navy X MAS metal badge\" \/>\n<meta name=\"robots\" content=\"index, follow, max-snippet:-1, max-image-preview:large, max-video-preview:-1\" \/>\n<link rel=\"canonical\" href=\"https:\/\/thefinitive.com\/en\/prodotto\/scudetto-xa-flottiglia-mas-bregonzio\/\" \/>\n<meta property=\"og:locale\" content=\"en_US\" \/>\n<meta property=\"og:type\" content=\"article\" \/>\n<meta property=\"og:title\" content=\"\u274c\ud83d\ude41Scudetto X\u00aa Flottiglia MAS - BREGONZIO - Thefinitive\" \/>\n<meta property=\"og:description\" content=\"X\u00aa MAS Scudetto Decima Flottiglia BREGONZIO - Teschio - X\u00aa Flottiglia MAS - Arditi Incursori San Marco - Royal Navy X MAS metal badge\" \/>\n<meta property=\"og:url\" content=\"https:\/\/thefinitive.com\/en\/prodotto\/scudetto-xa-flottiglia-mas-bregonzio\/\" \/>\n<meta property=\"og:site_name\" content=\"Thefinitive\" \/>\n<meta property=\"article:publisher\" content=\"https:\/\/business.facebook.com\/Thefinitive-111771813534320\/\" \/>\n<meta property=\"article:modified_time\" content=\"2023-03-20T16:22:42+00:00\" \/>\n<meta property=\"og:image\" content=\"https:\/\/thefinitive.com\/wp-content\/uploads\/2021\/07\/breg3.jpg\" \/>\n\t<meta property=\"og:image:width\" content=\"2160\" \/>\n\t<meta property=\"og:image:height\" content=\"2160\" \/>\n\t<meta property=\"og:image:type\" content=\"image\/jpeg\" \/>\n<meta name=\"twitter:card\" content=\"summary_large_image\" \/>\n<meta name=\"twitter:label1\" content=\"Est. reading time\" \/>\n\t<meta name=\"twitter:data1\" content=\"4 minutes\" \/>\n<script type=\"application\/ld+json\" class=\"yoast-schema-graph\">{\"@context\":\"https:\/\/schema.org\",\"@graph\":[{\"@type\":\"WebPage\",\"@id\":\"https:\/\/thefinitive.com\/en\/prodotto\/scudetto-xa-flottiglia-mas-bregonzio\/\",\"url\":\"https:\/\/thefinitive.com\/en\/prodotto\/scudetto-xa-flottiglia-mas-bregonzio\/\",\"name\":\"\u274c\ud83d\ude41Scudetto X\u00aa Flottiglia MAS - BREGONZIO - Thefinitive\",\"isPartOf\":{\"@id\":\"https:\/\/thefinitive.com\/en\/#website\"},\"datePublished\":\"2021-07-10T15:31:58+00:00\",\"dateModified\":\"2023-03-20T16:22:42+00:00\",\"description\":\"X\u00aa MAS Scudetto Decima Flottiglia BREGONZIO - Teschio - X\u00aa Flottiglia MAS - Arditi Incursori San Marco - Royal Navy X MAS metal badge\",\"breadcrumb\":{\"@id\":\"https:\/\/thefinitive.com\/en\/prodotto\/scudetto-xa-flottiglia-mas-bregonzio\/#breadcrumb\"},\"inLanguage\":\"en-US\",\"potentialAction\":[{\"@type\":\"ReadAction\",\"target\":[\"https:\/\/thefinitive.com\/en\/prodotto\/scudetto-xa-flottiglia-mas-bregonzio\/\"]}]},{\"@type\":\"BreadcrumbList\",\"@id\":\"https:\/\/thefinitive.com\/en\/prodotto\/scudetto-xa-flottiglia-mas-bregonzio\/#breadcrumb\",\"itemListElement\":[{\"@type\":\"ListItem\",\"position\":1,\"name\":\"Home\",\"item\":\"https:\/\/thefinitive.com\/en\/\"},{\"@type\":\"ListItem\",\"position\":2,\"name\":\"Shop\",\"item\":\"https:\/\/thefinitive.com\/en\/shop-2\/\"},{\"@type\":\"ListItem\",\"position\":3,\"name\":\"\u274c\ud83d\ude41Scudetto X\u00aa Flottiglia MAS &#8211; BREGONZIO\"}]},{\"@type\":\"WebSite\",\"@id\":\"https:\/\/thefinitive.com\/en\/#website\",\"url\":\"https:\/\/thefinitive.com\/en\/\",\"name\":\"Thefinitive\",\"description\":\"Antiquariato Online\",\"publisher\":{\"@id\":\"https:\/\/thefinitive.com\/en\/#organization\"},\"potentialAction\":[{\"@type\":\"SearchAction\",\"target\":{\"@type\":\"EntryPoint\",\"urlTemplate\":\"https:\/\/thefinitive.com\/en\/?s={search_term_string}\"},\"query-input\":\"required name=search_term_string\"}],\"inLanguage\":\"en-US\"},{\"@type\":\"Organization\",\"@id\":\"https:\/\/thefinitive.com\/en\/#organization\",\"name\":\"Thefinitive\",\"url\":\"https:\/\/thefinitive.com\/en\/\",\"logo\":{\"@type\":\"ImageObject\",\"inLanguage\":\"en-US\",\"@id\":\"https:\/\/thefinitive.com\/en\/#\/schema\/logo\/image\/\",\"url\":\"https:\/\/thefinitive.com\/wp-content\/uploads\/2019\/07\/logo4vett.svg\",\"contentUrl\":\"https:\/\/thefinitive.com\/wp-content\/uploads\/2019\/07\/logo4vett.svg\",\"width\":500,\"height\":100,\"caption\":\"Thefinitive\"},\"image\":{\"@id\":\"https:\/\/thefinitive.com\/en\/#\/schema\/logo\/image\/\"},\"sameAs\":[\"https:\/\/business.facebook.com\/Thefinitive-111771813534320\/\",\"https:\/\/www.instagram.com\/_thefinitive_\/\"]}]}<\/script>\n<!-- \/ Yoast SEO plugin. -->","yoast_head_json":{"title":"\u274c\ud83d\ude41Scudetto X\u00aa Flottiglia MAS - BREGONZIO - Thefinitive","description":"X\u00aa MAS Scudetto Decima Flottiglia BREGONZIO - Teschio - X\u00aa Flottiglia MAS - Arditi Incursori San Marco - Royal Navy X MAS metal badge","robots":{"index":"index","follow":"follow","max-snippet":"max-snippet:-1","max-image-preview":"max-image-preview:large","max-video-preview":"max-video-preview:-1"},"canonical":"https:\/\/thefinitive.com\/en\/prodotto\/scudetto-xa-flottiglia-mas-bregonzio\/","og_locale":"en_US","og_type":"article","og_title":"\u274c\ud83d\ude41Scudetto X\u00aa Flottiglia MAS - BREGONZIO - Thefinitive","og_description":"X\u00aa MAS Scudetto Decima Flottiglia BREGONZIO - Teschio - X\u00aa Flottiglia MAS - Arditi Incursori San Marco - Royal Navy X MAS metal badge","og_url":"https:\/\/thefinitive.com\/en\/prodotto\/scudetto-xa-flottiglia-mas-bregonzio\/","og_site_name":"Thefinitive","article_publisher":"https:\/\/business.facebook.com\/Thefinitive-111771813534320\/","article_modified_time":"2023-03-20T16:22:42+00:00","og_image":[{"width":2160,"height":2160,"url":"https:\/\/thefinitive.com\/wp-content\/uploads\/2021\/07\/breg3.jpg","type":"image\/jpeg"}],"twitter_card":"summary_large_image","twitter_misc":{"Est. reading time":"4 minutes"},"schema":{"@context":"https:\/\/schema.org","@graph":[{"@type":"WebPage","@id":"https:\/\/thefinitive.com\/en\/prodotto\/scudetto-xa-flottiglia-mas-bregonzio\/","url":"https:\/\/thefinitive.com\/en\/prodotto\/scudetto-xa-flottiglia-mas-bregonzio\/","name":"\u274c\ud83d\ude41Scudetto X\u00aa Flottiglia MAS - BREGONZIO - Thefinitive","isPartOf":{"@id":"https:\/\/thefinitive.com\/en\/#website"},"datePublished":"2021-07-10T15:31:58+00:00","dateModified":"2023-03-20T16:22:42+00:00","description":"X\u00aa MAS Scudetto Decima Flottiglia BREGONZIO - Teschio - X\u00aa Flottiglia MAS - Arditi Incursori San Marco - Royal Navy X MAS metal badge","breadcrumb":{"@id":"https:\/\/thefinitive.com\/en\/prodotto\/scudetto-xa-flottiglia-mas-bregonzio\/#breadcrumb"},"inLanguage":"en-US","potentialAction":[{"@type":"ReadAction","target":["https:\/\/thefinitive.com\/en\/prodotto\/scudetto-xa-flottiglia-mas-bregonzio\/"]}]},{"@type":"BreadcrumbList","@id":"https:\/\/thefinitive.com\/en\/prodotto\/scudetto-xa-flottiglia-mas-bregonzio\/#breadcrumb","itemListElement":[{"@type":"ListItem","position":1,"name":"Home","item":"https:\/\/thefinitive.com\/en\/"},{"@type":"ListItem","position":2,"name":"Shop","item":"https:\/\/thefinitive.com\/en\/shop-2\/"},{"@type":"ListItem","position":3,"name":"\u274c\ud83d\ude41Scudetto X\u00aa Flottiglia MAS &#8211; BREGONZIO"}]},{"@type":"WebSite","@id":"https:\/\/thefinitive.com\/en\/#website","url":"https:\/\/thefinitive.com\/en\/","name":"Thefinitive","description":"Antiquariato Online","publisher":{"@id":"https:\/\/thefinitive.com\/en\/#organization"},"potentialAction":[{"@type":"SearchAction","target":{"@type":"EntryPoint","urlTemplate":"https:\/\/thefinitive.com\/en\/?s={search_term_string}"},"query-input":"required name=search_term_string"}],"inLanguage":"en-US"},{"@type":"Organization","@id":"https:\/\/thefinitive.com\/en\/#organization","name":"Thefinitive","url":"https:\/\/thefinitive.com\/en\/","logo":{"@type":"ImageObject","inLanguage":"en-US","@id":"https:\/\/thefinitive.com\/en\/#\/schema\/logo\/image\/","url":"https:\/\/thefinitive.com\/wp-content\/uploads\/2019\/07\/logo4vett.svg","contentUrl":"https:\/\/thefinitive.com\/wp-content\/uploads\/2019\/07\/logo4vett.svg","width":500,"height":100,"caption":"Thefinitive"},"image":{"@id":"https:\/\/thefinitive.com\/en\/#\/schema\/logo\/image\/"},"sameAs":["https:\/\/business.facebook.com\/Thefinitive-111771813534320\/","https:\/\/www.instagram.com\/_thefinitive_\/"]}]}},"_links":{"self":[{"href":"https:\/\/thefinitive.com\/en\/wp-json\/wp\/v3\/product\/8812"}],"collection":[{"href":"https:\/\/thefinitive.com\/en\/wp-json\/wp\/v3\/product"}],"about":[{"href":"https:\/\/thefinitive.com\/en\/wp-json\/wp\/v2\/types\/product"}],"replies":[{"embeddable":true,"href":"https:\/\/thefinitive.com\/en\/wp-json\/wp\/v2\/comments?post=8812"}],"version-history":[{"count":1,"href":"https:\/\/thefinitive.com\/en\/wp-json\/wp\/v3\/product\/8812\/revisions"}],"predecessor-version":[{"id":14580,"href":"https:\/\/thefinitive.com\/en\/wp-json\/wp\/v3\/product\/8812\/revisions\/14580"}],"wp:featuredmedia":[{"embeddable":true,"href":"https:\/\/thefinitive.com\/en\/wp-json\/wp\/v2\/media\/8813"}],"wp:attachment":[{"href":"https:\/\/thefinitive.com\/en\/wp-json\/wp\/v2\/media?parent=8812"}],"wp:term":[{"taxonomy":"product_cat","embeddable":true,"href":"https:\/\/thefinitive.com\/en\/wp-json\/wp\/v2\/product_cat?post=8812"},{"taxonomy":"product_tag","embeddable":true,"href":"https:\/\/thefinitive.com\/en\/wp-json\/wp\/v2\/product_tag?post=8812"}],"curies":[{"name":"wp","href":"https:\/\/api.w.org\/{rel}","templated":true}]}}