{"id":8778,"date":"2021-07-05T14:02:34","date_gmt":"2021-07-05T14:02:34","guid":{"rendered":"https:\/\/www.thefinitive.com\/?post_type=product&#038;p=8778"},"modified":"2023-03-20T17:22:44","modified_gmt":"2023-03-20T16:22:44","slug":"generale-graziani-foto-aoi-autografo-etiopia-originale","status":"publish","type":"product","link":"https:\/\/thefinitive.com\/en\/prodotto\/generale-graziani-foto-aoi-autografo-etiopia-originale\/","title":{"rendered":"\u274c\ud83d\ude41Generale GRAZIANI foto AOI autografo Etiopia &#8211; ORIGINALE"},"content":{"rendered":"<p>Foto del Generale\u00a0 <em><strong>RODOLFO\u00a0 GRAZIANI<\/strong><\/em>\u00a0 nella classica immagine di propaganda dei tempi della Guerra d&#8217;Etiopia, in <strong>AOI<\/strong> (Africa Orientale Italiana) , con dedica e firma scritte di pugno da Graziani, originali, in inchiostro blu.<\/p>\n<p>La foto ritrae Graziani in uniforme sahariana, con spalline da generale di Corpo d&#8217;Armata quale era durante la campagna in AOI, seduto di fronte ad un tavolo intento a studiare una mappa con i movimenti di truppa, e disegnare le azioni che avrebbe comandato durante una delle fasi della Guerra d&#8217;Etiopia. La foto \u00e8 dell&#8217;istituto LUCE come si vede dal marchio all&#8217;angolo basso destro, ed \u00e8 montata su cartoncino, sul quale trovano posto la dedica e la firma di Graziani.<\/p>\n<p>La dedica recita\u00a0 &#8220;<em><strong>Al Dott. Raffaele xxxxxxx , in ricordo, cordialmente. Graziani &#8211; Roma Agosto 1938 \/ XVI<\/strong><\/em>&#8221;<\/p>\n<p>Il cognome del destinatario di tale foto \u00e8 stato oscurato solo nella forma digitale, ed ovviamente \u00e8 presente nella foto reale.<\/p>\n<p>La foto \u00e8 in buone condizioni, con segni del tempo, e presenta alcune scoloriture al cartoncino all&#8217;angolo in basso destro. E&#8217; tuttavia priva di danni particolari che ne possano pregiudicare la fruibilit\u00e0. Se ne fornisce certificazione di autenticit\u00e0.<\/p>\n<p>Misure approssimative della sola fotografia cm. 22 x 17 &#8211; Misura del cartoncino circa cm. 38 x 28<\/p>\n<p>&nbsp;<\/p>\n<h3><span style=\"font-size: 24px;\">Notizie<\/span><\/h3>\n<div class=\"thumb tleft\">\n<div class=\"thumbinner\">\n<div class=\"thumbcaption\">\n<p>&nbsp;<\/p>\n<p><b><img loading=\"lazy\" decoding=\"async\" class=\"alignnone wp-image-8779\" src=\"https:\/\/www.thefinitive.com\/wp-content\/uploads\/2021\/07\/Rodolfo_Graziani_1940_Retouched.jpg\" alt=\"\" width=\"341\" height=\"493\" srcset=\"https:\/\/thefinitive.com\/wp-content\/uploads\/2021\/07\/Rodolfo_Graziani_1940_Retouched.jpg 207w, https:\/\/thefinitive.com\/wp-content\/uploads\/2021\/07\/Rodolfo_Graziani_1940_Retouched-64x92.jpg 64w\" sizes=\"(max-width: 341px) 100vw, 341px\" \/><\/b><\/p>\n<p><b>Rodolfo Graziani<\/b>\u00a0(Filettino,\u00a011 agosto\u00a01882\u00a0\u2013\u00a0Roma,\u00a011 gennaio\u00a01955) \u00e8 stato un\u00a0militare\u00a0e\u00a0politico\u00a0italiano.<\/p>\n<p>Venne impiegato nel\u00a0Regio Esercito\u00a0italiano durante la\u00a0prima guerra mondiale. Nel\u00a0primo dopoguerra\u00a0ader\u00ec al\u00a0fascismo, divenendone una delle figure di spicco. Ebbe responsabilit\u00e0 di comando durante le\u00a0guerre coloniali italiane: nella\u00a0riconquista della Libia\u00a0(1921-1931), nella\u00a0Guerra d&#8217;Etiopia\u00a0e successivamente nella repressione della\u00a0guerriglia abissina (1935-1937). Il suo ruolo in Libia e i suoi metodi brutali gli valsero il soprannome di &#8220;macellaio del Fezzan&#8221;<\/p>\n<p>Durante la\u00a0seconda guerra mondiale\u00a0divenne comandante superiore e\u00a0governatore generale\u00a0nella\u00a0Libia italiana\u00a0subentrando nella\u00a0carica\u00a0a\u00a0Italo Balbo. Nella\u00a0campagna del Nord Africa\u00a0comand\u00f2 l&#8217;esercito italiano durante l&#8217;invasione italiana dell&#8217;Egitto\u00a0e l&#8217;Operazione Compass, la quale port\u00f2 ad una catastrofe militare segnata dalla sua totale disfatta strategica: le forze militari italiane, numericamente superiori di quattro volte a quelle britanniche ma inferiori in addestramento tattico e carenti in armamenti e in unit\u00e0 di corpo, subirono una delle pi\u00f9 grandi sconfitte della loro storia. Destituito, dopo un periodo di ritiro accett\u00f2 da\u00a0Mussolini\u00a0l&#8217;incarico, nell&#8217;allora constituendosi\u00a0governo\u00a0della\u00a0Repubblica Sociale Italiana, di Ministro della difesa nazionale (dal 6 gennaio 1944 Ministero delle forze armate), che mantenne fino al crollo finale del 1945, prendendo parte alla lotta contro gli anglo-americani e nella repressione antipartigiana.<\/p>\n<p>Nel\u00a0dopoguerra, a causa dell&#8217;uso di\u00a0gas tossici\u00a0e dei bombardamenti degli ospedali della\u00a0Croce Rossa\u00a0durante la guerra d&#8217;Etiopia, fu inserito dalla\u00a0Commissione delle Nazioni Unite per i crimini di guerra\u00a0nella lista dei criminali di guerra su richiesta del governo etiope, ma non venne mai processato. La richiesta di estradizione presentata dall&#8217;Etiopia fu negata dall&#8217;Italia nel 1949. Fu invece processato e condannato a 19 anni di carcere per\u00a0collaborazionismo, anche se scontati quattro mesi fu scarcerato. Ader\u00ec quindi al\u00a0Movimento Sociale Italiano, del quale divenne presidente onorario.<\/p>\n<p>&nbsp;<\/p>\n<\/div>\n<p style=\"text-align: center;\">Cliccando sui <strong>links\/foto<\/strong> avrete informazioni generiche, storiche, relative all&#8217;articolo in vendita<\/p>\n<div class=\"thumbcaption\">\n<h2 style=\"text-align: center;\"><a href=\"https:\/\/www.thefinitive.com\/guerra-detiopia-campagna-1935-1936\/\" target=\"_blank\" rel=\"noopener\">CAMPAGNA D&#8217;ETIOPIA\u00a0 1935-1936<\/a><\/h2>\n<div class=\"thumb tleft\">\n<div class=\"thumbinner\">\n<p>&nbsp;<\/p>\n<\/div>\n<\/div>\n<p>&nbsp;<\/p>\n<p>Fonte degli articoli\u00a0 :\u00a0 <a href=\"https:\/\/it.wikipedia.org\/wiki\/Guerra_d%27Etiopia\">Wikipedia<\/a> , per ulteriori approfondimenti data la vastit\u00e0 dell&#8217;argomento.<\/p>\n<\/div>\n<\/div>\n<\/div>\n<p>&nbsp;<\/p>\n<p>7.21<\/p>\n","protected":false},"excerpt":{"rendered":"<p style=\"text-align: center; padding-left: 40px;\">Foto del Generale\u00a0 <em><strong>RODOLFO\u00a0 GRAZIANI<\/strong><\/em>\u00a0 ai tempi della Guerra d&#8217;Etiopia, in <strong>AOI<\/strong> (Africa Orientale Italiana) , con dedica e firma originali scritte di pugno, in inchiostro blu. La dedica recita<\/p>\n<p style=\"text-align: center;\">&#8220;<em><strong>Al Dott. Raffaele xxxxxxx , in ricordo, cordialmente. Graziani &#8211; Roma Agosto 1938 \/ XVI<\/strong><\/em>&#8220;<\/p>\n<p style=\"text-align: center;\">Il cognome del destinatario \u00e8 stato oscurato solo nella forma digitale, ed ovviamente \u00e8 presente nella foto reale.<\/p>\n<p style=\"text-align: center;\">Misure approssimative della sola fotografia cm. 22 x 17 &#8211; Misura del cartoncino circa cm. 38 x 28<\/p>\n<p style=\"text-align: center;\">\u00a0Si garantisce l&#8217;originalit\u00e0 assoluta di questa fotografia e se ne fornisce certificazione di autenticit\u00e0.<\/p>\n<p>&nbsp;<\/p>\n<p style=\"text-align: center;\"><strong><em>(Scorri la pagina in basso per ulteriori dettagli e informazioni)<\/em><\/strong><\/p>\n","protected":false},"featured_media":0,"comment_status":"open","ping_status":"closed","template":"","meta":[],"product_cat":[586],"product_tag":[644,641,163,223,224,723,645,642,643,156],"yoast_head":"<!-- This site is optimized with the Yoast SEO plugin v21.9.1 - https:\/\/yoast.com\/wordpress\/plugins\/seo\/ -->\n<title>\u274c\ud83d\ude41Generale GRAZIANI foto AOI autografo Etiopia - ORIGINALE - Thefinitive<\/title>\n<meta name=\"description\" content=\"Generale Rodolfo Graziani AOI foto con autografo fotografia con dedica - Maresciallo d&#039;Italia - Originale - hand written GRAZIANI signature\" \/>\n<meta name=\"robots\" content=\"index, follow, max-snippet:-1, max-image-preview:large, max-video-preview:-1\" \/>\n<link rel=\"canonical\" href=\"https:\/\/thefinitive.com\/en\/prodotto\/generale-graziani-foto-aoi-autografo-etiopia-originale\/\" \/>\n<meta property=\"og:locale\" content=\"en_US\" \/>\n<meta property=\"og:type\" content=\"article\" \/>\n<meta property=\"og:title\" content=\"\u274c\ud83d\ude41Generale GRAZIANI foto AOI autografo Etiopia - ORIGINALE - Thefinitive\" \/>\n<meta property=\"og:description\" content=\"Generale Rodolfo Graziani AOI foto con autografo fotografia con dedica - Maresciallo d&#039;Italia - Originale - hand written GRAZIANI signature\" \/>\n<meta property=\"og:url\" content=\"https:\/\/thefinitive.com\/en\/prodotto\/generale-graziani-foto-aoi-autografo-etiopia-originale\/\" \/>\n<meta property=\"og:site_name\" content=\"Thefinitive\" \/>\n<meta property=\"article:publisher\" content=\"https:\/\/business.facebook.com\/Thefinitive-111771813534320\/\" \/>\n<meta property=\"article:modified_time\" content=\"2023-03-20T16:22:44+00:00\" \/>\n<meta property=\"og:image\" content=\"https:\/\/www.thefinitive.com\/wp-content\/uploads\/2021\/07\/Rodolfo_Graziani_1940_Retouched.jpg\" \/>\n<meta name=\"twitter:card\" content=\"summary_large_image\" \/>\n<meta name=\"twitter:label1\" content=\"Est. reading time\" \/>\n\t<meta name=\"twitter:data1\" content=\"3 minutes\" \/>\n<script type=\"application\/ld+json\" class=\"yoast-schema-graph\">{\"@context\":\"https:\/\/schema.org\",\"@graph\":[{\"@type\":\"WebPage\",\"@id\":\"https:\/\/thefinitive.com\/en\/prodotto\/generale-graziani-foto-aoi-autografo-etiopia-originale\/\",\"url\":\"https:\/\/thefinitive.com\/en\/prodotto\/generale-graziani-foto-aoi-autografo-etiopia-originale\/\",\"name\":\"\u274c\ud83d\ude41Generale GRAZIANI foto AOI autografo Etiopia - ORIGINALE - Thefinitive\",\"isPartOf\":{\"@id\":\"https:\/\/thefinitive.com\/en\/#website\"},\"datePublished\":\"2021-07-05T14:02:34+00:00\",\"dateModified\":\"2023-03-20T16:22:44+00:00\",\"description\":\"Generale Rodolfo Graziani AOI foto con autografo fotografia con dedica - Maresciallo d'Italia - Originale - hand written GRAZIANI signature\",\"breadcrumb\":{\"@id\":\"https:\/\/thefinitive.com\/en\/prodotto\/generale-graziani-foto-aoi-autografo-etiopia-originale\/#breadcrumb\"},\"inLanguage\":\"en-US\",\"potentialAction\":[{\"@type\":\"ReadAction\",\"target\":[\"https:\/\/thefinitive.com\/en\/prodotto\/generale-graziani-foto-aoi-autografo-etiopia-originale\/\"]}]},{\"@type\":\"BreadcrumbList\",\"@id\":\"https:\/\/thefinitive.com\/en\/prodotto\/generale-graziani-foto-aoi-autografo-etiopia-originale\/#breadcrumb\",\"itemListElement\":[{\"@type\":\"ListItem\",\"position\":1,\"name\":\"Home\",\"item\":\"https:\/\/thefinitive.com\/en\/\"},{\"@type\":\"ListItem\",\"position\":2,\"name\":\"Shop\",\"item\":\"https:\/\/thefinitive.com\/en\/shop-2\/\"},{\"@type\":\"ListItem\",\"position\":3,\"name\":\"\u274c\ud83d\ude41Generale GRAZIANI foto AOI autografo Etiopia &#8211; ORIGINALE\"}]},{\"@type\":\"WebSite\",\"@id\":\"https:\/\/thefinitive.com\/en\/#website\",\"url\":\"https:\/\/thefinitive.com\/en\/\",\"name\":\"Thefinitive\",\"description\":\"Antiquariato Online\",\"publisher\":{\"@id\":\"https:\/\/thefinitive.com\/en\/#organization\"},\"potentialAction\":[{\"@type\":\"SearchAction\",\"target\":{\"@type\":\"EntryPoint\",\"urlTemplate\":\"https:\/\/thefinitive.com\/en\/?s={search_term_string}\"},\"query-input\":\"required name=search_term_string\"}],\"inLanguage\":\"en-US\"},{\"@type\":\"Organization\",\"@id\":\"https:\/\/thefinitive.com\/en\/#organization\",\"name\":\"Thefinitive\",\"url\":\"https:\/\/thefinitive.com\/en\/\",\"logo\":{\"@type\":\"ImageObject\",\"inLanguage\":\"en-US\",\"@id\":\"https:\/\/thefinitive.com\/en\/#\/schema\/logo\/image\/\",\"url\":\"https:\/\/thefinitive.com\/wp-content\/uploads\/2019\/07\/logo4vett.svg\",\"contentUrl\":\"https:\/\/thefinitive.com\/wp-content\/uploads\/2019\/07\/logo4vett.svg\",\"width\":500,\"height\":100,\"caption\":\"Thefinitive\"},\"image\":{\"@id\":\"https:\/\/thefinitive.com\/en\/#\/schema\/logo\/image\/\"},\"sameAs\":[\"https:\/\/business.facebook.com\/Thefinitive-111771813534320\/\",\"https:\/\/www.instagram.com\/_thefinitive_\/\"]}]}<\/script>\n<!-- \/ Yoast SEO plugin. -->","yoast_head_json":{"title":"\u274c\ud83d\ude41Generale GRAZIANI foto AOI autografo Etiopia - ORIGINALE - Thefinitive","description":"Generale Rodolfo Graziani AOI foto con autografo fotografia con dedica - Maresciallo d'Italia - Originale - hand written GRAZIANI signature","robots":{"index":"index","follow":"follow","max-snippet":"max-snippet:-1","max-image-preview":"max-image-preview:large","max-video-preview":"max-video-preview:-1"},"canonical":"https:\/\/thefinitive.com\/en\/prodotto\/generale-graziani-foto-aoi-autografo-etiopia-originale\/","og_locale":"en_US","og_type":"article","og_title":"\u274c\ud83d\ude41Generale GRAZIANI foto AOI autografo Etiopia - ORIGINALE - Thefinitive","og_description":"Generale Rodolfo Graziani AOI foto con autografo fotografia con dedica - Maresciallo d'Italia - Originale - hand written GRAZIANI signature","og_url":"https:\/\/thefinitive.com\/en\/prodotto\/generale-graziani-foto-aoi-autografo-etiopia-originale\/","og_site_name":"Thefinitive","article_publisher":"https:\/\/business.facebook.com\/Thefinitive-111771813534320\/","article_modified_time":"2023-03-20T16:22:44+00:00","og_image":[{"url":"https:\/\/www.thefinitive.com\/wp-content\/uploads\/2021\/07\/Rodolfo_Graziani_1940_Retouched.jpg"}],"twitter_card":"summary_large_image","twitter_misc":{"Est. reading time":"3 minutes"},"schema":{"@context":"https:\/\/schema.org","@graph":[{"@type":"WebPage","@id":"https:\/\/thefinitive.com\/en\/prodotto\/generale-graziani-foto-aoi-autografo-etiopia-originale\/","url":"https:\/\/thefinitive.com\/en\/prodotto\/generale-graziani-foto-aoi-autografo-etiopia-originale\/","name":"\u274c\ud83d\ude41Generale GRAZIANI foto AOI autografo Etiopia - ORIGINALE - Thefinitive","isPartOf":{"@id":"https:\/\/thefinitive.com\/en\/#website"},"datePublished":"2021-07-05T14:02:34+00:00","dateModified":"2023-03-20T16:22:44+00:00","description":"Generale Rodolfo Graziani AOI foto con autografo fotografia con dedica - Maresciallo d'Italia - Originale - hand written GRAZIANI signature","breadcrumb":{"@id":"https:\/\/thefinitive.com\/en\/prodotto\/generale-graziani-foto-aoi-autografo-etiopia-originale\/#breadcrumb"},"inLanguage":"en-US","potentialAction":[{"@type":"ReadAction","target":["https:\/\/thefinitive.com\/en\/prodotto\/generale-graziani-foto-aoi-autografo-etiopia-originale\/"]}]},{"@type":"BreadcrumbList","@id":"https:\/\/thefinitive.com\/en\/prodotto\/generale-graziani-foto-aoi-autografo-etiopia-originale\/#breadcrumb","itemListElement":[{"@type":"ListItem","position":1,"name":"Home","item":"https:\/\/thefinitive.com\/en\/"},{"@type":"ListItem","position":2,"name":"Shop","item":"https:\/\/thefinitive.com\/en\/shop-2\/"},{"@type":"ListItem","position":3,"name":"\u274c\ud83d\ude41Generale GRAZIANI foto AOI autografo Etiopia &#8211; ORIGINALE"}]},{"@type":"WebSite","@id":"https:\/\/thefinitive.com\/en\/#website","url":"https:\/\/thefinitive.com\/en\/","name":"Thefinitive","description":"Antiquariato Online","publisher":{"@id":"https:\/\/thefinitive.com\/en\/#organization"},"potentialAction":[{"@type":"SearchAction","target":{"@type":"EntryPoint","urlTemplate":"https:\/\/thefinitive.com\/en\/?s={search_term_string}"},"query-input":"required name=search_term_string"}],"inLanguage":"en-US"},{"@type":"Organization","@id":"https:\/\/thefinitive.com\/en\/#organization","name":"Thefinitive","url":"https:\/\/thefinitive.com\/en\/","logo":{"@type":"ImageObject","inLanguage":"en-US","@id":"https:\/\/thefinitive.com\/en\/#\/schema\/logo\/image\/","url":"https:\/\/thefinitive.com\/wp-content\/uploads\/2019\/07\/logo4vett.svg","contentUrl":"https:\/\/thefinitive.com\/wp-content\/uploads\/2019\/07\/logo4vett.svg","width":500,"height":100,"caption":"Thefinitive"},"image":{"@id":"https:\/\/thefinitive.com\/en\/#\/schema\/logo\/image\/"},"sameAs":["https:\/\/business.facebook.com\/Thefinitive-111771813534320\/","https:\/\/www.instagram.com\/_thefinitive_\/"]}]}},"_links":{"self":[{"href":"https:\/\/thefinitive.com\/en\/wp-json\/wp\/v3\/product\/8778"}],"collection":[{"href":"https:\/\/thefinitive.com\/en\/wp-json\/wp\/v3\/product"}],"about":[{"href":"https:\/\/thefinitive.com\/en\/wp-json\/wp\/v2\/types\/product"}],"replies":[{"embeddable":true,"href":"https:\/\/thefinitive.com\/en\/wp-json\/wp\/v2\/comments?post=8778"}],"version-history":[{"count":1,"href":"https:\/\/thefinitive.com\/en\/wp-json\/wp\/v3\/product\/8778\/revisions"}],"predecessor-version":[{"id":14581,"href":"https:\/\/thefinitive.com\/en\/wp-json\/wp\/v3\/product\/8778\/revisions\/14581"}],"wp:attachment":[{"href":"https:\/\/thefinitive.com\/en\/wp-json\/wp\/v2\/media?parent=8778"}],"wp:term":[{"taxonomy":"product_cat","embeddable":true,"href":"https:\/\/thefinitive.com\/en\/wp-json\/wp\/v2\/product_cat?post=8778"},{"taxonomy":"product_tag","embeddable":true,"href":"https:\/\/thefinitive.com\/en\/wp-json\/wp\/v2\/product_tag?post=8778"}],"curies":[{"name":"wp","href":"https:\/\/api.w.org\/{rel}","templated":true}]}}