{"id":8674,"date":"2021-06-28T10:46:53","date_gmt":"2021-06-28T10:46:53","guid":{"rendered":"https:\/\/www.thefinitive.com\/?post_type=product&#038;p=8674"},"modified":"2023-03-20T17:23:04","modified_gmt":"2023-03-20T16:23:04","slug":"medaglia-crimea-regno-sardegna-nominativa-caporale","status":"publish","type":"product","link":"https:\/\/thefinitive.com\/en\/prodotto\/medaglia-crimea-regno-sardegna-nominativa-caporale\/","title":{"rendered":"\u274c\ud83d\ude41Medaglia CRIMEA Regno Sardegna &#8211; NOMINATIVA caporale"},"content":{"rendered":"<p>Medaglia commemorativa per la campagna di <strong>CRIMEA<\/strong> del <strong>1853<\/strong> , conflitto combattuto dalle potenze europee con la partecipazione dell&#8217;esercito del Regno di Sardegna di Vittorio Emanuele II contro l&#8217;impero russo.<\/p>\n<p>La medaglia \u00e8 la versione anche nota come <strong>CRIMEA SARDA<\/strong> , che venne istituita con regio decreto del 1856\u00a0in riconoscenza a quei militari piemontesi che avevano prestato servizio nel\u00a0<strong>Corpo di Spedizione Sardo in Crimea<\/strong>, nell&#8217;ambito della\u00a0Guerra di Crimea\u00a0al comando del generale\u00a0<strong>Alfonso La Marmora<\/strong>.<\/p>\n<p>La unicit\u00e0 di questo esemplare \u00e8 data dalla INCISIONE del nominativo del milite che ne fu insignito, incisione che corre lungo il bordo della medaglia. Possiamo leggere\u00a0 <strong>9&#8242; REGG\u00b0\u00a0 FANTa\u00a0 FOCACCI ALBERTO\u00a0 CAPle\u00a0 \u00a0<\/strong>in bellissimi caratteri inscritti a mano, per un insieme assolutamente unico e romantico.<\/p>\n<p>Come risulta dal libretto di servizio del Focacci, egli si imbarc\u00f2 il 13 Ottobre 1855 e termin\u00f2 la sua partecipazione alla spedizione in Crimea il 9 Giugno 1856, ricevendo la medaglia inglese di Crimea il 19 Giugno 1856. Scambi\u00f2 la medaglia nella versione inglese con quella italiana che abbiamo qui in vendita, il <strong>30 Novembre 1856<\/strong> (documento personale n.7268). Mor\u00ec il 19 Giugno 1857<\/p>\n<p>&nbsp;<\/p>\n<p><img loading=\"lazy\" decoding=\"async\" class=\"size-full wp-image-8689 aligncenter\" src=\"https:\/\/www.thefinitive.com\/wp-content\/uploads\/2021\/06\/Immagine-2021-06-28-131703.jpg\" alt=\"\" width=\"292\" height=\"336\" srcset=\"https:\/\/thefinitive.com\/wp-content\/uploads\/2021\/06\/Immagine-2021-06-28-131703.jpg 292w, https:\/\/thefinitive.com\/wp-content\/uploads\/2021\/06\/Immagine-2021-06-28-131703-64x74.jpg 64w, https:\/\/thefinitive.com\/wp-content\/uploads\/2021\/06\/Immagine-2021-06-28-131703-261x300.jpg 261w\" sizes=\"(max-width: 292px) 100vw, 292px\" \/><\/p>\n<p>La medaglia della CRIMEA del Regno di Sardegna era sul modello di quella inglese dal momento che spesso essa veniva concessa per sopperire alla mancata concessione della medaglia inglese o per quanti volessero sostituire la decorazione inglese con quella sarda. Venne ad ogni modo assegnata in <strong>minor quantitativo<\/strong> rispetto a quella inglese ed a quella turca di cui molti militari piemontesi beneficiarono.<\/p>\n<p>E&#8217; costituita da un tondo d&#8217;argento riportante sul diritto il profilo di <strong>Vittorio Emanuele II<\/strong> rivolto verso sinistra ed attorniato dalla legenda &#8220;VITTORIO EMANUELE II&#8221;<\/p>\n<p>Sul retro si trovava la scritta &#8220;CRIMEA&#8221; &#8220;1855.1856&#8221;. Fu realizzata dall&#8217;incisore Ferraris come \u00e8 visibile dall&#8217;iscrizione sotto il busto del re sul diritto della medaglia. Il nastro \u00e8 azzurro bordato di giallo, uguale a quello per la medaglia inglese.<\/p>\n<p>&nbsp;<\/p>\n<p>&nbsp;<\/p>\n<p><strong>MISURE\u00a0 \u00a0 :\u00a0<\/strong> diametro circa mm. 36<\/p>\n<p><strong>MATERIALE\u00a0 :\u00a0 <\/strong>argento<\/p>\n<p><strong>MARCHIO\/PRODUTTORE :\u00a0<\/strong> Ferraris<\/p>\n<p>&nbsp;<\/p>\n<h2>Notizie<\/h2>\n<h2><span id=\"Le_truppe\" class=\"mw-headline\">Guerra di Crimea<\/span><\/h2>\n<p>Fu un conflitto per il controllo dei Balcani e del Mediterraneo (1853-56) che oppose alla Russia l\u2019impero ottomano, sostenuto da Francia e Gran Bretagna, con l\u2019appoggio di un <strong>corpo<\/strong> <strong>di spedizione piemontese<\/strong>. Il pretesto alla guerra venne dalla Palestina, dove i cattolici spalleggiati dalla Francia e i greco-ortodossi dalla Russia si contendevano il possesso dei luoghi santi. Nonostante il sultano avesse confermato nel febbr. 1852 alla Chiesa greca quasi tutti i suoi privilegi, lo zar Nicola I inviava in missione a Costantinopoli (febbr. 1853) il principe Men\u0161ikov per tentare di ottenere dal sultano anche il riconoscimento esplicito della protezione russa sui 10-12 milioni di sudditi greco-ortodossi del suo impero. Avendo la Porta respinto, in quanto lesiva della propria sovranit\u00e0, la pretesa dello zar, il 3 luglio le truppe russe passavano il Prut e rapidamente occuparono la Valacchia e la Moldavia; ma la nota con cui le potenze occidentali d\u2019Europa si rifiutarono di riconoscere la legittimit\u00e0 delle pretese russe (28 luglio 1853) incoraggi\u00f2 alla resistenza i turchi, che il 4 ott. dichiararono la guerra. I russi estesero le operazioni dal Danubio al Caucaso, minacciando contemporaneamente Costantinopoli dai Balcani e dall\u2019Anatolia, mentre la flotta distruggeva quella turca a Sinope (30 nov. 1853). La Francia e l\u2019Inghilterra si strinsero in alleanza (10 apr. 1854) e dichiararono guerra alla Russia, mentre l\u2019Austria e la Prussia s\u2019impegnavano tra loro con un trattato (20 apr. 1854) a ottenere dalla Russia lo sgombero della Valacchia e della Moldavia, poich\u00e9 alle potenze tedesche non poteva essere indifferente la sorte delle bocche del Danubio. L\u2019esercito russo, pressato a Occidente dal corpo di spedizione anglo-francese sbarcato nel maggio a Varna e di fronte da Omar pasci\u00e0, si affrett\u00f2 a sgombrare la Valacchia e la Moldavia (25 giugno), che furono occupate dagli austriaci: fu cos\u00ec tolto alle potenze tedesche ogni interesse diretto a entrare in una coalizione contro la Russia. Francia e Inghilterra decisero allora di fiaccare la potenza navale russa nel Baltico e nel Mar Nero e allargarono contemporaneamente le operazioni nel Pacifico, dove per\u00f2 fallirono contro la tenace resistenza della base navale di Petropavlovsk. Sebastopoli, massimo porto russo nel Mar Nero, costitu\u00ec allora l\u2019obiettivo strategico principale degli anglo-francesi: sbarcati tra il 14 e il 18 sett. 1854 a Eupatoria (Crimea), gli alleati, agli ordini di lord Raglan e del generale Saint-Arnaud, vinsero i russi al fiume Al\u2032ma (20 sett.), ma, dopo la sconfitta a Balaklava (25 ott.) e la vittoria nella battaglia di Inkerman, ebbe inizio un\u2019interminabile e logorante assedio, con notevoli perdite tra gli assedianti per gravi epidemie di colera. Nell\u2019agosto 1855 ebbe luogo la decisiva battaglia della Cernaia o del ponte di Traktir (16 ag.), perduta dai russi soprattutto grazie alla resistenza opposta dalle truppe piemontesi inviate sul luogo nel maggio di quell\u2019anno dopo l\u2019adesione del regno di Sardegna all\u2019alleanza franco-inglese. Ma solo l\u20198 sett. cadeva la torre di Malachov, chiave di Sebastopoli, e fra l\u201911 e il 12 sett. la piazza stessa; il generale Gor\u010dakov riusc\u00ec tuttavia a trarre in salvo l\u2019esercito russo sull\u2019istmo di Perekop. L\u2019adesione incondizionata del regno di Sardegna avrebbe dovuto servire, nei progetti degli alleati, a convincere anche l\u2019Austria, libera da ogni timore per le sue province italiane, a intervenire nella guerra, ma il governo di Vienna aveva preferito intraprendere, nel frattempo, un\u2019azione diplomatica mediatrice, che raggiunse il suo scopo solo il 16 genn. 1856, allorch\u00e9 finalmente il nuovo zar di Russia, Alessandro II, si decise a capitolare. Si venne cos\u00ec al Congresso di Parigi, che garant\u00ec l\u2019indipendenza e l\u2019integrit\u00e0 dell\u2019impero ottomano, chiuse gli stretti alle navi da guerra, limit\u00f2 gli armamenti russo-turchi nel Mar Nero, proclam\u00f2 la libera navigazione nel Danubio e l\u2019autonomia dei principati sotto l\u2019alta sovranit\u00e0 della Porta e il protettorato collettivo delle potenze. Il regno di Sardegna, grazie alla sua partecipazione alla guerra di Crimea, come celebrata nella medaglia in vendita, fu ammesso ai lavori del congresso su piede di parit\u00e0 formale con le altre potenze, ci\u00f2 che dette modo a Cavour di sollevare in quella sede la questione italiana.<\/p>\n<p>&nbsp;<\/p>\n<p>Fonte degli articoli\u00a0 :\u00a0 <a href=\"https:\/\/www.treccani.it\/enciclopedia\/guerra-di-crimea_%28Dizionario-di-Storia%29\/\" target=\"_blank\" rel=\"noopener\">Treccani<\/a><\/p>\n<p>&nbsp;<\/p>\n<p>6.21<\/p>\n","protected":false},"excerpt":{"rendered":"<p style=\"text-align: center;\">Medaglia commemorativa per la campagna di <strong>CRIMEA<\/strong> del <strong>1853<\/strong> ,\u00a0versione nota come <strong>CRIMEA SARDA<\/strong> , istituita con regio decreto del 1856 in riconoscenza a quei militari piemontesi che avevano prestato servizio nel <strong>Corpo di Spedizione Sardo in Crimea<\/strong><\/p>\n<p style=\"text-align: center;\">Medaglia impreziosita dall&#8217;incisione sul bordo, del nominativo<\/p>\n<p style=\"text-align: center;\"><strong>9&#8242; REGG\u00b0\u00a0 FANT a\u00a0 \u00a0 FOCACCI ALBERTO\u00a0 \u00a0CAP le<\/strong><\/p>\n<p style=\"text-align: center;\">In buone condizioni<\/p>\n<p style=\"text-align: center;\"><strong><em>(Scorri la pagina in basso per ulteriori dettagli e informazioni)<\/em><\/strong><\/p>\n","protected":false},"featured_media":9388,"comment_status":"open","ping_status":"closed","template":"","meta":[],"product_cat":[586],"product_tag":[223,224,723,182,203,221,220,219,218,205],"yoast_head":"<!-- This site is optimized with the Yoast SEO plugin v21.9.1 - https:\/\/yoast.com\/wordpress\/plugins\/seo\/ -->\n<title>\u274c\ud83d\ude41Medaglia CRIMEA Regno Sardegna - NOMINATIVA caporale - Thefinitive<\/title>\n<meta name=\"description\" content=\"Medaglia guerra di Crimea nominativa intestata ad un caporale dell&#039;esercito del Regno di Sardegna - Crimea Sarda - Crimean war 1853 russia\" \/>\n<meta name=\"robots\" content=\"index, follow, max-snippet:-1, max-image-preview:large, max-video-preview:-1\" \/>\n<link rel=\"canonical\" href=\"https:\/\/thefinitive.com\/en\/prodotto\/medaglia-crimea-regno-sardegna-nominativa-caporale\/\" \/>\n<meta property=\"og:locale\" content=\"en_US\" \/>\n<meta property=\"og:type\" content=\"article\" \/>\n<meta property=\"og:title\" content=\"\u274c\ud83d\ude41Medaglia CRIMEA Regno Sardegna - NOMINATIVA caporale - Thefinitive\" \/>\n<meta property=\"og:description\" content=\"Medaglia guerra di Crimea nominativa intestata ad un caporale dell&#039;esercito del Regno di Sardegna - Crimea Sarda - Crimean war 1853 russia\" \/>\n<meta property=\"og:url\" content=\"https:\/\/thefinitive.com\/en\/prodotto\/medaglia-crimea-regno-sardegna-nominativa-caporale\/\" \/>\n<meta property=\"og:site_name\" content=\"Thefinitive\" \/>\n<meta property=\"article:publisher\" content=\"https:\/\/business.facebook.com\/Thefinitive-111771813534320\/\" \/>\n<meta property=\"article:modified_time\" content=\"2023-03-20T16:23:04+00:00\" \/>\n<meta property=\"og:image\" content=\"https:\/\/thefinitive.com\/wp-content\/uploads\/2021\/06\/crim1a-scaled.jpg\" \/>\n\t<meta property=\"og:image:width\" content=\"2560\" \/>\n\t<meta property=\"og:image:height\" content=\"2560\" \/>\n\t<meta property=\"og:image:type\" content=\"image\/jpeg\" \/>\n<meta name=\"twitter:card\" content=\"summary_large_image\" \/>\n<meta name=\"twitter:label1\" content=\"Est. reading time\" \/>\n\t<meta name=\"twitter:data1\" content=\"5 minutes\" \/>\n<script type=\"application\/ld+json\" class=\"yoast-schema-graph\">{\"@context\":\"https:\/\/schema.org\",\"@graph\":[{\"@type\":\"WebPage\",\"@id\":\"https:\/\/thefinitive.com\/en\/prodotto\/medaglia-crimea-regno-sardegna-nominativa-caporale\/\",\"url\":\"https:\/\/thefinitive.com\/en\/prodotto\/medaglia-crimea-regno-sardegna-nominativa-caporale\/\",\"name\":\"\u274c\ud83d\ude41Medaglia CRIMEA Regno Sardegna - NOMINATIVA caporale - Thefinitive\",\"isPartOf\":{\"@id\":\"https:\/\/thefinitive.com\/en\/#website\"},\"datePublished\":\"2021-06-28T10:46:53+00:00\",\"dateModified\":\"2023-03-20T16:23:04+00:00\",\"description\":\"Medaglia guerra di Crimea nominativa intestata ad un caporale dell'esercito del Regno di Sardegna - Crimea Sarda - Crimean war 1853 russia\",\"breadcrumb\":{\"@id\":\"https:\/\/thefinitive.com\/en\/prodotto\/medaglia-crimea-regno-sardegna-nominativa-caporale\/#breadcrumb\"},\"inLanguage\":\"en-US\",\"potentialAction\":[{\"@type\":\"ReadAction\",\"target\":[\"https:\/\/thefinitive.com\/en\/prodotto\/medaglia-crimea-regno-sardegna-nominativa-caporale\/\"]}]},{\"@type\":\"BreadcrumbList\",\"@id\":\"https:\/\/thefinitive.com\/en\/prodotto\/medaglia-crimea-regno-sardegna-nominativa-caporale\/#breadcrumb\",\"itemListElement\":[{\"@type\":\"ListItem\",\"position\":1,\"name\":\"Home\",\"item\":\"https:\/\/thefinitive.com\/en\/\"},{\"@type\":\"ListItem\",\"position\":2,\"name\":\"Shop\",\"item\":\"https:\/\/thefinitive.com\/en\/shop-2\/\"},{\"@type\":\"ListItem\",\"position\":3,\"name\":\"\u274c\ud83d\ude41Medaglia CRIMEA Regno Sardegna &#8211; NOMINATIVA caporale\"}]},{\"@type\":\"WebSite\",\"@id\":\"https:\/\/thefinitive.com\/en\/#website\",\"url\":\"https:\/\/thefinitive.com\/en\/\",\"name\":\"Thefinitive\",\"description\":\"Antiquariato Online\",\"publisher\":{\"@id\":\"https:\/\/thefinitive.com\/en\/#organization\"},\"potentialAction\":[{\"@type\":\"SearchAction\",\"target\":{\"@type\":\"EntryPoint\",\"urlTemplate\":\"https:\/\/thefinitive.com\/en\/?s={search_term_string}\"},\"query-input\":\"required name=search_term_string\"}],\"inLanguage\":\"en-US\"},{\"@type\":\"Organization\",\"@id\":\"https:\/\/thefinitive.com\/en\/#organization\",\"name\":\"Thefinitive\",\"url\":\"https:\/\/thefinitive.com\/en\/\",\"logo\":{\"@type\":\"ImageObject\",\"inLanguage\":\"en-US\",\"@id\":\"https:\/\/thefinitive.com\/en\/#\/schema\/logo\/image\/\",\"url\":\"https:\/\/thefinitive.com\/wp-content\/uploads\/2019\/07\/logo4vett.svg\",\"contentUrl\":\"https:\/\/thefinitive.com\/wp-content\/uploads\/2019\/07\/logo4vett.svg\",\"width\":500,\"height\":100,\"caption\":\"Thefinitive\"},\"image\":{\"@id\":\"https:\/\/thefinitive.com\/en\/#\/schema\/logo\/image\/\"},\"sameAs\":[\"https:\/\/business.facebook.com\/Thefinitive-111771813534320\/\",\"https:\/\/www.instagram.com\/_thefinitive_\/\"]}]}<\/script>\n<!-- \/ Yoast SEO plugin. -->","yoast_head_json":{"title":"\u274c\ud83d\ude41Medaglia CRIMEA Regno Sardegna - NOMINATIVA caporale - Thefinitive","description":"Medaglia guerra di Crimea nominativa intestata ad un caporale dell'esercito del Regno di Sardegna - Crimea Sarda - Crimean war 1853 russia","robots":{"index":"index","follow":"follow","max-snippet":"max-snippet:-1","max-image-preview":"max-image-preview:large","max-video-preview":"max-video-preview:-1"},"canonical":"https:\/\/thefinitive.com\/en\/prodotto\/medaglia-crimea-regno-sardegna-nominativa-caporale\/","og_locale":"en_US","og_type":"article","og_title":"\u274c\ud83d\ude41Medaglia CRIMEA Regno Sardegna - NOMINATIVA caporale - Thefinitive","og_description":"Medaglia guerra di Crimea nominativa intestata ad un caporale dell'esercito del Regno di Sardegna - Crimea Sarda - Crimean war 1853 russia","og_url":"https:\/\/thefinitive.com\/en\/prodotto\/medaglia-crimea-regno-sardegna-nominativa-caporale\/","og_site_name":"Thefinitive","article_publisher":"https:\/\/business.facebook.com\/Thefinitive-111771813534320\/","article_modified_time":"2023-03-20T16:23:04+00:00","og_image":[{"width":2560,"height":2560,"url":"https:\/\/thefinitive.com\/wp-content\/uploads\/2021\/06\/crim1a-scaled.jpg","type":"image\/jpeg"}],"twitter_card":"summary_large_image","twitter_misc":{"Est. reading time":"5 minutes"},"schema":{"@context":"https:\/\/schema.org","@graph":[{"@type":"WebPage","@id":"https:\/\/thefinitive.com\/en\/prodotto\/medaglia-crimea-regno-sardegna-nominativa-caporale\/","url":"https:\/\/thefinitive.com\/en\/prodotto\/medaglia-crimea-regno-sardegna-nominativa-caporale\/","name":"\u274c\ud83d\ude41Medaglia CRIMEA Regno Sardegna - NOMINATIVA caporale - Thefinitive","isPartOf":{"@id":"https:\/\/thefinitive.com\/en\/#website"},"datePublished":"2021-06-28T10:46:53+00:00","dateModified":"2023-03-20T16:23:04+00:00","description":"Medaglia guerra di Crimea nominativa intestata ad un caporale dell'esercito del Regno di Sardegna - Crimea Sarda - Crimean war 1853 russia","breadcrumb":{"@id":"https:\/\/thefinitive.com\/en\/prodotto\/medaglia-crimea-regno-sardegna-nominativa-caporale\/#breadcrumb"},"inLanguage":"en-US","potentialAction":[{"@type":"ReadAction","target":["https:\/\/thefinitive.com\/en\/prodotto\/medaglia-crimea-regno-sardegna-nominativa-caporale\/"]}]},{"@type":"BreadcrumbList","@id":"https:\/\/thefinitive.com\/en\/prodotto\/medaglia-crimea-regno-sardegna-nominativa-caporale\/#breadcrumb","itemListElement":[{"@type":"ListItem","position":1,"name":"Home","item":"https:\/\/thefinitive.com\/en\/"},{"@type":"ListItem","position":2,"name":"Shop","item":"https:\/\/thefinitive.com\/en\/shop-2\/"},{"@type":"ListItem","position":3,"name":"\u274c\ud83d\ude41Medaglia CRIMEA Regno Sardegna &#8211; NOMINATIVA caporale"}]},{"@type":"WebSite","@id":"https:\/\/thefinitive.com\/en\/#website","url":"https:\/\/thefinitive.com\/en\/","name":"Thefinitive","description":"Antiquariato Online","publisher":{"@id":"https:\/\/thefinitive.com\/en\/#organization"},"potentialAction":[{"@type":"SearchAction","target":{"@type":"EntryPoint","urlTemplate":"https:\/\/thefinitive.com\/en\/?s={search_term_string}"},"query-input":"required name=search_term_string"}],"inLanguage":"en-US"},{"@type":"Organization","@id":"https:\/\/thefinitive.com\/en\/#organization","name":"Thefinitive","url":"https:\/\/thefinitive.com\/en\/","logo":{"@type":"ImageObject","inLanguage":"en-US","@id":"https:\/\/thefinitive.com\/en\/#\/schema\/logo\/image\/","url":"https:\/\/thefinitive.com\/wp-content\/uploads\/2019\/07\/logo4vett.svg","contentUrl":"https:\/\/thefinitive.com\/wp-content\/uploads\/2019\/07\/logo4vett.svg","width":500,"height":100,"caption":"Thefinitive"},"image":{"@id":"https:\/\/thefinitive.com\/en\/#\/schema\/logo\/image\/"},"sameAs":["https:\/\/business.facebook.com\/Thefinitive-111771813534320\/","https:\/\/www.instagram.com\/_thefinitive_\/"]}]}},"_links":{"self":[{"href":"https:\/\/thefinitive.com\/en\/wp-json\/wp\/v3\/product\/8674"}],"collection":[{"href":"https:\/\/thefinitive.com\/en\/wp-json\/wp\/v3\/product"}],"about":[{"href":"https:\/\/thefinitive.com\/en\/wp-json\/wp\/v2\/types\/product"}],"replies":[{"embeddable":true,"href":"https:\/\/thefinitive.com\/en\/wp-json\/wp\/v2\/comments?post=8674"}],"version-history":[{"count":1,"href":"https:\/\/thefinitive.com\/en\/wp-json\/wp\/v3\/product\/8674\/revisions"}],"predecessor-version":[{"id":14589,"href":"https:\/\/thefinitive.com\/en\/wp-json\/wp\/v3\/product\/8674\/revisions\/14589"}],"wp:featuredmedia":[{"embeddable":true,"href":"https:\/\/thefinitive.com\/en\/wp-json\/wp\/v2\/media\/9388"}],"wp:attachment":[{"href":"https:\/\/thefinitive.com\/en\/wp-json\/wp\/v2\/media?parent=8674"}],"wp:term":[{"taxonomy":"product_cat","embeddable":true,"href":"https:\/\/thefinitive.com\/en\/wp-json\/wp\/v2\/product_cat?post=8674"},{"taxonomy":"product_tag","embeddable":true,"href":"https:\/\/thefinitive.com\/en\/wp-json\/wp\/v2\/product_tag?post=8674"}],"curies":[{"name":"wp","href":"https:\/\/api.w.org\/{rel}","templated":true}]}}