{"id":8659,"date":"2021-06-27T15:04:22","date_gmt":"2021-06-27T15:04:22","guid":{"rendered":"https:\/\/www.thefinitive.com\/?post_type=product&#038;p=8659"},"modified":"2023-03-20T17:23:06","modified_gmt":"2023-03-20T16:23:06","slug":"dannunzio-dedica-legionaria-cogoi-foto-con-firma","status":"publish","type":"product","link":"https:\/\/thefinitive.com\/en\/prodotto\/dannunzio-dedica-legionaria-cogoi-foto-con-firma\/","title":{"rendered":"\u274c\ud83d\ude41D&#8217;Annunzio Dedica Legionaria COGOI &#8211; Foto con firma"},"content":{"rendered":"<p>Fotografia di <strong>Gabriele d&#8217;Annunzio <\/strong>\u00a0con dedica autografa originale ad inchiostro nero indirizzata alla &#8220;legionaria&#8221;\u00a0 &#8220;<b><i>Maria Cogoi<\/i><\/b>&#8221; sorella dei Legionari. La dedica \u00e8 riportata nella parte alta del cartoncino grigio verde, mentre la firma <strong><em>Gabriele d&#8217;Annunzio<\/em><\/strong> \u00e8 vergata con lo stesso inchiostro direttamente sul corpo della fotografia. L&#8217;insieme \u00e8 reso ancor pi\u00f9 affascinante, dall&#8217;aggiunta di una foglia secca d&#8217;alloro sulla quale \u00e8 stata scritta una seconda firma da <strong><em>Gabriele d&#8217;Annunzio<\/em><\/strong> , ed in ultimo troviamo una porzione di nastrino in stoffa tricolore <em>rosso-giallo-blu<\/em> della medaglia della <strong>Marcia di Ronchi<\/strong> &#8211; <em>HIC MANEBIMUS OPTIME ,<\/em> assegnata ai legionari che parteciparono alla presa di <strong>Fiume<\/strong>.<\/p>\n<p>Si pu\u00f2 notare come l&#8217;insieme\u00a0 <em>foto+foglia\u00a0<\/em> sia da sempre stata una composizione unita, dall&#8217;alone chiaro lasciata dalla porzione di foglia stessa che poggiava sulla foto.<\/p>\n<p>Consueta immagine di Gabriele d&#8217;Annunzio in uniforme <strong>modello 909<\/strong> degli Alpini, completa di berretto all&#8217;alpina e cappotto con collo di pelliccia, di quando vestiva anche i gradi del reggimento degli Alpini per il quale aveva come aiutante di campo <em>Italo Gori<\/em>, soprannominato &#8220;<em><strong>San Marino<\/strong><\/em>&#8221;<\/p>\n<p>La foto realizzata ai sali d&#8217;argento, \u00e8 in ottime condizioni, montata su cartoncino, completa della sua cornice originale coeva alla fotografia con autografo, avente normali segni di usura. Si garantisce l&#8217;originalit\u00e0 assoluta di questa fotografia di d&#8217;Annunzio e della dedica ed autografi alla legionaria Cogoi, e se ne fornisce certificazione di autenticit\u00e0.<\/p>\n<p>Misure approssimative della sola fotografia cm. 22 x 16 &#8211; Misura della cornice circa cm. 33 x 26<\/p>\n<p>&nbsp;<\/p>\n<h3><span style=\"font-size: 24px;\">Notizie<\/span><\/h3>\n<div class=\"thumb tleft\">\n<div class=\"thumbinner\">\n<div class=\"thumbcaption\">\n<p><img loading=\"lazy\" decoding=\"async\" class=\"size-full wp-image-8673 aligncenter\" src=\"https:\/\/www.thefinitive.com\/wp-content\/uploads\/2021\/06\/Dannunzio_Gori-2.jpg\" alt=\"\" width=\"283\" height=\"442\" srcset=\"https:\/\/thefinitive.com\/wp-content\/uploads\/2021\/06\/Dannunzio_Gori-2.jpg 283w, https:\/\/thefinitive.com\/wp-content\/uploads\/2021\/06\/Dannunzio_Gori-2-64x100.jpg 64w, https:\/\/thefinitive.com\/wp-content\/uploads\/2021\/06\/Dannunzio_Gori-2-192x300.jpg 192w\" sizes=\"(max-width: 283px) 100vw, 283px\" \/><\/p>\n<p>&nbsp;<\/p>\n<p>Cliccando sui <strong>links\/foto<\/strong> avrete informazioni generiche, storiche, relative all&#8217;articolo in vendita<\/p>\n<h3><a href=\"https:\/\/www.thefinitive.com\/gabriele-dannunzio-limmaginifico-il-vate\/\" target=\"_blank\" rel=\"noopener\"><b>Gabriele D&#8217;Annunzio <\/b>(Pescara, 12 marzo 1863 \u2013 Gardone Riviera, 1 marzo 1938)<\/a><\/h3>\n<p><a href=\"https:\/\/www.thefinitive.com\/gabriele-dannunzio-limmaginifico-il-vate\/\" target=\"_blank\" rel=\"noopener\"><img loading=\"lazy\" decoding=\"async\" class=\"aligncenter\" src=\"https:\/\/upload.wikimedia.org\/wikipedia\/it\/b\/b1\/D%27Annunzio_4.jpg\" alt=\"D'Annunzio 4.jpg\" width=\"173\" height=\"235\" data-file-width=\"173\" data-file-height=\"235\" \/><\/a><\/p>\n<p><img loading=\"lazy\" decoding=\"async\" class=\"aligncenter\" src=\"https:\/\/upload.wikimedia.org\/wikipedia\/commons\/thumb\/2\/2c\/D%27Annunzio_signature.svg\/130px-D%27Annunzio_signature.svg.png\" alt=\"Firma di Gabriele D'Annunzio\" width=\"130\" height=\"40\" data-file-width=\"2256\" data-file-height=\"691\" \/><\/p>\n<p><b>Gabriele D&#8217;Annunzio <\/b>(Pescara,\u00a012 marzo\u00a01863\u00a0\u2013\u00a0Gardone Riviera,\u00a01\u00ba marzo\u00a01938), \u00e8 stato uno\u00a0scrittore,\u00a0poeta,\u00a0drammaturgo,\u00a0militare,\u00a0politico,\u00a0giornalista\u00a0e\u00a0patriota\u00a0italiano, simbolo del\u00a0Decadentismo e celebre figura della\u00a0prima guerra mondiale, dal\u00a01924 insignito del titolo di &#8220;principe di Montenevoso&#8221;. \u00a0Soprannominato &#8220;il Vate&#8221;, cio\u00e8 &#8220;poeta sacro, profeta&#8221;, cantore dell&#8217;Italia umbertina, o anche &#8220;l&#8217;Immaginifico&#8221;, occup\u00f2 una posizione preminente nella\u00a0letteratura italiana\u00a0dal\u00a01889\u00a0al\u00a01910\u00a0circa e nella vita politica dal\u00a01914\u00a0al\u00a01924. \u00c8 stato definito \u00abeccezionale e ultimo interprete della pi\u00f9 duratura tradizione poetica italiana [\u2026]\u00bb e come politico lasci\u00f2 un segno nella sua epoca e un&#8217;influenza sugli eventi che gli sarebbero succeduti. L&#8217;arte di D&#8217;Annunzio fu cos\u00ec determinante per la cultura di massa che influenz\u00f2 usi e costumi nell&#8217;Italia -e non solo- del suo tempo: un periodo che pi\u00f9 tardi sarebbe stato definito appunto &#8220;dannunzianesimo&#8221;.<\/p>\n<h2 style=\"text-align: center;\"><a href=\"https:\/\/www.thefinitive.com\/fiume-dannunzio-marcia-di-ronchi\/\" target=\"_blank\" rel=\"noopener\"><strong>IMPRESA DI FIUME<\/strong><\/a><\/h2>\n<div class=\"thumb tleft\">\n<div class=\"thumbinner\">\n<p><a class=\"image\" href=\"https:\/\/www.thefinitive.com\/fiume-dannunzio-marcia-di-ronchi\/\" target=\"_blank\" rel=\"noopener\"><img loading=\"lazy\" decoding=\"async\" class=\"thumbimage alignnone aligncenter\" src=\"https:\/\/upload.wikimedia.org\/wikipedia\/it\/thumb\/3\/3a\/Enrico_Marchiani%2C_Ritratto_di_Gabriele_d%27Annunzio_in_uniforme_da_Ardito._Olio_su_tela.jpg\/220px-Enrico_Marchiani%2C_Ritratto_di_Gabriele_d%27Annunzio_in_uniforme_da_Ardito._Olio_su_tela.jpg\" alt=\"\" width=\"220\" height=\"335\" data-file-width=\"294\" data-file-height=\"448\" \/><\/a><\/p>\n<\/div>\n<\/div>\n<p>L&#8217;<a href=\"https:\/\/www.thefinitive.com\/fiume-dannunzio-marcia-di-ronchi\/\"><b>impresa di Fiume<\/b><\/a>\u00a0fu un episodio del\u00a0periodo interbellico, che consistette nell&#8217;occupazione della citt\u00e0 di\u00a0Fiume, contesa tra il\u00a0Regno d&#8217;Italia\u00a0ed\u00a0Regno dei Serbi, Croati e Sloveni, da parte di reparti ribelli del\u00a0Regio Esercito\u00a0italiano. L&#8217;intento fu quello di proclamare l&#8217;annessione della citt\u00e0 all&#8217;Italia forzando in tal modo la mano ai delegati delle potenze vincitrici della\u00a0prima guerra mondiale, all&#8217;epoca impegnati nella\u00a0Conferenza di pace di Parigi. La spedizione fu capeggiata dal poeta\u00a0Gabriele D&#8217;Annunzio\u00a0e organizzata da una coalizione politica guidata dall&#8217;Associazione Nazionalista Italiana, cui parteciparono esponenti del\u00a0Mazzinianesimo, del\u00a0Futurismo\u00a0e del\u00a0Sindacalismo rivoluzionario. L&#8217;occupazione inizi\u00f2 il 12 settembre 1919 e dur\u00f2 16 mesi con alterne vicende, tra cui la proclamazione della\u00a0Reggenza italiana del Carnaro. Quando i ribelli si opposero al\u00a0Trattato di Rapallo, il governo italiano sgombr\u00f2 la citt\u00e0 con la forza durante il\u00a0Natale 1920, per permettere la creazione dello\u00a0Stato libero di Fiume.<\/p>\n<p>&nbsp;<\/p>\n<p>Fonte degli articoli\u00a0 :\u00a0 <a href=\"https:\/\/it.wikipedia.org\/wiki\/Gabriele_D%27Annunzio\">Wikipedia<\/a> , per ulteriori approfondimenti data la vastit\u00e0 dell&#8217;argomento dannunziano.<\/p>\n<\/div>\n<\/div>\n<\/div>\n<p>&nbsp;<\/p>\n<p>6.21<\/p>\n","protected":false},"excerpt":{"rendered":"<p style=\"text-align: center;\">Fotografia di <strong>Gabriele d&#8217;Annunzio <\/strong>\u00a0con dedica autografa originale per la &#8220;legionaria&#8221;\u00a0 &#8220;<b><i>Maria Cogoi<\/i><\/b>&#8221; sorella dei Legionari . In aggiunta abbiamo anche una foglia secca d&#8217;alloro sulla quale \u00e8 stata apposta una seconda firma da <strong><em>Gabriele d&#8217;Annunzio<\/em><\/strong> , ed in ultimo troviamo una porzione di nastrino in stoffa tricolore <em>rosso-giallo-blu<\/em> della medaglia della <strong>Marcia di <\/strong><strong>Fiume<\/strong>.<\/p>\n<p style=\"text-align: center;\">Misure approssimative della sola fotografia cm. 22 x 16<\/p>\n<p style=\"text-align: center;\">La foto \u00e8 in ottime condizioni, completa della sua cornice originale d&#8217;epoca, in legno, avente normali segni di usura.\u00a0Si garantisce l&#8217;originalit\u00e0 assoluta di questa fotografia e se ne fornisce certificazione di autenticit\u00e0.<\/p>\n<p>&nbsp;<\/p>\n<p style=\"text-align: center;\"><strong><em>(Scorri la pagina in basso per ulteriori dettagli e informazioni)<\/em><\/strong><\/p>\n","protected":false},"featured_media":8660,"comment_status":"open","ping_status":"closed","template":"","meta":[],"product_cat":[586],"product_tag":[223,224,723,207,182,203,278,221,220,219,218,225,222,205,206],"yoast_head":"<!-- This site is optimized with the Yoast SEO plugin v21.9.1 - https:\/\/yoast.com\/wordpress\/plugins\/seo\/ -->\n<title>\u274c\ud83d\ude41D&#039;Annunzio Dedica Legionaria COGOI - Foto con firma - Thefinitive<\/title>\n<meta name=\"description\" content=\"Gabriele d&#039;Annunzio fotografia con dedica Sorella LEGIONARIA Maria COGOI - Autografo originale - Original hand written D&#039;Annunzio signature\" \/>\n<meta name=\"robots\" content=\"index, follow, max-snippet:-1, max-image-preview:large, max-video-preview:-1\" \/>\n<link rel=\"canonical\" href=\"https:\/\/thefinitive.com\/en\/prodotto\/dannunzio-dedica-legionaria-cogoi-foto-con-firma\/\" \/>\n<meta property=\"og:locale\" content=\"en_US\" \/>\n<meta property=\"og:type\" content=\"article\" \/>\n<meta property=\"og:title\" content=\"\u274c\ud83d\ude41D&#039;Annunzio Dedica Legionaria COGOI - Foto con firma - Thefinitive\" \/>\n<meta property=\"og:description\" content=\"Gabriele d&#039;Annunzio fotografia con dedica Sorella LEGIONARIA Maria COGOI - Autografo originale - Original hand written D&#039;Annunzio signature\" \/>\n<meta property=\"og:url\" content=\"https:\/\/thefinitive.com\/en\/prodotto\/dannunzio-dedica-legionaria-cogoi-foto-con-firma\/\" \/>\n<meta property=\"og:site_name\" content=\"Thefinitive\" \/>\n<meta property=\"article:publisher\" content=\"https:\/\/business.facebook.com\/Thefinitive-111771813534320\/\" \/>\n<meta property=\"article:modified_time\" content=\"2023-03-20T16:23:06+00:00\" \/>\n<meta property=\"og:image\" content=\"https:\/\/thefinitive.com\/wp-content\/uploads\/2021\/06\/danncogoi1.jpg\" \/>\n\t<meta property=\"og:image:width\" content=\"2160\" \/>\n\t<meta property=\"og:image:height\" content=\"2160\" \/>\n\t<meta property=\"og:image:type\" content=\"image\/jpeg\" \/>\n<meta name=\"twitter:card\" content=\"summary_large_image\" \/>\n<meta name=\"twitter:label1\" content=\"Est. reading time\" \/>\n\t<meta name=\"twitter:data1\" content=\"4 minutes\" \/>\n<script type=\"application\/ld+json\" class=\"yoast-schema-graph\">{\"@context\":\"https:\/\/schema.org\",\"@graph\":[{\"@type\":\"WebPage\",\"@id\":\"https:\/\/thefinitive.com\/en\/prodotto\/dannunzio-dedica-legionaria-cogoi-foto-con-firma\/\",\"url\":\"https:\/\/thefinitive.com\/en\/prodotto\/dannunzio-dedica-legionaria-cogoi-foto-con-firma\/\",\"name\":\"\u274c\ud83d\ude41D'Annunzio Dedica Legionaria COGOI - Foto con firma - Thefinitive\",\"isPartOf\":{\"@id\":\"https:\/\/thefinitive.com\/en\/#website\"},\"datePublished\":\"2021-06-27T15:04:22+00:00\",\"dateModified\":\"2023-03-20T16:23:06+00:00\",\"description\":\"Gabriele d'Annunzio fotografia con dedica Sorella LEGIONARIA Maria COGOI - Autografo originale - Original hand written D'Annunzio signature\",\"breadcrumb\":{\"@id\":\"https:\/\/thefinitive.com\/en\/prodotto\/dannunzio-dedica-legionaria-cogoi-foto-con-firma\/#breadcrumb\"},\"inLanguage\":\"en-US\",\"potentialAction\":[{\"@type\":\"ReadAction\",\"target\":[\"https:\/\/thefinitive.com\/en\/prodotto\/dannunzio-dedica-legionaria-cogoi-foto-con-firma\/\"]}]},{\"@type\":\"BreadcrumbList\",\"@id\":\"https:\/\/thefinitive.com\/en\/prodotto\/dannunzio-dedica-legionaria-cogoi-foto-con-firma\/#breadcrumb\",\"itemListElement\":[{\"@type\":\"ListItem\",\"position\":1,\"name\":\"Home\",\"item\":\"https:\/\/thefinitive.com\/en\/\"},{\"@type\":\"ListItem\",\"position\":2,\"name\":\"Shop\",\"item\":\"https:\/\/thefinitive.com\/en\/shop-2\/\"},{\"@type\":\"ListItem\",\"position\":3,\"name\":\"\u274c\ud83d\ude41D&#8217;Annunzio Dedica Legionaria COGOI &#8211; Foto con firma\"}]},{\"@type\":\"WebSite\",\"@id\":\"https:\/\/thefinitive.com\/en\/#website\",\"url\":\"https:\/\/thefinitive.com\/en\/\",\"name\":\"Thefinitive\",\"description\":\"Antiquariato Online\",\"publisher\":{\"@id\":\"https:\/\/thefinitive.com\/en\/#organization\"},\"potentialAction\":[{\"@type\":\"SearchAction\",\"target\":{\"@type\":\"EntryPoint\",\"urlTemplate\":\"https:\/\/thefinitive.com\/en\/?s={search_term_string}\"},\"query-input\":\"required name=search_term_string\"}],\"inLanguage\":\"en-US\"},{\"@type\":\"Organization\",\"@id\":\"https:\/\/thefinitive.com\/en\/#organization\",\"name\":\"Thefinitive\",\"url\":\"https:\/\/thefinitive.com\/en\/\",\"logo\":{\"@type\":\"ImageObject\",\"inLanguage\":\"en-US\",\"@id\":\"https:\/\/thefinitive.com\/en\/#\/schema\/logo\/image\/\",\"url\":\"https:\/\/thefinitive.com\/wp-content\/uploads\/2019\/07\/logo4vett.svg\",\"contentUrl\":\"https:\/\/thefinitive.com\/wp-content\/uploads\/2019\/07\/logo4vett.svg\",\"width\":500,\"height\":100,\"caption\":\"Thefinitive\"},\"image\":{\"@id\":\"https:\/\/thefinitive.com\/en\/#\/schema\/logo\/image\/\"},\"sameAs\":[\"https:\/\/business.facebook.com\/Thefinitive-111771813534320\/\",\"https:\/\/www.instagram.com\/_thefinitive_\/\"]}]}<\/script>\n<!-- \/ Yoast SEO plugin. -->","yoast_head_json":{"title":"\u274c\ud83d\ude41D'Annunzio Dedica Legionaria COGOI - Foto con firma - Thefinitive","description":"Gabriele d'Annunzio fotografia con dedica Sorella LEGIONARIA Maria COGOI - Autografo originale - Original hand written D'Annunzio signature","robots":{"index":"index","follow":"follow","max-snippet":"max-snippet:-1","max-image-preview":"max-image-preview:large","max-video-preview":"max-video-preview:-1"},"canonical":"https:\/\/thefinitive.com\/en\/prodotto\/dannunzio-dedica-legionaria-cogoi-foto-con-firma\/","og_locale":"en_US","og_type":"article","og_title":"\u274c\ud83d\ude41D'Annunzio Dedica Legionaria COGOI - Foto con firma - Thefinitive","og_description":"Gabriele d'Annunzio fotografia con dedica Sorella LEGIONARIA Maria COGOI - Autografo originale - Original hand written D'Annunzio signature","og_url":"https:\/\/thefinitive.com\/en\/prodotto\/dannunzio-dedica-legionaria-cogoi-foto-con-firma\/","og_site_name":"Thefinitive","article_publisher":"https:\/\/business.facebook.com\/Thefinitive-111771813534320\/","article_modified_time":"2023-03-20T16:23:06+00:00","og_image":[{"width":2160,"height":2160,"url":"https:\/\/thefinitive.com\/wp-content\/uploads\/2021\/06\/danncogoi1.jpg","type":"image\/jpeg"}],"twitter_card":"summary_large_image","twitter_misc":{"Est. reading time":"4 minutes"},"schema":{"@context":"https:\/\/schema.org","@graph":[{"@type":"WebPage","@id":"https:\/\/thefinitive.com\/en\/prodotto\/dannunzio-dedica-legionaria-cogoi-foto-con-firma\/","url":"https:\/\/thefinitive.com\/en\/prodotto\/dannunzio-dedica-legionaria-cogoi-foto-con-firma\/","name":"\u274c\ud83d\ude41D'Annunzio Dedica Legionaria COGOI - Foto con firma - Thefinitive","isPartOf":{"@id":"https:\/\/thefinitive.com\/en\/#website"},"datePublished":"2021-06-27T15:04:22+00:00","dateModified":"2023-03-20T16:23:06+00:00","description":"Gabriele d'Annunzio fotografia con dedica Sorella LEGIONARIA Maria COGOI - Autografo originale - Original hand written D'Annunzio signature","breadcrumb":{"@id":"https:\/\/thefinitive.com\/en\/prodotto\/dannunzio-dedica-legionaria-cogoi-foto-con-firma\/#breadcrumb"},"inLanguage":"en-US","potentialAction":[{"@type":"ReadAction","target":["https:\/\/thefinitive.com\/en\/prodotto\/dannunzio-dedica-legionaria-cogoi-foto-con-firma\/"]}]},{"@type":"BreadcrumbList","@id":"https:\/\/thefinitive.com\/en\/prodotto\/dannunzio-dedica-legionaria-cogoi-foto-con-firma\/#breadcrumb","itemListElement":[{"@type":"ListItem","position":1,"name":"Home","item":"https:\/\/thefinitive.com\/en\/"},{"@type":"ListItem","position":2,"name":"Shop","item":"https:\/\/thefinitive.com\/en\/shop-2\/"},{"@type":"ListItem","position":3,"name":"\u274c\ud83d\ude41D&#8217;Annunzio Dedica Legionaria COGOI &#8211; Foto con firma"}]},{"@type":"WebSite","@id":"https:\/\/thefinitive.com\/en\/#website","url":"https:\/\/thefinitive.com\/en\/","name":"Thefinitive","description":"Antiquariato Online","publisher":{"@id":"https:\/\/thefinitive.com\/en\/#organization"},"potentialAction":[{"@type":"SearchAction","target":{"@type":"EntryPoint","urlTemplate":"https:\/\/thefinitive.com\/en\/?s={search_term_string}"},"query-input":"required name=search_term_string"}],"inLanguage":"en-US"},{"@type":"Organization","@id":"https:\/\/thefinitive.com\/en\/#organization","name":"Thefinitive","url":"https:\/\/thefinitive.com\/en\/","logo":{"@type":"ImageObject","inLanguage":"en-US","@id":"https:\/\/thefinitive.com\/en\/#\/schema\/logo\/image\/","url":"https:\/\/thefinitive.com\/wp-content\/uploads\/2019\/07\/logo4vett.svg","contentUrl":"https:\/\/thefinitive.com\/wp-content\/uploads\/2019\/07\/logo4vett.svg","width":500,"height":100,"caption":"Thefinitive"},"image":{"@id":"https:\/\/thefinitive.com\/en\/#\/schema\/logo\/image\/"},"sameAs":["https:\/\/business.facebook.com\/Thefinitive-111771813534320\/","https:\/\/www.instagram.com\/_thefinitive_\/"]}]}},"_links":{"self":[{"href":"https:\/\/thefinitive.com\/en\/wp-json\/wp\/v3\/product\/8659"}],"collection":[{"href":"https:\/\/thefinitive.com\/en\/wp-json\/wp\/v3\/product"}],"about":[{"href":"https:\/\/thefinitive.com\/en\/wp-json\/wp\/v2\/types\/product"}],"replies":[{"embeddable":true,"href":"https:\/\/thefinitive.com\/en\/wp-json\/wp\/v2\/comments?post=8659"}],"version-history":[{"count":1,"href":"https:\/\/thefinitive.com\/en\/wp-json\/wp\/v3\/product\/8659\/revisions"}],"predecessor-version":[{"id":14590,"href":"https:\/\/thefinitive.com\/en\/wp-json\/wp\/v3\/product\/8659\/revisions\/14590"}],"wp:featuredmedia":[{"embeddable":true,"href":"https:\/\/thefinitive.com\/en\/wp-json\/wp\/v2\/media\/8660"}],"wp:attachment":[{"href":"https:\/\/thefinitive.com\/en\/wp-json\/wp\/v2\/media?parent=8659"}],"wp:term":[{"taxonomy":"product_cat","embeddable":true,"href":"https:\/\/thefinitive.com\/en\/wp-json\/wp\/v2\/product_cat?post=8659"},{"taxonomy":"product_tag","embeddable":true,"href":"https:\/\/thefinitive.com\/en\/wp-json\/wp\/v2\/product_tag?post=8659"}],"curies":[{"name":"wp","href":"https:\/\/api.w.org\/{rel}","templated":true}]}}