{"id":8596,"date":"2021-05-22T16:34:45","date_gmt":"2021-05-22T16:34:45","guid":{"rendered":"https:\/\/www.thefinitive.com\/?post_type=product&#038;p=8596"},"modified":"2023-03-20T17:23:14","modified_gmt":"2023-03-20T16:23:14","slug":"teneo-te-africa-1935-dannunzio-medaglia-brozzi","status":"publish","type":"product","link":"https:\/\/thefinitive.com\/en\/prodotto\/teneo-te-africa-1935-dannunzio-medaglia-brozzi\/","title":{"rendered":"\u274c\ud83d\ude41TENEO TE AFRICA 1935 d&#8217;Annunzio &#8211; Medaglia Brozzi"},"content":{"rendered":"<p>Medaglia in <strong>bronzo<\/strong> commemorativa della campagna d&#8217;Abissinia del <strong>1935-36<\/strong> voluta da Mussolini, fatta coniare da <strong>Gabriele d&#8217;Annunzio<\/strong> proprio per magnificare le gesta coloniali del regime fascista, con il motto <strong>TENEO TE AFRICA<\/strong><\/p>\n<p>La medaglia fu realizzata dallo scultore <strong>Renato Brozzi<\/strong>, che per d&#8217;Annunzio ide\u00f2 diversi gioielli, medaglie.<\/p>\n<p style=\"text-align: left;\">Al dritto abbiamo un elefante di tre quarti, che rivolto verso destra sembra correre o scappare da un predatore, e nella circonferenza esterna rialzata rispetto al fondo della medaglia, troviamo il testo<\/p>\n<p style=\"text-align: center;\"><strong>SVIS VIRIBVS POLLENS\u00a0 \u00a0* TENEO TE, AFRICA *<\/strong><\/p>\n<p>Al verso l&#8217;elefante \u00e8 rivolto col corpo verso sinistra, ma la testa volta all&#8217;indietro con la proboscide alzata in segno di paura o sfida sempre a quel predatore (<em>il nemico italiano<\/em>), e nella circonferenza esterna il testo<\/p>\n<p style=\"text-align: center;\"><strong>GABRIEL NVNCIVS = * ANNO \u2022 MCMXXXV *<\/strong><\/p>\n<p>&nbsp;<\/p>\n<p>Gabriele D\u2019Annunzio magnific\u00f2 il valore dell&#8217;impresa militare in terra africana, attraverso \u00a0una serie di scritti in forma di corrispondenza indirizzata al Duce ed a suoi vecchi compagni d\u2019arme, glorificando le ragioni ed i temi del nazionalismo e dell\u2019imperialismo italiano, raccogliendoli nel volume <strong>Teneo te Africa<\/strong>, pubblicato alla fine del 1936 per le edizioni delle Officine del Vittoriale. Allo stesso modo fece realizzare appunto la medaglia che proponiamo qui in vendita.<\/p>\n<p>La medaglia <em>Teneo Te Africa<\/em> del 1935, misura circa mm.77 di diametro. In ottime condizioni, fatta salva la leggera intaccatura a fianco della parola<strong> SVIS<\/strong><\/p>\n<p>Medaglia particolarmente interessante e di pregevole fattura.<\/p>\n<h3><\/h3>\n<div class=\"thumb tleft\">\n<div class=\"thumbinner\">\n<div class=\"thumbcaption\">\n<h2>Notizie<\/h2>\n<p>Cliccando sui <strong>links\/foto<\/strong> avrete informazioni generiche, storiche, relative all&#8217;articolo in vendita<\/p>\n<h3><a href=\"https:\/\/www.thefinitive.com\/gabriele-dannunzio-limmaginifico-il-vate\/\" target=\"_blank\" rel=\"noopener\"><b>Gabriele D&#8217;Annunzio <\/b>(Pescara, 12 marzo 1863 \u2013 Gardone Riviera, 1 marzo 1938)<\/a><\/h3>\n<p><a href=\"https:\/\/www.thefinitive.com\/gabriele-dannunzio-limmaginifico-il-vate\/\" target=\"_blank\" rel=\"noopener\"><img loading=\"lazy\" decoding=\"async\" class=\"aligncenter\" src=\"https:\/\/upload.wikimedia.org\/wikipedia\/it\/b\/b1\/D%27Annunzio_4.jpg\" alt=\"D'Annunzio 4.jpg\" width=\"173\" height=\"235\" data-file-width=\"173\" data-file-height=\"235\" \/><\/a><\/p>\n<p><img loading=\"lazy\" decoding=\"async\" class=\"aligncenter\" src=\"https:\/\/upload.wikimedia.org\/wikipedia\/commons\/thumb\/2\/2c\/D%27Annunzio_signature.svg\/130px-D%27Annunzio_signature.svg.png\" alt=\"Firma di Gabriele D'Annunzio\" width=\"130\" height=\"40\" data-file-width=\"2256\" data-file-height=\"691\" \/><\/p>\n<p><b>Gabriele D&#8217;Annunzio <\/b>(Pescara,\u00a012 marzo\u00a01863\u00a0\u2013\u00a0Gardone Riviera,\u00a01\u00ba marzo\u00a01938), \u00e8 stato uno\u00a0scrittore,\u00a0poeta,\u00a0drammaturgo,\u00a0militare,\u00a0politico,\u00a0giornalista\u00a0e\u00a0patriota\u00a0italiano, simbolo del\u00a0Decadentismo e celebre figura della\u00a0prima guerra mondiale, dal\u00a01924 insignito del titolo di &#8220;principe di Montenevoso&#8221;. \u00a0Soprannominato &#8220;il Vate&#8221;, cio\u00e8 &#8220;poeta sacro, profeta&#8221;, cantore dell&#8217;Italia umbertina, o anche &#8220;l&#8217;Immaginifico&#8221;, occup\u00f2 una posizione preminente nella\u00a0letteratura italiana\u00a0dal\u00a01889\u00a0al\u00a01910\u00a0circa e nella vita politica dal\u00a01914\u00a0al\u00a01924. \u00c8 stato definito \u00abeccezionale e ultimo interprete della pi\u00f9 duratura tradizione poetica italiana [\u2026]\u00bb e come politico lasci\u00f2 un segno nella sua epoca e un&#8217;influenza sugli eventi che gli sarebbero succeduti. L&#8217;arte di D&#8217;Annunzio fu cos\u00ec determinante per la cultura di massa che influenz\u00f2 usi e costumi nell&#8217;Italia -e non solo- del suo tempo: un periodo che pi\u00f9 tardi sarebbe stato definito appunto &#8220;dannunzianesimo&#8221;.<\/p>\n<\/div>\n<\/div>\n<\/div>\n<div class=\"thumb tleft\">\n<div class=\"thumbinner\">\n<div class=\"thumbcaption\">\n<p>&nbsp;<\/p>\n<h2>RENATO BROZZI<\/h2>\n<p><b>Renato Brozzi<\/b>\u00a0(Traversetolo,\u00a07 agosto\u00a01885\u00a0\u2013\u00a0Traversetolo,\u00a021 giugno\u00a01963) \u00e8 stato uno\u00a0scultore,\u00a0incisore\u00a0e\u00a0orafo\u00a0italiano. Apprese il mestiere di cesellatore da giovanissimo in una fonderia di bronzi e lavor\u00f2 poi per una bottega di antiquariato. Sostenuto e incoraggiato dal pittore\u00a0Daniele de Strobel, frequent\u00f2 l&#8217;Accademia di Belle Arti di Parma, dove ebbe come maestro\u00a0Cecrope Barilli, diplomandosi in soli tre anni mentre il corso ne prevedeva cinque.<\/p>\n<p>Trasferitosi a\u00a0Roma\u00a0nel\u00a01907, vi rimase con la famiglia per oltre 50 anni. Frequent\u00f2 la Scuola d&#8217;Arte della Medaglia presso le officine della\u00a0Zecca di Stato, dove perfezion\u00f2 la tecnica dell&#8217;incisione. Fu molto amico del conterraneo\u00a0Amedeo Bocchi\u00a0e abit\u00f2 assieme a lui in una delle case-studio della\u00a0Villa Strohl Fern. Divise con lui anche uno studio sulla via Flaminia e frequentarono insieme la fiaschetteria toscana in via della Croce, luogo di ritrovo di artisti e letterati tra i quali\u00a0Papini,\u00a0Soffici,\u00a0Ungaretti\u00a0e\u00a0Cardarelli (nel locale esiste una targa sbalzata dal Brozzi). Nel\u00a01915\u00a0vinse una medaglia d&#8217;oro alla Mostra Internazionale di Belle Arti di\u00a0San Francisco. Nel\u00a01917, alle mostre individuali indette dalla Permanente di\u00a0Milano\u00a0(dove gi\u00e0 aveva esposto nel 1910), espose cinquantaquattro opere tra pastelli, targhe in rame e piatti d&#8217;argento. Nel\u00a01919\u00a0disegn\u00f2 il rovescio della moneta da\u00a010 centesimi di lira, raffigurante un&#8217;ape posata su un fiore di papavero. <strong>I suoi lavori richiamarono l&#8217;attenzione di\u00a0Gabriele D&#8217;Annunzio<\/strong>, che dal\u00a01920\u00a0lo volle come suo scultore e orafo personale. Brozzi adorn\u00f2 la\u00a0residenza del poeta\u00a0a Cargnacco di\u00a0Gardone Riviera\u00a0e realizz\u00f2 diverse sculture e altre opere che spesso il poeta donava agli amici.<\/p>\n<p>Tra le sue opere pi\u00f9 famose si hanno la\u00a0<strong><i>Coppa del Benaco<\/i><\/strong>, premio per gare di idrovolanti sul\u00a0lago di Garda commissionato da D&#8217;Annunzio, la\u00a0<strong><i>Meravigliosa Cheli<\/i><\/strong>, enorme tartaruga, la\u00a0<strong><i>Vittoria angolare<\/i><\/strong>, collocata sulla\u00a0nave Puglia\u00a0del\u00a0Vittoriale degli italiani, medaglia TENEO TE AFRICA 1935 e molto altro.<\/p>\n<p>&nbsp;<\/p>\n<p>Fonte degli articoli\u00a0 :\u00a0 <a href=\"https:\/\/it.wikipedia.org\/wiki\/Gabriele_D%27Annunzio\">Wikipedia<\/a> , per ulteriori approfondimenti data la vastit\u00e0 dell&#8217;argomento dannunziano.<\/p>\n<\/div>\n<\/div>\n<\/div>\n<p>&nbsp;<\/p>\n<p>5.21<\/p>\n","protected":false},"excerpt":{"rendered":"<p style=\"text-align: center;\">Medaglia in bronzo commemorativa della campagna d&#8217;Abissinia del <strong>1935-36<\/strong> , fatta coniare da <strong>Gabriele d&#8217;Annunzio<\/strong> su disegno di <strong>Renato Brozzi<\/strong><\/p>\n<p style=\"text-align: center;\">Raffigura un elefante in due differenti pose, al dritto il testo\u00a0 <strong><em>SVIS VIRIBVS POLLENS\u00a0 \u00a0* TENEO TE, AFRICA *<\/em>\u00a0 <\/strong>ed al verso\u00a0 <em><strong>GABRIEL NVNCIVS = * ANNO \u2022 MCMXXXV *<\/strong><\/em><\/p>\n<p style=\"text-align: center;\">Misure circa mm.77 diametro, peso gr.144<\/p>\n<p style=\"text-align: center;\"><strong><em>(Scorri la pagina in basso per ulteriori dettagli e informazioni)<\/em><\/strong><\/p>\n","protected":false},"featured_media":8597,"comment_status":"open","ping_status":"closed","template":"","meta":[],"product_cat":[586],"product_tag":[163,223,723,634,349,182,203,278],"yoast_head":"<!-- This site is optimized with the Yoast SEO plugin v21.9.1 - https:\/\/yoast.com\/wordpress\/plugins\/seo\/ -->\n<title>\u274c\ud83d\ude41TENEO TE AFRICA 1935 d&#039;Annunzio - Medaglia Brozzi - Thefinitive<\/title>\n<meta name=\"description\" content=\"Gabriele d&#039;Annunzio medaglia TENEO TE AFRICA del 1935 Renato Brozzi - Campagna d&#039;Abissina PNF Fascist Italian African Empire - Coloniale\" \/>\n<meta name=\"robots\" content=\"index, follow, max-snippet:-1, max-image-preview:large, max-video-preview:-1\" \/>\n<link rel=\"canonical\" href=\"https:\/\/thefinitive.com\/en\/prodotto\/teneo-te-africa-1935-dannunzio-medaglia-brozzi\/\" \/>\n<meta property=\"og:locale\" content=\"en_US\" \/>\n<meta property=\"og:type\" content=\"article\" \/>\n<meta property=\"og:title\" content=\"\u274c\ud83d\ude41TENEO TE AFRICA 1935 d&#039;Annunzio - Medaglia Brozzi - Thefinitive\" \/>\n<meta property=\"og:description\" content=\"Gabriele d&#039;Annunzio medaglia TENEO TE AFRICA del 1935 Renato Brozzi - Campagna d&#039;Abissina PNF Fascist Italian African Empire - Coloniale\" \/>\n<meta property=\"og:url\" content=\"https:\/\/thefinitive.com\/en\/prodotto\/teneo-te-africa-1935-dannunzio-medaglia-brozzi\/\" \/>\n<meta property=\"og:site_name\" content=\"Thefinitive\" \/>\n<meta property=\"article:publisher\" content=\"https:\/\/business.facebook.com\/Thefinitive-111771813534320\/\" \/>\n<meta property=\"article:modified_time\" content=\"2023-03-20T16:23:14+00:00\" \/>\n<meta property=\"og:image\" content=\"https:\/\/thefinitive.com\/wp-content\/uploads\/2021\/05\/teneo1_2-scaled.jpg\" \/>\n\t<meta property=\"og:image:width\" content=\"2560\" \/>\n\t<meta property=\"og:image:height\" content=\"2560\" \/>\n\t<meta property=\"og:image:type\" content=\"image\/jpeg\" \/>\n<meta name=\"twitter:card\" content=\"summary_large_image\" \/>\n<meta name=\"twitter:label1\" content=\"Est. reading time\" \/>\n\t<meta name=\"twitter:data1\" content=\"4 minutes\" \/>\n<script type=\"application\/ld+json\" class=\"yoast-schema-graph\">{\"@context\":\"https:\/\/schema.org\",\"@graph\":[{\"@type\":\"WebPage\",\"@id\":\"https:\/\/thefinitive.com\/en\/prodotto\/teneo-te-africa-1935-dannunzio-medaglia-brozzi\/\",\"url\":\"https:\/\/thefinitive.com\/en\/prodotto\/teneo-te-africa-1935-dannunzio-medaglia-brozzi\/\",\"name\":\"\u274c\ud83d\ude41TENEO TE AFRICA 1935 d'Annunzio - Medaglia Brozzi - Thefinitive\",\"isPartOf\":{\"@id\":\"https:\/\/thefinitive.com\/en\/#website\"},\"datePublished\":\"2021-05-22T16:34:45+00:00\",\"dateModified\":\"2023-03-20T16:23:14+00:00\",\"description\":\"Gabriele d'Annunzio medaglia TENEO TE AFRICA del 1935 Renato Brozzi - Campagna d'Abissina PNF Fascist Italian African Empire - Coloniale\",\"breadcrumb\":{\"@id\":\"https:\/\/thefinitive.com\/en\/prodotto\/teneo-te-africa-1935-dannunzio-medaglia-brozzi\/#breadcrumb\"},\"inLanguage\":\"en-US\",\"potentialAction\":[{\"@type\":\"ReadAction\",\"target\":[\"https:\/\/thefinitive.com\/en\/prodotto\/teneo-te-africa-1935-dannunzio-medaglia-brozzi\/\"]}]},{\"@type\":\"BreadcrumbList\",\"@id\":\"https:\/\/thefinitive.com\/en\/prodotto\/teneo-te-africa-1935-dannunzio-medaglia-brozzi\/#breadcrumb\",\"itemListElement\":[{\"@type\":\"ListItem\",\"position\":1,\"name\":\"Home\",\"item\":\"https:\/\/thefinitive.com\/en\/\"},{\"@type\":\"ListItem\",\"position\":2,\"name\":\"Shop\",\"item\":\"https:\/\/thefinitive.com\/en\/shop-2\/\"},{\"@type\":\"ListItem\",\"position\":3,\"name\":\"\u274c\ud83d\ude41TENEO TE AFRICA 1935 d&#8217;Annunzio &#8211; Medaglia Brozzi\"}]},{\"@type\":\"WebSite\",\"@id\":\"https:\/\/thefinitive.com\/en\/#website\",\"url\":\"https:\/\/thefinitive.com\/en\/\",\"name\":\"Thefinitive\",\"description\":\"Antiquariato Online\",\"publisher\":{\"@id\":\"https:\/\/thefinitive.com\/en\/#organization\"},\"potentialAction\":[{\"@type\":\"SearchAction\",\"target\":{\"@type\":\"EntryPoint\",\"urlTemplate\":\"https:\/\/thefinitive.com\/en\/?s={search_term_string}\"},\"query-input\":\"required name=search_term_string\"}],\"inLanguage\":\"en-US\"},{\"@type\":\"Organization\",\"@id\":\"https:\/\/thefinitive.com\/en\/#organization\",\"name\":\"Thefinitive\",\"url\":\"https:\/\/thefinitive.com\/en\/\",\"logo\":{\"@type\":\"ImageObject\",\"inLanguage\":\"en-US\",\"@id\":\"https:\/\/thefinitive.com\/en\/#\/schema\/logo\/image\/\",\"url\":\"https:\/\/thefinitive.com\/wp-content\/uploads\/2019\/07\/logo4vett.svg\",\"contentUrl\":\"https:\/\/thefinitive.com\/wp-content\/uploads\/2019\/07\/logo4vett.svg\",\"width\":500,\"height\":100,\"caption\":\"Thefinitive\"},\"image\":{\"@id\":\"https:\/\/thefinitive.com\/en\/#\/schema\/logo\/image\/\"},\"sameAs\":[\"https:\/\/business.facebook.com\/Thefinitive-111771813534320\/\",\"https:\/\/www.instagram.com\/_thefinitive_\/\"]}]}<\/script>\n<!-- \/ Yoast SEO plugin. -->","yoast_head_json":{"title":"\u274c\ud83d\ude41TENEO TE AFRICA 1935 d'Annunzio - Medaglia Brozzi - Thefinitive","description":"Gabriele d'Annunzio medaglia TENEO TE AFRICA del 1935 Renato Brozzi - Campagna d'Abissina PNF Fascist Italian African Empire - Coloniale","robots":{"index":"index","follow":"follow","max-snippet":"max-snippet:-1","max-image-preview":"max-image-preview:large","max-video-preview":"max-video-preview:-1"},"canonical":"https:\/\/thefinitive.com\/en\/prodotto\/teneo-te-africa-1935-dannunzio-medaglia-brozzi\/","og_locale":"en_US","og_type":"article","og_title":"\u274c\ud83d\ude41TENEO TE AFRICA 1935 d'Annunzio - Medaglia Brozzi - Thefinitive","og_description":"Gabriele d'Annunzio medaglia TENEO TE AFRICA del 1935 Renato Brozzi - Campagna d'Abissina PNF Fascist Italian African Empire - Coloniale","og_url":"https:\/\/thefinitive.com\/en\/prodotto\/teneo-te-africa-1935-dannunzio-medaglia-brozzi\/","og_site_name":"Thefinitive","article_publisher":"https:\/\/business.facebook.com\/Thefinitive-111771813534320\/","article_modified_time":"2023-03-20T16:23:14+00:00","og_image":[{"width":2560,"height":2560,"url":"https:\/\/thefinitive.com\/wp-content\/uploads\/2021\/05\/teneo1_2-scaled.jpg","type":"image\/jpeg"}],"twitter_card":"summary_large_image","twitter_misc":{"Est. reading time":"4 minutes"},"schema":{"@context":"https:\/\/schema.org","@graph":[{"@type":"WebPage","@id":"https:\/\/thefinitive.com\/en\/prodotto\/teneo-te-africa-1935-dannunzio-medaglia-brozzi\/","url":"https:\/\/thefinitive.com\/en\/prodotto\/teneo-te-africa-1935-dannunzio-medaglia-brozzi\/","name":"\u274c\ud83d\ude41TENEO TE AFRICA 1935 d'Annunzio - Medaglia Brozzi - Thefinitive","isPartOf":{"@id":"https:\/\/thefinitive.com\/en\/#website"},"datePublished":"2021-05-22T16:34:45+00:00","dateModified":"2023-03-20T16:23:14+00:00","description":"Gabriele d'Annunzio medaglia TENEO TE AFRICA del 1935 Renato Brozzi - Campagna d'Abissina PNF Fascist Italian African Empire - Coloniale","breadcrumb":{"@id":"https:\/\/thefinitive.com\/en\/prodotto\/teneo-te-africa-1935-dannunzio-medaglia-brozzi\/#breadcrumb"},"inLanguage":"en-US","potentialAction":[{"@type":"ReadAction","target":["https:\/\/thefinitive.com\/en\/prodotto\/teneo-te-africa-1935-dannunzio-medaglia-brozzi\/"]}]},{"@type":"BreadcrumbList","@id":"https:\/\/thefinitive.com\/en\/prodotto\/teneo-te-africa-1935-dannunzio-medaglia-brozzi\/#breadcrumb","itemListElement":[{"@type":"ListItem","position":1,"name":"Home","item":"https:\/\/thefinitive.com\/en\/"},{"@type":"ListItem","position":2,"name":"Shop","item":"https:\/\/thefinitive.com\/en\/shop-2\/"},{"@type":"ListItem","position":3,"name":"\u274c\ud83d\ude41TENEO TE AFRICA 1935 d&#8217;Annunzio &#8211; Medaglia Brozzi"}]},{"@type":"WebSite","@id":"https:\/\/thefinitive.com\/en\/#website","url":"https:\/\/thefinitive.com\/en\/","name":"Thefinitive","description":"Antiquariato Online","publisher":{"@id":"https:\/\/thefinitive.com\/en\/#organization"},"potentialAction":[{"@type":"SearchAction","target":{"@type":"EntryPoint","urlTemplate":"https:\/\/thefinitive.com\/en\/?s={search_term_string}"},"query-input":"required name=search_term_string"}],"inLanguage":"en-US"},{"@type":"Organization","@id":"https:\/\/thefinitive.com\/en\/#organization","name":"Thefinitive","url":"https:\/\/thefinitive.com\/en\/","logo":{"@type":"ImageObject","inLanguage":"en-US","@id":"https:\/\/thefinitive.com\/en\/#\/schema\/logo\/image\/","url":"https:\/\/thefinitive.com\/wp-content\/uploads\/2019\/07\/logo4vett.svg","contentUrl":"https:\/\/thefinitive.com\/wp-content\/uploads\/2019\/07\/logo4vett.svg","width":500,"height":100,"caption":"Thefinitive"},"image":{"@id":"https:\/\/thefinitive.com\/en\/#\/schema\/logo\/image\/"},"sameAs":["https:\/\/business.facebook.com\/Thefinitive-111771813534320\/","https:\/\/www.instagram.com\/_thefinitive_\/"]}]}},"_links":{"self":[{"href":"https:\/\/thefinitive.com\/en\/wp-json\/wp\/v3\/product\/8596"}],"collection":[{"href":"https:\/\/thefinitive.com\/en\/wp-json\/wp\/v3\/product"}],"about":[{"href":"https:\/\/thefinitive.com\/en\/wp-json\/wp\/v2\/types\/product"}],"replies":[{"embeddable":true,"href":"https:\/\/thefinitive.com\/en\/wp-json\/wp\/v2\/comments?post=8596"}],"version-history":[{"count":2,"href":"https:\/\/thefinitive.com\/en\/wp-json\/wp\/v3\/product\/8596\/revisions"}],"predecessor-version":[{"id":14594,"href":"https:\/\/thefinitive.com\/en\/wp-json\/wp\/v3\/product\/8596\/revisions\/14594"}],"wp:featuredmedia":[{"embeddable":true,"href":"https:\/\/thefinitive.com\/en\/wp-json\/wp\/v2\/media\/8597"}],"wp:attachment":[{"href":"https:\/\/thefinitive.com\/en\/wp-json\/wp\/v2\/media?parent=8596"}],"wp:term":[{"taxonomy":"product_cat","embeddable":true,"href":"https:\/\/thefinitive.com\/en\/wp-json\/wp\/v2\/product_cat?post=8596"},{"taxonomy":"product_tag","embeddable":true,"href":"https:\/\/thefinitive.com\/en\/wp-json\/wp\/v2\/product_tag?post=8596"}],"curies":[{"name":"wp","href":"https:\/\/api.w.org\/{rel}","templated":true}]}}