{"id":8589,"date":"2021-05-22T14:30:48","date_gmt":"2021-05-22T14:30:48","guid":{"rendered":"https:\/\/www.thefinitive.com\/?post_type=product&#038;p=8589"},"modified":"2023-03-20T17:23:17","modified_gmt":"2023-03-20T16:23:17","slug":"volontari-trieste-terre-irredente-triestini-irredentisti-1919","status":"publish","type":"product","link":"https:\/\/thefinitive.com\/en\/prodotto\/volontari-trieste-terre-irredente-triestini-irredentisti-1919\/","title":{"rendered":"\u274c\ud83d\ude41Volontari Trieste Terre Irredente &#8211; Triestini Irredentisti 1919"},"content":{"rendered":"<p>Interessante ed importante lotto appartenuto ad un milite presumibilmente di <strong>Trieste<\/strong>, o comunque ad uno dei volontari che nel <strong>1919<\/strong> prese parte alla <strong>guerra <\/strong>per la liberazione delle <strong>Terre Irredente<\/strong>.<\/p>\n<p>Il lotto \u00e8 cos\u00ec composto :<\/p>\n<ul>\n<li style=\"text-align: left;\">medaglia di bronzo incisa da <strong>Antonio CAMAUR<\/strong> e coniata dalla <strong>Stefano Johnson<\/strong>, completa del suo nastrino originale rosso bordato di bianco e verde. Firmata\u00a0 <em><strong>A.CAMAUR<\/strong><\/em> all&#8217;esergo, sigla <em><strong>SJ<\/strong><\/em> in basso a destra. Misura circa <strong>mm.32<\/strong> di diametro. La medaglia al dritto riporta una figura allegorica della Morte in piedi volta a dx, di fronte ad un soldato elmato nudo con il volto rivolto verso la morte stessa. Al verso troviamo gli stemmi di <em>Dalmazia, Trento, Trieste, Istia e Gorizia,<\/em> a sormontare il testo\u00a0 &#8220;<em><strong style=\"text-align: center;\">AI MILITI = NATIVI = DELLE IRREDENTE = REGIONI D&#8217;ITALIA = ACCORSI A LIBERARLE = NELLA GVERRA = DAL 1915 AL 1918<\/strong>&#8221;\u00a0 &#8211;\u00a0 <\/em>Di questa medaglia ne furono coniati circa 2000 esemplari, secondo alcuni in numero massimo di 2107 , con la motivazione &#8221; &#8230; <strong><em>milite volontario nella guerra che liber\u00f2 le terre d&#8217;Italia soggette all&#8217;Austria \u00e8 stata consegnata la medaglia istituita dal comitato per le onoranze ai volontari, interprete della riconoscenza di tutto il popolo redento. Trieste 3 Novembre MCMXIX<\/em><\/strong>&#8220;<\/li>\n<li style=\"text-align: left;\">medaglia di bronzo con nastrino tricolore originale, raffigurante al dritto la testa elmata di <strong>ADRIAN<\/strong> di un soldato italiano che recita il motto <em><strong>SI MUORE MA NON SI CEDE<\/strong><\/em>, ed al verso la dedica\u00a0 <em><strong>AL FANTE EROICO D&#8217;ITALIA = TRIESTE ITALIANA = III XI MCMXIX<\/strong><\/em>\u00a0 con il giglio di Trieste affiancato ad un braciere avente la fiamma ardente.\u00a0Misura circa <strong>mm.28<\/strong> di diametro. Anche questa medaglia venne assegnata al volontario insieme alla precedente, nella stessa occasione di consegna medaglie.<\/li>\n<li>fascia da braccio in seta color verde, <strong>TRIESTE<\/strong> stampato a semicerchio al centro a circondare un giglio in metallo argentato applicato con due linguette. La fascia venne quasi sicuramente usata dai Volontari che parteciparono appunto alla guerra per le Terre Irredente, durante la <strong>cerimonia<\/strong> di consegna delle medaglie. La fascia misura circa <strong>cm.34 x 12<\/strong><\/li>\n<li>pendente in seta rossa con frangia in canutiglia dorata, che riporta stampato un giglio triestino ed il motto <strong>MENTE SANA IN CORPO SANO<\/strong> , probabile appartenenza ad una associazione di irredentismo triestino, o di una testata giornalistica (come esisteva la pubblicazione dal titolo analogo al motto qui riportato), o di una societ\u00e0 sportiva, comunque riconducibile al volontario di cui abbiamo il lotto in essere. Il pendente misura circa <strong>cm.10 x 2,5<\/strong><\/li>\n<\/ul>\n<p>&nbsp;<\/p>\n<p>Il lotto \u00e8 in ottime condizioni, da segnalare solo uno strappetto al nastrino di seta rossa del pendente.<\/p>\n<p>&nbsp;<\/p>\n<p><strong>MATERIALE\u00a0 \u00a0 \u00a0:\u00a0<\/strong> Bronzo, seta, canutiglia<\/p>\n<p><strong>MISURE\u00a0 \u00a0 \u00a0 \u00a0 \u00a0 \u00a0 \u00a0:<\/strong>\u00a0 varie, leggi testo<\/p>\n<p><strong>MARCHIO\u00a0 \u00a0 \u00a0 \u00a0 \u00a0:<\/strong>\u00a0 S.Johnson ed altri non identificati<\/p>\n<p>&nbsp;<\/p>\n<h2 style=\"text-align: left;\">NOTIZIE<\/h2>\n<p>L&#8217;<b>irredentismo<\/b>\u00a0\u00e8 l&#8217;aspirazione di un\u00a0popolo a completare la propria unit\u00e0 territoriale nazionale acquisendo terre soggette al dominio straniero ovvero terre non salvate (terre non redente o irredente) sulla base di un&#8217;<i>identit\u00e0 etnica<\/i>\u00a0o di un precedente legame storico. Spesso \u00e8 sostenuto da movimenti\u00a0nazionalisti\u00a0caratteristici di una stessa identit\u00e0\u00a0politica,\u00a0culturale\u00a0e\u00a0geografica.\u00a0L&#8217;espressione &#8220;<strong>terre irredente<\/strong>&#8220;, cio\u00e8 <strong>non liberate<\/strong>, fu utilizzata la prima volta nel\u00a01877\u00a0dal patriota e uomo politico italiano\u00a0Matteo Renato Imbriani\u00a0ai funerali del padre\u00a0Paolo Emilio; un giornalista viennese lo defin\u00ec subito &#8220;irredentista&#8221; per dileggiarlo. Il termine \u00e8 stato acquisito nella forma italiana anche da altre lingue. L&#8217;area geografica oggetto di irredentismo, \u00e8 definita irredenta.<\/p>\n<h2 style=\"text-align: center;\"><a href=\"https:\/\/www.thefinitive.com\/irredentismo-terre-irredente-la-vittoria-mutilata\/\" target=\"_blank\" rel=\"noopener\">Cliccando troverete informazioni sull&#8217;argomento in oggetto<\/a><\/h2>\n<p><a href=\"https:\/\/www.thefinitive.com\/irredentismo-terre-irredente-la-vittoria-mutilata\/\" target=\"_blank\" rel=\"noopener\"><img loading=\"lazy\" decoding=\"async\" class=\" wp-image-8594 aligncenter\" src=\"https:\/\/www.thefinitive.com\/wp-content\/uploads\/2021\/05\/cartolina-irredentista-grande-guerra.jpg\" alt=\"\" width=\"434\" height=\"286\" srcset=\"https:\/\/thefinitive.com\/wp-content\/uploads\/2021\/05\/cartolina-irredentista-grande-guerra.jpg 720w, https:\/\/thefinitive.com\/wp-content\/uploads\/2021\/05\/cartolina-irredentista-grande-guerra-64x42.jpg 64w, https:\/\/thefinitive.com\/wp-content\/uploads\/2021\/05\/cartolina-irredentista-grande-guerra-600x396.jpg 600w, https:\/\/thefinitive.com\/wp-content\/uploads\/2021\/05\/cartolina-irredentista-grande-guerra-300x198.jpg 300w\" sizes=\"(max-width: 434px) 100vw, 434px\" \/><\/a><\/p>\n<p>&nbsp;<\/p>\n<p>&nbsp;<\/p>\n<p>Fonte degli articoli\u00a0 :\u00a0 <a href=\"https:\/\/it.wikipedia.org\/wiki\/Irredentismo\">Wikipedia<\/a><\/p>\n<p>5.21<\/p>\n","protected":false},"excerpt":{"rendered":"<p style=\"text-align: center;\">Interessante ed importante lotto appartenuto ad un triestino, milite volontario che nel <strong>1919<\/strong> prese parte alla <strong>guerra <\/strong>per la liberazione delle <strong>Terre Irredente<\/strong>.<\/p>\n<p style=\"text-align: center;\">Per la composizione del lotto scorrere la pagina in basso, ed avrete tutti i dettagli<\/p>\n<p style=\"text-align: center;\">In ottime condizioni<\/p>\n<p style=\"text-align: center;\"><strong><em>(Scorri la pagina in basso per ulteriori dettagli e informazioni)<\/em><\/strong><\/p>\n","protected":false},"featured_media":8574,"comment_status":"open","ping_status":"closed","template":"","meta":[],"product_cat":[586,125],"product_tag":[223,224,723,182,203,629,221,220,193,630,205],"yoast_head":"<!-- This site is optimized with the Yoast SEO plugin v21.9.1 - https:\/\/yoast.com\/wordpress\/plugins\/seo\/ -->\n<title>\u274c\ud83d\ude41Volontari Trieste Terre Irredente - Triestini Irredentisti 1919 - Thefinitive<\/title>\n<meta name=\"description\" content=\"Lotto volontari terre irredente Trieste 1919 Guerra WW1 Militi nativi - MENTE SANA IN CORPO SANO - Irredentisti triestini Medaglia d&#039;annunzio\" \/>\n<meta name=\"robots\" content=\"index, follow, max-snippet:-1, max-image-preview:large, max-video-preview:-1\" \/>\n<link rel=\"canonical\" href=\"https:\/\/thefinitive.com\/en\/prodotto\/volontari-trieste-terre-irredente-triestini-irredentisti-1919\/\" \/>\n<meta property=\"og:locale\" content=\"en_US\" \/>\n<meta property=\"og:type\" content=\"article\" \/>\n<meta property=\"og:title\" content=\"\u274c\ud83d\ude41Volontari Trieste Terre Irredente - Triestini Irredentisti 1919 - Thefinitive\" \/>\n<meta property=\"og:description\" content=\"Lotto volontari terre irredente Trieste 1919 Guerra WW1 Militi nativi - MENTE SANA IN CORPO SANO - Irredentisti triestini Medaglia d&#039;annunzio\" \/>\n<meta property=\"og:url\" content=\"https:\/\/thefinitive.com\/en\/prodotto\/volontari-trieste-terre-irredente-triestini-irredentisti-1919\/\" \/>\n<meta property=\"og:site_name\" content=\"Thefinitive\" \/>\n<meta property=\"article:publisher\" content=\"https:\/\/business.facebook.com\/Thefinitive-111771813534320\/\" \/>\n<meta property=\"article:modified_time\" content=\"2023-03-20T16:23:17+00:00\" \/>\n<meta property=\"og:image\" content=\"https:\/\/thefinitive.com\/wp-content\/uploads\/2021\/05\/trie1-1.jpg\" \/>\n\t<meta property=\"og:image:width\" content=\"2160\" \/>\n\t<meta property=\"og:image:height\" content=\"2160\" \/>\n\t<meta property=\"og:image:type\" content=\"image\/jpeg\" \/>\n<meta name=\"twitter:card\" content=\"summary_large_image\" \/>\n<meta name=\"twitter:label1\" content=\"Est. reading time\" \/>\n\t<meta name=\"twitter:data1\" content=\"4 minutes\" \/>\n<script type=\"application\/ld+json\" class=\"yoast-schema-graph\">{\"@context\":\"https:\/\/schema.org\",\"@graph\":[{\"@type\":\"WebPage\",\"@id\":\"https:\/\/thefinitive.com\/en\/prodotto\/volontari-trieste-terre-irredente-triestini-irredentisti-1919\/\",\"url\":\"https:\/\/thefinitive.com\/en\/prodotto\/volontari-trieste-terre-irredente-triestini-irredentisti-1919\/\",\"name\":\"\u274c\ud83d\ude41Volontari Trieste Terre Irredente - Triestini Irredentisti 1919 - Thefinitive\",\"isPartOf\":{\"@id\":\"https:\/\/thefinitive.com\/en\/#website\"},\"datePublished\":\"2021-05-22T14:30:48+00:00\",\"dateModified\":\"2023-03-20T16:23:17+00:00\",\"description\":\"Lotto volontari terre irredente Trieste 1919 Guerra WW1 Militi nativi - MENTE SANA IN CORPO SANO - Irredentisti triestini Medaglia d'annunzio\",\"breadcrumb\":{\"@id\":\"https:\/\/thefinitive.com\/en\/prodotto\/volontari-trieste-terre-irredente-triestini-irredentisti-1919\/#breadcrumb\"},\"inLanguage\":\"en-US\",\"potentialAction\":[{\"@type\":\"ReadAction\",\"target\":[\"https:\/\/thefinitive.com\/en\/prodotto\/volontari-trieste-terre-irredente-triestini-irredentisti-1919\/\"]}]},{\"@type\":\"BreadcrumbList\",\"@id\":\"https:\/\/thefinitive.com\/en\/prodotto\/volontari-trieste-terre-irredente-triestini-irredentisti-1919\/#breadcrumb\",\"itemListElement\":[{\"@type\":\"ListItem\",\"position\":1,\"name\":\"Home\",\"item\":\"https:\/\/thefinitive.com\/en\/\"},{\"@type\":\"ListItem\",\"position\":2,\"name\":\"Shop\",\"item\":\"https:\/\/thefinitive.com\/en\/shop-2\/\"},{\"@type\":\"ListItem\",\"position\":3,\"name\":\"\u274c\ud83d\ude41Volontari Trieste Terre Irredente &#8211; Triestini Irredentisti 1919\"}]},{\"@type\":\"WebSite\",\"@id\":\"https:\/\/thefinitive.com\/en\/#website\",\"url\":\"https:\/\/thefinitive.com\/en\/\",\"name\":\"Thefinitive\",\"description\":\"Antiquariato Online\",\"publisher\":{\"@id\":\"https:\/\/thefinitive.com\/en\/#organization\"},\"potentialAction\":[{\"@type\":\"SearchAction\",\"target\":{\"@type\":\"EntryPoint\",\"urlTemplate\":\"https:\/\/thefinitive.com\/en\/?s={search_term_string}\"},\"query-input\":\"required name=search_term_string\"}],\"inLanguage\":\"en-US\"},{\"@type\":\"Organization\",\"@id\":\"https:\/\/thefinitive.com\/en\/#organization\",\"name\":\"Thefinitive\",\"url\":\"https:\/\/thefinitive.com\/en\/\",\"logo\":{\"@type\":\"ImageObject\",\"inLanguage\":\"en-US\",\"@id\":\"https:\/\/thefinitive.com\/en\/#\/schema\/logo\/image\/\",\"url\":\"https:\/\/thefinitive.com\/wp-content\/uploads\/2019\/07\/logo4vett.svg\",\"contentUrl\":\"https:\/\/thefinitive.com\/wp-content\/uploads\/2019\/07\/logo4vett.svg\",\"width\":500,\"height\":100,\"caption\":\"Thefinitive\"},\"image\":{\"@id\":\"https:\/\/thefinitive.com\/en\/#\/schema\/logo\/image\/\"},\"sameAs\":[\"https:\/\/business.facebook.com\/Thefinitive-111771813534320\/\",\"https:\/\/www.instagram.com\/_thefinitive_\/\"]}]}<\/script>\n<!-- \/ Yoast SEO plugin. -->","yoast_head_json":{"title":"\u274c\ud83d\ude41Volontari Trieste Terre Irredente - Triestini Irredentisti 1919 - Thefinitive","description":"Lotto volontari terre irredente Trieste 1919 Guerra WW1 Militi nativi - MENTE SANA IN CORPO SANO - Irredentisti triestini Medaglia d'annunzio","robots":{"index":"index","follow":"follow","max-snippet":"max-snippet:-1","max-image-preview":"max-image-preview:large","max-video-preview":"max-video-preview:-1"},"canonical":"https:\/\/thefinitive.com\/en\/prodotto\/volontari-trieste-terre-irredente-triestini-irredentisti-1919\/","og_locale":"en_US","og_type":"article","og_title":"\u274c\ud83d\ude41Volontari Trieste Terre Irredente - Triestini Irredentisti 1919 - Thefinitive","og_description":"Lotto volontari terre irredente Trieste 1919 Guerra WW1 Militi nativi - MENTE SANA IN CORPO SANO - Irredentisti triestini Medaglia d'annunzio","og_url":"https:\/\/thefinitive.com\/en\/prodotto\/volontari-trieste-terre-irredente-triestini-irredentisti-1919\/","og_site_name":"Thefinitive","article_publisher":"https:\/\/business.facebook.com\/Thefinitive-111771813534320\/","article_modified_time":"2023-03-20T16:23:17+00:00","og_image":[{"width":2160,"height":2160,"url":"https:\/\/thefinitive.com\/wp-content\/uploads\/2021\/05\/trie1-1.jpg","type":"image\/jpeg"}],"twitter_card":"summary_large_image","twitter_misc":{"Est. reading time":"4 minutes"},"schema":{"@context":"https:\/\/schema.org","@graph":[{"@type":"WebPage","@id":"https:\/\/thefinitive.com\/en\/prodotto\/volontari-trieste-terre-irredente-triestini-irredentisti-1919\/","url":"https:\/\/thefinitive.com\/en\/prodotto\/volontari-trieste-terre-irredente-triestini-irredentisti-1919\/","name":"\u274c\ud83d\ude41Volontari Trieste Terre Irredente - Triestini Irredentisti 1919 - Thefinitive","isPartOf":{"@id":"https:\/\/thefinitive.com\/en\/#website"},"datePublished":"2021-05-22T14:30:48+00:00","dateModified":"2023-03-20T16:23:17+00:00","description":"Lotto volontari terre irredente Trieste 1919 Guerra WW1 Militi nativi - MENTE SANA IN CORPO SANO - Irredentisti triestini Medaglia d'annunzio","breadcrumb":{"@id":"https:\/\/thefinitive.com\/en\/prodotto\/volontari-trieste-terre-irredente-triestini-irredentisti-1919\/#breadcrumb"},"inLanguage":"en-US","potentialAction":[{"@type":"ReadAction","target":["https:\/\/thefinitive.com\/en\/prodotto\/volontari-trieste-terre-irredente-triestini-irredentisti-1919\/"]}]},{"@type":"BreadcrumbList","@id":"https:\/\/thefinitive.com\/en\/prodotto\/volontari-trieste-terre-irredente-triestini-irredentisti-1919\/#breadcrumb","itemListElement":[{"@type":"ListItem","position":1,"name":"Home","item":"https:\/\/thefinitive.com\/en\/"},{"@type":"ListItem","position":2,"name":"Shop","item":"https:\/\/thefinitive.com\/en\/shop-2\/"},{"@type":"ListItem","position":3,"name":"\u274c\ud83d\ude41Volontari Trieste Terre Irredente &#8211; Triestini Irredentisti 1919"}]},{"@type":"WebSite","@id":"https:\/\/thefinitive.com\/en\/#website","url":"https:\/\/thefinitive.com\/en\/","name":"Thefinitive","description":"Antiquariato Online","publisher":{"@id":"https:\/\/thefinitive.com\/en\/#organization"},"potentialAction":[{"@type":"SearchAction","target":{"@type":"EntryPoint","urlTemplate":"https:\/\/thefinitive.com\/en\/?s={search_term_string}"},"query-input":"required name=search_term_string"}],"inLanguage":"en-US"},{"@type":"Organization","@id":"https:\/\/thefinitive.com\/en\/#organization","name":"Thefinitive","url":"https:\/\/thefinitive.com\/en\/","logo":{"@type":"ImageObject","inLanguage":"en-US","@id":"https:\/\/thefinitive.com\/en\/#\/schema\/logo\/image\/","url":"https:\/\/thefinitive.com\/wp-content\/uploads\/2019\/07\/logo4vett.svg","contentUrl":"https:\/\/thefinitive.com\/wp-content\/uploads\/2019\/07\/logo4vett.svg","width":500,"height":100,"caption":"Thefinitive"},"image":{"@id":"https:\/\/thefinitive.com\/en\/#\/schema\/logo\/image\/"},"sameAs":["https:\/\/business.facebook.com\/Thefinitive-111771813534320\/","https:\/\/www.instagram.com\/_thefinitive_\/"]}]}},"_links":{"self":[{"href":"https:\/\/thefinitive.com\/en\/wp-json\/wp\/v3\/product\/8589"}],"collection":[{"href":"https:\/\/thefinitive.com\/en\/wp-json\/wp\/v3\/product"}],"about":[{"href":"https:\/\/thefinitive.com\/en\/wp-json\/wp\/v2\/types\/product"}],"replies":[{"embeddable":true,"href":"https:\/\/thefinitive.com\/en\/wp-json\/wp\/v2\/comments?post=8589"}],"version-history":[{"count":2,"href":"https:\/\/thefinitive.com\/en\/wp-json\/wp\/v3\/product\/8589\/revisions"}],"predecessor-version":[{"id":14595,"href":"https:\/\/thefinitive.com\/en\/wp-json\/wp\/v3\/product\/8589\/revisions\/14595"}],"wp:featuredmedia":[{"embeddable":true,"href":"https:\/\/thefinitive.com\/en\/wp-json\/wp\/v2\/media\/8574"}],"wp:attachment":[{"href":"https:\/\/thefinitive.com\/en\/wp-json\/wp\/v2\/media?parent=8589"}],"wp:term":[{"taxonomy":"product_cat","embeddable":true,"href":"https:\/\/thefinitive.com\/en\/wp-json\/wp\/v2\/product_cat?post=8589"},{"taxonomy":"product_tag","embeddable":true,"href":"https:\/\/thefinitive.com\/en\/wp-json\/wp\/v2\/product_tag?post=8589"}],"curies":[{"name":"wp","href":"https:\/\/api.w.org\/{rel}","templated":true}]}}