{"id":8521,"date":"2021-05-17T17:15:58","date_gmt":"2021-05-17T17:15:58","guid":{"rendered":"https:\/\/www.thefinitive.com\/?post_type=product&#038;p=8521"},"modified":"2023-03-20T17:23:20","modified_gmt":"2023-03-20T16:23:20","slug":"olimpiadi-torcia-roma-1960-fiaccola-in-bronzo","status":"publish","type":"product","link":"https:\/\/thefinitive.com\/en\/prodotto\/olimpiadi-torcia-roma-1960-fiaccola-in-bronzo\/","title":{"rendered":"\u274c\ud83d\ude41OLIMPIADI Torcia ROMA 1960 &#8211; Fiaccola in bronzo"},"content":{"rendered":"<p>Torcia originale della <strong>XVII EDIZIONE DEI GIOCHI OLIMPICI<\/strong> , ovvero delle olimpiadi di <strong>ROMA 1960<\/strong><\/p>\n<p>La torcia \u00e8 realizzata in fusione di una lega di alluminio e bronzo, dalla ditta <strong>CURTISA<\/strong> di <em>Bologna<\/em>, come riportato nell&#8217;incisione stampigliata al bordo inferiore dell&#8217;impugnatura, e dove troviamo anche l&#8217;indicazione del numero di serie della stessa, 799<\/p>\n<p>Le torce vennero prodotte e fornite al comitato organizzatore dei giochi olimpici, che ne organizz\u00f2 la distribuzione affinch\u00e9 la <strong>fiamma olimpica<\/strong> potesse essere portata dai vari tedofori che si alternarono nel percorso da <em>Siracusa<\/em> a<em> Roma <\/em>, non appena il primo tripode sul suolo italiano fu acceso con la stessa fiamma proveniente dalla Grecia dal Golfo Argolico.<\/p>\n<p><img loading=\"lazy\" decoding=\"async\" class=\"alignnone wp-image-8541\" src=\"https:\/\/www.thefinitive.com\/wp-content\/uploads\/2021\/05\/torciaCurtisa1.jpg\" alt=\"\" width=\"275\" height=\"362\" srcset=\"https:\/\/thefinitive.com\/wp-content\/uploads\/2021\/05\/torciaCurtisa1.jpg 321w, https:\/\/thefinitive.com\/wp-content\/uploads\/2021\/05\/torciaCurtisa1-64x84.jpg 64w, https:\/\/thefinitive.com\/wp-content\/uploads\/2021\/05\/torciaCurtisa1-228x300.jpg 228w\" sizes=\"(max-width: 275px) 100vw, 275px\" \/>\u00a0 \u00a0 <img loading=\"lazy\" decoding=\"async\" class=\"alignnone wp-image-8542\" src=\"https:\/\/www.thefinitive.com\/wp-content\/uploads\/2021\/05\/torciaCurtisa2.jpg\" alt=\"\" width=\"427\" height=\"364\" srcset=\"https:\/\/thefinitive.com\/wp-content\/uploads\/2021\/05\/torciaCurtisa2.jpg 486w, https:\/\/thefinitive.com\/wp-content\/uploads\/2021\/05\/torciaCurtisa2-64x55.jpg 64w, https:\/\/thefinitive.com\/wp-content\/uploads\/2021\/05\/torciaCurtisa2-300x256.jpg 300w\" sizes=\"(max-width: 427px) 100vw, 427px\" \/><\/p>\n<p>In ottime condizioni, questa torcia delle Olimpiadi di Roma del 1960 non presenta danni e, vezzo simpatico, porta annodato sull&#8217;impugnatura un nastrino con i colori della citt\u00e0 di Roma, rosso pompeiano e giallo ocra<\/p>\n<p>&nbsp;<\/p>\n<p><strong>MATERIALE\u00a0 \u00a0 \u00a0:\u00a0<\/strong> Fusione di alluminio bronzato<\/p>\n<p><strong>MISURE\u00a0 \u00a0 \u00a0 \u00a0 \u00a0 \u00a0 :<\/strong>\u00a0 cm.40 altezza<\/p>\n<p><strong>PESO\u00a0 \u00a0 \u00a0 \u00a0 \u00a0 \u00a0 \u00a0 \u00a0 \u00a0:<\/strong> gr.580 circa<\/p>\n<p><strong>MARCHIO\u00a0 \u00a0 \u00a0 \u00a0 \u00a0:<\/strong>\u00a0 M.F.CURTISA Bologna<\/p>\n<p>&nbsp;<\/p>\n<h2 style=\"text-align: left;\">NOTIZIE<\/h2>\n<div id=\"Da_Olimpia_a_Roma\">\n<h2>Da Olimpia a Roma<\/h2>\n<p>Il giorno 12 agosto 1960, in Olimpia fu ripetuto il rito tradizionale dell&#8217;accensione del Fuoco. Le operazioni cominciarono alle ore 9,30 nel tempio di Giove.<br \/>\nUna donna greca, indossante il costume di antica Sacerdotessa, frappose una lente fra il sole e la torcia, e pochi secondi dopo scatur\u00ec una fiamma dalla torcia stessa.<br \/>\nPrima di procedere all&#8217;accensione della fiamma, la Sacerdotessa aveva rivolto una preghiera a Giove \u00ab perch\u00e9 i raggi di Febo accendano la sacra torcia, la cui fiamma &#8211; portata al di l\u00e0 della terra e al di l\u00e0 del mare fino allo Stadio di Roma &#8211; illuminer\u00e0 la nobile gara dei Giochi pacifici per tutti i popoli della terra \u00bb.<br \/>\nLa sacerdotessa e le vestali indossavano tuniche grigio-cenere simili a quelle in uso all&#8217;epoca delle sacerdotesse della Dea Era.<\/p>\n<\/div>\n<div><\/div>\n<div id=\"A_bordo_della_\u00ab_Vespucci_\u00bb\">\n<h2><\/h2>\n<h2>A bordo della \u00ab Vespucci \u00bb<\/h2>\n<p>Appena accesa, la torcia fu posta in un vaso classico greco e portata in processione fino all&#8217;antico tempio di Era. Nel frattempo le vestali eseguirono danze classiche mentre la Sacerdotessa, accesa un&#8217;altra torcia con la fiamma del vaso, la consegn\u00f2 al primo tedoforo, Penaghiotis Epitropoulos (il quale, poi, prese parte alle gare di decathlon ai Giochi di Roma). L&#8217;atleta greco ricevette la torcia in ginocchio e subito dopo cominci\u00f2 la marcia in direzione di Atene. Il percorso di km. 330 fu superato dalla staffetta organizzata dal Comitato Olimpico Greco, attraverso Pirgo, Patrasso, Corinto, Megara, Eleusi. Alle ore 21 del 13 agosto il Fuoco fu consegnato da S.A.R. il Principe Costantino di Grecia, con suggestiva cerimonia, a Piero Oneglio, Vice Presidente del C.O.N.I., in rappresentanza del Comitato Organizzatore, il quale lo pass\u00f2 ad Aldo Mairano, Presidente del Comitato della Fiaccola Olimpica; questi a sua volta provvide a consegnare il simbolico Fuoco ad un cadetto della Marina Italiana che, subito imbarcatosi su una baleniera greca, giunse al porto di Z\u00e9as presso il Pireo per issarlo a bordo della nave scuola Amerigo Vespucci. Alle ore 20,30 del 18 agosto il Fuoco sbarc\u00f2 a Siracusa ricevuto dal Presidente della Regione Siciliana e prese terra nei pressi della Fonte Aretusa. Da Siracusa il tracciato della staffetta fu ricalcato su quello gi\u00e0 percorso dagli antichi Greci all&#8217;epoca in cui fondarono le colonie e gli stabilimenti che nel loro insieme raggiunsero tanto splendore da meritare la denominazione di Magna Grecia.<br \/>\nLo sviluppo complessivo dell&#8217;itinerario raggiunse i km. 1.532,800; il percorso fu suddiviso in 1.199 frazioni, nella gran parte di m. 1.500 ognuna, la cui percorrenza fu stabilita in 5&#8242; e 30&#8243;. Fecero eccezione le frazioni in salita che furono abbreviate a m. 1.000 pur conservando lo stesso tempo di corsa.<br \/>\nI tedofori che dovevano portare la torcia per queste olimpiadi di Roma 1960, furono reclutati tra gli appartenenti alle societ\u00e0 sportive e ai gruppi scolastici delle quindici Province interessate al passaggio della Staffetta.<br \/>\nLa selezione fu rigorosamente attuata attraverso riunioni su pista e su strada, con particolare riguardo ed attenzione alla scelta degli atleti impegnati in frazioni in citt\u00e0. Tutte le frazioni furono percorse nei tempi indicati. La progressione del Fuoco fu assicurata dal passaggio della Fiamma da una fiaccola all&#8217;altra in un clima di entusiasmo popolare generato dalla fantastica corsa. Nei luoghi ove si celebrarono particolari cerimonie, e cio\u00e8 a Siracusa, Messina (nel passaggio dello Stretto il Fuoco fu trasportato da una delle caratteristiche imbarcazioni messinesi, scortato praticamente da tutte le imbarcazioni delle citt\u00e0 rivierasche), Reggio Calabria, Metaponto, Castelgandolfo, furono impiegati <strong>tripodi<\/strong> nei quali bruci\u00f2 combustibile acceso a mezzo della <strong>Fiaccola Olimpica<\/strong>. Altri tripodi furono impiegati nelle localit\u00e0 ove il Fuoco sost\u00f2 di notte: a Crotone, Taranto, Potenza, Paestum, Santa Maria Capua Vetere, ovunque vegliato da turni di giovani atleti, sempre alla presenza di una folla di cittadini che alle prime luci dell&#8217;alba si andava infittendo.<br \/>\nIn tutti i centri lungo l&#8217;arco del percorso vi fu entusiasmo incontenibile delle popolazioni e slancio di iniziative da parte delle Autorit\u00e0 civili e dei dirigenti sportivi. Quadro festoso, policromo, spettacolare offerto al passaggio della Fiaccola: dovunque fiori, fuochi artificiali, suono delle campane e mille e mille giovani che portavano sul petto i tradizionali cinque cerchi nei loro vivaci colori; grandi pannelli che rappresentavano le specialit\u00e0 sportive; luminarie e bandiere con dovizia senza pari, costituirono spettacoli del tutto degni del significato spirituale della manifestazione.<br \/>\nPer la Provincia di Roma, l&#8217;incarico dell&#8217;organizzazione fu affidato al Tenente Colonnello Francesco Andreotti del Corpo dei Vigili Urbani. La Fiaccola Olimpica entr\u00f2 nel territorio della Provincia romana al km.<br \/>\n48,340 della Via Appia Nuova, il 24 agosto del 1960 alle ore 17 e 12&#8242; e fu presa dal Prefetto che la consegn\u00f2 al primo tedoforo della Provincia. I successivi passaggi dinnanzi ai Municipi dei vari Comuni avvennero nelle ore seguenti: Velletri, ore 17,43; Genzano, ore 18,32&#8217;30&#8221;; Ariccia, ore 18,43 15&#8243;; Albano, ore 18,53&#8217;12 &#8220;; Castelgandolfo, ore 19,03; Roma Campidoglio, ore 21.<br \/>\nArrivando sul Campidoglio, l&#8217;ultimo tedoforo salut\u00f2 la folla sollevando verso di essa la Fiaccola con la quale, subito dopo, fu acceso il tripode la cui fiamma rimase viva fino all&#8217;indomani. Si concluse cos\u00ec la grande staffetta salutata dagli squilli di tromba dei Fedeli di Vitorchiano. In quella manifestazione il popolo romano visse una delle pi\u00f9 caratteristiche e suggestive cerimonie.<br \/>\nNella superba cornice dei palazzi michelangioleschi sul Campidoglio, dove Roma per volont\u00e0 di Tarquinio il Superbo innalz\u00f2 il Tempio di Giove Ottimo Massimo Capitolino, il Fuoco sost\u00f2 l&#8217;intera notte mentre la Bandiera Olimpica garriva sulla torre Capitolina.<br \/>\nAll&#8217;indomani, alla presenza del Primo Cittadino della Capitale e di larghe rappresentanze del Governo, delle Forze Armate e del Comitato Organizzatore, la staffetta riprese la sua corsa per giungere, dopo aver attraversato Roma percorrendo il Corso e la via Flaminia, nello Stadio Olimpico alle ore 17,30, nell&#8217;attimo in cui si svolgeva la Cerimonia d&#8217;Apertura.<\/p>\n<\/div>\n<p>&nbsp;<\/p>\n<h3 style=\"text-align: center;\"><a href=\"https:\/\/www.thefinitive.com\/olimpiade-roma-1960-xvii-edizione\/\" target=\"_blank\" rel=\"noopener\">Cliccando sul seguente link\/foto si accede ad una sezione con notizie storiche,documentali e vario inerenti la tematica dell\u2019oggetto in vendita<\/a><\/h3>\n<h2><\/h2>\n<p><a href=\"https:\/\/www.thefinitive.com\/olimpiade-roma-1960-xvii-edizione\/\" target=\"_blank\" rel=\"noopener\"><img loading=\"lazy\" decoding=\"async\" class=\"size-full wp-image-8519 aligncenter\" src=\"https:\/\/www.thefinitive.com\/wp-content\/uploads\/2021\/05\/Olimpiade_Roma_1960.jpg\" alt=\"\" width=\"292\" height=\"370\" srcset=\"https:\/\/thefinitive.com\/wp-content\/uploads\/2021\/05\/Olimpiade_Roma_1960.jpg 292w, https:\/\/thefinitive.com\/wp-content\/uploads\/2021\/05\/Olimpiade_Roma_1960-64x81.jpg 64w, https:\/\/thefinitive.com\/wp-content\/uploads\/2021\/05\/Olimpiade_Roma_1960-237x300.jpg 237w\" sizes=\"(max-width: 292px) 100vw, 292px\" \/><\/a><\/p>\n<p>&nbsp;<\/p>\n<p>Fonte degli articoli\u00a0 : <a href=\"http:\/\/www.roma1960.it\/it\/le-olimpiadi\/roma-1960\/il-viaggio-della-fiaccola-olimpica.html\">Roma 1960<\/a> , <a href=\"http:\/\/www.leolimpiadiditalia.it\/viaggio-della-fiaccola__.html\">Olimpiadi d&#8217;Italia<\/a> , <a href=\"http:\/\/www.roma1960.it\/it\/le-olimpiadi.html\" target=\"_blank\" rel=\"noopener\">Roma 1960 2010<\/a> , <a href=\"https:\/\/it.wikipedia.org\/wiki\/Giochi_della_XVII_Olimpiade\" target=\"_blank\" rel=\"noopener\">Wikipedia<\/a><\/p>\n<p>&nbsp;<\/p>\n<p>5.21<\/p>\n","protected":false},"excerpt":{"rendered":"<p style=\"text-align: center;\">Torcia originale della <strong>XVII EDIZIONE DEI GIOCHI OLIMPICI<\/strong> , <strong>OLIMPIADI<\/strong> di <strong>ROMA 1960<\/strong><\/p>\n<p style=\"text-align: center;\">Realizzata in lega di alluminio e bronzo, dalla ditta <strong>M.F.<\/strong> <strong>CURTISA<\/strong> di <em>Bologna<\/em>, con numero di serie 799 stampigliati sul fondo dell&#8217;impugnatura<\/p>\n<p style=\"text-align: center;\">Dimensioni cm.40 lunghezza<\/p>\n<p style=\"text-align: center;\">In ottime condizioni<\/p>\n<p style=\"text-align: center;\"><strong><em>(Scorri la pagina in basso per ulteriori dettagli e informazioni)<\/em><\/strong><\/p>\n","protected":false},"featured_media":8522,"comment_status":"open","ping_status":"closed","template":"","meta":[],"product_cat":[586],"product_tag":[723,633,631,154,632],"yoast_head":"<!-- This site is optimized with the Yoast SEO plugin v21.9.1 - https:\/\/yoast.com\/wordpress\/plugins\/seo\/ -->\n<title>\u274c\ud83d\ude41OLIMPIADI Torcia ROMA 1960 - Fiaccola in bronzo - Thefinitive<\/title>\n<meta name=\"description\" content=\"Torcia delle olimpiadi di ROMA 1960 - XVII Edizione Giochi Olimpici - Original olympic bronze torch ROME 1960 - M.F. CURTISA Bologna\" \/>\n<meta name=\"robots\" content=\"index, follow, max-snippet:-1, max-image-preview:large, max-video-preview:-1\" \/>\n<link rel=\"canonical\" href=\"https:\/\/thefinitive.com\/en\/prodotto\/olimpiadi-torcia-roma-1960-fiaccola-in-bronzo\/\" \/>\n<meta property=\"og:locale\" content=\"en_US\" \/>\n<meta property=\"og:type\" content=\"article\" \/>\n<meta property=\"og:title\" content=\"\u274c\ud83d\ude41OLIMPIADI Torcia ROMA 1960 - Fiaccola in bronzo - Thefinitive\" \/>\n<meta property=\"og:description\" content=\"Torcia delle olimpiadi di ROMA 1960 - XVII Edizione Giochi Olimpici - Original olympic bronze torch ROME 1960 - M.F. CURTISA Bologna\" \/>\n<meta property=\"og:url\" content=\"https:\/\/thefinitive.com\/en\/prodotto\/olimpiadi-torcia-roma-1960-fiaccola-in-bronzo\/\" \/>\n<meta property=\"og:site_name\" content=\"Thefinitive\" \/>\n<meta property=\"article:publisher\" content=\"https:\/\/business.facebook.com\/Thefinitive-111771813534320\/\" \/>\n<meta property=\"article:modified_time\" content=\"2023-03-20T16:23:20+00:00\" \/>\n<meta property=\"og:image\" content=\"https:\/\/thefinitive.com\/wp-content\/uploads\/2021\/05\/roma601.jpg\" \/>\n\t<meta property=\"og:image:width\" content=\"2160\" \/>\n\t<meta property=\"og:image:height\" content=\"2160\" \/>\n\t<meta property=\"og:image:type\" content=\"image\/jpeg\" \/>\n<meta name=\"twitter:card\" content=\"summary_large_image\" \/>\n<meta name=\"twitter:label1\" content=\"Est. reading time\" \/>\n\t<meta name=\"twitter:data1\" content=\"6 minutes\" \/>\n<script type=\"application\/ld+json\" class=\"yoast-schema-graph\">{\"@context\":\"https:\/\/schema.org\",\"@graph\":[{\"@type\":\"WebPage\",\"@id\":\"https:\/\/thefinitive.com\/en\/prodotto\/olimpiadi-torcia-roma-1960-fiaccola-in-bronzo\/\",\"url\":\"https:\/\/thefinitive.com\/en\/prodotto\/olimpiadi-torcia-roma-1960-fiaccola-in-bronzo\/\",\"name\":\"\u274c\ud83d\ude41OLIMPIADI Torcia ROMA 1960 - Fiaccola in bronzo - Thefinitive\",\"isPartOf\":{\"@id\":\"https:\/\/thefinitive.com\/en\/#website\"},\"datePublished\":\"2021-05-17T17:15:58+00:00\",\"dateModified\":\"2023-03-20T16:23:20+00:00\",\"description\":\"Torcia delle olimpiadi di ROMA 1960 - XVII Edizione Giochi Olimpici - Original olympic bronze torch ROME 1960 - M.F. CURTISA Bologna\",\"breadcrumb\":{\"@id\":\"https:\/\/thefinitive.com\/en\/prodotto\/olimpiadi-torcia-roma-1960-fiaccola-in-bronzo\/#breadcrumb\"},\"inLanguage\":\"en-US\",\"potentialAction\":[{\"@type\":\"ReadAction\",\"target\":[\"https:\/\/thefinitive.com\/en\/prodotto\/olimpiadi-torcia-roma-1960-fiaccola-in-bronzo\/\"]}]},{\"@type\":\"BreadcrumbList\",\"@id\":\"https:\/\/thefinitive.com\/en\/prodotto\/olimpiadi-torcia-roma-1960-fiaccola-in-bronzo\/#breadcrumb\",\"itemListElement\":[{\"@type\":\"ListItem\",\"position\":1,\"name\":\"Home\",\"item\":\"https:\/\/thefinitive.com\/en\/\"},{\"@type\":\"ListItem\",\"position\":2,\"name\":\"Shop\",\"item\":\"https:\/\/thefinitive.com\/en\/shop-2\/\"},{\"@type\":\"ListItem\",\"position\":3,\"name\":\"\u274c\ud83d\ude41OLIMPIADI Torcia ROMA 1960 &#8211; Fiaccola in bronzo\"}]},{\"@type\":\"WebSite\",\"@id\":\"https:\/\/thefinitive.com\/en\/#website\",\"url\":\"https:\/\/thefinitive.com\/en\/\",\"name\":\"Thefinitive\",\"description\":\"Antiquariato Online\",\"publisher\":{\"@id\":\"https:\/\/thefinitive.com\/en\/#organization\"},\"potentialAction\":[{\"@type\":\"SearchAction\",\"target\":{\"@type\":\"EntryPoint\",\"urlTemplate\":\"https:\/\/thefinitive.com\/en\/?s={search_term_string}\"},\"query-input\":\"required name=search_term_string\"}],\"inLanguage\":\"en-US\"},{\"@type\":\"Organization\",\"@id\":\"https:\/\/thefinitive.com\/en\/#organization\",\"name\":\"Thefinitive\",\"url\":\"https:\/\/thefinitive.com\/en\/\",\"logo\":{\"@type\":\"ImageObject\",\"inLanguage\":\"en-US\",\"@id\":\"https:\/\/thefinitive.com\/en\/#\/schema\/logo\/image\/\",\"url\":\"https:\/\/thefinitive.com\/wp-content\/uploads\/2019\/07\/logo4vett.svg\",\"contentUrl\":\"https:\/\/thefinitive.com\/wp-content\/uploads\/2019\/07\/logo4vett.svg\",\"width\":500,\"height\":100,\"caption\":\"Thefinitive\"},\"image\":{\"@id\":\"https:\/\/thefinitive.com\/en\/#\/schema\/logo\/image\/\"},\"sameAs\":[\"https:\/\/business.facebook.com\/Thefinitive-111771813534320\/\",\"https:\/\/www.instagram.com\/_thefinitive_\/\"]}]}<\/script>\n<!-- \/ Yoast SEO plugin. -->","yoast_head_json":{"title":"\u274c\ud83d\ude41OLIMPIADI Torcia ROMA 1960 - Fiaccola in bronzo - Thefinitive","description":"Torcia delle olimpiadi di ROMA 1960 - XVII Edizione Giochi Olimpici - Original olympic bronze torch ROME 1960 - M.F. CURTISA Bologna","robots":{"index":"index","follow":"follow","max-snippet":"max-snippet:-1","max-image-preview":"max-image-preview:large","max-video-preview":"max-video-preview:-1"},"canonical":"https:\/\/thefinitive.com\/en\/prodotto\/olimpiadi-torcia-roma-1960-fiaccola-in-bronzo\/","og_locale":"en_US","og_type":"article","og_title":"\u274c\ud83d\ude41OLIMPIADI Torcia ROMA 1960 - Fiaccola in bronzo - Thefinitive","og_description":"Torcia delle olimpiadi di ROMA 1960 - XVII Edizione Giochi Olimpici - Original olympic bronze torch ROME 1960 - M.F. CURTISA Bologna","og_url":"https:\/\/thefinitive.com\/en\/prodotto\/olimpiadi-torcia-roma-1960-fiaccola-in-bronzo\/","og_site_name":"Thefinitive","article_publisher":"https:\/\/business.facebook.com\/Thefinitive-111771813534320\/","article_modified_time":"2023-03-20T16:23:20+00:00","og_image":[{"width":2160,"height":2160,"url":"https:\/\/thefinitive.com\/wp-content\/uploads\/2021\/05\/roma601.jpg","type":"image\/jpeg"}],"twitter_card":"summary_large_image","twitter_misc":{"Est. reading time":"6 minutes"},"schema":{"@context":"https:\/\/schema.org","@graph":[{"@type":"WebPage","@id":"https:\/\/thefinitive.com\/en\/prodotto\/olimpiadi-torcia-roma-1960-fiaccola-in-bronzo\/","url":"https:\/\/thefinitive.com\/en\/prodotto\/olimpiadi-torcia-roma-1960-fiaccola-in-bronzo\/","name":"\u274c\ud83d\ude41OLIMPIADI Torcia ROMA 1960 - Fiaccola in bronzo - Thefinitive","isPartOf":{"@id":"https:\/\/thefinitive.com\/en\/#website"},"datePublished":"2021-05-17T17:15:58+00:00","dateModified":"2023-03-20T16:23:20+00:00","description":"Torcia delle olimpiadi di ROMA 1960 - XVII Edizione Giochi Olimpici - Original olympic bronze torch ROME 1960 - M.F. CURTISA Bologna","breadcrumb":{"@id":"https:\/\/thefinitive.com\/en\/prodotto\/olimpiadi-torcia-roma-1960-fiaccola-in-bronzo\/#breadcrumb"},"inLanguage":"en-US","potentialAction":[{"@type":"ReadAction","target":["https:\/\/thefinitive.com\/en\/prodotto\/olimpiadi-torcia-roma-1960-fiaccola-in-bronzo\/"]}]},{"@type":"BreadcrumbList","@id":"https:\/\/thefinitive.com\/en\/prodotto\/olimpiadi-torcia-roma-1960-fiaccola-in-bronzo\/#breadcrumb","itemListElement":[{"@type":"ListItem","position":1,"name":"Home","item":"https:\/\/thefinitive.com\/en\/"},{"@type":"ListItem","position":2,"name":"Shop","item":"https:\/\/thefinitive.com\/en\/shop-2\/"},{"@type":"ListItem","position":3,"name":"\u274c\ud83d\ude41OLIMPIADI Torcia ROMA 1960 &#8211; Fiaccola in bronzo"}]},{"@type":"WebSite","@id":"https:\/\/thefinitive.com\/en\/#website","url":"https:\/\/thefinitive.com\/en\/","name":"Thefinitive","description":"Antiquariato Online","publisher":{"@id":"https:\/\/thefinitive.com\/en\/#organization"},"potentialAction":[{"@type":"SearchAction","target":{"@type":"EntryPoint","urlTemplate":"https:\/\/thefinitive.com\/en\/?s={search_term_string}"},"query-input":"required name=search_term_string"}],"inLanguage":"en-US"},{"@type":"Organization","@id":"https:\/\/thefinitive.com\/en\/#organization","name":"Thefinitive","url":"https:\/\/thefinitive.com\/en\/","logo":{"@type":"ImageObject","inLanguage":"en-US","@id":"https:\/\/thefinitive.com\/en\/#\/schema\/logo\/image\/","url":"https:\/\/thefinitive.com\/wp-content\/uploads\/2019\/07\/logo4vett.svg","contentUrl":"https:\/\/thefinitive.com\/wp-content\/uploads\/2019\/07\/logo4vett.svg","width":500,"height":100,"caption":"Thefinitive"},"image":{"@id":"https:\/\/thefinitive.com\/en\/#\/schema\/logo\/image\/"},"sameAs":["https:\/\/business.facebook.com\/Thefinitive-111771813534320\/","https:\/\/www.instagram.com\/_thefinitive_\/"]}]}},"_links":{"self":[{"href":"https:\/\/thefinitive.com\/en\/wp-json\/wp\/v3\/product\/8521"}],"collection":[{"href":"https:\/\/thefinitive.com\/en\/wp-json\/wp\/v3\/product"}],"about":[{"href":"https:\/\/thefinitive.com\/en\/wp-json\/wp\/v2\/types\/product"}],"replies":[{"embeddable":true,"href":"https:\/\/thefinitive.com\/en\/wp-json\/wp\/v2\/comments?post=8521"}],"version-history":[{"count":1,"href":"https:\/\/thefinitive.com\/en\/wp-json\/wp\/v3\/product\/8521\/revisions"}],"predecessor-version":[{"id":14596,"href":"https:\/\/thefinitive.com\/en\/wp-json\/wp\/v3\/product\/8521\/revisions\/14596"}],"wp:featuredmedia":[{"embeddable":true,"href":"https:\/\/thefinitive.com\/en\/wp-json\/wp\/v2\/media\/8522"}],"wp:attachment":[{"href":"https:\/\/thefinitive.com\/en\/wp-json\/wp\/v2\/media?parent=8521"}],"wp:term":[{"taxonomy":"product_cat","embeddable":true,"href":"https:\/\/thefinitive.com\/en\/wp-json\/wp\/v2\/product_cat?post=8521"},{"taxonomy":"product_tag","embeddable":true,"href":"https:\/\/thefinitive.com\/en\/wp-json\/wp\/v2\/product_tag?post=8521"}],"curies":[{"name":"wp","href":"https:\/\/api.w.org\/{rel}","templated":true}]}}