{"id":8388,"date":"2021-04-06T14:49:16","date_gmt":"2021-04-06T14:49:16","guid":{"rendered":"https:\/\/www.thefinitive.com\/?post_type=product&#038;p=8388"},"modified":"2023-03-20T17:23:26","modified_gmt":"2023-03-20T16:23:26","slug":"bronzo-fondazione-impero-1936-placca-firmata-rubino","status":"publish","type":"product","link":"https:\/\/thefinitive.com\/en\/prodotto\/bronzo-fondazione-impero-1936-placca-firmata-rubino\/","title":{"rendered":"\u274c\ud83d\ude41Bronzo Fondazione Impero 1936 &#8211; Placca firmata RUBINO"},"content":{"rendered":"<p>Placca in bronzo commemorativa della <strong>Fondazione<\/strong> dell&#8217;<strong>Impero Italiano<\/strong>, 9 Maggio 1936 &#8211; XIV dell&#8217; Era Fascista.<\/p>\n<p>Ottima opera dello scultore <strong>Edoardo Rubino<\/strong> , realizzata dall&#8217;incisore <strong>Emilio Sacchini<\/strong> di Milano, ( rif. Casolari XIV\/48 ), in occasione della fine della guerra d&#8217;Etiopia iniziata il <strong>3 OTTOBRE 1935<\/strong> e conclusa con l&#8217;annessione della stessa all&#8217;Italia il <strong>9 MAGGIO 1936<\/strong>.<\/p>\n<p>La placca realizzata a bassorilievo, rappresenta<strong> Mussolini<\/strong> in piedi, attorniato dalle <strong>Camicie Nere<\/strong> che combatterono in Africa, mentre consegna la corona di <strong>Imperatore<\/strong> a <strong>Vittorio Emanuele III<\/strong> , sul suo trono e protetto dalla <strong>dea ATENA<\/strong> , dea della guerra (Pallade Atena).<\/p>\n<p>Alla base della placca in bronzo della fondazione dell&#8217;impero del 1936, troviamo le date in numeri romani\u00a0 <strong>III OTTOBRE MCMXXXV &#8211; IX MAGGIO MCMXXXVI <\/strong>e le firme dell&#8217;incisore <em>Sacchini<\/em> e dello scultore <em>Rubino\u00a0<\/em><\/p>\n<p>Placca rettangolare, misura circa mm.123&#215;80, uniface, conservata nel suo astuccio originale esternamente rivestito in similpelle azzurra, con interni in velluto, e con il timbro a caratteri dorati del fabbricante <strong>COMM. G.FARINA &#8211; BABUINO &#8211; ROMA<\/strong> . In ottime condizioni.<\/p>\n<p>&nbsp;<\/p>\n<p><img loading=\"lazy\" decoding=\"async\" class=\"size-full wp-image-7041 aligncenter\" src=\"https:\/\/www.thefinitive.com\/wp-content\/uploads\/2020\/10\/duceM31.jpg\" alt=\"\" width=\"330\" height=\"387\" srcset=\"https:\/\/thefinitive.com\/wp-content\/uploads\/2020\/10\/duceM31.jpg 330w, https:\/\/thefinitive.com\/wp-content\/uploads\/2020\/10\/duceM31-64x75.jpg 64w, https:\/\/thefinitive.com\/wp-content\/uploads\/2020\/10\/duceM31-256x300.jpg 256w\" sizes=\"(max-width: 330px) 100vw, 330px\" \/><\/p>\n<p>&nbsp;<\/p>\n<p><strong>MATERIALE\u00a0 \u00a0<\/strong>&#8230;&#8230;&#8230;&#8230;. AE bronzo<\/p>\n<p><strong>MISURE<\/strong> &#8230;&#8230;&#8230;&#8230;&#8230;&#8230;.. mm 123 x 80<\/p>\n<p><strong>MARCHIO<\/strong> &#8230;&#8230;&#8230;&#8230;&#8230;. Sacchini, Milano &#8211; E.RUBINO<\/p>\n<h2><\/h2>\n<div style=\"text-align: left;\"><\/div>\n<div><\/div>\n<h2><\/h2>\n<h2 style=\"text-align: center;\"><strong><a href=\"https:\/\/www.thefinitive.com\/1936-impero-italiano-fondazione-aoi\/\" target=\"_blank\" rel=\"noopener\">Notizie e link riguardanti l&#8217;argomento in oggetto<\/a><\/strong><\/h2>\n<div><\/div>\n<div><\/div>\n<div style=\"text-align: center;\"><a href=\"https:\/\/www.thefinitive.com\/1936-impero-italiano-fondazione-aoi\/\" target=\"_blank\" rel=\"attachment noopener wp-att-7092\"><img loading=\"lazy\" decoding=\"async\" class=\" wp-image-7092 aligncenter\" src=\"https:\/\/www.thefinitive.com\/wp-content\/uploads\/2020\/10\/mussolini_proclamazione-impero_19361.jpg\" alt=\"\" width=\"337\" height=\"464\" srcset=\"https:\/\/thefinitive.com\/wp-content\/uploads\/2020\/10\/mussolini_proclamazione-impero_19361.jpg 218w, https:\/\/thefinitive.com\/wp-content\/uploads\/2020\/10\/mussolini_proclamazione-impero_19361-64x88.jpg 64w\" sizes=\"(max-width: 337px) 100vw, 337px\" \/><\/a><\/div>\n<div><\/div>\n<p>&nbsp;<\/p>\n<p>&nbsp;<\/p>\n<div id=\"bodyContent\" class=\"mw-body-content\">\n<h2><\/h2>\n<h2><\/h2>\n<h2><\/h2>\n<h2><\/h2>\n<h2><\/h2>\n<h2>Edoardo Rubino<\/h2>\n<p><b>Edoardo Rubino<\/b>\u00a0(Torino,\u00a08 dicembre\u00a01871\u00a0\u2013\u00a0Torino,\u00a016 gennaio\u00a01954) \u00e8 stato uno\u00a0scultore\u00a0e\u00a0disegnatore\u00a0italiano.<\/p>\n<p><img loading=\"lazy\" decoding=\"async\" class=\"alignnone size-full wp-image-8390\" src=\"https:\/\/www.thefinitive.com\/wp-content\/uploads\/2021\/04\/Rubino-1.jpg\" alt=\"\" width=\"256\" height=\"341\" srcset=\"https:\/\/thefinitive.com\/wp-content\/uploads\/2021\/04\/Rubino-1.jpg 256w, https:\/\/thefinitive.com\/wp-content\/uploads\/2021\/04\/Rubino-1-64x85.jpg 64w, https:\/\/thefinitive.com\/wp-content\/uploads\/2021\/04\/Rubino-1-225x300.jpg 225w\" sizes=\"(max-width: 256px) 100vw, 256px\" \/><\/p>\n<p>&nbsp;<\/p>\n<p>Figlio del vercellese Eusebio Rubino e di Lucia Flogna. Tra il 1886 ed il 1889 frequent\u00f2 i corsi serali di Plastica ornamentale all&#8217;Accademia Albertina\u00a0di Torino, tenuti dallo scultore\u00a0Luigi Belli. Ammesso in seguito al Corso Superiore di Scultura dell&#8217;Accademia stessa, divenne allievo di\u00a0Odoardo Tabacchi. Tra il 1888 ed il 1891 vinse menzioni e premi nelle discipline di Disegno, di Scultura e di Plastica Ornamentale. Nel 1892 espose due sculture all&#8217;Esposizione Cinquantenaria della\u00a0Societ\u00e0 Promotrice delle Belle Arti al Valentino. Seguirono altre partecipazioni ad esposizioni torinesi: nel 1894 (<i>Sera<\/i>\u00a0in terracotta, una testina in bronzo, un\u00a0<i>Ritratto<\/i>\u00a0in gesso), alla Promotrice; nel 1895 (<i>Testina<\/i>\u00a0in terracotta) alla Promotrice; nel 1896 (<i>Biondina<\/i>\u00a0in bronzo e due incisioni all&#8217;acquaforte:\u00a0<i>Il Re Sole<\/i>\u00a0di\u00a0Gaetano Previati\u00a0ed il\u00a0<i>Monumento sepolcrale a Sebastiano Grandi<\/i>\u00a0di\u00a0Leonardo Bistolfi).<\/p>\n<p>Non facilmente databile \u00e8 il suo alunnato, testimoniato da Rubino stesso, presso Leonardo Bistolfi. Nel 1898 ricevette dall&#8217;architetto\u00a0Carlo Ceppi\u00a0l&#8217;incarico di eseguire il gruppo allegorico della\u00a0<i>Dora<\/i>\u00a0per la Fontana dei Mesi al Valentino in occasione dell&#8217;Esposizione Nazionale di Torino. Trasferito lo studio da via Catania a via Montebello n. 21, nel 1899 espose alla Promotrice il busto\u00a0<i>A. Gressoney<\/i>\u00a0(anche noto come\u00a0<i>Costume di Gressoney<\/i>) e partecip\u00f2 alla\u00a0Biennale di Venezia. Con il nuovo secolo i successi ottenuti alle Esposizioni gli aprirono la strada ad una proficua carriera di scultore, disegnatore e medaglista. Nel 1900 illustr\u00f2 il volume del suo intimo amico\u00a0Guido Rey\u00a0<i>Il Monte Cervino<\/i>\u00a0ed entr\u00f2 nel direttivo del\u00a0Circolo degli Artisti di Torino; espose una\u00a0<i>Figurina<\/i>\u00a0in bronzo ed argento con orologio alla Societ\u00e0 di Incoraggiamento alle Belle Arti.<\/p>\n<p>In questi anni entr\u00f2 in rapporti stretti con il Comune di Torino, conobbe\u00a0Auguste Rodin\u00a0di passaggio in citt\u00e0 (1901) e partecip\u00f2 l&#8217;anno successivo all&#8217;Esposizione Universale di Torino, con un gruppo (<i>La Danza<\/i>) destinato a notevole celebrit\u00e0 e numerose repliche. Continu\u00f2 intanto la partecipazione alle esposizioni torinesi della Promotrice e spost\u00f2 lo studio in via Napione n. 41. Si specializz\u00f2 nel frattempo nell&#8217;esecuzione di placchette celebrative. Nel 1903 conobbe il mercante e collezionista mantovano\u00a0Ferruccio Stefani, che gli chiese di esporre nella seconda mostra latinoamericana. Esegue in questi anni notevoli opere per il\u00a0cimitero monumentale di Torino\u00a0e la splendida\u00a0<i>Tomba Bidasio<\/i>\u00a0per Ivrea.<\/p>\n<p>Tra il 1903 ed il 1907 l&#8217;attivit\u00e0 dello studio di Rubino fu molto intensa; eccelsero il monumento a\u00a0Federico Sclopis\u00a0per Torino, il bassorilievo\u00a0<i>Fiamma<\/i>\u00a0(1905) che segn\u00f2 il suo massimo avvicinamento alla poetica di\u00a0Leonardo Bistolfi\u00a0e la vittoria al concorso per il monumento ad\u00a0Alessandro Vittoria\u00a0a\u00a0Trento\u00a0(1907). In quest&#8217;anno partecip\u00f2 con\u00a0Davide Calandra\u00a0al concorso per il monumento al generale\u00a0Bartolom\u00e9 Mitre\u00a0a\u00a0Buenos Aires, vincendolo (lo porter\u00e0 a termine da solo dopo la morte di Calandra, avvenuta nel settembre 1915). Nel 1909 avvi\u00f2 la collaborazione con l&#8217;architetto e disegnatore\u00a0Giulio Casanova, con la creazione della\u00a0<i>Confetteria Baratti &amp; Milano<\/i>\u00a0di Torino ed esegu\u00ec i primi studi per il monumento ad\u00a0Edmondo De Amicis\u00a0in piazza Carlo Felice a Torino.<\/p>\n<p>Nel 1910 realizz\u00f2 ed espose la\u00a0<i>Vittoria alata<\/i>\u00a0per il\u00a0Vittoriano\u00a0di Roma e prosegu\u00ec con Casanova la realizzazione dei decori e delle sculture del\u00a0Palazzo delle Poste di Torino. Le tombe\u00a0<i>Remondini<\/i>\u00a0e\u00a0<i>Porcheddu<\/i>\u00a0per il cimitero di Torino (1912) rappresentano un nuovo punto fermo nella sua poetica, delicatissima nell&#8217;esplorazione dei sentimenti. Sulla stessa falsariga fu il monumento\u00a0<i>Rosetti<\/i>\u00a0per il\u00a0Cimitero monumentale di Milano\u00a0(bombardato nel 1943). Del 1913 \u00e8 la\u00a0<i>Deposizione<\/i>\u00a0per la tomba Cridis al cimitero di Torino, destinata anch&#8217;essa a numerose repliche. Seguir\u00e0 la decorazione plastica per la nuova palazzina della Societ\u00e0 Promotrice delle Belle Arti al Valentino (terminata nel 1916). Nominato\u00a0consigliere comunale\u00a0di\u00a0Torino\u00a0nel 1914 per i liberali, fece parte del consiglio direttivo del\u00a0Museo Civico di Torino, con interruzioni, sino al 1939. Realizzato il gruppo del\u00a0<i>Credito e Beneficenza<\/i>\u00a0per il palazzo dell&#8217;Energia elettrica in via Bertola a Torino, Rubino port\u00f2 a termine, dal 1915, il monumento ad\u00a0Umberto I di Savoia\u00a0a\u00a0Roma, lasciato incompiuto da Calandra (inaugurato nel 1926).<\/p>\n<p>Acquistata una casa in via Asti n. 15-17, vi fece costruire un ampio e comodissimo studio dall&#8217;architetto\u00a0Pietro Fenoglio. Si infittirono intanto le cariche onorifiche. Tra il 1917 ed il 1924 matur\u00f2 la sua carriera all&#8217;Accademia Albertina, da professore aggiunto di scultura presso il corso di\u00a0Cesare Zocchi\u00a0sino alla nomina senza concorso (20 marzo 1924) a titolare di cattedra. Termin\u00f2 l&#8217;insegnamento nel 1936. Ben inserito nell&#8217;apparato politico della citt\u00e0, Rubino ottenne in quegli anni grandi commesse, dal\u00a0Monumento nazionale al carabiniere\u00a0dei\u00a0Giardini Reali\u00a0(1925 &#8211; 1933 e successivi rifacimenti nel 1947), al\u00a0<i>Faro della Vittoria<\/i>\u00a0sul colle della Maddalena a Torino (1927-28). Venne inaugurato intanto, nel 1927, il grandioso monumento a\u00a0Bartolom\u00e9 Mitre\u00a0per\u00a0Buenos Aires, cui seguir\u00e0 la\u00a0<i>Tomba Mitre<\/i>\u00a0per la stessa citt\u00e0. Nel 1933 realizz\u00f2, quasi a contrasto delle grandi opere ufficiali,\u00a0<i>Il risveglio<\/i>, un nudo femminile dal notevole pathos intimista (oggi a Genova nelle Raccolte Frugone) replicato in versioni bronzee ridotte. Con la realizzazione del\u00a0<i>Faro della Vittoria<\/i>, Rubino rafforz\u00f2 i rapporti con la famiglia Agnelli (gi\u00e0 datati dal 1907) e in particolare con\u00a0Giovanni Agnelli: da questa amicizia scaturirono poi importanti realizzazioni per la chiesa del\u00a0Sestri\u00e8re, per la parrocchiale di\u00a0Villar Perosa\u00a0(<i>Cristo Crocifisso<\/i>), per la chiesa di Santa Aniceta ed a Pra Martino. Rubino fu nominato Senatore del Regno il 9 dicembre 1933. Nel 1938, dopo la morte di Alice Schanzer, poetessa e scrittrice, moglie del senatore Tancredi Galimberti e madre di Duccio, Rubino inizi\u00f2 il complesso sepolcrale dei Galimberti in una cappella del santuario di S. Maria degli Angeli a Cuneo (terminato nel dopoguerra con il sepolcro di Duccio). Disegn\u00f2 medaglie e placche in bronzo come quella per la commemorazione della fondazione dell&#8217;impero fascista nel 1936.<\/p>\n<p>L&#8217;attivit\u00e0 di Rubino culmin\u00f2 nel 1942 con una sala personale alla XXIII Esposizione Biennale Internazionale d&#8217;Arte di Venezia. Lavor\u00f2 nel frattempo, in un locale offertogli dagli Agnelli a\u00a0Villar Perosa, ad una gigantesca\u00a0<i>Quadriga<\/i>\u00a0per l&#8217;Esposizione Universale di Roma\u00a0non portata a compimento a causa degli eventi bellici. Negli anni della guerra strinse rapporti con il collezionista genovese\u00a0Luigi Frugone. Non disdegn\u00f2 mai di operare per l&#8217;arredo, la medaglistica (settore nel quale era considerato fra i migliori realizzatori italiani) e le arti applicate: sua \u00e8, ad esempio, una\u00a0<i>Testa di Medusa<\/i>\u00a0o\u00a0<i>Minerva<\/i>\u00a0per un bronzetto porta foglietti da appunti eseguita per la Wassermann.<\/p>\n<p>Nel dopoguerra l&#8217;attivit\u00e0 dello scultore risulta piuttosto limitata, anche perch\u00e9 aveva ormai raggiunto i sessant&#8217;anni: dopo aver ultimato nel 1949 il gruppo dell\u2019<i>Energia domata<\/i>\u00a0per la centrale idroelettrica di\u00a0Glorenza\u00a0in\u00a0Alto Adige, continuer\u00e0 la sua collaborazione con le famiglie Galimberti e Agnelli (tomba di Duccio e busto nel Palazzo delle Esposizioni) e realizzer\u00e0 anche la tomba della famiglia Casari nel cimitero di Torino. Nel 1952 realizz\u00f2 un tondo con ritratto dell&#8217;accademico\u00a0Gioele Solari ed una statua del senatore\u00a0Francesco Ruffini\u00a0per l&#8217;Universit\u00e0 di Torino, lasciando per\u00f2 incompiuti l&#8217;altare del Sacro Cuore per il\u00a0Duomo di Milano\u00a0(poi realizzato su suo bozzetto da\u00a0Ulderico Fabbri) ed il Monumento alla\u00a0Linea Gotica\u00a0a Ripa di Seravezza (realizzato dallo scultore\u00a0Abele Jacopi).<\/p>\n<\/div>\n<header class=\"row\">\n<h2 role=\"presentation\"><\/h2>\n<h2 class=\"bold\" role=\"presentation\">Sacchini Emilio<\/h2>\n<p>Medaglista, nato a Milano nel 1877.<\/p>\n<p>Incisore su acciaio, si \u00e8 perfezionato frequentando la Scuola serale dell&#8217;Accademia di Brera a Milano.<\/p>\n<p>Alla consuetudine di lavoro, ha affiancato un&#8217;intensa attivit\u00e0 sportiva, laureandosi pi\u00f9 volte campione, in gare internazionali di canottaggio. Ai primi del &#8216;900, ha dato vita alla Ditta <strong>E. Sacchini<\/strong>, attiva soprattutto nel settore medaglistico (vedi il bronzo per la fondazione dell&#8217;impero, 1936) fino agli anni trenta. L&#8217;azienda in quegli anni si \u00e8 indirizzata verso lo stampaggio a caldo dei metalli non ferrosi, mutando quindi il tipo di prodotto. Dopo la sua morte, nel 1954, tale attivit\u00e0 \u00e8 stata proseguita dai figli.<\/p>\n<p>&nbsp;<\/p>\n<\/header>\n<div class=\"row col-sm-12 col-md-8\">\n<div class=\"infos container-extender\">\n<div class=\"wrap-extender\">\n<div id=\"longdesc\" class=\"popuptext\"><\/div>\n<\/div>\n<\/div>\n<\/div>\n<p>Fonti\u00a0 <a href=\"https:\/\/it.wikipedia.org\/wiki\/Colonialismo_italiano\">Wikipedia Colonialismo Italiano<\/a> , <a href=\"https:\/\/it.wikipedia.org\/wiki\/Benito_Mussolini\">Mussolini<\/a> , <a href=\"https:\/\/it.wikipedia.org\/wiki\/Edoardo_Rubino\">E.Rubino<\/a><\/p>\n<p>4.21<\/p>\n","protected":false},"excerpt":{"rendered":"<p style=\"text-align: center;\">Placca in bronzo commemorativa della <strong>Fondazione<\/strong> dell&#8217;<strong>Impero Italiano<\/strong>, 9 Maggio 1936 &#8211; XIV dell&#8217; Era Fascista. Opera dello scultore <strong>Edoardo Rubino<\/strong>, incisore <strong>Emilio Sacchini<\/strong> di Milano ( rif. Casolari XIV\/48 )<\/p>\n<p style=\"text-align: center;\">Bassorilievo raffigurante<strong>\u00a0Mussolini<\/strong>\u00a0attorniato dalle <strong>Camicie Nere<\/strong>\u00a0mentre consegna la corona di <strong>Imperatore<\/strong> al Re <strong>Vittorio Emanuele III\u00a0 \u00a0<\/strong>&#8211;\u00a0 \u00a0Alla base della placca troviamo riportate le date dell&#8217;evento\u00a0 <strong>III OTTOBRE MCMXXXV &#8211; IX MAGGIO MCMXXXVI <\/strong>e le firme\u00a0 <strong><em>Sacchini<\/em> <\/strong>e\u00a0 <strong><em>Rubino\u00a0<\/em><\/strong><\/p>\n<p style=\"text-align: center;\">La sola placca misura circa cm. 12&#215;8 , conservata nel suo cofanetto originale, in ottime condizioni<\/p>\n<p>&nbsp;<\/p>\n<p style=\"text-align: center;\"><strong><em>(Scorri la pagina in basso per ulteriori dettagli e informazioni)<\/em><\/strong><\/p>\n","protected":false},"featured_media":0,"comment_status":"open","ping_status":"closed","template":"","meta":[],"product_cat":[586],"product_tag":[723,172,174,197,155,193,160,198,157,271,156,173],"yoast_head":"<!-- This site is optimized with the Yoast SEO plugin v21.9.1 - https:\/\/yoast.com\/wordpress\/plugins\/seo\/ -->\n<title>\u274c\ud83d\ude41Bronzo Fondazione Impero 1936 - Placca firmata RUBINO Thefinitive<\/title>\n<meta name=\"description\" content=\"Placca bronzo commemorativa Fondazione Impero italiano 9 Maggio 1936 - firmata RUBINO - VEIII Imperatore - Fascist empire AOI Africa Orientale\" \/>\n<meta name=\"robots\" content=\"index, follow, max-snippet:-1, max-image-preview:large, max-video-preview:-1\" \/>\n<link rel=\"canonical\" href=\"https:\/\/thefinitive.com\/en\/prodotto\/bronzo-fondazione-impero-1936-placca-firmata-rubino\/\" \/>\n<meta property=\"og:locale\" content=\"en_US\" \/>\n<meta property=\"og:type\" content=\"article\" \/>\n<meta property=\"og:title\" content=\"\u274c\ud83d\ude41Bronzo Fondazione Impero 1936 - Placca firmata RUBINO Thefinitive\" \/>\n<meta property=\"og:description\" content=\"Placca bronzo commemorativa Fondazione Impero italiano 9 Maggio 1936 - firmata RUBINO - VEIII Imperatore - Fascist empire AOI Africa Orientale\" \/>\n<meta property=\"og:url\" content=\"https:\/\/thefinitive.com\/en\/prodotto\/bronzo-fondazione-impero-1936-placca-firmata-rubino\/\" \/>\n<meta property=\"og:site_name\" content=\"Thefinitive\" \/>\n<meta property=\"article:publisher\" content=\"https:\/\/business.facebook.com\/Thefinitive-111771813534320\/\" \/>\n<meta property=\"article:modified_time\" content=\"2023-03-20T16:23:26+00:00\" \/>\n<meta property=\"og:image\" content=\"https:\/\/www.thefinitive.com\/wp-content\/uploads\/2020\/10\/duceM31.jpg\" \/>\n<meta name=\"twitter:card\" content=\"summary_large_image\" \/>\n<meta name=\"twitter:label1\" content=\"Est. reading time\" \/>\n\t<meta name=\"twitter:data1\" content=\"9 minutes\" \/>\n<script type=\"application\/ld+json\" class=\"yoast-schema-graph\">{\"@context\":\"https:\/\/schema.org\",\"@graph\":[{\"@type\":\"WebPage\",\"@id\":\"https:\/\/thefinitive.com\/en\/prodotto\/bronzo-fondazione-impero-1936-placca-firmata-rubino\/\",\"url\":\"https:\/\/thefinitive.com\/en\/prodotto\/bronzo-fondazione-impero-1936-placca-firmata-rubino\/\",\"name\":\"\u274c\ud83d\ude41Bronzo Fondazione Impero 1936 - Placca firmata RUBINO Thefinitive\",\"isPartOf\":{\"@id\":\"https:\/\/thefinitive.com\/en\/#website\"},\"datePublished\":\"2021-04-06T14:49:16+00:00\",\"dateModified\":\"2023-03-20T16:23:26+00:00\",\"description\":\"Placca bronzo commemorativa Fondazione Impero italiano 9 Maggio 1936 - firmata RUBINO - VEIII Imperatore - Fascist empire AOI Africa Orientale\",\"breadcrumb\":{\"@id\":\"https:\/\/thefinitive.com\/en\/prodotto\/bronzo-fondazione-impero-1936-placca-firmata-rubino\/#breadcrumb\"},\"inLanguage\":\"en-US\",\"potentialAction\":[{\"@type\":\"ReadAction\",\"target\":[\"https:\/\/thefinitive.com\/en\/prodotto\/bronzo-fondazione-impero-1936-placca-firmata-rubino\/\"]}]},{\"@type\":\"BreadcrumbList\",\"@id\":\"https:\/\/thefinitive.com\/en\/prodotto\/bronzo-fondazione-impero-1936-placca-firmata-rubino\/#breadcrumb\",\"itemListElement\":[{\"@type\":\"ListItem\",\"position\":1,\"name\":\"Home\",\"item\":\"https:\/\/thefinitive.com\/en\/\"},{\"@type\":\"ListItem\",\"position\":2,\"name\":\"Shop\",\"item\":\"https:\/\/thefinitive.com\/en\/shop-2\/\"},{\"@type\":\"ListItem\",\"position\":3,\"name\":\"\u274c\ud83d\ude41Bronzo Fondazione Impero 1936 &#8211; Placca firmata RUBINO\"}]},{\"@type\":\"WebSite\",\"@id\":\"https:\/\/thefinitive.com\/en\/#website\",\"url\":\"https:\/\/thefinitive.com\/en\/\",\"name\":\"Thefinitive\",\"description\":\"Antiquariato Online\",\"publisher\":{\"@id\":\"https:\/\/thefinitive.com\/en\/#organization\"},\"potentialAction\":[{\"@type\":\"SearchAction\",\"target\":{\"@type\":\"EntryPoint\",\"urlTemplate\":\"https:\/\/thefinitive.com\/en\/?s={search_term_string}\"},\"query-input\":\"required name=search_term_string\"}],\"inLanguage\":\"en-US\"},{\"@type\":\"Organization\",\"@id\":\"https:\/\/thefinitive.com\/en\/#organization\",\"name\":\"Thefinitive\",\"url\":\"https:\/\/thefinitive.com\/en\/\",\"logo\":{\"@type\":\"ImageObject\",\"inLanguage\":\"en-US\",\"@id\":\"https:\/\/thefinitive.com\/en\/#\/schema\/logo\/image\/\",\"url\":\"https:\/\/thefinitive.com\/wp-content\/uploads\/2019\/07\/logo4vett.svg\",\"contentUrl\":\"https:\/\/thefinitive.com\/wp-content\/uploads\/2019\/07\/logo4vett.svg\",\"width\":500,\"height\":100,\"caption\":\"Thefinitive\"},\"image\":{\"@id\":\"https:\/\/thefinitive.com\/en\/#\/schema\/logo\/image\/\"},\"sameAs\":[\"https:\/\/business.facebook.com\/Thefinitive-111771813534320\/\",\"https:\/\/www.instagram.com\/_thefinitive_\/\"]}]}<\/script>\n<!-- \/ Yoast SEO plugin. -->","yoast_head_json":{"title":"\u274c\ud83d\ude41Bronzo Fondazione Impero 1936 - Placca firmata RUBINO Thefinitive","description":"Placca bronzo commemorativa Fondazione Impero italiano 9 Maggio 1936 - firmata RUBINO - VEIII Imperatore - Fascist empire AOI Africa Orientale","robots":{"index":"index","follow":"follow","max-snippet":"max-snippet:-1","max-image-preview":"max-image-preview:large","max-video-preview":"max-video-preview:-1"},"canonical":"https:\/\/thefinitive.com\/en\/prodotto\/bronzo-fondazione-impero-1936-placca-firmata-rubino\/","og_locale":"en_US","og_type":"article","og_title":"\u274c\ud83d\ude41Bronzo Fondazione Impero 1936 - Placca firmata RUBINO Thefinitive","og_description":"Placca bronzo commemorativa Fondazione Impero italiano 9 Maggio 1936 - firmata RUBINO - VEIII Imperatore - Fascist empire AOI Africa Orientale","og_url":"https:\/\/thefinitive.com\/en\/prodotto\/bronzo-fondazione-impero-1936-placca-firmata-rubino\/","og_site_name":"Thefinitive","article_publisher":"https:\/\/business.facebook.com\/Thefinitive-111771813534320\/","article_modified_time":"2023-03-20T16:23:26+00:00","og_image":[{"url":"https:\/\/www.thefinitive.com\/wp-content\/uploads\/2020\/10\/duceM31.jpg"}],"twitter_card":"summary_large_image","twitter_misc":{"Est. reading time":"9 minutes"},"schema":{"@context":"https:\/\/schema.org","@graph":[{"@type":"WebPage","@id":"https:\/\/thefinitive.com\/en\/prodotto\/bronzo-fondazione-impero-1936-placca-firmata-rubino\/","url":"https:\/\/thefinitive.com\/en\/prodotto\/bronzo-fondazione-impero-1936-placca-firmata-rubino\/","name":"\u274c\ud83d\ude41Bronzo Fondazione Impero 1936 - Placca firmata RUBINO Thefinitive","isPartOf":{"@id":"https:\/\/thefinitive.com\/en\/#website"},"datePublished":"2021-04-06T14:49:16+00:00","dateModified":"2023-03-20T16:23:26+00:00","description":"Placca bronzo commemorativa Fondazione Impero italiano 9 Maggio 1936 - firmata RUBINO - VEIII Imperatore - Fascist empire AOI Africa Orientale","breadcrumb":{"@id":"https:\/\/thefinitive.com\/en\/prodotto\/bronzo-fondazione-impero-1936-placca-firmata-rubino\/#breadcrumb"},"inLanguage":"en-US","potentialAction":[{"@type":"ReadAction","target":["https:\/\/thefinitive.com\/en\/prodotto\/bronzo-fondazione-impero-1936-placca-firmata-rubino\/"]}]},{"@type":"BreadcrumbList","@id":"https:\/\/thefinitive.com\/en\/prodotto\/bronzo-fondazione-impero-1936-placca-firmata-rubino\/#breadcrumb","itemListElement":[{"@type":"ListItem","position":1,"name":"Home","item":"https:\/\/thefinitive.com\/en\/"},{"@type":"ListItem","position":2,"name":"Shop","item":"https:\/\/thefinitive.com\/en\/shop-2\/"},{"@type":"ListItem","position":3,"name":"\u274c\ud83d\ude41Bronzo Fondazione Impero 1936 &#8211; Placca firmata RUBINO"}]},{"@type":"WebSite","@id":"https:\/\/thefinitive.com\/en\/#website","url":"https:\/\/thefinitive.com\/en\/","name":"Thefinitive","description":"Antiquariato Online","publisher":{"@id":"https:\/\/thefinitive.com\/en\/#organization"},"potentialAction":[{"@type":"SearchAction","target":{"@type":"EntryPoint","urlTemplate":"https:\/\/thefinitive.com\/en\/?s={search_term_string}"},"query-input":"required name=search_term_string"}],"inLanguage":"en-US"},{"@type":"Organization","@id":"https:\/\/thefinitive.com\/en\/#organization","name":"Thefinitive","url":"https:\/\/thefinitive.com\/en\/","logo":{"@type":"ImageObject","inLanguage":"en-US","@id":"https:\/\/thefinitive.com\/en\/#\/schema\/logo\/image\/","url":"https:\/\/thefinitive.com\/wp-content\/uploads\/2019\/07\/logo4vett.svg","contentUrl":"https:\/\/thefinitive.com\/wp-content\/uploads\/2019\/07\/logo4vett.svg","width":500,"height":100,"caption":"Thefinitive"},"image":{"@id":"https:\/\/thefinitive.com\/en\/#\/schema\/logo\/image\/"},"sameAs":["https:\/\/business.facebook.com\/Thefinitive-111771813534320\/","https:\/\/www.instagram.com\/_thefinitive_\/"]}]}},"_links":{"self":[{"href":"https:\/\/thefinitive.com\/en\/wp-json\/wp\/v3\/product\/8388"}],"collection":[{"href":"https:\/\/thefinitive.com\/en\/wp-json\/wp\/v3\/product"}],"about":[{"href":"https:\/\/thefinitive.com\/en\/wp-json\/wp\/v2\/types\/product"}],"replies":[{"embeddable":true,"href":"https:\/\/thefinitive.com\/en\/wp-json\/wp\/v2\/comments?post=8388"}],"version-history":[{"count":2,"href":"https:\/\/thefinitive.com\/en\/wp-json\/wp\/v3\/product\/8388\/revisions"}],"predecessor-version":[{"id":14599,"href":"https:\/\/thefinitive.com\/en\/wp-json\/wp\/v3\/product\/8388\/revisions\/14599"}],"wp:attachment":[{"href":"https:\/\/thefinitive.com\/en\/wp-json\/wp\/v2\/media?parent=8388"}],"wp:term":[{"taxonomy":"product_cat","embeddable":true,"href":"https:\/\/thefinitive.com\/en\/wp-json\/wp\/v2\/product_cat?post=8388"},{"taxonomy":"product_tag","embeddable":true,"href":"https:\/\/thefinitive.com\/en\/wp-json\/wp\/v2\/product_tag?post=8388"}],"curies":[{"name":"wp","href":"https:\/\/api.w.org\/{rel}","templated":true}]}}