{"id":8034,"date":"2021-01-14T19:15:54","date_gmt":"2021-01-14T18:15:54","guid":{"rendered":"https:\/\/www.thefinitive.com\/?post_type=product&#038;p=8034"},"modified":"2024-04-02T14:13:06","modified_gmt":"2024-04-02T12:13:06","slug":"corrispondenza-dannunzio-bideri-800-lotto","status":"publish","type":"product","link":"https:\/\/thefinitive.com\/en\/prodotto\/corrispondenza-dannunzio-bideri-800-lotto\/","title":{"rendered":"Corrispondenza D&#8217;ANNUNZIO BIDERI &#8216;800 &#8211; lotto"},"content":{"rendered":"<p>Corrispondenza di fine &#8216;800 tra <strong>Gabriele d&#8217;Annunzio<\/strong> ed il suo editore d&#8217;allora, <strong>&#8220;don&#8221; Ferdinando Bideri. <\/strong>Questo lotto comprende sette lettere di cui alcune sono illustrate in articoli separati, e <strong>2 biglietti<\/strong> (di cui uno in dettaglio separato). In molte di queste lettere D&#8217;Annunzio scrive da Napoli, quando nel periodo 1891-1893 soggiorn\u00f2 nella citt\u00e0 partenopea. Qui si dedic\u00f2 alla stesura di alcuni dei suoi lavori. Si parla di contratti editoriali, si parla di bozze di opere, si parla di denaro. In questo articolo pubblichiamo un estratto di tutte le lettere e biglietti disponibili, a costituire un unico lotto. Non vengono forniti tutti i testi, ma alla richiesta interessata e finalizzata all&#8217;acquisto dell&#8217;intero lotto, le lettere verranno ovviamente dettagliate.<\/p>\n<p>Questa \u00e8 la composizione del nucleo cartaceo :<\/p>\n<ul>\n<li style=\"text-align: left;\">lettera\u00a0 <em>&#8220;<strong>Caro Bideri, io sono da alcuni giorni a Roma<\/strong> &#8230;&#8221;\u00a0 Roma, 12 Feb &#8217;94<\/em><\/li>\n<li style=\"text-align: left;\">lettera\u00a0 &#8220;<em><strong>Caro Bideri, non so pi\u00f9 nulla di voi<\/strong><\/em> &#8230;&#8221;\u00a0 Francavilla al Mare, 24 Maggio &#8217;94<\/li>\n<li style=\"text-align: left;\">lettera\u00a0 &#8220;<em><strong>Caro Don Ferdinando, che ne \u00e8 di voi e della tipografia?<\/strong><\/em> &#8230;&#8221;\u00a0 Pescara, Abruzzi venerd\u00ec<\/li>\n<li style=\"text-align: left;\">lettera\u00a0 &#8220;<em><strong>Caro Bideri perch\u00e8 non vi fate pi\u00f9 vivo ?<\/strong> .<\/em>..&#8221; Francavilla al Mare, 6 Gennaio &#8217;94<\/li>\n<li style=\"text-align: left;\">lettera\u00a0 &#8220;<em><strong>Caro Bideri eccovi le bozze<\/strong><\/em> &#8230;&#8221;\u00a0 domenica sera<\/li>\n<li style=\"text-align: left;\">lettera\u00a0 &#8220;<em><strong>Caro Don Ferdinando, ho avuto una settimana di passione<\/strong><\/em>&#8230;&#8221;\u00a0 07 (?) &#8217;93<\/li>\n<li style=\"text-align: left;\">lettera\u00a0 &#8220;<em><strong>Mio caro Bideri, nella nostra conversazione<\/strong><\/em>&#8230;&#8221;\u00a0 Hotel du Vesuve 28-9-&#8217;91<\/li>\n<li style=\"text-align: left;\">biglietto &#8220;<em><strong>Caro Bideri eccole l&#8217;abbozzo del contratto<\/strong><\/em> &#8230;&#8221;\u00a0 \u00a01892<\/li>\n<li style=\"text-align: left;\">biglietto &#8220;<em><strong>Caro Bideri, ho lasciato l&#8217;albergo<\/strong> <\/em>&#8230;&#8221;\u00a0 marted\u00ec &#8217;93<\/li>\n<\/ul>\n<p>&nbsp;<\/p>\n<p>D&#8217;Annunzio abit\u00f2 e lavor\u00f2 a Napoli tra il 1891 e il 1893 , compose <strong><i>Giovanni Episcopo<\/i><\/strong> e <strong><i>L&#8217;innocente<\/i><\/strong>, seguiti da\u00a0<strong><i>Il trionfo della morte<\/i><\/strong>\u00a0(scritto in\u00a0Abruzzo, tra\u00a0Francavilla al Mare\u00a0e\u00a0San Vito Chietino) e dalle liriche del\u00a0<strong><i>Poema paradisiaco<\/i><\/strong>. Nel 1892, a seguito di una gara con Ferdinando Russo sulla capacit\u00e0 del poeta di comporre liriche in\u00a0napoletano, D&#8217;Annunzio compose anche il testo de<strong> <i>&#8216;A vucchella<\/i><\/strong>, romanza che verr\u00e0 pubblicata nel 1907 musicata da <em>Francesco Paolo Tosti<\/em>\u00a0 (La canzone, fu eseguita da celebri tenori come <em>Enrico Caruso<\/em> e, in seguito, <em>Luciano Pavarotti<\/em> , venne incisa anche da grandi interpreti della canzone napoletana come <em>Roberto Murolo<\/em> che ne faranno un classico).<\/p>\n<p>Il presente lotto cartaceo di corrispondenza di fine &#8216;800 tra d&#8217;Annunzio e Bideri, \u00e8 in buone condizioni, i fogli presentano normali segni del tempo, alcuni con tracce di attache agli angoli, un paio di lettere lungo i bordi hanno delle pieghe e degli strappi pi\u00f9 importanti.<strong>\u00a0<\/strong>Viene rilasciata la dichiarazione di originalit\u00e0.<\/p>\n<p>Dimensioni varie, circa cm. 18 x 11 ,\u00a0 cm.24 x 16 &#8230;<\/p>\n<p>&nbsp;<\/p>\n<p>Guarda le altre lettere della corrispondenza con Bideri<\/p>\n<p>&nbsp;<\/p>\n<h2>Notizie<\/h2>\n<p>Cliccando sul seguente link avrete informazioni generiche, storiche, relative all&#8217;articolo in vendita<\/p>\n<h3><a href=\"https:\/\/www.thefinitive.com\/gabriele-dannunzio-limmaginifico-il-vate\/\"><b>Gabriele D&#8217;Annunzio <\/b>(Pescara, 12 marzo 1863 \u2013 Gardone Riviera, 1 marzo 1938)<\/a><\/h3>\n<p>&nbsp;<\/p>\n<p><a href=\"https:\/\/www.thefinitive.com\/gabriele-dannunzio-limmaginifico-il-vate\/\"><img loading=\"lazy\" decoding=\"async\" src=\"https:\/\/upload.wikimedia.org\/wikipedia\/it\/b\/b1\/D%27Annunzio_4.jpg\" alt=\"D'Annunzio 4.jpg\" width=\"173\" height=\"235\" data-file-width=\"173\" data-file-height=\"235\" \/><\/a><\/p>\n<p><a class=\"image\" style=\"font-family: Georgia, 'Times New Roman', 'Bitstream Charter', Times, serif; font-size: 16px;\" title=\"Firma di Gabriele D'Annunzio\" href=\"https:\/\/it.wikipedia.org\/wiki\/File:D%27Annunzio_signature.svg\"><img loading=\"lazy\" decoding=\"async\" src=\"https:\/\/upload.wikimedia.org\/wikipedia\/commons\/thumb\/2\/2c\/D%27Annunzio_signature.svg\/130px-D%27Annunzio_signature.svg.png\" srcset=\"\/\/upload.wikimedia.org\/wikipedia\/commons\/thumb\/2\/2c\/D%27Annunzio_signature.svg\/195px-D%27Annunzio_signature.svg.png 1.5x, \/\/upload.wikimedia.org\/wikipedia\/commons\/thumb\/2\/2c\/D%27Annunzio_signature.svg\/260px-D%27Annunzio_signature.svg.png 2x\" alt=\"Firma di Gabriele D'Annunzio\" width=\"130\" height=\"40\" data-file-width=\"2256\" data-file-height=\"691\" \/><\/a><\/p>\n<p>&nbsp;<\/p>\n<h2>CASA EDITRICE BIDERI<\/h2>\n<p>La casa editrice napoletana pi\u00f9 antica \u00e8 la Bideri, fondata nel 1806 da Emmanuele\u00a0Bidera, barone originario della Sicilia trasferitosi a Napoli. Tra i suoi collaboratori \u00a0ebbe Donizetti, che music\u00f2 i libretti d\u2019opera da lui editi, Scrisse un libro,\u00a0<em>Passeggiate a Napoli. <\/em>Nel 1837 spos\u00f2 la cantante lirica Teresa Schultz.<\/p>\n<p>La prima sede della casa editrice si trovava in via Concordia. Arrestato per cospirazione nel 1848, fu confinato l\u2019anno seguente nella nat\u00eca Palermo. Il figlio Pietro Atanasio mut\u00f2 il cognome in Bideri. Continu\u00f2 l\u2019attivit\u00e0 paterna, e nel 1865, fond\u00f2 il giornale\u00a0<em>Pubblicit\u00e0 editoriale<\/em> a cura della Tipografia del Plebiscito in via Chiaia, che veniva tradotto \u00a0in 5 lingue. Suo figlio Ferdinando Bideri, nato a Napoli nel 1851, studente di giurisprudenza con Enrico Pessina, fu volontario nella guerra franco-prussiana\u00a0nel 1870. Esule per qualche anno in Svizzera, nel 1876 torn\u00f2 a Napoli, dove apr\u00ec una libreria editrice in via Universit\u00e0 Vecchia, odierna via Palladino. Ebbe un notevole successo con la pubblicazione di romanzi d\u2019amore e d\u2019appendice, coadiuvato dalla sua giovane moglie Rosa d\u2019Ajello.<\/p>\n<p>Nel 1883 trasfer\u00ec la sede in via Cavallerizza a Chiaia, dotandola di una propria moderna tipografia. Pochi mesi dopo, Bideri apr\u00ec una nuova sede in via Costantinopoli, dove diede alle stampe le prime opere di Salvatore di Giacomo e dal 1891 di Gabriele D\u2019Annunzio (vedi la lettera del settembre &#8217;91), poi di Ferdinando Russo e del giovanissimo Benedetto Croce. Sempre nel 1891 fond\u00f2 il settimanale letterario-musicale illustrato<em>\u00a0La tavola rotonda\u00a0<\/em>con firme del calibro di Luigi Pirandello, Giovanni Pascoli, Matilde Serao, Eduardo Scarfoglio e Benedetto Croce. Nel 1909 la spunt\u00f2 su\u00a0<em>Le Figaro<\/em>\u00a0di Parigi aggiudicandosi la stampa d\u00a0<em>Il Manifesto del Futuro<\/em>\u00a0di Marinetti. Continu\u00f2 ad editare importanti pubblicazioni, come il romanzo di Mastriani\u00a0<em>La cieca di Sorrento<\/em>, i drammi di Schiller, poesie e canzoni napoletane di \u00a0Ernesto Murolo, Mario Costa, Eduardo di Capua, Ernesto tagliaferri Libero Bovio e la celeberrima\u00a0<em>\u2018O sole Mio<\/em><\/p>\n<p>Alla improvvisa morte di Ferdinano Bideri nel 1930 nella sua villa di Portici al corso Garibaldi, gli subentr\u00f2 la figlia primogenita Valentina insieme con le sorelle, Flavia, Silvia e Jole. La casa editrice Bideri di Napoli nel 1959 divent\u00f2 Societ\u00e0 per Azioni: in oltre centocinquant\u2019anni di storia aveva prodotto ventimila canzoni. Man mano aveva incorporato altre piccole case editrici napoletane, avviando la \u00a0produzione Bideri discografica.<\/p>\n<p>La Casa Editrice Bideri si \u00e8 sempre tramandata in linea ri gorosamente familiare: la guida del gruppo editoriale Bideri pass\u00f2 a Luciano Villevieille Bideri, che raccolse l\u2019eredit\u00e0 del suo bis-trisavolo dal 1950 al 1995, prima come direttore generale e quindi come presidente. Si ritir\u00f2 a vita privata nel 2000. Il Gruppo Editoriale Bideri spa, proprietario del pi\u00f9 importante catalogo di musica napoletana, attualmente vede alla guida Silvia e Flavio Villevieille Bideri. E non finisce qui: dopo pi\u00f9 di duecento anni, un\u2019altra generazione, ovvero Jacopo e Nicol\u00f2, figli di Flavio, \u00e8 pronta a raccogliere il testimone\u2026<\/p>\n<p>Fonte articolo <a href=\"http:\/\/www.lospeakerscorner.eu\/breve-storia-della-bideri-editrice\/\">Bideri<\/a><\/p>\n<p>Fonte degli articoli\u00a0 :\u00a0 <a href=\"https:\/\/it.wikipedia.org\/wiki\/Gabriele_D%27Annunzio\">Wikipedia<\/a> , per ulteriori approfondimenti data la vastit\u00e0 dell&#8217;argomento dannunziano.<\/p>\n<p>&nbsp;<\/p>\n<p>1.21<\/p>\n","protected":false},"excerpt":{"rendered":"<p style=\"text-align: center;\">Corrispondenza di fine &#8216;800 tra <strong>Gabriele d&#8217;Annunzio<\/strong> ed il suo editore d&#8217;allora, <strong>&#8220;don&#8221; Ferdinando Bideri. <\/strong>Il lotto comprende<strong> 7 lettere<\/strong> e<strong> 2 biglietti<\/strong> (vedi parte delle lettere e dei biglietti in vendite separate). Lettere scritte da D&#8217;Annunzio nel periodo <strong>1891-1893<\/strong> quando il poeta soggiorna a <strong>Napoli<\/strong>, e si dedica alla stesura di alcuni suoi lavori letterari.<\/p>\n<p style=\"text-align: center;\">Originali, scritte ed autografate di pugno da d&#8217;Annunzio. In ottime condizioni<\/p>\n<p style=\"text-align: center;\"><strong>Prezzo a Richiesta (P.A.R.)\u00a0 \u00a0 &#8211;\u00a0 \u00a0 Price on Demand\u00a0 (P.O.D.)<\/strong><\/p>\n<p style=\"text-align: center;\"><strong><em>(Scorri la pagina in basso per ulteriori dettagli e informazioni)<\/em><\/strong><\/p>\n","protected":false},"featured_media":9696,"comment_status":"open","ping_status":"closed","template":"","meta":[],"product_cat":[586],"product_tag":[223,224,207,172,182,203,278,221,220,219,218,225,222,205,206],"yoast_head":"<!-- This site is optimized with the Yoast SEO plugin v21.9.1 - https:\/\/yoast.com\/wordpress\/plugins\/seo\/ -->\n<title>Corrispondenza D&#039;ANNUNZIO BIDERI &#039;800 - lotto - Thefinitive<\/title>\n<meta name=\"description\" content=\"Gabriele d&#039;Annunzio corrispondenza fine &#039;800 autografa con editore BIDERI original hand written autographed letters - Autografo originale - Fiume\" \/>\n<meta name=\"robots\" content=\"index, follow, max-snippet:-1, max-image-preview:large, max-video-preview:-1\" \/>\n<link rel=\"canonical\" href=\"https:\/\/thefinitive.com\/en\/prodotto\/corrispondenza-dannunzio-bideri-800-lotto\/\" \/>\n<meta property=\"og:locale\" content=\"en_US\" \/>\n<meta property=\"og:type\" content=\"article\" \/>\n<meta property=\"og:title\" content=\"Corrispondenza D&#039;ANNUNZIO BIDERI &#039;800 - lotto - Thefinitive\" \/>\n<meta property=\"og:description\" content=\"Gabriele d&#039;Annunzio corrispondenza fine &#039;800 autografa con editore BIDERI original hand written autographed letters - Autografo originale - Fiume\" \/>\n<meta property=\"og:url\" content=\"https:\/\/thefinitive.com\/en\/prodotto\/corrispondenza-dannunzio-bideri-800-lotto\/\" \/>\n<meta property=\"og:site_name\" content=\"Thefinitive\" \/>\n<meta property=\"article:publisher\" content=\"https:\/\/business.facebook.com\/Thefinitive-111771813534320\/\" \/>\n<meta property=\"article:modified_time\" content=\"2024-04-02T12:13:06+00:00\" \/>\n<meta property=\"og:image\" content=\"https:\/\/thefinitive.com\/wp-content\/uploads\/2021\/01\/lotto-2-scaled.jpg\" \/>\n\t<meta property=\"og:image:width\" content=\"2560\" \/>\n\t<meta property=\"og:image:height\" content=\"2560\" \/>\n\t<meta property=\"og:image:type\" content=\"image\/jpeg\" \/>\n<meta name=\"twitter:card\" content=\"summary_large_image\" \/>\n<meta name=\"twitter:label1\" content=\"Est. reading time\" \/>\n\t<meta name=\"twitter:data1\" content=\"6 minutes\" \/>\n<script type=\"application\/ld+json\" class=\"yoast-schema-graph\">{\"@context\":\"https:\/\/schema.org\",\"@graph\":[{\"@type\":\"WebPage\",\"@id\":\"https:\/\/thefinitive.com\/en\/prodotto\/corrispondenza-dannunzio-bideri-800-lotto\/\",\"url\":\"https:\/\/thefinitive.com\/en\/prodotto\/corrispondenza-dannunzio-bideri-800-lotto\/\",\"name\":\"Corrispondenza D'ANNUNZIO BIDERI '800 - lotto - Thefinitive\",\"isPartOf\":{\"@id\":\"https:\/\/thefinitive.com\/en\/#website\"},\"datePublished\":\"2021-01-14T18:15:54+00:00\",\"dateModified\":\"2024-04-02T12:13:06+00:00\",\"description\":\"Gabriele d'Annunzio corrispondenza fine '800 autografa con editore BIDERI original hand written autographed letters - Autografo originale - Fiume\",\"breadcrumb\":{\"@id\":\"https:\/\/thefinitive.com\/en\/prodotto\/corrispondenza-dannunzio-bideri-800-lotto\/#breadcrumb\"},\"inLanguage\":\"en-US\",\"potentialAction\":[{\"@type\":\"ReadAction\",\"target\":[\"https:\/\/thefinitive.com\/en\/prodotto\/corrispondenza-dannunzio-bideri-800-lotto\/\"]}]},{\"@type\":\"BreadcrumbList\",\"@id\":\"https:\/\/thefinitive.com\/en\/prodotto\/corrispondenza-dannunzio-bideri-800-lotto\/#breadcrumb\",\"itemListElement\":[{\"@type\":\"ListItem\",\"position\":1,\"name\":\"Home\",\"item\":\"https:\/\/thefinitive.com\/en\/\"},{\"@type\":\"ListItem\",\"position\":2,\"name\":\"Shop\",\"item\":\"https:\/\/thefinitive.com\/en\/shop-2\/\"},{\"@type\":\"ListItem\",\"position\":3,\"name\":\"Corrispondenza D&#8217;ANNUNZIO BIDERI &#8216;800 &#8211; lotto\"}]},{\"@type\":\"WebSite\",\"@id\":\"https:\/\/thefinitive.com\/en\/#website\",\"url\":\"https:\/\/thefinitive.com\/en\/\",\"name\":\"Thefinitive\",\"description\":\"Antiquariato Online\",\"publisher\":{\"@id\":\"https:\/\/thefinitive.com\/en\/#organization\"},\"potentialAction\":[{\"@type\":\"SearchAction\",\"target\":{\"@type\":\"EntryPoint\",\"urlTemplate\":\"https:\/\/thefinitive.com\/en\/?s={search_term_string}\"},\"query-input\":\"required name=search_term_string\"}],\"inLanguage\":\"en-US\"},{\"@type\":\"Organization\",\"@id\":\"https:\/\/thefinitive.com\/en\/#organization\",\"name\":\"Thefinitive\",\"url\":\"https:\/\/thefinitive.com\/en\/\",\"logo\":{\"@type\":\"ImageObject\",\"inLanguage\":\"en-US\",\"@id\":\"https:\/\/thefinitive.com\/en\/#\/schema\/logo\/image\/\",\"url\":\"https:\/\/thefinitive.com\/wp-content\/uploads\/2019\/07\/logo4vett.svg\",\"contentUrl\":\"https:\/\/thefinitive.com\/wp-content\/uploads\/2019\/07\/logo4vett.svg\",\"width\":500,\"height\":100,\"caption\":\"Thefinitive\"},\"image\":{\"@id\":\"https:\/\/thefinitive.com\/en\/#\/schema\/logo\/image\/\"},\"sameAs\":[\"https:\/\/business.facebook.com\/Thefinitive-111771813534320\/\",\"https:\/\/www.instagram.com\/_thefinitive_\/\"]}]}<\/script>\n<!-- \/ Yoast SEO plugin. -->","yoast_head_json":{"title":"Corrispondenza D'ANNUNZIO BIDERI '800 - lotto - Thefinitive","description":"Gabriele d'Annunzio corrispondenza fine '800 autografa con editore BIDERI original hand written autographed letters - Autografo originale - Fiume","robots":{"index":"index","follow":"follow","max-snippet":"max-snippet:-1","max-image-preview":"max-image-preview:large","max-video-preview":"max-video-preview:-1"},"canonical":"https:\/\/thefinitive.com\/en\/prodotto\/corrispondenza-dannunzio-bideri-800-lotto\/","og_locale":"en_US","og_type":"article","og_title":"Corrispondenza D'ANNUNZIO BIDERI '800 - lotto - Thefinitive","og_description":"Gabriele d'Annunzio corrispondenza fine '800 autografa con editore BIDERI original hand written autographed letters - Autografo originale - Fiume","og_url":"https:\/\/thefinitive.com\/en\/prodotto\/corrispondenza-dannunzio-bideri-800-lotto\/","og_site_name":"Thefinitive","article_publisher":"https:\/\/business.facebook.com\/Thefinitive-111771813534320\/","article_modified_time":"2024-04-02T12:13:06+00:00","og_image":[{"width":2560,"height":2560,"url":"https:\/\/thefinitive.com\/wp-content\/uploads\/2021\/01\/lotto-2-scaled.jpg","type":"image\/jpeg"}],"twitter_card":"summary_large_image","twitter_misc":{"Est. reading time":"6 minutes"},"schema":{"@context":"https:\/\/schema.org","@graph":[{"@type":"WebPage","@id":"https:\/\/thefinitive.com\/en\/prodotto\/corrispondenza-dannunzio-bideri-800-lotto\/","url":"https:\/\/thefinitive.com\/en\/prodotto\/corrispondenza-dannunzio-bideri-800-lotto\/","name":"Corrispondenza D'ANNUNZIO BIDERI '800 - lotto - Thefinitive","isPartOf":{"@id":"https:\/\/thefinitive.com\/en\/#website"},"datePublished":"2021-01-14T18:15:54+00:00","dateModified":"2024-04-02T12:13:06+00:00","description":"Gabriele d'Annunzio corrispondenza fine '800 autografa con editore BIDERI original hand written autographed letters - Autografo originale - Fiume","breadcrumb":{"@id":"https:\/\/thefinitive.com\/en\/prodotto\/corrispondenza-dannunzio-bideri-800-lotto\/#breadcrumb"},"inLanguage":"en-US","potentialAction":[{"@type":"ReadAction","target":["https:\/\/thefinitive.com\/en\/prodotto\/corrispondenza-dannunzio-bideri-800-lotto\/"]}]},{"@type":"BreadcrumbList","@id":"https:\/\/thefinitive.com\/en\/prodotto\/corrispondenza-dannunzio-bideri-800-lotto\/#breadcrumb","itemListElement":[{"@type":"ListItem","position":1,"name":"Home","item":"https:\/\/thefinitive.com\/en\/"},{"@type":"ListItem","position":2,"name":"Shop","item":"https:\/\/thefinitive.com\/en\/shop-2\/"},{"@type":"ListItem","position":3,"name":"Corrispondenza D&#8217;ANNUNZIO BIDERI &#8216;800 &#8211; lotto"}]},{"@type":"WebSite","@id":"https:\/\/thefinitive.com\/en\/#website","url":"https:\/\/thefinitive.com\/en\/","name":"Thefinitive","description":"Antiquariato Online","publisher":{"@id":"https:\/\/thefinitive.com\/en\/#organization"},"potentialAction":[{"@type":"SearchAction","target":{"@type":"EntryPoint","urlTemplate":"https:\/\/thefinitive.com\/en\/?s={search_term_string}"},"query-input":"required name=search_term_string"}],"inLanguage":"en-US"},{"@type":"Organization","@id":"https:\/\/thefinitive.com\/en\/#organization","name":"Thefinitive","url":"https:\/\/thefinitive.com\/en\/","logo":{"@type":"ImageObject","inLanguage":"en-US","@id":"https:\/\/thefinitive.com\/en\/#\/schema\/logo\/image\/","url":"https:\/\/thefinitive.com\/wp-content\/uploads\/2019\/07\/logo4vett.svg","contentUrl":"https:\/\/thefinitive.com\/wp-content\/uploads\/2019\/07\/logo4vett.svg","width":500,"height":100,"caption":"Thefinitive"},"image":{"@id":"https:\/\/thefinitive.com\/en\/#\/schema\/logo\/image\/"},"sameAs":["https:\/\/business.facebook.com\/Thefinitive-111771813534320\/","https:\/\/www.instagram.com\/_thefinitive_\/"]}]}},"_links":{"self":[{"href":"https:\/\/thefinitive.com\/en\/wp-json\/wp\/v3\/product\/8034"}],"collection":[{"href":"https:\/\/thefinitive.com\/en\/wp-json\/wp\/v3\/product"}],"about":[{"href":"https:\/\/thefinitive.com\/en\/wp-json\/wp\/v2\/types\/product"}],"replies":[{"embeddable":true,"href":"https:\/\/thefinitive.com\/en\/wp-json\/wp\/v2\/comments?post=8034"}],"version-history":[{"count":2,"href":"https:\/\/thefinitive.com\/en\/wp-json\/wp\/v3\/product\/8034\/revisions"}],"predecessor-version":[{"id":15058,"href":"https:\/\/thefinitive.com\/en\/wp-json\/wp\/v3\/product\/8034\/revisions\/15058"}],"wp:featuredmedia":[{"embeddable":true,"href":"https:\/\/thefinitive.com\/en\/wp-json\/wp\/v2\/media\/9696"}],"wp:attachment":[{"href":"https:\/\/thefinitive.com\/en\/wp-json\/wp\/v2\/media?parent=8034"}],"wp:term":[{"taxonomy":"product_cat","embeddable":true,"href":"https:\/\/thefinitive.com\/en\/wp-json\/wp\/v2\/product_cat?post=8034"},{"taxonomy":"product_tag","embeddable":true,"href":"https:\/\/thefinitive.com\/en\/wp-json\/wp\/v2\/product_tag?post=8034"}],"curies":[{"name":"wp","href":"https:\/\/api.w.org\/{rel}","templated":true}]}}