{"id":8018,"date":"2021-01-14T14:56:52","date_gmt":"2021-01-14T14:56:52","guid":{"rendered":"https:\/\/www.thefinitive.com\/?post_type=product&#038;p=8018"},"modified":"2023-03-20T17:24:11","modified_gmt":"2023-03-20T16:24:11","slug":"volantino-giuramento-x-mas-decima-flottiglia","status":"publish","type":"product","link":"https:\/\/thefinitive.com\/en\/prodotto\/volantino-giuramento-x-mas-decima-flottiglia\/","title":{"rendered":"\u274c\ud83d\ude41Volantino Giuramento X MAS &#8211; Decima Flottiglia"},"content":{"rendered":"<p>Volantino cartaceo con il testo del <strong>Giuramento<\/strong> della <strong>RSI<\/strong> per i militi che si arruolavano nella <strong>X MAS<\/strong>\u00a0 (<strong>X Flottiglia MAS<\/strong>\u00a0 o meglio\u00a0 <strong>X\u00aa MAS <\/strong>) . Il volantino propagandistico venne distribuito dal comando della &#8220;X Mas&#8221; dopo l&#8217;8 settembre 1943 per favorire l&#8217;arruolamento di volontari nella Decima.<\/p>\n<p>Il volantino con il giuramento della X MAS misura <strong>cm. 11 x 8<\/strong> e fa parte di una serie di 4 soggetti diversi<\/p>\n<ul>\n<li>&#8220;<strong>Il giuramento<\/strong>&#8221; della R.S.I.<\/li>\n<li>&#8220;<strong>Io vengo da tutti i cieli&#8230;<\/strong>&#8221;\u00a0 motto del &#8220;Battaglione Nuotatori Paracadutisti&#8221;,<\/li>\n<li>&#8220;<strong>Io vengo dalla Marmarica&#8230;<\/strong>&#8220;<\/li>\n<li>&#8220;<strong>Le stelle brillano soltanto in notte scura<\/strong>&#8220;<\/li>\n<\/ul>\n<p>Raro esemplare ancora in perfette condizioni, con stampa litografica originale, non \u00e8 una copia anastatica o una moderna riproduzione. Un oggetto quindi di difficile reperibilit\u00e0, i volantini furono distribuiti nelle zone del nord Italia, in quantit\u00e0 certamente &#8220;limitata&#8221;, e trovarne ancora oggi &#8220;sopravvissuti&#8221; non \u00e8 certamente cosa facile.<\/p>\n<p>Il testo del volantino recita cos\u00ec :<\/p>\n<p style=\"text-align: center;\"><em><strong>&#8220;Giuro di servire e difendere <\/strong><\/em><\/p>\n<p style=\"text-align: center;\"><em><strong>la Repubblica Sociale Italiana <\/strong><\/em><\/p>\n<p style=\"text-align: center;\"><em><strong>nelle sue istituzioni e nelle sue <\/strong><\/em><\/p>\n<p style=\"text-align: center;\"><em><strong>leggi, <\/strong><\/em><em><strong>nel suo onore e nel suo <\/strong><\/em><\/p>\n<p style=\"text-align: center;\"><em><strong>territorio, in pace e in guerra, <\/strong><\/em><\/p>\n<p style=\"text-align: center;\"><em><strong>fino al sacrificio supremo. <\/strong><\/em><\/p>\n<p style=\"text-align: center;\"><em><strong>Lo giuro dinanzi a Dio ed ai <\/strong><\/em><\/p>\n<p style=\"text-align: center;\"><em><strong>caduti per l&#8217;unit\u00e0, l&#8217;indipendenza <\/strong><\/em><\/p>\n<p style=\"text-align: center;\"><em><strong>e l&#8217;avvenite della patria. <\/strong><\/em><\/p>\n<p style=\"text-align: center;\"><em><strong>GIURO !!..&#8221;<\/strong><\/em><\/p>\n<p>&nbsp;<\/p>\n<p>In perfette condizioni di conservazione, con minimi segni del tempo, brunitura naturale della carta.<\/p>\n<p>Il prodotto viene ovviamente fornito con dichiarazione di autenticit\u00e0.<\/p>\n<p>&nbsp;<\/p>\n<p><strong>MATERIALE\u00a0 :\u00a0<\/strong> carta stampata<\/p>\n<p><strong>MISURE\u00a0 :<\/strong>\u00a0 cm. 11 x 8<\/p>\n<p><strong>MARCHIO\u00a0 :<\/strong> &#8211;<\/p>\n<p>&nbsp;<\/p>\n<h2 style=\"text-align: left;\">NOTIZIE<\/h2>\n<h3><\/h3>\n<p><img loading=\"lazy\" decoding=\"async\" class=\"alignnone wp-image-8184\" src=\"https:\/\/www.thefinitive.com\/wp-content\/uploads\/2021\/01\/manifesti1.jpg\" alt=\"\" width=\"386\" height=\"531\" srcset=\"https:\/\/thefinitive.com\/wp-content\/uploads\/2021\/01\/manifesti1.jpg 1696w, https:\/\/thefinitive.com\/wp-content\/uploads\/2021\/01\/manifesti1-1200x1651.jpg 1200w, https:\/\/thefinitive.com\/wp-content\/uploads\/2021\/01\/manifesti1-64x88.jpg 64w, https:\/\/thefinitive.com\/wp-content\/uploads\/2021\/01\/manifesti1-218x300.jpg 218w, https:\/\/thefinitive.com\/wp-content\/uploads\/2021\/01\/manifesti1-744x1024.jpg 744w, https:\/\/thefinitive.com\/wp-content\/uploads\/2021\/01\/manifesti1-768x1057.jpg 768w, https:\/\/thefinitive.com\/wp-content\/uploads\/2021\/01\/manifesti1-1116x1536.jpg 1116w, https:\/\/thefinitive.com\/wp-content\/uploads\/2021\/01\/manifesti1-1488x2048.jpg 1488w\" sizes=\"(max-width: 386px) 100vw, 386px\" \/><img loading=\"lazy\" decoding=\"async\" class=\"alignnone wp-image-8185\" src=\"https:\/\/www.thefinitive.com\/wp-content\/uploads\/2021\/01\/manifesti2.jpg\" alt=\"\" width=\"389\" height=\"535\" srcset=\"https:\/\/thefinitive.com\/wp-content\/uploads\/2021\/01\/manifesti2.jpg 1735w, https:\/\/thefinitive.com\/wp-content\/uploads\/2021\/01\/manifesti2-1200x1651.jpg 1200w, https:\/\/thefinitive.com\/wp-content\/uploads\/2021\/01\/manifesti2-64x88.jpg 64w, https:\/\/thefinitive.com\/wp-content\/uploads\/2021\/01\/manifesti2-218x300.jpg 218w, https:\/\/thefinitive.com\/wp-content\/uploads\/2021\/01\/manifesti2-744x1024.jpg 744w, https:\/\/thefinitive.com\/wp-content\/uploads\/2021\/01\/manifesti2-768x1057.jpg 768w, https:\/\/thefinitive.com\/wp-content\/uploads\/2021\/01\/manifesti2-1116x1536.jpg 1116w, https:\/\/thefinitive.com\/wp-content\/uploads\/2021\/01\/manifesti2-1489x2048.jpg 1489w\" sizes=\"(max-width: 389px) 100vw, 389px\" \/><\/p>\n<p>Alcuni dei manifesti stampati e distribuiti per propaganda &#8230;<\/p>\n<h3>Cliccando sui seguenti link\/foto degli e\u00a0<a href=\"https:\/\/www.thefinitive.com\/xa-mas-ovvero-la-decima-x-flottiglia-mas\/\"><strong>X\u00aa MAS<\/strong><\/a> si accede ad una sezione con notizie storiche inerenti la tematica dell&#8217;oggetto in vendita<\/h3>\n<p><em>\u00a0 \u00a0 \u00a0 \u00a0 <\/em><\/p>\n<p><a href=\"https:\/\/www.thefinitive.com\/xa-mas-ovvero-la-decima-x-flottiglia-mas\/\"><img loading=\"lazy\" decoding=\"async\" class=\"alignnone wp-image-7844\" src=\"https:\/\/www.thefinitive.com\/wp-content\/uploads\/2021\/01\/notiziestoriche1-1024x1024.jpg\" alt=\"\" width=\"310\" height=\"310\" srcset=\"https:\/\/thefinitive.com\/wp-content\/uploads\/2021\/01\/notiziestoriche1-1024x1024.jpg 1024w, https:\/\/thefinitive.com\/wp-content\/uploads\/2021\/01\/notiziestoriche1-600x600.jpg 600w, https:\/\/thefinitive.com\/wp-content\/uploads\/2021\/01\/notiziestoriche1-100x100.jpg 100w, https:\/\/thefinitive.com\/wp-content\/uploads\/2021\/01\/notiziestoriche1-64x64.jpg 64w, https:\/\/thefinitive.com\/wp-content\/uploads\/2021\/01\/notiziestoriche1-300x300.jpg 300w, https:\/\/thefinitive.com\/wp-content\/uploads\/2021\/01\/notiziestoriche1-150x150.jpg 150w, https:\/\/thefinitive.com\/wp-content\/uploads\/2021\/01\/notiziestoriche1-768x768.jpg 768w, https:\/\/thefinitive.com\/wp-content\/uploads\/2021\/01\/notiziestoriche1-45x45.jpg 45w, https:\/\/thefinitive.com\/wp-content\/uploads\/2021\/01\/notiziestoriche1.jpg 1080w\" sizes=\"(max-width: 310px) 100vw, 310px\" \/><\/a><\/p>\n<p>&nbsp;<\/p>\n<p><em>Data la vastit\u00e0 dell&#8217;argomento , si rimanda a consultazioni personali sul web<\/em><\/p>\n<p><em>\u00a0<\/em><\/p>\n<p>1.21<\/p>\n","protected":false},"excerpt":{"rendered":"<p style=\"text-align: center;\">Volantino cartaceo con il testo del <strong>Giuramento<\/strong> della <strong>RSI<\/strong> per i militi che si arruolavano nella\u00a0 <strong>X\u00aa MAS <\/strong>Volantino propagandistico distribuito dal comando della &#8220;X Mas&#8221; dopo l&#8217;8 settembre 1943<\/p>\n<p style=\"text-align: center;\">In ottime condizioni<\/p>\n<p style=\"text-align: center;\">Misure approssimative cm. 11 x 8<\/p>\n<p>&nbsp;<\/p>\n<p style=\"text-align: center;\"><strong><em>(Scorri la pagina in basso per ulteriori dettagli e informazioni)<\/em><\/strong><\/p>\n<p>&nbsp;<\/p>\n<p>&nbsp;<\/p>\n","protected":false},"featured_media":8019,"comment_status":"open","ping_status":"closed","template":"","meta":[],"product_cat":[586],"product_tag":[223,723,182,622,155,203,160,198,157,156,260,416,621],"yoast_head":"<!-- This site is optimized with the Yoast SEO plugin v21.9.1 - https:\/\/yoast.com\/wordpress\/plugins\/seo\/ -->\n<title>\u274c\ud83d\ude41Volantino Giuramento X MAS - Decima Flottiglia - Thefinitive<\/title>\n<meta name=\"description\" content=\"Volantino del Giuramento mar\u00f2 della X MAS - Decima Flottiglia MAS - RSI Repubblica Sociale Borghese D&#039;Annunzio - arruolamento - GNR San Marco\" \/>\n<meta name=\"robots\" content=\"index, follow, max-snippet:-1, max-image-preview:large, max-video-preview:-1\" \/>\n<link rel=\"canonical\" href=\"https:\/\/thefinitive.com\/en\/prodotto\/volantino-giuramento-x-mas-decima-flottiglia\/\" \/>\n<meta property=\"og:locale\" content=\"en_US\" \/>\n<meta property=\"og:type\" content=\"article\" \/>\n<meta property=\"og:title\" content=\"\u274c\ud83d\ude41Volantino Giuramento X MAS - Decima Flottiglia - Thefinitive\" \/>\n<meta property=\"og:description\" content=\"Volantino del Giuramento mar\u00f2 della X MAS - Decima Flottiglia MAS - RSI Repubblica Sociale Borghese D&#039;Annunzio - arruolamento - GNR San Marco\" \/>\n<meta property=\"og:url\" content=\"https:\/\/thefinitive.com\/en\/prodotto\/volantino-giuramento-x-mas-decima-flottiglia\/\" \/>\n<meta property=\"og:site_name\" content=\"Thefinitive\" \/>\n<meta property=\"article:publisher\" content=\"https:\/\/business.facebook.com\/Thefinitive-111771813534320\/\" \/>\n<meta property=\"article:modified_time\" content=\"2023-03-20T16:24:11+00:00\" \/>\n<meta property=\"og:image\" content=\"https:\/\/thefinitive.com\/wp-content\/uploads\/2021\/01\/deca1-1.jpg\" \/>\n\t<meta property=\"og:image:width\" content=\"2160\" \/>\n\t<meta property=\"og:image:height\" content=\"2160\" \/>\n\t<meta property=\"og:image:type\" content=\"image\/jpeg\" \/>\n<meta name=\"twitter:card\" content=\"summary_large_image\" \/>\n<meta name=\"twitter:label1\" content=\"Est. reading time\" \/>\n\t<meta name=\"twitter:data1\" content=\"3 minutes\" \/>\n<script type=\"application\/ld+json\" class=\"yoast-schema-graph\">{\"@context\":\"https:\/\/schema.org\",\"@graph\":[{\"@type\":\"WebPage\",\"@id\":\"https:\/\/thefinitive.com\/en\/prodotto\/volantino-giuramento-x-mas-decima-flottiglia\/\",\"url\":\"https:\/\/thefinitive.com\/en\/prodotto\/volantino-giuramento-x-mas-decima-flottiglia\/\",\"name\":\"\u274c\ud83d\ude41Volantino Giuramento X MAS - Decima Flottiglia - Thefinitive\",\"isPartOf\":{\"@id\":\"https:\/\/thefinitive.com\/en\/#website\"},\"datePublished\":\"2021-01-14T14:56:52+00:00\",\"dateModified\":\"2023-03-20T16:24:11+00:00\",\"description\":\"Volantino del Giuramento mar\u00f2 della X MAS - Decima Flottiglia MAS - RSI Repubblica Sociale Borghese D'Annunzio - arruolamento - GNR San Marco\",\"breadcrumb\":{\"@id\":\"https:\/\/thefinitive.com\/en\/prodotto\/volantino-giuramento-x-mas-decima-flottiglia\/#breadcrumb\"},\"inLanguage\":\"en-US\",\"potentialAction\":[{\"@type\":\"ReadAction\",\"target\":[\"https:\/\/thefinitive.com\/en\/prodotto\/volantino-giuramento-x-mas-decima-flottiglia\/\"]}]},{\"@type\":\"BreadcrumbList\",\"@id\":\"https:\/\/thefinitive.com\/en\/prodotto\/volantino-giuramento-x-mas-decima-flottiglia\/#breadcrumb\",\"itemListElement\":[{\"@type\":\"ListItem\",\"position\":1,\"name\":\"Home\",\"item\":\"https:\/\/thefinitive.com\/en\/\"},{\"@type\":\"ListItem\",\"position\":2,\"name\":\"Shop\",\"item\":\"https:\/\/thefinitive.com\/en\/shop-2\/\"},{\"@type\":\"ListItem\",\"position\":3,\"name\":\"\u274c\ud83d\ude41Volantino Giuramento X MAS &#8211; Decima Flottiglia\"}]},{\"@type\":\"WebSite\",\"@id\":\"https:\/\/thefinitive.com\/en\/#website\",\"url\":\"https:\/\/thefinitive.com\/en\/\",\"name\":\"Thefinitive\",\"description\":\"Antiquariato Online\",\"publisher\":{\"@id\":\"https:\/\/thefinitive.com\/en\/#organization\"},\"potentialAction\":[{\"@type\":\"SearchAction\",\"target\":{\"@type\":\"EntryPoint\",\"urlTemplate\":\"https:\/\/thefinitive.com\/en\/?s={search_term_string}\"},\"query-input\":\"required name=search_term_string\"}],\"inLanguage\":\"en-US\"},{\"@type\":\"Organization\",\"@id\":\"https:\/\/thefinitive.com\/en\/#organization\",\"name\":\"Thefinitive\",\"url\":\"https:\/\/thefinitive.com\/en\/\",\"logo\":{\"@type\":\"ImageObject\",\"inLanguage\":\"en-US\",\"@id\":\"https:\/\/thefinitive.com\/en\/#\/schema\/logo\/image\/\",\"url\":\"https:\/\/thefinitive.com\/wp-content\/uploads\/2019\/07\/logo4vett.svg\",\"contentUrl\":\"https:\/\/thefinitive.com\/wp-content\/uploads\/2019\/07\/logo4vett.svg\",\"width\":500,\"height\":100,\"caption\":\"Thefinitive\"},\"image\":{\"@id\":\"https:\/\/thefinitive.com\/en\/#\/schema\/logo\/image\/\"},\"sameAs\":[\"https:\/\/business.facebook.com\/Thefinitive-111771813534320\/\",\"https:\/\/www.instagram.com\/_thefinitive_\/\"]}]}<\/script>\n<!-- \/ Yoast SEO plugin. -->","yoast_head_json":{"title":"\u274c\ud83d\ude41Volantino Giuramento X MAS - Decima Flottiglia - Thefinitive","description":"Volantino del Giuramento mar\u00f2 della X MAS - Decima Flottiglia MAS - RSI Repubblica Sociale Borghese D'Annunzio - arruolamento - GNR San Marco","robots":{"index":"index","follow":"follow","max-snippet":"max-snippet:-1","max-image-preview":"max-image-preview:large","max-video-preview":"max-video-preview:-1"},"canonical":"https:\/\/thefinitive.com\/en\/prodotto\/volantino-giuramento-x-mas-decima-flottiglia\/","og_locale":"en_US","og_type":"article","og_title":"\u274c\ud83d\ude41Volantino Giuramento X MAS - Decima Flottiglia - Thefinitive","og_description":"Volantino del Giuramento mar\u00f2 della X MAS - Decima Flottiglia MAS - RSI Repubblica Sociale Borghese D'Annunzio - arruolamento - GNR San Marco","og_url":"https:\/\/thefinitive.com\/en\/prodotto\/volantino-giuramento-x-mas-decima-flottiglia\/","og_site_name":"Thefinitive","article_publisher":"https:\/\/business.facebook.com\/Thefinitive-111771813534320\/","article_modified_time":"2023-03-20T16:24:11+00:00","og_image":[{"width":2160,"height":2160,"url":"https:\/\/thefinitive.com\/wp-content\/uploads\/2021\/01\/deca1-1.jpg","type":"image\/jpeg"}],"twitter_card":"summary_large_image","twitter_misc":{"Est. reading time":"3 minutes"},"schema":{"@context":"https:\/\/schema.org","@graph":[{"@type":"WebPage","@id":"https:\/\/thefinitive.com\/en\/prodotto\/volantino-giuramento-x-mas-decima-flottiglia\/","url":"https:\/\/thefinitive.com\/en\/prodotto\/volantino-giuramento-x-mas-decima-flottiglia\/","name":"\u274c\ud83d\ude41Volantino Giuramento X MAS - Decima Flottiglia - Thefinitive","isPartOf":{"@id":"https:\/\/thefinitive.com\/en\/#website"},"datePublished":"2021-01-14T14:56:52+00:00","dateModified":"2023-03-20T16:24:11+00:00","description":"Volantino del Giuramento mar\u00f2 della X MAS - Decima Flottiglia MAS - RSI Repubblica Sociale Borghese D'Annunzio - arruolamento - GNR San Marco","breadcrumb":{"@id":"https:\/\/thefinitive.com\/en\/prodotto\/volantino-giuramento-x-mas-decima-flottiglia\/#breadcrumb"},"inLanguage":"en-US","potentialAction":[{"@type":"ReadAction","target":["https:\/\/thefinitive.com\/en\/prodotto\/volantino-giuramento-x-mas-decima-flottiglia\/"]}]},{"@type":"BreadcrumbList","@id":"https:\/\/thefinitive.com\/en\/prodotto\/volantino-giuramento-x-mas-decima-flottiglia\/#breadcrumb","itemListElement":[{"@type":"ListItem","position":1,"name":"Home","item":"https:\/\/thefinitive.com\/en\/"},{"@type":"ListItem","position":2,"name":"Shop","item":"https:\/\/thefinitive.com\/en\/shop-2\/"},{"@type":"ListItem","position":3,"name":"\u274c\ud83d\ude41Volantino Giuramento X MAS &#8211; Decima Flottiglia"}]},{"@type":"WebSite","@id":"https:\/\/thefinitive.com\/en\/#website","url":"https:\/\/thefinitive.com\/en\/","name":"Thefinitive","description":"Antiquariato Online","publisher":{"@id":"https:\/\/thefinitive.com\/en\/#organization"},"potentialAction":[{"@type":"SearchAction","target":{"@type":"EntryPoint","urlTemplate":"https:\/\/thefinitive.com\/en\/?s={search_term_string}"},"query-input":"required name=search_term_string"}],"inLanguage":"en-US"},{"@type":"Organization","@id":"https:\/\/thefinitive.com\/en\/#organization","name":"Thefinitive","url":"https:\/\/thefinitive.com\/en\/","logo":{"@type":"ImageObject","inLanguage":"en-US","@id":"https:\/\/thefinitive.com\/en\/#\/schema\/logo\/image\/","url":"https:\/\/thefinitive.com\/wp-content\/uploads\/2019\/07\/logo4vett.svg","contentUrl":"https:\/\/thefinitive.com\/wp-content\/uploads\/2019\/07\/logo4vett.svg","width":500,"height":100,"caption":"Thefinitive"},"image":{"@id":"https:\/\/thefinitive.com\/en\/#\/schema\/logo\/image\/"},"sameAs":["https:\/\/business.facebook.com\/Thefinitive-111771813534320\/","https:\/\/www.instagram.com\/_thefinitive_\/"]}]}},"_links":{"self":[{"href":"https:\/\/thefinitive.com\/en\/wp-json\/wp\/v3\/product\/8018"}],"collection":[{"href":"https:\/\/thefinitive.com\/en\/wp-json\/wp\/v3\/product"}],"about":[{"href":"https:\/\/thefinitive.com\/en\/wp-json\/wp\/v2\/types\/product"}],"replies":[{"embeddable":true,"href":"https:\/\/thefinitive.com\/en\/wp-json\/wp\/v2\/comments?post=8018"}],"version-history":[{"count":2,"href":"https:\/\/thefinitive.com\/en\/wp-json\/wp\/v3\/product\/8018\/revisions"}],"predecessor-version":[{"id":14619,"href":"https:\/\/thefinitive.com\/en\/wp-json\/wp\/v3\/product\/8018\/revisions\/14619"}],"wp:featuredmedia":[{"embeddable":true,"href":"https:\/\/thefinitive.com\/en\/wp-json\/wp\/v2\/media\/8019"}],"wp:attachment":[{"href":"https:\/\/thefinitive.com\/en\/wp-json\/wp\/v2\/media?parent=8018"}],"wp:term":[{"taxonomy":"product_cat","embeddable":true,"href":"https:\/\/thefinitive.com\/en\/wp-json\/wp\/v2\/product_cat?post=8018"},{"taxonomy":"product_tag","embeddable":true,"href":"https:\/\/thefinitive.com\/en\/wp-json\/wp\/v2\/product_tag?post=8018"}],"curies":[{"name":"wp","href":"https:\/\/api.w.org\/{rel}","templated":true}]}}