{"id":7526,"date":"2020-12-21T22:54:27","date_gmt":"2020-12-21T21:54:27","guid":{"rendered":"https:\/\/www.thefinitive.com\/?post_type=product&#038;p=7526"},"modified":"2023-07-08T17:24:34","modified_gmt":"2023-07-08T15:24:34","slug":"fc-juventus-calcio-tessera-1927-1928","status":"publish","type":"product","link":"https:\/\/thefinitive.com\/en\/prodotto\/fc-juventus-calcio-tessera-1927-1928\/","title":{"rendered":"FC JUVENTUS Calcio Tessera 1927 1928"},"content":{"rendered":"<p>Tessera della <strong>FC JUVENTUS<\/strong> sezione <strong>Calcio<\/strong> , di Torino , con bollino valido per l&#8217;annata <strong>1927 &#8211; 1928<\/strong><\/p>\n<p>Con copertina in similpelle, firmata in basso a caratteri impressi in similoro <strong>F.PATARCHI TORINO<\/strong>. Interno in due sezioni, cartonata, completa di fotografia del titolare della tessera (futuro comandante di battaglione di bersaglieri della <strong>Divisione Volontari del Littorio<\/strong>, agli ordini del Generale &#8220;<em>Barbaelettrica<\/em>&#8221; Bergonzoni), e di bollino per l&#8217;anno 1927 1928<\/p>\n<p>Misure approssimative della tessera di calcio FC JUVENTUS\u00a0 per ogni pagina circa mm. 95 x 60, aperta mm.190 x 60<\/p>\n<p>&nbsp;<\/p>\n<p>&nbsp;<\/p>\n<h2 style=\"text-align: left;\">NOTIZIE<\/h2>\n<p>La\u00a0<b>Juventus Football Club<\/b>\u00a0(dal\u00a0latino:\u00a0<i>iuvent\u016bs<\/i>, \u00abgiovent\u00f9\u00bb), meglio nota come\u00a0<b>Juventus<\/b>\u00a0(<span class=\"IPA\" title=\"Questa \u00e8 una trascrizione IPA della pronuncia. Vedere l'alfabeto fonetico internazionale.\">\/ju\u02c8v\u025bntus\/<\/span>) \u00e8 una societ\u00e0 calcistica italiana con sede nella citt\u00e0 di Torino (come di nota dalla tessera FC JUVENTUS Calcio)<\/p>\n<p>Fondata nel 1897 da un gruppo di studenti liceali locali, la\u00a0<i>Juve<\/i>, com&#8217;\u00e8 colloquialmente abbreviata, \u00e8 il secondo club calcistico professionistico per\u00a0anzianit\u00e0\u00a0tra quelli tuttora attivi nel Paese, dopo il\u00a0Genoa\u00a0(1893); \u00e8 il pi\u00f9 titolato e con maggior\u00a0tradizione sportiva FIGC\u00a0oltrech\u00e9 uno dei pi\u00f9 blasonati al mondo con 68 trofei ufficiali vinti durante la militanza al vertice della\u00a0piramide sportiva nazionale, tra cui il primato di 36 titoli di\u00a0campione d&#8217;Italia\u00a0e 11 in\u00a0competizioni UEFA. Partecipa alla\u00a0Serie A, il massimo\u00a0campionato italiano, a cui ha preso parte stabilmente sin dall&#8217;esordio nel\u00a01900, eccezione fatta per la stagione\u00a02006-2007. Dopo aver esordito in\u00a0divisa\u00a0rosanero, ai primi del Novecento adott\u00f2 l&#8217;odierna tenuta di gioco bianconera.<\/p>\n<p>Il legame con la\u00a0famiglia Agnelli, che dura in modo quasi ininterrotto dal 1923, \u00e8 il primo e pi\u00f9 duraturo sodalizio imprenditoriale-sportivo in Italia; attraverso un peculiare\u00a0modello gestionale\u00a0instaurato nel frattempo, quella bianconera divenne una delle prime societ\u00e0 sportive italiane a raggiungere uno status professionistico\u00a0<i>ante litteram<\/i>, affermandosi a livello nazionale dal decennio successivo e in ambito internazionale dalla met\u00e0 degli anni 1970. Nel decennio seguente divent\u00f2 il primo club ad aver vinto tutte e tre le maggiori competizioni europee: la\u00a0Coppa UEFA\u00a0(1976-1977, prima squadra sudeuropea nel farlo),\u00a0Coppa delle Coppe\u00a0(1983-1984) e\u00a0Coppa dei Campioni\u00a0(1984-1985); coi trionfi nella\u00a0Supercoppa UEFA 1984\u00a0e nella\u00a0Coppa Intercontinentale 1985\u00a0divenne inoltre il primo e tuttora unico al mondo ad avere conquistato tutti i trofei ufficiali maschili della propria confederazione di appartenenza, un record ulteriormente migliorato con il successo in\u00a0Coppa Intertoto 1999.<\/p>\n<p>Quotata alla\u00a0Borsa Italiana\u00a0dal 2001, la Juventus \u00e8 una\u00a0societ\u00e0 per azioni\u00a0posizionata pressoch\u00e9 stabilmente, dalla seconda met\u00e0 degli anni 1990, tra i primi dieci club calcistici su scala mondiale in ambito finanziario per\u00a0fatturato,\u00a0valore borsistico\u00a0e\u00a0profitti. Numerosi calciatori sono stati\u00a0premiati\u00a0durante la militanza nel club con riconoscimenti quali il\u00a0Pallone d&#8217;oro\u00a0(8), il\u00a0FIFA World Player\u00a0(3) e il\u00a0migliore calciatore assoluto AIC\u00a0(11) \u2014 tutti i tre, record a livello italiano \u2014; il suo\u00a0contributo alla nazionale italiana, ininterrotto dai primi anni 1920 oltrech\u00e9 il maggiore tra le squadre italiche, \u00e8 stato decisivo per i successi della\u00a0rappresentativa nazionale. \u00c8 inoltre forte del pi\u00f9 numeroso\u00a0sostegno\u00a0a carattere nazionale oltrech\u00e9 molto esteso su scala globale, principalmente nei Paesi a forte\u00a0emigrazione italiana, che ne fanno contemporaneamente un simbolo\u00a0anticampanilistico\u00a0e di\u00a0italianit\u00e0. Nel 2000 la Juventus fu inserita dalla\u00a0FIFA\u00a0al settimo posto (prima italiana) nella\u00a0classifica secolare\u00a0sui migliori club al mondo, mentre nel 2009 fu nominata dall&#8217;IFFHS\u00a0migliore squadra nel Paese e seconda a\u00a0livello europeo, dopo il\u00a0Real Madrid, del XX secolo.<\/p>\n<p>Nell&#8217;autunno del 1897 vide la luce a Torino lo Sport-Club Juventus per iniziativa di un gruppo di studenti del\u00a0liceo classico Massimo d&#8217;Azeglio; tra essi i fratelli\u00a0Eugenio\u00a0ed\u00a0Enrico Canfari. Tre anni pi\u00f9 tardi, con il nome di Foot-Ball Club Juventus, la societ\u00e0 si iscrisse al suo\u00a0primo campionato italiano. Il\u00a0primo titolo nazionale\u00a0arriv\u00f2 gi\u00e0 nel 1905, tuttavia appena l&#8217;anno dopo il presidente della societ\u00e0, lo svizzero\u00a0Alfred Dick, a seguito di accese discussioni di spogliatoio lasci\u00f2 la Juventus e, assieme a un gruppo di soci dissidenti, si un\u00ec alla\u00a0Torinese\u00a0per dare vita al\u00a0Torino:\u00a0l&#8217;episodio, oltre a segnare l&#8217;origine del\u00a0derby della Mole, fu l&#8217;inizio di una serie di problemi finanziari e sportivi che culminarono nel\u00a01913, quando la squadra bianconera evit\u00f2 la retrocessione in\u00a0Promozione grazie a un ripescaggio.<\/p>\n<p>Dopo la\u00a0prima guerra mondiale\u00a0la Juventus, risollevatasi con la presidenza di\u00a0Giuseppe Hess\u00a0e\u00a0Corrado Corradini, miglior\u00f2 il suo piazzamento in campionato e forn\u00ec i primi giocatori alla\u00a0nazionale italiana.\u00a0Edoardo Agnelli assunse la presidenza della societ\u00e0 il 24 luglio 1923.\u00a0Con l&#8217;ulteriore arrivo del primo\u00a0allenatore\u00a0professionista, l&#8217;ungherese\u00a0Jen\u0151 K\u00e1roly, giunse la vittoria del secondo tricolore nella stagione\u00a01925-1926.<\/p>\n<div class=\"thumb tright\">\n<div class=\"thumbinner\">\n<p><img loading=\"lazy\" decoding=\"async\" class=\"thumbimage\" src=\"https:\/\/upload.wikimedia.org\/wikipedia\/commons\/thumb\/7\/70\/1957%E2%80%9358_Juventus_FC_-_S%C3%ADvori%2C_Charles_and_Boniperti.jpg\/220px-1957%E2%80%9358_Juventus_FC_-_S%C3%ADvori%2C_Charles_and_Boniperti.jpg\" srcset=\"\/\/upload.wikimedia.org\/wikipedia\/commons\/thumb\/7\/70\/1957%E2%80%9358_Juventus_FC_-_S%C3%ADvori%2C_Charles_and_Boniperti.jpg\/330px-1957%E2%80%9358_Juventus_FC_-_S%C3%ADvori%2C_Charles_and_Boniperti.jpg 1.5x, \/\/upload.wikimedia.org\/wikipedia\/commons\/thumb\/7\/70\/1957%E2%80%9358_Juventus_FC_-_S%C3%ADvori%2C_Charles_and_Boniperti.jpg\/440px-1957%E2%80%9358_Juventus_FC_-_S%C3%ADvori%2C_Charles_and_Boniperti.jpg 2x\" alt=\"\" width=\"220\" height=\"152\" data-file-width=\"1627\" data-file-height=\"1122\" \/><\/p>\n<div class=\"thumbcaption\">\n<div class=\"magnify\"><\/div>\n<p>Omar S\u00edvori,\u00a0John Charles\u00a0e\u00a0Giampiero Boniperti, il\u00a0Trio Magico\u00a0dei torinesi tra gli anni 1950 e 1960: per la leggenda juventina Boniperti, prima 15 anni da calciatore bianconero e poi 19 da presidente del club<\/p>\n<\/div>\n<\/div>\n<\/div>\n<p>&nbsp;<\/p>\n<p>Il primo ciclo vincente della societ\u00e0, grazie all&#8217;apporto di elementi come\u00a0Giovanni Ferrari,\u00a0Raimundo Orsi,\u00a0Luis Monti\u00a0e il\u00a0trio difesivo Combi-Rosetta-Caligaris,\u00a0giunse tra il\u00a01930-1931\u00a0e il\u00a01934-1935, quando arrivarono cinque scudetti consecutivi, uniti al raggiungimento delle semifinali di\u00a0Coppa dell&#8217;Europa Centrale\u00a0per quattro anni di fila; allenatore della squadra in quattro delle cinque vittoriose stagioni fu\u00a0Carlo Carcano, uno dei precursori del \u00abmetodo\u00bb.\u00a0Molti giocatori di quella Juventus formarono il nucleo della nazionale italiana vittoriosa nella\u00a0Coppa Internazionale\u00a0e nel\u00a0campionato del mondo 1934.\u00a0La prematura morte di Edoardo Agnelli, avvenuta nel 1935, coincise con la fine del cosiddetto \u00abQuinquennio d&#8217;oro\u00bb. Sul finire del\u00a0periodo interbellico\u00a0arriv\u00f2 comunque la prima\u00a0Coppa Italia\u00a0dei bianconeri (1938).<\/p>\n<p>Nel\u00a0secondo dopoguerra\u00a0sotto la presidenza di\u00a0Gianni Agnelli\u00a0e in seguito di suo fratello\u00a0Umberto\u00a0la Juventus torn\u00f2 alla ribalta dopo tre lustri conoscendo un secondo ciclo di vittorie, grazie anche all&#8217;arrivo di\u00a0Omar S\u00edvori\u00a0e\u00a0John Charles, che insieme a\u00a0Giampiero Boniperti\u00a0formarono il \u00abTrio Magico\u00bb:\u00a0tre scudetti tra il 1958 e il 1961, il primo dei quali fu il decimo e le valse il diritto a poter esporre sulle maglie la\u00a0stella.\u00a0S\u00edvori divenne inoltre nel 1961 il primo calciatore proveniente dalla\u00a0Serie A\u00a0a vincere il\u00a0Pallone d&#8217;oro.<\/p>\n<div class=\"thumb tleft\">\n<div class=\"thumbinner\">\n<p><img loading=\"lazy\" decoding=\"async\" class=\"thumbimage\" src=\"https:\/\/upload.wikimedia.org\/wikipedia\/it\/thumb\/0\/02\/Juventus_FC_-_Serie_A_1983-84.jpg\/220px-Juventus_FC_-_Serie_A_1983-84.jpg\" srcset=\"\/\/upload.wikimedia.org\/wikipedia\/it\/thumb\/0\/02\/Juventus_FC_-_Serie_A_1983-84.jpg\/330px-Juventus_FC_-_Serie_A_1983-84.jpg 1.5x, \/\/upload.wikimedia.org\/wikipedia\/it\/thumb\/0\/02\/Juventus_FC_-_Serie_A_1983-84.jpg\/440px-Juventus_FC_-_Serie_A_1983-84.jpg 2x\" alt=\"\" width=\"220\" height=\"145\" data-file-width=\"1400\" data-file-height=\"920\" \/><\/p>\n<div class=\"thumbcaption\">\n<div class=\"magnify\"><\/div>\n<p>La Juventus di\u00a0Giovanni Trapattoni\u00a0della stagione\u00a01983-1984, che centr\u00f2 il\u00a0<i>double<\/i>\u00a0composto da\u00a0scudetto\u00a0e\u00a0Coppa delle Coppe<\/p>\n<\/div>\n<\/div>\n<\/div>\n<p>&nbsp;<\/p>\n<p>Nel 1971 Boniperti divent\u00f2 presidente del club e il suo primo scudetto in tale nuova veste giunse subito alla sua prima stagione, nel\u00a01971-1972, bissato da quello successivo del\u00a01972-1973: furono i primi di un terzo vittorioso ciclo che nei successivi quindici anni, sotto la guida tecnica dapprima di\u00a0\u010cestm\u00edr Vycp\u00e1lek, poi di\u00a0Carlo Parola\u00a0e infine di\u00a0Giovanni Trapattoni, portarono a Torino nove scudetti, due Coppe Italia e vittorie internazionali che fecero della Juventus la prima a vincere tutte le competizioni dell&#8217;UEFA\u00a0e, a seguire, la prima al mondo a conquistare tutte le competizioni ufficiali per club.<\/p>\n<p>In particolare nel 1977 arriv\u00f2 la prima vittoria internazionale in\u00a0Coppa UEFA, al termine di un&#8217;accesa finale contro gli spagnoli dell&#8217;Athletic Bilbao.\u00a0Il titolo nella\u00a0Coppa dei Campioni 1984-1985, conseguito a Bruxelles il 29 maggio 1985 sul\u00a0Liverpool\u00a0circa un anno dopo la vittoria da imbattuta in\u00a0Coppa delle Coppe, fu invece oscurato da\u00a0gravi incidenti pre-gara\u00a0generati dagli\u00a0<i>hooligan<\/i>\u00a0britannici che portarono alla morte di 39 spettatori. Lo scudetto vinto nel\u00a01986\u00a0chiuse il decennio di Trapattoni: durante la sua gestione complessivamente 9 elementi della Juventus giocarono nella nazionale italiana al campionato del mondo di\u00a0Argentina 1978\u00a0e 6 in quella che si laure\u00f2 campione nella successiva edizione di\u00a0Spagna 1982.<\/p>\n<div class=\"thumb tright\">\n<div class=\"thumbinner\">\n<p><img loading=\"lazy\" decoding=\"async\" class=\"thumbimage\" src=\"https:\/\/upload.wikimedia.org\/wikipedia\/it\/thumb\/a\/a3\/Juventus_FC_-_1996_-_Champions_League_e_Intercontinentale.jpg\/220px-Juventus_FC_-_1996_-_Champions_League_e_Intercontinentale.jpg\" srcset=\"\/\/upload.wikimedia.org\/wikipedia\/it\/thumb\/a\/a3\/Juventus_FC_-_1996_-_Champions_League_e_Intercontinentale.jpg\/330px-Juventus_FC_-_1996_-_Champions_League_e_Intercontinentale.jpg 1.5x, \/\/upload.wikimedia.org\/wikipedia\/it\/thumb\/a\/a3\/Juventus_FC_-_1996_-_Champions_League_e_Intercontinentale.jpg\/440px-Juventus_FC_-_1996_-_Champions_League_e_Intercontinentale.jpg 2x\" alt=\"\" width=\"220\" height=\"165\" data-file-width=\"1995\" data-file-height=\"1495\" \/><\/p>\n<div class=\"thumbcaption\">\n<div class=\"magnify\"><\/div>\n<p>La Juventus di\u00a0Marcello Lippi\u00a0celebra i trionfi del 1996 in\u00a0Champions League\u00a0e\u00a0Coppa Intercontinentale<\/p>\n<\/div>\n<\/div>\n<\/div>\n<p>&nbsp;<\/p>\n<p>Tramontata la generazione di calciatori che avevano costituito l&#8217;asse portante della squadra, la Juventus affront\u00f2 un periodo di nove anni privo di risultati in campo nazionale, anche se giunsero a Torino una\u00a0Coppa Italia\u00a0(1990) e due\u00a0Coppe UEFA\u00a0(1990\u00a0e\u00a01993).\u00a0Nel 1994 l&#8217;arrivo in panchina di\u00a0Marcello Lippi\u00a0fu il preludio al quarto ciclo vincente dei bianconeri: in dieci stagioni \u2014 con l&#8217;intervallo di un biennio d&#8217;interregno di\u00a0Carlo Ancelotti, il quale vinse la\u00a0Coppa Intertoto\u00a0\u2014 la squadra fece suoi cinque scudetti e una\u00a0Coppa Italia, raggiunse quattro finali di\u00a0Champions League\u00a0vincendo quella del\u00a01996\u00a0a Roma e conquist\u00f2 una Coppa Intercontinentale, una\u00a0Supercoppa UEFA\u00a0e quattro\u00a0Supercoppe di Lega.<\/p>\n<p>I successi ottenuti in campionato sotto la gestione tecnica di\u00a0Fabio Capello\u00a0a met\u00e0 degli anni 2000 vennero annullati dall&#8217;esito del caso\u00a0Calciopoli: nell&#8217;estate 2006 la giustizia sportiva revoc\u00f2 ai bianconeri il titolo conseguito nel 2005 e li declass\u00f2 dal primo all&#8217;ultimo posto in classifica nel 2006, relegandoli d&#8217;ufficio per la prima volta nella loro storia in\u00a0Serie B.La Juventus fu promossa in massima categoria un anno pi\u00f9 tardi vincendo il\u00a0campionato cadetto.<\/p>\n<p>Nel 2010\u00a0Andrea Agnelli, quarto esponente della dinastia torinese, assume la presidenza del club. Sotto il suo mandato, con le guide tecniche di\u00a0Antonio Conte, poi\u00a0Massimiliano Allegri\u00a0e infine\u00a0Maurizio Sarri, i bianconeri danno vita a un quinto ciclo di successi superando la squadra del Quinquennio d&#8217;oro e inanellando nove scudetti consecutivi dal 2012 al 2020, un\u00a0<i>unicum<\/i> nel calcio italiano;\u00a0nello stesso decennio arrivano inoltre a Torino quattro\u00a0<i>double<\/i> consecutivi grazie alle vittorie in Coppa Italia, altro primato nazionale,\u00a0e quattro Supercoppe di Lega.<\/p>\n<p>&nbsp;<\/p>\n<p>12.20<\/p>\n","protected":false},"excerpt":{"rendered":"<p style=\"text-align: center;\">Tessera della <strong>FC JUVENTUS<\/strong> sezione <strong>Calcio<\/strong> di Torino<\/p>\n<p style=\"text-align: center;\">Completa dei dati anagrafici e della foto del titolare, bollino valido per l&#8217;annata <strong>1927 &#8211; 1928<\/strong><\/p>\n<p style=\"text-align: center;\">Con copertina in similpelle\u00a0 <strong>F.PATARCHI TORINO<\/strong><\/p>\n<p style=\"text-align: center;\">Misure approssimative mm. 95 x 60 chiusa, mm.190 x 60 aperta<\/p>\n<p>&nbsp;<\/p>\n<p style=\"text-align: center;\"><strong><em>(Scorri la pagina in basso per ulteriori dettagli e informazioni)<\/em><\/strong><\/p>\n<p>&nbsp;<\/p>\n<p>&nbsp;<\/p>\n","protected":false},"featured_media":7527,"comment_status":"open","ping_status":"closed","template":"","meta":[],"product_cat":[586],"product_tag":[163,592,591,155,589,198,156,303,590,588],"yoast_head":"<!-- This site is optimized with the Yoast SEO plugin v21.9.1 - https:\/\/yoast.com\/wordpress\/plugins\/seo\/ -->\n<title>FC JUVENTUS Calcio Tessera 1927 1928 - Thefinitive<\/title>\n<meta name=\"description\" content=\"FC JUVENTUS Calcio Tessera anni 1927 1928 &#039;30 Boniperti Agnelli Platini Zidane Champions League Coppa Campioni FIAT Real Madrid Barcellona\" \/>\n<meta name=\"robots\" content=\"index, follow, max-snippet:-1, max-image-preview:large, max-video-preview:-1\" \/>\n<link rel=\"canonical\" href=\"https:\/\/thefinitive.com\/en\/prodotto\/fc-juventus-calcio-tessera-1927-1928\/\" \/>\n<meta property=\"og:locale\" content=\"en_US\" \/>\n<meta property=\"og:type\" content=\"article\" \/>\n<meta property=\"og:title\" content=\"FC JUVENTUS Calcio Tessera 1927 1928 - Thefinitive\" \/>\n<meta property=\"og:description\" content=\"FC JUVENTUS Calcio Tessera anni 1927 1928 &#039;30 Boniperti Agnelli Platini Zidane Champions League Coppa Campioni FIAT Real Madrid Barcellona\" \/>\n<meta property=\"og:url\" content=\"https:\/\/thefinitive.com\/en\/prodotto\/fc-juventus-calcio-tessera-1927-1928\/\" \/>\n<meta property=\"og:site_name\" content=\"Thefinitive\" \/>\n<meta property=\"article:publisher\" content=\"https:\/\/business.facebook.com\/Thefinitive-111771813534320\/\" \/>\n<meta property=\"article:modified_time\" content=\"2023-07-08T15:24:34+00:00\" \/>\n<meta property=\"og:image\" content=\"https:\/\/thefinitive.com\/wp-content\/uploads\/2020\/12\/juv1-2.jpg\" \/>\n\t<meta property=\"og:image:width\" content=\"2160\" \/>\n\t<meta property=\"og:image:height\" content=\"2160\" \/>\n\t<meta property=\"og:image:type\" content=\"image\/jpeg\" \/>\n<meta name=\"twitter:card\" content=\"summary_large_image\" \/>\n<meta name=\"twitter:label1\" content=\"Est. reading time\" \/>\n\t<meta name=\"twitter:data1\" content=\"7 minutes\" \/>\n<script type=\"application\/ld+json\" class=\"yoast-schema-graph\">{\"@context\":\"https:\/\/schema.org\",\"@graph\":[{\"@type\":\"WebPage\",\"@id\":\"https:\/\/thefinitive.com\/en\/prodotto\/fc-juventus-calcio-tessera-1927-1928\/\",\"url\":\"https:\/\/thefinitive.com\/en\/prodotto\/fc-juventus-calcio-tessera-1927-1928\/\",\"name\":\"FC JUVENTUS Calcio Tessera 1927 1928 - Thefinitive\",\"isPartOf\":{\"@id\":\"https:\/\/thefinitive.com\/en\/#website\"},\"datePublished\":\"2020-12-21T21:54:27+00:00\",\"dateModified\":\"2023-07-08T15:24:34+00:00\",\"description\":\"FC JUVENTUS Calcio Tessera anni 1927 1928 '30 Boniperti Agnelli Platini Zidane Champions League Coppa Campioni FIAT Real Madrid Barcellona\",\"breadcrumb\":{\"@id\":\"https:\/\/thefinitive.com\/en\/prodotto\/fc-juventus-calcio-tessera-1927-1928\/#breadcrumb\"},\"inLanguage\":\"en-US\",\"potentialAction\":[{\"@type\":\"ReadAction\",\"target\":[\"https:\/\/thefinitive.com\/en\/prodotto\/fc-juventus-calcio-tessera-1927-1928\/\"]}]},{\"@type\":\"BreadcrumbList\",\"@id\":\"https:\/\/thefinitive.com\/en\/prodotto\/fc-juventus-calcio-tessera-1927-1928\/#breadcrumb\",\"itemListElement\":[{\"@type\":\"ListItem\",\"position\":1,\"name\":\"Home\",\"item\":\"https:\/\/thefinitive.com\/en\/\"},{\"@type\":\"ListItem\",\"position\":2,\"name\":\"Shop\",\"item\":\"https:\/\/thefinitive.com\/en\/shop-2\/\"},{\"@type\":\"ListItem\",\"position\":3,\"name\":\"FC JUVENTUS Calcio Tessera 1927 1928\"}]},{\"@type\":\"WebSite\",\"@id\":\"https:\/\/thefinitive.com\/en\/#website\",\"url\":\"https:\/\/thefinitive.com\/en\/\",\"name\":\"Thefinitive\",\"description\":\"Antiquariato Online\",\"publisher\":{\"@id\":\"https:\/\/thefinitive.com\/en\/#organization\"},\"potentialAction\":[{\"@type\":\"SearchAction\",\"target\":{\"@type\":\"EntryPoint\",\"urlTemplate\":\"https:\/\/thefinitive.com\/en\/?s={search_term_string}\"},\"query-input\":\"required name=search_term_string\"}],\"inLanguage\":\"en-US\"},{\"@type\":\"Organization\",\"@id\":\"https:\/\/thefinitive.com\/en\/#organization\",\"name\":\"Thefinitive\",\"url\":\"https:\/\/thefinitive.com\/en\/\",\"logo\":{\"@type\":\"ImageObject\",\"inLanguage\":\"en-US\",\"@id\":\"https:\/\/thefinitive.com\/en\/#\/schema\/logo\/image\/\",\"url\":\"https:\/\/thefinitive.com\/wp-content\/uploads\/2019\/07\/logo4vett.svg\",\"contentUrl\":\"https:\/\/thefinitive.com\/wp-content\/uploads\/2019\/07\/logo4vett.svg\",\"width\":500,\"height\":100,\"caption\":\"Thefinitive\"},\"image\":{\"@id\":\"https:\/\/thefinitive.com\/en\/#\/schema\/logo\/image\/\"},\"sameAs\":[\"https:\/\/business.facebook.com\/Thefinitive-111771813534320\/\",\"https:\/\/www.instagram.com\/_thefinitive_\/\"]}]}<\/script>\n<!-- \/ Yoast SEO plugin. -->","yoast_head_json":{"title":"FC JUVENTUS Calcio Tessera 1927 1928 - Thefinitive","description":"FC JUVENTUS Calcio Tessera anni 1927 1928 '30 Boniperti Agnelli Platini Zidane Champions League Coppa Campioni FIAT Real Madrid Barcellona","robots":{"index":"index","follow":"follow","max-snippet":"max-snippet:-1","max-image-preview":"max-image-preview:large","max-video-preview":"max-video-preview:-1"},"canonical":"https:\/\/thefinitive.com\/en\/prodotto\/fc-juventus-calcio-tessera-1927-1928\/","og_locale":"en_US","og_type":"article","og_title":"FC JUVENTUS Calcio Tessera 1927 1928 - Thefinitive","og_description":"FC JUVENTUS Calcio Tessera anni 1927 1928 '30 Boniperti Agnelli Platini Zidane Champions League Coppa Campioni FIAT Real Madrid Barcellona","og_url":"https:\/\/thefinitive.com\/en\/prodotto\/fc-juventus-calcio-tessera-1927-1928\/","og_site_name":"Thefinitive","article_publisher":"https:\/\/business.facebook.com\/Thefinitive-111771813534320\/","article_modified_time":"2023-07-08T15:24:34+00:00","og_image":[{"width":2160,"height":2160,"url":"https:\/\/thefinitive.com\/wp-content\/uploads\/2020\/12\/juv1-2.jpg","type":"image\/jpeg"}],"twitter_card":"summary_large_image","twitter_misc":{"Est. reading time":"7 minutes"},"schema":{"@context":"https:\/\/schema.org","@graph":[{"@type":"WebPage","@id":"https:\/\/thefinitive.com\/en\/prodotto\/fc-juventus-calcio-tessera-1927-1928\/","url":"https:\/\/thefinitive.com\/en\/prodotto\/fc-juventus-calcio-tessera-1927-1928\/","name":"FC JUVENTUS Calcio Tessera 1927 1928 - Thefinitive","isPartOf":{"@id":"https:\/\/thefinitive.com\/en\/#website"},"datePublished":"2020-12-21T21:54:27+00:00","dateModified":"2023-07-08T15:24:34+00:00","description":"FC JUVENTUS Calcio Tessera anni 1927 1928 '30 Boniperti Agnelli Platini Zidane Champions League Coppa Campioni FIAT Real Madrid Barcellona","breadcrumb":{"@id":"https:\/\/thefinitive.com\/en\/prodotto\/fc-juventus-calcio-tessera-1927-1928\/#breadcrumb"},"inLanguage":"en-US","potentialAction":[{"@type":"ReadAction","target":["https:\/\/thefinitive.com\/en\/prodotto\/fc-juventus-calcio-tessera-1927-1928\/"]}]},{"@type":"BreadcrumbList","@id":"https:\/\/thefinitive.com\/en\/prodotto\/fc-juventus-calcio-tessera-1927-1928\/#breadcrumb","itemListElement":[{"@type":"ListItem","position":1,"name":"Home","item":"https:\/\/thefinitive.com\/en\/"},{"@type":"ListItem","position":2,"name":"Shop","item":"https:\/\/thefinitive.com\/en\/shop-2\/"},{"@type":"ListItem","position":3,"name":"FC JUVENTUS Calcio Tessera 1927 1928"}]},{"@type":"WebSite","@id":"https:\/\/thefinitive.com\/en\/#website","url":"https:\/\/thefinitive.com\/en\/","name":"Thefinitive","description":"Antiquariato Online","publisher":{"@id":"https:\/\/thefinitive.com\/en\/#organization"},"potentialAction":[{"@type":"SearchAction","target":{"@type":"EntryPoint","urlTemplate":"https:\/\/thefinitive.com\/en\/?s={search_term_string}"},"query-input":"required name=search_term_string"}],"inLanguage":"en-US"},{"@type":"Organization","@id":"https:\/\/thefinitive.com\/en\/#organization","name":"Thefinitive","url":"https:\/\/thefinitive.com\/en\/","logo":{"@type":"ImageObject","inLanguage":"en-US","@id":"https:\/\/thefinitive.com\/en\/#\/schema\/logo\/image\/","url":"https:\/\/thefinitive.com\/wp-content\/uploads\/2019\/07\/logo4vett.svg","contentUrl":"https:\/\/thefinitive.com\/wp-content\/uploads\/2019\/07\/logo4vett.svg","width":500,"height":100,"caption":"Thefinitive"},"image":{"@id":"https:\/\/thefinitive.com\/en\/#\/schema\/logo\/image\/"},"sameAs":["https:\/\/business.facebook.com\/Thefinitive-111771813534320\/","https:\/\/www.instagram.com\/_thefinitive_\/"]}]}},"_links":{"self":[{"href":"https:\/\/thefinitive.com\/en\/wp-json\/wp\/v3\/product\/7526"}],"collection":[{"href":"https:\/\/thefinitive.com\/en\/wp-json\/wp\/v3\/product"}],"about":[{"href":"https:\/\/thefinitive.com\/en\/wp-json\/wp\/v2\/types\/product"}],"replies":[{"embeddable":true,"href":"https:\/\/thefinitive.com\/en\/wp-json\/wp\/v2\/comments?post=7526"}],"version-history":[{"count":1,"href":"https:\/\/thefinitive.com\/en\/wp-json\/wp\/v3\/product\/7526\/revisions"}],"predecessor-version":[{"id":15168,"href":"https:\/\/thefinitive.com\/en\/wp-json\/wp\/v3\/product\/7526\/revisions\/15168"}],"wp:featuredmedia":[{"embeddable":true,"href":"https:\/\/thefinitive.com\/en\/wp-json\/wp\/v2\/media\/7527"}],"wp:attachment":[{"href":"https:\/\/thefinitive.com\/en\/wp-json\/wp\/v2\/media?parent=7526"}],"wp:term":[{"taxonomy":"product_cat","embeddable":true,"href":"https:\/\/thefinitive.com\/en\/wp-json\/wp\/v2\/product_cat?post=7526"},{"taxonomy":"product_tag","embeddable":true,"href":"https:\/\/thefinitive.com\/en\/wp-json\/wp\/v2\/product_tag?post=7526"}],"curies":[{"name":"wp","href":"https:\/\/api.w.org\/{rel}","templated":true}]}}