{"id":7449,"date":"2020-12-15T23:28:49","date_gmt":"2020-12-15T23:28:49","guid":{"rendered":"https:\/\/www.thefinitive.com\/?post_type=product&#038;p=7449"},"modified":"2023-03-20T17:25:10","modified_gmt":"2023-03-20T16:25:10","slug":"raci-circuito-automobilistico-biella-1934-trofeo-johnson","status":"publish","type":"product","link":"https:\/\/thefinitive.com\/en\/prodotto\/raci-circuito-automobilistico-biella-1934-trofeo-johnson\/","title":{"rendered":"\u274c\ud83d\ude41RACI Circuito Automobilistico BIELLA 1934 trofeo JOHNSON"},"content":{"rendered":"<p>Placca in bronzo dorato e smalti, per il <strong>Primo Circuito Automobilistico di BIELLA<\/strong> del <strong>1934<\/strong> , con il patrocinio del <strong>RACI<\/strong> &#8211; Reale Automobile Club Italiano.<\/p>\n<p>Placca realizzata a rilievo in bronzo dorato, con al centro la veduta del percorso cittadino, riportante in basso la dicitura <strong>PRIMO CIRCUITO AUTOMOBILISTICO DI BIELLA &#8211; 2 SETT. 1934 &#8211; ANNO XII E.F.<\/strong> con due fasci littori ai lati.\u00a0 Al centro della placca troviamo il simbolo del <strong>RACI<\/strong> Reale Automobile Club, <strong>SEZIONE DI BIELLA<\/strong> . In smalti policromi, lo stemma della citt\u00e0 di Biella all&#8217;interno di una ruota dentata smaltata in azzurro, su un rombo dallo sfondo bianco, e circondato ai quattro punti cardinali dalle lettere\u00a0 <strong>R A C I\u00a0<\/strong>. Il tutto impreziosito da due <strong>nodi savoia<\/strong> ai lati superiori del rombo, e due <strong>fasci littori<\/strong> ai lati inferiori, e la corona reale in cima al rombo stesso.<\/p>\n<p>&nbsp;<\/p>\n<p><a href=\"https:\/\/www.thefinitive.com\/?attachment_id=7464\" rel=\"attachment wp-att-7464\"><img loading=\"lazy\" decoding=\"async\" class=\"wp-image-7464 aligncenter\" src=\"https:\/\/www.thefinitive.com\/wp-content\/uploads\/2020\/12\/circuito.png\" alt=\"\" width=\"641\" height=\"330\" srcset=\"https:\/\/thefinitive.com\/wp-content\/uploads\/2020\/12\/circuito.png 1507w, https:\/\/thefinitive.com\/wp-content\/uploads\/2020\/12\/circuito-1200x618.png 1200w, https:\/\/thefinitive.com\/wp-content\/uploads\/2020\/12\/circuito-64x33.png 64w, https:\/\/thefinitive.com\/wp-content\/uploads\/2020\/12\/circuito-300x154.png 300w, https:\/\/thefinitive.com\/wp-content\/uploads\/2020\/12\/circuito-1024x527.png 1024w, https:\/\/thefinitive.com\/wp-content\/uploads\/2020\/12\/circuito-768x395.png 768w\" sizes=\"(max-width: 641px) 100vw, 641px\" \/><\/a><\/p>\n<p>&nbsp;<\/p>\n<p>La placca RACI del Primo Circuito Automobilistico di BIELLA \u00e8 in condizioni perfette, senza danni agli smalti. Al retro troviamo impresso il marchio del fabbricante , <strong>JOHNSON Milano<\/strong><\/p>\n<p>&nbsp;<\/p>\n<p><strong>MATERIALE\u00a0 \u00a0 \u00a0:\u00a0<\/strong> Bronzo dorato, smalti policromi<\/p>\n<p><strong>MISURE\u00a0 \u00a0 \u00a0 \u00a0 \u00a0 \u00a0 \u00a0:<\/strong>\u00a0 cm.10,5 altezza alla corona, cm.13 di larghezza. Peso kg.1<\/p>\n<p><strong>MARCHIO\u00a0 \u00a0 \u00a0 \u00a0 \u00a0:<\/strong>\u00a0 Johnson , Milano<\/p>\n<h4 style=\"text-align: left;\"><\/h4>\n<h2><\/h2>\n<h2><\/h2>\n<h2 style=\"text-align: left;\">NOTIZIE<\/h2>\n<h3>Circuito Automobilistico di Biella<\/h3>\n<p>Nel 1934 e nel 1935, il pubblico biellese assistette allo spettacolo di un <strong>Gran Premio automobilistico<\/strong> lungo le vie cittadine. Il principale sostenitore\u00a0dell\u2019idea di organizzare a Biella un circuito per auto da corsa era stato\u00a0il presidente del locale Auto Club Adolfo Rivetti.<\/p>\n<p>Dopo l\u2019annuncio che nella citt\u00e0 laniera si sarebbe disputata\u00a0una prova valevole per il Campionato Italiano Vetture Sport, la macchina organizzativa si mise subito in moto: si prevedeva\u00a0una presenza di pubblico non inferiore alle 8000 persone\u00a0ed era quindi necessario provvedere alla\u00a0realizzazione di tribune e recinti, oltre che alla\u00a0sistemazione delle strade\u00a0interessate dalla gara.<\/p>\n<p>La data fissata per il <strong>Primo Circuito Automobilistico di Biella, <\/strong>era il <strong>2 settembre 1934<\/strong>, ma durante il mese di agosto si diffuse la voce che difficolt\u00e0 tecniche, rilevate dal RACI, stavano mettendo a rischio l\u2019effettiva disputa della gara: l\u2019arrivo da Roma della conferma definitiva, il 25 agosto, fu motivo di grande sollievo per tutti, organizzatori e appassionati.<\/p>\n<p>Il circuito, lungo 2km e 200mt,\u00a0si snodava\u00a0lungo questo percorso:\u00a0Via Torino\u00a0\u2013\u00a0Via Lamarmora\u00a0\u2013\u00a0Via Vittorio Emanuele\u00a0\u2013\u00a0Via Cernaia\u00a0\u2013\u00a0Salita Ospedale\u00a0\u2013\u00a0Viale Principe di Piemonte\u00a0\u2013\u00a0Viale Regina Margherita. Le\u00a0ventuno macchine in gara\u00a0(mono e biposto delle\u00a0categorie Corsa e Sport\u00a0senza distinzione di cilindrata) erano suddivise in\u00a03 batterie da 25 giri\u00a0ciascuna:\u00a0l\u2019accesso alla finale\u00a0da 40 giri era riservato\u00a0ai primi due classificati di ogni batteria\u00a0e\u00a0al terzo classificato con il miglior tempo assoluto. Il montepremi\u00a0ammontava a\u00a050.000 Lire:\u00a0il primo classificato\u00a0si sarebbe portato a casa la rispettabile cifra di\u00a08000 Lire, il 2\u00b0 6000, il 3\u00b0 4000.<\/p>\n<p>Oltre che per i piazzamenti, erano previsti\u00a0riconoscimenti in denaro\u00a0anche\u00a0per le macchine fino a 2000cc\u00a0(premi &#8220;Adolfo Rivetti&#8221;, offerti dal presidente dell\u2019ACI Biella),\u00a0per i giri pi\u00f9 veloci\u00a0(premi &#8220;Lana Rubello&#8221;, offerti dal cav. Egidio Lesna),\u00a0per il concorrente in testa al 20\u00b0 giro\u00a0(premio &#8220;Societ\u00e0 Ippica Biellese&#8221;); a tutto ci\u00f2 si aggiungevano anche i\u00a0premi in oggetti.<\/p>\n<p>I lavori di sistemazione del manto stradale, affidati alla\u00a0ditta Puricelli di Milano\u00a0e all\u2019impresa Chiappo di Graglia, furono ultimati pochi giorni prima della data prevista per la gara con \u00ab<em>abbondanti innaffiamenti di Flix, l\u2019antipolvere fornito dall\u2019agenzia biellese della Reinach<\/em>\u00bb. Pippo Ferrini\u00a0si occup\u00f2 della\u00a0segnalazione del percorso e dell\u2019imbiancatura del cordolo\u00a0in pietra che delimitava il percorso della tramvia in via Cernaia, mentre la\u00a0ditta Cigna\u00a0install\u00f2 gratuitamente\u00a0sette altoparlanti lungo il circuito. Al pubblico\u00a0furono riservate\u00a0tre tribune\u00a0(Tribuna A in via Torino\u00a0all\u2019altezza della linea di partenza, prezzo 30 Lire;\u00a0B in viale Principe di Piemonte, 20L;\u00a0C interno dei giardini dell\u2019Ospedale, 20L) e\u00a0quattro recinti\u00a0(Recinto D, presso i portici di\u00a0casa Bertola, prezzo 15 Lire;\u00a0E in viale Regina Margherita, 10L;\u00a0F e G in viale Principe di Piemonte, 12L e 10L); il\u00a0comm. Eugenio Bona\u00a0mise a disposizione\u00a0il giardino della sua villa, capace di ospitare\u00a0un centinaio di spettatori, per la modica cifra di 25 Lire. I primi ad accaparrarsi i biglietti furono i soci dell\u2019ACI: a loro fu infatti riservata la prima vendita del 14 agosto, seguita il 20 da quella aperta a tutti.<\/p>\n<p>Tra i piloti iscritti alla gara del Primo Circuito Automobilistico RACI di Biella, spiccavano i nomi di <strong>Tazio Nuvolari<\/strong>\u00a0e\u00a0<strong>Achille Varzi<\/strong>, dati come favoriti per la vittoria finale, ma c\u2019era anche curiosit\u00e0 al riguardo di\u00a0<strong><a href=\"https:\/\/www.frammentidistoriabiellese.it\/sport-e-svago\/la-corsa-in-salita-biella-oropa\/carlo-felice-trossi-cesellatore-di-curve\/\" target=\"_blank\" rel=\"noopener noreferrer\">Carlo Felice Trossi<\/a><\/strong>\u00a0e\u00a0<strong>Antonio Brivio<\/strong>, entrambi biellesi e gi\u00e0 protagonisti di buone prove negli altri Gran Premi della stagione.<\/p>\n<p>Finalmente il\u00a0<strong>2 settembre 1934<\/strong> la parola fu lasciata ai motori. Di fronte ad un\u00a0folto pubblico\u00a0che gremiva le tribune, i recinti, i balconi delle abitazioni che si affacciavano sul percorso ed era assiepato anche\u00a0sulle colline di San Girolamo, i piloti si diedero battaglia:\u00a0a spuntarla alla fine fu<strong> Carlo Felice Trossi<\/strong>, su Alfa Romeo 3000, che tagli\u00f2 il traguardo con il tempo di 1h 02\u2019 57,2,\u00a0precedendo di un soffio <strong>Achille Varzi<\/strong> (che chiuse a 1h 02\u2019 57,4).\u00a0Terzo classificato Giovanni Farina, protagonista di\u00a0un appassionante duello con Antonio Brivio, mentre\u00a0<strong>Nuvolari dovette ritirarsi<\/strong>\u00a0per un guasto alle sospensioni.<\/p>\n<p>Entusiastico fu il commento de &#8220;il Biellese&#8221;: \u00ab<em>Biella ha avuto domenica la sua grande giornata di sport. Mai, nella nostra citt\u00e0, avvenimento sportivo ha saputo come il I Circuito Automobilistico polarizzare su di s\u00e9 l\u2019interesse e l\u2019entusiasmo di migliaia e migliaia di appassionati convenuti da ogni centro per assistere alle prodezze di un sceltissimo lotto di campioni del volante, lanciati alla conquista di un primato ambitissimo e di un\u2019affermazione che, per i migliori, era la miglior presentazione per il Gran premio d\u2019Italia che si correr\u00e0 domenica prossima a Monza<\/em>\u00bb. L\u2019ottimo risultato della prima edizione\u00a0(che aveva fruttato\u00a0un incasso di 100.000 Lire) convinse i dirigenti dell\u2019ACI di Biella\u00a0ad organizzarne una seconda nel 1935: il\u00a0II Circuito Automobilistico di Biella fu cos\u00ec inserito nel calendario delle prove internazionali di quell\u2019anno.\u00a0L\u2019esperienza acquisita\u00a0con l\u2019organizzazione del primo circuito permise di arrivare all\u2019appuntamento\u00a0senza intoppi (solo il maltempo ostacol\u00f2 i lavori di risistemazione del manto stradale, ultimati comunque nei tempi stabiliti).\u00a0La disposizione dei posti riservati al pubblico\u00a0era identica a quella dell\u2019anno precedente, con\u00a0qualche ritocco ai prezzi; la\u00a0ditta Cigna\u00a0raddoppi\u00f2 il numero degli altoparlanti (che passarono da sette a quattordici) e realizz\u00f2\u00a0un collegamento telefonico con le tribune per far s\u00ec che gli spettatori fossero costantemente aggiornati sull\u2019andamento della gara.\u00a0Il montepremi\u00a0era raddoppiato e ammontava a\u00a0100.000 Lire.<\/p>\n<p>L\u2019annuncio delle\u00a0defezioni della macchine tedesche,\u00a0Auto Union e Mercedes\u00a0(quest\u2019ultima guidata dall\u2019asso italiano\u00a0Luigi Fagioli) e dell\u2019assenza di Brivio, ancora dolorante per i postumi di un incidente avvenuto durante il Gran Premio di Tripoli, non fece diminuire l\u2019interesse attorno alla corsa:\u00a0al nastro di partenza\u00a0erano infatti presenti\u00a0Nuvolari,\u00a0Trossi,\u00a0Louis Chiron\u00a0e\u00a0Mario Tadini, tutti della\u00a0Scuderia Ferrari, mentre\u00a0Varzi\u00a0e\u00a0Farina\u00a0correvano per la\u00a0Scuderia Subalpina; da segnalare anche la presenza di\u00a0una donna pilota, la signorina\u00a0Hell\u00e9 Nice, su\u00a0Alfa Romeo 2300L Monza.<\/p>\n<p><strong>Domenica 9 giugno<\/strong>, in una splendida giornata di sole e\u00a0<strong>alla presenza di\u00a0<a href=\"http:\/\/www.frammentidistoriabiellese.it\/home\/visite-di-personaggi-celebri\/il-principe-aimone-di-savoia-aosta-presente-al-ii-circuito-automobilistico-citt%C3%A0-di-biella\/\" target=\"_blank\" rel=\"noopener noreferrer\">S. A. R. il Duca di Spoleto<\/a><\/strong>, presidente generale dell\u2019ACI, e\u00a0dei conti Calvi di Bergolo la gara prese il via alle ore 14. Dopo le due batterie eliminatorie (otto macchine ciascuna), accedettero\u00a0alla finale\u00a0i quattro piloti della Scuderia Ferrari,\u00a0Nuvolari,\u00a0Trossi,\u00a0Chiron\u00a0e\u00a0Tadini, e i tre della Subalpina,\u00a0Farina,\u00a0Dusio\u00a0e\u00a0Varzi (quest\u2019ultimo fu per\u00f2 costretto a ritirarsi prima della partenza per noie meccaniche). Dopo i primi giri che videro\u00a0il confronto tra Farina e Nuvolari, la finale si ridusse ad\u00a0un duello tra quest\u2019ultimo e Trossi\u00a0fatto di sorpassi e controsorpassi: a met\u00e0 gara ci fu per\u00f2\u00a0il colpo di scena\u00a0e cio\u00e8\u00a0il ritiro del pilota biellese, il quale,\u00a0vittima di un\u2019insolazione, raggiunse i box \u00ab<em>a velocit\u00e0 ridottissima, senza casco e occhiali, congestionato in viso<\/em>\u00bb. Eliminato il rivale pi\u00f9 temibile,\u00a0<strong>la vittoria and\u00f2 a Nuvolari<\/strong>\u00a0che chiuse agevolmente la gara in 1h 14\u2019 50,4, precedendo Chiron e Farina; a\u00a0<strong>Trossi<\/strong>\u00a0rimase la consolazione di aver effettuato\u00a0<strong>il giro pi\u00f9 veloce<\/strong>\u00a0(1\u2019 25,6).<\/p>\n<p>Anche\u00a0la<strong> seconda edizione del Circuito automobilistico di Biella <\/strong>&#8211; RACI , registr\u00f2 un clamoroso successo di cui &#8220;il Biellese&#8221; si fece nuovamente portavoce: \u00ab<em>Un trionfo! Trionfo tecnico, sportivo, organizzativo e spettacolare. Il Circuito Automobilistico di Biella passer\u00e0 alla storia come una delle pi\u00f9 avvincenti manifestazioni motoristiche nazionali e chi ha avuto la fortuna di assistere alla lotta ingaggiata fra i pi\u00f9 bei nomi dell\u2019automobilismo italiano ed il corretto e valoroso rappresentante francese<\/em>\u00a0[Louis Chiron]\u00a0<em>non dimenticher\u00e0 tanto facilmente la giornata del 9 giugno<\/em>\u00bb.<\/p>\n<p>&nbsp;<\/p>\n<h3>Automobile Club d&#8217; Italia<\/h3>\n<p>Ai primi di novembre del\u00a01898,\u00a0Roberto Biscaretti di Ruffia,\u00a0Michele Lanza\u00a0e\u00a0Cesare Goria Gatti\u00a0stilarono una circolare indirizzata ai \u00ab<strong>simpatizzanti dell&#8217;automobilismo<\/strong>\u00bb piemontesi, invitandoli a riunirsi in un club e a partecipare alla riunione costitutiva indetta per il 19 dello stesso mese. Tale associazione venne effettivamente fondata a\u00a0<strong>Torino\u00a0<\/strong>il <strong>6 dicembre\u00a01898<\/strong>, da 19 sodali, con la denominazione sociale\u00a0<strong><i>Automobile Club di Torino<\/i><\/strong>\u00a0e con le seguenti cariche assegnate:<\/p>\n<ul>\n<li>Roberto Biscaretti di Ruffia, Presidente<\/li>\n<li>Cesare Goria Gatti, Vice presidente<\/li>\n<li>Emanuele Cacherano di Bricherasio, Economo<\/li>\n<li>Giovanni Agnelli, Segretario<\/li>\n<li>Michele Ceriana Mayneri, Tesoriere<\/li>\n<li>Carlo Racca, Cronometrista<\/li>\n<\/ul>\n<p>Gli altri soci fondatori furono\u00a0Jules Blanc,\u00a0Carlo Biscaretti di Ruffia,\u00a0Pietro Bosio,\u00a0Giovanni Battista Ceirano,\u00a0Luigi Damevino,\u00a0Pietro Gandolfo, Michele Lanza,\u00a0Felice Leumann,\u00a0Fortune Naveux,\u00a0Edoardo Noyer,\u00a0Salvatore Pugliese,\u00a0Giuseppe Rotta,\u00a0Luigi Storero.<\/p>\n<p>La sede del club era in corso Vinzaglio 25, nel centro storico di Torino. Lo scopo del club che pi\u00f9 avanti si chiamer\u00e0 RACI,\u00a0 era quello di raggruppare i proprietari di automobili , a quei tempi poco numerosi, e di rappresentarli nei confronti delle autorit\u00e0 ed inoltre, sin dall&#8217;inizio, quello di organizzare le prime competizioni automobilistiche, i primi raid, i raduni motoristici.<\/p>\n<p>La nascita dell&#8217;ACI come associazione nazionale avvenne nel\u00a0<strong>1905<\/strong>, dall&#8217;unione dell&#8217;<i>Automobile Club di Torino<\/i> e di alcuni altri club automobilistici locali; Torino continu\u00f2 ad essere la sede principale, dove era nato il pi\u00f9 antico dei sodalizi. L&#8217;espansione dell&#8217;associazione, inclusa quella dell&#8217;Automobile Club di Roma, rallentata dalla prima guerra mondiale, riprese al suo termine con l&#8217;apertura di varie sedi provinciali e raggiunse nel 1926 prima che divenisse RACI, la cifra di 50 sedi e quasi 10.000 soci. In quell&#8217;anno avvenne anche una modifica significativa con la trasformazione dell&#8217;originaria associazione in ente morale, ai sensi del R.D. 15 marzo 1927 n. 436 e la ridenominazione in <strong><i>Reale Automobile Club d&#8217;Italia<\/i>\u00a0(RACI)<\/strong>, mantenuta in essere fino al\u00a0<strong>1946<\/strong>, quando con la nascita della\u00a0Repubblica, venne confermata la qualifica di ente morale e si ebbe il ritorno al nome originale in uso alla nascita. Dal 1927\u00a0contestualmente all&#8217;istituzione dell&#8217;ente, venne affidata al\u00a0<strong><i>RACI<\/i>\u00a0<\/strong>la gestione dell&#8217;appena costituito\u00a0<strong>Pubblico Registro Automobilistico<\/strong>\u00a0(PRA).<\/p>\n<p>&nbsp;<\/p>\n<p><em>Fonti <a href=\"https:\/\/it.wikipedia.org\/wiki\/Automobile_Club_d%27Italia\">Wikipedia<\/a> , <a href=\"https:\/\/www.frammentidistoriabiellese.it\/sport-e-svago\/il-circuito-automobilistico-di-biella-1934-1935\/\">Circuito Biella<\/a><\/em><\/p>\n<p>12.20<\/p>\n","protected":false},"excerpt":{"rendered":"<p style=\"text-align: center;\">Placca in bronzo dorato e smalti policromi, per il <strong>Primo Circuito Automobilistico di BIELLA<\/strong> del <strong>1934<\/strong> , con il patrocinio del <strong>RACI<\/strong> &#8211; Reale Automobile Club Italiano.<\/p>\n<p style=\"text-align: center;\">In condizioni perfette, senza danni agli smalti, marcata\u00a0 <strong>JOHNSON Milano<\/strong><\/p>\n<p style=\"text-align: center;\">Misura circa\u00a0 <strong>cm.13 x 10,5<\/strong><\/p>\n<p style=\"text-align: center;\"><strong><em>(Scorri la pagina in basso per ulteriori dettagli e informazioni)<\/em><\/strong><\/p>\n<p>&nbsp;<\/p>\n<p>&nbsp;<\/p>\n","protected":false},"featured_media":7450,"comment_status":"open","ping_status":"closed","template":"","meta":[],"product_cat":[586],"product_tag":[723,320,153,324,155,326,319,321,152,323],"yoast_head":"<!-- This site is optimized with the Yoast SEO plugin v21.9.1 - https:\/\/yoast.com\/wordpress\/plugins\/seo\/ -->\n<title>\u274c\ud83d\ude41RACI Circuito Automobilistico BIELLA 1934 trofeo JOHNSON - Thefinitive<\/title>\n<meta name=\"description\" content=\"Placca bronzo PRIMO CIRCUITO AUTOMOBILISTICO di Biella RACI 1934 - E.F. Fascist Trophy BIELLA Racing Car Enamelled JOHNSON Ferrari Alfa Romeo\" \/>\n<meta name=\"robots\" content=\"index, follow, max-snippet:-1, max-image-preview:large, max-video-preview:-1\" \/>\n<link rel=\"canonical\" href=\"https:\/\/thefinitive.com\/en\/prodotto\/raci-circuito-automobilistico-biella-1934-trofeo-johnson\/\" \/>\n<meta property=\"og:locale\" content=\"en_US\" \/>\n<meta property=\"og:type\" content=\"article\" \/>\n<meta property=\"og:title\" content=\"\u274c\ud83d\ude41RACI Circuito Automobilistico BIELLA 1934 trofeo JOHNSON - Thefinitive\" \/>\n<meta property=\"og:description\" content=\"Placca bronzo PRIMO CIRCUITO AUTOMOBILISTICO di Biella RACI 1934 - E.F. Fascist Trophy BIELLA Racing Car Enamelled JOHNSON Ferrari Alfa Romeo\" \/>\n<meta property=\"og:url\" content=\"https:\/\/thefinitive.com\/en\/prodotto\/raci-circuito-automobilistico-biella-1934-trofeo-johnson\/\" \/>\n<meta property=\"og:site_name\" content=\"Thefinitive\" \/>\n<meta property=\"article:publisher\" content=\"https:\/\/business.facebook.com\/Thefinitive-111771813534320\/\" \/>\n<meta property=\"article:modified_time\" content=\"2023-03-20T16:25:10+00:00\" \/>\n<meta property=\"og:image\" content=\"https:\/\/thefinitive.com\/wp-content\/uploads\/2020\/12\/biel1-2.jpg\" \/>\n\t<meta property=\"og:image:width\" content=\"2160\" \/>\n\t<meta property=\"og:image:height\" content=\"2160\" \/>\n\t<meta property=\"og:image:type\" content=\"image\/jpeg\" \/>\n<meta name=\"twitter:card\" content=\"summary_large_image\" \/>\n<meta name=\"twitter:label1\" content=\"Est. reading time\" \/>\n\t<meta name=\"twitter:data1\" content=\"9 minutes\" \/>\n<script type=\"application\/ld+json\" class=\"yoast-schema-graph\">{\"@context\":\"https:\/\/schema.org\",\"@graph\":[{\"@type\":\"WebPage\",\"@id\":\"https:\/\/thefinitive.com\/en\/prodotto\/raci-circuito-automobilistico-biella-1934-trofeo-johnson\/\",\"url\":\"https:\/\/thefinitive.com\/en\/prodotto\/raci-circuito-automobilistico-biella-1934-trofeo-johnson\/\",\"name\":\"\u274c\ud83d\ude41RACI Circuito Automobilistico BIELLA 1934 trofeo JOHNSON - Thefinitive\",\"isPartOf\":{\"@id\":\"https:\/\/thefinitive.com\/en\/#website\"},\"datePublished\":\"2020-12-15T23:28:49+00:00\",\"dateModified\":\"2023-03-20T16:25:10+00:00\",\"description\":\"Placca bronzo PRIMO CIRCUITO AUTOMOBILISTICO di Biella RACI 1934 - E.F. Fascist Trophy BIELLA Racing Car Enamelled JOHNSON Ferrari Alfa Romeo\",\"breadcrumb\":{\"@id\":\"https:\/\/thefinitive.com\/en\/prodotto\/raci-circuito-automobilistico-biella-1934-trofeo-johnson\/#breadcrumb\"},\"inLanguage\":\"en-US\",\"potentialAction\":[{\"@type\":\"ReadAction\",\"target\":[\"https:\/\/thefinitive.com\/en\/prodotto\/raci-circuito-automobilistico-biella-1934-trofeo-johnson\/\"]}]},{\"@type\":\"BreadcrumbList\",\"@id\":\"https:\/\/thefinitive.com\/en\/prodotto\/raci-circuito-automobilistico-biella-1934-trofeo-johnson\/#breadcrumb\",\"itemListElement\":[{\"@type\":\"ListItem\",\"position\":1,\"name\":\"Home\",\"item\":\"https:\/\/thefinitive.com\/en\/\"},{\"@type\":\"ListItem\",\"position\":2,\"name\":\"Shop\",\"item\":\"https:\/\/thefinitive.com\/en\/shop-2\/\"},{\"@type\":\"ListItem\",\"position\":3,\"name\":\"\u274c\ud83d\ude41RACI Circuito Automobilistico BIELLA 1934 trofeo JOHNSON\"}]},{\"@type\":\"WebSite\",\"@id\":\"https:\/\/thefinitive.com\/en\/#website\",\"url\":\"https:\/\/thefinitive.com\/en\/\",\"name\":\"Thefinitive\",\"description\":\"Antiquariato Online\",\"publisher\":{\"@id\":\"https:\/\/thefinitive.com\/en\/#organization\"},\"potentialAction\":[{\"@type\":\"SearchAction\",\"target\":{\"@type\":\"EntryPoint\",\"urlTemplate\":\"https:\/\/thefinitive.com\/en\/?s={search_term_string}\"},\"query-input\":\"required name=search_term_string\"}],\"inLanguage\":\"en-US\"},{\"@type\":\"Organization\",\"@id\":\"https:\/\/thefinitive.com\/en\/#organization\",\"name\":\"Thefinitive\",\"url\":\"https:\/\/thefinitive.com\/en\/\",\"logo\":{\"@type\":\"ImageObject\",\"inLanguage\":\"en-US\",\"@id\":\"https:\/\/thefinitive.com\/en\/#\/schema\/logo\/image\/\",\"url\":\"https:\/\/thefinitive.com\/wp-content\/uploads\/2019\/07\/logo4vett.svg\",\"contentUrl\":\"https:\/\/thefinitive.com\/wp-content\/uploads\/2019\/07\/logo4vett.svg\",\"width\":500,\"height\":100,\"caption\":\"Thefinitive\"},\"image\":{\"@id\":\"https:\/\/thefinitive.com\/en\/#\/schema\/logo\/image\/\"},\"sameAs\":[\"https:\/\/business.facebook.com\/Thefinitive-111771813534320\/\",\"https:\/\/www.instagram.com\/_thefinitive_\/\"]}]}<\/script>\n<!-- \/ Yoast SEO plugin. -->","yoast_head_json":{"title":"\u274c\ud83d\ude41RACI Circuito Automobilistico BIELLA 1934 trofeo JOHNSON - Thefinitive","description":"Placca bronzo PRIMO CIRCUITO AUTOMOBILISTICO di Biella RACI 1934 - E.F. Fascist Trophy BIELLA Racing Car Enamelled JOHNSON Ferrari Alfa Romeo","robots":{"index":"index","follow":"follow","max-snippet":"max-snippet:-1","max-image-preview":"max-image-preview:large","max-video-preview":"max-video-preview:-1"},"canonical":"https:\/\/thefinitive.com\/en\/prodotto\/raci-circuito-automobilistico-biella-1934-trofeo-johnson\/","og_locale":"en_US","og_type":"article","og_title":"\u274c\ud83d\ude41RACI Circuito Automobilistico BIELLA 1934 trofeo JOHNSON - Thefinitive","og_description":"Placca bronzo PRIMO CIRCUITO AUTOMOBILISTICO di Biella RACI 1934 - E.F. Fascist Trophy BIELLA Racing Car Enamelled JOHNSON Ferrari Alfa Romeo","og_url":"https:\/\/thefinitive.com\/en\/prodotto\/raci-circuito-automobilistico-biella-1934-trofeo-johnson\/","og_site_name":"Thefinitive","article_publisher":"https:\/\/business.facebook.com\/Thefinitive-111771813534320\/","article_modified_time":"2023-03-20T16:25:10+00:00","og_image":[{"width":2160,"height":2160,"url":"https:\/\/thefinitive.com\/wp-content\/uploads\/2020\/12\/biel1-2.jpg","type":"image\/jpeg"}],"twitter_card":"summary_large_image","twitter_misc":{"Est. reading time":"9 minutes"},"schema":{"@context":"https:\/\/schema.org","@graph":[{"@type":"WebPage","@id":"https:\/\/thefinitive.com\/en\/prodotto\/raci-circuito-automobilistico-biella-1934-trofeo-johnson\/","url":"https:\/\/thefinitive.com\/en\/prodotto\/raci-circuito-automobilistico-biella-1934-trofeo-johnson\/","name":"\u274c\ud83d\ude41RACI Circuito Automobilistico BIELLA 1934 trofeo JOHNSON - Thefinitive","isPartOf":{"@id":"https:\/\/thefinitive.com\/en\/#website"},"datePublished":"2020-12-15T23:28:49+00:00","dateModified":"2023-03-20T16:25:10+00:00","description":"Placca bronzo PRIMO CIRCUITO AUTOMOBILISTICO di Biella RACI 1934 - E.F. Fascist Trophy BIELLA Racing Car Enamelled JOHNSON Ferrari Alfa Romeo","breadcrumb":{"@id":"https:\/\/thefinitive.com\/en\/prodotto\/raci-circuito-automobilistico-biella-1934-trofeo-johnson\/#breadcrumb"},"inLanguage":"en-US","potentialAction":[{"@type":"ReadAction","target":["https:\/\/thefinitive.com\/en\/prodotto\/raci-circuito-automobilistico-biella-1934-trofeo-johnson\/"]}]},{"@type":"BreadcrumbList","@id":"https:\/\/thefinitive.com\/en\/prodotto\/raci-circuito-automobilistico-biella-1934-trofeo-johnson\/#breadcrumb","itemListElement":[{"@type":"ListItem","position":1,"name":"Home","item":"https:\/\/thefinitive.com\/en\/"},{"@type":"ListItem","position":2,"name":"Shop","item":"https:\/\/thefinitive.com\/en\/shop-2\/"},{"@type":"ListItem","position":3,"name":"\u274c\ud83d\ude41RACI Circuito Automobilistico BIELLA 1934 trofeo JOHNSON"}]},{"@type":"WebSite","@id":"https:\/\/thefinitive.com\/en\/#website","url":"https:\/\/thefinitive.com\/en\/","name":"Thefinitive","description":"Antiquariato Online","publisher":{"@id":"https:\/\/thefinitive.com\/en\/#organization"},"potentialAction":[{"@type":"SearchAction","target":{"@type":"EntryPoint","urlTemplate":"https:\/\/thefinitive.com\/en\/?s={search_term_string}"},"query-input":"required name=search_term_string"}],"inLanguage":"en-US"},{"@type":"Organization","@id":"https:\/\/thefinitive.com\/en\/#organization","name":"Thefinitive","url":"https:\/\/thefinitive.com\/en\/","logo":{"@type":"ImageObject","inLanguage":"en-US","@id":"https:\/\/thefinitive.com\/en\/#\/schema\/logo\/image\/","url":"https:\/\/thefinitive.com\/wp-content\/uploads\/2019\/07\/logo4vett.svg","contentUrl":"https:\/\/thefinitive.com\/wp-content\/uploads\/2019\/07\/logo4vett.svg","width":500,"height":100,"caption":"Thefinitive"},"image":{"@id":"https:\/\/thefinitive.com\/en\/#\/schema\/logo\/image\/"},"sameAs":["https:\/\/business.facebook.com\/Thefinitive-111771813534320\/","https:\/\/www.instagram.com\/_thefinitive_\/"]}]}},"_links":{"self":[{"href":"https:\/\/thefinitive.com\/en\/wp-json\/wp\/v3\/product\/7449"}],"collection":[{"href":"https:\/\/thefinitive.com\/en\/wp-json\/wp\/v3\/product"}],"about":[{"href":"https:\/\/thefinitive.com\/en\/wp-json\/wp\/v2\/types\/product"}],"replies":[{"embeddable":true,"href":"https:\/\/thefinitive.com\/en\/wp-json\/wp\/v2\/comments?post=7449"}],"version-history":[{"count":1,"href":"https:\/\/thefinitive.com\/en\/wp-json\/wp\/v3\/product\/7449\/revisions"}],"predecessor-version":[{"id":14644,"href":"https:\/\/thefinitive.com\/en\/wp-json\/wp\/v3\/product\/7449\/revisions\/14644"}],"wp:featuredmedia":[{"embeddable":true,"href":"https:\/\/thefinitive.com\/en\/wp-json\/wp\/v2\/media\/7450"}],"wp:attachment":[{"href":"https:\/\/thefinitive.com\/en\/wp-json\/wp\/v2\/media?parent=7449"}],"wp:term":[{"taxonomy":"product_cat","embeddable":true,"href":"https:\/\/thefinitive.com\/en\/wp-json\/wp\/v2\/product_cat?post=7449"},{"taxonomy":"product_tag","embeddable":true,"href":"https:\/\/thefinitive.com\/en\/wp-json\/wp\/v2\/product_tag?post=7449"}],"curies":[{"name":"wp","href":"https:\/\/api.w.org\/{rel}","templated":true}]}}