{"id":7425,"date":"2020-12-15T22:20:37","date_gmt":"2020-12-15T22:20:37","guid":{"rendered":"https:\/\/www.thefinitive.com\/?post_type=product&#038;p=7425"},"modified":"2023-03-20T17:29:28","modified_gmt":"2023-03-20T16:29:28","slug":"bertelli-profilo-continuo-dux-emanuele-turin-1933","status":"publish","type":"product","link":"https:\/\/thefinitive.com\/en\/prodotto\/bertelli-profilo-continuo-dux-emanuele-turin-1933\/","title":{"rendered":"\u274c\ud83d\ude41Bertelli profilo continuo DUX &#8211; Emanuele Turin 1933"},"content":{"rendered":"<p><strong>Profilo Continuo del Duce <\/strong>, <strong>DUX<\/strong>\u00a0 opera di Renato Bertelli, realizzato in &#8220;metallo&#8221; , ovvero <strong>BRONZO<\/strong>, e distribuito dalla ditta <strong>EMANUELE TURIN<\/strong> di Torino, come evidente dalla targhetta ancora in parte visibile alla base della scultura.<\/p>\n<p><a href=\"https:\/\/www.thefinitive.com\/?attachment_id=7436\" rel=\"attachment wp-att-7436\"><img loading=\"lazy\" decoding=\"async\" class=\"size-full wp-image-7436 aligncenter\" src=\"https:\/\/www.thefinitive.com\/wp-content\/uploads\/2020\/12\/profiloduce.jpg\" alt=\"\" width=\"450\" height=\"294\" srcset=\"https:\/\/thefinitive.com\/wp-content\/uploads\/2020\/12\/profiloduce.jpg 450w, https:\/\/thefinitive.com\/wp-content\/uploads\/2020\/12\/profiloduce-64x42.jpg 64w, https:\/\/thefinitive.com\/wp-content\/uploads\/2020\/12\/profiloduce-300x196.jpg 300w\" sizes=\"(max-width: 450px) 100vw, 450px\" \/><\/a><\/p>\n<p>&nbsp;<\/p>\n<p>Il profilo continuo DUX in oggetto, fu un&#8217;opera originale dello scultore <strong>Renato Bertelli<\/strong> che la ide\u00f2 nel 1933 , realizzandola\u00a0 in perfetto stile futurista. Comunque si guarda la scultura, da qualunque angolo, si scorge il profilo del volto del Duce, con indosso l&#8217;elmetto della Milizia (Milizia Volontaria Sicurezza Nazionale MVSN)<\/p>\n<p>Alla base del bronzetto ovvero sul collo dello stesso, troviamo l&#8217;incisione\u00a0 <strong>D U X\u00a0<\/strong><\/p>\n<h2><\/h2>\n<p>Il Profilo Continuo \u00e8 montato su una basetta in bachelite, che presenta delle crepe, ma non ne compromette la stabilit\u00e0 e non inficia l&#8217;aspetto generale dell&#8217;opera.<\/p>\n<p>Misura approssimativamente cm.8 in altezza senza la basetta nera, e circa cm.6 di diametro massimo.<\/p>\n<p>&nbsp;<\/p>\n<h2>NOTIZIE<\/h2>\n<p><b><img loading=\"lazy\" decoding=\"async\" class=\"alignnone size-medium wp-image-2298\" src=\"https:\/\/www.thefinitive.com\/wp-content\/uploads\/2019\/08\/Benito_Mussolini_colored-202x300.jpg\" alt=\"mussolini primo caporale\" width=\"202\" height=\"300\" srcset=\"https:\/\/thefinitive.com\/wp-content\/uploads\/2019\/08\/Benito_Mussolini_colored-202x300.jpg 202w, https:\/\/thefinitive.com\/wp-content\/uploads\/2019\/08\/Benito_Mussolini_colored-64x95.jpg 64w, https:\/\/thefinitive.com\/wp-content\/uploads\/2019\/08\/Benito_Mussolini_colored-691x1024.jpg 691w, https:\/\/thefinitive.com\/wp-content\/uploads\/2019\/08\/Benito_Mussolini_colored.jpg 742w\" sizes=\"(max-width: 202px) 100vw, 202px\" \/> <\/b><\/p>\n<p><b>Benito Amilcare Andrea Mussolini<\/b>, noto anche con il solo appellativo di\u00a0<b><a title=\"Duce\" href=\"https:\/\/it.wikipedia.org\/wiki\/Duce\">Duce<\/a><\/b><sup id=\"cite_ref-A_3-0\" class=\"reference\"><\/sup><sup id=\"cite_ref-4\" class=\"reference\"><\/sup>\u00a0(Dovia di Predappio,\u00a029 luglio\u00a01883\u00a0\u2013\u00a0Giulino,\u00a028 aprile\u00a01945), \u00e8 stato un\u00a0politico,\u00a0militare,\u00a0giornalista\u00a0e\u00a0dittatore\u00a0italiano.<\/p>\n<p>Fondatore del\u00a0fascismo, fu\u00a0presidente del Consiglio\u00a0del\u00a0Regno d&#8217;Italia\u00a0dal 31 ottobre\u00a01922\u00a0al 25 luglio\u00a01943. Nel gennaio\u00a01925\u00a0assunse\u00a0<i>de facto<\/i>\u00a0poteri\u00a0dittatoriali\u00a0e dal dicembre dello stesso anno acquis\u00ec il titolo di\u00a0capo del governo primo ministro segretario di Stato. Dopo la\u00a0guerra d&#8217;Etiopia, aggiunse al titolo di\u00a0duce\u00a0quello di &#8220;Fondatore dell&#8217;Impero&#8221; e divenne\u00a0Primo Maresciallo dell&#8217;Impero\u00a0il 30 marzo\u00a01938. Fu capo della\u00a0Repubblica Sociale Italiana\u00a0dal settembre\u00a01943\u00a0al 27 aprile\u00a01945.<\/p>\n<p>Esponente di spicco del\u00a0Partito Socialista Italiano, fu nominato direttore del quotidiano di partito\u00a0<i>Avanti!<\/i>\u00a0nel\u00a01912. Convinto anti-interventista negli anni della\u00a0guerra italo-turca\u00a0e in quelli precedenti la\u00a0prima guerra mondiale, nel\u00a01914\u00a0cambi\u00f2 opinione, dichiarandosi a favore dell&#8217;intervento in guerra. Trovatosi in netto contrasto con la linea del partito, si dimise dalla direzione dell&#8217;<i>Avanti!<\/i>\u00a0e fond\u00f2\u00a0<i>Il Popolo d&#8217;Italia<\/i>, schierato su posizioni interventiste, venendo quindi espulso dal PSI. Nell&#8217;immediato dopoguerra, cavalcando lo scontento per la &#8220;vittoria mutilata&#8221;, fond\u00f2 i\u00a0Fasci italiani di combattimento\u00a0(1919), poi divenuti\u00a0Partito Nazionale Fascista\u00a0nel\u00a01921, e si present\u00f2 al Paese con un programma politico\u00a0nazionalista\u00a0e radicale.<\/p>\n<p>Nel contesto di forte instabilit\u00e0 politica e sociale successivo alla Grande Guerra, punt\u00f2 alla presa del potere; forzando la mano alle istituzioni, con l&#8217;aiuto di atti di\u00a0squadrismo\u00a0e d&#8217;intimidazione politica che culminarono il 28 ottobre 1922 con la\u00a0marcia su Roma, Mussolini ottenne l&#8217;incarico di costituire il Governo (30 ottobre). Dopo il contestato successo alle\u00a0elezioni politiche\u00a0del\u00a01924, instaur\u00f2 nel gennaio 1925 la dittatura, risolvendo con forza la delicata situazione venutasi a creare dopo l&#8217;assassinio di\u00a0Giacomo Matteotti. Negli anni successivi consolid\u00f2 il regime, affermando la supremazia del potere esecutivo, trasformando il sistema amministrativo e inquadrando le masse nelle organizzazioni di partito.<\/p>\n<p>Nel\u00a01935, Mussolini decise di occupare l&#8217;Etiopia, provocando l&#8217;isolamento internazionale dell&#8217;Italia. Appoggi\u00f2 quindi i\u00a0franchisti\u00a0nella\u00a0guerra civile spagnola e si avvicin\u00f2 alla Germania nazionalsocialista\u00a0di\u00a0Adolf Hitler, con il quale stabil\u00ec un legame che culmin\u00f2 con il\u00a0Patto d&#8217;Acciaio\u00a0nel\u00a01939. \u00c8 in questo periodo che furono approvate in Italia le\u00a0leggi razziali.<\/p>\n<p>Nel\u00a01940, ritenendo ormai prossima la vittoria della Germania, decise per l&#8217;ingresso dell&#8217;Italia nella\u00a0seconda guerra mondiale. In seguito alle disfatte subite dalle Forze Armate italiane e alla messa in minoranza durante il\u00a0Gran Consiglio del Fascismo\u00a0(ordine del giorno Grandi\u00a0del 24 luglio 1943), fu arrestato per ordine del\u00a0Re\u00a0(25 luglio) e successivamente tradotto a\u00a0Campo Imperatore. Liberato dai tedeschi, e ormai in balia delle decisioni di Hitler, instaur\u00f2 nell&#8217;Italia settentrionale la\u00a0Repubblica Sociale Italiana. In seguito alla definitiva sconfitta delle forze italo tedesche, abbandon\u00f2 Milano la sera del 25 aprile 1945, dopo aver invano cercato di trattare la resa. Il tentativo di fuga si concluse il 27 aprile con la cattura da parte dei partigiani\u00a0a\u00a0Dongo, sul\u00a0lago di Como. Fu\u00a0fucilato\u00a0il giorno seguente insieme alla sua amante\u00a0Claretta Petacci.<\/p>\n<p><em>( Data la vastit\u00e0 degli argomenti su Benito Mussolini,\u00a0 si rimanda a consultazioni personali su web. )<\/em><\/p>\n<p>&nbsp;<\/p>\n<h3>Renato Bertelli<\/h3>\n<p><b>Renato Bertelli<\/b>\u00a0(Lastra a Signa,\u00a01900\u00a0\u2013\u00a0Firenze,\u00a01974) \u00e8 stato un\u00a0artista\u00a0e\u00a0scultore\u00a0italiano.<\/p>\n<p><a href=\"https:\/\/www.thefinitive.com\/?attachment_id=4840\" rel=\"attachment wp-att-4840\"><img loading=\"lazy\" decoding=\"async\" class=\"alignnone wp-image-4840\" src=\"https:\/\/www.thefinitive.com\/wp-content\/uploads\/2020\/02\/Renato_Bertelli.jpg\" alt=\"\" width=\"253\" height=\"286\" srcset=\"https:\/\/thefinitive.com\/wp-content\/uploads\/2020\/02\/Renato_Bertelli.jpg 400w, https:\/\/thefinitive.com\/wp-content\/uploads\/2020\/02\/Renato_Bertelli-64x72.jpg 64w, https:\/\/thefinitive.com\/wp-content\/uploads\/2020\/02\/Renato_Bertelli-265x300.jpg 265w\" sizes=\"(max-width: 253px) 100vw, 253px\" \/><\/a><\/p>\n<p>&nbsp;<\/p>\n<p>Il padre Alberto, titolare di una piccola lavorazione di terrecotte artistiche, e la rilevanza nel settore della vicina Manifattura artistica di Signa, lo avvicinano a quel \u201cclima\u201d artistico che lo porter\u00e0, nel 1914, all\u2019Accademia di Belle Arti di Firenze\u00a0(oltre all\u2019esempio costituito dall\u2019amico\u00a0Mario Moschi, di quattro anni pi\u00f9 anziano, che lo aveva preceduto). Si avvarr\u00e0 per la scultura, degli insegnamenti di\u00a0Domenico Trentacoste\u00a0e\u00a0Libero Andreotti; conclude gli studi nell\u2019anno accademico 1921-1922. Esordisce alla \u201cI Mostra Firenze Primaverile\u201d nel 1922 al Parterre di S. Gallo, con una scultura in gesso intitolata \u201cPiccola danzatrice\u201d. L\u2019anno successivo si sposa e, dopo una breve parentesi fiorentina, torna ad abitare a Lastra a Signa, dove nel 1925 nasce il figlio Giorgio. Tra il 1926 e il 1927 esegue rilievi plastici per il rivestimento delle colonne laterali all\u2019ingresso della Casa dei Sindacati Fascisti delle Signe a\u00a0Ponte a Signa\u00a0su commissione dell\u2019architetto\u00a0Adolfo Copped\u00e8. Nel 1928 partecipa alla XVI\u00a0biennale di Venezia\u00a0e alla I Mostra Regionale Arte Toscana di Firenze, dove ottiene la Medaglia d\u2019oro. In seguito l\u2019intero suo percorso artistico si affider\u00e0 a una produzione di scultura sacra, decorativa o di piccole figure. Nei primi anni Trenta entr\u00f2 nella sfera del\u00a0futurismo\u00a0toscano ricoprendo nel 1933 il ruolo di \u201cCapogruppo Signa\u201d tra i Futuristi Indipendenti diretti da\u00a0Antonio Marasco. In quel periodo, oltre a studi sull\u2019aeropittura e sull\u2019arte sacra futurista&#8230; Nel 1931 realizza la \u201cMadonna del buon viaggio\u201d, brevettandone l\u2019immagine , cos\u00ec come avverr\u00e0 per \u201cProfilo continuo\u201d brevettato il 26 luglio 1933, sorta di anticipazione di quel \u201cconsumismo iconografico\u201d, che si affermer\u00e0 pochi decenni pi\u00f9 tardi.<\/p>\n<p>Bertelli tuttavia per il suo carattere \u201clibero\u201d frequenta poco gli ambienti politici e intellettuali ed \u00e8 lontano dal mondo della committenza.<\/p>\n<h2><span id=\"L.27opera_pi.C3.B9_famosa_.22Profilo_Continuo.22\"><\/span><span id=\"L'opera_pi\u00f9_famosa_&quot;Profilo_Continuo&quot;\" class=\"mw-headline\">L&#8217;opera pi\u00f9 famosa &#8220;Profilo Continuo&#8221;<\/span><\/h2>\n<div class=\"thumb tright\">\n<div class=\"thumbinner\">\n<p><a class=\"image\" href=\"https:\/\/it.wikipedia.org\/wiki\/File:Bertelli_Profilo_continuo.jpg\"><img loading=\"lazy\" decoding=\"async\" class=\"thumbimage\" src=\"https:\/\/upload.wikimedia.org\/wikipedia\/commons\/thumb\/a\/a0\/Bertelli_Profilo_continuo.jpg\/220px-Bertelli_Profilo_continuo.jpg\" srcset=\"\/\/upload.wikimedia.org\/wikipedia\/commons\/thumb\/a\/a0\/Bertelli_Profilo_continuo.jpg\/330px-Bertelli_Profilo_continuo.jpg 1.5x, \/\/upload.wikimedia.org\/wikipedia\/commons\/thumb\/a\/a0\/Bertelli_Profilo_continuo.jpg\/440px-Bertelli_Profilo_continuo.jpg 2x\" alt=\"\" width=\"220\" height=\"293\" data-file-width=\"1200\" data-file-height=\"1600\" \/><\/a><\/p>\n<div class=\"thumbcaption\">\n<div class=\"magnify\"><\/div>\n<p>Renato Bertelli,\u00a0<i>Profilo continuo del Duce DUX<\/i><\/p>\n<\/div>\n<\/div>\n<\/div>\n<p>Universalmente riconosciuta come la sua opera pi\u00f9 famosa, nel suo decennio vitale, questa forma circolare che fondeva in un geniale effetto statico-dinamico deco e futurismo, incontr\u00f2 un buon risultato commerciale che la diffuse in case del Fascio, uffici e abitazioni private non solo italiane. Una forma nella quale il richiamo classico del\u00a0Giano bifronte\u00a0confluiva nei principi dinamici futuristi enunciati da\u00a0<a title=\"Umberto Boccioni\" href=\"https:\/\/it.wikipedia.org\/wiki\/Umberto_Boccioni\">Boccioni<\/a>\u00a0riguardo alla linea curva, elemento privilegiato in quei medesimi anni Trenta dai pi\u00f9 moderni architetti italiani. Il dinamismo plastico del Profilo del Duce visibile da ogni punto (come ha osservato Marco Moretti, critico d\u2019arte e studioso dell\u2019artista) rilanciava \u00absenza retorica la metafora di un Capo vigile e insonne che tutto vede e sorveglia\u00bb. (cfr. M. Moretti,\u00a0<i>Renato Bertelli<\/i>, monografia critica, Masso delle Fate edizioni, Signa, 2007, pp.\u00a0160)<\/p>\n<p>Svincolato oggi dal retaggio della propria epoca, il Profilo Continuo, considerato come testata d\u2019angolo del secondo futurismo, \u00e8 un\u2019opera d\u2019arte richiesta nelle pi\u00f9 importanti mostre in ogni parte del mondo, continuando a stimolare, come gi\u00e0 negli anni Ottanta il fotografo Robert Mapplethorpe e lo scultore Tony Cragg, la creativit\u00e0 di numerosi artisti. Ad oggi, pochissimi esemplari sono giunti ai giorni nostri, tutti comunque presenti presso musei e poche raccolte personali.<\/p>\n<p>&nbsp;<\/p>\n<p>Fonti <a href=\"https:\/\/it.wikipedia.org\/wiki\/Renato_Bertelli\"><em>Wikipedia<\/em><\/a>\u00a0 , <a href=\"https:\/\/it.wikipedia.org\/wiki\/Benito_Mussolini\">Mussolini<\/a><\/p>\n<p>&nbsp;<\/p>\n<p>12.20<\/p>\n","protected":false},"excerpt":{"rendered":"<p style=\"text-align: center;\"><strong>Profilo Continuo del Duce <\/strong>, opera di Renato Bertelli, realizzato in <strong>bronzo<\/strong> su basetta in bachelite, e distribuito dalla ditta Emanuele Turin di Torino, come riportato dalla targhetta applicata alla base.<\/p>\n<p style=\"text-align: center;\">Misure approssimative\u00a0 cm.8\u00a0 in altezza<\/p>\n<p>&nbsp;<\/p>\n<p style=\"text-align: center;\"><strong><em>(Scorri la pagina in basso per ulteriori dettagli e informazioni)<\/em><\/strong><\/p>\n","protected":false},"featured_media":7426,"comment_status":"open","ping_status":"closed","template":"","meta":[],"product_cat":[586],"product_tag":[248,172,245,283,197,155,282,160,198,271,156,173],"yoast_head":"<!-- This site is optimized with the Yoast SEO plugin v21.9.1 - https:\/\/yoast.com\/wordpress\/plugins\/seo\/ -->\n<title>\u274c\ud83d\ude41Bertelli profilo continuo DUX - Emanuele Turin 1933 Thefinitive<\/title>\n<meta name=\"description\" content=\"BERTELLI profilo continuo del Duce DUX - futurismo - 1933 - Benito Mussolini - EMANUELE TURIN Torino Fascist Futurist Continuous Dux Profile\" \/>\n<meta name=\"robots\" content=\"index, follow, max-snippet:-1, max-image-preview:large, max-video-preview:-1\" \/>\n<link rel=\"canonical\" href=\"https:\/\/thefinitive.com\/en\/prodotto\/bertelli-profilo-continuo-dux-emanuele-turin-1933\/\" \/>\n<meta property=\"og:locale\" content=\"en_US\" \/>\n<meta property=\"og:type\" content=\"article\" \/>\n<meta property=\"og:title\" content=\"\u274c\ud83d\ude41Bertelli profilo continuo DUX - Emanuele Turin 1933 Thefinitive\" \/>\n<meta property=\"og:description\" content=\"BERTELLI profilo continuo del Duce DUX - futurismo - 1933 - Benito Mussolini - EMANUELE TURIN Torino Fascist Futurist Continuous Dux Profile\" \/>\n<meta property=\"og:url\" content=\"https:\/\/thefinitive.com\/en\/prodotto\/bertelli-profilo-continuo-dux-emanuele-turin-1933\/\" \/>\n<meta property=\"og:site_name\" content=\"Thefinitive\" \/>\n<meta property=\"article:publisher\" content=\"https:\/\/business.facebook.com\/Thefinitive-111771813534320\/\" \/>\n<meta property=\"article:modified_time\" content=\"2023-03-20T16:29:28+00:00\" \/>\n<meta property=\"og:image\" content=\"https:\/\/thefinitive.com\/wp-content\/uploads\/2020\/12\/bert1-2.jpg\" \/>\n\t<meta property=\"og:image:width\" content=\"2160\" \/>\n\t<meta property=\"og:image:height\" content=\"2160\" \/>\n\t<meta property=\"og:image:type\" content=\"image\/jpeg\" \/>\n<meta name=\"twitter:card\" content=\"summary_large_image\" \/>\n<meta name=\"twitter:label1\" content=\"Est. reading time\" \/>\n\t<meta name=\"twitter:data1\" content=\"6 minutes\" \/>\n<script type=\"application\/ld+json\" class=\"yoast-schema-graph\">{\"@context\":\"https:\/\/schema.org\",\"@graph\":[{\"@type\":\"WebPage\",\"@id\":\"https:\/\/thefinitive.com\/en\/prodotto\/bertelli-profilo-continuo-dux-emanuele-turin-1933\/\",\"url\":\"https:\/\/thefinitive.com\/en\/prodotto\/bertelli-profilo-continuo-dux-emanuele-turin-1933\/\",\"name\":\"\u274c\ud83d\ude41Bertelli profilo continuo DUX - Emanuele Turin 1933 Thefinitive\",\"isPartOf\":{\"@id\":\"https:\/\/thefinitive.com\/en\/#website\"},\"datePublished\":\"2020-12-15T22:20:37+00:00\",\"dateModified\":\"2023-03-20T16:29:28+00:00\",\"description\":\"BERTELLI profilo continuo del Duce DUX - futurismo - 1933 - Benito Mussolini - EMANUELE TURIN Torino Fascist Futurist Continuous Dux Profile\",\"breadcrumb\":{\"@id\":\"https:\/\/thefinitive.com\/en\/prodotto\/bertelli-profilo-continuo-dux-emanuele-turin-1933\/#breadcrumb\"},\"inLanguage\":\"en-US\",\"potentialAction\":[{\"@type\":\"ReadAction\",\"target\":[\"https:\/\/thefinitive.com\/en\/prodotto\/bertelli-profilo-continuo-dux-emanuele-turin-1933\/\"]}]},{\"@type\":\"BreadcrumbList\",\"@id\":\"https:\/\/thefinitive.com\/en\/prodotto\/bertelli-profilo-continuo-dux-emanuele-turin-1933\/#breadcrumb\",\"itemListElement\":[{\"@type\":\"ListItem\",\"position\":1,\"name\":\"Home\",\"item\":\"https:\/\/thefinitive.com\/en\/\"},{\"@type\":\"ListItem\",\"position\":2,\"name\":\"Shop\",\"item\":\"https:\/\/thefinitive.com\/en\/shop-2\/\"},{\"@type\":\"ListItem\",\"position\":3,\"name\":\"\u274c\ud83d\ude41Bertelli profilo continuo DUX &#8211; Emanuele Turin 1933\"}]},{\"@type\":\"WebSite\",\"@id\":\"https:\/\/thefinitive.com\/en\/#website\",\"url\":\"https:\/\/thefinitive.com\/en\/\",\"name\":\"Thefinitive\",\"description\":\"Antiquariato Online\",\"publisher\":{\"@id\":\"https:\/\/thefinitive.com\/en\/#organization\"},\"potentialAction\":[{\"@type\":\"SearchAction\",\"target\":{\"@type\":\"EntryPoint\",\"urlTemplate\":\"https:\/\/thefinitive.com\/en\/?s={search_term_string}\"},\"query-input\":\"required name=search_term_string\"}],\"inLanguage\":\"en-US\"},{\"@type\":\"Organization\",\"@id\":\"https:\/\/thefinitive.com\/en\/#organization\",\"name\":\"Thefinitive\",\"url\":\"https:\/\/thefinitive.com\/en\/\",\"logo\":{\"@type\":\"ImageObject\",\"inLanguage\":\"en-US\",\"@id\":\"https:\/\/thefinitive.com\/en\/#\/schema\/logo\/image\/\",\"url\":\"https:\/\/thefinitive.com\/wp-content\/uploads\/2019\/07\/logo4vett.svg\",\"contentUrl\":\"https:\/\/thefinitive.com\/wp-content\/uploads\/2019\/07\/logo4vett.svg\",\"width\":500,\"height\":100,\"caption\":\"Thefinitive\"},\"image\":{\"@id\":\"https:\/\/thefinitive.com\/en\/#\/schema\/logo\/image\/\"},\"sameAs\":[\"https:\/\/business.facebook.com\/Thefinitive-111771813534320\/\",\"https:\/\/www.instagram.com\/_thefinitive_\/\"]}]}<\/script>\n<!-- \/ Yoast SEO plugin. -->","yoast_head_json":{"title":"\u274c\ud83d\ude41Bertelli profilo continuo DUX - Emanuele Turin 1933 Thefinitive","description":"BERTELLI profilo continuo del Duce DUX - futurismo - 1933 - Benito Mussolini - EMANUELE TURIN Torino Fascist Futurist Continuous Dux Profile","robots":{"index":"index","follow":"follow","max-snippet":"max-snippet:-1","max-image-preview":"max-image-preview:large","max-video-preview":"max-video-preview:-1"},"canonical":"https:\/\/thefinitive.com\/en\/prodotto\/bertelli-profilo-continuo-dux-emanuele-turin-1933\/","og_locale":"en_US","og_type":"article","og_title":"\u274c\ud83d\ude41Bertelli profilo continuo DUX - Emanuele Turin 1933 Thefinitive","og_description":"BERTELLI profilo continuo del Duce DUX - futurismo - 1933 - Benito Mussolini - EMANUELE TURIN Torino Fascist Futurist Continuous Dux Profile","og_url":"https:\/\/thefinitive.com\/en\/prodotto\/bertelli-profilo-continuo-dux-emanuele-turin-1933\/","og_site_name":"Thefinitive","article_publisher":"https:\/\/business.facebook.com\/Thefinitive-111771813534320\/","article_modified_time":"2023-03-20T16:29:28+00:00","og_image":[{"width":2160,"height":2160,"url":"https:\/\/thefinitive.com\/wp-content\/uploads\/2020\/12\/bert1-2.jpg","type":"image\/jpeg"}],"twitter_card":"summary_large_image","twitter_misc":{"Est. reading time":"6 minutes"},"schema":{"@context":"https:\/\/schema.org","@graph":[{"@type":"WebPage","@id":"https:\/\/thefinitive.com\/en\/prodotto\/bertelli-profilo-continuo-dux-emanuele-turin-1933\/","url":"https:\/\/thefinitive.com\/en\/prodotto\/bertelli-profilo-continuo-dux-emanuele-turin-1933\/","name":"\u274c\ud83d\ude41Bertelli profilo continuo DUX - Emanuele Turin 1933 Thefinitive","isPartOf":{"@id":"https:\/\/thefinitive.com\/en\/#website"},"datePublished":"2020-12-15T22:20:37+00:00","dateModified":"2023-03-20T16:29:28+00:00","description":"BERTELLI profilo continuo del Duce DUX - futurismo - 1933 - Benito Mussolini - EMANUELE TURIN Torino Fascist Futurist Continuous Dux Profile","breadcrumb":{"@id":"https:\/\/thefinitive.com\/en\/prodotto\/bertelli-profilo-continuo-dux-emanuele-turin-1933\/#breadcrumb"},"inLanguage":"en-US","potentialAction":[{"@type":"ReadAction","target":["https:\/\/thefinitive.com\/en\/prodotto\/bertelli-profilo-continuo-dux-emanuele-turin-1933\/"]}]},{"@type":"BreadcrumbList","@id":"https:\/\/thefinitive.com\/en\/prodotto\/bertelli-profilo-continuo-dux-emanuele-turin-1933\/#breadcrumb","itemListElement":[{"@type":"ListItem","position":1,"name":"Home","item":"https:\/\/thefinitive.com\/en\/"},{"@type":"ListItem","position":2,"name":"Shop","item":"https:\/\/thefinitive.com\/en\/shop-2\/"},{"@type":"ListItem","position":3,"name":"\u274c\ud83d\ude41Bertelli profilo continuo DUX &#8211; Emanuele Turin 1933"}]},{"@type":"WebSite","@id":"https:\/\/thefinitive.com\/en\/#website","url":"https:\/\/thefinitive.com\/en\/","name":"Thefinitive","description":"Antiquariato Online","publisher":{"@id":"https:\/\/thefinitive.com\/en\/#organization"},"potentialAction":[{"@type":"SearchAction","target":{"@type":"EntryPoint","urlTemplate":"https:\/\/thefinitive.com\/en\/?s={search_term_string}"},"query-input":"required name=search_term_string"}],"inLanguage":"en-US"},{"@type":"Organization","@id":"https:\/\/thefinitive.com\/en\/#organization","name":"Thefinitive","url":"https:\/\/thefinitive.com\/en\/","logo":{"@type":"ImageObject","inLanguage":"en-US","@id":"https:\/\/thefinitive.com\/en\/#\/schema\/logo\/image\/","url":"https:\/\/thefinitive.com\/wp-content\/uploads\/2019\/07\/logo4vett.svg","contentUrl":"https:\/\/thefinitive.com\/wp-content\/uploads\/2019\/07\/logo4vett.svg","width":500,"height":100,"caption":"Thefinitive"},"image":{"@id":"https:\/\/thefinitive.com\/en\/#\/schema\/logo\/image\/"},"sameAs":["https:\/\/business.facebook.com\/Thefinitive-111771813534320\/","https:\/\/www.instagram.com\/_thefinitive_\/"]}]}},"_links":{"self":[{"href":"https:\/\/thefinitive.com\/en\/wp-json\/wp\/v3\/product\/7425"}],"collection":[{"href":"https:\/\/thefinitive.com\/en\/wp-json\/wp\/v3\/product"}],"about":[{"href":"https:\/\/thefinitive.com\/en\/wp-json\/wp\/v2\/types\/product"}],"replies":[{"embeddable":true,"href":"https:\/\/thefinitive.com\/en\/wp-json\/wp\/v2\/comments?post=7425"}],"version-history":[{"count":1,"href":"https:\/\/thefinitive.com\/en\/wp-json\/wp\/v3\/product\/7425\/revisions"}],"predecessor-version":[{"id":14646,"href":"https:\/\/thefinitive.com\/en\/wp-json\/wp\/v3\/product\/7425\/revisions\/14646"}],"wp:featuredmedia":[{"embeddable":true,"href":"https:\/\/thefinitive.com\/en\/wp-json\/wp\/v2\/media\/7426"}],"wp:attachment":[{"href":"https:\/\/thefinitive.com\/en\/wp-json\/wp\/v2\/media?parent=7425"}],"wp:term":[{"taxonomy":"product_cat","embeddable":true,"href":"https:\/\/thefinitive.com\/en\/wp-json\/wp\/v2\/product_cat?post=7425"},{"taxonomy":"product_tag","embeddable":true,"href":"https:\/\/thefinitive.com\/en\/wp-json\/wp\/v2\/product_tag?post=7425"}],"curies":[{"name":"wp","href":"https:\/\/api.w.org\/{rel}","templated":true}]}}