{"id":7287,"date":"2020-11-08T18:40:45","date_gmt":"2020-11-08T18:40:45","guid":{"rendered":"https:\/\/www.thefinitive.com\/?post_type=product&#038;p=7287"},"modified":"2023-03-20T15:37:51","modified_gmt":"2023-03-20T14:37:51","slug":"regia-aeronautica-brevetto-pilota-nuovo-modello-1930-copia","status":"publish","type":"product","link":"https:\/\/thefinitive.com\/en\/prodotto\/regia-aeronautica-brevetto-pilota-nuovo-modello-1930-copia\/","title":{"rendered":"\u274c\ud83d\ude41Regia Aeronautica Brevetto Pilota nuovo modello 1930"},"content":{"rendered":"<p>Brevetto da pilota della <b>Regia Aeronautica <\/b>come stabilito dal <b><i>regolamento sull&#8217;Uniforme OD.4 Edizione 1930<\/i><\/b> . Il brevetto \u00e8\u00a0 il classico brevetto della Regia Aeronautica , senza fascio littorio tra gli artigli dell&#8217;aquila, prodotto probabilmente dalla Stefano Johnson di Milano, senza marchio, in metallo pieno , dorato, con spilla posteriore con chiusura a pistoncino.<\/p>\n<p>Con il nuovo regolamento, la Regia Aeronautica ufficializzava le modifiche alle tenute di servizio, uniformi ed accessori, incluso il brevetto per Pilota Militare, dando cos\u00ec un aspetto pi\u00f9 imponente all&#8217;aquila stessa, che aveva la testa rivolta a sinistra di chi guarda. La corona \u00e8 applicata con due barrette metalliche al corpo dell&#8217;aquila. Notevole la realizzazione al cesello dei dettagli dell&#8217;aquila, dei particolari alle piume.<\/p>\n<p>Come da riferimento del volume &#8220;<strong><em>Storia e gloria delle aquile 1906-1946<\/em><\/strong>&#8221; (L.Cassioli &#8211; G.Del Gais)<\/p>\n<p>&nbsp;<\/p>\n<p>&nbsp;<\/p>\n<p>&nbsp;<\/p>\n<p><a href=\"https:\/\/www.thefinitive.com\/20200919_121754\/\" rel=\"attachment wp-att-6986\"><img loading=\"lazy\" decoding=\"async\" class=\"alignnone wp-image-6986\" src=\"https:\/\/www.thefinitive.com\/wp-content\/uploads\/2020\/09\/20200919_121754.jpg\" alt=\"\" width=\"763\" height=\"394\" srcset=\"https:\/\/thefinitive.com\/wp-content\/uploads\/2020\/09\/20200919_121754.jpg 2149w, https:\/\/thefinitive.com\/wp-content\/uploads\/2020\/09\/20200919_121754-1200x619.jpg 1200w, https:\/\/thefinitive.com\/wp-content\/uploads\/2020\/09\/20200919_121754-64x33.jpg 64w, https:\/\/thefinitive.com\/wp-content\/uploads\/2020\/09\/20200919_121754-300x155.jpg 300w, https:\/\/thefinitive.com\/wp-content\/uploads\/2020\/09\/20200919_121754-1024x528.jpg 1024w, https:\/\/thefinitive.com\/wp-content\/uploads\/2020\/09\/20200919_121754-768x396.jpg 768w, https:\/\/thefinitive.com\/wp-content\/uploads\/2020\/09\/20200919_121754-1536x793.jpg 1536w, https:\/\/thefinitive.com\/wp-content\/uploads\/2020\/09\/20200919_121754-2048x1057.jpg 2048w\" sizes=\"(max-width: 763px) 100vw, 763px\" \/><\/a><\/p>\n<p>Questo brevetto da pilota della Regia Aeronautica \u00e8 in condizioni perfette.<\/p>\n<div data-canvas-width=\"324.7324431302712\">\n<div style=\"text-align: left;\" data-canvas-width=\"320.6933530459326\"><\/div>\n<div style=\"text-align: left;\" data-canvas-width=\"320.6933530459326\"><\/div>\n<div data-canvas-width=\"320.6933530459326\"><strong>MATERIALE<\/strong> <strong>&#8230;&#8230;. :<\/strong>\u00a0 metallo , dorato<\/div>\n<\/div>\n<div data-canvas-width=\"324.7324431302712\">\n<div data-canvas-width=\"297.121370921676\"><\/div>\n<div data-canvas-width=\"297.121370921676\"><strong>DIMENSIONI<\/strong> <strong>&#8230;&#8230;:\u00a0<\/strong> lunghezza circa mm.70 x 25<\/div>\n<div data-canvas-width=\"297.121370921676\"><\/div>\n<div data-canvas-width=\"297.121370921676\"><strong>MARCHIO<\/strong> <strong>&#8230;&#8230;&#8230;..:\u00a0<\/strong> S.Johnson Milano (?)<\/div>\n<\/div>\n<p>&nbsp;<\/p>\n<p>&nbsp;<\/p>\n<p>&nbsp;<\/p>\n<h2 style=\"text-align: left;\">NOTIZIE<\/h2>\n<div data-canvas-width=\"297.121370921676\">Dato il vasto argomento, Regia Aeronautica, Aeronautica Nazionale Repubblicana, Aeronautica della Repubblica Italiana, con le loro differenti istituzioni e delibere di regolamenti, per via dei differenti spazi temporali, si rimanda ai canali di ricerca sul web.<\/div>\n<div data-canvas-width=\"297.121370921676\"><\/div>\n<h3 data-canvas-width=\"297.121370921676\"><\/h3>\n<h3 data-canvas-width=\"297.121370921676\">Regia Aeronautica<\/h3>\n<div data-canvas-width=\"297.121370921676\">\n<p>La\u00a0<b>Regia Aeronautica<\/b>\u00a0fu, assieme al\u00a0Regio Esercito\u00a0e alla\u00a0Regia Marina, una delle tre forze armate del\u00a0Regno d&#8217;Italia.<\/p>\n<p>Istituita con\u00a0regio decreto\u00a0nel 1923, i suoi uomini ebbero un ruolo di primo piano nella cosiddetta &#8220;et\u00e0 dell&#8217;oro&#8221; dell&#8217;aviazione, compiendo varie\u00a0crociere aeree\u00a0e gareggiando nella\u00a0Coppa Schneider. La politica estera del regime\u00a0fascista\u00a0la vide impegnata nel 1935 e nel 1936 nella\u00a0guerra d&#8217;Etiopia\u00a0e, dal 1936 al 1939, nella\u00a0guerra civile spagnola\u00a0dove fu attiva l&#8217;Aviazione Legionaria.<\/p>\n<p>Successivamente, dal 1940 al 1943, prese parte alla\u00a0seconda guerra mondiale\u00a0nel corso della quale, in seguito all&#8217;armistizio di Cassibile\u00a0reso noto l&#8217;8 settembre 1943, i suoi uomini si divisero tra l&#8217;Aeronautica Cobelligerante, fedele al\u00a0Regno del Sud, e l&#8217;Aeronautica Nazionale Repubblicana, forza armata della\u00a0Repubblica Sociale Italiana\u00a0di\u00a0Benito Mussolini.<\/p>\n<p>A partire dal 18 giugno\u00a01946, in seguito alla\u00a0nascita della Repubblica Italiana, ha modificato la denominazione in\u00a0Aeronautica Militare.<\/p>\n<\/div>\n<div data-canvas-width=\"297.121370921676\">\n<p>&nbsp;<\/p>\n<h3>Aeronautica Nazionale Repubblicana<\/h3>\n<p>L&#8217;<b>Aeronautica Nazionale Repubblicana<\/b>\u00a0(abbreviata in\u00a0<b>ANR<\/b>), costituita come\u00a0<b>Aeronautica Repubblicana<\/b>\u00a0il 27 ottobre\u00a01943\u00a0ed operante tra la fine del 1943 e il 19 aprile 1945, era l&#8217;aeronautica militare\u00a0della\u00a0Repubblica Sociale Italiana, attiva principalmente nel contrastare le formazioni di\u00a0bombardieri\u00a0statunitensi\u00a0dirette a colpire l&#8217;Italia settentrionale\u00a0o la\u00a0Germania meridionale. Oltre ai reparti da\u00a0caccia, l&#8217;ANR, che adott\u00f2 l&#8217;aggettivo &#8220;<i>Nazionale<\/i>&#8221; nel giugno 1944,<sup id=\"cite_ref-AM_3-0\" class=\"reference\">[1]<\/sup>\u00a0disponeva anche di un gruppo\u00a0aerosiluranti\u00a0e di reparti da trasporto.<\/p>\n<p>Nata con alcune tensioni con il comandante dell&#8217;aeronautica tedesca in Italia,\u00a0feldmaresciallo\u00a0Wolfram von Richthofen\u00a0che mirava ad inquadrare il personale italiano in una &#8220;<i>legione straniera<\/i>&#8221; inserita nella\u00a0Luftwaffe, l&#8217;ANR riusc\u00ec ad ottenere una relativa indipendenza (le operazioni rimasero ad esempio di competenza dei tedeschi) ed ebbe sotto il proprio controllo anche l&#8217;artiglieria contraerea\u00a0ed i reparti di\u00a0paracadutisti.<\/p>\n<\/div>\n<p>&nbsp;<\/p>\n<h3>Aeronautica Militare<\/h3>\n<p>L&#8217;<b>Aeronautica Militare<\/b>\u00a0(abbreviata in\u00a0<b>AM<\/b>), in ambito internazionale\u00a0<b>Italian Air Force<\/b>\u00a0(abbreviata in\u00a0<b>ITAF<\/b>) \u00e8, assieme a\u00a0Esercito Italiano,\u00a0Marina Militare\u00a0ed\u00a0Arma dei Carabinieri, una delle quattro\u00a0forze armate italiane\u00a0ed \u00e8, in particolare, quella destinata alle operazioni aeree.<\/p>\n<p>&nbsp;<\/p>\n<p>Fonti <a href=\"https:\/\/it.wikipedia.org\/wiki\/Regia_Aeronautica\"><em>Wikipedia<\/em><\/a><\/p>\n<p>&nbsp;<\/p>\n<p>9.20<\/p>\n","protected":false},"excerpt":{"rendered":"<p style=\"text-align: center;\">Brevetto da pilota della <b>Regia Aeronautica <\/b>come stabilito dal <b><i>regolamento sull&#8217;Uniforme OD.4 Edizione 1930<\/i><\/b><\/p>\n<p style=\"text-align: center;\">Probabilmente prodotta dalla Stefano Johnson di Milano, senza marchio, in metallo pieno , dorato, con spilla posteriore e\u00a0 chiusura a pistoncino.<\/p>\n<div style=\"text-align: center;\" data-canvas-width=\"320.6933530459326\">Condizioni perfette, misura circa mm. 70 x 25<\/div>\n<p>&nbsp;<\/p>\n<p style=\"text-align: center;\"><strong><em>(Scorri la pagina in basso per ulteriori dettagli e informazioni)<\/em><\/strong><\/p>\n<p>&nbsp;<\/p>\n<p>&nbsp;<\/p>\n","protected":false},"featured_media":6987,"comment_status":"open","ping_status":"closed","template":"","meta":[],"product_cat":[586],"product_tag":[176,190,180,179,182,181,155,178,198,175,185],"yoast_head":"<!-- This site is optimized with the Yoast SEO plugin v21.9.1 - https:\/\/yoast.com\/wordpress\/plugins\/seo\/ -->\n<title>\u274c\ud83d\ude41Regia Aeronautica Brevetto Pilota nuovo modello 1930 - Thefinitive<\/title>\n<meta name=\"description\" content=\"Brevetto Pilota Regia Aeronautica 1930 - Original atlantic pilot italian royal air force - Stefano Johnson - Aviazione distintivo\" \/>\n<meta name=\"robots\" content=\"index, follow, max-snippet:-1, max-image-preview:large, max-video-preview:-1\" \/>\n<link rel=\"canonical\" href=\"https:\/\/thefinitive.com\/en\/prodotto\/regia-aeronautica-brevetto-pilota-nuovo-modello-1930-copia\/\" \/>\n<meta property=\"og:locale\" content=\"en_US\" \/>\n<meta property=\"og:type\" content=\"article\" \/>\n<meta property=\"og:title\" content=\"\u274c\ud83d\ude41Regia Aeronautica Brevetto Pilota nuovo modello 1930 - Thefinitive\" \/>\n<meta property=\"og:description\" content=\"Brevetto Pilota Regia Aeronautica 1930 - Original atlantic pilot italian royal air force - Stefano Johnson - Aviazione distintivo\" \/>\n<meta property=\"og:url\" content=\"https:\/\/thefinitive.com\/en\/prodotto\/regia-aeronautica-brevetto-pilota-nuovo-modello-1930-copia\/\" \/>\n<meta property=\"og:site_name\" content=\"Thefinitive\" \/>\n<meta property=\"article:publisher\" content=\"https:\/\/business.facebook.com\/Thefinitive-111771813534320\/\" \/>\n<meta property=\"article:modified_time\" content=\"2023-03-20T14:37:51+00:00\" \/>\n<meta property=\"og:image\" content=\"https:\/\/thefinitive.com\/wp-content\/uploads\/2020\/09\/brev1-2.jpg\" \/>\n\t<meta property=\"og:image:width\" content=\"2160\" \/>\n\t<meta property=\"og:image:height\" content=\"2160\" \/>\n\t<meta property=\"og:image:type\" content=\"image\/jpeg\" \/>\n<meta name=\"twitter:card\" content=\"summary_large_image\" \/>\n<meta name=\"twitter:label1\" content=\"Est. reading time\" \/>\n\t<meta name=\"twitter:data1\" content=\"3 minutes\" \/>\n<script type=\"application\/ld+json\" class=\"yoast-schema-graph\">{\"@context\":\"https:\/\/schema.org\",\"@graph\":[{\"@type\":\"WebPage\",\"@id\":\"https:\/\/thefinitive.com\/en\/prodotto\/regia-aeronautica-brevetto-pilota-nuovo-modello-1930-copia\/\",\"url\":\"https:\/\/thefinitive.com\/en\/prodotto\/regia-aeronautica-brevetto-pilota-nuovo-modello-1930-copia\/\",\"name\":\"\u274c\ud83d\ude41Regia Aeronautica Brevetto Pilota nuovo modello 1930 - Thefinitive\",\"isPartOf\":{\"@id\":\"https:\/\/thefinitive.com\/en\/#website\"},\"datePublished\":\"2020-11-08T18:40:45+00:00\",\"dateModified\":\"2023-03-20T14:37:51+00:00\",\"description\":\"Brevetto Pilota Regia Aeronautica 1930 - Original atlantic pilot italian royal air force - Stefano Johnson - Aviazione distintivo\",\"breadcrumb\":{\"@id\":\"https:\/\/thefinitive.com\/en\/prodotto\/regia-aeronautica-brevetto-pilota-nuovo-modello-1930-copia\/#breadcrumb\"},\"inLanguage\":\"en-US\",\"potentialAction\":[{\"@type\":\"ReadAction\",\"target\":[\"https:\/\/thefinitive.com\/en\/prodotto\/regia-aeronautica-brevetto-pilota-nuovo-modello-1930-copia\/\"]}]},{\"@type\":\"BreadcrumbList\",\"@id\":\"https:\/\/thefinitive.com\/en\/prodotto\/regia-aeronautica-brevetto-pilota-nuovo-modello-1930-copia\/#breadcrumb\",\"itemListElement\":[{\"@type\":\"ListItem\",\"position\":1,\"name\":\"Home\",\"item\":\"https:\/\/thefinitive.com\/en\/\"},{\"@type\":\"ListItem\",\"position\":2,\"name\":\"Shop\",\"item\":\"https:\/\/thefinitive.com\/en\/shop-2\/\"},{\"@type\":\"ListItem\",\"position\":3,\"name\":\"\u274c\ud83d\ude41Regia Aeronautica Brevetto Pilota nuovo modello 1930\"}]},{\"@type\":\"WebSite\",\"@id\":\"https:\/\/thefinitive.com\/en\/#website\",\"url\":\"https:\/\/thefinitive.com\/en\/\",\"name\":\"Thefinitive\",\"description\":\"Antiquariato Online\",\"publisher\":{\"@id\":\"https:\/\/thefinitive.com\/en\/#organization\"},\"potentialAction\":[{\"@type\":\"SearchAction\",\"target\":{\"@type\":\"EntryPoint\",\"urlTemplate\":\"https:\/\/thefinitive.com\/en\/?s={search_term_string}\"},\"query-input\":\"required name=search_term_string\"}],\"inLanguage\":\"en-US\"},{\"@type\":\"Organization\",\"@id\":\"https:\/\/thefinitive.com\/en\/#organization\",\"name\":\"Thefinitive\",\"url\":\"https:\/\/thefinitive.com\/en\/\",\"logo\":{\"@type\":\"ImageObject\",\"inLanguage\":\"en-US\",\"@id\":\"https:\/\/thefinitive.com\/en\/#\/schema\/logo\/image\/\",\"url\":\"https:\/\/thefinitive.com\/wp-content\/uploads\/2019\/07\/logo4vett.svg\",\"contentUrl\":\"https:\/\/thefinitive.com\/wp-content\/uploads\/2019\/07\/logo4vett.svg\",\"width\":500,\"height\":100,\"caption\":\"Thefinitive\"},\"image\":{\"@id\":\"https:\/\/thefinitive.com\/en\/#\/schema\/logo\/image\/\"},\"sameAs\":[\"https:\/\/business.facebook.com\/Thefinitive-111771813534320\/\",\"https:\/\/www.instagram.com\/_thefinitive_\/\"]}]}<\/script>\n<!-- \/ Yoast SEO plugin. -->","yoast_head_json":{"title":"\u274c\ud83d\ude41Regia Aeronautica Brevetto Pilota nuovo modello 1930 - Thefinitive","description":"Brevetto Pilota Regia Aeronautica 1930 - Original atlantic pilot italian royal air force - Stefano Johnson - Aviazione distintivo","robots":{"index":"index","follow":"follow","max-snippet":"max-snippet:-1","max-image-preview":"max-image-preview:large","max-video-preview":"max-video-preview:-1"},"canonical":"https:\/\/thefinitive.com\/en\/prodotto\/regia-aeronautica-brevetto-pilota-nuovo-modello-1930-copia\/","og_locale":"en_US","og_type":"article","og_title":"\u274c\ud83d\ude41Regia Aeronautica Brevetto Pilota nuovo modello 1930 - Thefinitive","og_description":"Brevetto Pilota Regia Aeronautica 1930 - Original atlantic pilot italian royal air force - Stefano Johnson - Aviazione distintivo","og_url":"https:\/\/thefinitive.com\/en\/prodotto\/regia-aeronautica-brevetto-pilota-nuovo-modello-1930-copia\/","og_site_name":"Thefinitive","article_publisher":"https:\/\/business.facebook.com\/Thefinitive-111771813534320\/","article_modified_time":"2023-03-20T14:37:51+00:00","og_image":[{"width":2160,"height":2160,"url":"https:\/\/thefinitive.com\/wp-content\/uploads\/2020\/09\/brev1-2.jpg","type":"image\/jpeg"}],"twitter_card":"summary_large_image","twitter_misc":{"Est. reading time":"3 minutes"},"schema":{"@context":"https:\/\/schema.org","@graph":[{"@type":"WebPage","@id":"https:\/\/thefinitive.com\/en\/prodotto\/regia-aeronautica-brevetto-pilota-nuovo-modello-1930-copia\/","url":"https:\/\/thefinitive.com\/en\/prodotto\/regia-aeronautica-brevetto-pilota-nuovo-modello-1930-copia\/","name":"\u274c\ud83d\ude41Regia Aeronautica Brevetto Pilota nuovo modello 1930 - Thefinitive","isPartOf":{"@id":"https:\/\/thefinitive.com\/en\/#website"},"datePublished":"2020-11-08T18:40:45+00:00","dateModified":"2023-03-20T14:37:51+00:00","description":"Brevetto Pilota Regia Aeronautica 1930 - Original atlantic pilot italian royal air force - Stefano Johnson - Aviazione distintivo","breadcrumb":{"@id":"https:\/\/thefinitive.com\/en\/prodotto\/regia-aeronautica-brevetto-pilota-nuovo-modello-1930-copia\/#breadcrumb"},"inLanguage":"en-US","potentialAction":[{"@type":"ReadAction","target":["https:\/\/thefinitive.com\/en\/prodotto\/regia-aeronautica-brevetto-pilota-nuovo-modello-1930-copia\/"]}]},{"@type":"BreadcrumbList","@id":"https:\/\/thefinitive.com\/en\/prodotto\/regia-aeronautica-brevetto-pilota-nuovo-modello-1930-copia\/#breadcrumb","itemListElement":[{"@type":"ListItem","position":1,"name":"Home","item":"https:\/\/thefinitive.com\/en\/"},{"@type":"ListItem","position":2,"name":"Shop","item":"https:\/\/thefinitive.com\/en\/shop-2\/"},{"@type":"ListItem","position":3,"name":"\u274c\ud83d\ude41Regia Aeronautica Brevetto Pilota nuovo modello 1930"}]},{"@type":"WebSite","@id":"https:\/\/thefinitive.com\/en\/#website","url":"https:\/\/thefinitive.com\/en\/","name":"Thefinitive","description":"Antiquariato Online","publisher":{"@id":"https:\/\/thefinitive.com\/en\/#organization"},"potentialAction":[{"@type":"SearchAction","target":{"@type":"EntryPoint","urlTemplate":"https:\/\/thefinitive.com\/en\/?s={search_term_string}"},"query-input":"required name=search_term_string"}],"inLanguage":"en-US"},{"@type":"Organization","@id":"https:\/\/thefinitive.com\/en\/#organization","name":"Thefinitive","url":"https:\/\/thefinitive.com\/en\/","logo":{"@type":"ImageObject","inLanguage":"en-US","@id":"https:\/\/thefinitive.com\/en\/#\/schema\/logo\/image\/","url":"https:\/\/thefinitive.com\/wp-content\/uploads\/2019\/07\/logo4vett.svg","contentUrl":"https:\/\/thefinitive.com\/wp-content\/uploads\/2019\/07\/logo4vett.svg","width":500,"height":100,"caption":"Thefinitive"},"image":{"@id":"https:\/\/thefinitive.com\/en\/#\/schema\/logo\/image\/"},"sameAs":["https:\/\/business.facebook.com\/Thefinitive-111771813534320\/","https:\/\/www.instagram.com\/_thefinitive_\/"]}]}},"_links":{"self":[{"href":"https:\/\/thefinitive.com\/en\/wp-json\/wp\/v3\/product\/7287"}],"collection":[{"href":"https:\/\/thefinitive.com\/en\/wp-json\/wp\/v3\/product"}],"about":[{"href":"https:\/\/thefinitive.com\/en\/wp-json\/wp\/v2\/types\/product"}],"replies":[{"embeddable":true,"href":"https:\/\/thefinitive.com\/en\/wp-json\/wp\/v2\/comments?post=7287"}],"version-history":[{"count":2,"href":"https:\/\/thefinitive.com\/en\/wp-json\/wp\/v3\/product\/7287\/revisions"}],"predecessor-version":[{"id":14653,"href":"https:\/\/thefinitive.com\/en\/wp-json\/wp\/v3\/product\/7287\/revisions\/14653"}],"wp:featuredmedia":[{"embeddable":true,"href":"https:\/\/thefinitive.com\/en\/wp-json\/wp\/v2\/media\/6987"}],"wp:attachment":[{"href":"https:\/\/thefinitive.com\/en\/wp-json\/wp\/v2\/media?parent=7287"}],"wp:term":[{"taxonomy":"product_cat","embeddable":true,"href":"https:\/\/thefinitive.com\/en\/wp-json\/wp\/v2\/product_cat?post=7287"},{"taxonomy":"product_tag","embeddable":true,"href":"https:\/\/thefinitive.com\/en\/wp-json\/wp\/v2\/product_tag?post=7287"}],"curies":[{"name":"wp","href":"https:\/\/api.w.org\/{rel}","templated":true}]}}