{"id":7283,"date":"2020-11-08T18:22:38","date_gmt":"2020-11-08T18:22:38","guid":{"rendered":"https:\/\/www.thefinitive.com\/?post_type=product&#038;p=7283"},"modified":"2023-03-20T15:37:55","modified_gmt":"2023-03-20T14:37:55","slug":"keppy-guardia-nazionale-1860-kepi-regno-di-sardegna","status":"publish","type":"product","link":"https:\/\/thefinitive.com\/en\/prodotto\/keppy-guardia-nazionale-1860-kepi-regno-di-sardegna\/","title":{"rendered":"\u274c\ud83d\ude41Keppy GUARDIA NAZIONALE 1860 Kepi Regno di Sardegna"},"content":{"rendered":"<p><em><strong>Keppy<\/strong> <\/em>per milite della <strong>GUARDIA NAZIONALE<\/strong> modello <strong>1860 <\/strong>. Berretto regolamentare con visiera rigida, completo di sottogola cucito in pelle nera profilato di rosso, con fibbietta in metallo e relativo passante, fermato ai lati del berretto da due bottoncini semisferici in metallo. Corpo dalla struttura in cartone rigido, a taglio spiovente posteriore, rivestito in feltro per tutta la fascia laterale, con copertura in pelle nera al piatto e con fascia a formare il tamburo della stessa pelle cucita a mano. Profilature in filo di lana rosso, intorno al piatto e su tre file trasversali ai lati destro e sinistro, ed alla nuca. Le profilature in filo rosso hanno leggermente perso la carica del colore originale, essendo state sbiadite dal tempo, ma comunque sono presenti a testimoniare l&#8217;originalit\u00e0 del presente manufatto, anche dopo 150 anni di vita !<\/p>\n<p>All&#8217;interno, ancora in perfette condizioni, abbiamo sia l&#8217;alluda in pelle lungo tutta la circonferenza del tamburo, e la fodera in stoffa leggera con il suo laccetto di chiusura. Sono visibili i punti di filo di cotone, originali dell&#8217;epoca, messi a fermare saldamente la fodera al corpo del keppy.<\/p>\n<p>Completa il keppy la mostreggiatura frontale, con il fregio in metallo stampato recante le lettere\u00a0 <strong>GN<\/strong>\u00a0 per <strong>Guardia Nazionale<\/strong> , la coccarda tricolore di forma circolare, ed il cappio in metallo stampato. Troviamo ancora la relativa <strong>nappina<\/strong> di colore rosso, propriamente infilata nel cappio per mezzo dello spinotto ad &#8220;u&#8221; di metallo. Viene fornito anche il pennacchio di crine nero, da apporsi in cima alla nappina rossa.<\/p>\n<p>Il Keppy si presenta in buone condizioni generali, completo, ma con segni del tempo : il rivestimento laterale ha subito delle modeste perdite, che tuttavia non inficiano sulla fruibilit\u00e0 del berretto stesso.<\/p>\n<p><a href=\"https:\/\/www.thefinitive.com\/guardianazionalea\/\" rel=\"attachment wp-att-5307\"><img loading=\"lazy\" decoding=\"async\" class=\"alignnone wp-image-5307\" src=\"https:\/\/www.thefinitive.com\/wp-content\/uploads\/2020\/04\/guardianazionaleA.png\" alt=\"\" width=\"364\" height=\"396\" srcset=\"https:\/\/thefinitive.com\/wp-content\/uploads\/2020\/04\/guardianazionaleA.png 657w, https:\/\/thefinitive.com\/wp-content\/uploads\/2020\/04\/guardianazionaleA-64x69.png 64w, https:\/\/thefinitive.com\/wp-content\/uploads\/2020\/04\/guardianazionaleA-276x300.png 276w\" sizes=\"(max-width: 364px) 100vw, 364px\" \/><\/a><\/p>\n<p><em>Keppy Guardia Nazionale per truppa modello 1860 (in alto) e per ufficiale modello 1860 (in basso)<\/em><\/p>\n<p><strong><a href=\"https:\/\/www.thefinitive.com\/guardianazionaleb\/\" rel=\"attachment wp-att-5308\"><img loading=\"lazy\" decoding=\"async\" class=\"alignnone wp-image-5308\" src=\"https:\/\/www.thefinitive.com\/wp-content\/uploads\/2020\/04\/guardianazionaleB.png\" alt=\"\" width=\"591\" height=\"401\" srcset=\"https:\/\/thefinitive.com\/wp-content\/uploads\/2020\/04\/guardianazionaleB.png 1041w, https:\/\/thefinitive.com\/wp-content\/uploads\/2020\/04\/guardianazionaleB-64x43.png 64w, https:\/\/thefinitive.com\/wp-content\/uploads\/2020\/04\/guardianazionaleB-300x204.png 300w, https:\/\/thefinitive.com\/wp-content\/uploads\/2020\/04\/guardianazionaleB-1024x695.png 1024w, https:\/\/thefinitive.com\/wp-content\/uploads\/2020\/04\/guardianazionaleB-768x522.png 768w\" sizes=\"(max-width: 591px) 100vw, 591px\" \/><\/a><\/strong><\/p>\n<p><em>Tavola con militi in uniforme e Keppy della GUARDIA NAZIONALE, 1860<\/em><\/p>\n<p>&nbsp;<\/p>\n<p><strong>MATERIALE\u00a0 \u00a0 \u00a0 \u00a0:\u00a0 <\/strong>berretto in stoffa con visiera rigida e parti in metallo<\/p>\n<p><strong>MISURE\u00a0 \u00a0 \u00a0 \u00a0 \u00a0 \u00a0 \u00a0:<\/strong>\u00a0 taglia circa 56<\/p>\n<p><strong>PRODUTTORE\u00a0 \u00a0:<\/strong>\u00a0 &#8211;<\/p>\n<p>&nbsp;<\/p>\n<h2>\u00a0 \u00a0 <a href=\"https:\/\/www.thefinitive.com\/guardianazionaled\/\" rel=\"attachment wp-att-5310\"><img loading=\"lazy\" decoding=\"async\" class=\"alignnone wp-image-5310\" src=\"https:\/\/www.thefinitive.com\/wp-content\/uploads\/2020\/04\/guardianazionaleD.png\" alt=\"\" width=\"250\" height=\"427\" srcset=\"https:\/\/thefinitive.com\/wp-content\/uploads\/2020\/04\/guardianazionaleD-64x110.png 64w, https:\/\/thefinitive.com\/wp-content\/uploads\/2020\/04\/guardianazionaleD-175x300.png 175w\" sizes=\"(max-width: 250px) 100vw, 250px\" \/><\/a><a href=\"https:\/\/www.thefinitive.com\/guardianazionaleed\/\" rel=\"attachment wp-att-5311\"><img loading=\"lazy\" decoding=\"async\" class=\"alignnone wp-image-5311\" src=\"https:\/\/www.thefinitive.com\/wp-content\/uploads\/2020\/04\/guardianazionaleED.png\" alt=\"\" width=\"302\" height=\"430\" srcset=\"https:\/\/thefinitive.com\/wp-content\/uploads\/2020\/04\/guardianazionaleED.png 637w, https:\/\/thefinitive.com\/wp-content\/uploads\/2020\/04\/guardianazionaleED-64x91.png 64w, https:\/\/thefinitive.com\/wp-content\/uploads\/2020\/04\/guardianazionaleED-211x300.png 211w\" sizes=\"(max-width: 302px) 100vw, 302px\" \/><\/a><\/h2>\n<p>Ragazzo in uniforme 1860, materiale tratto dal volume <em>LA GUARDIA NAZIONALE 1861-1876\u00a0 S.M.E<\/em>.<\/p>\n<h2><\/h2>\n<h2>NOTIZIE<\/h2>\n<p>La\u00a0<b>Guardia nazionale italiana<\/b>\u00a0fu un\u00a0Corpo militare\u00a0del\u00a0<a title=\"Regno d'Italia (1861-1946)\" href=\"https:\/\/it.wikipedia.org\/wiki\/Regno_d%27Italia_(1861-1946)\">Regno d&#8217;Italia<\/a>, inquadrato nel\u00a0<a class=\"mw-redirect\" title=\"Regio esercito italiano\" href=\"https:\/\/it.wikipedia.org\/wiki\/Regio_esercito_italiano\">regio esercito italiano<\/a>.<\/p>\n<p>Creata subito dopo l&#8217;<a class=\"mw-redirect\" title=\"Unit\u00e0 d'Italia\" href=\"https:\/\/it.wikipedia.org\/wiki\/Unit%C3%A0_d%27Italia\">unit\u00e0 d&#8217;Italia<\/a>, venne concepita per contrastare e reprimere il\u00a0<a title=\"Brigantaggio postunitario italiano\" href=\"https:\/\/it.wikipedia.org\/wiki\/Brigantaggio_postunitario_italiano\">brigantaggio postunitario italiano<\/a>\u00a0e fu utilizzata, anche durante la\u00a0terza guerra d\u2019Indipendenza italiana; dopo un tentativo di riorganizzazione nel\u00a01875\u00a0venne sciolta definitivamente nel\u00a01876. Da essa sorsero la\u00a0milizia territoriale\u00a0e la\u00a0milizia comunale.<\/p>\n<h2><\/h2>\n<h2><span id=\"Storia\" class=\"mw-headline\">Storia<\/span><\/h2>\n<h3><span id=\"La_costituzione\" class=\"mw-headline\">La costituzione<\/span><\/h3>\n<p>Gi\u00e0 prima dell&#8217;unit\u00e0 d&#8217;Italia, verso la fine del\u00a0XVIII secolo\u00a0erano sorte varie milizie, denominate\u00a0<i>Guardia nazionale<\/i>, in ogni\u00a0stato italiano preunitario\u00a0(a Bologna nel 1797 , a Napoli nel 1806, nello Stato Pontificio nel 1831, in Toscana nel 1847) al fine di creare un \u201cesercito del popolo\u201d che desse man forte in caso di necessit\u00e0 al nucleo originario dell&#8217;esercito regolare, sul modello della\u00a0guardia nazionale francese. Il 4 marzo 1848 anche lo\u00a0stato sabaudo\u00a0istitu\u00ec con legge il corpo della &#8220;Guardia Nazionale&#8221;, come milizia volontaria, corpo che fu riordinato con legge il 27 febbraio\u00a01859.<\/p>\n<p>Durante la\u00a0spedizione dei Mille\u00a0il 22 ottobre\u00a01860\u00a0un decreto, emanato nel periodo della\u00a0dittatura di Garibaldi\u00a0in\u00a0Sicilia, trasfer\u00ec la\u00a0Milizia nazionale siciliana, costituita il 14 maggio 1860, con comandante\u00a0Nicol\u00f2 Turrisi Colonna, nella Guardia nazionale, cosa gi\u00e0 avvenuta il 13 ottobre per le province toscane, con regio decreto di\u00a0Vittorio Emanuele II. Lo stesso Garibaldi con un decreto del 17 settembre 1860, escluse dalla Guardia Nazionale borbonica, istituita solo il 5 luglio 1860, i filo-borbonici.<\/p>\n<p>Dopo la\u00a0proclamazione del Regno d&#8217;Italia, vista l&#8217;impossibilit\u00e0 dell&#8217;esercito sabaudo\u00a0di presidiare tutto il\u00a0mezzogiorno d&#8217;Italia\u00a0e la necessit\u00e0 di creare un nuovo esercito nazionale, si decise che la Guardia nazionale avrebbe avuto una codificazione unica, con la legge del 4 agosto\u00a01861, n. 143, con una disponibilit\u00e0 iniziale di 220\u00a0battaglioni.<\/p>\n<h3><span id=\"Il_contrasto_al_brigantaggio_(1861_\u2013_1865)\" class=\"mw-headline\">Il contrasto al brigantaggio (1861 \u2013 1865)<\/span><\/h3>\n<div class=\"thumb tright\">\n<div class=\"thumbinner\">\n<p><a class=\"image\" href=\"https:\/\/it.wikipedia.org\/wiki\/File:Morte_ufficiale_guardia_nazionale_Italia_Napoli_municipio.jpg\"><img loading=\"lazy\" decoding=\"async\" class=\"thumbimage\" src=\"https:\/\/upload.wikimedia.org\/wikipedia\/commons\/thumb\/9\/9a\/Morte_ufficiale_guardia_nazionale_Italia_Napoli_municipio.jpg\/220px-Morte_ufficiale_guardia_nazionale_Italia_Napoli_municipio.jpg\" srcset=\"\/\/upload.wikimedia.org\/wikipedia\/commons\/thumb\/9\/9a\/Morte_ufficiale_guardia_nazionale_Italia_Napoli_municipio.jpg\/330px-Morte_ufficiale_guardia_nazionale_Italia_Napoli_municipio.jpg 1.5x, \/\/upload.wikimedia.org\/wikipedia\/commons\/thumb\/9\/9a\/Morte_ufficiale_guardia_nazionale_Italia_Napoli_municipio.jpg\/440px-Morte_ufficiale_guardia_nazionale_Italia_Napoli_municipio.jpg 2x\" alt=\"\" width=\"220\" height=\"286\" data-file-width=\"509\" data-file-height=\"662\" \/><\/a><\/p>\n<div class=\"thumbcaption\">\n<div class=\"magnify\">Dipinto anonimo dell&#8217;epoca, apologetico dell&#8217;eroismo della Guardia Nazionale contro il brigantaggio postunitario: una donna con il\u00a0tricolore\u00a0stretto al corpo, in segno di lutto, mostra un ufficiale della Guardia Nazionale ucciso in combattimento; sul lato sinistro si scorge la parete di una casa in fiamme, alle spalle si muove un altro militare, sullo sfondo un paesaggio montuoso appenninico coperto di boschi, al cui limitare vi sono tre figure (probabilmente briganti) che osservano la scena<\/div>\n<div><\/div>\n<\/div>\n<\/div>\n<\/div>\n<p>Primo compito di questa milizia, che presto crebbe a dismisura grazie all&#8217;introduzione del\u00a0servizio militare obbligatorio in Italia, fu il combattere il\u00a0brigantaggio postunitario\u00a0nel\u00a0mezzogiorno d&#8217;Italia. Il fatto che le sue unit\u00e0 fossero composte da \u201clocali\u201d secondo il neonato governo italiano poteva essere un vantaggio: i briganti sarebbero stati arrestati dalla loro stessa gente e la popolazione avrebbe collaborato con i propri concittadini invece che con truppe esterne.<\/p>\n<h3><span id=\"La_riforma_e_lo_scioglimento_(1866-1876)\" class=\"mw-headline\">La riforma e lo scioglimento (1866-1876)<\/span><\/h3>\n<p>Il primo compito operativo nel nord Italia avvenne allo scoppio della\u00a0terza guerra d&#8217;indipendenza italiana\u00a0nel\u00a01866, tuttavia durante il conflitto il corpo diede pessima prova di s\u00e9: delle 36.000 guardie nazionali chiamate alle armi per costituire 62 battaglioni, soltanto 25.000 si presentarono.<\/p>\n<p>I tentativi di rivitalizzare l&#8217;istituzione inserendo in essa ufficiali della riserva dell&#8217;esercito professionale fallirono, e le successive riforme e i disegni di legge diretti al suo scioglimento iniziarono sin dal\u00a01872\u00a0(in particolare riforma\u00a0Ricotti) fino al suo scioglimento ufficiale con legge 11 luglio\u00a01876\u00a0n. 160, che istituiva la\u00a0milizia territoriale\u00a0e quella comunale, all&#8217;interno del &#8220;Regio Esercito&#8221;.<\/p>\n<h2><span id=\"Bilancio_operativo\" class=\"mw-headline\">Bilancio operativo<\/span><\/h2>\n<p>Come forza di sicurezza interna i suoi metodi furono generalmente estremamente efficaci &#8211; sebbene spesso duri &#8211; nel loro scopo primario di reprimere e poi debellare definitivamente il fenomeno del brigantaggio meridionale. Essa prosegu\u00ec e complet\u00f2 da sola l&#8217;opera gi\u00e0 condotta per un decennio nel\u00a0mezzogiorno d&#8217;Italia\u00a0dal\u00a0regio esercito italiano, al cui fianco essa aveva operato in ugual misura per tutto il periodo.<\/p>\n<p><em><span class=\"sc\">Bibl.<\/span>:\u00a0Regolamento della Guardia civica dello Stato Pontificio, Roma 1847; A. Andreozzi,\u00a0Della Guardia nazionale in Toscana, Firenze 1847; G. Novi,\u00a0Manuale per l&#8217;istruzione della Guardia nazionale, Napoli 1848;\u00a0Manuale della Milizia nazionale, Torino 1849;\u00a0Raccolta di leggi, decreti, regolamenti ed istruzioni riguardanti la Guardia nazionale dal 4 marzo 1848 al 2 maggio 1861, Napoli 1862; G. Molli,\u00a0Manuale del milite nazionale, ossia il codice della Guardia nazionale, Milano 1865.<\/em><\/p>\n<p>&nbsp;<\/p>\n<p>Fonti <a href=\"https:\/\/it.wikipedia.org\/wiki\/Guardia_nazionale_italiana\">Wikipedia\u00a0<\/a><\/p>\n<p>&nbsp;<\/p>\n<p>4.20<\/p>\n","protected":false},"excerpt":{"rendered":"<p style=\"text-align: center;\"><em><strong>Keppy<\/strong> <\/em>per milite della <strong>GUARDIA NAZIONALE<\/strong> modello <strong>1860 <\/strong>. Berretto regolamentare dalla struttura in cartone rigido, a taglio spiovente posteriore, con visiera rigida, completo di sottogola cucito in pelle nera profilato di rosso. Profilature in filo di lana rosso, (leggermente scarico il colore originale)<\/p>\n<p style=\"text-align: center;\"><strong>Fregio<\/strong> in metallo stampato recante\u00a0 <strong>GN<\/strong>\u00a0 per <strong>Guardia Nazionale<\/strong> &#8211; <strong>Coccarda<\/strong> tricolore di forma circolare &#8211; cappio &#8211; <strong>nappina<\/strong> di colore rosso. Viene fornito anche il pennacchio di crine nero, da apporsi in cima alla nappina rossa.<\/p>\n<p style=\"text-align: center;\">Buone condizioni generali, completo, ma con segni del tempo.Taglia circa 57<\/p>\n<p style=\"text-align: center;\"><strong><em>(Scorri la pagina in basso per ulteriori dettagli e informazioni)<\/em><\/strong><\/p>\n<p align=\"justify\">\n","protected":false},"featured_media":5230,"comment_status":"open","ping_status":"closed","template":"","meta":[],"product_cat":[586],"product_tag":[162,155,354,159,158,355,359,193,497,198,156,353,166,195],"yoast_head":"<!-- This site is optimized with the Yoast SEO plugin v21.9.1 - https:\/\/yoast.com\/wordpress\/plugins\/seo\/ -->\n<title>\u274c\ud83d\ude41Keppy GUARDIA NAZIONALE 1860 Kepi Regno di Sardegna - Thefinitive<\/title>\n<meta name=\"description\" content=\"Keppy Kepy Berretto GUARDIA NAZIONALE 1848 1860 1870 Preunitario Regno di Sardegna Regno d&#039;Italia bonetto risorgimentale risorgimento Garibaldi\" \/>\n<meta name=\"robots\" content=\"index, follow, max-snippet:-1, max-image-preview:large, max-video-preview:-1\" \/>\n<link rel=\"canonical\" href=\"https:\/\/thefinitive.com\/en\/prodotto\/keppy-guardia-nazionale-1860-kepi-regno-di-sardegna\/\" \/>\n<meta property=\"og:locale\" content=\"en_US\" \/>\n<meta property=\"og:type\" content=\"article\" \/>\n<meta property=\"og:title\" content=\"\u274c\ud83d\ude41Keppy GUARDIA NAZIONALE 1860 Kepi Regno di Sardegna - Thefinitive\" \/>\n<meta property=\"og:description\" content=\"Keppy Kepy Berretto GUARDIA NAZIONALE 1848 1860 1870 Preunitario Regno di Sardegna Regno d&#039;Italia bonetto risorgimentale risorgimento Garibaldi\" \/>\n<meta property=\"og:url\" content=\"https:\/\/thefinitive.com\/en\/prodotto\/keppy-guardia-nazionale-1860-kepi-regno-di-sardegna\/\" \/>\n<meta property=\"og:site_name\" content=\"Thefinitive\" \/>\n<meta property=\"article:publisher\" content=\"https:\/\/business.facebook.com\/Thefinitive-111771813534320\/\" \/>\n<meta property=\"article:modified_time\" content=\"2023-03-20T14:37:55+00:00\" \/>\n<meta property=\"og:image\" content=\"https:\/\/thefinitive.com\/wp-content\/uploads\/2020\/04\/gn1.jpg\" \/>\n\t<meta property=\"og:image:width\" content=\"2160\" \/>\n\t<meta property=\"og:image:height\" content=\"2160\" \/>\n\t<meta property=\"og:image:type\" content=\"image\/jpeg\" \/>\n<meta name=\"twitter:card\" content=\"summary_large_image\" \/>\n<meta name=\"twitter:label1\" content=\"Est. reading time\" \/>\n\t<meta name=\"twitter:data1\" content=\"5 minutes\" \/>\n<script type=\"application\/ld+json\" class=\"yoast-schema-graph\">{\"@context\":\"https:\/\/schema.org\",\"@graph\":[{\"@type\":\"WebPage\",\"@id\":\"https:\/\/thefinitive.com\/en\/prodotto\/keppy-guardia-nazionale-1860-kepi-regno-di-sardegna\/\",\"url\":\"https:\/\/thefinitive.com\/en\/prodotto\/keppy-guardia-nazionale-1860-kepi-regno-di-sardegna\/\",\"name\":\"\u274c\ud83d\ude41Keppy GUARDIA NAZIONALE 1860 Kepi Regno di Sardegna - Thefinitive\",\"isPartOf\":{\"@id\":\"https:\/\/thefinitive.com\/en\/#website\"},\"datePublished\":\"2020-11-08T18:22:38+00:00\",\"dateModified\":\"2023-03-20T14:37:55+00:00\",\"description\":\"Keppy Kepy Berretto GUARDIA NAZIONALE 1848 1860 1870 Preunitario Regno di Sardegna Regno d'Italia bonetto risorgimentale risorgimento Garibaldi\",\"breadcrumb\":{\"@id\":\"https:\/\/thefinitive.com\/en\/prodotto\/keppy-guardia-nazionale-1860-kepi-regno-di-sardegna\/#breadcrumb\"},\"inLanguage\":\"en-US\",\"potentialAction\":[{\"@type\":\"ReadAction\",\"target\":[\"https:\/\/thefinitive.com\/en\/prodotto\/keppy-guardia-nazionale-1860-kepi-regno-di-sardegna\/\"]}]},{\"@type\":\"BreadcrumbList\",\"@id\":\"https:\/\/thefinitive.com\/en\/prodotto\/keppy-guardia-nazionale-1860-kepi-regno-di-sardegna\/#breadcrumb\",\"itemListElement\":[{\"@type\":\"ListItem\",\"position\":1,\"name\":\"Home\",\"item\":\"https:\/\/thefinitive.com\/en\/\"},{\"@type\":\"ListItem\",\"position\":2,\"name\":\"Shop\",\"item\":\"https:\/\/thefinitive.com\/en\/shop-2\/\"},{\"@type\":\"ListItem\",\"position\":3,\"name\":\"\u274c\ud83d\ude41Keppy GUARDIA NAZIONALE 1860 Kepi Regno di Sardegna\"}]},{\"@type\":\"WebSite\",\"@id\":\"https:\/\/thefinitive.com\/en\/#website\",\"url\":\"https:\/\/thefinitive.com\/en\/\",\"name\":\"Thefinitive\",\"description\":\"Antiquariato Online\",\"publisher\":{\"@id\":\"https:\/\/thefinitive.com\/en\/#organization\"},\"potentialAction\":[{\"@type\":\"SearchAction\",\"target\":{\"@type\":\"EntryPoint\",\"urlTemplate\":\"https:\/\/thefinitive.com\/en\/?s={search_term_string}\"},\"query-input\":\"required name=search_term_string\"}],\"inLanguage\":\"en-US\"},{\"@type\":\"Organization\",\"@id\":\"https:\/\/thefinitive.com\/en\/#organization\",\"name\":\"Thefinitive\",\"url\":\"https:\/\/thefinitive.com\/en\/\",\"logo\":{\"@type\":\"ImageObject\",\"inLanguage\":\"en-US\",\"@id\":\"https:\/\/thefinitive.com\/en\/#\/schema\/logo\/image\/\",\"url\":\"https:\/\/thefinitive.com\/wp-content\/uploads\/2019\/07\/logo4vett.svg\",\"contentUrl\":\"https:\/\/thefinitive.com\/wp-content\/uploads\/2019\/07\/logo4vett.svg\",\"width\":500,\"height\":100,\"caption\":\"Thefinitive\"},\"image\":{\"@id\":\"https:\/\/thefinitive.com\/en\/#\/schema\/logo\/image\/\"},\"sameAs\":[\"https:\/\/business.facebook.com\/Thefinitive-111771813534320\/\",\"https:\/\/www.instagram.com\/_thefinitive_\/\"]}]}<\/script>\n<!-- \/ Yoast SEO plugin. -->","yoast_head_json":{"title":"\u274c\ud83d\ude41Keppy GUARDIA NAZIONALE 1860 Kepi Regno di Sardegna - Thefinitive","description":"Keppy Kepy Berretto GUARDIA NAZIONALE 1848 1860 1870 Preunitario Regno di Sardegna Regno d'Italia bonetto risorgimentale risorgimento Garibaldi","robots":{"index":"index","follow":"follow","max-snippet":"max-snippet:-1","max-image-preview":"max-image-preview:large","max-video-preview":"max-video-preview:-1"},"canonical":"https:\/\/thefinitive.com\/en\/prodotto\/keppy-guardia-nazionale-1860-kepi-regno-di-sardegna\/","og_locale":"en_US","og_type":"article","og_title":"\u274c\ud83d\ude41Keppy GUARDIA NAZIONALE 1860 Kepi Regno di Sardegna - Thefinitive","og_description":"Keppy Kepy Berretto GUARDIA NAZIONALE 1848 1860 1870 Preunitario Regno di Sardegna Regno d'Italia bonetto risorgimentale risorgimento Garibaldi","og_url":"https:\/\/thefinitive.com\/en\/prodotto\/keppy-guardia-nazionale-1860-kepi-regno-di-sardegna\/","og_site_name":"Thefinitive","article_publisher":"https:\/\/business.facebook.com\/Thefinitive-111771813534320\/","article_modified_time":"2023-03-20T14:37:55+00:00","og_image":[{"width":2160,"height":2160,"url":"https:\/\/thefinitive.com\/wp-content\/uploads\/2020\/04\/gn1.jpg","type":"image\/jpeg"}],"twitter_card":"summary_large_image","twitter_misc":{"Est. reading time":"5 minutes"},"schema":{"@context":"https:\/\/schema.org","@graph":[{"@type":"WebPage","@id":"https:\/\/thefinitive.com\/en\/prodotto\/keppy-guardia-nazionale-1860-kepi-regno-di-sardegna\/","url":"https:\/\/thefinitive.com\/en\/prodotto\/keppy-guardia-nazionale-1860-kepi-regno-di-sardegna\/","name":"\u274c\ud83d\ude41Keppy GUARDIA NAZIONALE 1860 Kepi Regno di Sardegna - Thefinitive","isPartOf":{"@id":"https:\/\/thefinitive.com\/en\/#website"},"datePublished":"2020-11-08T18:22:38+00:00","dateModified":"2023-03-20T14:37:55+00:00","description":"Keppy Kepy Berretto GUARDIA NAZIONALE 1848 1860 1870 Preunitario Regno di Sardegna Regno d'Italia bonetto risorgimentale risorgimento Garibaldi","breadcrumb":{"@id":"https:\/\/thefinitive.com\/en\/prodotto\/keppy-guardia-nazionale-1860-kepi-regno-di-sardegna\/#breadcrumb"},"inLanguage":"en-US","potentialAction":[{"@type":"ReadAction","target":["https:\/\/thefinitive.com\/en\/prodotto\/keppy-guardia-nazionale-1860-kepi-regno-di-sardegna\/"]}]},{"@type":"BreadcrumbList","@id":"https:\/\/thefinitive.com\/en\/prodotto\/keppy-guardia-nazionale-1860-kepi-regno-di-sardegna\/#breadcrumb","itemListElement":[{"@type":"ListItem","position":1,"name":"Home","item":"https:\/\/thefinitive.com\/en\/"},{"@type":"ListItem","position":2,"name":"Shop","item":"https:\/\/thefinitive.com\/en\/shop-2\/"},{"@type":"ListItem","position":3,"name":"\u274c\ud83d\ude41Keppy GUARDIA NAZIONALE 1860 Kepi Regno di Sardegna"}]},{"@type":"WebSite","@id":"https:\/\/thefinitive.com\/en\/#website","url":"https:\/\/thefinitive.com\/en\/","name":"Thefinitive","description":"Antiquariato Online","publisher":{"@id":"https:\/\/thefinitive.com\/en\/#organization"},"potentialAction":[{"@type":"SearchAction","target":{"@type":"EntryPoint","urlTemplate":"https:\/\/thefinitive.com\/en\/?s={search_term_string}"},"query-input":"required name=search_term_string"}],"inLanguage":"en-US"},{"@type":"Organization","@id":"https:\/\/thefinitive.com\/en\/#organization","name":"Thefinitive","url":"https:\/\/thefinitive.com\/en\/","logo":{"@type":"ImageObject","inLanguage":"en-US","@id":"https:\/\/thefinitive.com\/en\/#\/schema\/logo\/image\/","url":"https:\/\/thefinitive.com\/wp-content\/uploads\/2019\/07\/logo4vett.svg","contentUrl":"https:\/\/thefinitive.com\/wp-content\/uploads\/2019\/07\/logo4vett.svg","width":500,"height":100,"caption":"Thefinitive"},"image":{"@id":"https:\/\/thefinitive.com\/en\/#\/schema\/logo\/image\/"},"sameAs":["https:\/\/business.facebook.com\/Thefinitive-111771813534320\/","https:\/\/www.instagram.com\/_thefinitive_\/"]}]}},"_links":{"self":[{"href":"https:\/\/thefinitive.com\/en\/wp-json\/wp\/v3\/product\/7283"}],"collection":[{"href":"https:\/\/thefinitive.com\/en\/wp-json\/wp\/v3\/product"}],"about":[{"href":"https:\/\/thefinitive.com\/en\/wp-json\/wp\/v2\/types\/product"}],"replies":[{"embeddable":true,"href":"https:\/\/thefinitive.com\/en\/wp-json\/wp\/v2\/comments?post=7283"}],"version-history":[{"count":1,"href":"https:\/\/thefinitive.com\/en\/wp-json\/wp\/v3\/product\/7283\/revisions"}],"predecessor-version":[{"id":14655,"href":"https:\/\/thefinitive.com\/en\/wp-json\/wp\/v3\/product\/7283\/revisions\/14655"}],"wp:featuredmedia":[{"embeddable":true,"href":"https:\/\/thefinitive.com\/en\/wp-json\/wp\/v2\/media\/5230"}],"wp:attachment":[{"href":"https:\/\/thefinitive.com\/en\/wp-json\/wp\/v2\/media?parent=7283"}],"wp:term":[{"taxonomy":"product_cat","embeddable":true,"href":"https:\/\/thefinitive.com\/en\/wp-json\/wp\/v2\/product_cat?post=7283"},{"taxonomy":"product_tag","embeddable":true,"href":"https:\/\/thefinitive.com\/en\/wp-json\/wp\/v2\/product_tag?post=7283"}],"curies":[{"name":"wp","href":"https:\/\/api.w.org\/{rel}","templated":true}]}}