{"id":7011,"date":"2020-10-16T14:44:53","date_gmt":"2020-10-16T14:44:53","guid":{"rendered":"https:\/\/www.thefinitive.com\/?post_type=product&#038;p=7011"},"modified":"2023-03-20T15:38:38","modified_gmt":"2023-03-20T14:38:38","slug":"navigazione-generale-italiana-metalgraf-regia-nave-roma","status":"publish","type":"product","link":"https:\/\/thefinitive.com\/en\/prodotto\/navigazione-generale-italiana-metalgraf-regia-nave-roma\/","title":{"rendered":"\u274c\ud83d\ude41Navigazione Generale Italiana Metalgraf Regia Nave Roma"},"content":{"rendered":"<p>Tabella in latta litografata pubblicitaria della <strong>Navigazione Generale Italiana<\/strong> , realizzata dalla <strong>Metalgraf<\/strong>\u00a0 in occasione dell&#8217;inaugurazione e del varo nel <strong>1926<\/strong> del transatlantico <strong>ROMA<\/strong> e della relativa linea intercontinentale, <em>Genova &#8211; Napoli &#8211; New York<\/em><\/p>\n<p>La <strong>Metalgraf<\/strong> era la pi\u00f9 importante ditta che realizzava reclame su lamiera, meglio dire pubblicit\u00e0 in\u00a0 cromolitografia su latta, meglio ancora su latta litografata, prodotte dalla fine dell&#8217;800 ovvero sin dall&#8217;inizio dell&#8217;uso della pubblicit\u00e0, per proseguire per tutta la prima met\u00e0 del &#8216;900. Magnifici cartelloni pubblicitari per ditte di ogni tipo, spesso con disegni realizzati dai pi\u00f9 grandi cartellonisti illustratori dell&#8217;epoca come <strong>Metlicovitz<\/strong>, per passare ad Aleardo <strong>Terzi<\/strong>, Marcello <strong>Dudovich<\/strong>, <strong>Mazza<\/strong>, Leonetto <strong>Cappiello<\/strong>, oppure ancora <strong>Boccasile<\/strong>, ed altri ancora.<\/p>\n<p>Il disegno della Nave Roma, ripreso nella maestosit\u00e0 della prua che salpa e taglia il mare, con le sue <em>33000 Tonnellate<\/em> di stazza, definito come <strong>IL COLOSSO DELLA FLOTTA MERCANTILE ITALIANA,\u00a0<\/strong>campeggia in primo piano al centro della tabella, con intorno le navi d&#8217;appoggio, lasciando intravedere le sagome dei passeggeri affacciati lungo la balaustra della prua sopra il nome ROMA. Sotto abbiamo l&#8217;intestazione della ditta, NAVIGAZIONE GENERALE ITALIANA, e lo spazio per affiggere il programma di viaggio, o per inserire un calendario mensile, pubblicitario anch&#8217;esso della NGI, che generalmente veniva regalato dalle agenzie di viaggio ai propri clienti.<\/p>\n<p>La Navigazione Generale Italiana commission\u00f2 alla Metalgraf questo porta tabella in lamiera litografata, per essere distribuito alle Agenzie di Viaggio affinch\u00e9 potessero richiamare i clienti\/passeggeri, alla prossima traversata atlantica che la nave avrebbe intrapreso, esponendo in vetrina la tabella con il programma del viaggio e la disponibilit\u00e0 alle prenotazioni per chi avesse desiderato parteciparvi.<\/p>\n<p>Oggetto originale , <strong>realizzato nel 1926<\/strong>, in condizioni strepitose di conservazione, praticamente nuova, non avendo segni di ossidazione, non avendo subito alcun restauro o ritocco.<\/p>\n<p>Lungo il bordo inferiore della tabella, su una cornicetta di colore verde, abbiamo litografate le note di concessioni governative che la Navigazione Generale Italiana ottenne per la sua campagna pubblicitaria,\u00a0 <strong>METALGRAF D.M. MILANO\u00a0 &#8211;\u00a0 ABBONAMENTO AL BOLLO U.R. GENOVA\u00a0 n.24.237\u00a0<\/strong><\/p>\n<p>La tabella misura circa cm.34 x 48,5<\/p>\n<p>&nbsp;<\/p>\n<p><strong>MATERIALE\u00a0 \u00a0 \u00a0:\u00a0 <\/strong>Lamiera litografata<\/p>\n<p><strong>MISURE\u00a0 \u00a0 \u00a0 \u00a0 \u00a0 \u00a0 \u00a0 :\u00a0 <\/strong>cm.34 x 48,5<\/p>\n<p><strong>MARCHIO\u00a0 \u00a0 \u00a0 \u00a0 \u00a0:<\/strong>\u00a0 Metalgraf &#8211; NGI<\/p>\n<p>&nbsp;<\/p>\n<h2 style=\"text-align: left;\">NOTIZIE<\/h2>\n<p>Il\u00a0transatlantico\u00a0<i><b>Roma<\/b><\/i>\u00a0fu costruito per la Societ\u00e0 &#8220;Navigazione Generale Italiana&#8221; di\u00a0Genova\u00a0dal\u00a0cantiere navale\u00a0G. Ansaldo &amp; Co\u00a0di\u00a0Sestri Ponente\u00a0dove venne varato il 26 febbraio\u00a01926.<\/p>\n<p>Dopo la fine della\u00a0prima guerra mondiale, molte compagnie di navigazione hanno progettato la costruzione di nuove navi, una volta che la situazione economica fosse migliorata. La compagnia italiana\u00a0<a title=\"Navigazione Generale Italiana\" href=\"https:\/\/it.wikipedia.org\/wiki\/Navigazione_Generale_Italiana\">Navigazione Generale Italiana<\/a>\u00a0a met\u00e0 degli\u00a0anni venti\u00a0ordin\u00f2 ai cantieri\u00a0Ansaldo\u00a0la costruzione di due transatlantici. La prima nave fu il transatlantico\u00a0<i>Roma<\/i>, varato all&#8217;inizio del\u00a01926, mentre la seconda, varata nel dicembre dello stesso anno \u00e8 stata battezzata\u00a0Augustus\u00a0ed ebbe come madrina del varo\u00a0Edda Mussolini\u00a0figlia del capo del governo italiano\u00a0<a title=\"Benito Mussolini\" href=\"https:\/\/it.wikipedia.org\/wiki\/Benito_Mussolini\">Benito Mussolini<\/a>. Le due navi differivano per la propulsione, con l&#8217;<i>Augustus<\/i>\u00a0dotata di\u00a0propulsione diesel\u00a0con quattro motori\u00a0Savoja M.A.N\u00a0a\u00a0due tempi doppio effetto mentre la gemella\u00a0<i>Roma<\/i>\u00a0era equipaggiata con\u00a0propulsione a vapore\u00a0con\u00a0caldaie\u00a0e\u00a0turbine.<\/p>\n<h2><span id=\"Caratteristiche\" class=\"mw-headline\">Caratteristiche<\/span><\/h2>\n<p>La nave, la cui stazza era di quasi 33000\u00a0tonnellate, aveva lo\u00a0scafo\u00a0completamente in\u00a0acciaio\u00a0suddiviso in 13 compartimenti stagni, ma la sua caratteristica principale era l&#8217;apparato motore la cui\u00a0potenza\u00a0totale raggiungeva ben 36000\u00a0cavalli.<\/p>\n<p>L&#8217;apparato motore che consentiva alla nave di raggiungere una velocit\u00e0 di 22\u00a0nodi\u00a0era costituito da tredici\u00a0caldaie a ritorno di fiamma, munite di surriscaldatori e alimentate a\u00a0nafta\u00a0che sfogavano in due\u00a0fumaioli\u00a0e fornivano il\u00a0vapore\u00a0a otto\u00a0turbine\u00a0che agivano a coppie su ciascuno degli assi.<\/p>\n<p>Lo\u00a0scafo\u00a0a chiglia piatta era dotato di dodici paratie stagne ed il ponte di coperta era in acciaio foderato di teak.<\/p>\n<p>La nave che poteva imbarcare oltre 1700 passeggeri aveva alloggiamenti per 375 passeggeri di prima classe, 300 di seconda, 300 in classe intermedia e 700 di terza classe e fu anche la prima ad essere dotata di piscina e relativi servizi.<\/p>\n<p>Fino al varo del\u00a0<a title=\"Rex (transatlantico)\" href=\"https:\/\/it.wikipedia.org\/wiki\/Rex_(transatlantico)\">Rex<\/a>\u00a0\u00e8 stata la nave pi\u00f9 grande e pi\u00f9 lunga della marina mercantile italiana.<\/p>\n<h2><span id=\"Servizio\" class=\"mw-headline\">Servizio<\/span><\/h2>\n<p>Il transatlantico Roma (dal quale proviene la coppa firmata Broggi in vendita) effettu\u00f2 il suo viaggio inaugurale il 21 settembre 1926 sulla rotta Genova\u00a0&#8211;\u00a0Napoli\u00a0&#8211;\u00a0New York\u00a0e nel dicembre dello stesso anno dopo aver captato il segnale di\u00a0S.O.S.\u00a0di un veliero italiano,l&#8217;Enrico Guarnieri che trasportava marmo e una chiatta in coperta,in affondamento a 100\u00a0miglia\u00a0ad Est di\u00a0Madera\u00a0intervenne mettendone in salvo l&#8217;equipaggio composto da marinai e comandante viareggini.<\/p>\n<p>Nel\u00a01932\u00a0pass\u00f2 alla\u00a0Societ\u00e0 Italia di Navigazione\u00a0iniziando il 15 gennaio di quell&#8217;anno i viaggi sulla stessa linea per la nuova compagnia dopo che nel novembre\u00a01931\u00a0aveva effettuato l&#8217;ultimo viaggio per la vecchia compagnia.<\/p>\n<p>Nell&#8217;aprile\u00a01933\u00a0furono modificati gli interni e la classe intermedia venne sostituita con la\u00a0classe turistica.<\/p>\n<h2><span id=\"Seconda_guerra_mondiale\" class=\"mw-headline\">Seconda guerra mondiale<\/span><\/h2>\n<p>Nel corso della seconda guerra mondiale\u00a0la nave venne requisita dalla\u00a0Regia Marina\u00a0per essere trasformata in\u00a0portaerei. Ribattezzata\u00a0<a title=\"Aquila (portaerei)\" href=\"https:\/\/it.wikipedia.org\/wiki\/Aquila_(portaerei)\">Aquila<\/a>, non entr\u00f2 mai in servizio e dopo la guerra venne smantellata nel\u00a01952.<\/p>\n<h3><\/h3>\n<h3>Metalgraf<\/h3>\n<p>La\u00a0<strong>METALGRAF<\/strong> originariamente sorse a Milano nel 1910, e la sua produzione era orientata principalmente verso le <strong>cromolitografie in latta<\/strong>: svilupp\u00f2 e si specializzo nella produzione di <strong>scatole in latta<\/strong>, oggetti litografati e giocattoli in latta.<\/p>\n<p>Nel\u00a0<strong>1920<\/strong> uscirono le prime auto-giocattolo, pezzi di eccellente e raffinatissima qualit\u00e0 , oggi di grande valore. Agli inizi degli <strong>anni \u201930<\/strong> la produzione di auto-giocattolo termin\u00f2 ma la Metalgraf continu\u00f2 con altri giocattoli metallici litografati.<\/p>\n<p>Oltre alla <strong>sede principale di Milano<\/strong> sita in Via Vincenzo Monti 25, nacquero sedi distaccate, come a <strong>Torino<\/strong> con ingresso da corso Brescia 19 e da via Aosta 16 (casa adibita ad abitazione degli operai), che occupava tutto il blocco sud dell\u2019isolato con 35 locali.<\/p>\n<p>Altri <strong>stabilimenti satellite<\/strong> erano situati a Bovisa, Torino, Lecco, Sampier Darena, come si pu\u00f2 visualizzare dal biglietto da visita originale della ditta. La sede di Torino fu gravemente danneggiata durante la Seconda Guerra Mondiale.<\/p>\n<p>&nbsp;<\/p>\n<p>Fonti\u00a0 \u00a0<a href=\"https:\/\/it.wikipedia.org\/wiki\/Roma_(transatlantico)\">Wikipedia<\/a><\/p>\n<p>&nbsp;<\/p>\n<p>5.20<\/p>\n","protected":false},"excerpt":{"rendered":"<p style=\"text-align: center;\">Tabella in latta litografata pubblicitaria della <strong>Navigazione Generale Italiana<\/strong> , realizzata dalla <strong>Metalgraf<\/strong>\u00a0 in occasione dell&#8217;inaugurazione nel <strong>1926<\/strong> del transatlantico <strong>ROMA<\/strong> , per la linea intercontinentale <strong><em>Genova &#8211; Napoli &#8211; New York<\/em><\/strong><\/p>\n<p style=\"text-align: center;\">Bellissimo disegno della <strong>Nave Roma<\/strong>,\u00a0 <em>33000 Tonnellate<\/em> di stazza, <strong>IL COLOSSO DELLA FLOTTA MERCANTILE ITALIANA,\u00a0<\/strong><\/p>\n<p style=\"text-align: center;\">Oggetto originale del<strong>\u00a01926<\/strong>, in condizioni strepitose di conservazione, praticamente nuova, non avendo segni di ossidazione, non avendo subito alcun restauro o ritocco.<\/p>\n<p style=\"text-align: center;\">Marcato lungo il bordo <strong>METALGRAF D.M. MILANO\u00a0 &#8211;\u00a0 ABBONAMENTO AL BOLLO U.R. GENOVA\u00a0 n.24.237\u00a0<\/strong><\/p>\n<p style=\"text-align: center;\">La tabella misura circa cm.34 x 48,5<\/p>\n<p style=\"text-align: center;\"><strong>P.A.R.<\/strong> Prezzo A Richiesta &#8211; <strong>P.O.D.<\/strong> Price On Demand<\/p>\n<p style=\"text-align: center;\"><strong><em>(Scorri la pagina in basso per ulteriori dettagli e informazioni)<\/em><\/strong><\/p>\n<p>&nbsp;<\/p>\n<p>&nbsp;<\/p>\n","protected":false},"featured_media":6085,"comment_status":"open","ping_status":"closed","template":"","meta":[],"product_cat":[586],"product_tag":[465,182,155,198,467,466,327,463,464],"yoast_head":"<!-- This site is optimized with the Yoast SEO plugin v21.9.1 - https:\/\/yoast.com\/wordpress\/plugins\/seo\/ -->\n<title>\u274c\ud83d\ude41Navigazione Generale Italiana Metalgraf Regia Nave Roma - Thefinitive<\/title>\n<meta name=\"description\" content=\"Navigazione Generale Italiana tabella latta litografata della Metalgraf NGI - transatlantico Roma - N.G.I. Navigazione Generale Italiana - Litographed Tin\" \/>\n<meta name=\"robots\" content=\"index, follow, max-snippet:-1, max-image-preview:large, max-video-preview:-1\" \/>\n<link rel=\"canonical\" href=\"https:\/\/thefinitive.com\/en\/prodotto\/navigazione-generale-italiana-metalgraf-regia-nave-roma\/\" \/>\n<meta property=\"og:locale\" content=\"en_US\" \/>\n<meta property=\"og:type\" content=\"article\" \/>\n<meta property=\"og:title\" content=\"\u274c\ud83d\ude41Navigazione Generale Italiana Metalgraf Regia Nave Roma - Thefinitive\" \/>\n<meta property=\"og:description\" content=\"Navigazione Generale Italiana tabella latta litografata della Metalgraf NGI - transatlantico Roma - N.G.I. Navigazione Generale Italiana - Litographed Tin\" \/>\n<meta property=\"og:url\" content=\"https:\/\/thefinitive.com\/en\/prodotto\/navigazione-generale-italiana-metalgraf-regia-nave-roma\/\" \/>\n<meta property=\"og:site_name\" content=\"Thefinitive\" \/>\n<meta property=\"article:publisher\" content=\"https:\/\/business.facebook.com\/Thefinitive-111771813534320\/\" \/>\n<meta property=\"article:modified_time\" content=\"2023-03-20T14:38:38+00:00\" \/>\n<meta property=\"og:image\" content=\"https:\/\/thefinitive.com\/wp-content\/uploads\/2020\/05\/20200526_180253.jpg\" \/>\n\t<meta property=\"og:image:width\" content=\"2160\" \/>\n\t<meta property=\"og:image:height\" content=\"2160\" \/>\n\t<meta property=\"og:image:type\" content=\"image\/jpeg\" \/>\n<meta name=\"twitter:card\" content=\"summary_large_image\" \/>\n<meta name=\"twitter:label1\" content=\"Est. reading time\" \/>\n\t<meta name=\"twitter:data1\" content=\"5 minutes\" \/>\n<script type=\"application\/ld+json\" class=\"yoast-schema-graph\">{\"@context\":\"https:\/\/schema.org\",\"@graph\":[{\"@type\":\"WebPage\",\"@id\":\"https:\/\/thefinitive.com\/en\/prodotto\/navigazione-generale-italiana-metalgraf-regia-nave-roma\/\",\"url\":\"https:\/\/thefinitive.com\/en\/prodotto\/navigazione-generale-italiana-metalgraf-regia-nave-roma\/\",\"name\":\"\u274c\ud83d\ude41Navigazione Generale Italiana Metalgraf Regia Nave Roma - Thefinitive\",\"isPartOf\":{\"@id\":\"https:\/\/thefinitive.com\/en\/#website\"},\"datePublished\":\"2020-10-16T14:44:53+00:00\",\"dateModified\":\"2023-03-20T14:38:38+00:00\",\"description\":\"Navigazione Generale Italiana tabella latta litografata della Metalgraf NGI - transatlantico Roma - N.G.I. Navigazione Generale Italiana - Litographed Tin\",\"breadcrumb\":{\"@id\":\"https:\/\/thefinitive.com\/en\/prodotto\/navigazione-generale-italiana-metalgraf-regia-nave-roma\/#breadcrumb\"},\"inLanguage\":\"en-US\",\"potentialAction\":[{\"@type\":\"ReadAction\",\"target\":[\"https:\/\/thefinitive.com\/en\/prodotto\/navigazione-generale-italiana-metalgraf-regia-nave-roma\/\"]}]},{\"@type\":\"BreadcrumbList\",\"@id\":\"https:\/\/thefinitive.com\/en\/prodotto\/navigazione-generale-italiana-metalgraf-regia-nave-roma\/#breadcrumb\",\"itemListElement\":[{\"@type\":\"ListItem\",\"position\":1,\"name\":\"Home\",\"item\":\"https:\/\/thefinitive.com\/en\/\"},{\"@type\":\"ListItem\",\"position\":2,\"name\":\"Shop\",\"item\":\"https:\/\/thefinitive.com\/en\/shop-2\/\"},{\"@type\":\"ListItem\",\"position\":3,\"name\":\"\u274c\ud83d\ude41Navigazione Generale Italiana Metalgraf Regia Nave Roma\"}]},{\"@type\":\"WebSite\",\"@id\":\"https:\/\/thefinitive.com\/en\/#website\",\"url\":\"https:\/\/thefinitive.com\/en\/\",\"name\":\"Thefinitive\",\"description\":\"Antiquariato Online\",\"publisher\":{\"@id\":\"https:\/\/thefinitive.com\/en\/#organization\"},\"potentialAction\":[{\"@type\":\"SearchAction\",\"target\":{\"@type\":\"EntryPoint\",\"urlTemplate\":\"https:\/\/thefinitive.com\/en\/?s={search_term_string}\"},\"query-input\":\"required name=search_term_string\"}],\"inLanguage\":\"en-US\"},{\"@type\":\"Organization\",\"@id\":\"https:\/\/thefinitive.com\/en\/#organization\",\"name\":\"Thefinitive\",\"url\":\"https:\/\/thefinitive.com\/en\/\",\"logo\":{\"@type\":\"ImageObject\",\"inLanguage\":\"en-US\",\"@id\":\"https:\/\/thefinitive.com\/en\/#\/schema\/logo\/image\/\",\"url\":\"https:\/\/thefinitive.com\/wp-content\/uploads\/2019\/07\/logo4vett.svg\",\"contentUrl\":\"https:\/\/thefinitive.com\/wp-content\/uploads\/2019\/07\/logo4vett.svg\",\"width\":500,\"height\":100,\"caption\":\"Thefinitive\"},\"image\":{\"@id\":\"https:\/\/thefinitive.com\/en\/#\/schema\/logo\/image\/\"},\"sameAs\":[\"https:\/\/business.facebook.com\/Thefinitive-111771813534320\/\",\"https:\/\/www.instagram.com\/_thefinitive_\/\"]}]}<\/script>\n<!-- \/ Yoast SEO plugin. -->","yoast_head_json":{"title":"\u274c\ud83d\ude41Navigazione Generale Italiana Metalgraf Regia Nave Roma - Thefinitive","description":"Navigazione Generale Italiana tabella latta litografata della Metalgraf NGI - transatlantico Roma - N.G.I. Navigazione Generale Italiana - Litographed Tin","robots":{"index":"index","follow":"follow","max-snippet":"max-snippet:-1","max-image-preview":"max-image-preview:large","max-video-preview":"max-video-preview:-1"},"canonical":"https:\/\/thefinitive.com\/en\/prodotto\/navigazione-generale-italiana-metalgraf-regia-nave-roma\/","og_locale":"en_US","og_type":"article","og_title":"\u274c\ud83d\ude41Navigazione Generale Italiana Metalgraf Regia Nave Roma - Thefinitive","og_description":"Navigazione Generale Italiana tabella latta litografata della Metalgraf NGI - transatlantico Roma - N.G.I. Navigazione Generale Italiana - Litographed Tin","og_url":"https:\/\/thefinitive.com\/en\/prodotto\/navigazione-generale-italiana-metalgraf-regia-nave-roma\/","og_site_name":"Thefinitive","article_publisher":"https:\/\/business.facebook.com\/Thefinitive-111771813534320\/","article_modified_time":"2023-03-20T14:38:38+00:00","og_image":[{"width":2160,"height":2160,"url":"https:\/\/thefinitive.com\/wp-content\/uploads\/2020\/05\/20200526_180253.jpg","type":"image\/jpeg"}],"twitter_card":"summary_large_image","twitter_misc":{"Est. reading time":"5 minutes"},"schema":{"@context":"https:\/\/schema.org","@graph":[{"@type":"WebPage","@id":"https:\/\/thefinitive.com\/en\/prodotto\/navigazione-generale-italiana-metalgraf-regia-nave-roma\/","url":"https:\/\/thefinitive.com\/en\/prodotto\/navigazione-generale-italiana-metalgraf-regia-nave-roma\/","name":"\u274c\ud83d\ude41Navigazione Generale Italiana Metalgraf Regia Nave Roma - Thefinitive","isPartOf":{"@id":"https:\/\/thefinitive.com\/en\/#website"},"datePublished":"2020-10-16T14:44:53+00:00","dateModified":"2023-03-20T14:38:38+00:00","description":"Navigazione Generale Italiana tabella latta litografata della Metalgraf NGI - transatlantico Roma - N.G.I. Navigazione Generale Italiana - Litographed Tin","breadcrumb":{"@id":"https:\/\/thefinitive.com\/en\/prodotto\/navigazione-generale-italiana-metalgraf-regia-nave-roma\/#breadcrumb"},"inLanguage":"en-US","potentialAction":[{"@type":"ReadAction","target":["https:\/\/thefinitive.com\/en\/prodotto\/navigazione-generale-italiana-metalgraf-regia-nave-roma\/"]}]},{"@type":"BreadcrumbList","@id":"https:\/\/thefinitive.com\/en\/prodotto\/navigazione-generale-italiana-metalgraf-regia-nave-roma\/#breadcrumb","itemListElement":[{"@type":"ListItem","position":1,"name":"Home","item":"https:\/\/thefinitive.com\/en\/"},{"@type":"ListItem","position":2,"name":"Shop","item":"https:\/\/thefinitive.com\/en\/shop-2\/"},{"@type":"ListItem","position":3,"name":"\u274c\ud83d\ude41Navigazione Generale Italiana Metalgraf Regia Nave Roma"}]},{"@type":"WebSite","@id":"https:\/\/thefinitive.com\/en\/#website","url":"https:\/\/thefinitive.com\/en\/","name":"Thefinitive","description":"Antiquariato Online","publisher":{"@id":"https:\/\/thefinitive.com\/en\/#organization"},"potentialAction":[{"@type":"SearchAction","target":{"@type":"EntryPoint","urlTemplate":"https:\/\/thefinitive.com\/en\/?s={search_term_string}"},"query-input":"required name=search_term_string"}],"inLanguage":"en-US"},{"@type":"Organization","@id":"https:\/\/thefinitive.com\/en\/#organization","name":"Thefinitive","url":"https:\/\/thefinitive.com\/en\/","logo":{"@type":"ImageObject","inLanguage":"en-US","@id":"https:\/\/thefinitive.com\/en\/#\/schema\/logo\/image\/","url":"https:\/\/thefinitive.com\/wp-content\/uploads\/2019\/07\/logo4vett.svg","contentUrl":"https:\/\/thefinitive.com\/wp-content\/uploads\/2019\/07\/logo4vett.svg","width":500,"height":100,"caption":"Thefinitive"},"image":{"@id":"https:\/\/thefinitive.com\/en\/#\/schema\/logo\/image\/"},"sameAs":["https:\/\/business.facebook.com\/Thefinitive-111771813534320\/","https:\/\/www.instagram.com\/_thefinitive_\/"]}]}},"_links":{"self":[{"href":"https:\/\/thefinitive.com\/en\/wp-json\/wp\/v3\/product\/7011"}],"collection":[{"href":"https:\/\/thefinitive.com\/en\/wp-json\/wp\/v3\/product"}],"about":[{"href":"https:\/\/thefinitive.com\/en\/wp-json\/wp\/v2\/types\/product"}],"replies":[{"embeddable":true,"href":"https:\/\/thefinitive.com\/en\/wp-json\/wp\/v2\/comments?post=7011"}],"version-history":[{"count":1,"href":"https:\/\/thefinitive.com\/en\/wp-json\/wp\/v3\/product\/7011\/revisions"}],"predecessor-version":[{"id":14680,"href":"https:\/\/thefinitive.com\/en\/wp-json\/wp\/v3\/product\/7011\/revisions\/14680"}],"wp:featuredmedia":[{"embeddable":true,"href":"https:\/\/thefinitive.com\/en\/wp-json\/wp\/v2\/media\/6085"}],"wp:attachment":[{"href":"https:\/\/thefinitive.com\/en\/wp-json\/wp\/v2\/media?parent=7011"}],"wp:term":[{"taxonomy":"product_cat","embeddable":true,"href":"https:\/\/thefinitive.com\/en\/wp-json\/wp\/v2\/product_cat?post=7011"},{"taxonomy":"product_tag","embeddable":true,"href":"https:\/\/thefinitive.com\/en\/wp-json\/wp\/v2\/product_tag?post=7011"}],"curies":[{"name":"wp","href":"https:\/\/api.w.org\/{rel}","templated":true}]}}