{"id":7004,"date":"2020-10-16T14:03:44","date_gmt":"2020-10-16T14:03:44","guid":{"rendered":"https:\/\/www.thefinitive.com\/?post_type=product&#038;p=7004"},"modified":"2023-03-20T15:38:41","modified_gmt":"2023-03-20T14:38:41","slug":"borraccia-legno-guglielminetti-1853-risorgimentale","status":"publish","type":"product","link":"https:\/\/thefinitive.com\/en\/prodotto\/borraccia-legno-guglielminetti-1853-risorgimentale\/","title":{"rendered":"\u274c\ud83d\ude41Borraccia Legno GUGLIELMINETTI 1853 &#8211; risorgimentale"},"content":{"rendered":"<p>Borraccia in legno <strong>GUGLIELMINETTI<\/strong> modello <strong>1853<\/strong> &#8211; Originale , in legno e fascette di giunco, che servivano per tenere salde le doghe che formano il corpo della borraccia piatto al retro e bombato sul davanti.. Provvista di tappo a vite, anch&#8217;esso in legno.<\/p>\n<p>La borraccia modello 1853 \u00e8 marcata al fondello con timbro a secco <strong>GUGLIELMINETTI\u00a0 TORINO<\/strong> , e riporta inciso sempre sul legno del fondello, <em><strong>LENTI\u00a0 2C<\/strong><\/em> , ad indicarci il cognome del proprietario e che probabilmente era inquadrato in una <em>2&#8242; COMPAGNIA<\/em> di un non meglio identificato reggimento dell&#8217;esercito piemontese, in operazioni o campagne militari del periodo 1850-1860. Probabile suo impiego nella Campagna di Crimea, ma anche e soprattutto nella campagna d&#8217;Ancona , per l&#8217;unit\u00e0 d&#8217;Italia, avendola recuperata insieme ad altro materiale (in vendita) di un ufficiale di Fanteria che partecip\u00f2 a tali eventi.<\/p>\n<p>Il corpo della borraccia \u00e8 in ottime condizioni. Troviamo le due fascette in cuoio che cingono la borraccia al collo superiore ed inferiore, con relativa fibbia in metallo, e ci\u00f2 che resta della cinghia che passava longitudinalmente all&#8217;altezza della borraccia per poterla portare a tracolla. Tuttavia l&#8217;insieme si presenta assolutamente fruibile, ed \u00e8 un bell&#8217;esemplare sopravvissuto ancora ai giorni nostri.<\/p>\n<div class=\"wpb_text_column wpb_content_element \">\n<div class=\"wpb_wrapper\">\n<p><strong>MATERIALE &#8230;&#8230;. :<\/strong> Legno, giunco, cuoi<\/p>\n<p><strong>MISURE &#8230;&#8230;&#8230;&#8230;.. :\u00a0<\/strong> altezza cm.18 , larghezza circa cm.12<\/p>\n<p><strong>MARCHIO &#8230;&#8230;&#8230;.. :<\/strong>\u00a0 Guglielminetti Torino<\/p>\n<p>&nbsp;<\/p>\n<\/div>\n<\/div>\n<h2>NOTIZIE<\/h2>\n<p>Nel 1797 a Sambughetto (NO) , minuscolo paese della Valle Strona, nacque l\u2019artigiano <strong>Pietro Guglielminetti<\/strong>. Invent\u00f2 la prima autovettura circolante per Torino (ben prima della carrozza Bordino!): il \u201ccarro volante\u201d, una macchina mossa dall\u2019uomo grazie a un meccanismo di leve e ruote dentate. Nel 1826 lo present\u00f2 all\u2019Accademia delle Scienze per ottenere il brevetto, che per\u00f2 non gli venne concesso. Accantonato il sogno di produrre carri volanti e lasciato nel 1830 Sambughetto, si stabil\u00ec intorno al 1850 a Torino. In Via Cappel Verde apr\u00ec, con i figli Ambrogio, Giacomo e Lorenzo, una bottega specializzata in articoli militari. Fu proprio in questi anni che mise a punto un\u2019altra invenzione, questa volta vincente: un piccolo contenitore portatile in grado di mantenere fresca l\u2019acqua. Era nata la borraccia.<\/p>\n<p>La borraccia Guglielminetti, poco ingombrante e molto robusta, come questo modello 1853, era formata da otto doghe in legno trattenute in alto e in basso da cerchi di giunco. Anche il tappo e il beccuccio da cui usciva l\u2019acqua erano in legno. Piana da un lato per essere adagiata al fianco e curva dall\u2019altro, era fatta a tutta mano, tracolla compresa. Un oggetto cos\u00ec interessante non sfugg\u00ec all\u2019attenzione del Ministero della Guerra. Dal <strong>giugno 1853<\/strong> la borraccia <strong>Guglielminetti<\/strong> entr\u00f2 a far parte ufficialmente dell\u2019attrezzatura dell\u2019esercito del Regno di Sardegna, quando l&#8217;Azienda Generale della Guerra autorizza il Reggimento Piemonte Reale Cavalleria all&#8217;acquisto di 600 borracce Guglielminetti. Nel luglio 1853 i Guglielminetti fornirono all\u2019esercito oltre 7.000 borracce. 10.000 nel 1855, in occasione della guerra in Crimea. E via di questo passo fino all\u2019unit\u00e0 d\u2019Italia e oltre. La borraccia fu adottata anche dagli eserciti inglese, francese, russo e argentino.<\/p>\n<p>Pietro mor\u00ec nel 1873, felice di aver sfondato. L\u2019attivit\u00e0 fu continuata dai figli, che inventarono una seconda borraccia pi\u00f9 funzionale: tratta da un pezzo unico in legno, con cerchi e tappo a vite in metallo, dal 1876 fu usata dal Ministero della Guerra. Nel 1884 La Ditta Fratelli Guglielminetti ottenne anche la medaglia d\u2019oro all\u2019Esposizione Generale di Torino, nella categoria\u00a0<em>\u201cIndustrie degli utensili e dei mobili in legno\u201d<\/em>. Ma con l\u2019avvento della prima guerra mondiale l\u2019azienda entr\u00f2 in crisi: la borraccia in legno fu sostituita da quella in alluminio, pi\u00f9 leggera e piccola. Nel 1918 la ditta chiuse i battenti, forse anche per lo scarso interesse delle nuove generazioni a proseguire l\u2019attivit\u00e0.<\/p>\n<p>Dai racconti di Amalia Guglielminetti, pronipote di Pietro, si dice che nel 1865 Vittorio Emanuele II si rec\u00f2 alla caserma Cernaia. Durante la visita, chiese ad un soldato sbarbatello quale fosse l\u2019oggetto pi\u00f9 importante dell\u2019equipaggiamento militare. Il ragazzo rispose senza pensarci due volte: <em>\u201cLa borraccia, perch\u00e9 mantiene fresca l\u2019acqua e calma la sete\u201d<\/em>. Il re, che pensava fossero ben pi\u00f9 rilevanti le armi, chiese allora di vederla questa borraccia. Ci bevve su e disse:\u00a0<em>\u201cA l\u2019\u00e0 rason el sold\u00e0. L\u2019acqua a l\u2019\u00e8 propi fresca\u201d<\/em>. Tra il codazzo che seguiva il sovrano c\u2019erano anche i fratelli Guglielminetti, che osservarono tutta la scena trattenendo il respiro. Il giorno dopo fecero subito recapitare al re la famosa borraccia, verniciata in verde con tappo a vite in metallo e tracolla in cuoio. Amalia affermava che il sovrano la us\u00f2 sempre durante le sue battute di caccia.<\/p>\n<p>&nbsp;<\/p>\n<p>Per approfondimenti\u00a0 fonti <a href=\"https:\/\/www.riccardoravizza.com\/index.php\/articoli\/risorgimento\/41-la-guglielminetti-mod-53\">web<\/a> , <a href=\"https:\/\/www.torinoxl.com\/l-invenzione-della-borraccia-e-amalia-guglielminetti\/\">Invenzione della borraccia Guglielminetti<\/a><\/p>\n<p>&nbsp;<\/p>\n<p>8.20<\/p>\n","protected":false},"excerpt":{"rendered":"<p style=\"text-align: center;\">Borraccia in legno <strong>GUGLIELMINETTI<\/strong> mod. <strong>53<\/strong> &#8211; Originale , in legno e fascette di giunco, provvista di tappo a vite, e marcata al fondello con timbro a secco <strong>GUGLIELMINETTI\u00a0 TORINO<\/strong><\/p>\n<p style=\"text-align: center;\">Riporta inciso al fondello, <em><strong>LENTI\u00a0 2C<\/strong><\/em> , ad indicarci il cognome del proprietario e che era inquadrato in una <em>2&#8242; COMPAGNIA<\/em> di un non meglio identificato reggimento dell&#8217;esercito piemontese del periodo 1855-1860<\/p>\n<div class=\"wpb_text_column wpb_content_element \">\n<div class=\"wpb_wrapper\">\n<p style=\"text-align: center;\">In ottime condizioni , con le due fascette in cuoio che cingono la borraccia e ci\u00f2 che resta della cinghia che serviva per poterla portare a tracolla.<\/p>\n<\/div>\n<\/div>\n<p>&nbsp;<\/p>\n<p style=\"text-align: center;\"><strong><em>(Scorri la pagina in basso per ulteriori dettagli e informazioni)<\/em><\/strong><\/p>\n","protected":false},"featured_media":6840,"comment_status":"open","ping_status":"closed","template":"","meta":[],"product_cat":[586],"product_tag":[583,274,227,582,498],"yoast_head":"<!-- This site is optimized with the Yoast SEO plugin v21.9.1 - https:\/\/yoast.com\/wordpress\/plugins\/seo\/ -->\n<title>\u274c\ud83d\ude41Borraccia Legno GUGLIELMINETTI 1853 - risorgimentale - Thefinitive<\/title>\n<meta name=\"description\" content=\"Borraccia in legno GUGLIELMINETTI originale modello 53 del 1853 Guerre Risorgimentali - Preunitario - Preunitarie - Unit\u00e0 d&#039;Italia Regio Esercito Garibaldi\" \/>\n<meta name=\"robots\" content=\"index, follow, max-snippet:-1, max-image-preview:large, max-video-preview:-1\" \/>\n<link rel=\"canonical\" href=\"https:\/\/thefinitive.com\/en\/prodotto\/borraccia-legno-guglielminetti-1853-risorgimentale\/\" \/>\n<meta property=\"og:locale\" content=\"en_US\" \/>\n<meta property=\"og:type\" content=\"article\" \/>\n<meta property=\"og:title\" content=\"\u274c\ud83d\ude41Borraccia Legno GUGLIELMINETTI 1853 - risorgimentale - Thefinitive\" \/>\n<meta property=\"og:description\" content=\"Borraccia in legno GUGLIELMINETTI originale modello 53 del 1853 Guerre Risorgimentali - Preunitario - Preunitarie - Unit\u00e0 d&#039;Italia Regio Esercito Garibaldi\" \/>\n<meta property=\"og:url\" content=\"https:\/\/thefinitive.com\/en\/prodotto\/borraccia-legno-guglielminetti-1853-risorgimentale\/\" \/>\n<meta property=\"og:site_name\" content=\"Thefinitive\" \/>\n<meta property=\"article:publisher\" content=\"https:\/\/business.facebook.com\/Thefinitive-111771813534320\/\" \/>\n<meta property=\"article:modified_time\" content=\"2023-03-20T14:38:41+00:00\" \/>\n<meta property=\"og:image\" content=\"https:\/\/thefinitive.com\/wp-content\/uploads\/2020\/08\/gug1.jpg\" \/>\n\t<meta property=\"og:image:width\" content=\"1539\" \/>\n\t<meta property=\"og:image:height\" content=\"2160\" \/>\n\t<meta property=\"og:image:type\" content=\"image\/jpeg\" \/>\n<meta name=\"twitter:card\" content=\"summary_large_image\" \/>\n<meta name=\"twitter:label1\" content=\"Est. reading time\" \/>\n\t<meta name=\"twitter:data1\" content=\"4 minutes\" \/>\n<script type=\"application\/ld+json\" class=\"yoast-schema-graph\">{\"@context\":\"https:\/\/schema.org\",\"@graph\":[{\"@type\":\"WebPage\",\"@id\":\"https:\/\/thefinitive.com\/en\/prodotto\/borraccia-legno-guglielminetti-1853-risorgimentale\/\",\"url\":\"https:\/\/thefinitive.com\/en\/prodotto\/borraccia-legno-guglielminetti-1853-risorgimentale\/\",\"name\":\"\u274c\ud83d\ude41Borraccia Legno GUGLIELMINETTI 1853 - risorgimentale - Thefinitive\",\"isPartOf\":{\"@id\":\"https:\/\/thefinitive.com\/en\/#website\"},\"datePublished\":\"2020-10-16T14:03:44+00:00\",\"dateModified\":\"2023-03-20T14:38:41+00:00\",\"description\":\"Borraccia in legno GUGLIELMINETTI originale modello 53 del 1853 Guerre Risorgimentali - Preunitario - Preunitarie - Unit\u00e0 d'Italia Regio Esercito Garibaldi\",\"breadcrumb\":{\"@id\":\"https:\/\/thefinitive.com\/en\/prodotto\/borraccia-legno-guglielminetti-1853-risorgimentale\/#breadcrumb\"},\"inLanguage\":\"en-US\",\"potentialAction\":[{\"@type\":\"ReadAction\",\"target\":[\"https:\/\/thefinitive.com\/en\/prodotto\/borraccia-legno-guglielminetti-1853-risorgimentale\/\"]}]},{\"@type\":\"BreadcrumbList\",\"@id\":\"https:\/\/thefinitive.com\/en\/prodotto\/borraccia-legno-guglielminetti-1853-risorgimentale\/#breadcrumb\",\"itemListElement\":[{\"@type\":\"ListItem\",\"position\":1,\"name\":\"Home\",\"item\":\"https:\/\/thefinitive.com\/en\/\"},{\"@type\":\"ListItem\",\"position\":2,\"name\":\"Shop\",\"item\":\"https:\/\/thefinitive.com\/en\/shop-2\/\"},{\"@type\":\"ListItem\",\"position\":3,\"name\":\"\u274c\ud83d\ude41Borraccia Legno GUGLIELMINETTI 1853 &#8211; risorgimentale\"}]},{\"@type\":\"WebSite\",\"@id\":\"https:\/\/thefinitive.com\/en\/#website\",\"url\":\"https:\/\/thefinitive.com\/en\/\",\"name\":\"Thefinitive\",\"description\":\"Antiquariato Online\",\"publisher\":{\"@id\":\"https:\/\/thefinitive.com\/en\/#organization\"},\"potentialAction\":[{\"@type\":\"SearchAction\",\"target\":{\"@type\":\"EntryPoint\",\"urlTemplate\":\"https:\/\/thefinitive.com\/en\/?s={search_term_string}\"},\"query-input\":\"required name=search_term_string\"}],\"inLanguage\":\"en-US\"},{\"@type\":\"Organization\",\"@id\":\"https:\/\/thefinitive.com\/en\/#organization\",\"name\":\"Thefinitive\",\"url\":\"https:\/\/thefinitive.com\/en\/\",\"logo\":{\"@type\":\"ImageObject\",\"inLanguage\":\"en-US\",\"@id\":\"https:\/\/thefinitive.com\/en\/#\/schema\/logo\/image\/\",\"url\":\"https:\/\/thefinitive.com\/wp-content\/uploads\/2019\/07\/logo4vett.svg\",\"contentUrl\":\"https:\/\/thefinitive.com\/wp-content\/uploads\/2019\/07\/logo4vett.svg\",\"width\":500,\"height\":100,\"caption\":\"Thefinitive\"},\"image\":{\"@id\":\"https:\/\/thefinitive.com\/en\/#\/schema\/logo\/image\/\"},\"sameAs\":[\"https:\/\/business.facebook.com\/Thefinitive-111771813534320\/\",\"https:\/\/www.instagram.com\/_thefinitive_\/\"]}]}<\/script>\n<!-- \/ Yoast SEO plugin. -->","yoast_head_json":{"title":"\u274c\ud83d\ude41Borraccia Legno GUGLIELMINETTI 1853 - risorgimentale - Thefinitive","description":"Borraccia in legno GUGLIELMINETTI originale modello 53 del 1853 Guerre Risorgimentali - Preunitario - Preunitarie - Unit\u00e0 d'Italia Regio Esercito Garibaldi","robots":{"index":"index","follow":"follow","max-snippet":"max-snippet:-1","max-image-preview":"max-image-preview:large","max-video-preview":"max-video-preview:-1"},"canonical":"https:\/\/thefinitive.com\/en\/prodotto\/borraccia-legno-guglielminetti-1853-risorgimentale\/","og_locale":"en_US","og_type":"article","og_title":"\u274c\ud83d\ude41Borraccia Legno GUGLIELMINETTI 1853 - risorgimentale - Thefinitive","og_description":"Borraccia in legno GUGLIELMINETTI originale modello 53 del 1853 Guerre Risorgimentali - Preunitario - Preunitarie - Unit\u00e0 d'Italia Regio Esercito Garibaldi","og_url":"https:\/\/thefinitive.com\/en\/prodotto\/borraccia-legno-guglielminetti-1853-risorgimentale\/","og_site_name":"Thefinitive","article_publisher":"https:\/\/business.facebook.com\/Thefinitive-111771813534320\/","article_modified_time":"2023-03-20T14:38:41+00:00","og_image":[{"width":1539,"height":2160,"url":"https:\/\/thefinitive.com\/wp-content\/uploads\/2020\/08\/gug1.jpg","type":"image\/jpeg"}],"twitter_card":"summary_large_image","twitter_misc":{"Est. reading time":"4 minutes"},"schema":{"@context":"https:\/\/schema.org","@graph":[{"@type":"WebPage","@id":"https:\/\/thefinitive.com\/en\/prodotto\/borraccia-legno-guglielminetti-1853-risorgimentale\/","url":"https:\/\/thefinitive.com\/en\/prodotto\/borraccia-legno-guglielminetti-1853-risorgimentale\/","name":"\u274c\ud83d\ude41Borraccia Legno GUGLIELMINETTI 1853 - risorgimentale - Thefinitive","isPartOf":{"@id":"https:\/\/thefinitive.com\/en\/#website"},"datePublished":"2020-10-16T14:03:44+00:00","dateModified":"2023-03-20T14:38:41+00:00","description":"Borraccia in legno GUGLIELMINETTI originale modello 53 del 1853 Guerre Risorgimentali - Preunitario - Preunitarie - Unit\u00e0 d'Italia Regio Esercito Garibaldi","breadcrumb":{"@id":"https:\/\/thefinitive.com\/en\/prodotto\/borraccia-legno-guglielminetti-1853-risorgimentale\/#breadcrumb"},"inLanguage":"en-US","potentialAction":[{"@type":"ReadAction","target":["https:\/\/thefinitive.com\/en\/prodotto\/borraccia-legno-guglielminetti-1853-risorgimentale\/"]}]},{"@type":"BreadcrumbList","@id":"https:\/\/thefinitive.com\/en\/prodotto\/borraccia-legno-guglielminetti-1853-risorgimentale\/#breadcrumb","itemListElement":[{"@type":"ListItem","position":1,"name":"Home","item":"https:\/\/thefinitive.com\/en\/"},{"@type":"ListItem","position":2,"name":"Shop","item":"https:\/\/thefinitive.com\/en\/shop-2\/"},{"@type":"ListItem","position":3,"name":"\u274c\ud83d\ude41Borraccia Legno GUGLIELMINETTI 1853 &#8211; risorgimentale"}]},{"@type":"WebSite","@id":"https:\/\/thefinitive.com\/en\/#website","url":"https:\/\/thefinitive.com\/en\/","name":"Thefinitive","description":"Antiquariato Online","publisher":{"@id":"https:\/\/thefinitive.com\/en\/#organization"},"potentialAction":[{"@type":"SearchAction","target":{"@type":"EntryPoint","urlTemplate":"https:\/\/thefinitive.com\/en\/?s={search_term_string}"},"query-input":"required name=search_term_string"}],"inLanguage":"en-US"},{"@type":"Organization","@id":"https:\/\/thefinitive.com\/en\/#organization","name":"Thefinitive","url":"https:\/\/thefinitive.com\/en\/","logo":{"@type":"ImageObject","inLanguage":"en-US","@id":"https:\/\/thefinitive.com\/en\/#\/schema\/logo\/image\/","url":"https:\/\/thefinitive.com\/wp-content\/uploads\/2019\/07\/logo4vett.svg","contentUrl":"https:\/\/thefinitive.com\/wp-content\/uploads\/2019\/07\/logo4vett.svg","width":500,"height":100,"caption":"Thefinitive"},"image":{"@id":"https:\/\/thefinitive.com\/en\/#\/schema\/logo\/image\/"},"sameAs":["https:\/\/business.facebook.com\/Thefinitive-111771813534320\/","https:\/\/www.instagram.com\/_thefinitive_\/"]}]}},"_links":{"self":[{"href":"https:\/\/thefinitive.com\/en\/wp-json\/wp\/v3\/product\/7004"}],"collection":[{"href":"https:\/\/thefinitive.com\/en\/wp-json\/wp\/v3\/product"}],"about":[{"href":"https:\/\/thefinitive.com\/en\/wp-json\/wp\/v2\/types\/product"}],"replies":[{"embeddable":true,"href":"https:\/\/thefinitive.com\/en\/wp-json\/wp\/v2\/comments?post=7004"}],"version-history":[{"count":1,"href":"https:\/\/thefinitive.com\/en\/wp-json\/wp\/v3\/product\/7004\/revisions"}],"predecessor-version":[{"id":14688,"href":"https:\/\/thefinitive.com\/en\/wp-json\/wp\/v3\/product\/7004\/revisions\/14688"}],"wp:featuredmedia":[{"embeddable":true,"href":"https:\/\/thefinitive.com\/en\/wp-json\/wp\/v2\/media\/6840"}],"wp:attachment":[{"href":"https:\/\/thefinitive.com\/en\/wp-json\/wp\/v2\/media?parent=7004"}],"wp:term":[{"taxonomy":"product_cat","embeddable":true,"href":"https:\/\/thefinitive.com\/en\/wp-json\/wp\/v2\/product_cat?post=7004"},{"taxonomy":"product_tag","embeddable":true,"href":"https:\/\/thefinitive.com\/en\/wp-json\/wp\/v2\/product_tag?post=7004"}],"curies":[{"name":"wp","href":"https:\/\/api.w.org\/{rel}","templated":true}]}}