{"id":6855,"date":"2020-08-26T10:09:32","date_gmt":"2020-08-26T10:09:32","guid":{"rendered":"https:\/\/www.thefinitive.com\/?post_type=product&#038;p=6855"},"modified":"2023-03-20T15:38:48","modified_gmt":"2023-03-20T14:38:48","slug":"raci-automobile-club-roma-tappo-smaltato-pre-1927","status":"publish","type":"product","link":"https:\/\/thefinitive.com\/en\/prodotto\/raci-automobile-club-roma-tappo-smaltato-pre-1927\/","title":{"rendered":"\u274c\ud83d\ude41RACI Automobile Club ROMA Tappo SMALTATO &#8211; Pre 1927"},"content":{"rendered":"<p>Tappo per radiatore in metallo smaltato, per l&#8217; <strong>AUTOMOBILE\u00a0 CLUB\u00a0 ROMA<\/strong>\u00a0 del periodo antecedente al 1927, anno di fondazione del <strong>RACI\u00a0<\/strong> <em><strong>Reale Automobile Club Italiano. <\/strong><\/em><\/p>\n<p>Realizzato in pesante lega di piombo, dalla ditta <strong>BOYCE<\/strong> che brevett\u00f2 il suo <strong>MOTOMETER<\/strong> , ovvero misuratore di temperatura per le automobili, da apporsi al posto del tappo del radiatore, essendo provvisto di un piccolo termometro che segnalava la temperatura dell&#8217;acqua.<\/p>\n<p>Il tappo veniva personalizzato per le varie fabbriche di automobili, o per gruppi od enti, come \u00e8 il caso di questo splendido esemplare per\u00a0 <strong>AUTOMOBILE CLUB di ROMA<\/strong> , dove troviamo raffigurato il simbolo della citt\u00e0 di Roma, ovvero la <strong>LUPA CAPITOLINA<\/strong> circondata da un serto di alloro e sormontata da una <strong>corona reale,<\/strong> in metallo dorato e smalti, poggiante su una base smaltata rossa all&#8217;interno di una RUOTA dorata (si vedono i raggi ed il cerchio della ruota), simbolo poi del RACI . Campeggia ancora lungo la circonferenza la dicitura <strong>AUTOMOBILE CLUB ROMA<\/strong> in smalto giallo, trovando posto due <strong>NODI SAVOIA<\/strong>\u00a0 ad ore 11 ed 1 , appena ai lati della corona reale descritta precedentemente.<\/p>\n<p>Questa facciata del tappo andava rivolta verso l&#8217;esterno, ed ovviamente dalla parte interna l&#8217;altra facciata provvista di vetro trasparente, mostrava il termometro al guidatore, che poteva cos\u00ec tenere sotto controllo la temperatura dell&#8217;acqua. Ma come evidente anche dalla storia che potete leggere in calce, i <em>MotoMeter venivano personalizzati, e molte volte perdevano l&#8217;uso per il quale erano progettati, diventando ornamentali, simboli di abbellimento delle vetture di prestigio<\/em>.<\/p>\n<p>La cornice esterna della struttura in metallo, sulle due facce, riporta una corona di alloro in rilievo, ed in basso alla base un cartiglio con il marchio <strong>BOYCE\u00a0 MotoMeter<\/strong><\/p>\n<p>Questo tappo \u00e8 completo anche della sua staffa filettata e dei suoi dadi di fissaggio, la facciata trasparente con spesso vetro temperato e molato ai bordi, ed all&#8217;interno una cartina che riporta la scala graduata, che legge dall&#8217;alto <strong><em>DANGER<\/em> &#8211; STEAM<\/strong> e poi a scendere <strong><em>SUMMER &#8211; AVERAGE<\/em><\/strong>\u00a0 ed in basso a sinistra (di chi guarda)\u00a0<strong><em> TO AVOID EVAPORATING NON FREEZE SOLUTION OPERATE BELOW LINE<\/em><\/strong>, basso a destra <strong><em>ALWAYS INVESTIGATE ANY SUDDEN RISE OF TEMPERATURE\u00a0<\/em><\/strong><\/p>\n<p>Il tappo nel suo complesso \u00e8 in ottime condizioni, con accettabili segni d&#8217;uso e bella patina, senza danni agli smalti.<\/p>\n<p>&nbsp;<\/p>\n<p><strong>MATERIALE\u00a0 \u00a0 \u00a0:\u00a0<\/strong> Metallo, smalti<\/p>\n<p><strong>MISURE\u00a0 \u00a0 \u00a0 \u00a0 \u00a0 \u00a0 \u00a0:<\/strong>\u00a0 cm.7,5 x 13 x 2,5\u00a0 &#8211;\u00a0 gr.320<\/p>\n<p><strong>MARCHIO\u00a0 \u00a0 \u00a0 \u00a0 \u00a0:<\/strong>\u00a0 Boyce MotoMeter<\/p>\n<p>&nbsp;<\/p>\n<h4 style=\"text-align: left;\"><\/h4>\n<h2><\/h2>\n<h2 style=\"text-align: left;\">NOTIZIE<\/h2>\n<h3>Boyce MotoMeter<\/h3>\n<p>Il Boyce MotoMeter \u00e8 stato brevettato nel 1912 ed \u00e8 stato utilizzato nelle automobili per leggere la temperatura del radiatore. Da allora fino alla fine degli anni &#8217;20, la Boyce MotoMeter Company di Long Island City, New York, fondata nel 1912 dall&#8217;immigrato tedesco Hermann Schlaich, produsse una variet\u00e0 di modelli diversi che variavano per dimensioni e design.<\/p>\n<p>I sistemi di raffreddamento Thermosiphon non pressurizzati, ampiamente utilizzati fino agli anni &#8217;20, portavano a un punto di ebollizione basso. Il Boyce MotoMeter era un dispositivo semplice e innovativo. Per la prima volta, i conducenti avevano informazioni sulla temperatura del motore durante il funzionamento dell&#8217;auto. A volte, tuttavia, non \u00e8 riuscito ad avvertire i conducenti del surriscaldamento del motore in tempo per evitare danni.<\/p>\n<p>I motometri erano inizialmente dispositivi aftermarket. Successivamente, i costruttori di veicoli (non solo le case automobilistiche) iniziarono a offrirli come equipaggiamento standard o opzionale e anche i concessionari iniziarono a offrirli, a volte come articoli da regalare o incentivi. La MotoMeter Company li ha presto consegnati con quadranti in metallo all&#8217;interno che mostravano il logo e la scritta del produttore o del rivenditore stampati su di esso. Il motometro standard era disponibile in tre dimensioni per auto piccole, auto medie e auto grandi e camion. Ci sono state anche lievi modifiche a ciascuno dei modelli originali e nuovi design e accessori come ornamenti del cofano, topper, dispositivi di illuminazione o serrature sono stati aggiunti alla linea di contatori mentre alcuni altri sono stati interrotti. I topper sono piccoli pezzi fusi in metallo che si adattano a una staffa sul motometro. Sono stati utilizzati in modo simile alle decalcomanie moderne che mostrano l&#8217;eredit\u00e0, la professione, le preferenze del proprietario del veicolo o supportano la sua attivit\u00e0, i suoi sport preferiti o anche una dichiarazione politica. I topper venivano offerti anche da altre societ\u00e0 produttrici di novit\u00e0, tra cui Ronson. Boyce ha mantenuto diversi brevetti sui suoi prodotti e ha combattuto le violazioni.<\/p>\n<p>Nel 1927 l&#8217;azienda offriva un&#8217;ampia variet\u00e0, ma il motometro divenne presto obsoleto quando intorno al 1930 apparvero i termometri montati sul cruscotto. Boyce fece brevettare un dispositivo del genere gi\u00e0 nel 1917<\/p>\n<p>&nbsp;<\/p>\n<h3>Automobile Club d&#8217; Italia<\/h3>\n<p>Ai primi di novembre del\u00a01898,\u00a0Roberto Biscaretti di Ruffia,\u00a0Michele Lanza\u00a0e\u00a0Cesare Goria Gatti\u00a0stilarono una circolare indirizzata ai \u00ab<strong>simpatizzanti dell&#8217;automobilismo<\/strong>\u00bb piemontesi, invitandoli a riunirsi in un club e a partecipare alla riunione costitutiva indetta per il 19 dello stesso mese. Tale associazione venne effettivamente fondata a\u00a0<strong>Torino\u00a0<\/strong>il <strong>6 dicembre\u00a01898<\/strong>, da 19 sodali, con la denominazione sociale\u00a0<strong><i>Automobile Club di Torino<\/i><\/strong>\u00a0e con le seguenti cariche assegnate:<\/p>\n<ul>\n<li>Roberto Biscaretti di Ruffia, Presidente<\/li>\n<li>Cesare Goria Gatti, Vice presidente<\/li>\n<li>Emanuele Cacherano di Bricherasio, Economo<\/li>\n<li>Giovanni Agnelli, Segretario<\/li>\n<li>Michele Ceriana Mayneri, Tesoriere<\/li>\n<li>Carlo Racca, Cronometrista<\/li>\n<\/ul>\n<p>Gli altri soci fondatori furono\u00a0Jules Blanc,\u00a0Carlo Biscaretti di Ruffia,\u00a0Pietro Bosio,\u00a0Giovanni Battista Ceirano,\u00a0Luigi Damevino,\u00a0Pietro Gandolfo, Michele Lanza,\u00a0Felice Leumann,\u00a0Fortune Naveux,\u00a0Edoardo Noyer,\u00a0Salvatore Pugliese,\u00a0Giuseppe Rotta,\u00a0Luigi Storero.<\/p>\n<p>La sede del club era in corso Vinzaglio 25, nel centro storico di Torino. Lo scopo del club che pi\u00f9 avanti si chiamer\u00e0 RACI,\u00a0 era quello di raggruppare i proprietari di automobili , a quei tempi poco numerosi, e di rappresentarli nei confronti delle autorit\u00e0 ed inoltre, sin dall&#8217;inizio, quello di organizzare le prime competizioni automobilistiche, i primi raid, i raduni motoristici.<\/p>\n<p>La nascita dell&#8217;ACI come associazione nazionale avvenne nel\u00a0<strong>1905<\/strong>, dall&#8217;unione dell&#8217;<i>Automobile Club di Torino<\/i> e di alcuni altri club automobilistici locali; Torino continu\u00f2 ad essere la sede principale, dove era nato il pi\u00f9 antico dei sodalizi. L&#8217;espansione dell&#8217;associazione, inclusa quella dell&#8217;Automobile Club di Roma, rallentata dalla prima guerra mondiale, riprese al suo termine con l&#8217;apertura di varie sedi provinciali e raggiunse nel 1926 prima che divenisse RACI, la cifra di 50 sedi e quasi 10.000 soci. In quell&#8217;anno avvenne anche una modifica significativa con la trasformazione dell&#8217;originaria associazione in ente morale, ai sensi del R.D. 15 marzo 1927 n. 436 e la ridenominazione in <strong><i>Reale Automobile Club d&#8217;Italia<\/i>\u00a0(RACI)<\/strong>, mantenuta in essere fino al\u00a0<strong>1946<\/strong>, quando con la nascita della\u00a0Repubblica, venne confermata la qualifica di ente morale e si ebbe il ritorno al nome originale in uso alla nascita. Dal 1927\u00a0contestualmente all&#8217;istituzione dell&#8217;ente, venne affidata al\u00a0<strong><i>RACI<\/i>\u00a0<\/strong>la gestione dell&#8217;appena costituito\u00a0<strong>Pubblico Registro Automobilistico<\/strong>\u00a0(PRA).<\/p>\n<p>&nbsp;<\/p>\n<p><em>Fonti <a href=\"https:\/\/it.wikipedia.org\/wiki\/Automobile_Club_d%27Italia\">Wikipedia<\/a> , <a href=\"https:\/\/en.wikipedia.org\/wiki\/Boyce_MotoMeter\">Boyce MotoMeter<\/a><\/em><\/p>\n<p>8.20<\/p>\n","protected":false},"excerpt":{"rendered":"<p style=\"text-align: center;\">Tappo per radiatore in metallo smaltato, <strong>AUTOMOBILE\u00a0 CLUB\u00a0 ROMA<\/strong>\u00a0 del periodo antecedente al 1927, anno di fondazione del <strong>RACI\u00a0<\/strong> <em><strong>Reale Automobile Club Italiano. <\/strong><\/em><\/p>\n<p style=\"text-align: center;\">Realizzato in pesante lega di piombo, dalla ditta <strong>BOYCE<\/strong> che brevett\u00f2 il suo <strong>MOTOMETER<\/strong> , ovvero misuratore di temperatura per le automobili, da apporsi al posto del tappo del radiatore.<\/p>\n<p style=\"text-align: center;\">Smalti perfetti, completo del perno filettato e dei suoi dadi di fissaggio, il tappo nel suo complesso \u00e8 in <strong>ottime condizioni<\/strong><\/p>\n<p style=\"text-align: center;\">Misura circa\u00a0 mm.75 diametro, mm.25 spessore, cm.13 di altezza totale compreso il perno di fissaggio.<\/p>\n<p>&nbsp;<\/p>\n<p style=\"text-align: center;\"><strong><em>(Scorri la pagina in basso per ulteriori dettagli e informazioni)<\/em><\/strong><\/p>\n<p>&nbsp;<\/p>\n<p>&nbsp;<\/p>\n","protected":false},"featured_media":6856,"comment_status":"open","ping_status":"closed","template":"","meta":[],"product_cat":[586],"product_tag":[320,153,324,155,326,319,321,152,323],"yoast_head":"<!-- This site is optimized with the Yoast SEO plugin v21.9.1 - https:\/\/yoast.com\/wordpress\/plugins\/seo\/ -->\n<title>\u274c\ud83d\ude41RACI Automobile Club ROMA Tappo SMALTATO - Pre 1927 - Thefinitive<\/title>\n<meta name=\"description\" content=\"Tappo Radiatore BOYCE MotoMeter ACI Automobile Club d&#039;Italia ROMA pre 1927 REALE AUTOMOBILE CLUB d&#039;ITALIA RACI - Enamelled radiator cap\" \/>\n<meta name=\"robots\" content=\"index, follow, max-snippet:-1, max-image-preview:large, max-video-preview:-1\" \/>\n<link rel=\"canonical\" href=\"https:\/\/thefinitive.com\/en\/prodotto\/raci-automobile-club-roma-tappo-smaltato-pre-1927\/\" \/>\n<meta property=\"og:locale\" content=\"en_US\" \/>\n<meta property=\"og:type\" content=\"article\" \/>\n<meta property=\"og:title\" content=\"\u274c\ud83d\ude41RACI Automobile Club ROMA Tappo SMALTATO - Pre 1927 - Thefinitive\" \/>\n<meta property=\"og:description\" content=\"Tappo Radiatore BOYCE MotoMeter ACI Automobile Club d&#039;Italia ROMA pre 1927 REALE AUTOMOBILE CLUB d&#039;ITALIA RACI - Enamelled radiator cap\" \/>\n<meta property=\"og:url\" content=\"https:\/\/thefinitive.com\/en\/prodotto\/raci-automobile-club-roma-tappo-smaltato-pre-1927\/\" \/>\n<meta property=\"og:site_name\" content=\"Thefinitive\" \/>\n<meta property=\"article:publisher\" content=\"https:\/\/business.facebook.com\/Thefinitive-111771813534320\/\" \/>\n<meta property=\"article:modified_time\" content=\"2023-03-20T14:38:48+00:00\" \/>\n<meta property=\"og:image\" content=\"https:\/\/thefinitive.com\/wp-content\/uploads\/2020\/08\/roma1-2.jpg\" \/>\n\t<meta property=\"og:image:width\" content=\"2160\" \/>\n\t<meta property=\"og:image:height\" content=\"2160\" \/>\n\t<meta property=\"og:image:type\" content=\"image\/jpeg\" \/>\n<meta name=\"twitter:card\" content=\"summary_large_image\" \/>\n<meta name=\"twitter:label1\" content=\"Est. reading time\" \/>\n\t<meta name=\"twitter:data1\" content=\"5 minutes\" \/>\n<script type=\"application\/ld+json\" class=\"yoast-schema-graph\">{\"@context\":\"https:\/\/schema.org\",\"@graph\":[{\"@type\":\"WebPage\",\"@id\":\"https:\/\/thefinitive.com\/en\/prodotto\/raci-automobile-club-roma-tappo-smaltato-pre-1927\/\",\"url\":\"https:\/\/thefinitive.com\/en\/prodotto\/raci-automobile-club-roma-tappo-smaltato-pre-1927\/\",\"name\":\"\u274c\ud83d\ude41RACI Automobile Club ROMA Tappo SMALTATO - Pre 1927 - Thefinitive\",\"isPartOf\":{\"@id\":\"https:\/\/thefinitive.com\/en\/#website\"},\"datePublished\":\"2020-08-26T10:09:32+00:00\",\"dateModified\":\"2023-03-20T14:38:48+00:00\",\"description\":\"Tappo Radiatore BOYCE MotoMeter ACI Automobile Club d'Italia ROMA pre 1927 REALE AUTOMOBILE CLUB d'ITALIA RACI - Enamelled radiator cap\",\"breadcrumb\":{\"@id\":\"https:\/\/thefinitive.com\/en\/prodotto\/raci-automobile-club-roma-tappo-smaltato-pre-1927\/#breadcrumb\"},\"inLanguage\":\"en-US\",\"potentialAction\":[{\"@type\":\"ReadAction\",\"target\":[\"https:\/\/thefinitive.com\/en\/prodotto\/raci-automobile-club-roma-tappo-smaltato-pre-1927\/\"]}]},{\"@type\":\"BreadcrumbList\",\"@id\":\"https:\/\/thefinitive.com\/en\/prodotto\/raci-automobile-club-roma-tappo-smaltato-pre-1927\/#breadcrumb\",\"itemListElement\":[{\"@type\":\"ListItem\",\"position\":1,\"name\":\"Home\",\"item\":\"https:\/\/thefinitive.com\/en\/\"},{\"@type\":\"ListItem\",\"position\":2,\"name\":\"Shop\",\"item\":\"https:\/\/thefinitive.com\/en\/shop-2\/\"},{\"@type\":\"ListItem\",\"position\":3,\"name\":\"\u274c\ud83d\ude41RACI Automobile Club ROMA Tappo SMALTATO &#8211; Pre 1927\"}]},{\"@type\":\"WebSite\",\"@id\":\"https:\/\/thefinitive.com\/en\/#website\",\"url\":\"https:\/\/thefinitive.com\/en\/\",\"name\":\"Thefinitive\",\"description\":\"Antiquariato Online\",\"publisher\":{\"@id\":\"https:\/\/thefinitive.com\/en\/#organization\"},\"potentialAction\":[{\"@type\":\"SearchAction\",\"target\":{\"@type\":\"EntryPoint\",\"urlTemplate\":\"https:\/\/thefinitive.com\/en\/?s={search_term_string}\"},\"query-input\":\"required name=search_term_string\"}],\"inLanguage\":\"en-US\"},{\"@type\":\"Organization\",\"@id\":\"https:\/\/thefinitive.com\/en\/#organization\",\"name\":\"Thefinitive\",\"url\":\"https:\/\/thefinitive.com\/en\/\",\"logo\":{\"@type\":\"ImageObject\",\"inLanguage\":\"en-US\",\"@id\":\"https:\/\/thefinitive.com\/en\/#\/schema\/logo\/image\/\",\"url\":\"https:\/\/thefinitive.com\/wp-content\/uploads\/2019\/07\/logo4vett.svg\",\"contentUrl\":\"https:\/\/thefinitive.com\/wp-content\/uploads\/2019\/07\/logo4vett.svg\",\"width\":500,\"height\":100,\"caption\":\"Thefinitive\"},\"image\":{\"@id\":\"https:\/\/thefinitive.com\/en\/#\/schema\/logo\/image\/\"},\"sameAs\":[\"https:\/\/business.facebook.com\/Thefinitive-111771813534320\/\",\"https:\/\/www.instagram.com\/_thefinitive_\/\"]}]}<\/script>\n<!-- \/ Yoast SEO plugin. -->","yoast_head_json":{"title":"\u274c\ud83d\ude41RACI Automobile Club ROMA Tappo SMALTATO - Pre 1927 - Thefinitive","description":"Tappo Radiatore BOYCE MotoMeter ACI Automobile Club d'Italia ROMA pre 1927 REALE AUTOMOBILE CLUB d'ITALIA RACI - Enamelled radiator cap","robots":{"index":"index","follow":"follow","max-snippet":"max-snippet:-1","max-image-preview":"max-image-preview:large","max-video-preview":"max-video-preview:-1"},"canonical":"https:\/\/thefinitive.com\/en\/prodotto\/raci-automobile-club-roma-tappo-smaltato-pre-1927\/","og_locale":"en_US","og_type":"article","og_title":"\u274c\ud83d\ude41RACI Automobile Club ROMA Tappo SMALTATO - Pre 1927 - Thefinitive","og_description":"Tappo Radiatore BOYCE MotoMeter ACI Automobile Club d'Italia ROMA pre 1927 REALE AUTOMOBILE CLUB d'ITALIA RACI - Enamelled radiator cap","og_url":"https:\/\/thefinitive.com\/en\/prodotto\/raci-automobile-club-roma-tappo-smaltato-pre-1927\/","og_site_name":"Thefinitive","article_publisher":"https:\/\/business.facebook.com\/Thefinitive-111771813534320\/","article_modified_time":"2023-03-20T14:38:48+00:00","og_image":[{"width":2160,"height":2160,"url":"https:\/\/thefinitive.com\/wp-content\/uploads\/2020\/08\/roma1-2.jpg","type":"image\/jpeg"}],"twitter_card":"summary_large_image","twitter_misc":{"Est. reading time":"5 minutes"},"schema":{"@context":"https:\/\/schema.org","@graph":[{"@type":"WebPage","@id":"https:\/\/thefinitive.com\/en\/prodotto\/raci-automobile-club-roma-tappo-smaltato-pre-1927\/","url":"https:\/\/thefinitive.com\/en\/prodotto\/raci-automobile-club-roma-tappo-smaltato-pre-1927\/","name":"\u274c\ud83d\ude41RACI Automobile Club ROMA Tappo SMALTATO - Pre 1927 - Thefinitive","isPartOf":{"@id":"https:\/\/thefinitive.com\/en\/#website"},"datePublished":"2020-08-26T10:09:32+00:00","dateModified":"2023-03-20T14:38:48+00:00","description":"Tappo Radiatore BOYCE MotoMeter ACI Automobile Club d'Italia ROMA pre 1927 REALE AUTOMOBILE CLUB d'ITALIA RACI - Enamelled radiator cap","breadcrumb":{"@id":"https:\/\/thefinitive.com\/en\/prodotto\/raci-automobile-club-roma-tappo-smaltato-pre-1927\/#breadcrumb"},"inLanguage":"en-US","potentialAction":[{"@type":"ReadAction","target":["https:\/\/thefinitive.com\/en\/prodotto\/raci-automobile-club-roma-tappo-smaltato-pre-1927\/"]}]},{"@type":"BreadcrumbList","@id":"https:\/\/thefinitive.com\/en\/prodotto\/raci-automobile-club-roma-tappo-smaltato-pre-1927\/#breadcrumb","itemListElement":[{"@type":"ListItem","position":1,"name":"Home","item":"https:\/\/thefinitive.com\/en\/"},{"@type":"ListItem","position":2,"name":"Shop","item":"https:\/\/thefinitive.com\/en\/shop-2\/"},{"@type":"ListItem","position":3,"name":"\u274c\ud83d\ude41RACI Automobile Club ROMA Tappo SMALTATO &#8211; Pre 1927"}]},{"@type":"WebSite","@id":"https:\/\/thefinitive.com\/en\/#website","url":"https:\/\/thefinitive.com\/en\/","name":"Thefinitive","description":"Antiquariato Online","publisher":{"@id":"https:\/\/thefinitive.com\/en\/#organization"},"potentialAction":[{"@type":"SearchAction","target":{"@type":"EntryPoint","urlTemplate":"https:\/\/thefinitive.com\/en\/?s={search_term_string}"},"query-input":"required name=search_term_string"}],"inLanguage":"en-US"},{"@type":"Organization","@id":"https:\/\/thefinitive.com\/en\/#organization","name":"Thefinitive","url":"https:\/\/thefinitive.com\/en\/","logo":{"@type":"ImageObject","inLanguage":"en-US","@id":"https:\/\/thefinitive.com\/en\/#\/schema\/logo\/image\/","url":"https:\/\/thefinitive.com\/wp-content\/uploads\/2019\/07\/logo4vett.svg","contentUrl":"https:\/\/thefinitive.com\/wp-content\/uploads\/2019\/07\/logo4vett.svg","width":500,"height":100,"caption":"Thefinitive"},"image":{"@id":"https:\/\/thefinitive.com\/en\/#\/schema\/logo\/image\/"},"sameAs":["https:\/\/business.facebook.com\/Thefinitive-111771813534320\/","https:\/\/www.instagram.com\/_thefinitive_\/"]}]}},"_links":{"self":[{"href":"https:\/\/thefinitive.com\/en\/wp-json\/wp\/v3\/product\/6855"}],"collection":[{"href":"https:\/\/thefinitive.com\/en\/wp-json\/wp\/v3\/product"}],"about":[{"href":"https:\/\/thefinitive.com\/en\/wp-json\/wp\/v2\/types\/product"}],"replies":[{"embeddable":true,"href":"https:\/\/thefinitive.com\/en\/wp-json\/wp\/v2\/comments?post=6855"}],"version-history":[{"count":2,"href":"https:\/\/thefinitive.com\/en\/wp-json\/wp\/v3\/product\/6855\/revisions"}],"predecessor-version":[{"id":14702,"href":"https:\/\/thefinitive.com\/en\/wp-json\/wp\/v3\/product\/6855\/revisions\/14702"}],"wp:featuredmedia":[{"embeddable":true,"href":"https:\/\/thefinitive.com\/en\/wp-json\/wp\/v2\/media\/6856"}],"wp:attachment":[{"href":"https:\/\/thefinitive.com\/en\/wp-json\/wp\/v2\/media?parent=6855"}],"wp:term":[{"taxonomy":"product_cat","embeddable":true,"href":"https:\/\/thefinitive.com\/en\/wp-json\/wp\/v2\/product_cat?post=6855"},{"taxonomy":"product_tag","embeddable":true,"href":"https:\/\/thefinitive.com\/en\/wp-json\/wp\/v2\/product_tag?post=6855"}],"curies":[{"name":"wp","href":"https:\/\/api.w.org\/{rel}","templated":true}]}}