{"id":6547,"date":"2020-08-17T10:40:33","date_gmt":"2020-08-17T10:40:33","guid":{"rendered":"https:\/\/www.thefinitive.com\/?post_type=product&#038;p=6547"},"modified":"2023-03-20T15:38:57","modified_gmt":"2023-03-20T14:38:57","slug":"posacenere-propaganda-mussolini-autarchia-1935","status":"publish","type":"product","link":"https:\/\/thefinitive.com\/en\/prodotto\/posacenere-propaganda-mussolini-autarchia-1935\/","title":{"rendered":"\u274c\ud83d\ude41Posacenere propaganda Mussolini Autarchia 1935"},"content":{"rendered":"<p>Posacenere in fusione di alluminio , usato come oggetto di propaganda durante il regime di Mussolini nel periodo dell&#8217;autarchia.<\/p>\n<p>Dal 1935 l&#8217;Italia si trov\u00f2 nel periodo delle restrizioni economiche, alle prese con la produzione autarchica. S<span class=\"stile69\">carseggiando i materiali metallici destinati tutti alla produzione bellica, e per<\/span> risparmiare sulle spese di importazione delle materie diversamente non disponibili sul territorio nazionale, vennero usati dei materiali e derivati di materie prime che potevano essere reperite sul territorio nazionale.<\/p>\n<p>Il posacenere \u00e8 in fusione di alluminio, ed ha una splendida lavorazione in rilievo, recante un&#8217;aquila ad ali spiegate che sorregge tra gli artigli un fascio littorio , con le diciture in alto\u00a0 <strong>AUTARCHIA\u00a0<\/strong> ed in basso il motto di propaganda\u00a0 <strong>MUSSOLINI HA SEMPRE RAGIONE<\/strong><\/p>\n<p>In ottime condizioni, recante segni d&#8217;uso che conferiscono maggior sapore al manufatto in oggetto, autentico del periodo 1935 &#8211; 1936<\/p>\n<p>&nbsp;<\/p>\n<p><strong>MATERIALE\u00a0 \u00a0 \u00a0:\u00a0<\/strong> Fusione di alluminio<\/p>\n<p><strong>MISURE\u00a0 \u00a0 \u00a0 \u00a0 \u00a0 \u00a0 \u00a0:<\/strong>\u00a0 mm.100 x 84 x 5<\/p>\n<p><strong>PESO\u00a0 \u00a0 \u00a0 \u00a0 \u00a0 \u00a0 \u00a0 \u00a0 \u00a0 \u00a0:<\/strong>\u00a0 gr. 177<\/p>\n<p><strong>MARCHIO\u00a0 \u00a0 \u00a0 \u00a0 \u00a0:<\/strong>\u00a0 &#8211;<\/p>\n<p>&nbsp;<\/p>\n<h2 style=\"text-align: left;\">NOTIZIE<\/h2>\n<p>Un esempio di autarchia economica pu\u00f2 essere individuato nell&#8217;Italia fascista\u00a0e nella\u00a0Germania nazista. <sup id=\"cite_ref-4\" class=\"reference\"><\/sup>Infatti, il clima teso delle relazioni internazionali e il pericolo di una imminente dichiarazione di guerra spinse diversi Paesi ad accogliere il principio economico in base al quale una nazione deve essere in grado di produrre autonomamente tutto ci\u00f2 di cui ha bisogno.<\/p>\n<p>In\u00a0Italia\u00a0fu adottata una <strong>politica autarchica<\/strong> come risposta alle\u00a0<a title=\"Sanzioni economiche all'Italia fascista\" href=\"https:\/\/it.wikipedia.org\/wiki\/Sanzioni_economiche_all%27Italia_fascista\">sanzioni economiche<\/a>, come il blocco del commercio d&#8217;armi,\u00a0imposte\u00a0dalla\u00a0<a title=\"Societ\u00e0 delle Nazioni\" href=\"https:\/\/it.wikipedia.org\/wiki\/Societ%C3%A0_delle_Nazioni\">Societ\u00e0 delle Nazioni<\/a>\u00a0per l&#8217;invasione dell&#8217;Etiopia. Vennero a mancare perci\u00f2 alcuni rifornimenti di materie prime. L&#8217;efficacia delle sanzioni fu per\u00f2 diminuita dal fatto che esse non riguardavano il\u00a0petrolio\u00a0e il\u00a0carbone, essenziali all&#8217;industria italiana, e che diversi Paesi con cui l&#8217;Italia aveva intensi rapporti commerciali (per esempio la\u00a0Germania\u00a0ed il\u00a0Giappone), non aderivano alla Societ\u00e0 delle Nazioni, e quindi non rispettarono il blocco, mentre altri paesi membri applicarono in modo blando le sanzioni.<\/p>\n<p>Il regime fascista di Mussolini, per ragioni di propaganda, dette un largo spazio ai &#8220;prodotti autarchici&#8221;. Nacque in questo periodo il modo di dire &#8220;roba di prima&#8221;, volendo indicare la merce di qualit\u00e0.<sup id=\"cite_ref-5\" class=\"reference\"><\/sup>\u00a0&#8220;Prima&#8221; non era per\u00f2 inteso come contrazione dell&#8217;espressione &#8220;prima qualit\u00e0&#8221;, ma stava a significare &#8220;roba di prima delle sanzioni&#8221; &#8211; e quindi dell&#8217;autarchia, con riferimento iniziale ai tessuti (quelli inglesi erano ritenuti i migliori), poi esteso a tutte le merci e ai cibi. Uno dei prodotti che invece ebbe successo (e difatti esiste tuttora) \u00e8 il formaggio\u00a0italico, creato unificando in un unico standard tutti i processi di produzione dei vari formaggi.<\/p>\n<p>La Societ\u00e0 delle Nazioni cancell\u00f2 le sanzioni dopo soli sette mesi, ma gli effetti politici ed economici sull&#8217;Italia proseguirono, grazie all&#8217;abile sfruttamento da parte della propaganda fascista, e i programmi autarchici durarono per anni, fino alla fine della\u00a0seconda guerra mondiale.<\/p>\n<p>Un risultato positivo dell&#8217;autarchia fu lo sviluppo della\u00a0ricerca scientifica\u00a0soprattutto nella\u00a0chimica, in cui grande ruolo ebbero l&#8217;Istituto Guido Donegani, la\u00a0Societ\u00e0 Agricola Italiana Gomma Autarchica, e l&#8217;Azienda nazionale idrogenazione carburanti\u00a0(ANIC), per la produzione di carburanti autarchici partendo dal carbone. Altro ente pubblico creato all&#8217;uopo durante il ventennio Fascista fu l&#8217;Agip, che tuttavia espresse tutto il suo potenziale solo nel\u00a0secondo dopoguerra\u00a0sotto la gestione di\u00a0Enrico Mattei. Questi strumenti furono tutti inseriti all&#8217;interno della gestione (diretta o indiretta) dell&#8217;IRI, ente pubblico tra le colonne, nel dopoguerra con fortune alterne, del\u00a0boom economico.<\/p>\n<p>Con il dopoguerra la politica a livello mondiale si spost\u00f2 al\u00a0libero mercato\u00a0e, in breve, furono aboliti tutti gli istituti e le normative basati sull&#8217;autarchia.<\/p>\n<h3>Partito Nazionale Fascista<\/h3>\n<p>Il\u00a0<b>Partito Nazionale Fascista<\/b>\u00a0(<b>P.N.F.<\/b>) \u00e8 stato un\u00a0partito politico\u00a0italiano, espressione del\u00a0movimento fascista.<\/p>\n<p>Nato nel\u00a01921\u00a0dalla trasformazione in partito del movimento\u00a0<a title=\"Fasci italiani di combattimento\" href=\"https:\/\/it.wikipedia.org\/wiki\/Fasci_italiani_di_combattimento\">Fasci italiani di combattimento<\/a>, guid\u00f2 la cosiddetta\u00a0<a title=\"Marcia su Roma\" href=\"https:\/\/it.wikipedia.org\/wiki\/Marcia_su_Roma\">marcia su Roma<\/a>\u00a0che nell&#8217;autunno del\u00a01922\u00a0port\u00f2\u00a0<a title=\"Benito Mussolini\" href=\"https:\/\/it.wikipedia.org\/wiki\/Benito_Mussolini\">Benito Mussolini<\/a>\u00a0a divenire\u00a0presidente del Consiglio dei ministri.<\/p>\n<p>Nel\u00a01923\u00a0si fuse con l&#8217;Associazione Nazionalista Italiana\u00a0e tra la met\u00e0 e la fine degli\u00a0anni 1920\u00a0divent\u00f2, prima\u00a0<i>de facto<\/i>\u00a0e poi\u00a0<i>de iure<\/i>, il partito unico del\u00a0Regno d&#8217;Italia\u00a0fino alla caduta del regime fascista, avvenuta il 25 luglio del\u00a01943.<\/p>\n<p>L&#8217;organo ufficiale del partito era\u00a0<i>Il Popolo d&#8217;Italia<\/i>, quotidiano fondato da Mussolini nel\u00a01914. L&#8217;inno era\u00a0<i>Giovinezza<\/i>, nella versione di\u00a0Salvator Gotta\u00a0del\u00a01925, qualificato come\u00a0<i>Inno trionfale del Partito Nazionale Fascista<\/i>. La legge 20 giugno 1952, n. 645 (detta \u00ablegge Scelba\u00bb), in attuazione della\u00a0XII disposizione transitoria e finale della Costituzione italiana, ne vieta la ricostituzione<sup id=\"cite_ref-31\" class=\"reference\"><\/sup><\/p>\n<p>Il PNF fu dunque fondato a Roma\u00a0il 9 novembre\u00a01921\u00a0per iniziativa di Benito Mussolini come evoluzione in partito del movimento dei Fasci Italiani di Combattimento &#8211; fondati, sempre da Mussolini, a\u00a0Milano, in\u00a0piazza San Sepolcro, il 23 marzo\u00a01919. Come movimento giovanile si dot\u00f2 nel 1921 dell&#8217;Avanguardia Giovanile Fascista. Rispetto ai Fasci, il PNF abbandon\u00f2, via via che si consolidava al potere, gli ideali socialisteggianti e repubblicani per virare decisamente verso la destra dello scacchiere politico italiano.<\/p>\n<h3><span id=\"Conquista_del_potere\" class=\"mw-headline\">Conquista del potere<\/span><\/h3>\n<p>Dopo la marcia su Roma\u00a0del 28 ottobre\u00a01922, Mussolini, che era stato eletto parlamentare l&#8217;anno precedente insieme ad altri esponenti fascisti, fu incaricato dal re\u00a0Vittorio Emanuele III\u00a0di formare\u00a0un nuovo governo\u00a0sostenuto da una maggioranza composta anche dal\u00a0Partito Popolare Italiano\u00a0e da altri gruppi di estrazione\u00a0liberale. Il 15 dicembre\u00a01922\u00a0fu costituito il\u00a0Gran Consiglio del Fascismo, organo supremo del Partito Nazionale Fascista, che tenne la sua prima seduta il 12 gennaio\u00a01923.<\/p>\n<h3><span id=\"Regime\" class=\"mw-headline\">Regime<\/span><\/h3>\n<p>Alle elezioni politiche dell&#8217;aprile 1924, il PNF si present\u00f2 con la\u00a0Lista Nazionale, in cui erano inseriti diversi esponenti della destra liberale. Ci furono violenze squadriste e fu impiegata in alcune regioni una &#8220;lista civetta&#8221;, la Lista Nazionale bis, volta a drenare ulteriori voti. Il &#8220;Listone&#8221; ottenne una netta maggioranza con il 65,2% dei voti e 376 deputati (di cui 275 del PNF). Tali risultati furono per\u00f2 duramente contestati dalle opposizioni, che denunciarono numerose irregolarit\u00e0. In tale quadro, il deputato\u00a0Giacomo Matteotti, dopo aver denunciato brogli in parlamento, venne ucciso da estremisti fascisti. La vicenda ebbe seguito il 3 gennaio\u00a01925, quando Mussolini, con un discorso alla\u00a0Camera dei deputati, dichiar\u00f2 provocatoriamente di assumersi la responsabilit\u00e0 storica di quanto accaduto, promettendo di chiarire la situazione nei giorni immediatamente seguenti. In sede giudiziaria, sia all&#8217;epoca dei fatti, sia nel\u00a0secondo dopoguerra, non fu mai provato alcun coinvolgimento diretto del Duce o di altri gerarchi nell&#8217;organizzazione del delitto: tesi sostenuta anche da alcuni storici e dal giornalista\u00a0Indro Montanelli, per i quali le responsabilit\u00e0 di Mussolini furono solo di natura morale. La crisi seguita all&#8217;omicidio di Matteotti, che era parsa far vacillare la presa di Mussolini e del fascismo, fu invece abilmente sfruttata dal duce per avviare la dittatura.<\/p>\n<p>Dopo l&#8217;emanazione nel\u00a01926\u00a0delle cosiddette\u00a0leggi fascistissime\u00a0il PNF fu l&#8217;unico partito ammesso in Italia fino al 25 luglio\u00a01943, e dotandosi di un proprio\u00a0statuto. Il\u00a0<i>Gran Consiglio del Fascismo<\/i>\u00a0divenne organo costituzionale del Regno: &#8220;organo supremo, che coordina e integra tutte le attivit\u00e0 del regime sorto dalla\u00a0rivoluzione\u00a0dell&#8217;ottobre 1922&#8221;. Il Gran Consiglio deliberava sulla lista dei deputati da sottoporre al corpo elettorale (poi sostituiti dai\u00a0<i>consiglieri nazionali<\/i>\u00a0della\u00a0Camera dei Fasci e delle Corporazioni); sugli statuti, gli ordinamenti e le direttive politiche del Partito Nazionale Fascista; sulla nomina e la revoca del Segretario, dei Vicesegretari, del Segretario amministrativo e dei membri del Direttorio nazionale del Partito Nazionale Fascista. Le iscrizioni al Partito aumentarono a dismisura quando, il 29 marzo 1928, si decise che gli iscritti al PNF avrebbero avuto la precedenza nelle liste di collocamento (pi\u00f9 antica era l&#8217;affiliazione, pi\u00f9 si &#8220;scalavano&#8221; le graduatorie).<\/p>\n<p>Quasi due anni esatti dopo, il 28 marzo\u00a01930, si decret\u00f2 che per poter svolgere gli incarichi scolastici di alto livello (presidi e rettori) bisognava essere tesserati almeno da cinque anni. Il 3 marzo del\u00a01931\u00a0le iscrizioni furono sospese per circa un anno; questo dato fa intuire che molte furono le adesioni al Partito Fascista dettate esclusivamente da interesse: contro di esse si mosse il segretario\u00a0Giovanni Giuriati, attivista anti-corruzione che, forse proprio per questa spinta &#8220;moralizzatrice&#8221;, venne destituito dal Duce dopo pochi mesi. Un ruolo educativo fu proprio dall&#8217;Istituto Fascista di Cultura, attualmente Universit\u00e0 Popolare degli studi di Milano, che fu convertita da Universit\u00e0 Popolare di Milano a Scuola Fascista, che durante tutto il periodo diede formazione e cultura fascista.<\/p>\n<p>Nel 1930 furono creati i\u00a0Fasci giovanili di combattimento. Gli anni Trenta furono caratterizzati dalla segreteria di\u00a0Achille Starace, &#8220;fedelissimo&#8221; di Mussolini e uno dei pochi gerarchi fascisti provenienti dal sud Italia, che lanci\u00f2 una campagna di fascistizzazione del paese fatta di cerimonie oceaniche e creazione di organizzazioni volte a inquadrare il paese e il cittadino in ogni sua manifestazione (sia pubblica sia privata). Al fine di irregimentare anche i movimenti giovanili Starace port\u00f2 sotto il controllo diretto del PNF sia l&#8217;Opera Nazionale Balilla\u00a0(ONB) sia i Fasci Giovanili che furono sciolti e fatti confluire nella nuova\u00a0Giovent\u00f9 Italiana del Littorio\u00a0(GIL).<\/p>\n<p>Il 27 maggio\u00a01933\u00a0l&#8217;iscrizione al PNF \u00e8 dichiarata requisito fondamentale per il concorso a pubblici uffici; il 9 marzo\u00a01937\u00a0diventa obbligatoria se si vuole accedere a un qualunque incarico pubblico e dal 3 giugno\u00a01938\u00a0(Regio decreto n. 827) non si pu\u00f2 essere assunti nel personale salariato statale n\u00e9 si possono avere promozioni all&#8217;interno di questo personale se non si ha la tanto conclamata tessera: \u00e8 chiaro quindi che gli iscritti si contino a milioni ma che tra questi i &#8220;tiepidi&#8221; e i &#8220;freddi&#8221; verso il regime siano moltissimi. Nel\u00a01939\u00a0Ettore Muti\u00a0avvicenda Starace alla guida del partito e tale fatto testimonia l&#8217;aumento dell&#8217;influenza di\u00a0Galeazzo Ciano.<\/p>\n<p>A partire dal\u00a01937\u00a0il segretario nazionale del PNF assurse a rango di\u00a0ministro\u00a0di Stato. Con lo scoppio della\u00a0seconda guerra mondiale\u00a0Mussolini tenta di militarizzare il partito ordinando il giorno di Capodanno del\u00a01941\u00a0la mobilitazione generale di tutti i quadri del PNF. Nel periodo in cui le operazioni belliche volgono verso il peggio, in molti perdono la fiducia verso il regime fascista: anche nell&#8217;organo politico principale monta una critica, seppur latente e oscura, a cui il Duce tenta di dare una spallata nominando il ventisettenne\u00a0Aldo Vidussoni\u00a0segretario del PNF (26 dicembre\u00a01941). La mossa, dettata dal fatto che i giovani sono rimasti i pi\u00f9 accesi sostenitori del\u00a0governo, si rivela catastrofica e il 19 aprile\u00a01943\u00a0il giovane friulano viene sostituito da\u00a0Carlo Scorza.<\/p>\n<h3><span id=\"Scioglimento\" class=\"mw-headline\">Scioglimento<\/span><\/h3>\n<p>Il 27 luglio 1943, in seguito alla votazione dell&#8217;<a title=\"Caduta del fascismo\" href=\"https:\/\/it.wikipedia.org\/wiki\/Caduta_del_fascismo\">ordine del giorno Grandi<\/a>\u00a0(25 luglio), Mussolini venne arrestato dai Reali Carabinieri, decretando di fatto la fine del regime fascista. Lo scioglimento del PNF da parte del nuovo governo di\u00a0Pietro Badoglio\u00a0avvenne il 2 agosto\u00a01943\u00a0con il regio decreto n.704, pubblicato sulla Gazzetta ufficiale del Regno il 5 agosto successivo.<\/p>\n<p>Liberato dai tedeschi il 10 settembre, Mussolini costitu\u00ec il 13 settembre il nuovo\u00a0Partito Fascista Repubblicano\u00a0(PFR) e costitu\u00ec la\u00a0Repubblica Sociale Italiana\u00a0(RSI), nella parte d&#8217;Italia occupata dai tedeschi. Segretario del PFR fu nominato il 15 settembre\u00a0Alessandro Pavolini. A\u00a0Milano\u00a0era gi\u00e0 stato ricostituito il 13 settembre da\u00a0Aldo Resega, che ne fu anche il primo commissario federale. Il PFR cess\u00f2 la sua esistenza con la morte di Mussolini e con la fine della RSI, il 28 aprile del\u00a01945<\/p>\n<p><em>Fonti varie <a href=\"https:\/\/it.wikipedia.org\/wiki\/Partito_Nazionale_Fascista\">Wikipedia<\/a><\/em><\/p>\n<p>8.20<\/p>\n","protected":false},"excerpt":{"rendered":"<p style=\"text-align: center;\">Posacenere in fusione di alluminio , usato come oggetto di propaganda durante il regime fascista nel periodo dell&#8217;autarchia. Recante un&#8217;aquila ad ali spiegate che sorregge tra gli artigli un fascio littorio , con le diciture in alto\u00a0 <strong>AUTARCHIA\u00a0<\/strong> ed in basso il motto\u00a0 <strong>MUSSOLINI HA SEMPRE RAGIONE<\/strong>.<\/p>\n<p style=\"text-align: center;\">Oggetto autentico del periodo 1935 &#8211; 1936<\/p>\n<p style=\"text-align: center;\">In buone condizioni<\/p>\n<p style=\"text-align: center;\"><strong><em>(Scorri la pagina in basso per ulteriori dettagli e informazioni)<\/em><\/strong><\/p>\n<p>&nbsp;<\/p>\n<p>&nbsp;<\/p>\n","protected":false},"featured_media":6517,"comment_status":"open","ping_status":"closed","template":"","meta":[],"product_cat":[586],"product_tag":[191,304,223,224,197,162,155,198,156,260,305,195],"yoast_head":"<!-- This site is optimized with the Yoast SEO plugin v21.9.1 - https:\/\/yoast.com\/wordpress\/plugins\/seo\/ -->\n<title>\u274c\ud83d\ude41Posacenere propaganda Mussolini Autarchia 1935 - Thefinitive<\/title>\n<meta name=\"description\" content=\"Posacenere in fusione di alluminio per propaganda del regime fascista Mussolini Autarchia - Autarchico - Partito Nazionale Fascista - PNF Fascist Eagle\" \/>\n<meta name=\"robots\" content=\"index, follow, max-snippet:-1, max-image-preview:large, max-video-preview:-1\" \/>\n<link rel=\"canonical\" href=\"https:\/\/thefinitive.com\/en\/prodotto\/posacenere-propaganda-mussolini-autarchia-1935\/\" \/>\n<meta property=\"og:locale\" content=\"en_US\" \/>\n<meta property=\"og:type\" content=\"article\" \/>\n<meta property=\"og:title\" content=\"\u274c\ud83d\ude41Posacenere propaganda Mussolini Autarchia 1935 - Thefinitive\" \/>\n<meta property=\"og:description\" content=\"Posacenere in fusione di alluminio per propaganda del regime fascista Mussolini Autarchia - Autarchico - Partito Nazionale Fascista - PNF Fascist Eagle\" \/>\n<meta property=\"og:url\" content=\"https:\/\/thefinitive.com\/en\/prodotto\/posacenere-propaganda-mussolini-autarchia-1935\/\" \/>\n<meta property=\"og:site_name\" content=\"Thefinitive\" \/>\n<meta property=\"article:publisher\" content=\"https:\/\/business.facebook.com\/Thefinitive-111771813534320\/\" \/>\n<meta property=\"article:modified_time\" content=\"2023-03-20T14:38:57+00:00\" \/>\n<meta property=\"og:image\" content=\"https:\/\/thefinitive.com\/wp-content\/uploads\/2020\/08\/20200814_130013-2.jpg\" \/>\n\t<meta property=\"og:image:width\" content=\"2160\" \/>\n\t<meta property=\"og:image:height\" content=\"2160\" \/>\n\t<meta property=\"og:image:type\" content=\"image\/jpeg\" \/>\n<meta name=\"twitter:card\" content=\"summary_large_image\" \/>\n<meta name=\"twitter:label1\" content=\"Est. reading time\" \/>\n\t<meta name=\"twitter:data1\" content=\"9 minutes\" \/>\n<script type=\"application\/ld+json\" class=\"yoast-schema-graph\">{\"@context\":\"https:\/\/schema.org\",\"@graph\":[{\"@type\":\"WebPage\",\"@id\":\"https:\/\/thefinitive.com\/en\/prodotto\/posacenere-propaganda-mussolini-autarchia-1935\/\",\"url\":\"https:\/\/thefinitive.com\/en\/prodotto\/posacenere-propaganda-mussolini-autarchia-1935\/\",\"name\":\"\u274c\ud83d\ude41Posacenere propaganda Mussolini Autarchia 1935 - Thefinitive\",\"isPartOf\":{\"@id\":\"https:\/\/thefinitive.com\/en\/#website\"},\"datePublished\":\"2020-08-17T10:40:33+00:00\",\"dateModified\":\"2023-03-20T14:38:57+00:00\",\"description\":\"Posacenere in fusione di alluminio per propaganda del regime fascista Mussolini Autarchia - Autarchico - Partito Nazionale Fascista - PNF Fascist Eagle\",\"breadcrumb\":{\"@id\":\"https:\/\/thefinitive.com\/en\/prodotto\/posacenere-propaganda-mussolini-autarchia-1935\/#breadcrumb\"},\"inLanguage\":\"en-US\",\"potentialAction\":[{\"@type\":\"ReadAction\",\"target\":[\"https:\/\/thefinitive.com\/en\/prodotto\/posacenere-propaganda-mussolini-autarchia-1935\/\"]}]},{\"@type\":\"BreadcrumbList\",\"@id\":\"https:\/\/thefinitive.com\/en\/prodotto\/posacenere-propaganda-mussolini-autarchia-1935\/#breadcrumb\",\"itemListElement\":[{\"@type\":\"ListItem\",\"position\":1,\"name\":\"Home\",\"item\":\"https:\/\/thefinitive.com\/en\/\"},{\"@type\":\"ListItem\",\"position\":2,\"name\":\"Shop\",\"item\":\"https:\/\/thefinitive.com\/en\/shop-2\/\"},{\"@type\":\"ListItem\",\"position\":3,\"name\":\"\u274c\ud83d\ude41Posacenere propaganda Mussolini Autarchia 1935\"}]},{\"@type\":\"WebSite\",\"@id\":\"https:\/\/thefinitive.com\/en\/#website\",\"url\":\"https:\/\/thefinitive.com\/en\/\",\"name\":\"Thefinitive\",\"description\":\"Antiquariato Online\",\"publisher\":{\"@id\":\"https:\/\/thefinitive.com\/en\/#organization\"},\"potentialAction\":[{\"@type\":\"SearchAction\",\"target\":{\"@type\":\"EntryPoint\",\"urlTemplate\":\"https:\/\/thefinitive.com\/en\/?s={search_term_string}\"},\"query-input\":\"required name=search_term_string\"}],\"inLanguage\":\"en-US\"},{\"@type\":\"Organization\",\"@id\":\"https:\/\/thefinitive.com\/en\/#organization\",\"name\":\"Thefinitive\",\"url\":\"https:\/\/thefinitive.com\/en\/\",\"logo\":{\"@type\":\"ImageObject\",\"inLanguage\":\"en-US\",\"@id\":\"https:\/\/thefinitive.com\/en\/#\/schema\/logo\/image\/\",\"url\":\"https:\/\/thefinitive.com\/wp-content\/uploads\/2019\/07\/logo4vett.svg\",\"contentUrl\":\"https:\/\/thefinitive.com\/wp-content\/uploads\/2019\/07\/logo4vett.svg\",\"width\":500,\"height\":100,\"caption\":\"Thefinitive\"},\"image\":{\"@id\":\"https:\/\/thefinitive.com\/en\/#\/schema\/logo\/image\/\"},\"sameAs\":[\"https:\/\/business.facebook.com\/Thefinitive-111771813534320\/\",\"https:\/\/www.instagram.com\/_thefinitive_\/\"]}]}<\/script>\n<!-- \/ Yoast SEO plugin. -->","yoast_head_json":{"title":"\u274c\ud83d\ude41Posacenere propaganda Mussolini Autarchia 1935 - Thefinitive","description":"Posacenere in fusione di alluminio per propaganda del regime fascista Mussolini Autarchia - Autarchico - Partito Nazionale Fascista - PNF Fascist Eagle","robots":{"index":"index","follow":"follow","max-snippet":"max-snippet:-1","max-image-preview":"max-image-preview:large","max-video-preview":"max-video-preview:-1"},"canonical":"https:\/\/thefinitive.com\/en\/prodotto\/posacenere-propaganda-mussolini-autarchia-1935\/","og_locale":"en_US","og_type":"article","og_title":"\u274c\ud83d\ude41Posacenere propaganda Mussolini Autarchia 1935 - Thefinitive","og_description":"Posacenere in fusione di alluminio per propaganda del regime fascista Mussolini Autarchia - Autarchico - Partito Nazionale Fascista - PNF Fascist Eagle","og_url":"https:\/\/thefinitive.com\/en\/prodotto\/posacenere-propaganda-mussolini-autarchia-1935\/","og_site_name":"Thefinitive","article_publisher":"https:\/\/business.facebook.com\/Thefinitive-111771813534320\/","article_modified_time":"2023-03-20T14:38:57+00:00","og_image":[{"width":2160,"height":2160,"url":"https:\/\/thefinitive.com\/wp-content\/uploads\/2020\/08\/20200814_130013-2.jpg","type":"image\/jpeg"}],"twitter_card":"summary_large_image","twitter_misc":{"Est. reading time":"9 minutes"},"schema":{"@context":"https:\/\/schema.org","@graph":[{"@type":"WebPage","@id":"https:\/\/thefinitive.com\/en\/prodotto\/posacenere-propaganda-mussolini-autarchia-1935\/","url":"https:\/\/thefinitive.com\/en\/prodotto\/posacenere-propaganda-mussolini-autarchia-1935\/","name":"\u274c\ud83d\ude41Posacenere propaganda Mussolini Autarchia 1935 - Thefinitive","isPartOf":{"@id":"https:\/\/thefinitive.com\/en\/#website"},"datePublished":"2020-08-17T10:40:33+00:00","dateModified":"2023-03-20T14:38:57+00:00","description":"Posacenere in fusione di alluminio per propaganda del regime fascista Mussolini Autarchia - Autarchico - Partito Nazionale Fascista - PNF Fascist Eagle","breadcrumb":{"@id":"https:\/\/thefinitive.com\/en\/prodotto\/posacenere-propaganda-mussolini-autarchia-1935\/#breadcrumb"},"inLanguage":"en-US","potentialAction":[{"@type":"ReadAction","target":["https:\/\/thefinitive.com\/en\/prodotto\/posacenere-propaganda-mussolini-autarchia-1935\/"]}]},{"@type":"BreadcrumbList","@id":"https:\/\/thefinitive.com\/en\/prodotto\/posacenere-propaganda-mussolini-autarchia-1935\/#breadcrumb","itemListElement":[{"@type":"ListItem","position":1,"name":"Home","item":"https:\/\/thefinitive.com\/en\/"},{"@type":"ListItem","position":2,"name":"Shop","item":"https:\/\/thefinitive.com\/en\/shop-2\/"},{"@type":"ListItem","position":3,"name":"\u274c\ud83d\ude41Posacenere propaganda Mussolini Autarchia 1935"}]},{"@type":"WebSite","@id":"https:\/\/thefinitive.com\/en\/#website","url":"https:\/\/thefinitive.com\/en\/","name":"Thefinitive","description":"Antiquariato Online","publisher":{"@id":"https:\/\/thefinitive.com\/en\/#organization"},"potentialAction":[{"@type":"SearchAction","target":{"@type":"EntryPoint","urlTemplate":"https:\/\/thefinitive.com\/en\/?s={search_term_string}"},"query-input":"required name=search_term_string"}],"inLanguage":"en-US"},{"@type":"Organization","@id":"https:\/\/thefinitive.com\/en\/#organization","name":"Thefinitive","url":"https:\/\/thefinitive.com\/en\/","logo":{"@type":"ImageObject","inLanguage":"en-US","@id":"https:\/\/thefinitive.com\/en\/#\/schema\/logo\/image\/","url":"https:\/\/thefinitive.com\/wp-content\/uploads\/2019\/07\/logo4vett.svg","contentUrl":"https:\/\/thefinitive.com\/wp-content\/uploads\/2019\/07\/logo4vett.svg","width":500,"height":100,"caption":"Thefinitive"},"image":{"@id":"https:\/\/thefinitive.com\/en\/#\/schema\/logo\/image\/"},"sameAs":["https:\/\/business.facebook.com\/Thefinitive-111771813534320\/","https:\/\/www.instagram.com\/_thefinitive_\/"]}]}},"_links":{"self":[{"href":"https:\/\/thefinitive.com\/en\/wp-json\/wp\/v3\/product\/6547"}],"collection":[{"href":"https:\/\/thefinitive.com\/en\/wp-json\/wp\/v3\/product"}],"about":[{"href":"https:\/\/thefinitive.com\/en\/wp-json\/wp\/v2\/types\/product"}],"replies":[{"embeddable":true,"href":"https:\/\/thefinitive.com\/en\/wp-json\/wp\/v2\/comments?post=6547"}],"version-history":[{"count":2,"href":"https:\/\/thefinitive.com\/en\/wp-json\/wp\/v3\/product\/6547\/revisions"}],"predecessor-version":[{"id":14714,"href":"https:\/\/thefinitive.com\/en\/wp-json\/wp\/v3\/product\/6547\/revisions\/14714"}],"wp:featuredmedia":[{"embeddable":true,"href":"https:\/\/thefinitive.com\/en\/wp-json\/wp\/v2\/media\/6517"}],"wp:attachment":[{"href":"https:\/\/thefinitive.com\/en\/wp-json\/wp\/v2\/media?parent=6547"}],"wp:term":[{"taxonomy":"product_cat","embeddable":true,"href":"https:\/\/thefinitive.com\/en\/wp-json\/wp\/v2\/product_cat?post=6547"},{"taxonomy":"product_tag","embeddable":true,"href":"https:\/\/thefinitive.com\/en\/wp-json\/wp\/v2\/product_tag?post=6547"}],"curies":[{"name":"wp","href":"https:\/\/api.w.org\/{rel}","templated":true}]}}