{"id":6539,"date":"2020-08-17T08:04:11","date_gmt":"2020-08-17T08:04:11","guid":{"rendered":"https:\/\/www.thefinitive.com\/?post_type=product&#038;p=6539"},"modified":"2023-03-20T15:38:58","modified_gmt":"2023-03-20T14:38:58","slug":"distintivo-fasci-giovanili-combattimento-fgc","status":"publish","type":"product","link":"https:\/\/thefinitive.com\/en\/prodotto\/distintivo-fasci-giovanili-combattimento-fgc\/","title":{"rendered":"\u274c\ud83d\ude41Distintivo FASCI GIOVANILI COMBATTIMENTO &#8211; FGC"},"content":{"rendered":"<p>Distintivo in metallo argentato e smalti dei <strong>FASCI GIOVANILI di COMBATTIMENTO<\/strong> , <strong>FGC<\/strong> , organizzazione interna al <strong>PNF\u00a0 (Partito Nazionale Fascista)<\/strong><\/p>\n<p>Prodotto dalla <em><strong>PICCHIANI &amp; BARLACCHI<\/strong><\/em> , Firenze, questo distintivo dei Fasci Giovanili di Combattimento \u00e8 realizzato in metallo argentato, con applicazione di smalto nero che fa da sfondo al fregio centrale tipico delle organizzazioni giovanili, composto cio\u00e8 da un fascio littorio modello 1927, con sovrapposto uno scudo recante le lettere FGC ed un gladio di tipo romano. Piedino al retro per permettere l&#8217;inserimento all&#8217;occhiello della giacca.<\/p>\n<p>&nbsp;<\/p>\n<p><strong>MATERIALE\u00a0 \u00a0 \u00a0:\u00a0<\/strong> Metallo smaltato<\/p>\n<p><strong>MISURE\u00a0 \u00a0 \u00a0 \u00a0 \u00a0 \u00a0 \u00a0:<\/strong>\u00a0 mm.17 x 11<\/p>\n<p><strong>MARCHIO\u00a0 \u00a0 \u00a0 \u00a0 \u00a0:<\/strong>\u00a0 Picchiani &amp; Barlacchi<\/p>\n<p>&nbsp;<\/p>\n<h2 style=\"text-align: left;\">NOTIZIE<\/h2>\n<p>I\u00a0<b>fasci giovanili di combattimento<\/b>\u00a0(abbreviato\u00a0<b>F.G.C.<\/b>\u00a0oppure al plurale\u00a0<b>FF.GG.CC.<\/b>) furono un&#8217;organizzazione giovanile del\u00a0<a title=\"Partito Nazionale Fascista\" href=\"https:\/\/it.wikipedia.org\/wiki\/Partito_Nazionale_Fascista\">Partito Nazionale Fascista<\/a>.<\/p>\n<h3><span id=\"Origini\" class=\"mw-headline\">Origini<\/span><\/h3>\n<p>La prima organizzazione giovanile fascista era nata nel <strong>1919<\/strong> e all&#8217;interno dei singoli fasci: le\u00a0Avanguardie giovanili studentesche. Era stato poi\u00a0Michele Bianchi\u00a0a organizzare nel\u00a01921, all&#8217;interno del neonato PNF, il movimento giovanile del partito, denominandola\u00a0<strong>Avanguardia Giovanile Fascista<\/strong> e confluita nel\u00a0<strong>1926\u00a0<\/strong>nell&#8217;<strong>Opera Nazionale Balilla<\/strong>.<\/p>\n<p>I fasci giovanili di combattimento furono costituiti dal\u00a0Gran consiglio del fascismo\u00a0l&#8217;8 ottobre\u00a01930 (dove prende corpo il nuovo simbolo come da questo distintivo dei Fasci Giovanili di Combattimento) per completare l&#8217;inquadramento formativo dei ragazzi e delle ragazze dai 18 ai 21 anni, non pi\u00f9 di competenza dell&#8217;Opera Nazionale Balilla. I ragazzi (avanguardisti) e le ragazze (giovani fasciste) dovevano ogni sabato partecipare al\u00a0sabato fascista, continuando l&#8217;istruzione premilitare marciando in piazza o negli spazi a loro riservati dai\u00a0gruppi rionali fascisti.<\/p>\n<h3><span id=\"Lo_sport_dei_fasci_giovanili\" class=\"mw-headline\">Lo sport dei fasci giovanili<\/span><\/h3>\n<p>Nel\u00a01927\u00a0il regime defin\u00ec l&#8217;attivit\u00e0 sportiva quale principale strumento per la crescita mentale e fisica dei giovani. Dette perci\u00f2 ordine a tutte le istituzioni pubbliche (podest\u00e0, enti sportivi provinciali fascisti e le province) di organizzare e gestire manifestazioni sportive.<\/p>\n<p>A tutti coloro che si iscrivevano al partito ed ai giovani che fossero entrati nei\u00a0fasci giovanili, vennero garantite notevoli agevolazioni sia per l&#8217;acquisto di vestiario e materiale sportivo sia per l&#8217;iscrizione, la partecipazione e la visione delle manifestazioni sportive. Gli sconti riservati ai fasci giovanili erano normalmente tra il 20% ed il 25% delle tasse di iscrizione e partecipazione ai campionati. Questi ultimi erano loro riservati da ogni federazione sportiva, con tanto di attribuzione dei titoli di campione provinciale e regionale dei fasci giovanili.<\/p>\n<p>I gruppi sportivi ebbero uno sviluppo notevole soprattutto nel calcio e nella pallacanestro, diventando il fiore all&#8217;occhiello delle federazioni provinciali fasciste, che portavano le proprie rappresentative provinciali ai &#8220;Littoriali\u00a0dello Sport&#8221;, clou dell&#8217;attivit\u00e0 sportiva primaverile che si svolgeva a met\u00e0 maggio. Ai Littoriali tanti ragazzi e ragazze, gi\u00e0 &#8220;promesse&#8221; in ambito provinciale, fecero esperienza per diventare in seguito veri campioni sportivi ed olimpici.<\/p>\n<h3><span id=\"La_creazione_della_GIL\" class=\"mw-headline\">La creazione della GIL<\/span><\/h3>\n<p>I fasci giovanili vincolavano all&#8217;attivit\u00e0 sportiva i giovani e le giovani fasciste fino ai 21 anni, in quanto non avevano la\u00a0<i>capacit\u00e0 giuridica<\/i>\u00a0ed i finanziamenti per poter gestire i gruppi sportivi e coprire a livello assicurativo gli atleti dopo la maggiore et\u00e0.<\/p>\n<p>\u00c8 per questo motivo che, al termine della\u00a0guerra d&#8217;Etiopia, i fasci giovanili e l&#8217;Opera nazionale balilla furono uniti e convogliati nella\u00a0<strong><a title=\"Giovent\u00f9 italiana del littorio\" href=\"https:\/\/it.wikipedia.org\/wiki\/Giovent%C3%B9_italiana_del_littorio\">G.I.L.<\/a>\u00a0<\/strong>(Giovent\u00f9 italiana del littorio), a cui il legislatore (1937) rese possibile trasformare le associazioni sportive giovanili in vere e proprie societ\u00e0 sportive autonome, finanziate dallo Stato oppure, avendo capacit\u00e0 giuridica, tramite sovvenzioni ed eredit\u00e0.<\/p>\n<h3>Partito Nazionale Fascista<\/h3>\n<p>Il\u00a0<b>Partito Nazionale Fascista<\/b>\u00a0(<b>P.N.F.<\/b>) \u00e8 stato un\u00a0partito politico\u00a0italiano, espressione del\u00a0movimento fascista.<\/p>\n<p>Nato nel\u00a01921\u00a0dalla trasformazione in partito del movimento\u00a0<a title=\"Fasci italiani di combattimento\" href=\"https:\/\/it.wikipedia.org\/wiki\/Fasci_italiani_di_combattimento\">Fasci italiani di combattimento<\/a>, guid\u00f2 la cosiddetta\u00a0<a title=\"Marcia su Roma\" href=\"https:\/\/it.wikipedia.org\/wiki\/Marcia_su_Roma\">marcia su Roma<\/a>\u00a0che nell&#8217;autunno del\u00a01922\u00a0port\u00f2\u00a0<a title=\"Benito Mussolini\" href=\"https:\/\/it.wikipedia.org\/wiki\/Benito_Mussolini\">Benito Mussolini<\/a>\u00a0a divenire\u00a0presidente del Consiglio dei ministri.<\/p>\n<p>Nel\u00a01923\u00a0si fuse con l&#8217;Associazione Nazionalista Italiana\u00a0e tra la met\u00e0 e la fine degli\u00a0anni 1920\u00a0divent\u00f2, prima\u00a0<i>de facto<\/i>\u00a0e poi\u00a0<i>de iure<\/i>, il partito unico del\u00a0Regno d&#8217;Italia\u00a0fino alla caduta del regime fascista, avvenuta il 25 luglio del\u00a01943.<\/p>\n<p>L&#8217;organo ufficiale del partito era\u00a0<i>Il Popolo d&#8217;Italia<\/i>, quotidiano fondato da Mussolini nel\u00a01914. L&#8217;inno era\u00a0<i>Giovinezza<\/i>, nella versione di\u00a0Salvator Gotta\u00a0del\u00a01925, qualificato come\u00a0<i>Inno trionfale del Partito Nazionale Fascista<\/i>. La legge 20 giugno 1952, n. 645 (detta \u00ablegge Scelba\u00bb), in attuazione della\u00a0XII disposizione transitoria e finale della Costituzione italiana, ne vieta la ricostituzione<sup id=\"cite_ref-31\" class=\"reference\"><\/sup><\/p>\n<p>Il PNF fu dunque fondato a Roma\u00a0il 9 novembre\u00a01921\u00a0per iniziativa di Benito Mussolini come evoluzione in partito del movimento dei Fasci Italiani di Combattimento &#8211; fondati, sempre da Mussolini, a\u00a0Milano, in\u00a0piazza San Sepolcro, il 23 marzo\u00a01919. Come movimento giovanile si dot\u00f2 nel 1921 dell&#8217;Avanguardia Giovanile Fascista. Rispetto ai Fasci, il PNF abbandon\u00f2, via via che si consolidava al potere, gli ideali socialisteggianti e repubblicani per virare decisamente verso la destra dello scacchiere politico italiano.<\/p>\n<h3><span id=\"Conquista_del_potere\" class=\"mw-headline\">Conquista del potere<\/span><\/h3>\n<p>Dopo la marcia su Roma\u00a0del 28 ottobre\u00a01922, Mussolini, che era stato eletto parlamentare l&#8217;anno precedente insieme ad altri esponenti fascisti, fu incaricato dal re\u00a0Vittorio Emanuele III\u00a0di formare\u00a0un nuovo governo\u00a0sostenuto da una maggioranza composta anche dal\u00a0Partito Popolare Italiano\u00a0e da altri gruppi di estrazione\u00a0liberale. Il 15 dicembre\u00a01922\u00a0fu costituito il\u00a0Gran Consiglio del Fascismo, organo supremo del Partito Nazionale Fascista, che tenne la sua prima seduta il 12 gennaio\u00a01923.<\/p>\n<h3><span id=\"Regime\" class=\"mw-headline\">Regime<\/span><\/h3>\n<p>Alle elezioni politiche dell&#8217;aprile 1924, il PNF si present\u00f2 con la\u00a0Lista Nazionale, in cui erano inseriti diversi esponenti della destra liberale. Ci furono violenze squadriste e fu impiegata in alcune regioni una &#8220;lista civetta&#8221;, la Lista Nazionale bis, volta a drenare ulteriori voti. Il &#8220;Listone&#8221; ottenne una netta maggioranza con il 65,2% dei voti e 376 deputati (di cui 275 del PNF). Tali risultati furono per\u00f2 duramente contestati dalle opposizioni, che denunciarono numerose irregolarit\u00e0. In tale quadro, il deputato\u00a0Giacomo Matteotti, dopo aver denunciato brogli in parlamento, venne ucciso da estremisti fascisti. La vicenda ebbe seguito il 3 gennaio\u00a01925, quando Mussolini, con un discorso alla\u00a0Camera dei deputati, dichiar\u00f2 provocatoriamente di assumersi la responsabilit\u00e0 storica di quanto accaduto, promettendo di chiarire la situazione nei giorni immediatamente seguenti. In sede giudiziaria, sia all&#8217;epoca dei fatti, sia nel\u00a0secondo dopoguerra, non fu mai provato alcun coinvolgimento diretto del Duce o di altri gerarchi nell&#8217;organizzazione del delitto: tesi sostenuta anche da alcuni storici e dal giornalista\u00a0Indro Montanelli, per i quali le responsabilit\u00e0 di Mussolini furono solo di natura morale. La crisi seguita all&#8217;omicidio di Matteotti, che era parsa far vacillare la presa di Mussolini e del fascismo, fu invece abilmente sfruttata dal duce per avviare la dittatura.<\/p>\n<p>Dopo l&#8217;emanazione nel\u00a01926\u00a0delle cosiddette\u00a0leggi fascistissime\u00a0il PNF fu l&#8217;unico partito ammesso in Italia fino al 25 luglio\u00a01943, e dotandosi di un proprio\u00a0statuto. Il\u00a0<i>Gran Consiglio del Fascismo<\/i>\u00a0divenne organo costituzionale del Regno: &#8220;organo supremo, che coordina e integra tutte le attivit\u00e0 del regime sorto dalla\u00a0rivoluzione\u00a0dell&#8217;ottobre 1922&#8221;. Il Gran Consiglio deliberava sulla lista dei deputati da sottoporre al corpo elettorale (poi sostituiti dai\u00a0<i>consiglieri nazionali<\/i>\u00a0della\u00a0Camera dei Fasci e delle Corporazioni); sugli statuti, gli ordinamenti e le direttive politiche del Partito Nazionale Fascista; sulla nomina e la revoca del Segretario, dei Vicesegretari, del Segretario amministrativo e dei membri del Direttorio nazionale del Partito Nazionale Fascista. Le iscrizioni al Partito aumentarono a dismisura quando, il 29 marzo 1928, si decise che gli iscritti al PNF avrebbero avuto la precedenza nelle liste di collocamento (pi\u00f9 antica era l&#8217;affiliazione, pi\u00f9 si &#8220;scalavano&#8221; le graduatorie).<\/p>\n<p>Quasi due anni esatti dopo, il 28 marzo\u00a01930, si decret\u00f2 che per poter svolgere gli incarichi scolastici di alto livello (presidi e rettori) bisognava essere tesserati almeno da cinque anni. Il 3 marzo del\u00a01931\u00a0le iscrizioni furono sospese per circa un anno; questo dato fa intuire che molte furono le adesioni al Partito Fascista dettate esclusivamente da interesse: contro di esse si mosse il segretario\u00a0Giovanni Giuriati, attivista anti-corruzione che, forse proprio per questa spinta &#8220;moralizzatrice&#8221;, venne destituito dal Duce dopo pochi mesi. Un ruolo educativo fu proprio dall&#8217;Istituto Fascista di Cultura, attualmente Universit\u00e0 Popolare degli studi di Milano, che fu convertita da Universit\u00e0 Popolare di Milano a Scuola Fascista, che durante tutto il periodo diede formazione e cultura fascista.<\/p>\n<p>Nel 1930 furono creati i Fasci giovanili di combattimento (vedi questo distintivo dei Fasci Giovanili di Combattimento). Gli anni Trenta furono caratterizzati dalla segreteria di Achille Starace, &#8220;fedelissimo&#8221; di Mussolini e uno dei pochi gerarchi fascisti provenienti dal sud Italia, che lanci\u00f2 una campagna di fascistizzazione del paese fatta di cerimonie oceaniche e creazione di organizzazioni volte a inquadrare il paese e il cittadino in ogni sua manifestazione (sia pubblica sia privata). Al fine di irregimentare anche i movimenti giovanili Starace port\u00f2 sotto il controllo diretto del PNF sia l&#8217;Opera Nazionale Balilla (ONB) sia i Fasci Giovanili che furono sciolti e fatti confluire nella nuova Giovent\u00f9 Italiana del Littorio (GIL dal quale prosegue il simbolo del distintivo dei Fasci Giovanili di Combattimento).<\/p>\n<p>Il 27 maggio\u00a01933\u00a0l&#8217;iscrizione al PNF \u00e8 dichiarata requisito fondamentale per il concorso a pubblici uffici; il 9 marzo\u00a01937\u00a0diventa obbligatoria se si vuole accedere a un qualunque incarico pubblico e dal 3 giugno\u00a01938\u00a0(Regio decreto n. 827) non si pu\u00f2 essere assunti nel personale salariato statale n\u00e9 si possono avere promozioni all&#8217;interno di questo personale se non si ha la tanto conclamata tessera: \u00e8 chiaro quindi che gli iscritti si contino a milioni ma che tra questi i &#8220;tiepidi&#8221; e i &#8220;freddi&#8221; verso il regime siano moltissimi. Nel\u00a01939\u00a0Ettore Muti\u00a0avvicenda Starace alla guida del partito e tale fatto testimonia l&#8217;aumento dell&#8217;influenza di\u00a0Galeazzo Ciano.<\/p>\n<p>A partire dal\u00a01937\u00a0il segretario nazionale del PNF assurse a rango di\u00a0ministro\u00a0di Stato. Con lo scoppio della\u00a0seconda guerra mondiale\u00a0Mussolini tenta di militarizzare il partito ordinando il giorno di Capodanno del\u00a01941\u00a0la mobilitazione generale di tutti i quadri del PNF. Nel periodo in cui le operazioni belliche volgono verso il peggio, in molti perdono la fiducia verso il regime fascista: anche nell&#8217;organo politico principale monta una critica, seppur latente e oscura, a cui il Duce tenta di dare una spallata nominando il ventisettenne\u00a0Aldo Vidussoni\u00a0segretario del PNF (26 dicembre\u00a01941). La mossa, dettata dal fatto che i giovani sono rimasti i pi\u00f9 accesi sostenitori del\u00a0governo, si rivela catastrofica e il 19 aprile\u00a01943\u00a0il giovane friulano viene sostituito da\u00a0Carlo Scorza.<\/p>\n<h3><span id=\"Scioglimento\" class=\"mw-headline\">Scioglimento<\/span><\/h3>\n<p>Il 27 luglio 1943, in seguito alla votazione dell&#8217;<a title=\"Caduta del fascismo\" href=\"https:\/\/it.wikipedia.org\/wiki\/Caduta_del_fascismo\">ordine del giorno Grandi<\/a>\u00a0(25 luglio), Mussolini venne arrestato dai Reali Carabinieri, decretando di fatto la fine del regime fascista. Lo scioglimento del PNF da parte del nuovo governo di\u00a0Pietro Badoglio\u00a0avvenne il 2 agosto\u00a01943\u00a0con il regio decreto n.704, pubblicato sulla Gazzetta ufficiale del Regno il 5 agosto successivo.<\/p>\n<p>Liberato dai tedeschi il 10 settembre, Mussolini costitu\u00ec il 13 settembre il nuovo\u00a0Partito Fascista Repubblicano\u00a0(PFR) e costitu\u00ec la\u00a0Repubblica Sociale Italiana\u00a0(RSI), nella parte d&#8217;Italia occupata dai tedeschi. Segretario del PFR fu nominato il 15 settembre\u00a0Alessandro Pavolini. A\u00a0Milano\u00a0era gi\u00e0 stato ricostituito il 13 settembre da\u00a0Aldo Resega, che ne fu anche il primo commissario federale. Il PFR cess\u00f2 la sua esistenza con la morte di Mussolini e con la fine della RSI, il 28 aprile del\u00a01945<\/p>\n<p><em>Fonti varie <a href=\"https:\/\/it.wikipedia.org\/wiki\/Fasci_giovanili_di_combattimento\">Wikipedia<\/a><\/em><\/p>\n<p>8.20<\/p>\n","protected":false},"excerpt":{"rendered":"<p style=\"text-align: center;\">Distintivo in metallo argentato e smalti dei <strong>FASCI GIOVANILI di COMBATTIMENTO<\/strong> , <strong>FGC<\/strong><\/p>\n<p style=\"text-align: center;\">Piedino al retro con marchio del produttore <em><strong>PICCHIANI &amp; BARLACCHI<\/strong><\/em> , Firenze<\/p>\n<p style=\"text-align: center;\">Misure approssimative mm.17 x 11. In ottime condizioni.<\/p>\n<p style=\"text-align: center;\"><strong><em>(Scorri la pagina in basso per ulteriori dettagli e informazioni)<\/em><\/strong><\/p>\n<p>&nbsp;<\/p>\n<p>&nbsp;<\/p>\n","protected":false},"featured_media":6489,"comment_status":"open","ping_status":"closed","template":"","meta":[],"product_cat":[586],"product_tag":[191,304,223,224,197,162,155,198,156,260,305,195],"yoast_head":"<!-- This site is optimized with the Yoast SEO plugin v21.9.1 - https:\/\/yoast.com\/wordpress\/plugins\/seo\/ -->\n<title>\u274c\ud83d\ude41Distintivo FASCI GIOVANILI COMBATTIMENTO - FGC - Thefinitive<\/title>\n<meta name=\"description\" content=\"Distintivo Fasci Giovanili di Combattimento FGC - FF.GG.CC. - Partito Nazionale Fascista - Fascio Littorio - Duce Mussolini squadrista GIL ONB\" \/>\n<meta name=\"robots\" content=\"index, follow, max-snippet:-1, max-image-preview:large, max-video-preview:-1\" \/>\n<link rel=\"canonical\" href=\"https:\/\/thefinitive.com\/en\/prodotto\/distintivo-fasci-giovanili-combattimento-fgc\/\" \/>\n<meta property=\"og:locale\" content=\"en_US\" \/>\n<meta property=\"og:type\" content=\"article\" \/>\n<meta property=\"og:title\" content=\"\u274c\ud83d\ude41Distintivo FASCI GIOVANILI COMBATTIMENTO - FGC - Thefinitive\" \/>\n<meta property=\"og:description\" content=\"Distintivo Fasci Giovanili di Combattimento FGC - FF.GG.CC. - Partito Nazionale Fascista - Fascio Littorio - Duce Mussolini squadrista GIL ONB\" \/>\n<meta property=\"og:url\" content=\"https:\/\/thefinitive.com\/en\/prodotto\/distintivo-fasci-giovanili-combattimento-fgc\/\" \/>\n<meta property=\"og:site_name\" content=\"Thefinitive\" \/>\n<meta property=\"article:publisher\" content=\"https:\/\/business.facebook.com\/Thefinitive-111771813534320\/\" \/>\n<meta property=\"article:modified_time\" content=\"2023-03-20T14:38:58+00:00\" \/>\n<meta property=\"og:image\" content=\"https:\/\/thefinitive.com\/wp-content\/uploads\/2020\/08\/20200814_124840-2.jpg\" \/>\n\t<meta property=\"og:image:width\" content=\"2160\" \/>\n\t<meta property=\"og:image:height\" content=\"2160\" \/>\n\t<meta property=\"og:image:type\" content=\"image\/jpeg\" \/>\n<meta name=\"twitter:card\" content=\"summary_large_image\" \/>\n<meta name=\"twitter:label1\" content=\"Est. reading time\" \/>\n\t<meta name=\"twitter:data1\" content=\"9 minutes\" \/>\n<script type=\"application\/ld+json\" class=\"yoast-schema-graph\">{\"@context\":\"https:\/\/schema.org\",\"@graph\":[{\"@type\":\"WebPage\",\"@id\":\"https:\/\/thefinitive.com\/en\/prodotto\/distintivo-fasci-giovanili-combattimento-fgc\/\",\"url\":\"https:\/\/thefinitive.com\/en\/prodotto\/distintivo-fasci-giovanili-combattimento-fgc\/\",\"name\":\"\u274c\ud83d\ude41Distintivo FASCI GIOVANILI COMBATTIMENTO - FGC - Thefinitive\",\"isPartOf\":{\"@id\":\"https:\/\/thefinitive.com\/en\/#website\"},\"datePublished\":\"2020-08-17T08:04:11+00:00\",\"dateModified\":\"2023-03-20T14:38:58+00:00\",\"description\":\"Distintivo Fasci Giovanili di Combattimento FGC - FF.GG.CC. - Partito Nazionale Fascista - Fascio Littorio - Duce Mussolini squadrista GIL ONB\",\"breadcrumb\":{\"@id\":\"https:\/\/thefinitive.com\/en\/prodotto\/distintivo-fasci-giovanili-combattimento-fgc\/#breadcrumb\"},\"inLanguage\":\"en-US\",\"potentialAction\":[{\"@type\":\"ReadAction\",\"target\":[\"https:\/\/thefinitive.com\/en\/prodotto\/distintivo-fasci-giovanili-combattimento-fgc\/\"]}]},{\"@type\":\"BreadcrumbList\",\"@id\":\"https:\/\/thefinitive.com\/en\/prodotto\/distintivo-fasci-giovanili-combattimento-fgc\/#breadcrumb\",\"itemListElement\":[{\"@type\":\"ListItem\",\"position\":1,\"name\":\"Home\",\"item\":\"https:\/\/thefinitive.com\/en\/\"},{\"@type\":\"ListItem\",\"position\":2,\"name\":\"Shop\",\"item\":\"https:\/\/thefinitive.com\/en\/shop-2\/\"},{\"@type\":\"ListItem\",\"position\":3,\"name\":\"\u274c\ud83d\ude41Distintivo FASCI GIOVANILI COMBATTIMENTO &#8211; FGC\"}]},{\"@type\":\"WebSite\",\"@id\":\"https:\/\/thefinitive.com\/en\/#website\",\"url\":\"https:\/\/thefinitive.com\/en\/\",\"name\":\"Thefinitive\",\"description\":\"Antiquariato Online\",\"publisher\":{\"@id\":\"https:\/\/thefinitive.com\/en\/#organization\"},\"potentialAction\":[{\"@type\":\"SearchAction\",\"target\":{\"@type\":\"EntryPoint\",\"urlTemplate\":\"https:\/\/thefinitive.com\/en\/?s={search_term_string}\"},\"query-input\":\"required name=search_term_string\"}],\"inLanguage\":\"en-US\"},{\"@type\":\"Organization\",\"@id\":\"https:\/\/thefinitive.com\/en\/#organization\",\"name\":\"Thefinitive\",\"url\":\"https:\/\/thefinitive.com\/en\/\",\"logo\":{\"@type\":\"ImageObject\",\"inLanguage\":\"en-US\",\"@id\":\"https:\/\/thefinitive.com\/en\/#\/schema\/logo\/image\/\",\"url\":\"https:\/\/thefinitive.com\/wp-content\/uploads\/2019\/07\/logo4vett.svg\",\"contentUrl\":\"https:\/\/thefinitive.com\/wp-content\/uploads\/2019\/07\/logo4vett.svg\",\"width\":500,\"height\":100,\"caption\":\"Thefinitive\"},\"image\":{\"@id\":\"https:\/\/thefinitive.com\/en\/#\/schema\/logo\/image\/\"},\"sameAs\":[\"https:\/\/business.facebook.com\/Thefinitive-111771813534320\/\",\"https:\/\/www.instagram.com\/_thefinitive_\/\"]}]}<\/script>\n<!-- \/ Yoast SEO plugin. -->","yoast_head_json":{"title":"\u274c\ud83d\ude41Distintivo FASCI GIOVANILI COMBATTIMENTO - FGC - Thefinitive","description":"Distintivo Fasci Giovanili di Combattimento FGC - FF.GG.CC. - Partito Nazionale Fascista - Fascio Littorio - Duce Mussolini squadrista GIL ONB","robots":{"index":"index","follow":"follow","max-snippet":"max-snippet:-1","max-image-preview":"max-image-preview:large","max-video-preview":"max-video-preview:-1"},"canonical":"https:\/\/thefinitive.com\/en\/prodotto\/distintivo-fasci-giovanili-combattimento-fgc\/","og_locale":"en_US","og_type":"article","og_title":"\u274c\ud83d\ude41Distintivo FASCI GIOVANILI COMBATTIMENTO - FGC - Thefinitive","og_description":"Distintivo Fasci Giovanili di Combattimento FGC - FF.GG.CC. - Partito Nazionale Fascista - Fascio Littorio - Duce Mussolini squadrista GIL ONB","og_url":"https:\/\/thefinitive.com\/en\/prodotto\/distintivo-fasci-giovanili-combattimento-fgc\/","og_site_name":"Thefinitive","article_publisher":"https:\/\/business.facebook.com\/Thefinitive-111771813534320\/","article_modified_time":"2023-03-20T14:38:58+00:00","og_image":[{"width":2160,"height":2160,"url":"https:\/\/thefinitive.com\/wp-content\/uploads\/2020\/08\/20200814_124840-2.jpg","type":"image\/jpeg"}],"twitter_card":"summary_large_image","twitter_misc":{"Est. reading time":"9 minutes"},"schema":{"@context":"https:\/\/schema.org","@graph":[{"@type":"WebPage","@id":"https:\/\/thefinitive.com\/en\/prodotto\/distintivo-fasci-giovanili-combattimento-fgc\/","url":"https:\/\/thefinitive.com\/en\/prodotto\/distintivo-fasci-giovanili-combattimento-fgc\/","name":"\u274c\ud83d\ude41Distintivo FASCI GIOVANILI COMBATTIMENTO - FGC - Thefinitive","isPartOf":{"@id":"https:\/\/thefinitive.com\/en\/#website"},"datePublished":"2020-08-17T08:04:11+00:00","dateModified":"2023-03-20T14:38:58+00:00","description":"Distintivo Fasci Giovanili di Combattimento FGC - FF.GG.CC. - Partito Nazionale Fascista - Fascio Littorio - Duce Mussolini squadrista GIL ONB","breadcrumb":{"@id":"https:\/\/thefinitive.com\/en\/prodotto\/distintivo-fasci-giovanili-combattimento-fgc\/#breadcrumb"},"inLanguage":"en-US","potentialAction":[{"@type":"ReadAction","target":["https:\/\/thefinitive.com\/en\/prodotto\/distintivo-fasci-giovanili-combattimento-fgc\/"]}]},{"@type":"BreadcrumbList","@id":"https:\/\/thefinitive.com\/en\/prodotto\/distintivo-fasci-giovanili-combattimento-fgc\/#breadcrumb","itemListElement":[{"@type":"ListItem","position":1,"name":"Home","item":"https:\/\/thefinitive.com\/en\/"},{"@type":"ListItem","position":2,"name":"Shop","item":"https:\/\/thefinitive.com\/en\/shop-2\/"},{"@type":"ListItem","position":3,"name":"\u274c\ud83d\ude41Distintivo FASCI GIOVANILI COMBATTIMENTO &#8211; FGC"}]},{"@type":"WebSite","@id":"https:\/\/thefinitive.com\/en\/#website","url":"https:\/\/thefinitive.com\/en\/","name":"Thefinitive","description":"Antiquariato Online","publisher":{"@id":"https:\/\/thefinitive.com\/en\/#organization"},"potentialAction":[{"@type":"SearchAction","target":{"@type":"EntryPoint","urlTemplate":"https:\/\/thefinitive.com\/en\/?s={search_term_string}"},"query-input":"required name=search_term_string"}],"inLanguage":"en-US"},{"@type":"Organization","@id":"https:\/\/thefinitive.com\/en\/#organization","name":"Thefinitive","url":"https:\/\/thefinitive.com\/en\/","logo":{"@type":"ImageObject","inLanguage":"en-US","@id":"https:\/\/thefinitive.com\/en\/#\/schema\/logo\/image\/","url":"https:\/\/thefinitive.com\/wp-content\/uploads\/2019\/07\/logo4vett.svg","contentUrl":"https:\/\/thefinitive.com\/wp-content\/uploads\/2019\/07\/logo4vett.svg","width":500,"height":100,"caption":"Thefinitive"},"image":{"@id":"https:\/\/thefinitive.com\/en\/#\/schema\/logo\/image\/"},"sameAs":["https:\/\/business.facebook.com\/Thefinitive-111771813534320\/","https:\/\/www.instagram.com\/_thefinitive_\/"]}]}},"_links":{"self":[{"href":"https:\/\/thefinitive.com\/en\/wp-json\/wp\/v3\/product\/6539"}],"collection":[{"href":"https:\/\/thefinitive.com\/en\/wp-json\/wp\/v3\/product"}],"about":[{"href":"https:\/\/thefinitive.com\/en\/wp-json\/wp\/v2\/types\/product"}],"replies":[{"embeddable":true,"href":"https:\/\/thefinitive.com\/en\/wp-json\/wp\/v2\/comments?post=6539"}],"version-history":[{"count":2,"href":"https:\/\/thefinitive.com\/en\/wp-json\/wp\/v3\/product\/6539\/revisions"}],"predecessor-version":[{"id":14717,"href":"https:\/\/thefinitive.com\/en\/wp-json\/wp\/v3\/product\/6539\/revisions\/14717"}],"wp:featuredmedia":[{"embeddable":true,"href":"https:\/\/thefinitive.com\/en\/wp-json\/wp\/v2\/media\/6489"}],"wp:attachment":[{"href":"https:\/\/thefinitive.com\/en\/wp-json\/wp\/v2\/media?parent=6539"}],"wp:term":[{"taxonomy":"product_cat","embeddable":true,"href":"https:\/\/thefinitive.com\/en\/wp-json\/wp\/v2\/product_cat?post=6539"},{"taxonomy":"product_tag","embeddable":true,"href":"https:\/\/thefinitive.com\/en\/wp-json\/wp\/v2\/product_tag?post=6539"}],"curies":[{"name":"wp","href":"https:\/\/api.w.org\/{rel}","templated":true}]}}