{"id":6445,"date":"2020-08-13T12:59:30","date_gmt":"2020-08-13T10:59:30","guid":{"rendered":"https:\/\/www.thefinitive.com\/?post_type=product&#038;p=6445"},"modified":"2025-08-21T19:47:31","modified_gmt":"2025-08-21T17:47:31","slug":"pietro-annigoni-fotografia-autografa-dedica-numerata","status":"publish","type":"product","link":"https:\/\/thefinitive.com\/en\/prodotto\/pietro-annigoni-fotografia-autografa-dedica-numerata\/","title":{"rendered":"Pietro Annigoni fotografia Autografa &#8211; dedica &#8211; numerata"},"content":{"rendered":"<p>Fotografia del pittore Pietro ANNIGONI in bianco e nero, con dedica e firma autografa, scritta di pugno dal maestro.<\/p>\n<p style=\"text-align: center;\"><strong><em>WITH GOOD WISHES , Pietro Annigoni<\/em><\/strong><\/p>\n<p>Annigoni divenne famoso grazie ai suoi ritratti della Regina Elisabetta II, dello Sci\u00e0 dell&#8217;Iran e di Papa Giovanni XXIII.<\/p>\n<p>Nonostante fosse ricordato come &#8220;<strong><em>Il pittore delle regine<\/em><\/strong>&#8220;, ebbe una grande predilezione nel ritrarre &#8220;personaggi meno abbienti e famosi&#8221;, nei quali riusc\u00ec a descrivere fedelmente sia il suo aspetto esteriore che il suo interno. Dal 1966 al 1988 la sua attivit\u00e0 \u00e8 caratterizzata da un susseguirsi di mostre prestigiose, tra cui molte alla Royal Academy di Londra, mentre in Italia, per il notevole successo ottenuto, si ricordano quelle di Milano (Galleria Cortina, 1968, e Galleria Levi, 1971). Tra una mostra e l&#8217;altra, non manca mai di dedicarsi a una delle sue grandi passioni: l&#8217;arte dell&#8217;<strong>affresco<\/strong>, dalla sua preparazione accademica.<\/p>\n<p>Infatti in questa fotografia autografa, vediamo il maestro Pietro Annigoni ritratto a percorrere il corridoio del <strong><em>Santuario di Maria SS. del Buon Consiglio<\/em><\/strong>, nella Pieve di San Michele Arcangelo a <strong>Ponte Buggianese<\/strong>, in atteggiamento di studio delle opere architettoniche della stessa, ma soprattutto notiamo che in fondo all&#8217;abside della cattedrale, spicca l&#8217;affresco dell&#8217; <em><strong>U<\/strong><strong>ltima Cena<\/strong><\/em> realizzato dallo stesso Annigoni, che nel periodo 1967-1984 lo vide impegnato insieme ai suoi allievi, nei lavori affrescatori di tutta la cattedrale.<\/p>\n<p>Questa fotografia autografa di Pietro Annigoni \u00e8 di grandi dimensioni, al retro \u00e8 numerata\u00a0 <strong>PRINT #6<\/strong>\u00a0 ed inoltre reca una sigla, evidentemente dell&#8217;artista che l&#8217;ha realizzata per mano dello stesso Annigoni.<\/p>\n<p>MISURE\u00a0 \u00a0:\u00a0 cm.40 x 30<\/p>\n<p>&nbsp;<\/p>\n<h2>Notizie<\/h2>\n<p style=\"text-align: center;\"><b><a href=\"https:\/\/www.thefinitive.com\/?attachment_id=6446\" rel=\"attachment wp-att-6446\"><br \/>\n<img loading=\"lazy\" decoding=\"async\" class=\"size-full wp-image-6446 aligncenter\" src=\"https:\/\/www.thefinitive.com\/wp-content\/uploads\/2020\/08\/annigoni.jpg\" alt=\"\" width=\"300\" height=\"402\" srcset=\"https:\/\/thefinitive.com\/wp-content\/uploads\/2020\/08\/annigoni.jpg 300w, https:\/\/thefinitive.com\/wp-content\/uploads\/2020\/08\/annigoni-64x86.jpg 64w, https:\/\/thefinitive.com\/wp-content\/uploads\/2020\/08\/annigoni-224x300.jpg 224w\" sizes=\"(max-width: 300px) 100vw, 300px\" \/><\/a><\/b>Ritratto di sua Maest\u00e0 la Regina Elisabetta II d&#8217;Inghilterra<\/p>\n<p>&nbsp;<\/p>\n<p><b>Pietro Annigoni<\/b>\u00a0(Milano,\u00a07 giugno\u00a01910\u00a0\u2013\u00a0Firenze,\u00a028 ottobre\u00a01988) \u00e8 stato un\u00a0pittore\u00a0italiano, soprannominato dalla\u00a0stampa\u00a0del suo tempo \u201cil pittore delle regine\u201d.<\/p>\n<p>Frequenta il\u00a0Regio Liceo Ginnasio Giuseppe Parini\u00a0di Milano e passa molte ore alla\u00a0Biblioteca Ambrosiana\u00a0per cercare di apprendere la tecnica dei disegni di\u00a0Leonardo da Vinci.<\/p>\n<p>Nel 1925 gli Annigoni si trasferiscono a\u00a0Firenze\u00a0per motivi di lavoro del padre di Pietro, ingegnere: ottiene la\u00a0maturit\u00e0 classica\u00a0presso l&#8217;Istituto degli\u00a0Scolopi\u00a0e i genitori gli danno l&#8217;autorizzazione di frequentare l&#8217;Accademia di belle arti\u00a0con i professori\u00a0Carena\u00a0e\u00a0Graziosi, perfezionando gli studi, poi, con lunghi viaggi, anche all&#8217;estero.<\/p>\n<p>La sua prima mostra personale viene allestita nel\u00a01932, presso palazzo Perroni. Fin dall&#8217;inizio si caratterizza per uno stile fedele alla realt\u00e0.<\/p>\n<p>Durante gli anni della\u00a0seconda guerra mondiale, la famiglia Annigoni con Pietro fu accolta in casa di Alido Michelozzi a\u00a0Serravalle Pistoiese.<\/p>\n<p>Nel\u00a01947\u00a0con\u00a0Gregorio Sciltian\u00a0e i fratelli\u00a0Xavier\u00a0e\u00a0Antonio Bueno, \u00e8 tra i firmatari del manifesto dei\u00a0pittori moderni della realt\u00e0. Servendosi con grande maestria dell&#8217;uso di antiche tecniche pittoriche (famose le sue tempere grasse) utilizzate nel\u00a0Rinascimento, costruisce il suo percorso artistico in netto contrasto con gli stili pittorici propri del\u00a0Modernismo\u00a0e del\u00a0Postmodernismo\u00a0in voga negli anni della sua attivit\u00e0. Resta fedele al\u00a0Realismo\u00a0sino alla morte.<\/p>\n<p>Una tale predilezione per il vero, lo pone velocemente in risalto nel campo della\u00a0ritrattistica, dove chiaramente il committente vuol potersi riconoscere. La fama cresce negli ambienti nobiliari d&#8217;Italia. Nel\u00a01949\u00a0si reca nel\u00a0Regno Unito, dove realizza alcuni ritratti dei\u00a0reali inglesi\u00a0e di altri personaggi celebri, sino a che, nel\u00a01955, riceve l&#8217;ambita commissione di ritrarre la regina\u00a0Elisabetta II. (National Portrait Gallery,\u00a0Londra). Accetta, dopo aver concordato, per l&#8217;esecuzione, una serie di pose in studio. Ne ricever\u00e0 grande notoriet\u00e0. Il ritratto apparir\u00e0 anche sui francobolli e su una banconota di\u00a0Mauritius. Egualmente rilevanti, ma forse meno noti, quelli eseguiti per\u00a0papa Giovanni XXIII,\u00a0John Fitzgerald Kennedy,\u00a0Filippo di Edimburgo, la\u00a0principessa Margaret, la\u00a0regina madre,\u00a0Alcide De Gasperi,\u00a0Mohammad Reza Pahlavi\u00a0con l&#8217;imperatrice\u00a0Farah\u00a0(in occasione dell&#8217;incoronazione avvenuta nel\u00a01967),\u00a0Margherita II di Danimarca\u00a0e molti altri.<\/p>\n<p>Nonostante sia ricordato come &#8220;<i>Il pittore delle regine<\/i>&#8220;, ebbe grande predilezione nel ritrarre anche &#8220;<i>persone meno agiate e famose<\/i>&#8220;, in cui era abile nel descriverne fedelmente tanto l&#8217;aspetto esteriore quanto l&#8217;interiore.<\/p>\n<p>Dal\u00a01966\u00a0al\u00a01988, la sua attivit\u00e0 si caratterizza per un susseguirsi di mostre prestigiose, fra cui molte alla\u00a0Royal Academy\u00a0di\u00a0Londra, mentre in Italia si ricordano, per il notevole successo ottenuto, quelle di\u00a0Milano\u00a0(Galleria Cortina,\u00a01968, e Galleria Levi,\u00a01971). Fra un&#8217;esposizione e l&#8217;altra, non manca di dedicarsi ad una delle sue grandi passioni: l&#8217;arte dell&#8217;affresco.<\/p>\n<p>Sono suoi gli affreschi:<\/p>\n<ul>\n<li>nella ricostruita basilica dell&#8217;Abbazia di Montecassino: sulla facciata interna la\u00a0<i>Gloria di\u00a0San Benedetto<\/i>\u00a0, di 35\u00a0m<sup>2<\/sup>, Abramo, Mos\u00e8;<\/li>\n<li>nella cupola \u00e8 affrescata la morte di\u00a0Santa Scolastica, la morte di San Benedetto, la visione di San Benedetto;<\/li>\n<li>nei pennacchi della cupola, vi ha raffigurato le allegorie dei voti monastici: la\u00a0castit\u00e0\u00a0con in mano la lampada; la stabilit\u00e0 con l&#8217;ancora e la colonna; la povert\u00e0 che si appoggia alla croce e lascia cadere il denaro; l&#8217;obbedienza (il cui bozzetto originale \u00e8 nel museo) in atteggiamento d&#8217;ascolto;<\/li>\n<li>a\u00a0Firenze\u00a0nel\u00a0convento di San Marco\u00a0(<i>Discesa dalla Croce &#8211; Morte di Abele<\/i>);<\/li>\n<li>in\u00a0Piazza del Duomo\u00a0a\u00a0Firenze\u00a0sulla facciata del palazzo della\u00a0Misericordia, proprio di fronte al\u00a0campanile di Giotto\u00a0(<i>La Carit\u00e0 &#8211; rappresentazione di un confratello che trasporta un infermo con la tradizionale zana<\/i>);<\/li>\n<li>nella\u00a0cappella delle benedizioni\u00a0della\u00a0basilica di Sant&#8217;Antonio di Padova;<\/li>\n<li>nella\u00a0Propositura di San Michele Arcangelo\u00a0di\u00a0Ponte Buggianese\u00a0con l&#8217;aiuto della allieva Lucia Mongardi;<\/li>\n<li>nel\u00a0Duomo di Mirandola\u00a0realizz\u00f2 nel 1983 una\u00a0<i>Crocefissione<\/i>\u00a0in una cappella della navata sinistra, a ricordo del padre Ricciardo nato a Mirandola nel 1870 e morto a Firenze nel 1944;<\/li>\n<li>ed in molti altri luoghi.<\/li>\n<\/ul>\n<p>Nella\u00a0chiesa di San Lorenzo\u00a0in Firenze si ammira una\u00a0pala d&#8217;altare\u00a0raffigurante\u00a0<i>San Giuseppe lavoratore col Bambino<\/i>. Altra tavola rappresentante, invece, l&#8217;abate\u00a0Desiderio\u00a0che riceve la regola da san Benedetto, si trova nella\u00a0navata\u00a0sinistra dell&#8217;abbazia di Montecassino, dove sono custodite le spoglie dello stesso\u00a0papa Vittore III.<\/p>\n<p>A\u00a0Dovadola, nell&#8217;appennino forlivese, si trova un suo celebre ritratto di\u00a0Benedetta Bianchi Porro, conservato nel museo a lei dedicato.<\/p>\n<p>A\u00a0Frisa\u00a0in provincia di\u00a0Chieti, presso Il Santuario della Madonna del Popolo sull&#8217;altare maggiore campeggia il suo ritratto della Vergine con bambino da lui donata.<\/p>\n<p>Una delle sue opere pi\u00f9 importanti \u00e8 il ciclo pittorico della chiesa parrocchiale di San Michele Arcangelo a\u00a0Ponte Buggianese. Vi ha lavorato dal\u00a01967\u00a0sino alla morte, con l&#8217;aiuto di vari allievi. Nel\u00a02008\u00a0\u00e8 stato aperto a\u00a0villa Bardini\u00a0a\u00a0Firenze\u00a0il &#8220;Museo Pietro Annigoni&#8221;.<\/p>\n<p>Il pittore mor\u00ec, all&#8217;et\u00e0 di 78 anni, il 28 ottobre\u00a01988\u00a0ed \u00e8 sepolto nel\u00a0cimitero delle Porte Sante\u00a0a\u00a0San Miniato al Monte.<\/p>\n<p>&nbsp;<\/p>\n<p>Per approfondimenti, fonti\u00a0 <a href=\"https:\/\/it.wikipedia.org\/wiki\/Pietro_Annigoni\">Wikipedia<\/a><\/p>\n<p>&nbsp;<\/p>\n<p>8.20<\/p>\n","protected":false},"excerpt":{"rendered":"<p>Fotografia del pittore Pietro ANNIGONI in bianco e nero, con dedica e firma autografa originale, scritta di pugno dal maestro.<\/p>\n<p style=\"text-align: center;\"><strong><em>WITH GOOD WISHES , Pietro Annigoni<\/em><\/strong><\/p>\n<p style=\"text-align: center;\">Misure circa cm. 40 x 30<\/p>\n<p style=\"text-align: center;\"><strong><em>(Scorri la pagina in basso per ulteriori dettagli e informazioni)<\/em><\/strong><\/p>\n","protected":false},"featured_media":6433,"comment_status":"open","ping_status":"closed","template":"","meta":[],"product_cat":[586],"product_tag":[282],"yoast_head":"<!-- This site is optimized with the Yoast SEO plugin v21.9.1 - https:\/\/yoast.com\/wordpress\/plugins\/seo\/ -->\n<title>Pietro Annigoni fotografia Autografa - dedica - numerata - Thefinitive<\/title>\n<meta name=\"description\" content=\"Fotografia con dedica autografa di Pietro Annigoni - anni &#039;70 - Bianco e Nero artistic original photo signed by Annigoni - FRESCO AFFRESCO\" \/>\n<meta name=\"robots\" content=\"index, follow, max-snippet:-1, max-image-preview:large, max-video-preview:-1\" \/>\n<link rel=\"canonical\" href=\"https:\/\/thefinitive.com\/en\/prodotto\/pietro-annigoni-fotografia-autografa-dedica-numerata\/\" \/>\n<meta property=\"og:locale\" content=\"en_US\" \/>\n<meta property=\"og:type\" content=\"article\" \/>\n<meta property=\"og:title\" content=\"Pietro Annigoni fotografia Autografa - dedica - numerata - Thefinitive\" \/>\n<meta property=\"og:description\" content=\"Fotografia con dedica autografa di Pietro Annigoni - anni &#039;70 - Bianco e Nero artistic original photo signed by Annigoni - FRESCO AFFRESCO\" \/>\n<meta property=\"og:url\" content=\"https:\/\/thefinitive.com\/en\/prodotto\/pietro-annigoni-fotografia-autografa-dedica-numerata\/\" \/>\n<meta property=\"og:site_name\" content=\"Thefinitive\" \/>\n<meta property=\"article:publisher\" content=\"https:\/\/business.facebook.com\/Thefinitive-111771813534320\/\" \/>\n<meta property=\"article:modified_time\" content=\"2025-08-21T17:47:31+00:00\" \/>\n<meta property=\"og:image\" content=\"https:\/\/thefinitive.com\/wp-content\/uploads\/2020\/08\/annig1-2.jpg\" \/>\n\t<meta property=\"og:image:width\" content=\"2142\" \/>\n\t<meta property=\"og:image:height\" content=\"1633\" \/>\n\t<meta property=\"og:image:type\" content=\"image\/jpeg\" \/>\n<meta name=\"twitter:card\" content=\"summary_large_image\" \/>\n<meta name=\"twitter:label1\" content=\"Est. reading time\" \/>\n\t<meta name=\"twitter:data1\" content=\"5 minutes\" \/>\n<script type=\"application\/ld+json\" class=\"yoast-schema-graph\">{\"@context\":\"https:\/\/schema.org\",\"@graph\":[{\"@type\":\"WebPage\",\"@id\":\"https:\/\/thefinitive.com\/en\/prodotto\/pietro-annigoni-fotografia-autografa-dedica-numerata\/\",\"url\":\"https:\/\/thefinitive.com\/en\/prodotto\/pietro-annigoni-fotografia-autografa-dedica-numerata\/\",\"name\":\"Pietro Annigoni fotografia Autografa - dedica - numerata - Thefinitive\",\"isPartOf\":{\"@id\":\"https:\/\/thefinitive.com\/en\/#website\"},\"datePublished\":\"2020-08-13T10:59:30+00:00\",\"dateModified\":\"2025-08-21T17:47:31+00:00\",\"description\":\"Fotografia con dedica autografa di Pietro Annigoni - anni '70 - Bianco e Nero artistic original photo signed by Annigoni - FRESCO AFFRESCO\",\"breadcrumb\":{\"@id\":\"https:\/\/thefinitive.com\/en\/prodotto\/pietro-annigoni-fotografia-autografa-dedica-numerata\/#breadcrumb\"},\"inLanguage\":\"en-US\",\"potentialAction\":[{\"@type\":\"ReadAction\",\"target\":[\"https:\/\/thefinitive.com\/en\/prodotto\/pietro-annigoni-fotografia-autografa-dedica-numerata\/\"]}]},{\"@type\":\"BreadcrumbList\",\"@id\":\"https:\/\/thefinitive.com\/en\/prodotto\/pietro-annigoni-fotografia-autografa-dedica-numerata\/#breadcrumb\",\"itemListElement\":[{\"@type\":\"ListItem\",\"position\":1,\"name\":\"Home\",\"item\":\"https:\/\/thefinitive.com\/en\/\"},{\"@type\":\"ListItem\",\"position\":2,\"name\":\"Shop\",\"item\":\"https:\/\/thefinitive.com\/en\/shop-2\/\"},{\"@type\":\"ListItem\",\"position\":3,\"name\":\"Pietro Annigoni fotografia Autografa &#8211; dedica &#8211; numerata\"}]},{\"@type\":\"WebSite\",\"@id\":\"https:\/\/thefinitive.com\/en\/#website\",\"url\":\"https:\/\/thefinitive.com\/en\/\",\"name\":\"Thefinitive\",\"description\":\"Antiquariato Online\",\"publisher\":{\"@id\":\"https:\/\/thefinitive.com\/en\/#organization\"},\"potentialAction\":[{\"@type\":\"SearchAction\",\"target\":{\"@type\":\"EntryPoint\",\"urlTemplate\":\"https:\/\/thefinitive.com\/en\/?s={search_term_string}\"},\"query-input\":\"required name=search_term_string\"}],\"inLanguage\":\"en-US\"},{\"@type\":\"Organization\",\"@id\":\"https:\/\/thefinitive.com\/en\/#organization\",\"name\":\"Thefinitive\",\"url\":\"https:\/\/thefinitive.com\/en\/\",\"logo\":{\"@type\":\"ImageObject\",\"inLanguage\":\"en-US\",\"@id\":\"https:\/\/thefinitive.com\/en\/#\/schema\/logo\/image\/\",\"url\":\"https:\/\/thefinitive.com\/wp-content\/uploads\/2019\/07\/logo4vett.svg\",\"contentUrl\":\"https:\/\/thefinitive.com\/wp-content\/uploads\/2019\/07\/logo4vett.svg\",\"width\":500,\"height\":100,\"caption\":\"Thefinitive\"},\"image\":{\"@id\":\"https:\/\/thefinitive.com\/en\/#\/schema\/logo\/image\/\"},\"sameAs\":[\"https:\/\/business.facebook.com\/Thefinitive-111771813534320\/\",\"https:\/\/www.instagram.com\/_thefinitive_\/\"]}]}<\/script>\n<!-- \/ Yoast SEO plugin. -->","yoast_head_json":{"title":"Pietro Annigoni fotografia Autografa - dedica - numerata - Thefinitive","description":"Fotografia con dedica autografa di Pietro Annigoni - anni '70 - Bianco e Nero artistic original photo signed by Annigoni - FRESCO AFFRESCO","robots":{"index":"index","follow":"follow","max-snippet":"max-snippet:-1","max-image-preview":"max-image-preview:large","max-video-preview":"max-video-preview:-1"},"canonical":"https:\/\/thefinitive.com\/en\/prodotto\/pietro-annigoni-fotografia-autografa-dedica-numerata\/","og_locale":"en_US","og_type":"article","og_title":"Pietro Annigoni fotografia Autografa - dedica - numerata - Thefinitive","og_description":"Fotografia con dedica autografa di Pietro Annigoni - anni '70 - Bianco e Nero artistic original photo signed by Annigoni - FRESCO AFFRESCO","og_url":"https:\/\/thefinitive.com\/en\/prodotto\/pietro-annigoni-fotografia-autografa-dedica-numerata\/","og_site_name":"Thefinitive","article_publisher":"https:\/\/business.facebook.com\/Thefinitive-111771813534320\/","article_modified_time":"2025-08-21T17:47:31+00:00","og_image":[{"width":2142,"height":1633,"url":"https:\/\/thefinitive.com\/wp-content\/uploads\/2020\/08\/annig1-2.jpg","type":"image\/jpeg"}],"twitter_card":"summary_large_image","twitter_misc":{"Est. reading time":"5 minutes"},"schema":{"@context":"https:\/\/schema.org","@graph":[{"@type":"WebPage","@id":"https:\/\/thefinitive.com\/en\/prodotto\/pietro-annigoni-fotografia-autografa-dedica-numerata\/","url":"https:\/\/thefinitive.com\/en\/prodotto\/pietro-annigoni-fotografia-autografa-dedica-numerata\/","name":"Pietro Annigoni fotografia Autografa - dedica - numerata - Thefinitive","isPartOf":{"@id":"https:\/\/thefinitive.com\/en\/#website"},"datePublished":"2020-08-13T10:59:30+00:00","dateModified":"2025-08-21T17:47:31+00:00","description":"Fotografia con dedica autografa di Pietro Annigoni - anni '70 - Bianco e Nero artistic original photo signed by Annigoni - FRESCO AFFRESCO","breadcrumb":{"@id":"https:\/\/thefinitive.com\/en\/prodotto\/pietro-annigoni-fotografia-autografa-dedica-numerata\/#breadcrumb"},"inLanguage":"en-US","potentialAction":[{"@type":"ReadAction","target":["https:\/\/thefinitive.com\/en\/prodotto\/pietro-annigoni-fotografia-autografa-dedica-numerata\/"]}]},{"@type":"BreadcrumbList","@id":"https:\/\/thefinitive.com\/en\/prodotto\/pietro-annigoni-fotografia-autografa-dedica-numerata\/#breadcrumb","itemListElement":[{"@type":"ListItem","position":1,"name":"Home","item":"https:\/\/thefinitive.com\/en\/"},{"@type":"ListItem","position":2,"name":"Shop","item":"https:\/\/thefinitive.com\/en\/shop-2\/"},{"@type":"ListItem","position":3,"name":"Pietro Annigoni fotografia Autografa &#8211; dedica &#8211; numerata"}]},{"@type":"WebSite","@id":"https:\/\/thefinitive.com\/en\/#website","url":"https:\/\/thefinitive.com\/en\/","name":"Thefinitive","description":"Antiquariato Online","publisher":{"@id":"https:\/\/thefinitive.com\/en\/#organization"},"potentialAction":[{"@type":"SearchAction","target":{"@type":"EntryPoint","urlTemplate":"https:\/\/thefinitive.com\/en\/?s={search_term_string}"},"query-input":"required name=search_term_string"}],"inLanguage":"en-US"},{"@type":"Organization","@id":"https:\/\/thefinitive.com\/en\/#organization","name":"Thefinitive","url":"https:\/\/thefinitive.com\/en\/","logo":{"@type":"ImageObject","inLanguage":"en-US","@id":"https:\/\/thefinitive.com\/en\/#\/schema\/logo\/image\/","url":"https:\/\/thefinitive.com\/wp-content\/uploads\/2019\/07\/logo4vett.svg","contentUrl":"https:\/\/thefinitive.com\/wp-content\/uploads\/2019\/07\/logo4vett.svg","width":500,"height":100,"caption":"Thefinitive"},"image":{"@id":"https:\/\/thefinitive.com\/en\/#\/schema\/logo\/image\/"},"sameAs":["https:\/\/business.facebook.com\/Thefinitive-111771813534320\/","https:\/\/www.instagram.com\/_thefinitive_\/"]}]}},"_links":{"self":[{"href":"https:\/\/thefinitive.com\/en\/wp-json\/wp\/v3\/product\/6445"}],"collection":[{"href":"https:\/\/thefinitive.com\/en\/wp-json\/wp\/v3\/product"}],"about":[{"href":"https:\/\/thefinitive.com\/en\/wp-json\/wp\/v2\/types\/product"}],"replies":[{"embeddable":true,"href":"https:\/\/thefinitive.com\/en\/wp-json\/wp\/v2\/comments?post=6445"}],"version-history":[{"count":2,"href":"https:\/\/thefinitive.com\/en\/wp-json\/wp\/v3\/product\/6445\/revisions"}],"predecessor-version":[{"id":15060,"href":"https:\/\/thefinitive.com\/en\/wp-json\/wp\/v3\/product\/6445\/revisions\/15060"}],"wp:featuredmedia":[{"embeddable":true,"href":"https:\/\/thefinitive.com\/en\/wp-json\/wp\/v2\/media\/6433"}],"wp:attachment":[{"href":"https:\/\/thefinitive.com\/en\/wp-json\/wp\/v2\/media?parent=6445"}],"wp:term":[{"taxonomy":"product_cat","embeddable":true,"href":"https:\/\/thefinitive.com\/en\/wp-json\/wp\/v2\/product_cat?post=6445"},{"taxonomy":"product_tag","embeddable":true,"href":"https:\/\/thefinitive.com\/en\/wp-json\/wp\/v2\/product_tag?post=6445"}],"curies":[{"name":"wp","href":"https:\/\/api.w.org\/{rel}","templated":true}]}}