{"id":6297,"date":"2020-07-20T08:03:20","date_gmt":"2020-07-20T08:03:20","guid":{"rendered":"https:\/\/www.thefinitive.com\/?post_type=product&#038;p=6297"},"modified":"2023-03-20T15:39:04","modified_gmt":"2023-03-20T14:39:04","slug":"distintivo-oro-per-podesta-ventennio-fascista","status":"publish","type":"product","link":"https:\/\/thefinitive.com\/en\/prodotto\/distintivo-oro-per-podesta-ventennio-fascista\/","title":{"rendered":"\u274c\ud83d\ude41Distintivo ORO per PODESTA&#8217; &#8211; ventennio fascista"},"content":{"rendered":"<p>Distintivo da petto, per PODESTA&#8217;\u00a0 , in oro e smalti, con spilla posteriore. Questo esemplare \u00e8 appartenuto al podest\u00e0 di una citt\u00e0 del Nord Italia, che dopo l&#8217; 8 Settembre 1943 rimase fedele alla neonata Repubblica Sociale Italiana, e quindi non porta simboli monarchici perch\u00e9 storicamente ripudiati dal PFR, cos\u00ec come avveniva nell&#8217;esercito quando venivano asportate corona e\/o nodi savoia dai fregi uniformologici, per adeguare le insegne in attesa dell&#8217;adozione dei nuovi simboli.<\/p>\n<p>Come dalle foto di seguito pubblicate, dove si vede il Podest\u00e0 di Milano Piero Parini per le strade della citt\u00e0 con il Colonnello Colombo della <em>Brigata Muti<\/em>, che presumibilmente porta al bavero della giacca un distintivo analogo a questo proposto in oro. (foto Wikipedia, Secolo d&#8217;Italia)<\/p>\n<p><a href=\"https:\/\/www.thefinitive.com\/?attachment_id=6298\" rel=\"attachment wp-att-6298\"><img loading=\"lazy\" decoding=\"async\" class=\"size-full wp-image-6298 aligncenter\" src=\"https:\/\/www.thefinitive.com\/wp-content\/uploads\/2020\/07\/parinipodesta1.jpg\" alt=\"\" width=\"300\" height=\"158\" srcset=\"https:\/\/thefinitive.com\/wp-content\/uploads\/2020\/07\/parinipodesta1.jpg 300w, https:\/\/thefinitive.com\/wp-content\/uploads\/2020\/07\/parinipodesta1-64x34.jpg 64w\" sizes=\"(max-width: 300px) 100vw, 300px\" \/><\/a> \u00a0 \u00a0<a href=\"https:\/\/www.thefinitive.com\/?attachment_id=6299\" rel=\"attachment wp-att-6299\"><img loading=\"lazy\" decoding=\"async\" class=\"size-full wp-image-6299 aligncenter\" src=\"https:\/\/www.thefinitive.com\/wp-content\/uploads\/2020\/07\/parinipodesta2.jpg\" alt=\"\" width=\"290\" height=\"202\" srcset=\"https:\/\/thefinitive.com\/wp-content\/uploads\/2020\/07\/parinipodesta2.jpg 290w, https:\/\/thefinitive.com\/wp-content\/uploads\/2020\/07\/parinipodesta2-64x45.jpg 64w\" sizes=\"(max-width: 290px) 100vw, 290px\" \/><\/a><a href=\"https:\/\/www.thefinitive.com\/?attachment_id=6311\" rel=\"attachment wp-att-6311\"><img loading=\"lazy\" decoding=\"async\" class=\"wp-image-6311 aligncenter\" src=\"https:\/\/www.thefinitive.com\/wp-content\/uploads\/2020\/07\/parinipodesta3.jpg\" alt=\"\" width=\"415\" height=\"533\" srcset=\"https:\/\/thefinitive.com\/wp-content\/uploads\/2020\/07\/parinipodesta3.jpg 896w, https:\/\/thefinitive.com\/wp-content\/uploads\/2020\/07\/parinipodesta3-64x82.jpg 64w, https:\/\/thefinitive.com\/wp-content\/uploads\/2020\/07\/parinipodesta3-233x300.jpg 233w, https:\/\/thefinitive.com\/wp-content\/uploads\/2020\/07\/parinipodesta3-796x1024.jpg 796w, https:\/\/thefinitive.com\/wp-content\/uploads\/2020\/07\/parinipodesta3-768x987.jpg 768w\" sizes=\"(max-width: 415px) 100vw, 415px\" \/><\/a><\/p>\n<p>Di pregevole fattura orafa, realizzato interamente in oro 18k, ed impreziosito da smalti guilloch\u00e9 azzurri, composto da una placchetta di forma esagonale, avente una sovrastruttura applicata che riporta 6 bracci di un timone ideale (per indicare il comandante alla guida dell&#8217;imbarcazione), un fascio littorio centrale,\u00a0 ed una targhetta o cartiglio con inscritta la parola PODESTA&#8217; .<\/p>\n<p>In ottimo condizioni, smalti integri.<\/p>\n<p>&nbsp;<\/p>\n<p><strong>MATERIALE\u00a0 \u00a0 \u00a0:\u00a0<\/strong> Oro e smalti<\/p>\n<p><strong>MISURE\u00a0 \u00a0 \u00a0 \u00a0 \u00a0 \u00a0 \u00a0:<\/strong>\u00a0 mm.21 x 23<\/p>\n<p><strong>PESO\u00a0 \u00a0 \u00a0 \u00a0 \u00a0 \u00a0 \u00a0 \u00a0 \u00a0 \u00a0:<\/strong>\u00a0 gr.2,5<\/p>\n<p><strong>MARCHIO\u00a0 \u00a0 \u00a0 \u00a0 \u00a0:<\/strong>\u00a0 &#8211;<\/p>\n<p>&nbsp;<\/p>\n<h2 style=\"text-align: left;\">NOTIZIE<\/h2>\n<p>In Italia, dal\u00a01926\u00a0al\u00a01945, durante l&#8217;epoca fascista, con la promulgazione di due delle cosiddette\u00a0leggi fascistissime, ovvero della legge 4 febbraio 1926, n. 237 (&#8220;Istituzione del Podest\u00e0 e della Consulta municipale nei comuni con popolazione non eccedente i 5000 abitanti&#8221;) e del\u00a0regio decreto\u00a03 settembre 1926, n. 1910 (&#8220;Estensione dell&#8217;ordinamento podestarile a tutti i comuni del regno&#8221;), gli organi democratici dei comuni furono soppressi e tutte le funzioni svolte in precedenza dal\u00a0sindaco, dalla\u00a0giunta comunale\u00a0e dal\u00a0consiglio comunale\u00a0furono trasferite al podest\u00e0, che era nominato dal governo tramite regio decreto. Il podest\u00e0 d&#8217;epoca fascista rimaneva in carica cinque anni con possibilit\u00e0 di rimozione da parte del prefetto oppure di riconferma oltre i cinque anni canonici.<\/p>\n<p>Dopo la fine della\u00a0guerra di liberazione italiana\u00a0(1945), sulla scorta del\u00a0decreto legislativo luogotenenziale\u00a04 aprile 1944, n. 111 (&#8220;Norme transitorie per l&#8217;amministrazione dei comuni e delle provincie&#8221;), si ristabiliva la carica di sindaco affidandone provvisoriamente la nomina al\u00a0Comitato di Liberazione Nazionale\u00a0(CLN). In seguito, grazie al decreto legislativo luogotenenziale 7 gennaio 1946, n. 1 (&#8220;Ricostituzione delle Amministrazioni comunali su base elettiva&#8221;), il sindaco torn\u00f2 ad essere eletto dal consiglio comunale: quest&#8217;ultimo venne infatti ripristinato dal medesimo provvedimento insieme alla giunta comunale.<sup id=\"cite_ref-amministrazione_1-3\" class=\"reference\"><\/sup><\/p>\n<h2><span id=\"Caratteristiche\" class=\"mw-headline\">Caratteristiche<\/span><\/h2>\n<p>Nei comuni con popolazione superiore a 5\u00a0000 abitanti il podest\u00e0 poteva essere affiancato da uno o due\u00a0<i>vice-podest\u00e0<\/i>\u00a0(a seconda che la popolazione fosse inferiore o superiore a 100\u00a0000 abitanti), nominati dal\u00a0Ministero dell&#8217;interno. Il podest\u00e0 era inoltre assistito da una\u00a0consulta municipale, con funzioni consultive, composta da almeno sei\u00a0<i>consult\u00f3ri<\/i>, nominati dal\u00a0prefetto\u00a0o, nelle grandi citt\u00e0, dal Ministro dell&#8217;interno. Un ordinamento speciale fu invece previsto per la citt\u00e0 di\u00a0Roma, alla cui amministrazione venne preposto il &#8220;governatore di Roma&#8221;.<\/p>\n<p><em>Fonti varie Wikipedia<\/em><\/p>\n<p>7.20<\/p>\n","protected":false},"excerpt":{"rendered":"<p style=\"text-align: center;\">Distintivo per PODESTA&#8217;\u00a0 , in oro e smalti guilloch\u00e9, con spilla posteriore. Questo esemplare \u00e8 appartenuto al podest\u00e0 di una citt\u00e0 del Nord Italia, che dopo l&#8217; 8 Settembre 1943 rimase fedele alla neonata Repubblica Sociale Italiana.<\/p>\n<p style=\"text-align: center;\">Misure mm.23 x mm.21. In ottime condizioni.<\/p>\n<p style=\"text-align: center;\"><strong><em>(Scorri la pagina in basso per ulteriori dettagli e informazioni)<\/em><\/strong><\/p>\n<p>&nbsp;<\/p>\n<p>&nbsp;<\/p>\n","protected":false},"featured_media":6300,"comment_status":"open","ping_status":"closed","template":"","meta":[],"product_cat":[586],"product_tag":[191,304,223,224,313,182,155,203,314,192,260,305],"yoast_head":"<!-- This site is optimized with the Yoast SEO plugin v21.9.1 - https:\/\/yoast.com\/wordpress\/plugins\/seo\/ -->\n<title>\u274c\ud83d\ude41Distintivo ORO per PODESTA&#039; - ventennio fascista - Thefinitive<\/title>\n<meta name=\"description\" content=\"Distintivo in ORO per PODESTA&#039; periodo REPUBBLICA SOCIALE ITALIANA RSI - Piero Parini (?) Milano - 8 settembre 1943 - Prefetto Sindaco\" \/>\n<meta name=\"robots\" content=\"index, follow, max-snippet:-1, max-image-preview:large, max-video-preview:-1\" \/>\n<link rel=\"canonical\" href=\"https:\/\/thefinitive.com\/en\/prodotto\/distintivo-oro-per-podesta-ventennio-fascista\/\" \/>\n<meta property=\"og:locale\" content=\"en_US\" \/>\n<meta property=\"og:type\" content=\"article\" \/>\n<meta property=\"og:title\" content=\"\u274c\ud83d\ude41Distintivo ORO per PODESTA&#039; - ventennio fascista - Thefinitive\" \/>\n<meta property=\"og:description\" content=\"Distintivo in ORO per PODESTA&#039; periodo REPUBBLICA SOCIALE ITALIANA RSI - Piero Parini (?) Milano - 8 settembre 1943 - Prefetto Sindaco\" \/>\n<meta property=\"og:url\" content=\"https:\/\/thefinitive.com\/en\/prodotto\/distintivo-oro-per-podesta-ventennio-fascista\/\" \/>\n<meta property=\"og:site_name\" content=\"Thefinitive\" \/>\n<meta property=\"article:publisher\" content=\"https:\/\/business.facebook.com\/Thefinitive-111771813534320\/\" \/>\n<meta property=\"article:modified_time\" content=\"2023-03-20T14:39:04+00:00\" \/>\n<meta property=\"og:image\" content=\"https:\/\/thefinitive.com\/wp-content\/uploads\/2020\/07\/pod1-2.jpg\" \/>\n\t<meta property=\"og:image:width\" content=\"2160\" \/>\n\t<meta property=\"og:image:height\" content=\"2160\" \/>\n\t<meta property=\"og:image:type\" content=\"image\/jpeg\" \/>\n<meta name=\"twitter:card\" content=\"summary_large_image\" \/>\n<meta name=\"twitter:label1\" content=\"Est. reading time\" \/>\n\t<meta name=\"twitter:data1\" content=\"2 minutes\" \/>\n<script type=\"application\/ld+json\" class=\"yoast-schema-graph\">{\"@context\":\"https:\/\/schema.org\",\"@graph\":[{\"@type\":\"WebPage\",\"@id\":\"https:\/\/thefinitive.com\/en\/prodotto\/distintivo-oro-per-podesta-ventennio-fascista\/\",\"url\":\"https:\/\/thefinitive.com\/en\/prodotto\/distintivo-oro-per-podesta-ventennio-fascista\/\",\"name\":\"\u274c\ud83d\ude41Distintivo ORO per PODESTA' - ventennio fascista - Thefinitive\",\"isPartOf\":{\"@id\":\"https:\/\/thefinitive.com\/en\/#website\"},\"datePublished\":\"2020-07-20T08:03:20+00:00\",\"dateModified\":\"2023-03-20T14:39:04+00:00\",\"description\":\"Distintivo in ORO per PODESTA' periodo REPUBBLICA SOCIALE ITALIANA RSI - Piero Parini (?) Milano - 8 settembre 1943 - Prefetto Sindaco\",\"breadcrumb\":{\"@id\":\"https:\/\/thefinitive.com\/en\/prodotto\/distintivo-oro-per-podesta-ventennio-fascista\/#breadcrumb\"},\"inLanguage\":\"en-US\",\"potentialAction\":[{\"@type\":\"ReadAction\",\"target\":[\"https:\/\/thefinitive.com\/en\/prodotto\/distintivo-oro-per-podesta-ventennio-fascista\/\"]}]},{\"@type\":\"BreadcrumbList\",\"@id\":\"https:\/\/thefinitive.com\/en\/prodotto\/distintivo-oro-per-podesta-ventennio-fascista\/#breadcrumb\",\"itemListElement\":[{\"@type\":\"ListItem\",\"position\":1,\"name\":\"Home\",\"item\":\"https:\/\/thefinitive.com\/en\/\"},{\"@type\":\"ListItem\",\"position\":2,\"name\":\"Shop\",\"item\":\"https:\/\/thefinitive.com\/en\/shop-2\/\"},{\"@type\":\"ListItem\",\"position\":3,\"name\":\"\u274c\ud83d\ude41Distintivo ORO per PODESTA&#8217; &#8211; ventennio fascista\"}]},{\"@type\":\"WebSite\",\"@id\":\"https:\/\/thefinitive.com\/en\/#website\",\"url\":\"https:\/\/thefinitive.com\/en\/\",\"name\":\"Thefinitive\",\"description\":\"Antiquariato Online\",\"publisher\":{\"@id\":\"https:\/\/thefinitive.com\/en\/#organization\"},\"potentialAction\":[{\"@type\":\"SearchAction\",\"target\":{\"@type\":\"EntryPoint\",\"urlTemplate\":\"https:\/\/thefinitive.com\/en\/?s={search_term_string}\"},\"query-input\":\"required name=search_term_string\"}],\"inLanguage\":\"en-US\"},{\"@type\":\"Organization\",\"@id\":\"https:\/\/thefinitive.com\/en\/#organization\",\"name\":\"Thefinitive\",\"url\":\"https:\/\/thefinitive.com\/en\/\",\"logo\":{\"@type\":\"ImageObject\",\"inLanguage\":\"en-US\",\"@id\":\"https:\/\/thefinitive.com\/en\/#\/schema\/logo\/image\/\",\"url\":\"https:\/\/thefinitive.com\/wp-content\/uploads\/2019\/07\/logo4vett.svg\",\"contentUrl\":\"https:\/\/thefinitive.com\/wp-content\/uploads\/2019\/07\/logo4vett.svg\",\"width\":500,\"height\":100,\"caption\":\"Thefinitive\"},\"image\":{\"@id\":\"https:\/\/thefinitive.com\/en\/#\/schema\/logo\/image\/\"},\"sameAs\":[\"https:\/\/business.facebook.com\/Thefinitive-111771813534320\/\",\"https:\/\/www.instagram.com\/_thefinitive_\/\"]}]}<\/script>\n<!-- \/ Yoast SEO plugin. -->","yoast_head_json":{"title":"\u274c\ud83d\ude41Distintivo ORO per PODESTA' - ventennio fascista - Thefinitive","description":"Distintivo in ORO per PODESTA' periodo REPUBBLICA SOCIALE ITALIANA RSI - Piero Parini (?) Milano - 8 settembre 1943 - Prefetto Sindaco","robots":{"index":"index","follow":"follow","max-snippet":"max-snippet:-1","max-image-preview":"max-image-preview:large","max-video-preview":"max-video-preview:-1"},"canonical":"https:\/\/thefinitive.com\/en\/prodotto\/distintivo-oro-per-podesta-ventennio-fascista\/","og_locale":"en_US","og_type":"article","og_title":"\u274c\ud83d\ude41Distintivo ORO per PODESTA' - ventennio fascista - Thefinitive","og_description":"Distintivo in ORO per PODESTA' periodo REPUBBLICA SOCIALE ITALIANA RSI - Piero Parini (?) Milano - 8 settembre 1943 - Prefetto Sindaco","og_url":"https:\/\/thefinitive.com\/en\/prodotto\/distintivo-oro-per-podesta-ventennio-fascista\/","og_site_name":"Thefinitive","article_publisher":"https:\/\/business.facebook.com\/Thefinitive-111771813534320\/","article_modified_time":"2023-03-20T14:39:04+00:00","og_image":[{"width":2160,"height":2160,"url":"https:\/\/thefinitive.com\/wp-content\/uploads\/2020\/07\/pod1-2.jpg","type":"image\/jpeg"}],"twitter_card":"summary_large_image","twitter_misc":{"Est. reading time":"2 minutes"},"schema":{"@context":"https:\/\/schema.org","@graph":[{"@type":"WebPage","@id":"https:\/\/thefinitive.com\/en\/prodotto\/distintivo-oro-per-podesta-ventennio-fascista\/","url":"https:\/\/thefinitive.com\/en\/prodotto\/distintivo-oro-per-podesta-ventennio-fascista\/","name":"\u274c\ud83d\ude41Distintivo ORO per PODESTA' - ventennio fascista - Thefinitive","isPartOf":{"@id":"https:\/\/thefinitive.com\/en\/#website"},"datePublished":"2020-07-20T08:03:20+00:00","dateModified":"2023-03-20T14:39:04+00:00","description":"Distintivo in ORO per PODESTA' periodo REPUBBLICA SOCIALE ITALIANA RSI - Piero Parini (?) Milano - 8 settembre 1943 - Prefetto Sindaco","breadcrumb":{"@id":"https:\/\/thefinitive.com\/en\/prodotto\/distintivo-oro-per-podesta-ventennio-fascista\/#breadcrumb"},"inLanguage":"en-US","potentialAction":[{"@type":"ReadAction","target":["https:\/\/thefinitive.com\/en\/prodotto\/distintivo-oro-per-podesta-ventennio-fascista\/"]}]},{"@type":"BreadcrumbList","@id":"https:\/\/thefinitive.com\/en\/prodotto\/distintivo-oro-per-podesta-ventennio-fascista\/#breadcrumb","itemListElement":[{"@type":"ListItem","position":1,"name":"Home","item":"https:\/\/thefinitive.com\/en\/"},{"@type":"ListItem","position":2,"name":"Shop","item":"https:\/\/thefinitive.com\/en\/shop-2\/"},{"@type":"ListItem","position":3,"name":"\u274c\ud83d\ude41Distintivo ORO per PODESTA&#8217; &#8211; ventennio fascista"}]},{"@type":"WebSite","@id":"https:\/\/thefinitive.com\/en\/#website","url":"https:\/\/thefinitive.com\/en\/","name":"Thefinitive","description":"Antiquariato Online","publisher":{"@id":"https:\/\/thefinitive.com\/en\/#organization"},"potentialAction":[{"@type":"SearchAction","target":{"@type":"EntryPoint","urlTemplate":"https:\/\/thefinitive.com\/en\/?s={search_term_string}"},"query-input":"required name=search_term_string"}],"inLanguage":"en-US"},{"@type":"Organization","@id":"https:\/\/thefinitive.com\/en\/#organization","name":"Thefinitive","url":"https:\/\/thefinitive.com\/en\/","logo":{"@type":"ImageObject","inLanguage":"en-US","@id":"https:\/\/thefinitive.com\/en\/#\/schema\/logo\/image\/","url":"https:\/\/thefinitive.com\/wp-content\/uploads\/2019\/07\/logo4vett.svg","contentUrl":"https:\/\/thefinitive.com\/wp-content\/uploads\/2019\/07\/logo4vett.svg","width":500,"height":100,"caption":"Thefinitive"},"image":{"@id":"https:\/\/thefinitive.com\/en\/#\/schema\/logo\/image\/"},"sameAs":["https:\/\/business.facebook.com\/Thefinitive-111771813534320\/","https:\/\/www.instagram.com\/_thefinitive_\/"]}]}},"_links":{"self":[{"href":"https:\/\/thefinitive.com\/en\/wp-json\/wp\/v3\/product\/6297"}],"collection":[{"href":"https:\/\/thefinitive.com\/en\/wp-json\/wp\/v3\/product"}],"about":[{"href":"https:\/\/thefinitive.com\/en\/wp-json\/wp\/v2\/types\/product"}],"replies":[{"embeddable":true,"href":"https:\/\/thefinitive.com\/en\/wp-json\/wp\/v2\/comments?post=6297"}],"version-history":[{"count":1,"href":"https:\/\/thefinitive.com\/en\/wp-json\/wp\/v3\/product\/6297\/revisions"}],"predecessor-version":[{"id":14727,"href":"https:\/\/thefinitive.com\/en\/wp-json\/wp\/v3\/product\/6297\/revisions\/14727"}],"wp:featuredmedia":[{"embeddable":true,"href":"https:\/\/thefinitive.com\/en\/wp-json\/wp\/v2\/media\/6300"}],"wp:attachment":[{"href":"https:\/\/thefinitive.com\/en\/wp-json\/wp\/v2\/media?parent=6297"}],"wp:term":[{"taxonomy":"product_cat","embeddable":true,"href":"https:\/\/thefinitive.com\/en\/wp-json\/wp\/v2\/product_cat?post=6297"},{"taxonomy":"product_tag","embeddable":true,"href":"https:\/\/thefinitive.com\/en\/wp-json\/wp\/v2\/product_tag?post=6297"}],"curies":[{"name":"wp","href":"https:\/\/api.w.org\/{rel}","templated":true}]}}