{"id":6261,"date":"2020-07-06T19:07:55","date_gmt":"2020-07-06T19:07:55","guid":{"rendered":"https:\/\/www.thefinitive.com\/?post_type=product&#038;p=6261"},"modified":"2023-03-20T15:39:05","modified_gmt":"2023-03-20T14:39:05","slug":"addestramento-germania-distintivo-donore-argento","status":"publish","type":"product","link":"https:\/\/thefinitive.com\/en\/prodotto\/addestramento-germania-distintivo-donore-argento\/","title":{"rendered":"\u274c\ud83d\ude41Addestramento Germania Distintivo d&#8217;Onore &#8211; ARGENTO"},"content":{"rendered":"<p>Distintivo d&#8217;onore, classe <strong>ARGENTO<\/strong>, assegnato ai sottufficiali e militari che ebbero completato il corso di addestramento per le Divisioni italiane in Germania. Periodo <em><strong>Repubblica Sociale<\/strong><\/em>, RSI.<\/p>\n<p>Tale distintivo fu destinato ai componenti delle quattro Divisioni, <strong>Monterosa<\/strong> (addestrata presso il campo di Munsingen), <strong>Littorio<\/strong> (campo di Sennelager), <strong>San Marco<\/strong> (campo di Grafenwoehr) e <strong>Italia<\/strong> (campo di Heuberg), ed ufficializzato il 15 luglio 1944 con la circolare n. 160 del Giornale Militare Ufficiale.<\/p>\n<p>Si portava sopra il taschino destro della giubba (militari inquadrati in addestramento e loro istruttori tedeschi), differenziandosi dal tipo di metallo usato : dorato era per gli ufficiali, argentato per sottufficiali e truppa.<\/p>\n<p>Trascorsa l&#8217;estate 1944 le quattro divisioni che ebbero addestramento in Germania ed insignite del distintivo d&#8217;onore, rientrarono in Italia costituendo cos\u00ec l&#8217;<em>&#8220;<strong>Armata Liguria<\/strong>&#8220;<\/em>,\u00a0 sotto il comando del generale <strong>Graziani<\/strong>; dall&#8217;1.12.1944 l&#8217;Armata cambio&#8217; nome in <em>&#8220;Gruppo Armate Liguria&#8221;<\/em>.<\/p>\n<p>Considerato il materiale con il quale il distintivo veniva fabbricato, una lega di alluminio di facile deperimento, questo esemplare \u00e8 in condizioni eccellenti, con i suoi segni del tempo, ossidazione, ma senza danni o rotture di alcun genere.\u00a0 Al retro si trova la spilla fissata al distintivo per mezzo di una piattina tonda, in orizzontale (alcuni esemplari hanno la spilla posta verticalmente). Non vi \u00e8 riportato alcun marchio di fabbrica.<\/p>\n<p>Di seguito trovate una tabella, <em>tratta dall&#8217;articolo pubblicato sul n.3 del settempre 1993 della rivista &#8220;Militaria&#8221; scritto da Alessandro Raspagni.<\/em><\/p>\n<p><img decoding=\"async\" src=\"https:\/\/www.mymilitaria.it\/liste\/images\/rsigermania3.jpg\" \/><\/p>\n<p><strong>MATERIALE\u00a0 \u00a0 \u00a0:\u00a0<\/strong> Lega<\/p>\n<p><strong>MISURE\u00a0 \u00a0 \u00a0 \u00a0 \u00a0 \u00a0 :<\/strong>\u00a0 mm.50 x 33 &#8211; fascio mm.29 &#8211; svastica mm.9 &#8211; peso g.12,1<\/p>\n<p><strong>MARCHIO\u00a0 \u00a0 \u00a0 \u00a0 \u00a0:<\/strong>\u00a0 &#8211;<\/p>\n<p>&nbsp;<\/p>\n<h2 style=\"text-align: left;\">NOTIZIE<\/h2>\n<p>&nbsp;<\/p>\n<p><img loading=\"lazy\" decoding=\"async\" class=\"\" src=\"https:\/\/www.mymilitaria.it\/liste\/images\/rsigermania5.jpg\" width=\"329\" height=\"480\" \/>\u00a0 Attestato (fac-simile) di concessione del distintivo<\/p>\n<h2><\/h2>\n<h2>Divisioni che ebbero addestramento in Germania ed insignite del distintivo d&#8217;onore<\/h2>\n<h2>Monterosa<\/h2>\n<p>La divisione nasce il 1\u00ba gennaio 1944 a Pavia, ma \u00e8 mobilitata solamente il 15 febbraio dello stesso anno. La divisione, formata da circa 20.000 uomini, di cui il 20% provenienti dal\u00a0Regio Esercito, viene costituita dai dirigenti della Repubblica Sociale per combattere in ambito montano a fianco dell&#8217;esercito tedesco. Per l&#8217;addestramento la divisione viene inviata in\u00a0Germania\u00a0per 6 mesi, dove gli uomini sono addestrati da istruttori tedeschi e armati con materiale proveniente dai magazzini della\u00a0Wehrmacht. Nell&#8217;organico della divisione si contano anche 30 ausiliarie alpine, le prime nella storia del corpo.<\/p>\n<p>Il 16 luglio dello stesso anno\u00a0Benito Mussolini\u00a0consegna la bandiera ai reggimenti, a\u00a0M\u00fcnsingen.<\/p>\n<p>In luglio, all&#8217;arrivo in Italia, viene posta sotto il comando del Corpo d&#8217;armata &#8220;Lombardia&#8221;, nell&#8217;area\u00a0ligure, per contrastare un eventuale sbarco delle forze\u00a0alleate. Successivamente viene spostata nella\u00a0Garfagnana\u00a0tra il fiume\u00a0Serchio\u00a0e le\u00a0Alpi Apuane, Nel gennaio\u00a01945\u00a0circa la met\u00e0 della divisione viene spostata sulle\u00a0Alpi occidentali\u00a0per contrastare l&#8217;avanzata americana e francese ed in questa occasione per dar man forte viene aggregato il Battaglione &#8220;Cadore&#8221;, ricevuto dal Raggruppamento &#8220;Cacciatori degli Appennini&#8221;<\/p>\n<p>La Divisione alla fine della guerra conta 1.100 caduti, 142 decorazioni assegnate, tra le quali tre medaglie d&#8217;oro al\u00a0valor militare\u00a0all&#8217;alpino\u00a0Renato Assante, al sottotenente\u00a0Eraldo Boschi\u00a0e al sottotenente medico\u00a0Mario Da Re, inoltre 89 encomi e numerosi croci di guerra. Viene sciolta il 28 aprile\u00a01945\u00a0dal maresciallo\u00a0Rodolfo Graziani, che emana l&#8217;ordine di cessare le ostilit\u00e0.<\/p>\n<h2>San Marco<\/h2>\n<p>Un primo nucleo di istruttori perviene a\u00a0Grafenw\u00f6hr, sede del campo di addestramento nel dicembre\u00a01943. La divisione fu indicata dai tedeschi con la denominazione\u00a0<i>3. Italienische Infanterie Division<\/i>. I quadri vengono completati all&#8217;inizio di febbraio, con l&#8217;apporto dei &#8220;volontari&#8221; circa 1.800, provenienti da reparti della\u00a0X\u00aa Flottiglia MAS\u00a0e dalla &#8220;1\u00aa Divisione di marina\u00a0italiana&#8221; proveniente, in massima parte, da\u00a0Bordeaux. Un centinaio di volontari provenienti dal disciolto\u00a0Battaglione &#8220;Caorle&#8221;. Il grosso della forza venne fornito dalla leva delle classi 1924 e 1925, e inviati al campo d&#8217;addestramento di Grafenw\u00f6hr.<\/p>\n<p>\u00c8 la prima unit\u00e0 ad avere i ranghi al completo e la prima a iniziare l&#8217;addestramento. Alcuni reparti vengono addestrati nel campo di\u00a0Heuberg.<span id=\"Attivit.C3.A0\"><\/span><\/p>\n<p>Rientrata in Italia nel luglio 1944 la Divisione fu schierata a difesa delle coste della Liguria occidentale, ed ebbe subito numerose diserzioni, con il comandante Aldo Princivalle che entr\u00f2 in contrasto con gli ufficiali di collegamento tedeschi e fu sostituito.<\/p>\n<h2>Littorio<\/h2>\n<p style=\"font-weight: 400;\">Addestrata nel campo di Senne-Paderborn e Detmold in Renania Vestfalia al confine con la Bassa Sassonia , comandata dal Gen. Tito Agosti. Era costituita da 1 Rgt di granatieri (3 Btg), 1 Rgt di Alpini (3 btg) e 1 Rgt di Artiglieria (4 Gruppi). Contava circa 17000 uomini. Rientr\u00f2 in Italia nell\u2019ottobre 1944 e, dopo una breve sosta in Emilia e Lombardia, il 3 dicembre fu posta a difesa delle Alpi Occidentali nel tratto da Cima del Diavolo al Monviso.<\/p>\n<h2>Italia<\/h2>\n<p>Divisione addestrata ad Heuberg nel Baden Wuerttemberg; comandante Gen.Giardina fino al 29\/11\/1943, Gen. Carloni fino al 15\/7\/1944, Gen. Guido Mainardi dal 14\/8\/1944 al 22.2.1945, poi Gen. Mario Carloni fino al 29.4.1945. Contava circa 14000 uomini successivamente ridottisi a poco pi\u00f9 di 10000. Rientrata dalla Germania nel dicembre 1944, fu schierata fra Parma, Fidenza e Salsomaggiore. A met\u00e0 gennaio 1945 cominci\u00f2 lo spostamento verso il fronte della Garfagnana dove and\u00f2 a dare il cambio ai reparti della Monterosa (ad eccezione del Btg. \u201cIntra\u201d) e della San Marco. Durante il ripiegamento combatt\u00e8 valorosamente per difendere le vie che consentirono il ripiegamento fino a Medesano, dove avvenne la resa con l\u2019onore delle armi.<\/p>\n<p>&nbsp;<\/p>\n<p>Fonti\u00a0 <i>Wikipedia<\/i>\u00a0,\u00a0 <a href=\"http:\/\/web.tiscali.it\/RSI_ANALISI\/esercito.htm\">Esercito Repubblicano<\/a><\/p>\n<p>&nbsp;<\/p>\n<p>1.20<\/p>\n","protected":false},"excerpt":{"rendered":"<p style=\"text-align: center;\">Distintivo d&#8217;onore, classe <strong>ARGENTO<\/strong>, per sottufficiali e militari che ebbero completato il corso di addestramento per le Divisioni italiane in Germania. Periodo <em><strong>Repubblica Sociale<\/strong><\/em>.<\/p>\n<p style=\"text-align: center;\">Assgnato alle divisioni\u00a0 <strong>Monterosa<\/strong> , <strong>Littorio<\/strong> , <strong>San Marco<\/strong> ,\u00a0<strong>Italia<\/strong> , ufficializzato il 15 luglio 1944 con la circolare n. 160 del Giornale Militare Ufficiale.<\/p>\n<p style=\"text-align: center;\">Esemplare in condizioni eccellenti, con segni del tempo, ossidazione, ma senza danni o rotture di alcun genere.\u00a0 Al retro si trova la spilla fissata al distintivo per mezzo di una piattina tonda, in orizzontale. Non riporta alcun marchio di fabbrica.<\/p>\n<p style=\"text-align: center;\"><strong><em>(Scorri la pagina in basso per ulteriori dettagli e informazioni)<\/em><\/strong><\/p>\n<p>&nbsp;<\/p>\n<p>&nbsp;<\/p>\n","protected":false},"featured_media":4430,"comment_status":"open","ping_status":"closed","template":"","meta":[],"product_cat":[586],"product_tag":[304,197,155,165,198,156,261,260,305],"yoast_head":"<!-- This site is optimized with the Yoast SEO plugin v21.9.1 - https:\/\/yoast.com\/wordpress\/plugins\/seo\/ -->\n<title>\u274c\ud83d\ude41Addestramento Germania Distintivo d&#039;Onore - ARGENTO - Thefinitive<\/title>\n<meta name=\"description\" content=\"Distintivo d&#039;onore per addestramento in Germania , Ufficiali e militari - Repubblica Sociale RSI - Generale Graziani - Littorio Monterosa San Marco Italia\" \/>\n<meta name=\"robots\" content=\"index, follow, max-snippet:-1, max-image-preview:large, max-video-preview:-1\" \/>\n<link rel=\"canonical\" href=\"https:\/\/thefinitive.com\/en\/prodotto\/addestramento-germania-distintivo-donore-argento\/\" \/>\n<meta property=\"og:locale\" content=\"en_US\" \/>\n<meta property=\"og:type\" content=\"article\" \/>\n<meta property=\"og:title\" content=\"\u274c\ud83d\ude41Addestramento Germania Distintivo d&#039;Onore - ARGENTO - Thefinitive\" \/>\n<meta property=\"og:description\" content=\"Distintivo d&#039;onore per addestramento in Germania , Ufficiali e militari - Repubblica Sociale RSI - Generale Graziani - Littorio Monterosa San Marco Italia\" \/>\n<meta property=\"og:url\" content=\"https:\/\/thefinitive.com\/en\/prodotto\/addestramento-germania-distintivo-donore-argento\/\" \/>\n<meta property=\"og:site_name\" content=\"Thefinitive\" \/>\n<meta property=\"article:publisher\" content=\"https:\/\/business.facebook.com\/Thefinitive-111771813534320\/\" \/>\n<meta property=\"article:modified_time\" content=\"2023-03-20T14:39:05+00:00\" \/>\n<meta property=\"og:image\" content=\"https:\/\/thefinitive.com\/wp-content\/uploads\/2020\/01\/20200119_132140.jpg\" \/>\n\t<meta property=\"og:image:width\" content=\"2160\" \/>\n\t<meta property=\"og:image:height\" content=\"2160\" \/>\n\t<meta property=\"og:image:type\" content=\"image\/jpeg\" \/>\n<meta name=\"twitter:card\" content=\"summary_large_image\" \/>\n<meta name=\"twitter:label1\" content=\"Est. reading time\" \/>\n\t<meta name=\"twitter:data1\" content=\"4 minutes\" \/>\n<script type=\"application\/ld+json\" class=\"yoast-schema-graph\">{\"@context\":\"https:\/\/schema.org\",\"@graph\":[{\"@type\":\"WebPage\",\"@id\":\"https:\/\/thefinitive.com\/en\/prodotto\/addestramento-germania-distintivo-donore-argento\/\",\"url\":\"https:\/\/thefinitive.com\/en\/prodotto\/addestramento-germania-distintivo-donore-argento\/\",\"name\":\"\u274c\ud83d\ude41Addestramento Germania Distintivo d'Onore - ARGENTO - Thefinitive\",\"isPartOf\":{\"@id\":\"https:\/\/thefinitive.com\/en\/#website\"},\"datePublished\":\"2020-07-06T19:07:55+00:00\",\"dateModified\":\"2023-03-20T14:39:05+00:00\",\"description\":\"Distintivo d'onore per addestramento in Germania , Ufficiali e militari - Repubblica Sociale RSI - Generale Graziani - Littorio Monterosa San Marco Italia\",\"breadcrumb\":{\"@id\":\"https:\/\/thefinitive.com\/en\/prodotto\/addestramento-germania-distintivo-donore-argento\/#breadcrumb\"},\"inLanguage\":\"en-US\",\"potentialAction\":[{\"@type\":\"ReadAction\",\"target\":[\"https:\/\/thefinitive.com\/en\/prodotto\/addestramento-germania-distintivo-donore-argento\/\"]}]},{\"@type\":\"BreadcrumbList\",\"@id\":\"https:\/\/thefinitive.com\/en\/prodotto\/addestramento-germania-distintivo-donore-argento\/#breadcrumb\",\"itemListElement\":[{\"@type\":\"ListItem\",\"position\":1,\"name\":\"Home\",\"item\":\"https:\/\/thefinitive.com\/en\/\"},{\"@type\":\"ListItem\",\"position\":2,\"name\":\"Shop\",\"item\":\"https:\/\/thefinitive.com\/en\/shop-2\/\"},{\"@type\":\"ListItem\",\"position\":3,\"name\":\"\u274c\ud83d\ude41Addestramento Germania Distintivo d&#8217;Onore &#8211; ARGENTO\"}]},{\"@type\":\"WebSite\",\"@id\":\"https:\/\/thefinitive.com\/en\/#website\",\"url\":\"https:\/\/thefinitive.com\/en\/\",\"name\":\"Thefinitive\",\"description\":\"Antiquariato Online\",\"publisher\":{\"@id\":\"https:\/\/thefinitive.com\/en\/#organization\"},\"potentialAction\":[{\"@type\":\"SearchAction\",\"target\":{\"@type\":\"EntryPoint\",\"urlTemplate\":\"https:\/\/thefinitive.com\/en\/?s={search_term_string}\"},\"query-input\":\"required name=search_term_string\"}],\"inLanguage\":\"en-US\"},{\"@type\":\"Organization\",\"@id\":\"https:\/\/thefinitive.com\/en\/#organization\",\"name\":\"Thefinitive\",\"url\":\"https:\/\/thefinitive.com\/en\/\",\"logo\":{\"@type\":\"ImageObject\",\"inLanguage\":\"en-US\",\"@id\":\"https:\/\/thefinitive.com\/en\/#\/schema\/logo\/image\/\",\"url\":\"https:\/\/thefinitive.com\/wp-content\/uploads\/2019\/07\/logo4vett.svg\",\"contentUrl\":\"https:\/\/thefinitive.com\/wp-content\/uploads\/2019\/07\/logo4vett.svg\",\"width\":500,\"height\":100,\"caption\":\"Thefinitive\"},\"image\":{\"@id\":\"https:\/\/thefinitive.com\/en\/#\/schema\/logo\/image\/\"},\"sameAs\":[\"https:\/\/business.facebook.com\/Thefinitive-111771813534320\/\",\"https:\/\/www.instagram.com\/_thefinitive_\/\"]}]}<\/script>\n<!-- \/ Yoast SEO plugin. -->","yoast_head_json":{"title":"\u274c\ud83d\ude41Addestramento Germania Distintivo d'Onore - ARGENTO - Thefinitive","description":"Distintivo d'onore per addestramento in Germania , Ufficiali e militari - Repubblica Sociale RSI - Generale Graziani - Littorio Monterosa San Marco Italia","robots":{"index":"index","follow":"follow","max-snippet":"max-snippet:-1","max-image-preview":"max-image-preview:large","max-video-preview":"max-video-preview:-1"},"canonical":"https:\/\/thefinitive.com\/en\/prodotto\/addestramento-germania-distintivo-donore-argento\/","og_locale":"en_US","og_type":"article","og_title":"\u274c\ud83d\ude41Addestramento Germania Distintivo d'Onore - ARGENTO - Thefinitive","og_description":"Distintivo d'onore per addestramento in Germania , Ufficiali e militari - Repubblica Sociale RSI - Generale Graziani - Littorio Monterosa San Marco Italia","og_url":"https:\/\/thefinitive.com\/en\/prodotto\/addestramento-germania-distintivo-donore-argento\/","og_site_name":"Thefinitive","article_publisher":"https:\/\/business.facebook.com\/Thefinitive-111771813534320\/","article_modified_time":"2023-03-20T14:39:05+00:00","og_image":[{"width":2160,"height":2160,"url":"https:\/\/thefinitive.com\/wp-content\/uploads\/2020\/01\/20200119_132140.jpg","type":"image\/jpeg"}],"twitter_card":"summary_large_image","twitter_misc":{"Est. reading time":"4 minutes"},"schema":{"@context":"https:\/\/schema.org","@graph":[{"@type":"WebPage","@id":"https:\/\/thefinitive.com\/en\/prodotto\/addestramento-germania-distintivo-donore-argento\/","url":"https:\/\/thefinitive.com\/en\/prodotto\/addestramento-germania-distintivo-donore-argento\/","name":"\u274c\ud83d\ude41Addestramento Germania Distintivo d'Onore - ARGENTO - Thefinitive","isPartOf":{"@id":"https:\/\/thefinitive.com\/en\/#website"},"datePublished":"2020-07-06T19:07:55+00:00","dateModified":"2023-03-20T14:39:05+00:00","description":"Distintivo d'onore per addestramento in Germania , Ufficiali e militari - Repubblica Sociale RSI - Generale Graziani - Littorio Monterosa San Marco Italia","breadcrumb":{"@id":"https:\/\/thefinitive.com\/en\/prodotto\/addestramento-germania-distintivo-donore-argento\/#breadcrumb"},"inLanguage":"en-US","potentialAction":[{"@type":"ReadAction","target":["https:\/\/thefinitive.com\/en\/prodotto\/addestramento-germania-distintivo-donore-argento\/"]}]},{"@type":"BreadcrumbList","@id":"https:\/\/thefinitive.com\/en\/prodotto\/addestramento-germania-distintivo-donore-argento\/#breadcrumb","itemListElement":[{"@type":"ListItem","position":1,"name":"Home","item":"https:\/\/thefinitive.com\/en\/"},{"@type":"ListItem","position":2,"name":"Shop","item":"https:\/\/thefinitive.com\/en\/shop-2\/"},{"@type":"ListItem","position":3,"name":"\u274c\ud83d\ude41Addestramento Germania Distintivo d&#8217;Onore &#8211; ARGENTO"}]},{"@type":"WebSite","@id":"https:\/\/thefinitive.com\/en\/#website","url":"https:\/\/thefinitive.com\/en\/","name":"Thefinitive","description":"Antiquariato Online","publisher":{"@id":"https:\/\/thefinitive.com\/en\/#organization"},"potentialAction":[{"@type":"SearchAction","target":{"@type":"EntryPoint","urlTemplate":"https:\/\/thefinitive.com\/en\/?s={search_term_string}"},"query-input":"required name=search_term_string"}],"inLanguage":"en-US"},{"@type":"Organization","@id":"https:\/\/thefinitive.com\/en\/#organization","name":"Thefinitive","url":"https:\/\/thefinitive.com\/en\/","logo":{"@type":"ImageObject","inLanguage":"en-US","@id":"https:\/\/thefinitive.com\/en\/#\/schema\/logo\/image\/","url":"https:\/\/thefinitive.com\/wp-content\/uploads\/2019\/07\/logo4vett.svg","contentUrl":"https:\/\/thefinitive.com\/wp-content\/uploads\/2019\/07\/logo4vett.svg","width":500,"height":100,"caption":"Thefinitive"},"image":{"@id":"https:\/\/thefinitive.com\/en\/#\/schema\/logo\/image\/"},"sameAs":["https:\/\/business.facebook.com\/Thefinitive-111771813534320\/","https:\/\/www.instagram.com\/_thefinitive_\/"]}]}},"_links":{"self":[{"href":"https:\/\/thefinitive.com\/en\/wp-json\/wp\/v3\/product\/6261"}],"collection":[{"href":"https:\/\/thefinitive.com\/en\/wp-json\/wp\/v3\/product"}],"about":[{"href":"https:\/\/thefinitive.com\/en\/wp-json\/wp\/v2\/types\/product"}],"replies":[{"embeddable":true,"href":"https:\/\/thefinitive.com\/en\/wp-json\/wp\/v2\/comments?post=6261"}],"version-history":[{"count":1,"href":"https:\/\/thefinitive.com\/en\/wp-json\/wp\/v3\/product\/6261\/revisions"}],"predecessor-version":[{"id":14730,"href":"https:\/\/thefinitive.com\/en\/wp-json\/wp\/v3\/product\/6261\/revisions\/14730"}],"wp:featuredmedia":[{"embeddable":true,"href":"https:\/\/thefinitive.com\/en\/wp-json\/wp\/v2\/media\/4430"}],"wp:attachment":[{"href":"https:\/\/thefinitive.com\/en\/wp-json\/wp\/v2\/media?parent=6261"}],"wp:term":[{"taxonomy":"product_cat","embeddable":true,"href":"https:\/\/thefinitive.com\/en\/wp-json\/wp\/v2\/product_cat?post=6261"},{"taxonomy":"product_tag","embeddable":true,"href":"https:\/\/thefinitive.com\/en\/wp-json\/wp\/v2\/product_tag?post=6261"}],"curies":[{"name":"wp","href":"https:\/\/api.w.org\/{rel}","templated":true}]}}