{"id":6079,"date":"2020-05-27T17:19:13","date_gmt":"2020-05-27T17:19:13","guid":{"rendered":"https:\/\/www.thefinitive.com\/?post_type=product&#038;p=6079"},"modified":"2025-03-21T14:55:32","modified_gmt":"2025-03-21T13:55:32","slug":"bozzetti-manifesto-film-iaia-lotto-di-due-originali","status":"publish","type":"product","link":"https:\/\/thefinitive.com\/en\/prodotto\/bozzetti-manifesto-film-iaia-lotto-di-due-originali\/","title":{"rendered":"Bozzetti manifesto film IAIA &#8211; lotto di due, Originali"},"content":{"rendered":"<p>Il lotto proposto tratta <strong>due bozzetti<\/strong> originali firmati entrambi <strong>IAIA<\/strong> , Pietro Ermanno , per le locandine manifesto del film\u00a0 <strong>GAY SALOME&#8217;\u00a0 <\/strong>, 1980 , regia di Michele Massimo Tarantini. Tempera su cartoncino.<\/p>\n<p>Le due opere sono ovviamente originali, dipinte e firmate da <strong>\u00a0IAIA<\/strong> , forse il pi\u00f9 noto illustratore del cinema italiano degli anni &#8217;60 &#8211; &#8217;80. Misurano\u00a0 ognuna <strong>cm. 54 x 39<\/strong> circa.\u00a0 I due bozzetti vengono venduti insieme, <strong>lotto non divisibile<\/strong>.<\/p>\n<p>Scena dal film , da cui viene ispirato uno dei bozzetti di questo lotto<\/p>\n<p><img loading=\"lazy\" decoding=\"async\" class=\"alignnone size-full wp-image-3348\" src=\"https:\/\/www.thefinitive.com\/wp-content\/uploads\/2019\/08\/m.gay_salom_scena_4cac0.jpg\" alt=\"\" width=\"300\" height=\"250\" srcset=\"https:\/\/thefinitive.com\/wp-content\/uploads\/2019\/08\/m.gay_salom_scena_4cac0.jpg 300w, https:\/\/thefinitive.com\/wp-content\/uploads\/2019\/08\/m.gay_salom_scena_4cac0-64x53.jpg 64w\" sizes=\"(max-width: 300px) 100vw, 300px\" \/>\u00a0 \u00a0 <img loading=\"lazy\" decoding=\"async\" class=\"alignnone wp-image-3349\" src=\"https:\/\/www.thefinitive.com\/wp-content\/uploads\/2019\/08\/20190824_105801-1-e1566665567833.jpg\" alt=\"\" width=\"250\" height=\"249\" srcset=\"https:\/\/thefinitive.com\/wp-content\/uploads\/2019\/08\/20190824_105801-1-e1566665567833.jpg 2160w, https:\/\/thefinitive.com\/wp-content\/uploads\/2019\/08\/20190824_105801-1-e1566665567833-600x600.jpg 600w, https:\/\/thefinitive.com\/wp-content\/uploads\/2019\/08\/20190824_105801-1-e1566665567833-100x100.jpg 100w, https:\/\/thefinitive.com\/wp-content\/uploads\/2019\/08\/20190824_105801-1-e1566665567833-1200x1200.jpg 1200w, https:\/\/thefinitive.com\/wp-content\/uploads\/2019\/08\/20190824_105801-1-e1566665567833-64x64.jpg 64w, https:\/\/thefinitive.com\/wp-content\/uploads\/2019\/08\/20190824_105801-1-e1566665567833-150x150.jpg 150w, https:\/\/thefinitive.com\/wp-content\/uploads\/2019\/08\/20190824_105801-1-e1566665567833-300x300.jpg 300w, https:\/\/thefinitive.com\/wp-content\/uploads\/2019\/08\/20190824_105801-1-e1566665567833-768x768.jpg 768w, https:\/\/thefinitive.com\/wp-content\/uploads\/2019\/08\/20190824_105801-1-e1566665567833-1024x1024.jpg 1024w, https:\/\/thefinitive.com\/wp-content\/uploads\/2019\/08\/20190824_105801-1-e1566665567833-45x45.jpg 45w\" sizes=\"(max-width: 250px) 100vw, 250px\" \/><\/p>\n<p>&nbsp;<\/p>\n<p>&nbsp;<\/p>\n<h2>NOTIZIE<\/h2>\n<h2 class=\"post-title\"><a href=\"http:\/\/www.museofermoimmagine.it\/pietro-ermanno-iaia\/\">Piero Ermanno Iaia<\/a><\/h2>\n<div class=\"clear\">Nato a Roma nel 1933, Ermanno <strong>Iaia<\/strong> frequenta il liceo artistico e si diploma presso l\u2019Accademia di\u00a0 Belle Arti. Dal 1959 collabora lo Studio Favalli, ai tempi uno dei pi\u00f9 famosi e qualificati tra quelli che lavorano per il cinema, per poi iniziare lunghi sodalizi con numerose case di distribuzione italiane e statunitensi, per le quali Iaia firma circa <strong>ottocento bozzetti di manifesto per un totale di quattrocento film<\/strong>, producendo a ritmi velocissimi. Iaia lavora inoltre per diverse case di produzione come la Metro Goldwin Mayer, la Twentieth Century Fox e la Universal, realizzando manifesti diffusi solo in Paesi stranieri, come ad esempio quello per il primo film della serie\u00a0<em>Zombi\u00a0<\/em>esposto unicamente in Giappone e quello per\u00a0<em>Billy Jack<\/em>, di Tom Laughilin (1971), pellicola che in Italia \u00e8 uscita in lingua originale e solo in poche sale non di prima visione.<\/div>\n<div class=\"entry themeform share\">\n<div class=\"entry-inner\">\n<p>La carriera di Iaia si snoda inoltre non solo nell\u2019ambiente del cinema, ma anche in quello della\u00a0<strong>televisione e dell\u2019editoria<\/strong>: Iaia lavora quindici anni per \u201cPlayboy\u201d, illustrando le storie erotiche, mentre per la Rai disegna i bozzetti per il manifesto, i film televisivi, inseriti poi in un catalogo, pubblicato ogni anno e utilizzato internamente alla Rai per vendere all\u2019estero i prodotti della rete. Iaia realizza anche molte copertine per i gialli Mondadori e per romanzi rosa destinati a un pubblico prettamente femminile, oltre a mettersi poi alla prova in altri settori, disegnando scatole di giochi per ragazzi, come la Tombola per la Clementoni, e producendo numerose figurine che ritraggono calciatori e attori per la Panini.<\/p>\n<p>Ermanno Iaia <strong>esordisce<\/strong> in campo cinematografico con il manifesto di\u00a0<em><strong>Barabba<\/strong> (<\/em>Richard Fleischer, <strong>1961<\/strong><em>)<\/em>\u00a0per il cui corredo pubblicitario sono chiamati diversi cartellonisti, tra cui Averardo Ciriello e lo stesso Iaia, autore del bozzetto per il formato a ventiquattro fogli, diffuso in Italia dalla De Laurentis e dalla Paramount negli Stati Uniti. Nel 1964 Iaia realizza il suo primo bozzetto per una pellicola italiana importante:\u00a0<em>Sedotta e abbandonata<\/em>, di Pietro Germi (1964), in cui la protagonista Stefania Sandrelli \u00e8 circondata da numerosi volti maschili ossessiona(n)ti, quasi grotteschi nelle svariate espressioni ritratte, dall\u2019ammiccante al severo all\u2019ironico, che indicano gli atteggiamenti dei personaggi presenti nel film.<\/p>\n<p>Nel corso della sua carriera,\u00a0<strong>Iaia <\/strong>esplora differenti tecniche pittoriche, nella convinzione che sia compito del cartellonista stesso dettare la moda e lanciare nuove soluzioni grafiche adeguate ai tempi che cambiano. Per il manifesto de\u00a0<em>Il conformista<\/em>, di Bernardo Bertolucci (1970), utilizza la serigrafia, tecnica a tinte piatte che il cartellonista sperimenta con diversi colori, anche fluorescenti. Iaia \u00e8 molto versatile e riesce a dividersi tra tecniche moderne da una parte \u2013 come la serigrafia o il\u00a0<em>collage<\/em>, utilizzato per il gi\u00e0 citato manifesto di\u00a0<em>Billy Jack<\/em>\u00a0e diffuso solo all\u2019estero \u2013 e stili pittorici classici dall\u2019altra, come accade per esempio per il bozzetto di\u00a0<em>Follia d\u2019amore<\/em>, di Robert Altman (1985), realizzato a pastelli e\u00a0<em>gouache<\/em>\u00a0e positivamente accolto alla Fox proprio perch\u00e9 insolito nel suo sapore antico.<\/p>\n<p>Alcuni bozzetti di Iaia sono invece bocciati poich\u00e9 ritenuti dalla committenza poco adatti al cartellonismo cinematografico e realizzati con uno stile troppo moderno, come per quelli di\u00a0<em>Senza ragione<\/em>, di Silvio Narizzano (1972), respinti perch\u00e9 resi con uno stile spatolato ritenuto troppo pittorico.<\/p>\n<p>I due bozzetti creati per\u00a0<em>Novecento<\/em>, di Bernardo Bertolucci (1976)<em>,\u00a0<\/em>non sono accettati dalla Fox in quanto raffiguranti un elemento ritenuto di disturbo dai distributori: la falce che, solitamente accompagnata al martello, \u00e8 una chiara allusione al Comunismo. Le immagini incontrano per\u00f2 il favore del regista, che tenta invano di convincere la Fox, la quale preferisce affidare il lavoro a un cartellonista francese. Bertolucci, grande estimatore del manifesto cinematografico dipinto, decide allora di acquistare i bozzetti di Iaia nonostante la loro inutilizzabilit\u00e0 a fini pubblicitari.<\/p>\n<p>A volte \u00e8 direttamente il regista, prima ancora della casa di distribuzione, a suggerire le correzioni al cartellonista, come accade con Francesco Rosi che chiede a Iaia di apportare alcune modifiche al bozzetto per\u00a0<em>Cristo si \u00e8 fermato a Eboli<\/em>(1979). Iaia vorrebbe riprodurre i volti degli attori principali, mentre Rosi desidera un manifesto che ricordi lo stile pittorico di Carlo Levi, impersonato nel film da Gian Maria Volont\u00e9. L\u2019artista mantiene quindi l\u2019idea di rappresentare i visi dei protagonisti, cercando per\u00f2 di avvicinarsi il pi\u00f9 possibile al\u00a0<em>ductus<\/em>\u00a0pittorico di Levi, in modo da soddisfare anche le richieste del regista.<\/p>\n<p>Iaia abbandona il cartellonismo cinematografico sul finire degli Anni Ottanta con la realizzazione del ventiquattro fogli per\u00a0<em>Il sole anche di notte<\/em>, di Paolo e Vittorio Taviani (1989).<\/p>\n<\/div>\n<\/div>\n<h2><\/h2>\n<h2><span id=\"Trama\" class=\"mw-headline\">Trama film <em>Gay Salome&#8217;<\/em><\/span><\/h2>\n<p><i><b>Gay Salom\u00e9<\/b><\/i>\u00a0\u00e8 un film italiano del\u00a01980\u00a0diretto da\u00a0<a title=\"Michele Massimo Tarantini\" href=\"https:\/\/it.wikipedia.org\/wiki\/Michele_Massimo_Tarantini\">Michele Massimo Tarantini ,<\/a>\u00a0 con <strong><a href=\"https:\/\/it.wikipedia.org\/wiki\/Vinicio_Diamanti\">Vinicio Diamanti<\/a><\/strong> , Ascanio de Angelis, Matteo d&#8217;Ambra, Paolo Bassi, Antonio Fabbozzi, Pasquale Zacco.<\/p>\n<p>All&#8217;<strong>Alibi<\/strong>, un noto<strong> locale gay romano<\/strong>, viene messa in scena la storia di Salom\u00e9, con qualche variante: ad essere decapitato non \u00e8\u00a0Giovanni Battista, ma un tal ex-schiavo Sirio, colpevole di aver mancato di rispetto a Salom\u00e8. Altra variante, \u00e8 che Salom\u00e8, dopo la danza e dopo aver ottenuto la testa di Sirio, viene uccisa da\u00a0Erode Antippa, che ha scoperto che Salom\u00e8 \u00e8 un uomo. Le immagini della messa in scena si alternano con quelle del locale, dove coppie di omosessuali si intrecciano, litigano ed amoreggiano. Il film si conclude con il monologo di un clown che, per le vie di Roma, salta e danza irridendo la\u00a0<i>gente perbene<\/i>.<\/p>\n<p>Nei bozzetti in vendita, \u00e8 anche ritratto <strong><a href=\"https:\/\/it.wikipedia.org\/wiki\/Vinicio_Diamanti\">Vinicio Diamanti<\/a><\/strong>\u00a0(Roma,\u00a024 febbraio\u00a01926\u00a0\u2013\u00a0Roma,\u00a023 dicembre\u00a02009)\u00a0 attore\u00a0italiano.\u00a0Studia canto da mezzosoprano e frequenta la facolt\u00e0 di medicina senza laurearsi. Si dedica alla sua grande passione per il teatro esibendosi in numeri di avanspettacolo\u00a0con ruoli &#8220;<strong>en travest\u00ec<\/strong>&#8221; all&#8217;Ambra Jovinelli, al Principe di via Cola Di Rienzo, all&#8217;Oriente, all&#8217;Espero. Grazie alla conoscenza di altri attori omosessuali come\u00a0George o&#8217;Brian,\u00a0Dominot,\u00a0Gi\u00f2 Staiano\u00a0riesce ad affinare le sue doti di attore. Negli anni &#8217;60 passa al teatro e al cinema, al fianco ad artisti come\u00a0Franco Enriquez,\u00a0Enrico Maria Salerno,\u00a0Giancarlo Cobelli,\u00a0Manuela Kusterman,\u00a0Mem\u00e8 Perlini\u00a0con tourn\u00e9e in tutta Italia. Nonostante le buone proposte che riceve Diamanti preferisce comunque il teatro al cinema, al punto da rifiutare una scrittura per\u00a0La dolce vita\u00a0di\u00a0Fellini\u00a0per non dover rinunciare a una tourn\u00e9e con\u00a0Valeria Moriconi\u00a0e\u00a0Vittorio Gassman. Negli ultimi anni si diletta come raffinata\u00a0drag queen\u00a0in feste e serate romane. Il suo ruolo cinematografico pi\u00f9 conosciuto \u00e8 quello di Colomba Lamar, la\u00a0drag queen\u00a0di\u00a0Delitto al Blue Gay.<\/p>\n<p>&nbsp;<\/p>\n<p>Fonti Wikipedia , <a href=\"http:\/\/www.museofermoimmagine.it\/pietro-ermanno-iaia\/\">web<\/a><\/p>\n<p>&nbsp;<\/p>\n<p>9.19<\/p>\n","protected":false},"excerpt":{"rendered":"<p style=\"text-align: center;\">Lotto in vendita di <strong>due bozzetti<\/strong> originali firmati\u00a0 <strong>E.<\/strong> <strong>IAIA<\/strong>\u00a0 (Pietro Ermanno) , per le locandine del film\u00a0 <strong>GAY SALOME&#8217;\u00a0 <\/strong>, 1980 , con la regia di Michele Massimo Tarantini. Opere realizzate a tempera su cartoncino.\u00a0 Misurano\u00a0 ognuna <strong>cm. 54 x 39<\/strong> circa. In ottime condizioni.<\/p>\n<p style=\"text-align: center;\"><strong><em>(Scorri la pagina in basso per ulteriori dettagli e informazioni)<\/em><\/strong><\/p>\n","protected":false},"featured_media":3331,"comment_status":"open","ping_status":"closed","template":"","meta":[],"product_cat":[586],"product_tag":[387,385,389,390,388],"yoast_head":"<!-- This site is optimized with the Yoast SEO plugin v21.9.1 - https:\/\/yoast.com\/wordpress\/plugins\/seo\/ -->\n<title>Bozzetti manifesto film IAIA - lotto di due, Originali - Thefinitive<\/title>\n<meta name=\"description\" content=\"Bozzetti per locandine manifesto film GAY SALOME&#039; - Firmati Ermanno IAIA - Tempera su cartoncino - original painted sketch for movie posters\" \/>\n<meta name=\"robots\" content=\"index, follow, max-snippet:-1, max-image-preview:large, max-video-preview:-1\" \/>\n<link rel=\"canonical\" href=\"https:\/\/thefinitive.com\/en\/prodotto\/bozzetti-manifesto-film-iaia-lotto-di-due-originali\/\" \/>\n<meta property=\"og:locale\" content=\"en_US\" \/>\n<meta property=\"og:type\" content=\"article\" \/>\n<meta property=\"og:title\" content=\"Bozzetti manifesto film IAIA - lotto di due, Originali - Thefinitive\" \/>\n<meta property=\"og:description\" content=\"Bozzetti per locandine manifesto film GAY SALOME&#039; - Firmati Ermanno IAIA - Tempera su cartoncino - original painted sketch for movie posters\" \/>\n<meta property=\"og:url\" content=\"https:\/\/thefinitive.com\/en\/prodotto\/bozzetti-manifesto-film-iaia-lotto-di-due-originali\/\" \/>\n<meta property=\"og:site_name\" content=\"Thefinitive\" \/>\n<meta property=\"article:publisher\" content=\"https:\/\/business.facebook.com\/Thefinitive-111771813534320\/\" \/>\n<meta property=\"article:modified_time\" content=\"2025-03-21T13:55:32+00:00\" \/>\n<meta property=\"og:image\" content=\"https:\/\/thefinitive.com\/wp-content\/uploads\/2019\/08\/20190824_105718.jpg\" \/>\n\t<meta property=\"og:image:width\" content=\"2160\" \/>\n\t<meta property=\"og:image:height\" content=\"2160\" \/>\n\t<meta property=\"og:image:type\" content=\"image\/jpeg\" \/>\n<meta name=\"twitter:card\" content=\"summary_large_image\" \/>\n<meta name=\"twitter:label1\" content=\"Est. reading time\" \/>\n\t<meta name=\"twitter:data1\" content=\"7 minutes\" \/>\n<script type=\"application\/ld+json\" class=\"yoast-schema-graph\">{\"@context\":\"https:\/\/schema.org\",\"@graph\":[{\"@type\":\"WebPage\",\"@id\":\"https:\/\/thefinitive.com\/en\/prodotto\/bozzetti-manifesto-film-iaia-lotto-di-due-originali\/\",\"url\":\"https:\/\/thefinitive.com\/en\/prodotto\/bozzetti-manifesto-film-iaia-lotto-di-due-originali\/\",\"name\":\"Bozzetti manifesto film IAIA - lotto di due, Originali - Thefinitive\",\"isPartOf\":{\"@id\":\"https:\/\/thefinitive.com\/en\/#website\"},\"datePublished\":\"2020-05-27T17:19:13+00:00\",\"dateModified\":\"2025-03-21T13:55:32+00:00\",\"description\":\"Bozzetti per locandine manifesto film GAY SALOME' - Firmati Ermanno IAIA - Tempera su cartoncino - original painted sketch for movie posters\",\"breadcrumb\":{\"@id\":\"https:\/\/thefinitive.com\/en\/prodotto\/bozzetti-manifesto-film-iaia-lotto-di-due-originali\/#breadcrumb\"},\"inLanguage\":\"en-US\",\"potentialAction\":[{\"@type\":\"ReadAction\",\"target\":[\"https:\/\/thefinitive.com\/en\/prodotto\/bozzetti-manifesto-film-iaia-lotto-di-due-originali\/\"]}]},{\"@type\":\"BreadcrumbList\",\"@id\":\"https:\/\/thefinitive.com\/en\/prodotto\/bozzetti-manifesto-film-iaia-lotto-di-due-originali\/#breadcrumb\",\"itemListElement\":[{\"@type\":\"ListItem\",\"position\":1,\"name\":\"Home\",\"item\":\"https:\/\/thefinitive.com\/en\/\"},{\"@type\":\"ListItem\",\"position\":2,\"name\":\"Shop\",\"item\":\"https:\/\/thefinitive.com\/en\/shop-2\/\"},{\"@type\":\"ListItem\",\"position\":3,\"name\":\"Bozzetti manifesto film IAIA &#8211; lotto di due, Originali\"}]},{\"@type\":\"WebSite\",\"@id\":\"https:\/\/thefinitive.com\/en\/#website\",\"url\":\"https:\/\/thefinitive.com\/en\/\",\"name\":\"Thefinitive\",\"description\":\"Antiquariato Online\",\"publisher\":{\"@id\":\"https:\/\/thefinitive.com\/en\/#organization\"},\"potentialAction\":[{\"@type\":\"SearchAction\",\"target\":{\"@type\":\"EntryPoint\",\"urlTemplate\":\"https:\/\/thefinitive.com\/en\/?s={search_term_string}\"},\"query-input\":\"required name=search_term_string\"}],\"inLanguage\":\"en-US\"},{\"@type\":\"Organization\",\"@id\":\"https:\/\/thefinitive.com\/en\/#organization\",\"name\":\"Thefinitive\",\"url\":\"https:\/\/thefinitive.com\/en\/\",\"logo\":{\"@type\":\"ImageObject\",\"inLanguage\":\"en-US\",\"@id\":\"https:\/\/thefinitive.com\/en\/#\/schema\/logo\/image\/\",\"url\":\"https:\/\/thefinitive.com\/wp-content\/uploads\/2019\/07\/logo4vett.svg\",\"contentUrl\":\"https:\/\/thefinitive.com\/wp-content\/uploads\/2019\/07\/logo4vett.svg\",\"width\":500,\"height\":100,\"caption\":\"Thefinitive\"},\"image\":{\"@id\":\"https:\/\/thefinitive.com\/en\/#\/schema\/logo\/image\/\"},\"sameAs\":[\"https:\/\/business.facebook.com\/Thefinitive-111771813534320\/\",\"https:\/\/www.instagram.com\/_thefinitive_\/\"]}]}<\/script>\n<!-- \/ Yoast SEO plugin. -->","yoast_head_json":{"title":"Bozzetti manifesto film IAIA - lotto di due, Originali - Thefinitive","description":"Bozzetti per locandine manifesto film GAY SALOME' - Firmati Ermanno IAIA - Tempera su cartoncino - original painted sketch for movie posters","robots":{"index":"index","follow":"follow","max-snippet":"max-snippet:-1","max-image-preview":"max-image-preview:large","max-video-preview":"max-video-preview:-1"},"canonical":"https:\/\/thefinitive.com\/en\/prodotto\/bozzetti-manifesto-film-iaia-lotto-di-due-originali\/","og_locale":"en_US","og_type":"article","og_title":"Bozzetti manifesto film IAIA - lotto di due, Originali - Thefinitive","og_description":"Bozzetti per locandine manifesto film GAY SALOME' - Firmati Ermanno IAIA - Tempera su cartoncino - original painted sketch for movie posters","og_url":"https:\/\/thefinitive.com\/en\/prodotto\/bozzetti-manifesto-film-iaia-lotto-di-due-originali\/","og_site_name":"Thefinitive","article_publisher":"https:\/\/business.facebook.com\/Thefinitive-111771813534320\/","article_modified_time":"2025-03-21T13:55:32+00:00","og_image":[{"width":2160,"height":2160,"url":"https:\/\/thefinitive.com\/wp-content\/uploads\/2019\/08\/20190824_105718.jpg","type":"image\/jpeg"}],"twitter_card":"summary_large_image","twitter_misc":{"Est. reading time":"7 minutes"},"schema":{"@context":"https:\/\/schema.org","@graph":[{"@type":"WebPage","@id":"https:\/\/thefinitive.com\/en\/prodotto\/bozzetti-manifesto-film-iaia-lotto-di-due-originali\/","url":"https:\/\/thefinitive.com\/en\/prodotto\/bozzetti-manifesto-film-iaia-lotto-di-due-originali\/","name":"Bozzetti manifesto film IAIA - lotto di due, Originali - Thefinitive","isPartOf":{"@id":"https:\/\/thefinitive.com\/en\/#website"},"datePublished":"2020-05-27T17:19:13+00:00","dateModified":"2025-03-21T13:55:32+00:00","description":"Bozzetti per locandine manifesto film GAY SALOME' - Firmati Ermanno IAIA - Tempera su cartoncino - original painted sketch for movie posters","breadcrumb":{"@id":"https:\/\/thefinitive.com\/en\/prodotto\/bozzetti-manifesto-film-iaia-lotto-di-due-originali\/#breadcrumb"},"inLanguage":"en-US","potentialAction":[{"@type":"ReadAction","target":["https:\/\/thefinitive.com\/en\/prodotto\/bozzetti-manifesto-film-iaia-lotto-di-due-originali\/"]}]},{"@type":"BreadcrumbList","@id":"https:\/\/thefinitive.com\/en\/prodotto\/bozzetti-manifesto-film-iaia-lotto-di-due-originali\/#breadcrumb","itemListElement":[{"@type":"ListItem","position":1,"name":"Home","item":"https:\/\/thefinitive.com\/en\/"},{"@type":"ListItem","position":2,"name":"Shop","item":"https:\/\/thefinitive.com\/en\/shop-2\/"},{"@type":"ListItem","position":3,"name":"Bozzetti manifesto film IAIA &#8211; lotto di due, Originali"}]},{"@type":"WebSite","@id":"https:\/\/thefinitive.com\/en\/#website","url":"https:\/\/thefinitive.com\/en\/","name":"Thefinitive","description":"Antiquariato Online","publisher":{"@id":"https:\/\/thefinitive.com\/en\/#organization"},"potentialAction":[{"@type":"SearchAction","target":{"@type":"EntryPoint","urlTemplate":"https:\/\/thefinitive.com\/en\/?s={search_term_string}"},"query-input":"required name=search_term_string"}],"inLanguage":"en-US"},{"@type":"Organization","@id":"https:\/\/thefinitive.com\/en\/#organization","name":"Thefinitive","url":"https:\/\/thefinitive.com\/en\/","logo":{"@type":"ImageObject","inLanguage":"en-US","@id":"https:\/\/thefinitive.com\/en\/#\/schema\/logo\/image\/","url":"https:\/\/thefinitive.com\/wp-content\/uploads\/2019\/07\/logo4vett.svg","contentUrl":"https:\/\/thefinitive.com\/wp-content\/uploads\/2019\/07\/logo4vett.svg","width":500,"height":100,"caption":"Thefinitive"},"image":{"@id":"https:\/\/thefinitive.com\/en\/#\/schema\/logo\/image\/"},"sameAs":["https:\/\/business.facebook.com\/Thefinitive-111771813534320\/","https:\/\/www.instagram.com\/_thefinitive_\/"]}]}},"_links":{"self":[{"href":"https:\/\/thefinitive.com\/en\/wp-json\/wp\/v3\/product\/6079"}],"collection":[{"href":"https:\/\/thefinitive.com\/en\/wp-json\/wp\/v3\/product"}],"about":[{"href":"https:\/\/thefinitive.com\/en\/wp-json\/wp\/v2\/types\/product"}],"replies":[{"embeddable":true,"href":"https:\/\/thefinitive.com\/en\/wp-json\/wp\/v2\/comments?post=6079"}],"version-history":[{"count":1,"href":"https:\/\/thefinitive.com\/en\/wp-json\/wp\/v3\/product\/6079\/revisions"}],"predecessor-version":[{"id":15431,"href":"https:\/\/thefinitive.com\/en\/wp-json\/wp\/v3\/product\/6079\/revisions\/15431"}],"wp:featuredmedia":[{"embeddable":true,"href":"https:\/\/thefinitive.com\/en\/wp-json\/wp\/v2\/media\/3331"}],"wp:attachment":[{"href":"https:\/\/thefinitive.com\/en\/wp-json\/wp\/v2\/media?parent=6079"}],"wp:term":[{"taxonomy":"product_cat","embeddable":true,"href":"https:\/\/thefinitive.com\/en\/wp-json\/wp\/v2\/product_cat?post=6079"},{"taxonomy":"product_tag","embeddable":true,"href":"https:\/\/thefinitive.com\/en\/wp-json\/wp\/v2\/product_tag?post=6079"}],"curies":[{"name":"wp","href":"https:\/\/api.w.org\/{rel}","templated":true}]}}