{"id":6078,"date":"2020-05-27T17:17:48","date_gmt":"2020-05-27T17:17:48","guid":{"rendered":"https:\/\/www.thefinitive.com\/?post_type=product&#038;p=6078"},"modified":"2024-11-12T14:39:24","modified_gmt":"2024-11-12T13:39:24","slug":"ivanhoe-bozzetto-manifesto-taylor-robert-elizabeth-liz","status":"publish","type":"product","link":"https:\/\/thefinitive.com\/en\/prodotto\/ivanhoe-bozzetto-manifesto-taylor-robert-elizabeth-liz\/","title":{"rendered":"IVANHOE bozzetto manifesto Taylor Robert , Elizabeth LIZ"},"content":{"rendered":"<p><strong>Bozzetto<\/strong> originale firmato <strong>Crovato<\/strong> , per una delle locandine manifesto del film\u00a0 <strong>IVANHOE <\/strong>, 1952 , regia di Richard Thorpe, con <strong>Robert Taylor, Liz Taylor , Joan Fontaine <\/strong>, tanto per citarne alcuni.<\/p>\n<p>Il bozzetto in questione \u00e8 uno dei disegni dal quale verranno realizzate le locandine per il film <em>IVANHOE<\/em> , ed \u00e8 realizzato a matita ed olio su cartoncino. Opera originale, dipinta e firmata da <strong>\u00a0CROVATO<\/strong> , uno dei pi\u00f9 noti e prolifici illustratori di manifesto per il cinema italiano, il bozzetto misura <strong>cm 48 x 34<\/strong> circa, in ottime condizioni.<\/p>\n<p>&nbsp;<\/p>\n<p><img loading=\"lazy\" decoding=\"async\" class=\"alignnone wp-image-3374\" src=\"https:\/\/www.thefinitive.com\/wp-content\/uploads\/2019\/08\/italian_loc_ivanhoe_R70s_WC06876_T.jpg\" alt=\"\" width=\"246\" height=\"508\" srcset=\"https:\/\/thefinitive.com\/wp-content\/uploads\/2019\/08\/italian_loc_ivanhoe_R70s_WC06876_T.jpg 200w, https:\/\/thefinitive.com\/wp-content\/uploads\/2019\/08\/italian_loc_ivanhoe_R70s_WC06876_T-64x132.jpg 64w, https:\/\/thefinitive.com\/wp-content\/uploads\/2019\/08\/italian_loc_ivanhoe_R70s_WC06876_T-145x300.jpg 145w\" sizes=\"(max-width: 246px) 100vw, 246px\" \/>\u00a0 \u00a0 <img loading=\"lazy\" decoding=\"async\" class=\"alignnone wp-image-3375\" src=\"https:\/\/www.thefinitive.com\/wp-content\/uploads\/2019\/08\/20190824_105022-2.jpg\" alt=\"\" width=\"262\" height=\"367\" srcset=\"https:\/\/thefinitive.com\/wp-content\/uploads\/2019\/08\/20190824_105022-2.jpg 1369w, https:\/\/thefinitive.com\/wp-content\/uploads\/2019\/08\/20190824_105022-2-1200x1679.jpg 1200w, https:\/\/thefinitive.com\/wp-content\/uploads\/2019\/08\/20190824_105022-2-64x90.jpg 64w, https:\/\/thefinitive.com\/wp-content\/uploads\/2019\/08\/20190824_105022-2-214x300.jpg 214w, https:\/\/thefinitive.com\/wp-content\/uploads\/2019\/08\/20190824_105022-2-768x1075.jpg 768w, https:\/\/thefinitive.com\/wp-content\/uploads\/2019\/08\/20190824_105022-2-732x1024.jpg 732w\" sizes=\"(max-width: 262px) 100vw, 262px\" \/><\/p>\n<p>Locandina originale , tratta dal bozzetto del film Ivanhoe in vendita<\/p>\n<p><strong>Crovato<\/strong> entra in giovane et\u00e0 a far parte dello <strong>Studio Paradiso<\/strong> ed in seguito dello <strong>Studio Casaro<\/strong>, vanta molte opere tra cui i cartelloni per i film &#8220;In nome del popolo sovrano&#8221; , &#8220;Moby Dick&#8221; , &#8220;Sandokan&#8221; , etc etc<\/p>\n<h2><img loading=\"lazy\" decoding=\"async\" class=\"alignnone size-full wp-image-3376\" src=\"https:\/\/www.thefinitive.com\/wp-content\/uploads\/2019\/08\/sandokan.jpg\" alt=\"\" width=\"243\" height=\"207\" srcset=\"https:\/\/thefinitive.com\/wp-content\/uploads\/2019\/08\/sandokan.jpg 243w, https:\/\/thefinitive.com\/wp-content\/uploads\/2019\/08\/sandokan-64x55.jpg 64w\" sizes=\"(max-width: 243px) 100vw, 243px\" \/><\/h2>\n<h2><\/h2>\n<h2>NOTIZIE<\/h2>\n<p><i><b>Ivanhoe\u00a0<\/b><\/i>\u00e8 un\u00a0<a title=\"Film\" href=\"https:\/\/it.wikipedia.org\/wiki\/Film\">film<\/a>\u00a0del\u00a01952\u00a0diretto da\u00a0<a href=\"https:\/\/it.wikipedia.org\/wiki\/Richard_Thorpe\"><strong>Richard Thorpe<\/strong><\/a>.<\/p>\n<p>Si tratta di un\u00a0remake\u00a0di due film precedenti, girati entrambi nel 1913, ossia il britannico\u00a0<i>Ivanhoe<\/i>, diretto da\u00a0Leedham Bantock\u00a0e uscito in sala in luglio, e l&#8217;americano\u00a0<i>Ivanhoe<\/i>, prodotto dall&#8217;IMP.<\/p>\n<h2><span id=\"Trama\" class=\"mw-headline\">Trama<\/span><\/h2>\n<div class=\"thumb tleft\">\n<div class=\"thumbinner\">\n<div class=\"thumbcaption\">Dopo aver preso parte alla Terza crociata, re\u00a0Riccardo Cuor di leone\u00a0sulla via del ritorno dalla\u00a0Terra santa\u00a0viene fatto prigioniero da\u00a0Leopoldo,\u00a0duca d&#8217;Austria. Il sassone Wilfred d&#8217;Ivanhoe, tornato in patria con l&#8217;impegno di trovare il riscatto con cui liberare il re, deve guardarsi dalle insidie dell&#8217;usurpatore\u00a0Giovanni Senza Terra\u00a0e dei suoi alleati\u00a0normanni, capeggiati da Brian di Bois-Guilbert. Nel torneo che lo vede sfidare da solo quattro normanni, esce vincitore ma ferito e l&#8217;ebrea\u00a0Rebecca, figlia del ricco Isacco, si prende cura di lui. Bois-Guilbert, fomentato da Giovanni, rapisce sir Cedric (padre di Ivanhoe), Isacco, Rebecca e Rowena, fidanzata di Ivanhoe. Ivanhoe si offre come ostaggio per liberare suo padre e viene fatto prigioniero ma trover\u00e0 aiuto nei ribelli di sir Locksley e nella comunit\u00e0 ebraica. I fedeli di Riccardo assaltano il castello e Bois-Guilbert riesce a fuggire trascinando con s\u00e9 Rebecca. Questa viene accusata di stregoneria dai normanni e condannata al rogo, ma Ivanhoe si appella al verdetto, chiedendo un&#8217;ordalia\u00a0e sfida il delegato del re, Bois-Guilbert, all&#8217;ultimo sangue; quasi sconfitto, l&#8217;arrivo del re Riccardo, finalmente liberato e che riacquista il trono, salva Ivanhoe e Rebecca, facendo infine tornare la pace in\u00a0Inghilterra.<\/div>\n<\/div>\n<\/div>\n<h2><\/h2>\n<h2><\/h2>\n<h2><span id=\"Realizzazione\" class=\"mw-headline\">Realizzazione<\/span><\/h2>\n<p>Le avventure cavalleresche raccontate nel\u00a0romanzo omonimo\u00a0di\u00a0Walter Scott\u00a0servono da canovaccio per una delle pi\u00f9 smaglianti superproduzioni\u00a0Metro-Goldwyn-Mayer\u00a0girate negli Elstree Studios, in\u00a0Inghilterra, e in\u00a0Scozia per gli esterni.\u00a0 L&#8217;alternarsi di scene di massa e <strong>tornei cavallereschi<\/strong> (come l&#8217;immagine riprodotta nel bozzetto del manifesto dove Ivanhoe , Roberto Taylor, gareggia) a momenti pi\u00f9 intimisti rende ancor oggi piacevole il film e fa passare in secondo piano <span class=\"chiarimento\" title=\"Il testo selezionato deve essere comprovato da una fonte affidabile. Modifica la pagina per aggiungere fonti.\">i molti errori storici<\/span>, per esempio le armature dei cavalieri, tipiche della prima met\u00e0 del XV secolo, mentre le vicende narrate si riferiscono al XII secolo. Ma la sua vera originalit\u00e0 \u00e8 l&#8217;accorato appello umanitario in favore di una fratellanza fra gentili ed ebrei che ritorna insistentemente nel film.<\/p>\n<table class=\"sinottico\" summary=\"Tabella sinottica che riassume i principali dati del soggetto\">\n<tbody>\n<tr class=\"sinottico_divisione\">\n<th colspan=\"2\"><a title=\"Attore\" href=\"https:\/\/it.wikipedia.org\/wiki\/Attore\">Interpreti<\/a>\u00a0e\u00a0<a title=\"Personaggio immaginario\" href=\"https:\/\/it.wikipedia.org\/wiki\/Personaggio_immaginario\">personaggi<\/a><\/th>\n<\/tr>\n<tr>\n<td class=\"sinottico_testo_centrale\" colspan=\"2\">\n<div>\n<ul>\n<li><a title=\"Robert Taylor\" href=\"https:\/\/it.wikipedia.org\/wiki\/Robert_Taylor\">Robert Taylor<\/a>: sir Wilfred d&#8217;Ivanhoe<\/li>\n<li><a title=\"Elizabeth Taylor\" href=\"https:\/\/it.wikipedia.org\/wiki\/Elizabeth_Taylor\">Elizabeth Taylor<\/a>: Rebecca<\/li>\n<li><a title=\"Joan Fontaine\" href=\"https:\/\/it.wikipedia.org\/wiki\/Joan_Fontaine\">Joan Fontaine<\/a>: lady Rowena<\/li>\n<li><a title=\"George Sanders\" href=\"https:\/\/it.wikipedia.org\/wiki\/George_Sanders\">George Sanders<\/a>: sir Brian di Bois-Guilbert<\/li>\n<li><a title=\"Emlyn Williams\" href=\"https:\/\/it.wikipedia.org\/wiki\/Emlyn_Williams\">Emlyn Williams<\/a>: Wamba<\/li>\n<li><a title=\"Robert Douglas\" href=\"https:\/\/it.wikipedia.org\/wiki\/Robert_Douglas\">Robert Douglas<\/a>: sir Hugh De Bracy<\/li>\n<li><a title=\"Finlay Currie\" href=\"https:\/\/it.wikipedia.org\/wiki\/Finlay_Currie\">Finlay Currie<\/a>: sir Cedric<\/li>\n<li><a title=\"Felix Aylmer\" href=\"https:\/\/it.wikipedia.org\/wiki\/Felix_Aylmer\">Felix Aylmer<\/a>: Isaac di York<\/li>\n<li><a class=\"new\" title=\"Francis De Wolff (la pagina non esiste)\" href=\"https:\/\/it.wikipedia.org\/w\/index.php?title=Francis_De_Wolff&amp;action=edit&amp;redlink=1\">Francis De Wolff<\/a>: sir Front De Boeuf<\/li>\n<li><a class=\"new\" title=\"Norman Wooland (la pagina non esiste)\" href=\"https:\/\/it.wikipedia.org\/w\/index.php?title=Norman_Wooland&amp;action=edit&amp;redlink=1\">Norman Wooland<\/a>: Riccardo Cuor di Leone<\/li>\n<li><a class=\"new\" title=\"Basil Sydney (la pagina non esiste)\" href=\"https:\/\/it.wikipedia.org\/w\/index.php?title=Basil_Sydney&amp;action=edit&amp;redlink=1\">Basil Sydney<\/a>: Waldemar Fitzurse<\/li>\n<li><a title=\"Guy Rolfe\" href=\"https:\/\/it.wikipedia.org\/wiki\/Guy_Rolfe\">Guy Rolfe<\/a>: principe Giovanni<\/li>\n<li><a class=\"new\" title=\"Harold Warrender (la pagina non esiste)\" href=\"https:\/\/it.wikipedia.org\/w\/index.php?title=Harold_Warrender&amp;action=edit&amp;redlink=1\">Harold Warrender<\/a>: Locksley\/Robin Hood<\/li>\n<\/ul>\n<\/div>\n<\/td>\n<\/tr>\n<\/tbody>\n<\/table>\n<p>&nbsp;<\/p>\n<p>Fonti Wikipedia , <a href=\"http:\/\/www.emovieposter.com\">web<\/a><\/p>\n<p>&nbsp;<\/p>\n<p>9.19<\/p>\n","protected":false},"excerpt":{"rendered":"<p style=\"text-align: center;\"><strong>Bozzetto<\/strong> originale firmato <strong>Crovato<\/strong> , per una delle locandine manifesto del film\u00a0 <strong>IVANHOE <\/strong>, 1952 , regia di Richard Thorpe, con <strong>Robert Taylor, Liz Taylor &#8230;<\/strong><\/p>\n<p style=\"text-align: center;\">Matita e tempera su cartoncino. Opera originale, dipinta e firmata da <strong>\u00a0CROVATO<\/strong>. Misura <strong>cm 48 x 34<\/strong> circa, in ottime condizioni.<\/p>\n<p style=\"text-align: center;\"><strong><em>(Scorri la pagina in basso per ulteriori dettagli e informazioni)<\/em><\/strong><\/p>\n","protected":false},"featured_media":3363,"comment_status":"open","ping_status":"closed","template":"","meta":[],"product_cat":[105,107,109,111],"product_tag":[387,385,389,388],"yoast_head":"<!-- This site is optimized with the Yoast SEO plugin v21.9.1 - https:\/\/yoast.com\/wordpress\/plugins\/seo\/ -->\n<title>IVANHOE bozzetto manifesto Taylor Robert , Elizabeth LIZ - Thefinitive<\/title>\n<meta name=\"description\" content=\"Bozzetto per manifesto film IVANHOE con Robert Taylor, ELIZABETH TAYLOR - Firmato CROVATO - Tempera su cartoncino - original painted sketch for movie poster\" \/>\n<meta name=\"robots\" content=\"index, follow, max-snippet:-1, max-image-preview:large, max-video-preview:-1\" \/>\n<link rel=\"canonical\" href=\"https:\/\/thefinitive.com\/en\/prodotto\/ivanhoe-bozzetto-manifesto-taylor-robert-elizabeth-liz\/\" \/>\n<meta property=\"og:locale\" content=\"en_US\" \/>\n<meta property=\"og:type\" content=\"article\" \/>\n<meta property=\"og:title\" content=\"IVANHOE bozzetto manifesto Taylor Robert , Elizabeth LIZ - Thefinitive\" \/>\n<meta property=\"og:description\" content=\"Bozzetto per manifesto film IVANHOE con Robert Taylor, ELIZABETH TAYLOR - Firmato CROVATO - Tempera su cartoncino - original painted sketch for movie poster\" \/>\n<meta property=\"og:url\" content=\"https:\/\/thefinitive.com\/en\/prodotto\/ivanhoe-bozzetto-manifesto-taylor-robert-elizabeth-liz\/\" \/>\n<meta property=\"og:site_name\" content=\"Thefinitive\" \/>\n<meta property=\"article:publisher\" content=\"https:\/\/business.facebook.com\/Thefinitive-111771813534320\/\" \/>\n<meta property=\"article:modified_time\" content=\"2024-11-12T13:39:24+00:00\" \/>\n<meta property=\"og:image\" content=\"https:\/\/thefinitive.com\/wp-content\/uploads\/2019\/08\/20190824_105022.jpg\" \/>\n\t<meta property=\"og:image:width\" content=\"2160\" \/>\n\t<meta property=\"og:image:height\" content=\"2160\" \/>\n\t<meta property=\"og:image:type\" content=\"image\/jpeg\" \/>\n<meta name=\"twitter:card\" content=\"summary_large_image\" \/>\n<meta name=\"twitter:label1\" content=\"Est. reading time\" \/>\n\t<meta name=\"twitter:data1\" content=\"3 minutes\" \/>\n<script type=\"application\/ld+json\" class=\"yoast-schema-graph\">{\"@context\":\"https:\/\/schema.org\",\"@graph\":[{\"@type\":\"WebPage\",\"@id\":\"https:\/\/thefinitive.com\/en\/prodotto\/ivanhoe-bozzetto-manifesto-taylor-robert-elizabeth-liz\/\",\"url\":\"https:\/\/thefinitive.com\/en\/prodotto\/ivanhoe-bozzetto-manifesto-taylor-robert-elizabeth-liz\/\",\"name\":\"IVANHOE bozzetto manifesto Taylor Robert , Elizabeth LIZ - Thefinitive\",\"isPartOf\":{\"@id\":\"https:\/\/thefinitive.com\/en\/#website\"},\"datePublished\":\"2020-05-27T17:17:48+00:00\",\"dateModified\":\"2024-11-12T13:39:24+00:00\",\"description\":\"Bozzetto per manifesto film IVANHOE con Robert Taylor, ELIZABETH TAYLOR - Firmato CROVATO - Tempera su cartoncino - original painted sketch for movie poster\",\"breadcrumb\":{\"@id\":\"https:\/\/thefinitive.com\/en\/prodotto\/ivanhoe-bozzetto-manifesto-taylor-robert-elizabeth-liz\/#breadcrumb\"},\"inLanguage\":\"en-US\",\"potentialAction\":[{\"@type\":\"ReadAction\",\"target\":[\"https:\/\/thefinitive.com\/en\/prodotto\/ivanhoe-bozzetto-manifesto-taylor-robert-elizabeth-liz\/\"]}]},{\"@type\":\"BreadcrumbList\",\"@id\":\"https:\/\/thefinitive.com\/en\/prodotto\/ivanhoe-bozzetto-manifesto-taylor-robert-elizabeth-liz\/#breadcrumb\",\"itemListElement\":[{\"@type\":\"ListItem\",\"position\":1,\"name\":\"Home\",\"item\":\"https:\/\/thefinitive.com\/en\/\"},{\"@type\":\"ListItem\",\"position\":2,\"name\":\"Shop\",\"item\":\"https:\/\/thefinitive.com\/en\/shop-2\/\"},{\"@type\":\"ListItem\",\"position\":3,\"name\":\"IVANHOE bozzetto manifesto Taylor Robert , Elizabeth LIZ\"}]},{\"@type\":\"WebSite\",\"@id\":\"https:\/\/thefinitive.com\/en\/#website\",\"url\":\"https:\/\/thefinitive.com\/en\/\",\"name\":\"Thefinitive\",\"description\":\"Antiquariato Online\",\"publisher\":{\"@id\":\"https:\/\/thefinitive.com\/en\/#organization\"},\"potentialAction\":[{\"@type\":\"SearchAction\",\"target\":{\"@type\":\"EntryPoint\",\"urlTemplate\":\"https:\/\/thefinitive.com\/en\/?s={search_term_string}\"},\"query-input\":\"required name=search_term_string\"}],\"inLanguage\":\"en-US\"},{\"@type\":\"Organization\",\"@id\":\"https:\/\/thefinitive.com\/en\/#organization\",\"name\":\"Thefinitive\",\"url\":\"https:\/\/thefinitive.com\/en\/\",\"logo\":{\"@type\":\"ImageObject\",\"inLanguage\":\"en-US\",\"@id\":\"https:\/\/thefinitive.com\/en\/#\/schema\/logo\/image\/\",\"url\":\"https:\/\/thefinitive.com\/wp-content\/uploads\/2019\/07\/logo4vett.svg\",\"contentUrl\":\"https:\/\/thefinitive.com\/wp-content\/uploads\/2019\/07\/logo4vett.svg\",\"width\":500,\"height\":100,\"caption\":\"Thefinitive\"},\"image\":{\"@id\":\"https:\/\/thefinitive.com\/en\/#\/schema\/logo\/image\/\"},\"sameAs\":[\"https:\/\/business.facebook.com\/Thefinitive-111771813534320\/\",\"https:\/\/www.instagram.com\/_thefinitive_\/\"]}]}<\/script>\n<!-- \/ Yoast SEO plugin. -->","yoast_head_json":{"title":"IVANHOE bozzetto manifesto Taylor Robert , Elizabeth LIZ - Thefinitive","description":"Bozzetto per manifesto film IVANHOE con Robert Taylor, ELIZABETH TAYLOR - Firmato CROVATO - Tempera su cartoncino - original painted sketch for movie poster","robots":{"index":"index","follow":"follow","max-snippet":"max-snippet:-1","max-image-preview":"max-image-preview:large","max-video-preview":"max-video-preview:-1"},"canonical":"https:\/\/thefinitive.com\/en\/prodotto\/ivanhoe-bozzetto-manifesto-taylor-robert-elizabeth-liz\/","og_locale":"en_US","og_type":"article","og_title":"IVANHOE bozzetto manifesto Taylor Robert , Elizabeth LIZ - Thefinitive","og_description":"Bozzetto per manifesto film IVANHOE con Robert Taylor, ELIZABETH TAYLOR - Firmato CROVATO - Tempera su cartoncino - original painted sketch for movie poster","og_url":"https:\/\/thefinitive.com\/en\/prodotto\/ivanhoe-bozzetto-manifesto-taylor-robert-elizabeth-liz\/","og_site_name":"Thefinitive","article_publisher":"https:\/\/business.facebook.com\/Thefinitive-111771813534320\/","article_modified_time":"2024-11-12T13:39:24+00:00","og_image":[{"width":2160,"height":2160,"url":"https:\/\/thefinitive.com\/wp-content\/uploads\/2019\/08\/20190824_105022.jpg","type":"image\/jpeg"}],"twitter_card":"summary_large_image","twitter_misc":{"Est. reading time":"3 minutes"},"schema":{"@context":"https:\/\/schema.org","@graph":[{"@type":"WebPage","@id":"https:\/\/thefinitive.com\/en\/prodotto\/ivanhoe-bozzetto-manifesto-taylor-robert-elizabeth-liz\/","url":"https:\/\/thefinitive.com\/en\/prodotto\/ivanhoe-bozzetto-manifesto-taylor-robert-elizabeth-liz\/","name":"IVANHOE bozzetto manifesto Taylor Robert , Elizabeth LIZ - Thefinitive","isPartOf":{"@id":"https:\/\/thefinitive.com\/en\/#website"},"datePublished":"2020-05-27T17:17:48+00:00","dateModified":"2024-11-12T13:39:24+00:00","description":"Bozzetto per manifesto film IVANHOE con Robert Taylor, ELIZABETH TAYLOR - Firmato CROVATO - Tempera su cartoncino - original painted sketch for movie poster","breadcrumb":{"@id":"https:\/\/thefinitive.com\/en\/prodotto\/ivanhoe-bozzetto-manifesto-taylor-robert-elizabeth-liz\/#breadcrumb"},"inLanguage":"en-US","potentialAction":[{"@type":"ReadAction","target":["https:\/\/thefinitive.com\/en\/prodotto\/ivanhoe-bozzetto-manifesto-taylor-robert-elizabeth-liz\/"]}]},{"@type":"BreadcrumbList","@id":"https:\/\/thefinitive.com\/en\/prodotto\/ivanhoe-bozzetto-manifesto-taylor-robert-elizabeth-liz\/#breadcrumb","itemListElement":[{"@type":"ListItem","position":1,"name":"Home","item":"https:\/\/thefinitive.com\/en\/"},{"@type":"ListItem","position":2,"name":"Shop","item":"https:\/\/thefinitive.com\/en\/shop-2\/"},{"@type":"ListItem","position":3,"name":"IVANHOE bozzetto manifesto Taylor Robert , Elizabeth LIZ"}]},{"@type":"WebSite","@id":"https:\/\/thefinitive.com\/en\/#website","url":"https:\/\/thefinitive.com\/en\/","name":"Thefinitive","description":"Antiquariato Online","publisher":{"@id":"https:\/\/thefinitive.com\/en\/#organization"},"potentialAction":[{"@type":"SearchAction","target":{"@type":"EntryPoint","urlTemplate":"https:\/\/thefinitive.com\/en\/?s={search_term_string}"},"query-input":"required name=search_term_string"}],"inLanguage":"en-US"},{"@type":"Organization","@id":"https:\/\/thefinitive.com\/en\/#organization","name":"Thefinitive","url":"https:\/\/thefinitive.com\/en\/","logo":{"@type":"ImageObject","inLanguage":"en-US","@id":"https:\/\/thefinitive.com\/en\/#\/schema\/logo\/image\/","url":"https:\/\/thefinitive.com\/wp-content\/uploads\/2019\/07\/logo4vett.svg","contentUrl":"https:\/\/thefinitive.com\/wp-content\/uploads\/2019\/07\/logo4vett.svg","width":500,"height":100,"caption":"Thefinitive"},"image":{"@id":"https:\/\/thefinitive.com\/en\/#\/schema\/logo\/image\/"},"sameAs":["https:\/\/business.facebook.com\/Thefinitive-111771813534320\/","https:\/\/www.instagram.com\/_thefinitive_\/"]}]}},"_links":{"self":[{"href":"https:\/\/thefinitive.com\/en\/wp-json\/wp\/v3\/product\/6078"}],"collection":[{"href":"https:\/\/thefinitive.com\/en\/wp-json\/wp\/v3\/product"}],"about":[{"href":"https:\/\/thefinitive.com\/en\/wp-json\/wp\/v2\/types\/product"}],"replies":[{"embeddable":true,"href":"https:\/\/thefinitive.com\/en\/wp-json\/wp\/v2\/comments?post=6078"}],"version-history":[{"count":1,"href":"https:\/\/thefinitive.com\/en\/wp-json\/wp\/v3\/product\/6078\/revisions"}],"predecessor-version":[{"id":15489,"href":"https:\/\/thefinitive.com\/en\/wp-json\/wp\/v3\/product\/6078\/revisions\/15489"}],"wp:featuredmedia":[{"embeddable":true,"href":"https:\/\/thefinitive.com\/en\/wp-json\/wp\/v2\/media\/3363"}],"wp:attachment":[{"href":"https:\/\/thefinitive.com\/en\/wp-json\/wp\/v2\/media?parent=6078"}],"wp:term":[{"taxonomy":"product_cat","embeddable":true,"href":"https:\/\/thefinitive.com\/en\/wp-json\/wp\/v2\/product_cat?post=6078"},{"taxonomy":"product_tag","embeddable":true,"href":"https:\/\/thefinitive.com\/en\/wp-json\/wp\/v2\/product_tag?post=6078"}],"curies":[{"name":"wp","href":"https:\/\/api.w.org\/{rel}","templated":true}]}}