{"id":6025,"date":"2020-05-19T21:19:51","date_gmt":"2020-05-19T21:19:51","guid":{"rendered":"https:\/\/www.thefinitive.com\/?post_type=product&#038;p=6025"},"modified":"2023-03-20T15:39:15","modified_gmt":"2023-03-20T14:39:15","slug":"casco-aeronautica-roold-giusti-900-pionieri-del-volo","status":"publish","type":"product","link":"https:\/\/thefinitive.com\/en\/prodotto\/casco-aeronautica-roold-giusti-900-pionieri-del-volo\/","title":{"rendered":"\u274c\ud83d\ude41Casco Aeronautica ROOLD GIUSTI &#8216;900 &#8211; Franco &#8211; Saratti"},"content":{"rendered":"<p>Casco da volo per pilota, realizzato dalla ditta <strong>FRANCO<\/strong> di Milano, su brevetto <strong>ROOLD<\/strong>, che veniva calzato sopra la cuffia della <strong>GIUSTI,<\/strong> in uso nei primi del &#8216;900 sin dagli albori della nascente arma aeronautica italiana e della nuova aviazione mondiale. Il Roold era un tipo di casco che fu adottato dagli eserciti belligeranti nella prima guerra mondiale, e di fatto fu il primo copricapo specializzato per i piloti di aviazione.<\/p>\n<p>La GIUSTI, nota ditta di abbigliamento sportivo dalla completa dicitura <strong><em>CASA DELLA MODA SPORTIVA<\/em><\/strong> , si ciment\u00f2 nella realizzazione degli indumenti uniformologici per l&#8217; aviazione, essendo questa uno &#8216;sport&#8217; come l&#8217;automobilismo ed il motociclismo, e di fatto gli stessi caschi Roold\/Giusti furono utilizzati dai piloti delle quattro ruote come dai piloti dell&#8217; Arma Aeronautica, dagli inizi del &#8216;900. Il casco in oggetto della ditta FRANCO, \u00e8 la derivazione italiana dal Roold, che per\u00f2 vede delle innovazioni come ad esempio la sovrastruttura longitudinale imbottita, ad ulteriore protezione dagli urti contro la struttura metallica del velivolo, su ispirazione Fumagalli, e SARATTI altre eccellenze dell&#8217;ingegno italiano, con i loro modelli a due protezioni incrociate sulla calotta del casco. Realizzato in sughero a costituire una resistente struttura portante, rivestita in cuoio naturale, con cuffia interna in cotone pesante. Il tipo di casco da volo era stato brevettato in Francia dalla ditta ROOLD , ma successivamente anche Germania, Olanda, ed Italia producono i propri caschi, considerando che all&#8217;epoca non vi era ancora uno standard dettato da nessun ministero di aviazione o aeronautica.<\/p>\n<p>L&#8217;esemplare in vendita \u00e8 in ottime condizioni generali. La struttura \u00e8 solida ed integra, il cuoio non presenta danni ed \u00e8 assolutamente morbido al paranuca, ed ai due paraorecchie laterali , con alloggio per cuffie. Completo di fibbie in metallo per il fissaggio del sottogola.<\/p>\n<p>&nbsp;<\/p>\n<h2 style=\"text-align: left;\">NOTIZIE<\/h2>\n<p>Con le nuove conquiste di aviazione, iniziate con i fratelli Wright pionieri del volo a motore, la ditta ROOLD con sede a Parigi, al\u00a0 50 AVENUE DE LA GRANDE ARM\u00c9E , brevett\u00f2 e produsse per prima il casco che negli anni a venire sarebbe diventato il copricapo in uso da tutti i piloti di aeronautica, e non solo (anche corridori automobilistici e soprattutto motociclisti ). Il casco venne adottato ed impiegato nella prima Guerra Mondiale, con l&#8217;uso dei primi aerei da ricognizione e bombardamento; era l&#8217;elmetto di sicurezza per i piloti, al pari degli elmetti in metallo come l&#8217;ADRIAN usato da diversi eserciti europei. Fu introdotto nelle scuole di volo ed usato in tale contesto anche fino agli anni &#8217;30.<\/p>\n<p>La sua costruzione in sughero, lo rendeva un valido strumento di protezione agli urti contro le strutture metalliche che circondavano le carlinghe dei primordiali velivoli.<\/p>\n<p><img loading=\"lazy\" decoding=\"async\" class=\"alignnone size-medium wp-image-2082\" src=\"https:\/\/www.thefinitive.com\/wp-content\/uploads\/2019\/08\/rooldreclame2-300x142.jpg\" alt=\"\" width=\"300\" height=\"142\" srcset=\"https:\/\/thefinitive.com\/wp-content\/uploads\/2019\/08\/rooldreclame2-300x142.jpg 300w, https:\/\/thefinitive.com\/wp-content\/uploads\/2019\/08\/rooldreclame2-64x30.jpg 64w, https:\/\/thefinitive.com\/wp-content\/uploads\/2019\/08\/rooldreclame2.jpg 550w\" sizes=\"(max-width: 300px) 100vw, 300px\" \/><\/p>\n<p><img loading=\"lazy\" decoding=\"async\" class=\"alignnone size-medium wp-image-2081\" src=\"https:\/\/www.thefinitive.com\/wp-content\/uploads\/2019\/08\/rooldreclame-300x210.jpg\" alt=\"\" width=\"300\" height=\"210\" srcset=\"https:\/\/thefinitive.com\/wp-content\/uploads\/2019\/08\/rooldreclame-300x210.jpg 300w, https:\/\/thefinitive.com\/wp-content\/uploads\/2019\/08\/rooldreclame-64x45.jpg 64w, https:\/\/thefinitive.com\/wp-content\/uploads\/2019\/08\/rooldreclame.jpg 550w\" sizes=\"(max-width: 300px) 100vw, 300px\" \/><\/p>\n<p>alcune reclame d&#8217;epoca<\/p>\n<p><img loading=\"lazy\" decoding=\"async\" class=\"alignnone size-medium wp-image-2083\" src=\"https:\/\/www.thefinitive.com\/wp-content\/uploads\/2019\/08\/rooldreclame3-300x196.jpg\" alt=\"\" width=\"300\" height=\"196\" srcset=\"https:\/\/thefinitive.com\/wp-content\/uploads\/2019\/08\/rooldreclame3-300x196.jpg 300w, https:\/\/thefinitive.com\/wp-content\/uploads\/2019\/08\/rooldreclame3-64x42.jpg 64w, https:\/\/thefinitive.com\/wp-content\/uploads\/2019\/08\/rooldreclame3.jpg 550w\" sizes=\"(max-width: 300px) 100vw, 300px\" \/><\/p>\n<p>per l&#8217;esercito francese e l&#8217;esercito russo<\/p>\n<p>&nbsp;<\/p>\n<p>In Italia al nascere e fiorire dell&#8217;industria sportiva e militare, incontriamo produttori come\u00a0 GIUSTI a Roma , Saratti, FUMAGALLI\u00a0 a Milano (che brevetter\u00e0 in seguito un suo modello di casco di protezione)<\/p>\n<p>&nbsp;<\/p>\n<p>&nbsp;<\/p>\n<p>Fonti <em>Wikipedia<\/em> ,\u00a0<em> <a href=\"https:\/\/www.aviationancestry.co.uk\/\">British Aviation Industry<\/a><\/em><\/p>\n<p>&nbsp;<\/p>\n<p>5.20<\/p>\n","protected":false},"excerpt":{"rendered":"<p style=\"text-align: center;\"><strong>Casco da volo<\/strong>\u00a0per pilota di aviazione, della ditta <strong>GIUSTI<\/strong> , Roma, ispirato dal modello\u00a0\u00a0<strong>ROOLD<\/strong>\u00a0, in uso dai primi del &#8216;900 e durante la Prima Guerra Mondiale. Casco integro e completo, in straordinarie ed eccellenti condizioni di conservazione.<\/p>\n<p style=\"text-align: center;\">Modello di particolare rarit\u00e0.<\/p>\n<p>&nbsp;<\/p>\n<p style=\"text-align: center;\"><strong><em>(Scorri la pagina in basso per ulteriori dettagli e informazioni)<\/em><\/strong><\/p>\n","protected":false},"featured_media":8514,"comment_status":"open","ping_status":"closed","template":"","meta":[],"product_cat":[586],"product_tag":[191,176,190,180,179,182,181,203,178,192,175,185],"yoast_head":"<!-- This site is optimized with the Yoast SEO plugin v21.9.1 - https:\/\/yoast.com\/wordpress\/plugins\/seo\/ -->\n<title>\u274c\ud83d\ude41Casco Aeronautica ROOLD GIUSTI &#039;900 - Franco - Saratti - Thefinitive<\/title>\n<meta name=\"description\" content=\"Casco per piloti di aviazione, della GIUSTI (Roma) su modello ROOLD pionieri dell&#039;aeronautica &#039;900 ARMA AERONAUTICA - Regia - Royal Air Force WW1\" \/>\n<meta name=\"robots\" content=\"index, follow, max-snippet:-1, max-image-preview:large, max-video-preview:-1\" \/>\n<link rel=\"canonical\" href=\"https:\/\/thefinitive.com\/en\/prodotto\/casco-aeronautica-roold-giusti-900-pionieri-del-volo\/\" \/>\n<meta property=\"og:locale\" content=\"en_US\" \/>\n<meta property=\"og:type\" content=\"article\" \/>\n<meta property=\"og:title\" content=\"\u274c\ud83d\ude41Casco Aeronautica ROOLD GIUSTI &#039;900 - Franco - Saratti - Thefinitive\" \/>\n<meta property=\"og:description\" content=\"Casco per piloti di aviazione, della GIUSTI (Roma) su modello ROOLD pionieri dell&#039;aeronautica &#039;900 ARMA AERONAUTICA - Regia - Royal Air Force WW1\" \/>\n<meta property=\"og:url\" content=\"https:\/\/thefinitive.com\/en\/prodotto\/casco-aeronautica-roold-giusti-900-pionieri-del-volo\/\" \/>\n<meta property=\"og:site_name\" content=\"Thefinitive\" \/>\n<meta property=\"article:publisher\" content=\"https:\/\/business.facebook.com\/Thefinitive-111771813534320\/\" \/>\n<meta property=\"article:modified_time\" content=\"2023-03-20T14:39:15+00:00\" \/>\n<meta property=\"og:image\" content=\"https:\/\/thefinitive.com\/wp-content\/uploads\/2020\/05\/roo1riservato.jpg\" \/>\n\t<meta property=\"og:image:width\" content=\"2160\" \/>\n\t<meta property=\"og:image:height\" content=\"2160\" \/>\n\t<meta property=\"og:image:type\" content=\"image\/jpeg\" \/>\n<meta name=\"twitter:card\" content=\"summary_large_image\" \/>\n<meta name=\"twitter:label1\" content=\"Est. reading time\" \/>\n\t<meta name=\"twitter:data1\" content=\"2 minutes\" \/>\n<script type=\"application\/ld+json\" class=\"yoast-schema-graph\">{\"@context\":\"https:\/\/schema.org\",\"@graph\":[{\"@type\":\"WebPage\",\"@id\":\"https:\/\/thefinitive.com\/en\/prodotto\/casco-aeronautica-roold-giusti-900-pionieri-del-volo\/\",\"url\":\"https:\/\/thefinitive.com\/en\/prodotto\/casco-aeronautica-roold-giusti-900-pionieri-del-volo\/\",\"name\":\"\u274c\ud83d\ude41Casco Aeronautica ROOLD GIUSTI '900 - Franco - Saratti - Thefinitive\",\"isPartOf\":{\"@id\":\"https:\/\/thefinitive.com\/en\/#website\"},\"datePublished\":\"2020-05-19T21:19:51+00:00\",\"dateModified\":\"2023-03-20T14:39:15+00:00\",\"description\":\"Casco per piloti di aviazione, della GIUSTI (Roma) su modello ROOLD pionieri dell'aeronautica '900 ARMA AERONAUTICA - Regia - Royal Air Force WW1\",\"breadcrumb\":{\"@id\":\"https:\/\/thefinitive.com\/en\/prodotto\/casco-aeronautica-roold-giusti-900-pionieri-del-volo\/#breadcrumb\"},\"inLanguage\":\"en-US\",\"potentialAction\":[{\"@type\":\"ReadAction\",\"target\":[\"https:\/\/thefinitive.com\/en\/prodotto\/casco-aeronautica-roold-giusti-900-pionieri-del-volo\/\"]}]},{\"@type\":\"BreadcrumbList\",\"@id\":\"https:\/\/thefinitive.com\/en\/prodotto\/casco-aeronautica-roold-giusti-900-pionieri-del-volo\/#breadcrumb\",\"itemListElement\":[{\"@type\":\"ListItem\",\"position\":1,\"name\":\"Home\",\"item\":\"https:\/\/thefinitive.com\/en\/\"},{\"@type\":\"ListItem\",\"position\":2,\"name\":\"Shop\",\"item\":\"https:\/\/thefinitive.com\/en\/shop-2\/\"},{\"@type\":\"ListItem\",\"position\":3,\"name\":\"\u274c\ud83d\ude41Casco Aeronautica ROOLD GIUSTI &#8216;900 &#8211; Franco &#8211; Saratti\"}]},{\"@type\":\"WebSite\",\"@id\":\"https:\/\/thefinitive.com\/en\/#website\",\"url\":\"https:\/\/thefinitive.com\/en\/\",\"name\":\"Thefinitive\",\"description\":\"Antiquariato Online\",\"publisher\":{\"@id\":\"https:\/\/thefinitive.com\/en\/#organization\"},\"potentialAction\":[{\"@type\":\"SearchAction\",\"target\":{\"@type\":\"EntryPoint\",\"urlTemplate\":\"https:\/\/thefinitive.com\/en\/?s={search_term_string}\"},\"query-input\":\"required name=search_term_string\"}],\"inLanguage\":\"en-US\"},{\"@type\":\"Organization\",\"@id\":\"https:\/\/thefinitive.com\/en\/#organization\",\"name\":\"Thefinitive\",\"url\":\"https:\/\/thefinitive.com\/en\/\",\"logo\":{\"@type\":\"ImageObject\",\"inLanguage\":\"en-US\",\"@id\":\"https:\/\/thefinitive.com\/en\/#\/schema\/logo\/image\/\",\"url\":\"https:\/\/thefinitive.com\/wp-content\/uploads\/2019\/07\/logo4vett.svg\",\"contentUrl\":\"https:\/\/thefinitive.com\/wp-content\/uploads\/2019\/07\/logo4vett.svg\",\"width\":500,\"height\":100,\"caption\":\"Thefinitive\"},\"image\":{\"@id\":\"https:\/\/thefinitive.com\/en\/#\/schema\/logo\/image\/\"},\"sameAs\":[\"https:\/\/business.facebook.com\/Thefinitive-111771813534320\/\",\"https:\/\/www.instagram.com\/_thefinitive_\/\"]}]}<\/script>\n<!-- \/ Yoast SEO plugin. -->","yoast_head_json":{"title":"\u274c\ud83d\ude41Casco Aeronautica ROOLD GIUSTI '900 - Franco - Saratti - Thefinitive","description":"Casco per piloti di aviazione, della GIUSTI (Roma) su modello ROOLD pionieri dell'aeronautica '900 ARMA AERONAUTICA - Regia - Royal Air Force WW1","robots":{"index":"index","follow":"follow","max-snippet":"max-snippet:-1","max-image-preview":"max-image-preview:large","max-video-preview":"max-video-preview:-1"},"canonical":"https:\/\/thefinitive.com\/en\/prodotto\/casco-aeronautica-roold-giusti-900-pionieri-del-volo\/","og_locale":"en_US","og_type":"article","og_title":"\u274c\ud83d\ude41Casco Aeronautica ROOLD GIUSTI '900 - Franco - Saratti - Thefinitive","og_description":"Casco per piloti di aviazione, della GIUSTI (Roma) su modello ROOLD pionieri dell'aeronautica '900 ARMA AERONAUTICA - Regia - Royal Air Force WW1","og_url":"https:\/\/thefinitive.com\/en\/prodotto\/casco-aeronautica-roold-giusti-900-pionieri-del-volo\/","og_site_name":"Thefinitive","article_publisher":"https:\/\/business.facebook.com\/Thefinitive-111771813534320\/","article_modified_time":"2023-03-20T14:39:15+00:00","og_image":[{"width":2160,"height":2160,"url":"https:\/\/thefinitive.com\/wp-content\/uploads\/2020\/05\/roo1riservato.jpg","type":"image\/jpeg"}],"twitter_card":"summary_large_image","twitter_misc":{"Est. reading time":"2 minutes"},"schema":{"@context":"https:\/\/schema.org","@graph":[{"@type":"WebPage","@id":"https:\/\/thefinitive.com\/en\/prodotto\/casco-aeronautica-roold-giusti-900-pionieri-del-volo\/","url":"https:\/\/thefinitive.com\/en\/prodotto\/casco-aeronautica-roold-giusti-900-pionieri-del-volo\/","name":"\u274c\ud83d\ude41Casco Aeronautica ROOLD GIUSTI '900 - Franco - Saratti - Thefinitive","isPartOf":{"@id":"https:\/\/thefinitive.com\/en\/#website"},"datePublished":"2020-05-19T21:19:51+00:00","dateModified":"2023-03-20T14:39:15+00:00","description":"Casco per piloti di aviazione, della GIUSTI (Roma) su modello ROOLD pionieri dell'aeronautica '900 ARMA AERONAUTICA - Regia - Royal Air Force WW1","breadcrumb":{"@id":"https:\/\/thefinitive.com\/en\/prodotto\/casco-aeronautica-roold-giusti-900-pionieri-del-volo\/#breadcrumb"},"inLanguage":"en-US","potentialAction":[{"@type":"ReadAction","target":["https:\/\/thefinitive.com\/en\/prodotto\/casco-aeronautica-roold-giusti-900-pionieri-del-volo\/"]}]},{"@type":"BreadcrumbList","@id":"https:\/\/thefinitive.com\/en\/prodotto\/casco-aeronautica-roold-giusti-900-pionieri-del-volo\/#breadcrumb","itemListElement":[{"@type":"ListItem","position":1,"name":"Home","item":"https:\/\/thefinitive.com\/en\/"},{"@type":"ListItem","position":2,"name":"Shop","item":"https:\/\/thefinitive.com\/en\/shop-2\/"},{"@type":"ListItem","position":3,"name":"\u274c\ud83d\ude41Casco Aeronautica ROOLD GIUSTI &#8216;900 &#8211; Franco &#8211; Saratti"}]},{"@type":"WebSite","@id":"https:\/\/thefinitive.com\/en\/#website","url":"https:\/\/thefinitive.com\/en\/","name":"Thefinitive","description":"Antiquariato Online","publisher":{"@id":"https:\/\/thefinitive.com\/en\/#organization"},"potentialAction":[{"@type":"SearchAction","target":{"@type":"EntryPoint","urlTemplate":"https:\/\/thefinitive.com\/en\/?s={search_term_string}"},"query-input":"required name=search_term_string"}],"inLanguage":"en-US"},{"@type":"Organization","@id":"https:\/\/thefinitive.com\/en\/#organization","name":"Thefinitive","url":"https:\/\/thefinitive.com\/en\/","logo":{"@type":"ImageObject","inLanguage":"en-US","@id":"https:\/\/thefinitive.com\/en\/#\/schema\/logo\/image\/","url":"https:\/\/thefinitive.com\/wp-content\/uploads\/2019\/07\/logo4vett.svg","contentUrl":"https:\/\/thefinitive.com\/wp-content\/uploads\/2019\/07\/logo4vett.svg","width":500,"height":100,"caption":"Thefinitive"},"image":{"@id":"https:\/\/thefinitive.com\/en\/#\/schema\/logo\/image\/"},"sameAs":["https:\/\/business.facebook.com\/Thefinitive-111771813534320\/","https:\/\/www.instagram.com\/_thefinitive_\/"]}]}},"_links":{"self":[{"href":"https:\/\/thefinitive.com\/en\/wp-json\/wp\/v3\/product\/6025"}],"collection":[{"href":"https:\/\/thefinitive.com\/en\/wp-json\/wp\/v3\/product"}],"about":[{"href":"https:\/\/thefinitive.com\/en\/wp-json\/wp\/v2\/types\/product"}],"replies":[{"embeddable":true,"href":"https:\/\/thefinitive.com\/en\/wp-json\/wp\/v2\/comments?post=6025"}],"version-history":[{"count":2,"href":"https:\/\/thefinitive.com\/en\/wp-json\/wp\/v3\/product\/6025\/revisions"}],"predecessor-version":[{"id":14750,"href":"https:\/\/thefinitive.com\/en\/wp-json\/wp\/v3\/product\/6025\/revisions\/14750"}],"wp:featuredmedia":[{"embeddable":true,"href":"https:\/\/thefinitive.com\/en\/wp-json\/wp\/v2\/media\/8514"}],"wp:attachment":[{"href":"https:\/\/thefinitive.com\/en\/wp-json\/wp\/v2\/media?parent=6025"}],"wp:term":[{"taxonomy":"product_cat","embeddable":true,"href":"https:\/\/thefinitive.com\/en\/wp-json\/wp\/v2\/product_cat?post=6025"},{"taxonomy":"product_tag","embeddable":true,"href":"https:\/\/thefinitive.com\/en\/wp-json\/wp\/v2\/product_tag?post=6025"}],"curies":[{"name":"wp","href":"https:\/\/api.w.org\/{rel}","templated":true}]}}