{"id":5863,"date":"2020-05-06T08:37:27","date_gmt":"2020-05-06T08:37:27","guid":{"rendered":"https:\/\/www.thefinitive.com\/?post_type=product&#038;p=5863"},"modified":"2023-03-20T15:47:02","modified_gmt":"2023-03-20T14:47:02","slug":"luisa-baccara-autografo-dannunzio-maria-rota-cantante","status":"publish","type":"product","link":"https:\/\/thefinitive.com\/en\/prodotto\/luisa-baccara-autografo-dannunzio-maria-rota-cantante\/","title":{"rendered":"\u274c\ud83d\ude41Luisa Baccara autografo &#8211; d&#8217;Annunzio &#8211; Maria Rota cantante"},"content":{"rendered":"<p><strong>Luisa Baccara<\/strong>, bella ed iconografica foto della pianista amante di <strong><em>Gabriele d&#8217;Annunzio<\/em><\/strong>, con dedica &#8220;<strong>A Maria cara dolce sorella nella musica per affettuoso ricordo &#8211; Luisa <\/strong>&#8221; ed autografo. La dedica (che insieme all&#8217;autografo sono originali) \u00e8 indirizzata a <strong>Maria Rota<\/strong> , cantante dell&#8217;epoca cugina del compositore <strong>Nino Rota<\/strong>, con la quale Luisa Baccara condivideva le interpretazioni canore accompagnandola al pianoforte, quando per un periodo fu ospite al Vittoriale di d&#8217;Annunzio .<\/p>\n<p>Al retro della foto troviamo una nota di descrizione.<\/p>\n<p>Dedica ed autografo sono dunque scritte di pugno da Luisa Baccara (l&#8217;ultima amante di d&#8217;Annunzio) ad inchiostro di penna stilografica.<\/p>\n<p>Fotografia in buone condizioni, con alcune pieghe e leggeri strappi sparsi sui bordi, come ben evidenziati dalle foto allegate. Misure circa cm.26 x 20.<\/p>\n<h2>Notizie<\/h2>\n<h2>Luisa Baccara<\/h2>\n<p><img loading=\"lazy\" decoding=\"async\" class=\"alignnone size-medium wp-image-2339\" src=\"https:\/\/www.thefinitive.com\/wp-content\/uploads\/2019\/08\/Luisa-Baccara-Gabriele-d-Annunzio-198x300.jpg\" alt=\"d'annunzio baccara autografo\" width=\"198\" height=\"300\" srcset=\"https:\/\/thefinitive.com\/wp-content\/uploads\/2019\/08\/Luisa-Baccara-Gabriele-d-Annunzio-198x300.jpg 198w, https:\/\/thefinitive.com\/wp-content\/uploads\/2019\/08\/Luisa-Baccara-Gabriele-d-Annunzio-64x97.jpg 64w, https:\/\/thefinitive.com\/wp-content\/uploads\/2019\/08\/Luisa-Baccara-Gabriele-d-Annunzio.jpg 528w\" sizes=\"(max-width: 198px) 100vw, 198px\" \/><\/p>\n<p><strong>Luisa Baccara<\/strong> era nata a <strong>Venezia<\/strong> il <strong>14 gennaio 1892<\/strong>. <strong>Gabriele d&#8217;Annunzio<\/strong> la conobbe in casa di un&#8217;altra amante, se ne innamor\u00f2 e decise di portarla con s\u00e9 nell&#8217;<strong>impresa di Fiume<\/strong>. Era il <strong>1919<\/strong>, Luisa aveva 27 anni, lui 56. Pianista di discreta fama e bravura, non bella, \u00abi capelli selvaggi solcati d&#8217;argento\u00bb, il \u00abviso olivigno di piccola greca dell&#8217;Asia Minore\u00bb, suonava il pianoforte con una grazia languida che incant\u00f2 Gabriele, Vate e Comandante, ormai celebre in tutto il mondo per le sue imprese letterarie, amatorie, belliche: la sua \u00abossatura era musicale come se l&#8217;avesse congegnata un bonissimo liutaio; sembrava talvolta che i suoni fossero dati dai suoi nervi tesi e non dalle corde percosse\u00bb.<\/p>\n<p><img loading=\"lazy\" decoding=\"async\" class=\"alignnone size-medium wp-image-2340\" src=\"https:\/\/www.thefinitive.com\/wp-content\/uploads\/2019\/08\/baccara2.jpg\" alt=\"\" width=\"183\" height=\"275\" srcset=\"https:\/\/thefinitive.com\/wp-content\/uploads\/2019\/08\/baccara2.jpg 183w, https:\/\/thefinitive.com\/wp-content\/uploads\/2019\/08\/baccara2-64x96.jpg 64w\" sizes=\"(max-width: 183px) 100vw, 183px\" \/>\u00a0 <img loading=\"lazy\" decoding=\"async\" class=\"alignnone size-full wp-image-2342\" src=\"https:\/\/www.thefinitive.com\/wp-content\/uploads\/2019\/08\/dannunzio.jpg\" alt=\"d'annunzio\" width=\"193\" height=\"262\" srcset=\"https:\/\/thefinitive.com\/wp-content\/uploads\/2019\/08\/dannunzio.jpg 193w, https:\/\/thefinitive.com\/wp-content\/uploads\/2019\/08\/dannunzio-64x87.jpg 64w\" sizes=\"(max-width: 193px) 100vw, 193px\" \/><\/p>\n<p><img loading=\"lazy\" decoding=\"async\" class=\"alignnone size-medium wp-image-2343\" src=\"https:\/\/www.thefinitive.com\/wp-content\/uploads\/2019\/08\/baccaralibro-300x208.jpg\" alt=\"d'annunzio baccara autografo\" width=\"300\" height=\"208\" srcset=\"https:\/\/thefinitive.com\/wp-content\/uploads\/2019\/08\/baccaralibro-300x208.jpg 300w, https:\/\/thefinitive.com\/wp-content\/uploads\/2019\/08\/baccaralibro-64x44.jpg 64w, https:\/\/thefinitive.com\/wp-content\/uploads\/2019\/08\/baccaralibro.jpg 467w\" sizes=\"(max-width: 300px) 100vw, 300px\" \/><\/p>\n<p class=\"ph4\">D&#8217;Annunzio, e De Carolis, <strong>RITRATTO DI LUISA BACCARA <\/strong>, Roma, La Fionda, 1920. Xilografie originali di Adolfo De Carolis, con ritratto della Baccara in sanguigna &#8230;<\/p>\n<p>Dotata di una semplicit\u00e0 piuttosto inusuale nell&#8217;harem di Gabriele, anche lei ebbe un battesimo (<strong>Smikr\u00e0<\/strong>, \u00abgraziosa piccina\u00bb, in greco). Ora accostata alla Psiche napoletana, ora a una cariatide, ora a una figura dei quadri di Giorgione, la Baccara era soprattutto paziente. Fu la sua mitezza a colpire il seduttore, che l&#8217;et\u00e0 rendeva sensibile alle qualit\u00e0 del carattere pi\u00f9 che a quelle estetiche, tanto che la donna sar\u00e0 sua compagna fedele per il resto della vita, anche se mai ricambiata con uguale fedelt\u00e0.<br \/>\nA Fiume, il futurista pilota <strong>Guido Keller<\/strong>\u00a0 studi\u00f2 &#8211; con <strong>Giovanni Comisso<\/strong>, futuro grande scrittore &#8211; un piano segreto per rapire la Baccara, sospettata di distrarre troppo l&#8217;amante.<\/p>\n<p>Keller e Comisso avevano progettato di ripristinare un\u0092antica festa veneziana: il \u00abCastello d&#8217;amore\u00bb consisteva nel fingere una battaglia, nel corso della quale avrebbero messo la pianista \u00abin una gabbia come una gallina\u00bb, ricorda Comisso, per portarla in un&#8217;isola deserta. D&#8217;Annunzio forse intu\u00ec il progetto, e comunque giudic\u00f2 la festa \u00abtroppo dannunziana\u00bb, negando il permesso. Luisa era davvero vicina a Gabriele se, come risulta dai documenti acquisiti, nel &#8217;20 lui scrisse ben tre testamenti per lasciarle alcuni beni.<br \/>\nFinita l&#8217;impresa fiumana, nel &#8217;21 Luisa lo segu\u00ec al <strong>Vittoriale<\/strong>, a Gardone Riviera. D&#8217;Annunzio, per\u00f2, non aveva ancora intenzione di ritirarsi davvero. La sua autorit\u00e0 era tale che &#8211; quello stesso anno &#8211; il suo nemico Francesco Saverio Nitti organizz\u00f2 un incontro a tre, con il poeta e <strong>Mussolini<\/strong>, per trovare una soluzione politica a quello che sembrava l&#8217;avvio di una guerra civile.<\/p>\n<p>Il convegno si doveva tenere il 15 agosto, a Milano. Due giorni prima, alle undici di sera, d&#8217;Annunzio cadde dalla finestra della Sala della Musica, per fortuna al primo piano. Sappiamo per certo che il \u00abvolo dell&#8217;arcangelo\u00bb, come lo defin\u00ec Gabriele, avvenne mentre Luisa suonava il pianoforte. Con loro c&#8217;erano sua sorella minore Jolanda, <strong>Aldo Finzi<\/strong>, protagonista del <strong>volo su Vienna<\/strong>, futuro sottosegretario fascista agli Interni, e un bambino, il figlio del giardiniere.<\/p>\n<p>Un&#8217;inchiesta avviata l&#8217;indomani dalla Pubblica Sicurezza insinu\u00f2 che la caduta fosse dovuta a un \u00abfatto colposo\u00bb, ma nessuna delle versioni e delle supposizioni dei giorni, dei mesi e degli anni successivi appur\u00f2 di chi fosse la responsabilit\u00e0.<br \/>\nDue figli di d&#8217;Annunzio, <strong>Mario<\/strong> e <strong>Renata<\/strong>, non ebbero dubbi e attribuirono la defenestrazione a Luisa, per un&#8217;improvvisa crisi di gelosia forse provocata dalle attenzioni eccessive dell&#8217;amante verso la sorella. Per tutta risposta, <em><strong>Gabriele cacci\u00f2 di casa Renata<\/strong><\/em>, amatissima, rifiutandosi di incontrarla fino al &#8217;25. Il poeta, peraltro, non fece nulla per chiarire l&#8217;accaduto. L&#8217;ipotesi pi\u00f9 accreditata \u00e8 che si sia trattato di un incidente: d&#8217;Annunzio era seduto in bilico sulla finestra e Jolanda l&#8217;avrebbe spinto troppo per difendersi dalle sue attenzioni moleste.<\/p>\n<p>Resta il fatto che, da allora, la Baccara venne relegata nella schiera delle ex, bench\u00e9 il declassamento amoroso fosse risarcito dall&#8217;elezione a vera padrona di casa e da lunghe lettere d&#8217;amore che continuarono a scriversi, bench\u00e9 vivessero sotto lo stesso tetto. Da Luisa, Gabriele si faceva chiamare Ariel, il nome della sua giovinezza. Per tutto il &#8217;24 a Gardone si install\u00f2 una giovane francese dai modi eleganti, che ricomparir\u00e0 anche nei due anni successivi. Bella e dal corpo sinuoso, aveva vent&#8217;anni e si chiamava Ang\u00e8le Lager, prima di essere rinominata Jouvence. Ma, a pi\u00f9 di sessant&#8217;anni, Gabriele non sopport\u00f2 la pretesa di esclusivit\u00e0 di Jouvence, e quando la nuova arrivata gli chiese di liberarsi della Baccara, la mise alla porta. Al Vittoriale, Gabriele ospit\u00f2 spesso anche la moglie, <strong>Maria Hardouin<\/strong>, con la quale non viveva da decenni. Forse per evitarle il contatto con la Baccara, che la indispettiva, dal 1929 Maria venne sistemata in una d\u00e9pendance, <strong>Villa Romanelli<\/strong>, restaurata e ribattezzata <strong>Villa Mirabella<\/strong>. Quindici anni dopo, nella tragedia della Repubblica Sociale, sar\u00e0 proprio l\u00ec che <strong>Mussolini<\/strong> si incontrer\u00e0 con <strong>Claretta Petacci<\/strong>.<\/p>\n<p>A partire dal &#8217;32 pot\u00e9 accedere anche agli anfratti pi\u00f9 segreti della villa un&#8217;altoatesina di vent&#8217;anni, <strong>Emy<\/strong>, bionda e alta. Gabriele, che l&#8217;aveva reclutata come cameriera, cominci\u00f2 presto a chiederle altri servizi, che la ragazza svolse con entusiasmo. L&#8217;ascendente di Emy crebbe a dismisura e in modo cos\u00ec repentino da suscitare l&#8217;ira della Baccara, e per un po&#8217; la ragazza fu costretta a allontanarsi. Torn\u00f2, e rimase fin quasi alla morte di Gabriele. D&#8217;Annunzio era apertamente antitedesco, ed \u00e8 stato avanzato il sospetto che Emy fosse una <strong>spia nazista<\/strong>, incaricata di minargli la salute con sesso e droga. Certo \u00e8 che, morto d&#8217;Annunzio, Emy ricomparve al servizio di <strong>Joachim von Ribbentrop<\/strong>, ministro degli Esteri di <strong>Hitler<\/strong>, lo stesso che nel &#8217;44 piazzer\u00e0 frau Beetz vicino a <strong>Galeazzo Ciano<\/strong>, con lo scopo di carpirgli i diari.<\/p>\n<p><img loading=\"lazy\" decoding=\"async\" class=\"alignnone size-medium wp-image-2341\" src=\"https:\/\/www.thefinitive.com\/wp-content\/uploads\/2019\/08\/baccara3-220x300.jpg\" alt=\"d'annunzio baccara\" width=\"220\" height=\"300\" srcset=\"https:\/\/thefinitive.com\/wp-content\/uploads\/2019\/08\/baccara3-220x300.jpg 220w, https:\/\/thefinitive.com\/wp-content\/uploads\/2019\/08\/baccara3-64x87.jpg 64w, https:\/\/thefinitive.com\/wp-content\/uploads\/2019\/08\/baccara3.jpg 751w\" sizes=\"(max-width: 220px) 100vw, 220px\" \/><\/p>\n<p>L&#8217;harem di Gabriele aument\u00f2 con il sopraggiungere della vecchiaia: si sentiva \u00ablibidinosissssssimo\u00bb, e aument\u00f2 il viavai di \u00abbadesse di passaggio\u00bb, come le defin\u00ec. A umiliare di pi\u00f9 la Baccara, per\u00f2, erano i giochi erotici di d&#8217;Annunzio con l&#8217;intraprendente tuttofare francese A\u00e9lis Mazoyer. I rapporti fra le due donne si erano inaciditi per la convivenza forzata.<br \/>\nIn molti casi, dietro i nomi rinascimentali scelti dall&#8217;Imaginifico, si celavano paesanotte lombarde dedite al meretricio. Per loro, A\u00e9lis e la Baccara non avevano rivalit\u00e0. A\u00e9lis, anzi, aveva l&#8217;alto incarico di scegliere le prostitute, di informare le signorine pi\u00f9 semplici sui gusti di Gabriele, addobbandole anche con adeguata biancheria intima. Di fronte a signore d&#8217;alto bordo, invece, l&#8217;invidia delle due si faceva nevrotica e incontrollata. Per placare la gelosia di Luisa Baccara, d&#8217;Annunzio le scrisse, in autografo, il 6 maggio &#8217;23, lamentando che il sesso per lui era una \u00ab<em>infermit\u00e0 ereditaria<\/em>\u00bb, un \u00ab<em>orribile male<\/em>\u00bb: \u00ab<em>Ma non riesco a vincerlo. E, davanti alla mia anima, ho per giustificazione la ricerca dell&#8217;ignoto, del mistero che \u00e8 in ogni creatura. Averne rivelato una parte, nei miei libri, non \u00e8 il mio pi\u00f9 alto pregio?<\/em>\u00bb. In un appunto pi\u00f9 tardo, e pi\u00f9 vero, scriver\u00e0: \u00abI miei desideri sono come un gregge nel deserto che, per ingannare la loro fame, montano l&#8217;un su la groppa dell&#8217;altro e masticano la lana polverosa\u00bb.<\/p>\n<p>Quando d&#8217;Annunzio mor\u00ec, improvvisamente, a 75 anni, l&#8217;1 marzo &#8217;38, <strong>Luisa abbandon\u00f2 la casa<\/strong>. Lei, di anni, ne aveva appena 46, e si distrasse soprattutto con i prediletti viaggi alle terme di tutta Italia: amava in particolare quelle di Acqui, dove c&#8217;\u00e8 ancora una sala intitolata a suo nome. <strong>Mor\u00ec a Venezia<\/strong>, ultranovantenne, nel 1985.<\/p>\n<p>( Fonte : <a href=\"http:\/\/www.ilgiornale.it\/news\/baccara-cornuta-regina-dell-harem-libidinosissimo.html\">ilGiornale.it<\/a> )<\/p>\n<p>&nbsp;<\/p>\n<h2>MARIA ROTA<\/h2>\n<p><span class=\"a\"><strong><img loading=\"lazy\" decoding=\"async\" class=\"alignnone size-full wp-image-2328\" src=\"https:\/\/www.thefinitive.com\/wp-content\/uploads\/2019\/08\/mariarota.jpg\" alt=\"Maria Rota d'annunzio baccara\" width=\"94\" height=\"130\" srcset=\"https:\/\/thefinitive.com\/wp-content\/uploads\/2019\/08\/mariarota.jpg 94w, https:\/\/thefinitive.com\/wp-content\/uploads\/2019\/08\/mariarota-64x89.jpg 64w\" sizes=\"(max-width: 94px) 100vw, 94px\" \/><\/strong><\/span><\/p>\n<p><span class=\"a\"><strong>Maria Rota (1894-1961)<\/strong>, cugina <\/span><span class=\"a\">del compositore <strong>Nino Rota<\/strong>, nonch\u00e9 cantante lirica famosa in Italia e all\u2019estero soprattutto durante <\/span><span class=\"a\">gli anni \u201920 e \u201930. <\/span><span class=\"a\">Da un programma di sala di un suo concerto, organizzato dall\u2019Ente Pro<\/span><span class=\"a\">Cultura Musicale di Lucca, sotto l\u2019egida della <strong>Federazione Fascista Lucchese<\/strong> degli <strong>Enti <\/strong><\/span><span class=\"a\"><strong>Culturali<\/strong>, si legge la recensione : <\/span><\/p>\n<p><span class=\"a\">&#8220;<\/span><em><span class=\"a\">Maria Rota, la squisita cantatrice rivelata da G. D\u2019Annunzio, gi\u00e0 nota negli ambienti <\/span><span class=\"a\">musicali pi\u00f9 intellettuali d\u2019Europa, delle Americhe e dell\u2019Egitto, ove ha dato importan<\/span><span class=\"a\">tissimi concerti. Pure in Italia \u00e8 conosciuta per i suoi concerti dati alla Stabile Fiorentina,<\/span><span class=\"a\">a S. Cecilia, a Roma, in casa T<span class=\"l7\">oscanini col quartetto Busch, a S<span class=\"l6\">iena, a Milano ecc. E\u2019 nata <\/span><\/span><\/span><span class=\"a\">a Roma. Studi\u00f2 a Milano con Vincenzo Appiani il pianoforte e con il celebre direttore <\/span><span class=\"a\">d\u2019orchestra Vittorio Maria Vanzo il canto. <\/span><span class=\"a\">Maria Rota \u00e8 degna continuatrice delle illustri tradizioni musicali della sua famiglia. <\/span><span class=\"a\">Cresciuta in un\u2019atmosfera del tutto favorevole allo sviluppo della sua sensibilit\u00e0 musicale,<\/span><span class=\"a\">maturata in una\u00a0cerchia di vive amicizie spirituali, ha gi\u00e0 raccolto into<span class=\"l7\">rno alla sua arte le\u00a0<\/span><\/span><span class=\"a\">fervide adesioni di apostoli come Ildebrando Pizzetti, Renzo Bossi, G.B. Nappi, Lualdi, <\/span><span class=\"a\">Mul\u00e8, Gasco, Procida, Andre Fijam, Flem ecc. ecc.<\/span><span class=\"a\">Questa grande artista si presenta per la prima volta al pubblico lucchese con un pro<\/span><span class=\"a\">gramma interessantissimo col quale potr\u00e0 mettere in bella luce le eccelse qualit\u00e0 vocali ed <\/span><\/em><span class=\"a\"><em>interpretative che essa possiede<\/em>&#8220;<\/span><\/p>\n<p>( fonte\u00a0 <a href=\"https:\/\/www.academia.edu\/10771162\/La_committenza_affettuosa_le_liriche_da_camera_di_Nino_Rota_A_Maria_in_Laltro_Novecento_di_Nino_Rota_a_cura_di_Daniela_Tortora_Napoli_Edizioni_del_Conservatorio_di_Musica_San_Pietro_a_Majella_2014_pp._25-53\">La committenza affettuosa: le liriche da camera di Nino Rota A Maria, in L&#8217;altro Novecento di Nino Rota, a cura di Daniela Tortora, Napoli, Edizioni del Conservatorio di Musica &#8220;San Pietro a Majella&#8221;, 2014<\/a> )<\/p>\n<p>&nbsp;<\/p>\n<p><em>Fonti di approfondimento usate\u00a0 Wikipedia e specificate.<\/em><\/p>\n<p>&nbsp;<\/p>\n<p>9.19<\/p>\n","protected":false},"excerpt":{"rendered":"<p><b>Luisa Baccara <\/b>, foto della pianista amante di <strong><em>Gabriele d&#8217;Annunzio<\/em><\/strong> , con dedica autografa &#8220;<strong>A Maria cara dolce sorella nella musica per affettuoso ricordo &#8211; Luisa <\/strong>&#8220;. La dedica \u00e8 indirizzata a <strong>Maria Rota<\/strong> , cantante cugina del compositore <strong>Nino Rota<\/strong>.<\/p>\n<p>Fotografia in buone condizioni, con alcune pieghe e leggeri strappi sparsi sui bord. Misure circa cm.26 x 20.<\/p>\n<p><strong><em>(Scorri la pagina in basso per ulteriori dettagli e informazioni)<\/em><\/strong><\/p>\n","protected":false},"featured_media":0,"comment_status":"open","ping_status":"closed","template":"","meta":[],"product_cat":[586],"product_tag":[217,230,182,203,278,231,198,192,232,205,206],"yoast_head":"<!-- This site is optimized with the Yoast SEO plugin v21.9.1 - https:\/\/yoast.com\/wordpress\/plugins\/seo\/ -->\n<title>\u274c\ud83d\ude41Luisa Baccara autografo - d&#039;Annunzio - Maria Rota cantante Thefinitive<\/title>\n<meta name=\"description\" content=\"Luisa Baccara foto con autografo - Amante di d&#039;Annunzio - Pianista - Vittoriale - Con anello regalatole dal vate opera di Buccellati Mastro Paragon Coppella\" \/>\n<meta name=\"robots\" content=\"index, follow, max-snippet:-1, max-image-preview:large, max-video-preview:-1\" \/>\n<link rel=\"canonical\" href=\"https:\/\/thefinitive.com\/en\/prodotto\/luisa-baccara-autografo-dannunzio-maria-rota-cantante\/\" \/>\n<meta property=\"og:locale\" content=\"en_US\" \/>\n<meta property=\"og:type\" content=\"article\" \/>\n<meta property=\"og:title\" content=\"\u274c\ud83d\ude41Luisa Baccara autografo - d&#039;Annunzio - Maria Rota cantante Thefinitive\" \/>\n<meta property=\"og:description\" content=\"Luisa Baccara foto con autografo - Amante di d&#039;Annunzio - Pianista - Vittoriale - Con anello regalatole dal vate opera di Buccellati Mastro Paragon Coppella\" \/>\n<meta property=\"og:url\" content=\"https:\/\/thefinitive.com\/en\/prodotto\/luisa-baccara-autografo-dannunzio-maria-rota-cantante\/\" \/>\n<meta property=\"og:site_name\" content=\"Thefinitive\" \/>\n<meta property=\"article:publisher\" content=\"https:\/\/business.facebook.com\/Thefinitive-111771813534320\/\" \/>\n<meta property=\"article:modified_time\" content=\"2023-03-20T14:47:02+00:00\" \/>\n<meta property=\"og:image\" content=\"https:\/\/www.thefinitive.com\/wp-content\/uploads\/2019\/08\/Luisa-Baccara-Gabriele-d-Annunzio-198x300.jpg\" \/>\n<meta name=\"twitter:card\" content=\"summary_large_image\" \/>\n<meta name=\"twitter:label1\" content=\"Est. reading time\" \/>\n\t<meta name=\"twitter:data1\" content=\"8 minutes\" \/>\n<script type=\"application\/ld+json\" class=\"yoast-schema-graph\">{\"@context\":\"https:\/\/schema.org\",\"@graph\":[{\"@type\":\"WebPage\",\"@id\":\"https:\/\/thefinitive.com\/en\/prodotto\/luisa-baccara-autografo-dannunzio-maria-rota-cantante\/\",\"url\":\"https:\/\/thefinitive.com\/en\/prodotto\/luisa-baccara-autografo-dannunzio-maria-rota-cantante\/\",\"name\":\"\u274c\ud83d\ude41Luisa Baccara autografo - d'Annunzio - Maria Rota cantante Thefinitive\",\"isPartOf\":{\"@id\":\"https:\/\/thefinitive.com\/en\/#website\"},\"datePublished\":\"2020-05-06T08:37:27+00:00\",\"dateModified\":\"2023-03-20T14:47:02+00:00\",\"description\":\"Luisa Baccara foto con autografo - Amante di d'Annunzio - Pianista - Vittoriale - Con anello regalatole dal vate opera di Buccellati Mastro Paragon Coppella\",\"breadcrumb\":{\"@id\":\"https:\/\/thefinitive.com\/en\/prodotto\/luisa-baccara-autografo-dannunzio-maria-rota-cantante\/#breadcrumb\"},\"inLanguage\":\"en-US\",\"potentialAction\":[{\"@type\":\"ReadAction\",\"target\":[\"https:\/\/thefinitive.com\/en\/prodotto\/luisa-baccara-autografo-dannunzio-maria-rota-cantante\/\"]}]},{\"@type\":\"BreadcrumbList\",\"@id\":\"https:\/\/thefinitive.com\/en\/prodotto\/luisa-baccara-autografo-dannunzio-maria-rota-cantante\/#breadcrumb\",\"itemListElement\":[{\"@type\":\"ListItem\",\"position\":1,\"name\":\"Home\",\"item\":\"https:\/\/thefinitive.com\/en\/\"},{\"@type\":\"ListItem\",\"position\":2,\"name\":\"Shop\",\"item\":\"https:\/\/thefinitive.com\/en\/shop-2\/\"},{\"@type\":\"ListItem\",\"position\":3,\"name\":\"\u274c\ud83d\ude41Luisa Baccara autografo &#8211; d&#8217;Annunzio &#8211; Maria Rota cantante\"}]},{\"@type\":\"WebSite\",\"@id\":\"https:\/\/thefinitive.com\/en\/#website\",\"url\":\"https:\/\/thefinitive.com\/en\/\",\"name\":\"Thefinitive\",\"description\":\"Antiquariato Online\",\"publisher\":{\"@id\":\"https:\/\/thefinitive.com\/en\/#organization\"},\"potentialAction\":[{\"@type\":\"SearchAction\",\"target\":{\"@type\":\"EntryPoint\",\"urlTemplate\":\"https:\/\/thefinitive.com\/en\/?s={search_term_string}\"},\"query-input\":\"required name=search_term_string\"}],\"inLanguage\":\"en-US\"},{\"@type\":\"Organization\",\"@id\":\"https:\/\/thefinitive.com\/en\/#organization\",\"name\":\"Thefinitive\",\"url\":\"https:\/\/thefinitive.com\/en\/\",\"logo\":{\"@type\":\"ImageObject\",\"inLanguage\":\"en-US\",\"@id\":\"https:\/\/thefinitive.com\/en\/#\/schema\/logo\/image\/\",\"url\":\"https:\/\/thefinitive.com\/wp-content\/uploads\/2019\/07\/logo4vett.svg\",\"contentUrl\":\"https:\/\/thefinitive.com\/wp-content\/uploads\/2019\/07\/logo4vett.svg\",\"width\":500,\"height\":100,\"caption\":\"Thefinitive\"},\"image\":{\"@id\":\"https:\/\/thefinitive.com\/en\/#\/schema\/logo\/image\/\"},\"sameAs\":[\"https:\/\/business.facebook.com\/Thefinitive-111771813534320\/\",\"https:\/\/www.instagram.com\/_thefinitive_\/\"]}]}<\/script>\n<!-- \/ Yoast SEO plugin. -->","yoast_head_json":{"title":"\u274c\ud83d\ude41Luisa Baccara autografo - d'Annunzio - Maria Rota cantante Thefinitive","description":"Luisa Baccara foto con autografo - Amante di d'Annunzio - Pianista - Vittoriale - Con anello regalatole dal vate opera di Buccellati Mastro Paragon Coppella","robots":{"index":"index","follow":"follow","max-snippet":"max-snippet:-1","max-image-preview":"max-image-preview:large","max-video-preview":"max-video-preview:-1"},"canonical":"https:\/\/thefinitive.com\/en\/prodotto\/luisa-baccara-autografo-dannunzio-maria-rota-cantante\/","og_locale":"en_US","og_type":"article","og_title":"\u274c\ud83d\ude41Luisa Baccara autografo - d'Annunzio - Maria Rota cantante Thefinitive","og_description":"Luisa Baccara foto con autografo - Amante di d'Annunzio - Pianista - Vittoriale - Con anello regalatole dal vate opera di Buccellati Mastro Paragon Coppella","og_url":"https:\/\/thefinitive.com\/en\/prodotto\/luisa-baccara-autografo-dannunzio-maria-rota-cantante\/","og_site_name":"Thefinitive","article_publisher":"https:\/\/business.facebook.com\/Thefinitive-111771813534320\/","article_modified_time":"2023-03-20T14:47:02+00:00","og_image":[{"url":"https:\/\/www.thefinitive.com\/wp-content\/uploads\/2019\/08\/Luisa-Baccara-Gabriele-d-Annunzio-198x300.jpg"}],"twitter_card":"summary_large_image","twitter_misc":{"Est. reading time":"8 minutes"},"schema":{"@context":"https:\/\/schema.org","@graph":[{"@type":"WebPage","@id":"https:\/\/thefinitive.com\/en\/prodotto\/luisa-baccara-autografo-dannunzio-maria-rota-cantante\/","url":"https:\/\/thefinitive.com\/en\/prodotto\/luisa-baccara-autografo-dannunzio-maria-rota-cantante\/","name":"\u274c\ud83d\ude41Luisa Baccara autografo - d'Annunzio - Maria Rota cantante Thefinitive","isPartOf":{"@id":"https:\/\/thefinitive.com\/en\/#website"},"datePublished":"2020-05-06T08:37:27+00:00","dateModified":"2023-03-20T14:47:02+00:00","description":"Luisa Baccara foto con autografo - Amante di d'Annunzio - Pianista - Vittoriale - Con anello regalatole dal vate opera di Buccellati Mastro Paragon Coppella","breadcrumb":{"@id":"https:\/\/thefinitive.com\/en\/prodotto\/luisa-baccara-autografo-dannunzio-maria-rota-cantante\/#breadcrumb"},"inLanguage":"en-US","potentialAction":[{"@type":"ReadAction","target":["https:\/\/thefinitive.com\/en\/prodotto\/luisa-baccara-autografo-dannunzio-maria-rota-cantante\/"]}]},{"@type":"BreadcrumbList","@id":"https:\/\/thefinitive.com\/en\/prodotto\/luisa-baccara-autografo-dannunzio-maria-rota-cantante\/#breadcrumb","itemListElement":[{"@type":"ListItem","position":1,"name":"Home","item":"https:\/\/thefinitive.com\/en\/"},{"@type":"ListItem","position":2,"name":"Shop","item":"https:\/\/thefinitive.com\/en\/shop-2\/"},{"@type":"ListItem","position":3,"name":"\u274c\ud83d\ude41Luisa Baccara autografo &#8211; d&#8217;Annunzio &#8211; Maria Rota cantante"}]},{"@type":"WebSite","@id":"https:\/\/thefinitive.com\/en\/#website","url":"https:\/\/thefinitive.com\/en\/","name":"Thefinitive","description":"Antiquariato Online","publisher":{"@id":"https:\/\/thefinitive.com\/en\/#organization"},"potentialAction":[{"@type":"SearchAction","target":{"@type":"EntryPoint","urlTemplate":"https:\/\/thefinitive.com\/en\/?s={search_term_string}"},"query-input":"required name=search_term_string"}],"inLanguage":"en-US"},{"@type":"Organization","@id":"https:\/\/thefinitive.com\/en\/#organization","name":"Thefinitive","url":"https:\/\/thefinitive.com\/en\/","logo":{"@type":"ImageObject","inLanguage":"en-US","@id":"https:\/\/thefinitive.com\/en\/#\/schema\/logo\/image\/","url":"https:\/\/thefinitive.com\/wp-content\/uploads\/2019\/07\/logo4vett.svg","contentUrl":"https:\/\/thefinitive.com\/wp-content\/uploads\/2019\/07\/logo4vett.svg","width":500,"height":100,"caption":"Thefinitive"},"image":{"@id":"https:\/\/thefinitive.com\/en\/#\/schema\/logo\/image\/"},"sameAs":["https:\/\/business.facebook.com\/Thefinitive-111771813534320\/","https:\/\/www.instagram.com\/_thefinitive_\/"]}]}},"_links":{"self":[{"href":"https:\/\/thefinitive.com\/en\/wp-json\/wp\/v3\/product\/5863"}],"collection":[{"href":"https:\/\/thefinitive.com\/en\/wp-json\/wp\/v3\/product"}],"about":[{"href":"https:\/\/thefinitive.com\/en\/wp-json\/wp\/v2\/types\/product"}],"replies":[{"embeddable":true,"href":"https:\/\/thefinitive.com\/en\/wp-json\/wp\/v2\/comments?post=5863"}],"version-history":[{"count":1,"href":"https:\/\/thefinitive.com\/en\/wp-json\/wp\/v3\/product\/5863\/revisions"}],"predecessor-version":[{"id":14763,"href":"https:\/\/thefinitive.com\/en\/wp-json\/wp\/v3\/product\/5863\/revisions\/14763"}],"wp:attachment":[{"href":"https:\/\/thefinitive.com\/en\/wp-json\/wp\/v2\/media?parent=5863"}],"wp:term":[{"taxonomy":"product_cat","embeddable":true,"href":"https:\/\/thefinitive.com\/en\/wp-json\/wp\/v2\/product_cat?post=5863"},{"taxonomy":"product_tag","embeddable":true,"href":"https:\/\/thefinitive.com\/en\/wp-json\/wp\/v2\/product_tag?post=5863"}],"curies":[{"name":"wp","href":"https:\/\/api.w.org\/{rel}","templated":true}]}}