{"id":5764,"date":"2020-04-28T20:55:33","date_gmt":"2020-04-28T20:55:33","guid":{"rendered":"https:\/\/www.thefinitive.com\/?post_type=product&#038;p=5764"},"modified":"2023-03-20T15:47:18","modified_gmt":"2023-03-20T14:47:18","slug":"dannunzio-marcia-su-fiume-stella-in-oro-marcia-di-ronchi","status":"publish","type":"product","link":"https:\/\/thefinitive.com\/en\/prodotto\/dannunzio-marcia-su-fiume-stella-in-oro-marcia-di-ronchi\/","title":{"rendered":"\u274c\ud83d\ude41d&#8217;Annunzio Marcia su Fiume &#8211; STELLA in ORO Marcia di Ronchi"},"content":{"rendered":"<p style=\"text-align: center;\">Importante <strong>STELLA<\/strong> in <strong>ORO <\/strong>commemorativa<strong> della Marcia su Fiume<\/strong> , epopea fiumana, istituita da Gabriele d&#8217;Annunzio a seguito dell&#8217;occupazione di Fiume avvenuta il <strong>12 Settembre 1919<\/strong>. La stella in oggetto \u00e8 realizzata completamente in oro 18k, per un peso di circa 6 gr, con aquila fiumana recante in petto lo scudo crociato e fra gli artigli il cartiglio <strong>INDEFICENTER<\/strong>\u00a0 , e venne donata da d&#8217;Annunzio ai legionari fiumani, alle persone vicine al Vate, a tutti coloro che potevano averla meritata nella difesa della causa fiumana, a coloro che presero parte alla <strong>Marcia su Fiume<\/strong>, pi\u00f9 propriamente alla marcia di<strong> Ronchi dei Legionari<\/strong>. Completa di nastrino d&#8217;epoca, dal tricolore fiumano. Nello stemma della citt\u00e0 di Fiume, l&#8217;aquila tra gli artigli tiene un&#8217;anfora dalla quale scorre dell&#8217;acqua che rappresenta l&#8217;acqua della Fiumara, la quale continuer\u00e0 a scorrere per sempre. Sotto l&#8217;aquila si trova appunto\u00a0 la scritta &#8220;<b>indeficienter<\/b>&#8221; cio\u00e8\u00a0 &#8220;<strong>senza fine<\/strong>&#8220;.<\/p>\n<p style=\"text-align: center;\">Questa \u00e8 una delle differenti tipologie della stella d&#8217;oro di d&#8217;Annunzio per la Marcia su Fiume, essendo all&#8217;epoca state realizzate da diversi orefici, ma \u00e8 sicuramente una stella originale dell&#8217;epoca, interamente in oro e smalti, e non \u00e8 una pi\u00f9 moderna replica.<\/p>\n<p style=\"text-align: center;\">Garantita al 100% con certificato d&#8217;autenticit\u00e0. che verr\u00e0 rilasciato all&#8217;acquirente.<\/p>\n<p>&nbsp;<\/p>\n<p><a href=\"https:\/\/www.thefinitive.com\/nastrostella_doro_di_fiume\/\" rel=\"attachment wp-att-4967\"><img loading=\"lazy\" decoding=\"async\" class=\"alignnone wp-image-4967\" src=\"https:\/\/www.thefinitive.com\/wp-content\/uploads\/2020\/03\/NastroStella_dOro_di_Fiume.jpg\" alt=\"\" width=\"189\" height=\"52\" srcset=\"https:\/\/thefinitive.com\/wp-content\/uploads\/2020\/03\/NastroStella_dOro_di_Fiume.jpg 218w, https:\/\/thefinitive.com\/wp-content\/uploads\/2020\/03\/NastroStella_dOro_di_Fiume-64x18.jpg 64w\" sizes=\"(max-width: 189px) 100vw, 189px\" \/><\/a><\/p>\n<p>Nastrino da petto della stella d&#8217;oro di d&#8217;Annunzio per la Marcia su Fiume<\/p>\n<p>&nbsp;<\/p>\n<h2 id=\"firstHeading\" class=\"firstHeading\"><a href=\"https:\/\/www.thefinitive.com\/stelladoro-di-fiume\/\" rel=\"attachment wp-att-4968\"><img loading=\"lazy\" decoding=\"async\" class=\"alignnone wp-image-4968\" src=\"https:\/\/www.thefinitive.com\/wp-content\/uploads\/2020\/03\/STELLADORO-DI-FIUME.jpg\" alt=\"\" width=\"553\" height=\"360\" srcset=\"https:\/\/thefinitive.com\/wp-content\/uploads\/2020\/03\/STELLADORO-DI-FIUME.jpg 700w, https:\/\/thefinitive.com\/wp-content\/uploads\/2020\/03\/STELLADORO-DI-FIUME-64x42.jpg 64w, https:\/\/thefinitive.com\/wp-content\/uploads\/2020\/03\/STELLADORO-DI-FIUME-300x195.jpg 300w\" sizes=\"(max-width: 553px) 100vw, 553px\" \/><\/a><\/h2>\n<p>alcune tipologie di Stella d&#8217;Oro<\/p>\n<h2><\/h2>\n<h2 class=\"firstHeading\">Impresa di Fiume<\/h2>\n<div id=\"bodyContent\" class=\"mw-body-content\">\n<div id=\"jump-to-nav\"><a class=\"image\" href=\"https:\/\/it.wikipedia.org\/wiki\/File:Foto_Fiume.jpg\"><img loading=\"lazy\" decoding=\"async\" src=\"https:\/\/upload.wikimedia.org\/wikipedia\/it\/thumb\/a\/a7\/Foto_Fiume.jpg\/260px-Foto_Fiume.jpg\" alt=\"Foto Fiume.jpg\" width=\"260\" height=\"148\" data-file-width=\"1500\" data-file-height=\"856\" \/><\/a><\/div>\n<div>D&#8217;Annunzio con alcuni legionari a Fiume nel 1919<\/div>\n<div><\/div>\n<div><\/div>\n<div>L&#8217;<b>Impresa di Fiume<\/b>\u00a0consistette nella ribellione di alcuni reparti del\u00a0Regio Esercito al fine di occupare la citt\u00e0 di Fiume, contesa tra il Regno d&#8217;Italia e il Regno di\u00a0Jugoslavia. Organizzata da un fronte politico a prevalenza\u00a0nazionalista\u00a0e guidata dal poeta\u00a0Gabriele D&#8217;Annunzio, la spedizione raggiunse Fiume il 12 settembre 1919, proclamandone l&#8217;annessione al\u00a0Regno d&#8217;Italia.<\/div>\n<div id=\"mw-content-text\" class=\"mw-content-ltr\" dir=\"ltr\" lang=\"it\">\n<div class=\"mw-parser-output\">\n<p>L&#8217;occupazione dei &#8220;legionari&#8221; dannunziani dur\u00f2 16 mesi con alterne vicende, tra cui la proclamazione della\u00a0Reggenza italiana del Carnaro. L&#8217;impresa fiumana raggiunse l&#8217;epilogo con l&#8217;approvazione del Trattato di Rapallo. L&#8217;opposizione dei dannunziani all&#8217;applicazione del trattato port\u00f2 il governo\u00a0Giolitti\u00a0ad intervenire con la forza, sgombrando Fiume durante le\u00a0giornate del Natale 1920.<\/p>\n<p>&nbsp;<\/p>\n<\/div>\n<\/div>\n<\/div>\n<h2><span id=\"Antefatti\" class=\"mw-headline\">Antefatti<\/span><\/h2>\n<p>Nel 1910 secondo un censimento, la popolazione di Fiume era pari a 49806 abitanti, e cos\u00ec suddivisa: 24212 dichiaravano di avere come <i>lingua d&#8217;uso<\/i> l&#8217;italiano, 12926 il serbocroato e altre lingue, soprattutto ungherese, sloveno e tedesco. Nel censimento non si consideravano i dati della localit\u00e0 di\u00a0Sussak, quartiere a maggioranza croata sorto in epoca recente a est della Fiumara. Quest&#8217;ultimo era il corso d&#8217;acqua che suddivideva la municipalit\u00e0 di Fiume (formalmente dipendente dalla Corona Ungherese) dal\u00a0<i>Regno di Croazia<\/i>. La citt\u00e0 di Fiume aveva sempre lottato contro la propria annessione al\u00a0<i>Regno di Croazia.<\/i><\/p>\n<p>Alla conclusione del primo conflitto mondiale, dalle\u00a0trattative di pace, l&#8217;Italia ottenne le terre irredente\u00a0di\u00a0Trento\u00a0e\u00a0Trieste ma l&#8217;opposizione del presidente statunitense\u00a0Wilson\u00a0condusse a una situazione di stallo per quanto riguardava la\u00a0Dalmazia\u00a0e Fiume: la prima era promessa all&#8217;Italia col\u00a0patto di Londra; la seconda era reclamata dagli italiani in quanto abitata prevalentemente da connazionali, tanto che gi\u00e0 nell&#8217;ottobre\u00a01918\u00a0a Fiume si era costituito un Consiglio nazionale che propugnava l&#8217;annessione all&#8217;Italia, di cui fu nominato presidente\u00a0Antonio Grossich. I rappresentanti italiani a Parigi\u00a0Vittorio Emanuele Orlando\u00a0e\u00a0Sidney Sonnino, dopo aver polemicamente abbandonato il tavolo delle trattative il 24 aprile, non avendo colto i risultati sperati, vi fecero ritorno il 5 maggio.<\/p>\n<h2><span id=\"Gli_incidenti_di_Fiume\" class=\"mw-headline\">Gli incidenti di Fiume<\/span><\/h2>\n<p>A Fiume, gi\u00e0 ad aprile\u00a0Giovanni Host-Venturi\u00a0e\u00a0Giovanni Giuriati\u00a0avevano iniziato a creare una\u00a0Legione fiumana costituita da volontari per difendere la citt\u00e0.<\/p>\n<p>Nel frattempo d&#8217;Annunzio si era recato a Roma per tenere una serie di comizi in favore dell&#8217;italianit\u00e0 di Fiume, ed i suoi discorsi infuocati suscitarono l&#8217;emozione e l&#8217;attestato dei moltissimi giovani reduci che ritornati dalla guerra erano rimasti disoccupati. Insistendo sull&#8217;onta della vittoria mutilata. Intanto a Fiume la situazione diveniva sempre pi\u00f9 incandescente e si susseguivano costantemente manifestazioni della popolazione a favore dell&#8217;italianit\u00e0 della citt\u00e0 e incidenti tra i vari reparti delle quattro nazioni che al termine del conflitto avevano occupato la citt\u00e0 (italiani, francesi, inglesi, americani). Il 29 giugno 1919 scoppiarono tumulti fra i militari francesi, i cui ufficiali avevano osato strappare il tricolore italiano appuntato sulle vesti delle donne fiumane, e la popolazione civile, in soccorso della quale intervennero soldati e marinai italiani: nove morti e molti feriti costituirono il numero degli scontri, protrattisi fino al 6 luglio, noti come \u201cVespri fiumani\u201d; Parigi decise lo scioglimento del Consiglio Nazionale Fiumano e pretese il ritiro dei militari italiani (falsamente accusati di avere provocato gli incidenti).<\/p>\n<p>Il 30 giugno 1919 una delegazione guidata da Grossich incontr\u00f2 a Roma d&#8217;Annunzio, chiedendogli di assumere la guida del movimento di resistenza fiumano: d&#8217;Annunzio accett\u00f2, e su attestato autografo redatto, si convenne di procedere all&#8217;arruolamento di volontari nell&#8217;ambito dei vari raggruppamenti nazionalisti per farli successivamente convergere a Fiume. A Parigi si decisero cos\u00ec alcune sanzioni e l&#8217;allontanamento dei Granatieri di Sardegna i quali sotto il comando del generale Mario Grazioli, lasciarono Fiume il 25 agosto 1919 acquartierandosi a Ronchi. Da qui sette ufficiali inviarono a D&#8217;Annunzio una lettera in cui lo invitavano a porsi a capo di una spedizione che a Fiume ne rivendicasse l&#8217;italianit\u00e0.<\/p>\n<h2><span id=\"La_Marcia_di_Ronchi\" class=\"mw-headline\">La Marcia di Ronchi<\/span><\/h2>\n<div class=\"thumb tright\">\n<div class=\"thumbinner\">\n<div class=\"thumbcaption\">\n<div class=\"magnify\">Dopo alcuni giorni D&#8217;Annunzio ruppe gli indugi e garant\u00ec il proprio arrivo a Ronchi per il 7 settembre, ma a causa di una intempestiva febbre pot\u00e9 onorare il proprio impegno solo l&#8217;11 dello stesso mese. Intanto a Ronchi erano gi\u00e0 arrivati numerosi volontari.<\/div>\n<\/div>\n<\/div>\n<\/div>\n<p>D&#8217;Annunzio inform\u00f2 Mussolini solo il giorno prima della partenza per Fiume quando, sciolta ogni riserva ed attestato che non vi fosse nessun altro impedimento, gli invi\u00f2 una lettera (con autografo) chiedendogli sostegno.<\/p>\n<table class=\"citazione-table\" style=\"height: 105px;\" width=\"864\">\n<tbody>\n<tr>\n<td>\u00abMio caro compagno, il dado \u00e8 tratto. Parto ora. Domattina prender\u00f2 Fiume con le armi. Il Dio d&#8217;Italia ci assista. Mi levo dal letto febbricitante. Ma non \u00e8 possibile differire. Anche una volta lo spirito domer\u00e0 la carne miserabile&#8230; Sostenete la Causa vigorosamente, durante il conflitto. Vi abbraccio.\u00bb<\/td>\n<\/tr>\n<tr>\n<td><\/td>\n<\/tr>\n<\/tbody>\n<\/table>\n<p>Qui giunsero anche i volontari al seguito del tenente Guido Keller. Il <strong>12 settembre<\/strong> i granatieri comandati dal maggiore Reina intrapresero la Marcia di Ronchi, ed in viaggio verso Fiume alla colonna si unirono altri volontari tra cui alcuni gruppi di bersaglieri\u00a0che in realt\u00e0 avrebbero dovuto bloccarlo. Oltrepassato il confine presidiato dal generale\u00a0Vittorio Emanuele Pittaluga, dopo essersi congiunto con la Legione Fiumana di Host-Venturi, D&#8217;Annunzio prese possesso della citt\u00e0 acclamato dalla popolazione italiana e dai volontari l\u00ec presenti. Nel pomeriggio <strong>D&#8217;Annunzio<\/strong> proclam\u00f2 l&#8217;<strong>annessione all&#8217;Italia di Fiume<\/strong>.<\/p>\n<table class=\"citazione-table\">\n<tbody>\n<tr>\n<td>\u00abItaliani di Fiume! Nel mondo folle e vile, Fiume \u00e8 oggi il segno della libert\u00e0; nel mondo folle e vile vi \u00e8 una sola verit\u00e0: e questa \u00e8 Fiume; vi \u00e8 un solo amore: e questo \u00e8 Fiume! Fiume \u00e8 come un faro luminoso che splende in mezzo ad un mare di abiezione&#8230; Io soldato, io volontario, io mutilato di guerra, credo di interpretare la volont\u00e0 di tutto il sano popolo d&#8217;Italia proclamando l&#8217;annessione di Fiume.\u00bb<\/td>\n<\/tr>\n<tr>\n<td>(<small>Dal discorso tenuto da D&#8217;Annunzio il 12 settembre dal Palazzo del Governo di Fiume<\/small>)<\/td>\n<\/tr>\n<\/tbody>\n<\/table>\n<p>Questa giornata sar\u00e0 in seguito celebrata come il giorno della &#8220;<strong><i>Santa Entrata<\/i><\/strong>&#8220;.<\/p>\n<p>Il 22 settembre approd\u00f2 la Nave della Regia marina &#8220;Cortellazzo&#8221; (ex incrociatore Marco Polo) che si un\u00ec ai legionari di D&#8217;Annunzio.<\/p>\n<p>&#8230; omissis &#8230; omissis &#8230;<\/p>\n<h2><\/h2>\n<h2><span id=\"Voci_correlate\" class=\"mw-headline\">Argomenti<\/span><\/h2>\n<ul>\n<li><a title=\"Stella d'oro di Fiume\" href=\"https:\/\/it.wikipedia.org\/wiki\/Stella_d%27oro_di_Fiume\">Stella d&#8217;oro di Fiume<\/a><\/li>\n<li><a title=\"Medaglie e croci di Fiume\" href=\"https:\/\/it.wikipedia.org\/wiki\/Medaglie_e_croci_di_Fiume\">Medaglie e croci di Fiume<\/a><\/li>\n<\/ul>\n<div id=\"bodyContent\" class=\"mw-body-content\">\n<p>&nbsp;<\/p>\n<p><em>Fonti Wikipedia, l&#8217;enciclopedia libera, dove poter approfondire l&#8217;argomento data la notevole mole di notizie presenti &#8230;\u00a0<\/em><\/p>\n<\/div>\n<p>3.20<\/p>\n","protected":false},"excerpt":{"rendered":"<p style=\"text-align: center;\"><strong>STELLA<\/strong> in <strong>ORO <\/strong>commemorativa<strong> della Marcia su Fiume<\/strong> , istituita da Gabriele d&#8217;Annunzio a seguito dell&#8217;occupazione di Fiume avvenuta il <strong>12 Settembre 1919<\/strong>. La stella \u00e8 in oro, per un peso di circa 6 gr, venne donata da d&#8217;Annunzio ai legionari fiumani, alle persone vicine al Vate, a tutti coloro che potevano averla meritata nella difesa della causa fiumana, a coloro che presero parte alla marcia di<strong> Ronchi dei Legionari<\/strong>.\u00a0<strong>\u00a0<\/strong><\/p>\n<p style=\"text-align: center;\">Garantita al 100% con certificato d&#8217;autenticit\u00e0. che verr\u00e0 rilasciato all&#8217;acquirente.<\/p>\n<p style=\"text-align: center;\"><strong><em>(Scorri la pagina in basso per ulteriori dettagli e informazioni)<\/em><\/strong><\/p>\n","protected":false},"featured_media":5401,"comment_status":"open","ping_status":"closed","template":"","meta":[],"product_cat":[586],"product_tag":[217,207,208,182,203,278,209,201,204,202,205,206],"yoast_head":"<!-- This site is optimized with the Yoast SEO plugin v21.9.1 - https:\/\/yoast.com\/wordpress\/plugins\/seo\/ -->\n<title>d&#039;annunzio fiume attestato autografo marcia di ronchi medaglia- Thefinitive<\/title>\n<meta name=\"description\" content=\"STELLA D&#039;ORO stella d&#039;oro d&#039;Annunzio marcia su Fiume \/ Ronchi dei Legionari - Arditi fiumani - Carnaro - Gabriele Vate Orbo Veggente\" \/>\n<meta name=\"robots\" content=\"index, follow, max-snippet:-1, max-image-preview:large, max-video-preview:-1\" \/>\n<link rel=\"canonical\" href=\"https:\/\/thefinitive.com\/en\/prodotto\/dannunzio-marcia-su-fiume-stella-in-oro-marcia-di-ronchi\/\" \/>\n<meta property=\"og:locale\" content=\"en_US\" \/>\n<meta property=\"og:type\" content=\"article\" \/>\n<meta property=\"og:title\" content=\"d&#039;annunzio fiume attestato autografo marcia di ronchi medaglia- Thefinitive\" \/>\n<meta property=\"og:description\" content=\"STELLA D&#039;ORO stella d&#039;oro d&#039;Annunzio marcia su Fiume \/ Ronchi dei Legionari - Arditi fiumani - Carnaro - Gabriele Vate Orbo Veggente\" \/>\n<meta property=\"og:url\" content=\"https:\/\/thefinitive.com\/en\/prodotto\/dannunzio-marcia-su-fiume-stella-in-oro-marcia-di-ronchi\/\" \/>\n<meta property=\"og:site_name\" content=\"Thefinitive\" \/>\n<meta property=\"article:publisher\" content=\"https:\/\/business.facebook.com\/Thefinitive-111771813534320\/\" \/>\n<meta property=\"article:modified_time\" content=\"2023-03-20T14:47:18+00:00\" \/>\n<meta property=\"og:image\" content=\"https:\/\/thefinitive.com\/wp-content\/uploads\/2020\/03\/fiu1-1.jpg\" \/>\n\t<meta property=\"og:image:width\" content=\"2160\" \/>\n\t<meta property=\"og:image:height\" content=\"2160\" \/>\n\t<meta property=\"og:image:type\" content=\"image\/jpeg\" \/>\n<meta name=\"twitter:card\" content=\"summary_large_image\" \/>\n<meta name=\"twitter:label1\" content=\"Est. reading time\" \/>\n\t<meta name=\"twitter:data1\" content=\"6 minutes\" \/>\n<script type=\"application\/ld+json\" class=\"yoast-schema-graph\">{\"@context\":\"https:\/\/schema.org\",\"@graph\":[{\"@type\":\"WebPage\",\"@id\":\"https:\/\/thefinitive.com\/en\/prodotto\/dannunzio-marcia-su-fiume-stella-in-oro-marcia-di-ronchi\/\",\"url\":\"https:\/\/thefinitive.com\/en\/prodotto\/dannunzio-marcia-su-fiume-stella-in-oro-marcia-di-ronchi\/\",\"name\":\"d'annunzio fiume attestato autografo marcia di ronchi medaglia- Thefinitive\",\"isPartOf\":{\"@id\":\"https:\/\/thefinitive.com\/en\/#website\"},\"datePublished\":\"2020-04-28T20:55:33+00:00\",\"dateModified\":\"2023-03-20T14:47:18+00:00\",\"description\":\"STELLA D'ORO stella d'oro d'Annunzio marcia su Fiume \/ Ronchi dei Legionari - Arditi fiumani - Carnaro - Gabriele Vate Orbo Veggente\",\"breadcrumb\":{\"@id\":\"https:\/\/thefinitive.com\/en\/prodotto\/dannunzio-marcia-su-fiume-stella-in-oro-marcia-di-ronchi\/#breadcrumb\"},\"inLanguage\":\"en-US\",\"potentialAction\":[{\"@type\":\"ReadAction\",\"target\":[\"https:\/\/thefinitive.com\/en\/prodotto\/dannunzio-marcia-su-fiume-stella-in-oro-marcia-di-ronchi\/\"]}]},{\"@type\":\"BreadcrumbList\",\"@id\":\"https:\/\/thefinitive.com\/en\/prodotto\/dannunzio-marcia-su-fiume-stella-in-oro-marcia-di-ronchi\/#breadcrumb\",\"itemListElement\":[{\"@type\":\"ListItem\",\"position\":1,\"name\":\"Home\",\"item\":\"https:\/\/thefinitive.com\/en\/\"},{\"@type\":\"ListItem\",\"position\":2,\"name\":\"Shop\",\"item\":\"https:\/\/thefinitive.com\/en\/shop-2\/\"},{\"@type\":\"ListItem\",\"position\":3,\"name\":\"\u274c\ud83d\ude41d&#8217;Annunzio Marcia su Fiume &#8211; STELLA in ORO Marcia di Ronchi\"}]},{\"@type\":\"WebSite\",\"@id\":\"https:\/\/thefinitive.com\/en\/#website\",\"url\":\"https:\/\/thefinitive.com\/en\/\",\"name\":\"Thefinitive\",\"description\":\"Antiquariato Online\",\"publisher\":{\"@id\":\"https:\/\/thefinitive.com\/en\/#organization\"},\"potentialAction\":[{\"@type\":\"SearchAction\",\"target\":{\"@type\":\"EntryPoint\",\"urlTemplate\":\"https:\/\/thefinitive.com\/en\/?s={search_term_string}\"},\"query-input\":\"required name=search_term_string\"}],\"inLanguage\":\"en-US\"},{\"@type\":\"Organization\",\"@id\":\"https:\/\/thefinitive.com\/en\/#organization\",\"name\":\"Thefinitive\",\"url\":\"https:\/\/thefinitive.com\/en\/\",\"logo\":{\"@type\":\"ImageObject\",\"inLanguage\":\"en-US\",\"@id\":\"https:\/\/thefinitive.com\/en\/#\/schema\/logo\/image\/\",\"url\":\"https:\/\/thefinitive.com\/wp-content\/uploads\/2019\/07\/logo4vett.svg\",\"contentUrl\":\"https:\/\/thefinitive.com\/wp-content\/uploads\/2019\/07\/logo4vett.svg\",\"width\":500,\"height\":100,\"caption\":\"Thefinitive\"},\"image\":{\"@id\":\"https:\/\/thefinitive.com\/en\/#\/schema\/logo\/image\/\"},\"sameAs\":[\"https:\/\/business.facebook.com\/Thefinitive-111771813534320\/\",\"https:\/\/www.instagram.com\/_thefinitive_\/\"]}]}<\/script>\n<!-- \/ Yoast SEO plugin. -->","yoast_head_json":{"title":"d'annunzio fiume attestato autografo marcia di ronchi medaglia- Thefinitive","description":"STELLA D'ORO stella d'oro d'Annunzio marcia su Fiume \/ Ronchi dei Legionari - Arditi fiumani - Carnaro - Gabriele Vate Orbo Veggente","robots":{"index":"index","follow":"follow","max-snippet":"max-snippet:-1","max-image-preview":"max-image-preview:large","max-video-preview":"max-video-preview:-1"},"canonical":"https:\/\/thefinitive.com\/en\/prodotto\/dannunzio-marcia-su-fiume-stella-in-oro-marcia-di-ronchi\/","og_locale":"en_US","og_type":"article","og_title":"d'annunzio fiume attestato autografo marcia di ronchi medaglia- Thefinitive","og_description":"STELLA D'ORO stella d'oro d'Annunzio marcia su Fiume \/ Ronchi dei Legionari - Arditi fiumani - Carnaro - Gabriele Vate Orbo Veggente","og_url":"https:\/\/thefinitive.com\/en\/prodotto\/dannunzio-marcia-su-fiume-stella-in-oro-marcia-di-ronchi\/","og_site_name":"Thefinitive","article_publisher":"https:\/\/business.facebook.com\/Thefinitive-111771813534320\/","article_modified_time":"2023-03-20T14:47:18+00:00","og_image":[{"width":2160,"height":2160,"url":"https:\/\/thefinitive.com\/wp-content\/uploads\/2020\/03\/fiu1-1.jpg","type":"image\/jpeg"}],"twitter_card":"summary_large_image","twitter_misc":{"Est. reading time":"6 minutes"},"schema":{"@context":"https:\/\/schema.org","@graph":[{"@type":"WebPage","@id":"https:\/\/thefinitive.com\/en\/prodotto\/dannunzio-marcia-su-fiume-stella-in-oro-marcia-di-ronchi\/","url":"https:\/\/thefinitive.com\/en\/prodotto\/dannunzio-marcia-su-fiume-stella-in-oro-marcia-di-ronchi\/","name":"d'annunzio fiume attestato autografo marcia di ronchi medaglia- Thefinitive","isPartOf":{"@id":"https:\/\/thefinitive.com\/en\/#website"},"datePublished":"2020-04-28T20:55:33+00:00","dateModified":"2023-03-20T14:47:18+00:00","description":"STELLA D'ORO stella d'oro d'Annunzio marcia su Fiume \/ Ronchi dei Legionari - Arditi fiumani - Carnaro - Gabriele Vate Orbo Veggente","breadcrumb":{"@id":"https:\/\/thefinitive.com\/en\/prodotto\/dannunzio-marcia-su-fiume-stella-in-oro-marcia-di-ronchi\/#breadcrumb"},"inLanguage":"en-US","potentialAction":[{"@type":"ReadAction","target":["https:\/\/thefinitive.com\/en\/prodotto\/dannunzio-marcia-su-fiume-stella-in-oro-marcia-di-ronchi\/"]}]},{"@type":"BreadcrumbList","@id":"https:\/\/thefinitive.com\/en\/prodotto\/dannunzio-marcia-su-fiume-stella-in-oro-marcia-di-ronchi\/#breadcrumb","itemListElement":[{"@type":"ListItem","position":1,"name":"Home","item":"https:\/\/thefinitive.com\/en\/"},{"@type":"ListItem","position":2,"name":"Shop","item":"https:\/\/thefinitive.com\/en\/shop-2\/"},{"@type":"ListItem","position":3,"name":"\u274c\ud83d\ude41d&#8217;Annunzio Marcia su Fiume &#8211; STELLA in ORO Marcia di Ronchi"}]},{"@type":"WebSite","@id":"https:\/\/thefinitive.com\/en\/#website","url":"https:\/\/thefinitive.com\/en\/","name":"Thefinitive","description":"Antiquariato Online","publisher":{"@id":"https:\/\/thefinitive.com\/en\/#organization"},"potentialAction":[{"@type":"SearchAction","target":{"@type":"EntryPoint","urlTemplate":"https:\/\/thefinitive.com\/en\/?s={search_term_string}"},"query-input":"required name=search_term_string"}],"inLanguage":"en-US"},{"@type":"Organization","@id":"https:\/\/thefinitive.com\/en\/#organization","name":"Thefinitive","url":"https:\/\/thefinitive.com\/en\/","logo":{"@type":"ImageObject","inLanguage":"en-US","@id":"https:\/\/thefinitive.com\/en\/#\/schema\/logo\/image\/","url":"https:\/\/thefinitive.com\/wp-content\/uploads\/2019\/07\/logo4vett.svg","contentUrl":"https:\/\/thefinitive.com\/wp-content\/uploads\/2019\/07\/logo4vett.svg","width":500,"height":100,"caption":"Thefinitive"},"image":{"@id":"https:\/\/thefinitive.com\/en\/#\/schema\/logo\/image\/"},"sameAs":["https:\/\/business.facebook.com\/Thefinitive-111771813534320\/","https:\/\/www.instagram.com\/_thefinitive_\/"]}]}},"_links":{"self":[{"href":"https:\/\/thefinitive.com\/en\/wp-json\/wp\/v3\/product\/5764"}],"collection":[{"href":"https:\/\/thefinitive.com\/en\/wp-json\/wp\/v3\/product"}],"about":[{"href":"https:\/\/thefinitive.com\/en\/wp-json\/wp\/v2\/types\/product"}],"replies":[{"embeddable":true,"href":"https:\/\/thefinitive.com\/en\/wp-json\/wp\/v2\/comments?post=5764"}],"version-history":[{"count":1,"href":"https:\/\/thefinitive.com\/en\/wp-json\/wp\/v3\/product\/5764\/revisions"}],"predecessor-version":[{"id":14770,"href":"https:\/\/thefinitive.com\/en\/wp-json\/wp\/v3\/product\/5764\/revisions\/14770"}],"wp:featuredmedia":[{"embeddable":true,"href":"https:\/\/thefinitive.com\/en\/wp-json\/wp\/v2\/media\/5401"}],"wp:attachment":[{"href":"https:\/\/thefinitive.com\/en\/wp-json\/wp\/v2\/media?parent=5764"}],"wp:term":[{"taxonomy":"product_cat","embeddable":true,"href":"https:\/\/thefinitive.com\/en\/wp-json\/wp\/v2\/product_cat?post=5764"},{"taxonomy":"product_tag","embeddable":true,"href":"https:\/\/thefinitive.com\/en\/wp-json\/wp\/v2\/product_tag?post=5764"}],"curies":[{"name":"wp","href":"https:\/\/api.w.org\/{rel}","templated":true}]}}