{"id":5667,"date":"2020-04-18T16:55:46","date_gmt":"2020-04-18T16:55:46","guid":{"rendered":"https:\/\/www.thefinitive.com\/?post_type=product&#038;p=5667"},"modified":"2023-03-20T15:47:30","modified_gmt":"2023-03-20T14:47:30","slug":"dannunzio-scatola-argento-carnaro-1920-1921","status":"publish","type":"product","link":"https:\/\/thefinitive.com\/en\/prodotto\/dannunzio-scatola-argento-carnaro-1920-1921\/","title":{"rendered":"\u274c\ud83d\ude41d&#8217;Annunzio scatola argento CARNARO &#8211; 1920 1921"},"content":{"rendered":"<p>Scatola in argento, commemorativa dell&#8217;impresa di <strong>Fiume<\/strong> di <strong>d&#8217;Annunzio<\/strong>, e della <strong>Reggenza del Carnaro<\/strong>. La bella scatola tonda, con coperchio in argento e parte centrale in vetro molato, reca una stupenda incisione che richiama la <strong>bandiera<\/strong> della Reggenza del Carnaro costituita da Gabriele d&#8217;Annunzio durante il suo periodo a Fiume, con l&#8217;uroboro, il serpente che si morde la coda, a circondare le stelle della costellazione dell&#8217;Orsa Maggiore, ed il motto<\/p>\n<p style=\"text-align: center;\"><strong>QUIS CONTRA NOS ?<\/strong><\/p>\n<p><a href=\"https:\/\/www.thefinitive.com\/?attachment_id=5668\" rel=\"attachment wp-att-5668\"><img loading=\"lazy\" decoding=\"async\" class=\"size-full wp-image-5668 aligncenter\" src=\"https:\/\/www.thefinitive.com\/wp-content\/uploads\/2020\/04\/carnaro.jpg\" alt=\"d'annunzio scatola argento carnaro\" width=\"204\" height=\"258\" srcset=\"https:\/\/thefinitive.com\/wp-content\/uploads\/2020\/04\/carnaro.jpg 204w, https:\/\/thefinitive.com\/wp-content\/uploads\/2020\/04\/carnaro-64x81.jpg 64w\" sizes=\"(max-width: 204px) 100vw, 204px\" \/><\/a><\/p>\n<p>&nbsp;<\/p>\n<p>La scatolina di forma circolare, realizzata dall&#8217;argentiere milanese <strong>Guido Galbiati<\/strong> , come si evince dal marchio dell&#8217;argentiere sul fondo della scatola stessa, fu evidentemente acquistata da un <strong>legionario<\/strong> di Fiume ed artigianalmente personalizzata con il disegno del Carnaro , per essere poi donata alla sua amata, o alla mamma ! Ci piace immaginare cos\u00ec, immergendoci in una dimensione di per s\u00e9 gi\u00e0 romantica, quale fu quella dell&#8217;epopea fiumana. Magari lo stesso d&#8217;Annunzio volle far personalizzare questa scatolina, per donarla ad una legionaria o una sua <em>&#8220;amica&#8221;<\/em> , o la sua <em>&#8220;amica&#8221;<\/em> la personalizz\u00f2 da s\u00e9 in ricordo di quei tempi.<\/p>\n<p>Commemorativa della splendida <strong>impresa di Fiume<\/strong>, la scatola in argento inneggiante alla reggenza del CARNARO\u00a0 di d&#8217;Annunzio, pu\u00f2 essere usata per contenere delle pillole, del tabacco, o un anello, un gioiello &#8230; come quelli che d&#8217;Annunzio faceva realizzare dal <strong>Buccellati<\/strong> e che donava alle sue amanti.<\/p>\n<p>In ottime condizioni, con normali segni di usura e bella patina del tempo.<\/p>\n<p>&nbsp;<\/p>\n<p><strong>MATERIALE\u00a0 \u00a0 \u00a0 \u00a0 \u00a0:<\/strong>\u00a0 Argento<\/p>\n<p><strong>MISURE\u00a0 scatola\u00a0 :<\/strong>\u00a0 diametro mm.75 , altezza mm.37<\/p>\n<p><strong>MISURE placca\u00a0 \u00a0 \u00a0:\u00a0 <\/strong>mm. 58 x 78<\/p>\n<p><strong>MARCHIO\u00a0 \u00a0 \u00a0 \u00a0 \u00a0 \u00a0 \u00a0 :<\/strong>\u00a0 800\u00a0 titolo dell&#8217;argento , sulla placca<\/p>\n<p>&nbsp;<\/p>\n<h2>Notizie<\/h2>\n<p>Cliccando sul seguente link avrete informazioni generiche, storiche, relative all\u2019articolo in vendita<\/p>\n<p><b><\/b><b><a href=\"https:\/\/www.thefinitive.com\/gabriele-dannunzio-limmaginifico-il-vate\/\" rel=\"attachment wp-att-7713\"><img loading=\"lazy\" decoding=\"async\" class=\"alignnone wp-image-7713\" src=\"https:\/\/www.thefinitive.com\/wp-content\/uploads\/2021\/01\/dannunzio.jpg\" sizes=\"(max-width: 477px) 100vw, 477px\" srcset=\"https:\/\/www.thefinitive.com\/wp-content\/uploads\/2021\/01\/dannunzio.jpg 518w, https:\/\/www.thefinitive.com\/wp-content\/uploads\/2021\/01\/dannunzio-300x300.jpg 300w, https:\/\/www.thefinitive.com\/wp-content\/uploads\/2021\/01\/dannunzio-150x150.jpg 150w, https:\/\/www.thefinitive.com\/wp-content\/uploads\/2021\/01\/dannunzio-45x45.jpg 45w, https:\/\/www.thefinitive.com\/wp-content\/uploads\/2021\/01\/dannunzio-100x100.jpg 100w\" alt=\"\" width=\"477\" height=\"477\" \/><\/a><\/b><\/p>\n<p>&nbsp;<\/p>\n<p><a href=\"https:\/\/www.thefinitive.com\/gabriele-dannunzio-limmaginifico-il-vate\/\"><b>Gabriele D\u2019Annunzio\u00a0<\/b>(Pescara, 12 marzo 1863 \u2013 Gardone Riviera, 1 marzo 1938)<\/a><\/p>\n<p>&nbsp;<\/p>\n<p><img loading=\"lazy\" decoding=\"async\" src=\"https:\/\/upload.wikimedia.org\/wikipedia\/it\/b\/b1\/D%27Annunzio_4.jpg\" alt=\"D'Annunzio 4.jpg\" width=\"173\" height=\"235\" data-file-width=\"173\" data-file-height=\"235\" \/><\/p>\n<p><a class=\"image\" title=\"Firma di Gabriele D'Annunzio\" href=\"https:\/\/it.wikipedia.org\/wiki\/File:D%27Annunzio_signature.svg\"><img loading=\"lazy\" decoding=\"async\" src=\"https:\/\/upload.wikimedia.org\/wikipedia\/commons\/thumb\/2\/2c\/D%27Annunzio_signature.svg\/130px-D%27Annunzio_signature.svg.png\" srcset=\"\/\/upload.wikimedia.org\/wikipedia\/commons\/thumb\/2\/2c\/D%27Annunzio_signature.svg\/195px-D%27Annunzio_signature.svg.png 1.5x, \/\/upload.wikimedia.org\/wikipedia\/commons\/thumb\/2\/2c\/D%27Annunzio_signature.svg\/260px-D%27Annunzio_signature.svg.png 2x\" alt=\"Firma di Gabriele D'Annunzio\" width=\"130\" height=\"40\" data-file-width=\"2256\" data-file-height=\"691\" \/><\/a><\/p>\n<p>&nbsp;<\/p>\n<p>Fonte degli articoli\u00a0 :\u00a0 <a href=\"https:\/\/it.wikipedia.org\/wiki\/Reggenza_italiana_del_Carnaro\">Wikipedia<\/a> , per ulteriori approfondimenti data la vastit\u00e0 dell&#8217;argomento dannunziano fate riferimento al web, oppure cliccate sulle immagini e sui link presenti in questo articolo, per essere dirottati sugli articoli presenti sul nostro sito<\/p>\n<p>&nbsp;<\/p>\n<p>4.20<\/p>\n","protected":false},"excerpt":{"rendered":"<p>Scatola in argento, commemorativa dell&#8217;impresa di <strong>Fiume<\/strong> di <strong>d&#8217;Annunzio<\/strong>, e della <strong>Reggenza del Carnaro<\/strong>. Coperchio in argento e parte centrale in vetro molato, recante\u00a0 una stupenda incisione artigianale della <strong>bandiera<\/strong> della Reggenza del Carnaro : l&#8217;uroboro che circonda le stelle della costellazione dell&#8217;Orsa Maggiore, ed il motto<\/p>\n<p style=\"text-align: center;\"><strong>QUIS CONTRA NOS ?<\/strong><\/p>\n<p style=\"text-align: center;\">In ottime condizioni, con normali segni di usura e bella patina del tempo.<\/p>\n<p style=\"text-align: center;\"><strong><em>(Scorri la pagina in basso per ulteriori dettagli e informazioni)<\/em><\/strong><\/p>\n","protected":false},"featured_media":0,"comment_status":"open","ping_status":"closed","template":"","meta":[],"product_cat":[586],"product_tag":[223,224,207,172,545,182,203,278,221,220,219,218,225,546,544,204,222,205,547,206],"yoast_head":"<!-- This site is optimized with the Yoast SEO plugin v21.9.1 - https:\/\/yoast.com\/wordpress\/plugins\/seo\/ -->\n<title>\u274c\ud83d\ude41d&#039;Annunzio scatola argento CARNARO - 1920 1921 - Thefinitive<\/title>\n<meta name=\"description\" content=\"Gabriele d&#039;Annunzio d&#039;annunzio scatola argento Carnaro - QUIS CONTRA NOS - Fiume - Scatola in argento Galbiati Milano 1920 1921 SIlver Box\" \/>\n<meta name=\"robots\" content=\"index, follow, max-snippet:-1, max-image-preview:large, max-video-preview:-1\" \/>\n<link rel=\"canonical\" href=\"https:\/\/thefinitive.com\/en\/prodotto\/dannunzio-scatola-argento-carnaro-1920-1921\/\" \/>\n<meta property=\"og:locale\" content=\"en_US\" \/>\n<meta property=\"og:type\" content=\"article\" \/>\n<meta property=\"og:title\" content=\"\u274c\ud83d\ude41d&#039;Annunzio scatola argento CARNARO - 1920 1921 - Thefinitive\" \/>\n<meta property=\"og:description\" content=\"Gabriele d&#039;Annunzio d&#039;annunzio scatola argento Carnaro - QUIS CONTRA NOS - Fiume - Scatola in argento Galbiati Milano 1920 1921 SIlver Box\" \/>\n<meta property=\"og:url\" content=\"https:\/\/thefinitive.com\/en\/prodotto\/dannunzio-scatola-argento-carnaro-1920-1921\/\" \/>\n<meta property=\"og:site_name\" content=\"Thefinitive\" \/>\n<meta property=\"article:publisher\" content=\"https:\/\/business.facebook.com\/Thefinitive-111771813534320\/\" \/>\n<meta property=\"article:modified_time\" content=\"2023-03-20T14:47:30+00:00\" \/>\n<meta property=\"og:image\" content=\"https:\/\/www.thefinitive.com\/wp-content\/uploads\/2020\/04\/carnaro.jpg\" \/>\n<meta name=\"twitter:card\" content=\"summary_large_image\" \/>\n<meta name=\"twitter:label1\" content=\"Est. reading time\" \/>\n\t<meta name=\"twitter:data1\" content=\"2 minutes\" \/>\n<script type=\"application\/ld+json\" class=\"yoast-schema-graph\">{\"@context\":\"https:\/\/schema.org\",\"@graph\":[{\"@type\":\"WebPage\",\"@id\":\"https:\/\/thefinitive.com\/en\/prodotto\/dannunzio-scatola-argento-carnaro-1920-1921\/\",\"url\":\"https:\/\/thefinitive.com\/en\/prodotto\/dannunzio-scatola-argento-carnaro-1920-1921\/\",\"name\":\"\u274c\ud83d\ude41d'Annunzio scatola argento CARNARO - 1920 1921 - Thefinitive\",\"isPartOf\":{\"@id\":\"https:\/\/thefinitive.com\/en\/#website\"},\"datePublished\":\"2020-04-18T16:55:46+00:00\",\"dateModified\":\"2023-03-20T14:47:30+00:00\",\"description\":\"Gabriele d'Annunzio d'annunzio scatola argento Carnaro - QUIS CONTRA NOS - Fiume - Scatola in argento Galbiati Milano 1920 1921 SIlver Box\",\"breadcrumb\":{\"@id\":\"https:\/\/thefinitive.com\/en\/prodotto\/dannunzio-scatola-argento-carnaro-1920-1921\/#breadcrumb\"},\"inLanguage\":\"en-US\",\"potentialAction\":[{\"@type\":\"ReadAction\",\"target\":[\"https:\/\/thefinitive.com\/en\/prodotto\/dannunzio-scatola-argento-carnaro-1920-1921\/\"]}]},{\"@type\":\"BreadcrumbList\",\"@id\":\"https:\/\/thefinitive.com\/en\/prodotto\/dannunzio-scatola-argento-carnaro-1920-1921\/#breadcrumb\",\"itemListElement\":[{\"@type\":\"ListItem\",\"position\":1,\"name\":\"Home\",\"item\":\"https:\/\/thefinitive.com\/en\/\"},{\"@type\":\"ListItem\",\"position\":2,\"name\":\"Shop\",\"item\":\"https:\/\/thefinitive.com\/en\/shop-2\/\"},{\"@type\":\"ListItem\",\"position\":3,\"name\":\"\u274c\ud83d\ude41d&#8217;Annunzio scatola argento CARNARO &#8211; 1920 1921\"}]},{\"@type\":\"WebSite\",\"@id\":\"https:\/\/thefinitive.com\/en\/#website\",\"url\":\"https:\/\/thefinitive.com\/en\/\",\"name\":\"Thefinitive\",\"description\":\"Antiquariato Online\",\"publisher\":{\"@id\":\"https:\/\/thefinitive.com\/en\/#organization\"},\"potentialAction\":[{\"@type\":\"SearchAction\",\"target\":{\"@type\":\"EntryPoint\",\"urlTemplate\":\"https:\/\/thefinitive.com\/en\/?s={search_term_string}\"},\"query-input\":\"required name=search_term_string\"}],\"inLanguage\":\"en-US\"},{\"@type\":\"Organization\",\"@id\":\"https:\/\/thefinitive.com\/en\/#organization\",\"name\":\"Thefinitive\",\"url\":\"https:\/\/thefinitive.com\/en\/\",\"logo\":{\"@type\":\"ImageObject\",\"inLanguage\":\"en-US\",\"@id\":\"https:\/\/thefinitive.com\/en\/#\/schema\/logo\/image\/\",\"url\":\"https:\/\/thefinitive.com\/wp-content\/uploads\/2019\/07\/logo4vett.svg\",\"contentUrl\":\"https:\/\/thefinitive.com\/wp-content\/uploads\/2019\/07\/logo4vett.svg\",\"width\":500,\"height\":100,\"caption\":\"Thefinitive\"},\"image\":{\"@id\":\"https:\/\/thefinitive.com\/en\/#\/schema\/logo\/image\/\"},\"sameAs\":[\"https:\/\/business.facebook.com\/Thefinitive-111771813534320\/\",\"https:\/\/www.instagram.com\/_thefinitive_\/\"]}]}<\/script>\n<!-- \/ Yoast SEO plugin. -->","yoast_head_json":{"title":"\u274c\ud83d\ude41d'Annunzio scatola argento CARNARO - 1920 1921 - Thefinitive","description":"Gabriele d'Annunzio d'annunzio scatola argento Carnaro - QUIS CONTRA NOS - Fiume - Scatola in argento Galbiati Milano 1920 1921 SIlver Box","robots":{"index":"index","follow":"follow","max-snippet":"max-snippet:-1","max-image-preview":"max-image-preview:large","max-video-preview":"max-video-preview:-1"},"canonical":"https:\/\/thefinitive.com\/en\/prodotto\/dannunzio-scatola-argento-carnaro-1920-1921\/","og_locale":"en_US","og_type":"article","og_title":"\u274c\ud83d\ude41d'Annunzio scatola argento CARNARO - 1920 1921 - Thefinitive","og_description":"Gabriele d'Annunzio d'annunzio scatola argento Carnaro - QUIS CONTRA NOS - Fiume - Scatola in argento Galbiati Milano 1920 1921 SIlver Box","og_url":"https:\/\/thefinitive.com\/en\/prodotto\/dannunzio-scatola-argento-carnaro-1920-1921\/","og_site_name":"Thefinitive","article_publisher":"https:\/\/business.facebook.com\/Thefinitive-111771813534320\/","article_modified_time":"2023-03-20T14:47:30+00:00","og_image":[{"url":"https:\/\/www.thefinitive.com\/wp-content\/uploads\/2020\/04\/carnaro.jpg"}],"twitter_card":"summary_large_image","twitter_misc":{"Est. reading time":"2 minutes"},"schema":{"@context":"https:\/\/schema.org","@graph":[{"@type":"WebPage","@id":"https:\/\/thefinitive.com\/en\/prodotto\/dannunzio-scatola-argento-carnaro-1920-1921\/","url":"https:\/\/thefinitive.com\/en\/prodotto\/dannunzio-scatola-argento-carnaro-1920-1921\/","name":"\u274c\ud83d\ude41d'Annunzio scatola argento CARNARO - 1920 1921 - Thefinitive","isPartOf":{"@id":"https:\/\/thefinitive.com\/en\/#website"},"datePublished":"2020-04-18T16:55:46+00:00","dateModified":"2023-03-20T14:47:30+00:00","description":"Gabriele d'Annunzio d'annunzio scatola argento Carnaro - QUIS CONTRA NOS - Fiume - Scatola in argento Galbiati Milano 1920 1921 SIlver Box","breadcrumb":{"@id":"https:\/\/thefinitive.com\/en\/prodotto\/dannunzio-scatola-argento-carnaro-1920-1921\/#breadcrumb"},"inLanguage":"en-US","potentialAction":[{"@type":"ReadAction","target":["https:\/\/thefinitive.com\/en\/prodotto\/dannunzio-scatola-argento-carnaro-1920-1921\/"]}]},{"@type":"BreadcrumbList","@id":"https:\/\/thefinitive.com\/en\/prodotto\/dannunzio-scatola-argento-carnaro-1920-1921\/#breadcrumb","itemListElement":[{"@type":"ListItem","position":1,"name":"Home","item":"https:\/\/thefinitive.com\/en\/"},{"@type":"ListItem","position":2,"name":"Shop","item":"https:\/\/thefinitive.com\/en\/shop-2\/"},{"@type":"ListItem","position":3,"name":"\u274c\ud83d\ude41d&#8217;Annunzio scatola argento CARNARO &#8211; 1920 1921"}]},{"@type":"WebSite","@id":"https:\/\/thefinitive.com\/en\/#website","url":"https:\/\/thefinitive.com\/en\/","name":"Thefinitive","description":"Antiquariato Online","publisher":{"@id":"https:\/\/thefinitive.com\/en\/#organization"},"potentialAction":[{"@type":"SearchAction","target":{"@type":"EntryPoint","urlTemplate":"https:\/\/thefinitive.com\/en\/?s={search_term_string}"},"query-input":"required name=search_term_string"}],"inLanguage":"en-US"},{"@type":"Organization","@id":"https:\/\/thefinitive.com\/en\/#organization","name":"Thefinitive","url":"https:\/\/thefinitive.com\/en\/","logo":{"@type":"ImageObject","inLanguage":"en-US","@id":"https:\/\/thefinitive.com\/en\/#\/schema\/logo\/image\/","url":"https:\/\/thefinitive.com\/wp-content\/uploads\/2019\/07\/logo4vett.svg","contentUrl":"https:\/\/thefinitive.com\/wp-content\/uploads\/2019\/07\/logo4vett.svg","width":500,"height":100,"caption":"Thefinitive"},"image":{"@id":"https:\/\/thefinitive.com\/en\/#\/schema\/logo\/image\/"},"sameAs":["https:\/\/business.facebook.com\/Thefinitive-111771813534320\/","https:\/\/www.instagram.com\/_thefinitive_\/"]}]}},"_links":{"self":[{"href":"https:\/\/thefinitive.com\/en\/wp-json\/wp\/v3\/product\/5667"}],"collection":[{"href":"https:\/\/thefinitive.com\/en\/wp-json\/wp\/v3\/product"}],"about":[{"href":"https:\/\/thefinitive.com\/en\/wp-json\/wp\/v2\/types\/product"}],"replies":[{"embeddable":true,"href":"https:\/\/thefinitive.com\/en\/wp-json\/wp\/v2\/comments?post=5667"}],"version-history":[{"count":2,"href":"https:\/\/thefinitive.com\/en\/wp-json\/wp\/v3\/product\/5667\/revisions"}],"predecessor-version":[{"id":14774,"href":"https:\/\/thefinitive.com\/en\/wp-json\/wp\/v3\/product\/5667\/revisions\/14774"}],"wp:attachment":[{"href":"https:\/\/thefinitive.com\/en\/wp-json\/wp\/v2\/media?parent=5667"}],"wp:term":[{"taxonomy":"product_cat","embeddable":true,"href":"https:\/\/thefinitive.com\/en\/wp-json\/wp\/v2\/product_cat?post=5667"},{"taxonomy":"product_tag","embeddable":true,"href":"https:\/\/thefinitive.com\/en\/wp-json\/wp\/v2\/product_tag?post=5667"}],"curies":[{"name":"wp","href":"https:\/\/api.w.org\/{rel}","templated":true}]}}