{"id":5319,"date":"2020-04-09T17:04:27","date_gmt":"2020-04-09T17:04:27","guid":{"rendered":"https:\/\/www.thefinitive.com\/?post_type=product&#038;p=5319"},"modified":"2023-03-20T15:47:43","modified_gmt":"2023-03-20T14:47:43","slug":"elmo-corazziere-prussiano-1860-preusen-kurassier","status":"publish","type":"product","link":"https:\/\/thefinitive.com\/en\/prodotto\/elmo-corazziere-prussiano-1860-preusen-kurassier\/","title":{"rendered":"\u274c\ud83d\ude41Elmo Corazziere Prussiano 1860 Preu\u00dfen K\u00fcrassier"},"content":{"rendered":"<p>Elmo da <strong>Corazziere Prussiano<\/strong> , modello <strong>1853<\/strong> &#8211; <strong>1860<\/strong> , originale , realizzato in metallo argentato e tombak.<\/p>\n<p>Imponente copricapo usato dai reggimenti pi\u00f9 importanti dell&#8217;esercito prussiano , nella seconda met\u00e0 dell&#8217;ottocento. Tipica forma a\u00a0 <em><strong>coda di aragosta\u00a0<\/strong><\/em> , con puntale in metallo , fregio frontale in metallo dorato, raffigurante l&#8217;aquila imperiale prussiana con il cartiglio &#8220;<strong><em>MIT GOTT F\u00dcR KOENIG UND VATERLAND<\/em>&#8221;\u00a0 <\/strong>che passa tra le ali , avente lo scudo in petto con le cifre\u00a0 <strong>FR\u00a0<\/strong> (<em>Fredericus Rex<\/em> , ovvero <strong>Federico I<\/strong> di Prussia).<\/p>\n<h2><a href=\"https:\/\/www.thefinitive.com\/?attachment_id=5320\" rel=\"attachment wp-att-5320\"><img loading=\"lazy\" decoding=\"async\" class=\"alignnone wp-image-5320\" src=\"https:\/\/www.thefinitive.com\/wp-content\/uploads\/2020\/04\/Preu\u00dfischer_Adler_1871-1914.png\" alt=\"\" width=\"367\" height=\"396\" srcset=\"https:\/\/thefinitive.com\/wp-content\/uploads\/2020\/04\/Preu\u00dfischer_Adler_1871-1914.png 800w, https:\/\/thefinitive.com\/wp-content\/uploads\/2020\/04\/Preu\u00dfischer_Adler_1871-1914-64x69.png 64w, https:\/\/thefinitive.com\/wp-content\/uploads\/2020\/04\/Preu\u00dfischer_Adler_1871-1914-278x300.png 278w, https:\/\/thefinitive.com\/wp-content\/uploads\/2020\/04\/Preu\u00dfischer_Adler_1871-1914-768x829.png 768w\" sizes=\"(max-width: 367px) 100vw, 367px\" \/><\/a><\/h2>\n<p>Il puntale \u00e8 di quelli antecedenti la modifica del\u00a0 1862 , quindi tipico per questo elmo da Corazziere Prussiano modello 1860. Elmo completo dei suoi due sottogola laterali, a squame metalliche e supporto interno in pelle, e delle due coccarde metalliche, insieme fissati ai lati per mezzo di grosse viti dalla testa semisferica. Purtroppo l&#8217;elmo \u00e8 privo della cuffia interna in cuoio, ma tuttavia resta un oggetto in condizioni eccezionali di conservazione.<\/p>\n<p><a href=\"https:\/\/www.thefinitive.com\/?attachment_id=5322\" rel=\"attachment wp-att-5322\"><img loading=\"lazy\" decoding=\"async\" class=\"alignnone size-full wp-image-5322\" src=\"https:\/\/www.thefinitive.com\/wp-content\/uploads\/2020\/04\/UfficialeCorazziere.png\" alt=\"\" width=\"357\" height=\"398\" srcset=\"https:\/\/thefinitive.com\/wp-content\/uploads\/2020\/04\/UfficialeCorazziere.png 357w, https:\/\/thefinitive.com\/wp-content\/uploads\/2020\/04\/UfficialeCorazziere-64x71.png 64w, https:\/\/thefinitive.com\/wp-content\/uploads\/2020\/04\/UfficialeCorazziere-269x300.png 269w\" sizes=\"(max-width: 357px) 100vw, 357px\" \/><\/a><\/p>\n<p>Artur von Klingspor , indossa un elmo con puntale alto, come questo in vendita<\/p>\n<h2><\/h2>\n<h2>NOTIZIE<\/h2>\n<p>I caratteristici elmetti d&#8217;acciaio del reggimento dei <strong>Corazzieri Prussiani<\/strong>\u00a0 ( Preu\u00dfen K\u00fcrassier ) e del <strong>Sachsen Schweres<\/strong> <strong>Reiter<\/strong> (<strong>Sassonia<\/strong>) apparvero per la prima volta nel <strong>1843<\/strong> .\u00a0 L&#8217;elmetto denominato cos\u00ec\u00a0 modello <strong>M1843<\/strong>, aveva una falda accentuata sulla fronte e una caratteristica protezione per il collo a &#8220;<strong>coda di aragosta<\/strong>&#8220;, e servivano entrambi a proteggere chi lo indossava dai colpi di spada. Gli elmi erano realizzati in acciaio lucido con profilature e raccordi in ottone, o <strong>Tombak<\/strong> (una lega composta di rame e zinco).<\/p>\n<p>Come simbolo , fregio di reggimento, avevano l&#8217;aquila di linea che portava una &#8220;<strong>FR<\/strong>&#8221; sul petto per la maggior parte dei reggimenti, ad eccezione del\u00a0 <strong>Leib-K\u00fcrassier-Regt. Gro\u00dfer Kurf\u00fcrst<\/strong>\u00a0 che usava la vecchia aquila di Brandeburgo.<\/p>\n<p>La maggior parte dei reggimenti\u00a0 indossava elmetti in acciaio lucido con rifiniture dorate. I seguenti reggimenti indossavano elmetti realizzati in Tombak con rifiniture argentate ad eccezione delle squame dei sottogola, che erano anche in Tombak :<\/p>\n<ul>\n<li>Reggimento delle Guardie del Corpo (Gardes du Corps)<\/li>\n<li>Garde-K\u00fcrassier<\/li>\n<li>K\u00fcrassier-Regiment Kaiser Nikolas I. von Ru\u00dfland (Brandenburgisches) Nr.6<\/li>\n<li>Kgl.S\u00e4chs (Saxon) Garde-Reiter e Kgl.S\u00e4chs. Karabiner- Regiment<\/li>\n<\/ul>\n<h3><\/h3>\n<h3>1853 &#8211; 1860<\/h3>\n<p>Nel 1853 i bulloni filettati per il fissaggio del sottogola a squame, erano sostituiti da viti filettate e i due sottogola si\u00a0 \u00a0agganciavano tra loro al centro con una pallina e un foro corrispondente, quando non venivano indossati sotto il mento per mantenere saldo l&#8217;elmo alla testa del soldato. Nel 1860 allo stemma, venne aggiunto un cartiglio \/ banda che recava il motto &#8220;<strong>MIT GOTT F\u00dcR KOENIG UND VATERLAND<\/strong>&#8221; (Con Dio per re e patria). Le piastre pi\u00f9 vecchie che erano prive del cartiglio, furono modificate facendo saldare una banda di metallo con il motto.<\/p>\n<h3>1862-1867<\/h3>\n<p>Nel 1862\u00a0 il guscio fu ridotto nelle dimensioni, ed il puntale abbassato di ca. 2 cm, le visiere anteriori e posteriori vennero\u00a0 ridotte in lunghezza , e la larghezza del rivestimento attorno alle visiere anteriori e posteriori pass\u00f2 da 8 mm a 5 mm. Queste modifiche videro nascere il modello <strong>M1862<\/strong> .<\/p>\n<p>Nel 1867 una piccola striscia di ottone o tombak, a seconda del reggimento, fu posta lungo la parte inferiore dell&#8217;elmetto ad unire la visiera anteriore e quella posteriore, e la forma complessiva dell&#8217;elmetto fu leggermente ridotta, dando origine al modello\u00a0 <strong>M1867<\/strong>.<\/p>\n<p>L&#8217;interno degli elmi era costituito da una cuffia di cuoio pesante, tagliata a sezioni con &#8220;lingue&#8221; arrotondate e perforate alle estremit\u00e0 con una corda di cuoio passante, usata per regolare la taglia. La cuffia era fissata ai lati con i montanti delle mentoniere.<\/p>\n<p>&nbsp;<\/p>\n<p>Fonti <a href=\"http:\/\/www.kaisersbunker.com\/pt\/metalhelme.htm\"><em>Kaiserbunker<\/em><\/a><\/p>\n<p>&nbsp;<\/p>\n<p>4.20<\/p>\n","protected":false},"excerpt":{"rendered":"<p style=\"text-align: center;\">Elmo da <strong>Corazziere Prussiano<\/strong> , modello <strong>1853<\/strong> &#8211; <strong>1860<\/strong> , <strong>originale<\/strong> , realizzato in metallo argentato e tombak. Tipica forma a\u00a0 <em><strong>coda di aragosta\u00a0<\/strong><\/em> , con puntale in metallo , fregio frontale in metallo dorato, raffigurante l&#8217;aquila imperiale prussiana con il cartiglio &#8220;<strong><em>MIT GOTT F\u00dcR KOENIG UND VATERLAND<\/em>&#8221;\u00a0 <\/strong>e scudo in petto con cifre\u00a0 <strong>FR\u00a0<\/strong> (<em>Fredericus Rex<\/em> , ovvero <strong>Federico I<\/strong> di Prussia).<\/p>\n<p style=\"text-align: center;\">In eccezionali condizioni, mancante della cuffia in cuoio interna.<\/p>\n<p style=\"text-align: center;\"><strong><em>(Scorri la pagina in basso per ulteriori dettagli e informazioni)<\/em><\/strong><\/p>\n","protected":false},"featured_media":5257,"comment_status":"open","ping_status":"closed","template":"","meta":[],"product_cat":[586],"product_tag":[509,373,511,508,512,507,510],"yoast_head":"<!-- This site is optimized with the Yoast SEO plugin v21.9.1 - https:\/\/yoast.com\/wordpress\/plugins\/seo\/ -->\n<title>\u274c\ud83d\ude41Elmo Corazziere Prussiano 1860 Preu\u00dfen K\u00fcrassier Thefinitive<\/title>\n<meta name=\"description\" content=\"Preu\u00dfen K\u00fcrassier Elmo Corazziere Prussiano 1860 - Garde du Corps - Germania - Lobster Taila - Coda d&#039;aragosta - Tombak 1867\" \/>\n<meta name=\"robots\" content=\"index, follow, max-snippet:-1, max-image-preview:large, max-video-preview:-1\" \/>\n<link rel=\"canonical\" href=\"https:\/\/thefinitive.com\/en\/prodotto\/elmo-corazziere-prussiano-1860-preusen-kurassier\/\" \/>\n<meta property=\"og:locale\" content=\"en_US\" \/>\n<meta property=\"og:type\" content=\"article\" \/>\n<meta property=\"og:title\" content=\"\u274c\ud83d\ude41Elmo Corazziere Prussiano 1860 Preu\u00dfen K\u00fcrassier Thefinitive\" \/>\n<meta property=\"og:description\" content=\"Preu\u00dfen K\u00fcrassier Elmo Corazziere Prussiano 1860 - Garde du Corps - Germania - Lobster Taila - Coda d&#039;aragosta - Tombak 1867\" \/>\n<meta property=\"og:url\" content=\"https:\/\/thefinitive.com\/en\/prodotto\/elmo-corazziere-prussiano-1860-preusen-kurassier\/\" \/>\n<meta property=\"og:site_name\" content=\"Thefinitive\" \/>\n<meta property=\"article:publisher\" content=\"https:\/\/business.facebook.com\/Thefinitive-111771813534320\/\" \/>\n<meta property=\"article:modified_time\" content=\"2023-03-20T14:47:43+00:00\" \/>\n<meta property=\"og:image\" content=\"https:\/\/thefinitive.com\/wp-content\/uploads\/2020\/04\/pik2.jpg\" \/>\n\t<meta property=\"og:image:width\" content=\"2160\" \/>\n\t<meta property=\"og:image:height\" content=\"2160\" \/>\n\t<meta property=\"og:image:type\" content=\"image\/jpeg\" \/>\n<meta name=\"twitter:card\" content=\"summary_large_image\" \/>\n<meta name=\"twitter:label1\" content=\"Est. reading time\" \/>\n\t<meta name=\"twitter:data1\" content=\"3 minutes\" \/>\n<script type=\"application\/ld+json\" class=\"yoast-schema-graph\">{\"@context\":\"https:\/\/schema.org\",\"@graph\":[{\"@type\":\"WebPage\",\"@id\":\"https:\/\/thefinitive.com\/en\/prodotto\/elmo-corazziere-prussiano-1860-preusen-kurassier\/\",\"url\":\"https:\/\/thefinitive.com\/en\/prodotto\/elmo-corazziere-prussiano-1860-preusen-kurassier\/\",\"name\":\"\u274c\ud83d\ude41Elmo Corazziere Prussiano 1860 Preu\u00dfen K\u00fcrassier Thefinitive\",\"isPartOf\":{\"@id\":\"https:\/\/thefinitive.com\/en\/#website\"},\"datePublished\":\"2020-04-09T17:04:27+00:00\",\"dateModified\":\"2023-03-20T14:47:43+00:00\",\"description\":\"Preu\u00dfen K\u00fcrassier Elmo Corazziere Prussiano 1860 - Garde du Corps - Germania - Lobster Taila - Coda d'aragosta - Tombak 1867\",\"breadcrumb\":{\"@id\":\"https:\/\/thefinitive.com\/en\/prodotto\/elmo-corazziere-prussiano-1860-preusen-kurassier\/#breadcrumb\"},\"inLanguage\":\"en-US\",\"potentialAction\":[{\"@type\":\"ReadAction\",\"target\":[\"https:\/\/thefinitive.com\/en\/prodotto\/elmo-corazziere-prussiano-1860-preusen-kurassier\/\"]}]},{\"@type\":\"BreadcrumbList\",\"@id\":\"https:\/\/thefinitive.com\/en\/prodotto\/elmo-corazziere-prussiano-1860-preusen-kurassier\/#breadcrumb\",\"itemListElement\":[{\"@type\":\"ListItem\",\"position\":1,\"name\":\"Home\",\"item\":\"https:\/\/thefinitive.com\/en\/\"},{\"@type\":\"ListItem\",\"position\":2,\"name\":\"Shop\",\"item\":\"https:\/\/thefinitive.com\/en\/shop-2\/\"},{\"@type\":\"ListItem\",\"position\":3,\"name\":\"\u274c\ud83d\ude41Elmo Corazziere Prussiano 1860 Preu\u00dfen K\u00fcrassier\"}]},{\"@type\":\"WebSite\",\"@id\":\"https:\/\/thefinitive.com\/en\/#website\",\"url\":\"https:\/\/thefinitive.com\/en\/\",\"name\":\"Thefinitive\",\"description\":\"Antiquariato Online\",\"publisher\":{\"@id\":\"https:\/\/thefinitive.com\/en\/#organization\"},\"potentialAction\":[{\"@type\":\"SearchAction\",\"target\":{\"@type\":\"EntryPoint\",\"urlTemplate\":\"https:\/\/thefinitive.com\/en\/?s={search_term_string}\"},\"query-input\":\"required name=search_term_string\"}],\"inLanguage\":\"en-US\"},{\"@type\":\"Organization\",\"@id\":\"https:\/\/thefinitive.com\/en\/#organization\",\"name\":\"Thefinitive\",\"url\":\"https:\/\/thefinitive.com\/en\/\",\"logo\":{\"@type\":\"ImageObject\",\"inLanguage\":\"en-US\",\"@id\":\"https:\/\/thefinitive.com\/en\/#\/schema\/logo\/image\/\",\"url\":\"https:\/\/thefinitive.com\/wp-content\/uploads\/2019\/07\/logo4vett.svg\",\"contentUrl\":\"https:\/\/thefinitive.com\/wp-content\/uploads\/2019\/07\/logo4vett.svg\",\"width\":500,\"height\":100,\"caption\":\"Thefinitive\"},\"image\":{\"@id\":\"https:\/\/thefinitive.com\/en\/#\/schema\/logo\/image\/\"},\"sameAs\":[\"https:\/\/business.facebook.com\/Thefinitive-111771813534320\/\",\"https:\/\/www.instagram.com\/_thefinitive_\/\"]}]}<\/script>\n<!-- \/ Yoast SEO plugin. -->","yoast_head_json":{"title":"\u274c\ud83d\ude41Elmo Corazziere Prussiano 1860 Preu\u00dfen K\u00fcrassier Thefinitive","description":"Preu\u00dfen K\u00fcrassier Elmo Corazziere Prussiano 1860 - Garde du Corps - Germania - Lobster Taila - Coda d'aragosta - Tombak 1867","robots":{"index":"index","follow":"follow","max-snippet":"max-snippet:-1","max-image-preview":"max-image-preview:large","max-video-preview":"max-video-preview:-1"},"canonical":"https:\/\/thefinitive.com\/en\/prodotto\/elmo-corazziere-prussiano-1860-preusen-kurassier\/","og_locale":"en_US","og_type":"article","og_title":"\u274c\ud83d\ude41Elmo Corazziere Prussiano 1860 Preu\u00dfen K\u00fcrassier Thefinitive","og_description":"Preu\u00dfen K\u00fcrassier Elmo Corazziere Prussiano 1860 - Garde du Corps - Germania - Lobster Taila - Coda d'aragosta - Tombak 1867","og_url":"https:\/\/thefinitive.com\/en\/prodotto\/elmo-corazziere-prussiano-1860-preusen-kurassier\/","og_site_name":"Thefinitive","article_publisher":"https:\/\/business.facebook.com\/Thefinitive-111771813534320\/","article_modified_time":"2023-03-20T14:47:43+00:00","og_image":[{"width":2160,"height":2160,"url":"https:\/\/thefinitive.com\/wp-content\/uploads\/2020\/04\/pik2.jpg","type":"image\/jpeg"}],"twitter_card":"summary_large_image","twitter_misc":{"Est. reading time":"3 minutes"},"schema":{"@context":"https:\/\/schema.org","@graph":[{"@type":"WebPage","@id":"https:\/\/thefinitive.com\/en\/prodotto\/elmo-corazziere-prussiano-1860-preusen-kurassier\/","url":"https:\/\/thefinitive.com\/en\/prodotto\/elmo-corazziere-prussiano-1860-preusen-kurassier\/","name":"\u274c\ud83d\ude41Elmo Corazziere Prussiano 1860 Preu\u00dfen K\u00fcrassier Thefinitive","isPartOf":{"@id":"https:\/\/thefinitive.com\/en\/#website"},"datePublished":"2020-04-09T17:04:27+00:00","dateModified":"2023-03-20T14:47:43+00:00","description":"Preu\u00dfen K\u00fcrassier Elmo Corazziere Prussiano 1860 - Garde du Corps - Germania - Lobster Taila - Coda d'aragosta - Tombak 1867","breadcrumb":{"@id":"https:\/\/thefinitive.com\/en\/prodotto\/elmo-corazziere-prussiano-1860-preusen-kurassier\/#breadcrumb"},"inLanguage":"en-US","potentialAction":[{"@type":"ReadAction","target":["https:\/\/thefinitive.com\/en\/prodotto\/elmo-corazziere-prussiano-1860-preusen-kurassier\/"]}]},{"@type":"BreadcrumbList","@id":"https:\/\/thefinitive.com\/en\/prodotto\/elmo-corazziere-prussiano-1860-preusen-kurassier\/#breadcrumb","itemListElement":[{"@type":"ListItem","position":1,"name":"Home","item":"https:\/\/thefinitive.com\/en\/"},{"@type":"ListItem","position":2,"name":"Shop","item":"https:\/\/thefinitive.com\/en\/shop-2\/"},{"@type":"ListItem","position":3,"name":"\u274c\ud83d\ude41Elmo Corazziere Prussiano 1860 Preu\u00dfen K\u00fcrassier"}]},{"@type":"WebSite","@id":"https:\/\/thefinitive.com\/en\/#website","url":"https:\/\/thefinitive.com\/en\/","name":"Thefinitive","description":"Antiquariato Online","publisher":{"@id":"https:\/\/thefinitive.com\/en\/#organization"},"potentialAction":[{"@type":"SearchAction","target":{"@type":"EntryPoint","urlTemplate":"https:\/\/thefinitive.com\/en\/?s={search_term_string}"},"query-input":"required name=search_term_string"}],"inLanguage":"en-US"},{"@type":"Organization","@id":"https:\/\/thefinitive.com\/en\/#organization","name":"Thefinitive","url":"https:\/\/thefinitive.com\/en\/","logo":{"@type":"ImageObject","inLanguage":"en-US","@id":"https:\/\/thefinitive.com\/en\/#\/schema\/logo\/image\/","url":"https:\/\/thefinitive.com\/wp-content\/uploads\/2019\/07\/logo4vett.svg","contentUrl":"https:\/\/thefinitive.com\/wp-content\/uploads\/2019\/07\/logo4vett.svg","width":500,"height":100,"caption":"Thefinitive"},"image":{"@id":"https:\/\/thefinitive.com\/en\/#\/schema\/logo\/image\/"},"sameAs":["https:\/\/business.facebook.com\/Thefinitive-111771813534320\/","https:\/\/www.instagram.com\/_thefinitive_\/"]}]}},"_links":{"self":[{"href":"https:\/\/thefinitive.com\/en\/wp-json\/wp\/v3\/product\/5319"}],"collection":[{"href":"https:\/\/thefinitive.com\/en\/wp-json\/wp\/v3\/product"}],"about":[{"href":"https:\/\/thefinitive.com\/en\/wp-json\/wp\/v2\/types\/product"}],"replies":[{"embeddable":true,"href":"https:\/\/thefinitive.com\/en\/wp-json\/wp\/v2\/comments?post=5319"}],"version-history":[{"count":1,"href":"https:\/\/thefinitive.com\/en\/wp-json\/wp\/v3\/product\/5319\/revisions"}],"predecessor-version":[{"id":14780,"href":"https:\/\/thefinitive.com\/en\/wp-json\/wp\/v3\/product\/5319\/revisions\/14780"}],"wp:featuredmedia":[{"embeddable":true,"href":"https:\/\/thefinitive.com\/en\/wp-json\/wp\/v2\/media\/5257"}],"wp:attachment":[{"href":"https:\/\/thefinitive.com\/en\/wp-json\/wp\/v2\/media?parent=5319"}],"wp:term":[{"taxonomy":"product_cat","embeddable":true,"href":"https:\/\/thefinitive.com\/en\/wp-json\/wp\/v2\/product_cat?post=5319"},{"taxonomy":"product_tag","embeddable":true,"href":"https:\/\/thefinitive.com\/en\/wp-json\/wp\/v2\/product_tag?post=5319"}],"curies":[{"name":"wp","href":"https:\/\/api.w.org\/{rel}","templated":true}]}}