{"id":4950,"date":"2020-03-27T13:37:24","date_gmt":"2020-03-27T13:37:24","guid":{"rendered":"https:\/\/www.thefinitive.com\/?post_type=product&#038;p=4950"},"modified":"2023-03-20T15:47:52","modified_gmt":"2023-03-20T14:47:52","slug":"dannunzio-fiume-attestato-autografo-marcia-di-ronchi-medaglia","status":"publish","type":"product","link":"https:\/\/thefinitive.com\/en\/prodotto\/dannunzio-fiume-attestato-autografo-marcia-di-ronchi-medaglia\/","title":{"rendered":"\u274c\ud83d\ude41d&#8217;Annunzio Fiume attestato autografo Marcia di Ronchi medaglia"},"content":{"rendered":"<p style=\"text-align: center;\">Importante lotto composto da <strong>attestato<\/strong> e <strong>Medaglia Commemorativa della Spedizione di Fiume<\/strong>, istituita da Gabriele d&#8217;Annunzio a seguito dell&#8217;occupazione di Fiume avvenuta il 12 Settembre 1919, \u00a0rilasciato ad un legionario fiumano che prese parte alla <strong>Marcia di Ronchi dei Legionari<\/strong> per la suddetta presa di Fiume, con attestato\u00a0 autografo di proprio pugno (olografo) di <strong>Gabriele d&#8217;Annunzio<\/strong>. In alto a sinistra troviamo il numero di assegnazione <strong>1936<\/strong>, corrispondente al legionario ascritto nell&#8217;attestato in oggetto. Nel grande cartiglio centrale si legge la motivazione voluta da d&#8217;Annunzio , &#8221; <strong>LA MEDAGLIA COMMEMORATIVA DELLA MARCIA DI RONCHI E&#8217; CONCESSA AL LEGIONARIO &#8230;.. CHE HA BEN SERVITO LA CAUSA E BEN MERITATO DELLA PATRIA &#8211; UT VEHEMENTIUS ARDEAT &#8211;\u00a0 UT TUTIUS VINCAT &#8211; MCMXIX\u00a0 &#8211; MCMXX &#8211; IL COMANDANTE<\/strong> &#8221; . Dall&#8217;Elenco Ufficiale dei Legionari D&#8217;Annunziani, depositato presso la fondazione del Vittoriale il 24 Giugno 1939, risulta iscritto il sergente Gelati Enrico nato a Bologna nel 1903.<\/p>\n<p>Oltre alla firma del Vate, troviamo anche il timbro personale del <strong>COMANDANTE<\/strong> della <strong>REGGENZA\u00a0 ITALIANA\u00a0 DEL\u00a0 CARNARO<\/strong> , con l&#8217;aquila simbolo della citt\u00e0 di Fiume avente l&#8217;iscrizione <strong>INDEFICIENTER. <\/strong>Nello stemma della citt\u00e0 di Fiume, l&#8217;aquila tra gli artigli tiene un&#8217;anfora dalla quale scorre dell&#8217;acqua che rappresenta l&#8217;acqua della Fiumara, la quale continuer\u00e0 a scorrere per sempre. Sotto l&#8217;aquila si trova appunto\u00a0 la scritta &#8220;<b>indeficienter<\/b>&#8221; cio\u00e8\u00a0 &#8220;<strong>senza fine<\/strong>&#8220;. Si pu\u00f2 notare come il nome del legionario, il numero di assegnazione e l&#8217;autografo di d&#8217;Annunzio siano tutte iscrizioni realizzate con la stessa penna stilografica. Vedasi anche lo stato di &#8216;scolorimento&#8217; delle iscrizioni in esame.<\/p>\n<p>La costruzione grafica dell&#8217;attestato e la realizzazione della medaglia della marcia su Fiume, furono opere di <strong>Adolfo de Carolis<\/strong> , famoso pittore e scultore amico di d&#8217;Annunzio, infatti notiamo la firma dell&#8217;artista stampata a sigla <strong>ADC<\/strong> nell&#8217;angolo basso destro del documento (non autografo).<\/p>\n<p>L&#8217;attestato fu stampato in tipografia in tiratura sufficiente per poter essere poi compilato e distribuito a tutti coloro che avessero preso parte alla marcia di Ronchi. Tuttavia si conoscono altri esemplari rilasciati &#8220;ad honorem&#8221; ovvero attribuiti a personaggi che non parteciparono alla marcia per la causa della citt\u00e0 di Fiume, ma ai quali d&#8217;Annunzio consegn\u00f2 per ragioni di convenienza ed altro, e questi attestati portano quasi tutti l&#8217;autografo realizzato con timbro a tampone, o comunque prestampato. Di seguito due differenti attestati recanti la firma stampata messi a confronto con l&#8217;attestato di questo lotto a firma autografa. Si nota come la firma sia perfettamente identica nei due attestati &#8220;prestampati&#8221;<\/p>\n<p><img loading=\"lazy\" decoding=\"async\" class=\"alignnone size-medium wp-image-2015\" src=\"https:\/\/www.thefinitive.com\/wp-content\/uploads\/2019\/08\/dannunzioconfronto-300x300.jpg\" alt=\"dannunzioattestatofiume\" width=\"300\" height=\"300\" srcset=\"https:\/\/thefinitive.com\/wp-content\/uploads\/2019\/08\/dannunzioconfronto-300x300.jpg 300w, https:\/\/thefinitive.com\/wp-content\/uploads\/2019\/08\/dannunzioconfronto-600x600.jpg 600w, https:\/\/thefinitive.com\/wp-content\/uploads\/2019\/08\/dannunzioconfronto-100x100.jpg 100w, https:\/\/thefinitive.com\/wp-content\/uploads\/2019\/08\/dannunzioconfronto-1200x1200.jpg 1200w, https:\/\/thefinitive.com\/wp-content\/uploads\/2019\/08\/dannunzioconfronto-64x64.jpg 64w, https:\/\/thefinitive.com\/wp-content\/uploads\/2019\/08\/dannunzioconfronto-150x150.jpg 150w, https:\/\/thefinitive.com\/wp-content\/uploads\/2019\/08\/dannunzioconfronto-768x768.jpg 768w, https:\/\/thefinitive.com\/wp-content\/uploads\/2019\/08\/dannunzioconfronto-1024x1024.jpg 1024w, https:\/\/thefinitive.com\/wp-content\/uploads\/2019\/08\/dannunzioconfronto-45x45.jpg 45w\" sizes=\"(max-width: 300px) 100vw, 300px\" \/> <img loading=\"lazy\" decoding=\"async\" class=\"alignnone size-medium wp-image-2016\" src=\"https:\/\/www.thefinitive.com\/wp-content\/uploads\/2019\/08\/dannunzioconfronto2-300x300.jpg\" alt=\"dannunzioattestatofiume\" width=\"300\" height=\"300\" srcset=\"https:\/\/thefinitive.com\/wp-content\/uploads\/2019\/08\/dannunzioconfronto2-300x300.jpg 300w, https:\/\/thefinitive.com\/wp-content\/uploads\/2019\/08\/dannunzioconfronto2-600x600.jpg 600w, https:\/\/thefinitive.com\/wp-content\/uploads\/2019\/08\/dannunzioconfronto2-100x100.jpg 100w, https:\/\/thefinitive.com\/wp-content\/uploads\/2019\/08\/dannunzioconfronto2-1200x1200.jpg 1200w, https:\/\/thefinitive.com\/wp-content\/uploads\/2019\/08\/dannunzioconfronto2-64x64.jpg 64w, https:\/\/thefinitive.com\/wp-content\/uploads\/2019\/08\/dannunzioconfronto2-150x150.jpg 150w, https:\/\/thefinitive.com\/wp-content\/uploads\/2019\/08\/dannunzioconfronto2-768x768.jpg 768w, https:\/\/thefinitive.com\/wp-content\/uploads\/2019\/08\/dannunzioconfronto2-1024x1024.jpg 1024w, https:\/\/thefinitive.com\/wp-content\/uploads\/2019\/08\/dannunzioconfronto2-45x45.jpg 45w\" sizes=\"(max-width: 300px) 100vw, 300px\" \/><\/p>\n<p>L&#8217;attestato \u00e8 in ottime condizioni di conservazione, non presenta danni e n\u00e9 riparazioni, cos\u00ec come la <a href=\"https:\/\/it.wikipedia.org\/wiki\/Medaglia_commemorativa_della_spedizione_di_Fiume\">medaglia<\/a>, originale, risulta essere perfetta. Entrambi gli articoli sono protetti sotto vetro ed in cornice coeva, avendo ripristinata la fodera cartacea posteriore della cornice.<\/p>\n<h2 id=\"firstHeading\" class=\"firstHeading\">Impresa di Fiume<\/h2>\n<div id=\"bodyContent\" class=\"mw-body-content\">\n<div id=\"jump-to-nav\"><a class=\"image\" href=\"https:\/\/it.wikipedia.org\/wiki\/File:Foto_Fiume.jpg\"><img loading=\"lazy\" decoding=\"async\" src=\"https:\/\/upload.wikimedia.org\/wikipedia\/it\/thumb\/a\/a7\/Foto_Fiume.jpg\/260px-Foto_Fiume.jpg\" alt=\"Foto Fiume.jpg\" width=\"260\" height=\"148\" data-file-width=\"1500\" data-file-height=\"856\" \/><\/a><\/div>\n<div>D&#8217;Annunzio con alcuni legionari a Fiume nel 1919<\/div>\n<div><\/div>\n<div><\/div>\n<div>L&#8217;<b>Impresa di Fiume<\/b>\u00a0consistette nella ribellione di alcuni reparti del\u00a0Regio Esercito al fine di occupare la citt\u00e0 di Fiume, contesa tra il Regno d&#8217;Italia e il Regno di\u00a0Jugoslavia. Organizzata da un fronte politico a prevalenza\u00a0nazionalista\u00a0e guidata dal poeta\u00a0Gabriele D&#8217;Annunzio, la spedizione raggiunse Fiume il 12 settembre 1919, proclamandone l&#8217;annessione al\u00a0Regno d&#8217;Italia.<\/div>\n<div id=\"mw-content-text\" class=\"mw-content-ltr\" dir=\"ltr\" lang=\"it\">\n<div class=\"mw-parser-output\">\n<p>L&#8217;occupazione dei &#8220;legionari&#8221; dannunziani dur\u00f2 16 mesi con alterne vicende, tra cui la proclamazione della\u00a0Reggenza italiana del Carnaro. L&#8217;impresa fiumana raggiunse l&#8217;epilogo con l&#8217;approvazione del Trattato di Rapallo. L&#8217;opposizione dei dannunziani all&#8217;applicazione del trattato port\u00f2 il governo\u00a0Giolitti\u00a0ad intervenire con la forza, sgombrando Fiume durante le\u00a0giornate del Natale 1920.<\/p>\n<p>&nbsp;<\/p>\n<\/div>\n<\/div>\n<\/div>\n<h2><span id=\"Antefatti\" class=\"mw-headline\">Antefatti<\/span><\/h2>\n<p>Nel 1910 secondo un censimento, la popolazione di Fiume era pari a 49806 abitanti, e cos\u00ec suddivisa: 24212 dichiaravano di avere come <i>lingua d&#8217;uso<\/i> l&#8217;italiano, 12926 il serbocroato e altre lingue, soprattutto ungherese, sloveno e tedesco. Nel censimento non si consideravano i dati della localit\u00e0 di\u00a0Sussak, quartiere a maggioranza croata sorto in epoca recente a est della Fiumara. Quest&#8217;ultimo era il corso d&#8217;acqua che suddivideva la municipalit\u00e0 di Fiume (formalmente dipendente dalla Corona Ungherese) dal\u00a0<i>Regno di Croazia<\/i>. La citt\u00e0 di Fiume aveva sempre lottato contro la propria annessione al\u00a0<i>Regno di Croazia.<\/i><\/p>\n<p>Alla conclusione del primo conflitto mondiale, dalle\u00a0trattative di pace, l&#8217;Italia ottenne le terre irredente\u00a0di\u00a0Trento\u00a0e\u00a0Trieste ma l&#8217;opposizione del presidente statunitense\u00a0Wilson\u00a0condusse a una situazione di stallo per quanto riguardava la\u00a0Dalmazia\u00a0e Fiume: la prima era promessa all&#8217;Italia col\u00a0patto di Londra; la seconda era reclamata dagli italiani in quanto abitata prevalentemente da connazionali, tanto che gi\u00e0 nell&#8217;ottobre\u00a01918\u00a0a Fiume si era costituito un Consiglio nazionale che propugnava l&#8217;annessione all&#8217;Italia, di cui fu nominato presidente\u00a0Antonio Grossich. I rappresentanti italiani a Parigi\u00a0Vittorio Emanuele Orlando\u00a0e\u00a0Sidney Sonnino, dopo aver polemicamente abbandonato il tavolo delle trattative il 24 aprile, non avendo colto i risultati sperati, vi fecero ritorno il 5 maggio.<\/p>\n<h2><span id=\"Gli_incidenti_di_Fiume\" class=\"mw-headline\">Gli incidenti di Fiume<\/span><\/h2>\n<p>A Fiume, gi\u00e0 ad aprile\u00a0Giovanni Host-Venturi\u00a0e\u00a0Giovanni Giuriati\u00a0avevano iniziato a creare una\u00a0Legione fiumana costituita da volontari per difendere la citt\u00e0.<\/p>\n<p>Nel frattempo d&#8217;Annunzio si era recato a Roma per tenere una serie di comizi in favore dell&#8217;italianit\u00e0 di Fiume, ed i suoi discorsi infuocati suscitarono l&#8217;emozione e l&#8217;attestato dei moltissimi giovani reduci che ritornati dalla guerra erano rimasti disoccupati. Insistendo sull&#8217;onta della vittoria mutilata. Intanto a Fiume la situazione diveniva sempre pi\u00f9 incandescente e si susseguivano costantemente manifestazioni della popolazione a favore dell&#8217;italianit\u00e0 della citt\u00e0 e incidenti tra i vari reparti delle quattro nazioni che al termine del conflitto avevano occupato la citt\u00e0 (italiani, francesi, inglesi, americani). Il 29 giugno 1919 scoppiarono tumulti fra i militari francesi, i cui ufficiali avevano osato strappare il tricolore italiano appuntato sulle vesti delle donne fiumane, e la popolazione civile, in soccorso della quale intervennero soldati e marinai italiani: nove morti e molti feriti costituirono il numero degli scontri, protrattisi fino al 6 luglio, noti come \u201cVespri fiumani\u201d; Parigi decise lo scioglimento del Consiglio Nazionale Fiumano e pretese il ritiro dei militari italiani (falsamente accusati di avere provocato gli incidenti).<\/p>\n<p>Il 30 giugno 1919 una delegazione guidata da Grossich incontr\u00f2 a Roma d&#8217;Annunzio, chiedendogli di assumere la guida del movimento di resistenza fiumano: d&#8217;Annunzio accett\u00f2, e su attestato autografo redatto, si convenne di procedere all&#8217;arruolamento di volontari nell&#8217;ambito dei vari raggruppamenti nazionalisti per farli successivamente convergere a Fiume. A Parigi si decisero cos\u00ec alcune sanzioni e l&#8217;allontanamento dei Granatieri di Sardegna i quali sotto il comando del generale Mario Grazioli, lasciarono Fiume il 25 agosto 1919 acquartierandosi a Ronchi. Da qui sette ufficiali inviarono a D&#8217;Annunzio una lettera in cui lo invitavano a porsi a capo di una spedizione che a Fiume ne rivendicasse l&#8217;italianit\u00e0.<\/p>\n<h2><span id=\"La_Marcia_di_Ronchi\" class=\"mw-headline\">La Marcia di Ronchi<\/span><\/h2>\n<div class=\"thumb tright\">\n<div class=\"thumbinner\">\n<div class=\"thumbcaption\">\n<div class=\"magnify\">Dopo alcuni giorni D&#8217;Annunzio ruppe gli indugi e garant\u00ec il proprio arrivo a Ronchi per il 7 settembre, ma a causa di una intempestiva febbre pot\u00e9 onorare il proprio impegno solo l&#8217;11 dello stesso mese. Intanto a Ronchi erano gi\u00e0 arrivati numerosi volontari.<\/div>\n<\/div>\n<\/div>\n<\/div>\n<p>D&#8217;Annunzio inform\u00f2 Mussolini solo il giorno prima della partenza per Fiume quando, sciolta ogni riserva ed attestato che non vi fosse nessun altro impedimento, gli invi\u00f2 una lettera (con autografo) chiedendogli sostegno.<\/p>\n<table class=\"citazione-table\" style=\"height: 105px;\" width=\"864\">\n<tbody>\n<tr>\n<td>\u00abMio caro compagno, il dado \u00e8 tratto. Parto ora. Domattina prender\u00f2 Fiume con le armi. Il Dio d&#8217;Italia ci assista. Mi levo dal letto febbricitante. Ma non \u00e8 possibile differire. Anche una volta lo spirito domer\u00e0 la carne miserabile&#8230; Sostenete la Causa vigorosamente, durante il conflitto. Vi abbraccio.\u00bb<\/td>\n<\/tr>\n<tr>\n<td><\/td>\n<\/tr>\n<\/tbody>\n<\/table>\n<p>Qui giunsero anche i volontari al seguito del tenente Guido Keller. Il <strong>12 settembre<\/strong> i granatieri comandati dal maggiore Reina intrapresero la Marcia di Ronchi, ed in viaggio verso Fiume alla colonna si unirono altri volontari tra cui alcuni gruppi di bersaglieri\u00a0che in realt\u00e0 avrebbero dovuto bloccarlo. Oltrepassato il confine presidiato dal generale\u00a0Vittorio Emanuele Pittaluga, dopo essersi congiunto con la Legione Fiumana di Host-Venturi, D&#8217;Annunzio prese possesso della citt\u00e0 acclamato dalla popolazione italiana e dai volontari l\u00ec presenti. Nel pomeriggio <strong>D&#8217;Annunzio<\/strong> proclam\u00f2 l&#8217;<strong>annessione all&#8217;Italia di Fiume<\/strong>.<\/p>\n<table class=\"citazione-table\">\n<tbody>\n<tr>\n<td>\u00abItaliani di Fiume! Nel mondo folle e vile, Fiume \u00e8 oggi il segno della libert\u00e0; nel mondo folle e vile vi \u00e8 una sola verit\u00e0: e questa \u00e8 Fiume; vi \u00e8 un solo amore: e questo \u00e8 Fiume! Fiume \u00e8 come un faro luminoso che splende in mezzo ad un mare di abiezione&#8230; Io soldato, io volontario, io mutilato di guerra, credo di interpretare la volont\u00e0 di tutto il sano popolo d&#8217;Italia proclamando l&#8217;annessione di Fiume.\u00bb<\/td>\n<\/tr>\n<tr>\n<td>(<small>Dal discorso tenuto da D&#8217;Annunzio il 12 settembre dal Palazzo del Governo di Fiume<\/small>)<\/td>\n<\/tr>\n<\/tbody>\n<\/table>\n<p>Questa giornata sar\u00e0 in seguito celebrata come il giorno della &#8220;<strong><i>Santa Entrata<\/i><\/strong>&#8220;.<\/p>\n<p>Il 22 settembre approd\u00f2 la Nave della Regia marina &#8220;Cortellazzo&#8221; (ex incrociatore Marco Polo) che si un\u00ec ai legionari di D&#8217;Annunzio.<\/p>\n<p>&#8230; omissis &#8230; omissis &#8230;<\/p>\n<h2><\/h2>\n<h2><span id=\"Voci_correlate\" class=\"mw-headline\">Argomenti<\/span><\/h2>\n<ul>\n<li><a title=\"Stella d'oro di Fiume\" href=\"https:\/\/it.wikipedia.org\/wiki\/Stella_d%27oro_di_Fiume\">Stella d&#8217;oro di Fiume<\/a><\/li>\n<li><a title=\"Medaglie e croci di Fiume\" href=\"https:\/\/it.wikipedia.org\/wiki\/Medaglie_e_croci_di_Fiume\">Medaglie e croci di Fiume<\/a><\/li>\n<\/ul>\n<div id=\"bodyContent\" class=\"mw-body-content\">\n<p>&nbsp;<\/p>\n<p><em>Fonti Wikipedia, l&#8217;enciclopedia libera, dove poter approfondire l&#8217;argomento data la notevole mole di notizie presenti &#8230;\u00a0<\/em><\/p>\n<\/div>\n<p>9.19<\/p>\n","protected":false},"excerpt":{"rendered":"<p>Attestato e medaglia rilasciati ad un legionario fiumano per la commemorazione della <strong>Marcia di Ronchi dei Legionari<\/strong> , cio\u00e8 per la presa di Fiume , 1919, con autografo originale di <strong>Gabriele d&#8217;Annunzio<\/strong>. Attestato riportante il numero di assegnazione <strong>1936<\/strong> ,\u00a0 corrispondente al legionario ascritto nell&#8217;attestato in oggetto. Lotto in ottime condizioni di conservazione, incorniciato in cornice coeva, rifoderato al retro.<\/p>\n<p><strong><em>(Scorri la pagina in basso per ulteriori dettagli e informazioni)<\/em><\/strong><\/p>\n","protected":false},"featured_media":7314,"comment_status":"open","ping_status":"closed","template":"","meta":[],"product_cat":[586],"product_tag":[217,207,208,182,203,278,209,201,204,202,205,206],"yoast_head":"<!-- This site is optimized with the Yoast SEO plugin v21.9.1 - https:\/\/yoast.com\/wordpress\/plugins\/seo\/ -->\n<title>d&#039;annunzio fiume attestato autografo marcia di ronchi medaglia- Thefinitive<\/title>\n<meta name=\"description\" content=\"Medaglia con attestato originale numerato e firmato da d&#039;Annunzio con autografo di suo pugno per la marcia su Fiume \/ Ronchi dei Legionari\" \/>\n<meta name=\"robots\" content=\"index, follow, max-snippet:-1, max-image-preview:large, max-video-preview:-1\" \/>\n<link rel=\"canonical\" href=\"https:\/\/thefinitive.com\/en\/prodotto\/dannunzio-fiume-attestato-autografo-marcia-di-ronchi-medaglia\/\" \/>\n<meta property=\"og:locale\" content=\"en_US\" \/>\n<meta property=\"og:type\" content=\"article\" \/>\n<meta property=\"og:title\" content=\"d&#039;annunzio fiume attestato autografo marcia di ronchi medaglia- Thefinitive\" \/>\n<meta property=\"og:description\" content=\"Medaglia con attestato originale numerato e firmato da d&#039;Annunzio con autografo di suo pugno per la marcia su Fiume \/ Ronchi dei Legionari\" \/>\n<meta property=\"og:url\" content=\"https:\/\/thefinitive.com\/en\/prodotto\/dannunzio-fiume-attestato-autografo-marcia-di-ronchi-medaglia\/\" \/>\n<meta property=\"og:site_name\" content=\"Thefinitive\" \/>\n<meta property=\"article:publisher\" content=\"https:\/\/business.facebook.com\/Thefinitive-111771813534320\/\" \/>\n<meta property=\"article:modified_time\" content=\"2023-03-20T14:47:52+00:00\" \/>\n<meta property=\"og:image\" content=\"https:\/\/thefinitive.com\/wp-content\/uploads\/2020\/03\/20190802_154021-scaled.jpg\" \/>\n\t<meta property=\"og:image:width\" content=\"1857\" \/>\n\t<meta property=\"og:image:height\" content=\"2560\" \/>\n\t<meta property=\"og:image:type\" content=\"image\/jpeg\" \/>\n<meta name=\"twitter:card\" content=\"summary_large_image\" \/>\n<meta name=\"twitter:label1\" content=\"Est. reading time\" \/>\n\t<meta name=\"twitter:data1\" content=\"7 minutes\" \/>\n<script type=\"application\/ld+json\" class=\"yoast-schema-graph\">{\"@context\":\"https:\/\/schema.org\",\"@graph\":[{\"@type\":\"WebPage\",\"@id\":\"https:\/\/thefinitive.com\/en\/prodotto\/dannunzio-fiume-attestato-autografo-marcia-di-ronchi-medaglia\/\",\"url\":\"https:\/\/thefinitive.com\/en\/prodotto\/dannunzio-fiume-attestato-autografo-marcia-di-ronchi-medaglia\/\",\"name\":\"d'annunzio fiume attestato autografo marcia di ronchi medaglia- Thefinitive\",\"isPartOf\":{\"@id\":\"https:\/\/thefinitive.com\/en\/#website\"},\"datePublished\":\"2020-03-27T13:37:24+00:00\",\"dateModified\":\"2023-03-20T14:47:52+00:00\",\"description\":\"Medaglia con attestato originale numerato e firmato da d'Annunzio con autografo di suo pugno per la marcia su Fiume \/ Ronchi dei Legionari\",\"breadcrumb\":{\"@id\":\"https:\/\/thefinitive.com\/en\/prodotto\/dannunzio-fiume-attestato-autografo-marcia-di-ronchi-medaglia\/#breadcrumb\"},\"inLanguage\":\"en-US\",\"potentialAction\":[{\"@type\":\"ReadAction\",\"target\":[\"https:\/\/thefinitive.com\/en\/prodotto\/dannunzio-fiume-attestato-autografo-marcia-di-ronchi-medaglia\/\"]}]},{\"@type\":\"BreadcrumbList\",\"@id\":\"https:\/\/thefinitive.com\/en\/prodotto\/dannunzio-fiume-attestato-autografo-marcia-di-ronchi-medaglia\/#breadcrumb\",\"itemListElement\":[{\"@type\":\"ListItem\",\"position\":1,\"name\":\"Home\",\"item\":\"https:\/\/thefinitive.com\/en\/\"},{\"@type\":\"ListItem\",\"position\":2,\"name\":\"Shop\",\"item\":\"https:\/\/thefinitive.com\/en\/shop-2\/\"},{\"@type\":\"ListItem\",\"position\":3,\"name\":\"\u274c\ud83d\ude41d&#8217;Annunzio Fiume attestato autografo Marcia di Ronchi medaglia\"}]},{\"@type\":\"WebSite\",\"@id\":\"https:\/\/thefinitive.com\/en\/#website\",\"url\":\"https:\/\/thefinitive.com\/en\/\",\"name\":\"Thefinitive\",\"description\":\"Antiquariato Online\",\"publisher\":{\"@id\":\"https:\/\/thefinitive.com\/en\/#organization\"},\"potentialAction\":[{\"@type\":\"SearchAction\",\"target\":{\"@type\":\"EntryPoint\",\"urlTemplate\":\"https:\/\/thefinitive.com\/en\/?s={search_term_string}\"},\"query-input\":\"required name=search_term_string\"}],\"inLanguage\":\"en-US\"},{\"@type\":\"Organization\",\"@id\":\"https:\/\/thefinitive.com\/en\/#organization\",\"name\":\"Thefinitive\",\"url\":\"https:\/\/thefinitive.com\/en\/\",\"logo\":{\"@type\":\"ImageObject\",\"inLanguage\":\"en-US\",\"@id\":\"https:\/\/thefinitive.com\/en\/#\/schema\/logo\/image\/\",\"url\":\"https:\/\/thefinitive.com\/wp-content\/uploads\/2019\/07\/logo4vett.svg\",\"contentUrl\":\"https:\/\/thefinitive.com\/wp-content\/uploads\/2019\/07\/logo4vett.svg\",\"width\":500,\"height\":100,\"caption\":\"Thefinitive\"},\"image\":{\"@id\":\"https:\/\/thefinitive.com\/en\/#\/schema\/logo\/image\/\"},\"sameAs\":[\"https:\/\/business.facebook.com\/Thefinitive-111771813534320\/\",\"https:\/\/www.instagram.com\/_thefinitive_\/\"]}]}<\/script>\n<!-- \/ Yoast SEO plugin. -->","yoast_head_json":{"title":"d'annunzio fiume attestato autografo marcia di ronchi medaglia- Thefinitive","description":"Medaglia con attestato originale numerato e firmato da d'Annunzio con autografo di suo pugno per la marcia su Fiume \/ Ronchi dei Legionari","robots":{"index":"index","follow":"follow","max-snippet":"max-snippet:-1","max-image-preview":"max-image-preview:large","max-video-preview":"max-video-preview:-1"},"canonical":"https:\/\/thefinitive.com\/en\/prodotto\/dannunzio-fiume-attestato-autografo-marcia-di-ronchi-medaglia\/","og_locale":"en_US","og_type":"article","og_title":"d'annunzio fiume attestato autografo marcia di ronchi medaglia- Thefinitive","og_description":"Medaglia con attestato originale numerato e firmato da d'Annunzio con autografo di suo pugno per la marcia su Fiume \/ Ronchi dei Legionari","og_url":"https:\/\/thefinitive.com\/en\/prodotto\/dannunzio-fiume-attestato-autografo-marcia-di-ronchi-medaglia\/","og_site_name":"Thefinitive","article_publisher":"https:\/\/business.facebook.com\/Thefinitive-111771813534320\/","article_modified_time":"2023-03-20T14:47:52+00:00","og_image":[{"width":1857,"height":2560,"url":"https:\/\/thefinitive.com\/wp-content\/uploads\/2020\/03\/20190802_154021-scaled.jpg","type":"image\/jpeg"}],"twitter_card":"summary_large_image","twitter_misc":{"Est. reading time":"7 minutes"},"schema":{"@context":"https:\/\/schema.org","@graph":[{"@type":"WebPage","@id":"https:\/\/thefinitive.com\/en\/prodotto\/dannunzio-fiume-attestato-autografo-marcia-di-ronchi-medaglia\/","url":"https:\/\/thefinitive.com\/en\/prodotto\/dannunzio-fiume-attestato-autografo-marcia-di-ronchi-medaglia\/","name":"d'annunzio fiume attestato autografo marcia di ronchi medaglia- Thefinitive","isPartOf":{"@id":"https:\/\/thefinitive.com\/en\/#website"},"datePublished":"2020-03-27T13:37:24+00:00","dateModified":"2023-03-20T14:47:52+00:00","description":"Medaglia con attestato originale numerato e firmato da d'Annunzio con autografo di suo pugno per la marcia su Fiume \/ Ronchi dei Legionari","breadcrumb":{"@id":"https:\/\/thefinitive.com\/en\/prodotto\/dannunzio-fiume-attestato-autografo-marcia-di-ronchi-medaglia\/#breadcrumb"},"inLanguage":"en-US","potentialAction":[{"@type":"ReadAction","target":["https:\/\/thefinitive.com\/en\/prodotto\/dannunzio-fiume-attestato-autografo-marcia-di-ronchi-medaglia\/"]}]},{"@type":"BreadcrumbList","@id":"https:\/\/thefinitive.com\/en\/prodotto\/dannunzio-fiume-attestato-autografo-marcia-di-ronchi-medaglia\/#breadcrumb","itemListElement":[{"@type":"ListItem","position":1,"name":"Home","item":"https:\/\/thefinitive.com\/en\/"},{"@type":"ListItem","position":2,"name":"Shop","item":"https:\/\/thefinitive.com\/en\/shop-2\/"},{"@type":"ListItem","position":3,"name":"\u274c\ud83d\ude41d&#8217;Annunzio Fiume attestato autografo Marcia di Ronchi medaglia"}]},{"@type":"WebSite","@id":"https:\/\/thefinitive.com\/en\/#website","url":"https:\/\/thefinitive.com\/en\/","name":"Thefinitive","description":"Antiquariato Online","publisher":{"@id":"https:\/\/thefinitive.com\/en\/#organization"},"potentialAction":[{"@type":"SearchAction","target":{"@type":"EntryPoint","urlTemplate":"https:\/\/thefinitive.com\/en\/?s={search_term_string}"},"query-input":"required name=search_term_string"}],"inLanguage":"en-US"},{"@type":"Organization","@id":"https:\/\/thefinitive.com\/en\/#organization","name":"Thefinitive","url":"https:\/\/thefinitive.com\/en\/","logo":{"@type":"ImageObject","inLanguage":"en-US","@id":"https:\/\/thefinitive.com\/en\/#\/schema\/logo\/image\/","url":"https:\/\/thefinitive.com\/wp-content\/uploads\/2019\/07\/logo4vett.svg","contentUrl":"https:\/\/thefinitive.com\/wp-content\/uploads\/2019\/07\/logo4vett.svg","width":500,"height":100,"caption":"Thefinitive"},"image":{"@id":"https:\/\/thefinitive.com\/en\/#\/schema\/logo\/image\/"},"sameAs":["https:\/\/business.facebook.com\/Thefinitive-111771813534320\/","https:\/\/www.instagram.com\/_thefinitive_\/"]}]}},"_links":{"self":[{"href":"https:\/\/thefinitive.com\/en\/wp-json\/wp\/v3\/product\/4950"}],"collection":[{"href":"https:\/\/thefinitive.com\/en\/wp-json\/wp\/v3\/product"}],"about":[{"href":"https:\/\/thefinitive.com\/en\/wp-json\/wp\/v2\/types\/product"}],"replies":[{"embeddable":true,"href":"https:\/\/thefinitive.com\/en\/wp-json\/wp\/v2\/comments?post=4950"}],"version-history":[{"count":1,"href":"https:\/\/thefinitive.com\/en\/wp-json\/wp\/v3\/product\/4950\/revisions"}],"predecessor-version":[{"id":14784,"href":"https:\/\/thefinitive.com\/en\/wp-json\/wp\/v3\/product\/4950\/revisions\/14784"}],"wp:featuredmedia":[{"embeddable":true,"href":"https:\/\/thefinitive.com\/en\/wp-json\/wp\/v2\/media\/7314"}],"wp:attachment":[{"href":"https:\/\/thefinitive.com\/en\/wp-json\/wp\/v2\/media?parent=4950"}],"wp:term":[{"taxonomy":"product_cat","embeddable":true,"href":"https:\/\/thefinitive.com\/en\/wp-json\/wp\/v2\/product_cat?post=4950"},{"taxonomy":"product_tag","embeddable":true,"href":"https:\/\/thefinitive.com\/en\/wp-json\/wp\/v2\/product_tag?post=4950"}],"curies":[{"name":"wp","href":"https:\/\/api.w.org\/{rel}","templated":true}]}}