{"id":4943,"date":"2020-03-27T13:12:12","date_gmt":"2020-03-27T13:12:12","guid":{"rendered":"https:\/\/www.thefinitive.com\/?post_type=product&#038;p=4943"},"modified":"2023-03-20T15:48:06","modified_gmt":"2023-03-20T14:48:06","slug":"aeropoema-futurista-torri-di-siena-dina-cucini-1942","status":"publish","type":"product","link":"https:\/\/thefinitive.com\/en\/prodotto\/aeropoema-futurista-torri-di-siena-dina-cucini-1942\/","title":{"rendered":"\u274c\ud83d\ude41Aeropoema futurista Torri di Siena &#8211; Dina Cucini &#8211; 1942"},"content":{"rendered":"<p><strong>&#8221; L&#8217;AEROPOEMA FUTURISTA DELLE TORRI DI SIENA &#8211; In versi liberi e parole in libert\u00e0 &#8221;\u00a0 <\/strong>libro di <strong>Dina Cucini<\/strong> . \u00a0Con introduzione di <strong>Filippo Tommaso Marinetti<\/strong> , <strong>sansepolcrista<\/strong> e <strong>Accademico<\/strong> <strong>d&#8217;Italia<\/strong>. Autrice senese vincitrice del primo premio del &#8220;Poeta Originale&#8221; ex-equo con l&#8217;aeropoeta futurista Pino Masnata e l&#8217;aeropoetessa futurista Maria Goretti.<\/p>\n<p>Finito di stampare il 20 Maggio <strong>1942<\/strong>, anno XX dell&#8217;era fascista, nella tipografia Cuggiani, Roma.<\/p>\n<p>Copertina morbida. Il libro \u00e8 in buone condizioni, alcune pagine centrali sono sganciate dalla legatura. Non ci sono macchie o altri danni alla carta.<\/p>\n<p>&nbsp;<\/p>\n<p><strong>AUTORE &#8230;&#8230;&#8230;&#8230;&#8230;&#8230;&#8230;&#8230;&#8230;&#8230;.:\u00a0\u00a0<\/strong>Dina Cucini<\/p>\n<p><strong>ANNO DI PUBBLICAZIONE &#8230;&#8230;..:\u00a0<\/strong> 1942<\/p>\n<p><strong>MISURE &#8230;&#8230;&#8230;&#8230;&#8230;&#8230;&#8230;&#8230;&#8230;&#8230;..:\u00a0<\/strong> cm. 24,5 x 17<\/p>\n<p><strong>EDITORE &#8230;&#8230;&#8230;&#8230;&#8230;&#8230;&#8230;&#8230;&#8230;&#8230;:<\/strong>\u00a0 Edizioni Futuriste di &#8220;Poesia&#8221;<\/p>\n<p><strong>NUMERO DI PAGINE &#8230;&#8230;&#8230;&#8230;&#8230;.:<\/strong>\u00a0 37<\/p>\n<p><strong>LEGATURA &#8230;&#8230;&#8230;&#8230;&#8230;&#8230;&#8230;&#8230;&#8230;:<\/strong>\u00a0 Brossura editoriale<\/p>\n<p>&nbsp;<\/p>\n<p>&nbsp;<\/p>\n<div class=\"thumb tright\">\n<div class=\"thumbinner\">\n<h2 style=\"text-align: left;\">NOTIZIE<\/h2>\n<div class=\"thumb tright\">\n<div class=\"thumbinner\">\n<h2><span id=\"Vita\" class=\"mw-headline\">Dina Cucini<\/span><\/h2>\n<p><img loading=\"lazy\" decoding=\"async\" class=\"alignnone size-full wp-image-3268\" src=\"https:\/\/www.thefinitive.com\/wp-content\/uploads\/2019\/08\/dina-cucini_big.jpg\" alt=\"\" width=\"400\" height=\"251\" srcset=\"https:\/\/thefinitive.com\/wp-content\/uploads\/2019\/08\/dina-cucini_big.jpg 400w, https:\/\/thefinitive.com\/wp-content\/uploads\/2019\/08\/dina-cucini_big-64x40.jpg 64w, https:\/\/thefinitive.com\/wp-content\/uploads\/2019\/08\/dina-cucini_big-300x188.jpg 300w\" sizes=\"(max-width: 400px) 100vw, 400px\" \/><\/p>\n<p>&nbsp;<\/p>\n<p>Dina Cucini nasce a Siena\u00a0 il 10 Aprile 1905.<\/p>\n<p>Ben presto le vicende familiari la portarono lontano dalla citt\u00e0 toscana trasferendosi a Genova ma non perdendo mai i contatti con la sua citt\u00e0 Natale. Fu proprio a Siena per\u00f2 che Dina Cucini inizi\u00f2 a farsi conoscere grazie alle sue doti artistiche e grazie all&#8217;incontro con <strong>Marinetti<\/strong> il 18\/08\/1937 in occasione\u00a0 del II\u00b0 Concorso di Poesia Bacchica che la vide vincitrice, a pari merito, con la poesia &#8220;Al vino&#8221;.<\/p>\n<p>Continuando la collaborazione con Marinetti, la Cucini inizi\u00f2 a girare l&#8217;Italia per effettuare serate di declamazione della poesia futurista che la porter\u00e0 a partecipare e a vincere il premio letterario &#8220;Al poeta originale&#8221; a Bologna nel 1939. Grazie a questa vittoria riusc\u00ec a pubblicare nel 1942 l&#8217;unica sua raccolta &#8220;<strong>L&#8217;aeropoema futurista delle Torri di Siena<\/strong>&#8220;.<\/p>\n<p>Dal dopoguerra in poi la Cucini si ritir\u00f2 a Siena, continuando a scrivere e a dipingere solo per i suoi cari ma continuando a partecipare attivamente alla vita culturale di Siena, dove mori nel 1980.<\/p>\n<\/div>\n<\/div>\n<\/div>\n<\/div>\n<p>&nbsp;<\/p>\n<div class=\"thumb tright\">\n<div class=\"thumbinner\">\n<div class=\"thumb tright\">\n<div class=\"thumbinner\">\n<p><img loading=\"lazy\" decoding=\"async\" class=\"alignnone size-full wp-image-3266\" src=\"https:\/\/www.thefinitive.com\/wp-content\/uploads\/2019\/08\/Marinetti2.jpg\" alt=\"\" width=\"204\" height=\"302\" srcset=\"https:\/\/thefinitive.com\/wp-content\/uploads\/2019\/08\/Marinetti2.jpg 204w, https:\/\/thefinitive.com\/wp-content\/uploads\/2019\/08\/Marinetti2-64x95.jpg 64w, https:\/\/thefinitive.com\/wp-content\/uploads\/2019\/08\/Marinetti2-203x300.jpg 203w\" sizes=\"(max-width: 204px) 100vw, 204px\" \/><\/p>\n<p>&nbsp;<\/p>\n<p>&nbsp;<\/p>\n<\/div>\n<\/div>\n<\/div>\n<\/div>\n<p>Fonti \u00a0<em>Wikipedia , <a href=\"https:\/\/blog.libero.it\/dinacucini\/13077757.html\">Web<\/a><\/em><\/p>\n<p>&nbsp;<\/p>\n<p>9.19<\/p>\n","protected":false},"excerpt":{"rendered":"<p style=\"text-align: center;\"><strong>&#8221; L&#8217;AEROPOEMA FUTURISTA DELLE TORRI DI SIENA &#8211; In versi liberi e parole in libert\u00e0 &#8221;\u00a0 <\/strong>, di <strong>Dina Cucini<\/strong> . \u00a0Con introduzione di <strong>Filippo Tommaso Marinetti<\/strong> , <strong>sansepolcrista<\/strong> e <strong>Accademico<\/strong> <strong>d&#8217;Italia<\/strong>.\u00a0 Finito di stampare il 20 Maggio <strong>1942<\/strong> . Buone condizioni, alcune pagine centrali sono sganciate dalla legatura. Non ci sono macchie o altri danni alla carta.<\/p>\n<p style=\"text-align: center;\"><strong><em>(Scorri la pagina in basso per ulteriori dettagli e informazioni)<\/em><\/strong><\/p>\n<p>&nbsp;<\/p>\n<p>&nbsp;<\/p>\n","protected":false},"featured_media":3243,"comment_status":"open","ping_status":"closed","template":"","meta":[],"product_cat":[586],"product_tag":[163,155,282,250,314,356],"yoast_head":"<!-- This site is optimized with the Yoast SEO plugin v21.9.1 - https:\/\/yoast.com\/wordpress\/plugins\/seo\/ -->\n<title>\u274c\ud83d\ude41Aeropoema futurista Torri di Siena - Dina Cucini - 1942 - Thefinitive<\/title>\n<meta name=\"description\" content=\"Filippo Tommaso Marinetti - Dina Cucini - AEROPOEMA FUTURISTA DELLE TORRI DI SIENA - originale 1942 Futurismo - Futurism Futurist\" \/>\n<meta name=\"robots\" content=\"index, follow, max-snippet:-1, max-image-preview:large, max-video-preview:-1\" \/>\n<link rel=\"canonical\" href=\"https:\/\/thefinitive.com\/en\/prodotto\/aeropoema-futurista-torri-di-siena-dina-cucini-1942\/\" \/>\n<meta property=\"og:locale\" content=\"en_US\" \/>\n<meta property=\"og:type\" content=\"article\" \/>\n<meta property=\"og:title\" content=\"\u274c\ud83d\ude41Aeropoema futurista Torri di Siena - Dina Cucini - 1942 - Thefinitive\" \/>\n<meta property=\"og:description\" content=\"Filippo Tommaso Marinetti - Dina Cucini - AEROPOEMA FUTURISTA DELLE TORRI DI SIENA - originale 1942 Futurismo - Futurism Futurist\" \/>\n<meta property=\"og:url\" content=\"https:\/\/thefinitive.com\/en\/prodotto\/aeropoema-futurista-torri-di-siena-dina-cucini-1942\/\" \/>\n<meta property=\"og:site_name\" content=\"Thefinitive\" \/>\n<meta property=\"article:publisher\" content=\"https:\/\/business.facebook.com\/Thefinitive-111771813534320\/\" \/>\n<meta property=\"article:modified_time\" content=\"2023-03-20T14:48:06+00:00\" \/>\n<meta property=\"og:image\" content=\"https:\/\/thefinitive.com\/wp-content\/uploads\/2019\/08\/20190823_124805.jpg\" \/>\n\t<meta property=\"og:image:width\" content=\"2160\" \/>\n\t<meta property=\"og:image:height\" content=\"2160\" \/>\n\t<meta property=\"og:image:type\" content=\"image\/jpeg\" \/>\n<meta name=\"twitter:card\" content=\"summary_large_image\" \/>\n<meta name=\"twitter:label1\" content=\"Est. reading time\" \/>\n\t<meta name=\"twitter:data1\" content=\"1 minute\" \/>\n<script type=\"application\/ld+json\" class=\"yoast-schema-graph\">{\"@context\":\"https:\/\/schema.org\",\"@graph\":[{\"@type\":\"WebPage\",\"@id\":\"https:\/\/thefinitive.com\/en\/prodotto\/aeropoema-futurista-torri-di-siena-dina-cucini-1942\/\",\"url\":\"https:\/\/thefinitive.com\/en\/prodotto\/aeropoema-futurista-torri-di-siena-dina-cucini-1942\/\",\"name\":\"\u274c\ud83d\ude41Aeropoema futurista Torri di Siena - Dina Cucini - 1942 - Thefinitive\",\"isPartOf\":{\"@id\":\"https:\/\/thefinitive.com\/en\/#website\"},\"datePublished\":\"2020-03-27T13:12:12+00:00\",\"dateModified\":\"2023-03-20T14:48:06+00:00\",\"description\":\"Filippo Tommaso Marinetti - Dina Cucini - AEROPOEMA FUTURISTA DELLE TORRI DI SIENA - originale 1942 Futurismo - Futurism Futurist\",\"breadcrumb\":{\"@id\":\"https:\/\/thefinitive.com\/en\/prodotto\/aeropoema-futurista-torri-di-siena-dina-cucini-1942\/#breadcrumb\"},\"inLanguage\":\"en-US\",\"potentialAction\":[{\"@type\":\"ReadAction\",\"target\":[\"https:\/\/thefinitive.com\/en\/prodotto\/aeropoema-futurista-torri-di-siena-dina-cucini-1942\/\"]}]},{\"@type\":\"BreadcrumbList\",\"@id\":\"https:\/\/thefinitive.com\/en\/prodotto\/aeropoema-futurista-torri-di-siena-dina-cucini-1942\/#breadcrumb\",\"itemListElement\":[{\"@type\":\"ListItem\",\"position\":1,\"name\":\"Home\",\"item\":\"https:\/\/thefinitive.com\/en\/\"},{\"@type\":\"ListItem\",\"position\":2,\"name\":\"Shop\",\"item\":\"https:\/\/thefinitive.com\/en\/shop-2\/\"},{\"@type\":\"ListItem\",\"position\":3,\"name\":\"\u274c\ud83d\ude41Aeropoema futurista Torri di Siena &#8211; Dina Cucini &#8211; 1942\"}]},{\"@type\":\"WebSite\",\"@id\":\"https:\/\/thefinitive.com\/en\/#website\",\"url\":\"https:\/\/thefinitive.com\/en\/\",\"name\":\"Thefinitive\",\"description\":\"Antiquariato Online\",\"publisher\":{\"@id\":\"https:\/\/thefinitive.com\/en\/#organization\"},\"potentialAction\":[{\"@type\":\"SearchAction\",\"target\":{\"@type\":\"EntryPoint\",\"urlTemplate\":\"https:\/\/thefinitive.com\/en\/?s={search_term_string}\"},\"query-input\":\"required name=search_term_string\"}],\"inLanguage\":\"en-US\"},{\"@type\":\"Organization\",\"@id\":\"https:\/\/thefinitive.com\/en\/#organization\",\"name\":\"Thefinitive\",\"url\":\"https:\/\/thefinitive.com\/en\/\",\"logo\":{\"@type\":\"ImageObject\",\"inLanguage\":\"en-US\",\"@id\":\"https:\/\/thefinitive.com\/en\/#\/schema\/logo\/image\/\",\"url\":\"https:\/\/thefinitive.com\/wp-content\/uploads\/2019\/07\/logo4vett.svg\",\"contentUrl\":\"https:\/\/thefinitive.com\/wp-content\/uploads\/2019\/07\/logo4vett.svg\",\"width\":500,\"height\":100,\"caption\":\"Thefinitive\"},\"image\":{\"@id\":\"https:\/\/thefinitive.com\/en\/#\/schema\/logo\/image\/\"},\"sameAs\":[\"https:\/\/business.facebook.com\/Thefinitive-111771813534320\/\",\"https:\/\/www.instagram.com\/_thefinitive_\/\"]}]}<\/script>\n<!-- \/ Yoast SEO plugin. -->","yoast_head_json":{"title":"\u274c\ud83d\ude41Aeropoema futurista Torri di Siena - Dina Cucini - 1942 - Thefinitive","description":"Filippo Tommaso Marinetti - Dina Cucini - AEROPOEMA FUTURISTA DELLE TORRI DI SIENA - originale 1942 Futurismo - Futurism Futurist","robots":{"index":"index","follow":"follow","max-snippet":"max-snippet:-1","max-image-preview":"max-image-preview:large","max-video-preview":"max-video-preview:-1"},"canonical":"https:\/\/thefinitive.com\/en\/prodotto\/aeropoema-futurista-torri-di-siena-dina-cucini-1942\/","og_locale":"en_US","og_type":"article","og_title":"\u274c\ud83d\ude41Aeropoema futurista Torri di Siena - Dina Cucini - 1942 - Thefinitive","og_description":"Filippo Tommaso Marinetti - Dina Cucini - AEROPOEMA FUTURISTA DELLE TORRI DI SIENA - originale 1942 Futurismo - Futurism Futurist","og_url":"https:\/\/thefinitive.com\/en\/prodotto\/aeropoema-futurista-torri-di-siena-dina-cucini-1942\/","og_site_name":"Thefinitive","article_publisher":"https:\/\/business.facebook.com\/Thefinitive-111771813534320\/","article_modified_time":"2023-03-20T14:48:06+00:00","og_image":[{"width":2160,"height":2160,"url":"https:\/\/thefinitive.com\/wp-content\/uploads\/2019\/08\/20190823_124805.jpg","type":"image\/jpeg"}],"twitter_card":"summary_large_image","twitter_misc":{"Est. reading time":"1 minute"},"schema":{"@context":"https:\/\/schema.org","@graph":[{"@type":"WebPage","@id":"https:\/\/thefinitive.com\/en\/prodotto\/aeropoema-futurista-torri-di-siena-dina-cucini-1942\/","url":"https:\/\/thefinitive.com\/en\/prodotto\/aeropoema-futurista-torri-di-siena-dina-cucini-1942\/","name":"\u274c\ud83d\ude41Aeropoema futurista Torri di Siena - Dina Cucini - 1942 - Thefinitive","isPartOf":{"@id":"https:\/\/thefinitive.com\/en\/#website"},"datePublished":"2020-03-27T13:12:12+00:00","dateModified":"2023-03-20T14:48:06+00:00","description":"Filippo Tommaso Marinetti - Dina Cucini - AEROPOEMA FUTURISTA DELLE TORRI DI SIENA - originale 1942 Futurismo - Futurism Futurist","breadcrumb":{"@id":"https:\/\/thefinitive.com\/en\/prodotto\/aeropoema-futurista-torri-di-siena-dina-cucini-1942\/#breadcrumb"},"inLanguage":"en-US","potentialAction":[{"@type":"ReadAction","target":["https:\/\/thefinitive.com\/en\/prodotto\/aeropoema-futurista-torri-di-siena-dina-cucini-1942\/"]}]},{"@type":"BreadcrumbList","@id":"https:\/\/thefinitive.com\/en\/prodotto\/aeropoema-futurista-torri-di-siena-dina-cucini-1942\/#breadcrumb","itemListElement":[{"@type":"ListItem","position":1,"name":"Home","item":"https:\/\/thefinitive.com\/en\/"},{"@type":"ListItem","position":2,"name":"Shop","item":"https:\/\/thefinitive.com\/en\/shop-2\/"},{"@type":"ListItem","position":3,"name":"\u274c\ud83d\ude41Aeropoema futurista Torri di Siena &#8211; Dina Cucini &#8211; 1942"}]},{"@type":"WebSite","@id":"https:\/\/thefinitive.com\/en\/#website","url":"https:\/\/thefinitive.com\/en\/","name":"Thefinitive","description":"Antiquariato Online","publisher":{"@id":"https:\/\/thefinitive.com\/en\/#organization"},"potentialAction":[{"@type":"SearchAction","target":{"@type":"EntryPoint","urlTemplate":"https:\/\/thefinitive.com\/en\/?s={search_term_string}"},"query-input":"required name=search_term_string"}],"inLanguage":"en-US"},{"@type":"Organization","@id":"https:\/\/thefinitive.com\/en\/#organization","name":"Thefinitive","url":"https:\/\/thefinitive.com\/en\/","logo":{"@type":"ImageObject","inLanguage":"en-US","@id":"https:\/\/thefinitive.com\/en\/#\/schema\/logo\/image\/","url":"https:\/\/thefinitive.com\/wp-content\/uploads\/2019\/07\/logo4vett.svg","contentUrl":"https:\/\/thefinitive.com\/wp-content\/uploads\/2019\/07\/logo4vett.svg","width":500,"height":100,"caption":"Thefinitive"},"image":{"@id":"https:\/\/thefinitive.com\/en\/#\/schema\/logo\/image\/"},"sameAs":["https:\/\/business.facebook.com\/Thefinitive-111771813534320\/","https:\/\/www.instagram.com\/_thefinitive_\/"]}]}},"_links":{"self":[{"href":"https:\/\/thefinitive.com\/en\/wp-json\/wp\/v3\/product\/4943"}],"collection":[{"href":"https:\/\/thefinitive.com\/en\/wp-json\/wp\/v3\/product"}],"about":[{"href":"https:\/\/thefinitive.com\/en\/wp-json\/wp\/v2\/types\/product"}],"replies":[{"embeddable":true,"href":"https:\/\/thefinitive.com\/en\/wp-json\/wp\/v2\/comments?post=4943"}],"version-history":[{"count":1,"href":"https:\/\/thefinitive.com\/en\/wp-json\/wp\/v3\/product\/4943\/revisions"}],"predecessor-version":[{"id":14791,"href":"https:\/\/thefinitive.com\/en\/wp-json\/wp\/v3\/product\/4943\/revisions\/14791"}],"wp:featuredmedia":[{"embeddable":true,"href":"https:\/\/thefinitive.com\/en\/wp-json\/wp\/v2\/media\/3243"}],"wp:attachment":[{"href":"https:\/\/thefinitive.com\/en\/wp-json\/wp\/v2\/media?parent=4943"}],"wp:term":[{"taxonomy":"product_cat","embeddable":true,"href":"https:\/\/thefinitive.com\/en\/wp-json\/wp\/v2\/product_cat?post=4943"},{"taxonomy":"product_tag","embeddable":true,"href":"https:\/\/thefinitive.com\/en\/wp-json\/wp\/v2\/product_tag?post=4943"}],"curies":[{"name":"wp","href":"https:\/\/api.w.org\/{rel}","templated":true}]}}