{"id":4940,"date":"2020-03-27T13:07:41","date_gmt":"2020-03-27T13:07:41","guid":{"rendered":"https:\/\/www.thefinitive.com\/?post_type=product&#038;p=4940"},"modified":"2023-03-20T15:48:12","modified_gmt":"2023-03-20T14:48:12","slug":"500000-urgonmi-dalbisola-futurista-poema-damore-1937","status":"publish","type":"product","link":"https:\/\/thefinitive.com\/en\/prodotto\/500000-urgonmi-dalbisola-futurista-poema-damore-1937\/","title":{"rendered":"\u274c\ud83d\ude41500000 Urgonmi D&#8217;Albisola futurista &#8211; Poema d&#8217;amore &#8211; 1937"},"content":{"rendered":"<p><strong>&#8221; A.A.A. 500000 Urgonmi &#8211; Poema d&#8217;amore &#8221;\u00a0 ,\u00a0 Tullio d&#8217;Albisola<\/strong><strong> , <\/strong>futurista , edito in Milano, Giuseppe Morreale Editore (Tip. E. Zerboni), 1937, in 16\u00b0, brossura editoriale dell\u2019autore con illustrazione fotografica, pp. 84,\u00a0 [1] c. patinata f.t. con foto ritratto bianco e nero dell\u2019autore. Raccolta di poesie e parolibere con prefazione di <strong>Marinetti<\/strong>.<\/p>\n<p>Bruniture in copertina, segno in diagonale sulla parte centrale destra dello sfondo rosso, a lambire il titolo <strong>500000 Urgonmi<\/strong>\u00a0 , questo esemplare del poema futurista di Tullio d&#8217;Albisola \u00e8 comunque in pi\u00f9 che buone condizioni,\u00a0 come evidenziato dalle fotografie allegate.<\/p>\n<p>&nbsp;<\/p>\n<p><strong>AUTORE &#8230;&#8230;&#8230;&#8230;&#8230;&#8230;&#8230;&#8230;&#8230;&#8230;.:\u00a0 <\/strong>D&#8217;Albisola Tullio<\/p>\n<p><strong>ANNO DI PUBBLICAZIONE &#8230;&#8230;..:\u00a0<\/strong> 1937<\/p>\n<p><strong>EDITORE &#8230;&#8230;&#8230;&#8230;&#8230;&#8230;&#8230;&#8230;&#8230;&#8230;:<\/strong> Giuseppe Morreale Editore<\/p>\n<p><strong>NUMERO DI PAGINE &#8230;&#8230;&#8230;&#8230;&#8230;.:<\/strong>\u00a0 84<\/p>\n<p><strong>LEGATURA &#8230;&#8230;&#8230;&#8230;&#8230;&#8230;&#8230;&#8230;&#8230;:<\/strong>\u00a0 Brossura editoriale<\/p>\n<p>&nbsp;<\/p>\n<p>&nbsp;<\/p>\n<div class=\"thumb tright\">\n<div class=\"thumbinner\">\n<h2 style=\"text-align: left;\">NOTIZIE<\/h2>\n<div class=\"thumb tright\">\n<div class=\"thumbinner\">\n<p><strong>Tullio Mazzotti<\/strong> era il secondogenito di Giuseppe (1865-1944), vasaio, detto\u00a0<i>Bausin<\/i>, nato a Bolzino (frazione di\u00a0Varazze), e di Celestina Gerbino Promis. Il primogenito si chiamava Torido (1895-1988) e la sorella minore Vittoria. Nel 1903 Giuseppe Mazzotti ad\u00a0Albisola, in localit\u00e0 Pozzo Garitta, apr\u00ec la &#8220;<strong>Fabbrica di ceramiche d\u2019arte tradizionale e moderne Giuseppe Mazzotti<\/strong>&#8220;. Un forno era per le ceramiche artistiche. Torido s&#8217;iscrisse all\u2019Istituto di arti e mestieri di\u00a0Savona\u00a0e Tullio rimase a bottega col padre.<\/p>\n<p>All&#8217;inizio della I Guerra mondiale Torido era disegnatore all\u2019Ansaldo\u00a0e Tullio and\u00f2 soldato, nel Genio telegrafisti. Dopo la guerra Giuseppe Mazzotti per un periodo entr\u00f2 in societ\u00e0 con i fratelli ceramisti Valle. Tullio fu arrestato per una rissa con fascisti, fu condannato e poi assolto.<\/p>\n<div class=\"thumb tright\">\n<div class=\"thumbinner\">\n<p><a class=\"image\" href=\"https:\/\/it.wikipedia.org\/wiki\/File:Tullio_d%27albisola_(tullio_mazzotti),_per_casa_giuseppe_mazzotti,_boccale_policentrico_follia_anti_imitativa_di_tullio,_1930,_02.jpg\"><img loading=\"lazy\" decoding=\"async\" class=\"thumbimage\" src=\"https:\/\/upload.wikimedia.org\/wikipedia\/commons\/thumb\/c\/c7\/Tullio_d%27albisola_%28tullio_mazzotti%29%2C_per_casa_giuseppe_mazzotti%2C_boccale_policentrico_follia_anti_imitativa_di_tullio%2C_1930%2C_02.jpg\/220px-Tullio_d%27albisola_%28tullio_mazzotti%29%2C_per_casa_giuseppe_mazzotti%2C_boccale_policentrico_follia_anti_imitativa_di_tullio%2C_1930%2C_02.jpg\" srcset=\"\/\/upload.wikimedia.org\/wikipedia\/commons\/thumb\/c\/c7\/Tullio_d%27albisola_%28tullio_mazzotti%29%2C_per_casa_giuseppe_mazzotti%2C_boccale_policentrico_follia_anti_imitativa_di_tullio%2C_1930%2C_02.jpg\/330px-Tullio_d%27albisola_%28tullio_mazzotti%29%2C_per_casa_giuseppe_mazzotti%2C_boccale_policentrico_follia_anti_imitativa_di_tullio%2C_1930%2C_02.jpg 1.5x, \/\/upload.wikimedia.org\/wikipedia\/commons\/thumb\/c\/c7\/Tullio_d%27albisola_%28tullio_mazzotti%29%2C_per_casa_giuseppe_mazzotti%2C_boccale_policentrico_follia_anti_imitativa_di_tullio%2C_1930%2C_02.jpg\/440px-Tullio_d%27albisola_%28tullio_mazzotti%29%2C_per_casa_giuseppe_mazzotti%2C_boccale_policentrico_follia_anti_imitativa_di_tullio%2C_1930%2C_02.jpg 2x\" alt=\"\" width=\"220\" height=\"233\" data-file-width=\"2240\" data-file-height=\"2376\" \/><\/a><\/p>\n<div class=\"thumbcaption\">\n<div class=\"magnify\">Tullio d&#8217;Albisola (Tullio Mazzotti), per casa Giuseppe Mazzotti, Boccale policentrico <i>Follia anti imitativa di Tullio<\/i>, 1930<\/div>\n<\/div>\n<\/div>\n<\/div>\n<div class=\"thumb tright\">\n<div class=\"thumbinner\">\n<div class=\"thumbcaption\">\n<div class=\"magnify\"><\/div>\n<\/div>\n<\/div>\n<\/div>\n<p>Nel 1925 la ditta Mazzotti inaugur\u00f2 nuovi locali ad Albisola Superiore, pur mantenendo a Pozzo Garrita la produzione di ceramiche artistiche.\u00a0 I fratelli Mazzotti seguirono a Faenza, nel 1929, un corso di perfezionamento in ceramica artistica e a Faenza entrarono in contatto con\u00a0Gaetano Ballardini\u00a0e\u00a0Giuseppe Liverani. Impararono ad usare il forno elettrico. Nacque cos\u00ec, al loro ritorno, lo\u00a0<i>stile Albisola<\/i>.<\/p>\n<h3><span id=\"Tullio_futurista\" class=\"mw-headline\">Tullio futurista<\/span><\/h3>\n<p>A met\u00e0 degli anni Venti, Tullio ader\u00ec al\u00a0futurismo\u00a0e fu soprannominato\u00a0<b>Tullio d\u2019Albisola<\/b>\u00a0da\u00a0Filippo Tommaso Marinetti. Un gruppo di giovani artisti torinesi arrivarono ad Albisola: l\u2019architetto bulgaro\u00a0Nicolay Diulgheroff, il triestino\u00a0Farfa\u00a0(Vittorio Tommasini),\u00a0Pippo Oriani,\u00a0Mino Rosso,\u00a0Alberto Sartoris\u00a0e\u00a0Fillia\u00a0(Luigi Colombo) che esegu\u00ec disegni e modelli per la ditta Mazzotti. Albisola divenne cos\u00ec luogo di incontro per pittori, scultori e intellettuali legati al movimento futurista.<\/p>\n<p>Nel 1925 Tullio ide\u00f2 le ceramiche\u00a0<i>dinamiche<\/i>\u00a0dai forti e smaglianti cromatismi, con forme ispirate al futurismo: sono le prime ceramiche antidecorative, o\u00a0<i>antimitative<\/i>\u00a0&#8211; come le definir\u00e0 Tullio, nel suo opuscolo\u00a0<strong><em>La ceramica futurista\u00a0(Savona, 1939)<\/em><\/strong>.<\/p>\n<p>&nbsp;<\/p>\n<div class=\"thumb tright\">\n<div class=\"thumbinner\">\n<p><a class=\"image\" href=\"https:\/\/it.wikipedia.org\/wiki\/File:Nicolaj_diulgheroff_per_casa_giuseppe_mazzotti,_vaso,_1932_ca._01.jpg\"><img loading=\"lazy\" decoding=\"async\" class=\"thumbimage\" src=\"https:\/\/upload.wikimedia.org\/wikipedia\/commons\/thumb\/0\/0b\/Nicolaj_diulgheroff_per_casa_giuseppe_mazzotti%2C_vaso%2C_1932_ca._01.jpg\/220px-Nicolaj_diulgheroff_per_casa_giuseppe_mazzotti%2C_vaso%2C_1932_ca._01.jpg\" srcset=\"\/\/upload.wikimedia.org\/wikipedia\/commons\/thumb\/0\/0b\/Nicolaj_diulgheroff_per_casa_giuseppe_mazzotti%2C_vaso%2C_1932_ca._01.jpg\/330px-Nicolaj_diulgheroff_per_casa_giuseppe_mazzotti%2C_vaso%2C_1932_ca._01.jpg 1.5x, \/\/upload.wikimedia.org\/wikipedia\/commons\/thumb\/0\/0b\/Nicolaj_diulgheroff_per_casa_giuseppe_mazzotti%2C_vaso%2C_1932_ca._01.jpg\/440px-Nicolaj_diulgheroff_per_casa_giuseppe_mazzotti%2C_vaso%2C_1932_ca._01.jpg 2x\" alt=\"\" width=\"220\" height=\"251\" data-file-width=\"2072\" data-file-height=\"2368\" \/><\/a><\/p>\n<div class=\"thumbcaption\">\n<div class=\"magnify\">Nicolay Diulgheroff per casa Giuseppe Mazzotti, vaso, 1932 c.<\/div>\n<div><\/div>\n<\/div>\n<\/div>\n<\/div>\n<p>Nel 1927 Tullio partecip\u00f2 alla IV Biennale di arti decorative di Monza, inizi\u00f2 a collaborare con\u00a0Bruno Munari e esegu\u00ec modelli e decori dalle forme innovative e scomposte. Nel 1928 &#8211; 1930 espone in diverse mostre, e fonda il &#8220;Gruppo Sintesi&#8221;.<\/p>\n<p>Nel 1930 partecip\u00f2 alla Triennale di arti decorative industriali e moderne di Monza, ad &#8220;Arte futurista&#8221; ad Alessandria, alla &#8220;<strong>Mostra futurista architetto Sant\u2019Elia<\/strong>&#8221; e a &#8220;Ventidue pittori futuristi&#8221;, alla galleria Pesaro di Milano. Nel 1936 Tullio present\u00f2 alla VI Triennale di Milano un pannello in ceramica di 40 metri quadrati, con l&#8217;allegoria <strong><i>Le forze fasciste<\/i><\/strong>\u00a0e partecip\u00f2 alla &#8220;Mostra di plastica murale&#8221; a Genova, palazzo ducale, con sculture in ceramica di\u00a0Lucio Fontana, da lui realizzate. All\u2019Esposizione internazionale di Parigi, del 1937, Tullio espose\u00a0<i>Fregio delle corporazioni<\/i>, un grande pannello di ceramica &#8211; m 3 x 20 &#8211; realizzato in collaborazione con Strada.<\/p>\n<h3><span id=\"La_casa-laboratorio\" class=\"mw-headline\">La casa-laboratorio<\/span><\/h3>\n<p>Nel 1932 Tullio acquist\u00f2 un terreno, per costruire una modernissima casa-laboratorio-negozio, su progetto di <strong>Djulgheroff<\/strong>, cui fu aggiunta nel 1934 una nuova ala per i laboratori. &#8220;<strong>Casa Mazzotti<\/strong>&#8220;, oggi sede della ditta &#8220;<strong>Ceramiche Mazzotti<\/strong>&#8221;<\/p>\n<h3><span id=\"Con_l.27editoria_futurista\"><\/span><span id=\"Con_l'editoria_futurista\" class=\"mw-headline\">Con l&#8217;editoria futurista<\/span><\/h3>\n<p>Nell\u2019ottobre 1932, sulla rivista &#8220;<strong>Futurismo<\/strong>&#8221; Tullio pubblic\u00f2\u00a0<strong><i>Le ceramiche futuriste di Tullio d\u2019Albisola<\/i>\u00a0e\u00a0<i>Le ceramiche futuriste di Tullio d\u2019Albisola<\/i><\/strong>.\u00a0<i>Le realizzazioni futuriste in provincia di Savona<\/i>\u00a0\u00e8 del novembre 1932;\u00a0<i>Ceramiche e vetri<\/i>\u00a0del gennaio 1933 e\u00a0<i>Ceramisti d\u2019eccezione<\/i>\u00a0dell&#8217;aprile 1933, insieme a\u00a0<i>La Santabarbara futurista<\/i>. Sul mensile &#8220;Stile futurista&#8221;, di\u00a0<a title=\"Enrico Prampolini\" href=\"https:\/\/it.wikipedia.org\/wiki\/Enrico_Prampolini\">Enrico Prampolini<\/a>\u00a0e di Fillia, Tullio pubblic\u00f2\u00a0<i>Dalle &#8220;Tre Grazie&#8221; neoclassiche alle aeroceramiche futuriste<\/i> (ottobre 1934). Nel 1937 , Tullio d&#8217;Albisola pubblica <strong>AAA <em>500000 Urgonmi <\/em><\/strong>\u00a0poema futurista. Pubblic\u00f2 poi il libro <strong><i>La ceramica futurista<\/i>\u00a0<\/strong>(Savona, 1939).<\/p>\n<div class=\"thumb tright\">\n<div class=\"thumbinner\">\n<p><a class=\"image\" href=\"https:\/\/it.wikipedia.org\/wiki\/File:Giovanni_primi_per_casa_giuseppe_mazzotti,_primavera_(rondine),_maiolica_dipinta,_albisola_1921.jpg\"><img loading=\"lazy\" decoding=\"async\" class=\"thumbimage\" src=\"https:\/\/upload.wikimedia.org\/wikipedia\/commons\/thumb\/d\/db\/Giovanni_primi_per_casa_giuseppe_mazzotti%2C_primavera_%28rondine%29%2C_maiolica_dipinta%2C_albisola_1921.jpg\/220px-Giovanni_primi_per_casa_giuseppe_mazzotti%2C_primavera_%28rondine%29%2C_maiolica_dipinta%2C_albisola_1921.jpg\" srcset=\"\/\/upload.wikimedia.org\/wikipedia\/commons\/thumb\/d\/db\/Giovanni_primi_per_casa_giuseppe_mazzotti%2C_primavera_%28rondine%29%2C_maiolica_dipinta%2C_albisola_1921.jpg\/330px-Giovanni_primi_per_casa_giuseppe_mazzotti%2C_primavera_%28rondine%29%2C_maiolica_dipinta%2C_albisola_1921.jpg 1.5x, \/\/upload.wikimedia.org\/wikipedia\/commons\/thumb\/d\/db\/Giovanni_primi_per_casa_giuseppe_mazzotti%2C_primavera_%28rondine%29%2C_maiolica_dipinta%2C_albisola_1921.jpg\/440px-Giovanni_primi_per_casa_giuseppe_mazzotti%2C_primavera_%28rondine%29%2C_maiolica_dipinta%2C_albisola_1921.jpg 2x\" alt=\"\" width=\"220\" height=\"221\" data-file-width=\"1696\" data-file-height=\"1704\" \/><\/a><\/p>\n<div class=\"thumbcaption\">\n<div class=\"magnify\"><a title=\"Giovanni Prini\" href=\"https:\/\/it.wikipedia.org\/wiki\/Giovanni_Prini\">Giovanni Prini<\/a>, per casa Giuseppe Mazzotti,\u00a0<i>Primavera (rondine)<\/i>, maiolica dipinta, Albisola 1921<\/div>\n<\/div>\n<\/div>\n<\/div>\n<h3><\/h3>\n<h3><span id=\".22Lito-Latta.22\"><\/span><span id=\"&quot;Lito-Latta&quot;\" class=\"mw-headline\">&#8220;Lito-Latta&#8221;<\/span><\/h3>\n<p>Nel <strong>1932<\/strong>, con Marinetti ide\u00f2 il primo libro stampato su lamine di <strong>ferrostagno<\/strong>, litografato a colori. Gli editori erano &#8220;<strong>Lito-Latta<\/strong>&#8221; e &#8220;Edizioni futuriste di poesia&#8221;. In latta realizz\u00f2 poi\u00a0<strong><i>L\u2019anguria lirica<\/i><\/strong>, del <strong>1934<\/strong>, con presentazione di Marinetti e 12 litografie a colori, a piena pagina, di <strong>Bruno Munari<\/strong>. Contiene una raccolta di poesie, stampate su 42 fogli di latta, tirate in 101 esemplari, di cui 50 in commercio. Nel 1934 uscirono\u00a0<i>Parole in libert\u00e0 futurista. Tattili termiche olfattive<\/i>\u00a0di Marinetti, realizzate con 15 fogli di latta, contenenti 9 testi poetici e 12 litografie a colori a piena pagina di Tullio d&#8217;Albisola.<\/p>\n<h3><span id=\"Scultura_e_ceramiche_monumentali\" class=\"mw-headline\">Scultura e ceramiche monumentali<\/span><\/h3>\n<p>Tullio progett\u00f2 sculture seriali in lega di &#8220;cromo-alluminio&#8221;, che dal 1930 furono realizzate alla fonderia Mantegazza di Varazze. Il 10 aprile 1937 firm\u00f2 con altri, tra cui\u00a0<strong>Benedetta\u00a0Cappa Marinetti<\/strong> ed <strong>Enrico Prampolini<\/strong>, su &#8220;La Gazzetta del popolo&#8221;, il manifesto di Marinetti\u00a0<i>Poesia e arti corporative<\/i>, in cui \u00e8 scritto che il \u00abnuovo compito della poesia e delle arti nell\u2019Italia Imperiale Fascista figlia della Guerra Veloce [\u00e8] quello di organizzare con proficua distribuzione d\u2019intuiti e sforzi creativi l\u2019idealizzazione dei singoli lavori concettuali amministrativi manuali meccanici chimici\u00bb.<\/p>\n<p>Nel 1939-40 Tullio allest\u00ec a Napoli, su bozzetto di Enrico Prampolini, all\u2019esterno della Triennale d\u2019Oltremare, una monumentale ceramica murale. Nel <strong>1942<\/strong>, a <strong>Roma<\/strong>, per la futura mostra &#8220;<strong>E 42<\/strong>&#8221; present\u00f2 il progetto\u00a0Strada d\u2019oro, di m 1000 x 30. Dopo la morte del padre, nel 1944, i fratelli Mazzotti ripresero la produzione tradizionale, lavorando in particolare per ditte di prodotti dolciari e farmaceutici.<\/p>\n<div class=\"thumb tright\">\n<div class=\"thumbinner\">\n<p><a class=\"image\" href=\"https:\/\/it.wikipedia.org\/wiki\/File:Filippo_tommaso_marinetti_e_tullio_d%27albissola.jpg\"><img loading=\"lazy\" decoding=\"async\" class=\"thumbimage\" src=\"https:\/\/upload.wikimedia.org\/wikipedia\/it\/f\/f7\/Filippo_tommaso_marinetti_e_tullio_d%27albissola.jpg\" alt=\"\" width=\"200\" height=\"300\" data-file-width=\"200\" data-file-height=\"300\" \/><\/a><\/p>\n<div class=\"thumbcaption\">\n<div class=\"magnify\"><\/div>\n<p>Filippo Tommaso Marinetti\u00a0in compagnia di Tullio d&#8217;Albisola<\/p>\n<\/div>\n<\/div>\n<\/div>\n<h3><span id=\"Ultimi_anni\" class=\"mw-headline\">Ultimi anni<\/span><\/h3>\n<p>Negli anni Cinquanta i fratelli Mazzotti si avvalsero della collaborazione di artisti come Lucio Fontana &#8211; che nella veste di scultore in ceramica aveva lavorato per Mazzotti fin dal 1935 &#8211;\u00a0Giacomo Manz\u00f9,\u00a0Giuseppe Capogrossi\u00a0e\u00a0Aligi Sassu. Nel 1954 Tullio fu nominato membro aggiunto all\u2019Accademia internazionale della ceramica di Ginevra. Nel 1959 i fratelli si separarono: Torido divenne unico titolare della ditta &#8220;Giuseppe Mazzotti&#8221;, (G.M.A.), insieme ai suoi figli e poi ai suoi nipoti; Tullio invece fond\u00f2 la ditta &#8220;Vittoria Mazzotti&#8221;, con la sorella Vittoria e con la nipote Esa Baldantoni: oggi \u00e8 la ditta &#8220;Ceramiche Mazzotti&#8221;.<\/p>\n<p>Negli anni Sessanta Tullio pubblic\u00f2 il libro di poesie\u00a0<i>Amore del &#8220;gran fuoco&#8221;<\/i>\u00a0(Milano, 1963) e i saggi\u00a0<i>La ceramica popolare ligure<\/i>\u00a0(Milano, 1964) e\u00a0<i>Ceramiche omaggio a N. S. di Misericordia, per il 150 anniversario dell\u2019incoronazione di N. S. di Misericordia<\/i>\u00a0(Savona, 1966). Ad agosto 1965 gli fu concessa l\u2019onorificenza di Albisola la\u00a0<i>Rosa d\u2019oro<\/i>.<\/p>\n<p>&nbsp;<\/p>\n<\/div>\n<\/div>\n<\/div>\n<\/div>\n<p>Fonti \u00a0<em>Wikipedia\u00a0<\/em><\/p>\n<p>&nbsp;<\/p>\n<p>&nbsp;<\/p>\n<p>9.19<\/p>\n","protected":false},"excerpt":{"rendered":"<p style=\"text-align: center;\"><strong>&#8221; A.A.A. 500.000 Urgonmi &#8211; Poema d&#8217;amore &#8221;\u00a0 ,\u00a0 Tullio d&#8217;Albisola<\/strong><strong> , <\/strong>Milano, Giuseppe Morreale Editore (Tip. E. Zerboni), 1937, in 16\u00b0, brossura editoriale dell\u2019autore con illustrazione fotografica, pp. 84. Raccolta di poesie e parolibere con prefazione di <strong>Marinetti<\/strong>. Bruniture in copertina, segno in diagonale sulla parte centrale destra dello sfondo rosso, esemplare comunque in pi\u00f9 che buone condizioni,\u00a0 come evidenziato dalle fotografie allegate.<\/p>\n<p style=\"text-align: center;\"><strong><em>(Scorri la pagina in basso per ulteriori dettagli e informazioni)<\/em><\/strong><\/p>\n<p>&nbsp;<\/p>\n<p>9.19<\/p>\n","protected":false},"featured_media":3523,"comment_status":"open","ping_status":"closed","template":"","meta":[],"product_cat":[586],"product_tag":[402,404,408,409,245,155,282,250,407,314,405,406,403],"yoast_head":"<!-- This site is optimized with the Yoast SEO plugin v21.9.1 - https:\/\/yoast.com\/wordpress\/plugins\/seo\/ -->\n<title>\u274c\ud83d\ude41500000 Urgonmi D&#039;Albisola futurista - Poema d&#039;amore - 1937 - Thefinitive<\/title>\n<meta name=\"description\" content=\"500000 URGONMI - Tullio d&#039;Albisola - Ceramica futurista - Futurist Futurism - Poema d&#039;amore - Parolibere , Marinetti introduzione\" \/>\n<meta name=\"robots\" content=\"index, follow, max-snippet:-1, max-image-preview:large, max-video-preview:-1\" \/>\n<link rel=\"canonical\" href=\"https:\/\/thefinitive.com\/en\/prodotto\/500000-urgonmi-dalbisola-futurista-poema-damore-1937\/\" \/>\n<meta property=\"og:locale\" content=\"en_US\" \/>\n<meta property=\"og:type\" content=\"article\" \/>\n<meta property=\"og:title\" content=\"\u274c\ud83d\ude41500000 Urgonmi D&#039;Albisola futurista - Poema d&#039;amore - 1937 - Thefinitive\" \/>\n<meta property=\"og:description\" content=\"500000 URGONMI - Tullio d&#039;Albisola - Ceramica futurista - Futurist Futurism - Poema d&#039;amore - Parolibere , Marinetti introduzione\" \/>\n<meta property=\"og:url\" content=\"https:\/\/thefinitive.com\/en\/prodotto\/500000-urgonmi-dalbisola-futurista-poema-damore-1937\/\" \/>\n<meta property=\"og:site_name\" content=\"Thefinitive\" \/>\n<meta property=\"article:publisher\" content=\"https:\/\/business.facebook.com\/Thefinitive-111771813534320\/\" \/>\n<meta property=\"article:modified_time\" content=\"2023-03-20T14:48:12+00:00\" \/>\n<meta property=\"og:image\" content=\"https:\/\/thefinitive.com\/wp-content\/uploads\/2019\/08\/20190826_124706.jpg\" \/>\n\t<meta property=\"og:image:width\" content=\"2160\" \/>\n\t<meta property=\"og:image:height\" content=\"2160\" \/>\n\t<meta property=\"og:image:type\" content=\"image\/jpeg\" \/>\n<meta name=\"twitter:card\" content=\"summary_large_image\" \/>\n<meta name=\"twitter:label1\" content=\"Est. reading time\" \/>\n\t<meta name=\"twitter:data1\" content=\"5 minutes\" \/>\n<script type=\"application\/ld+json\" class=\"yoast-schema-graph\">{\"@context\":\"https:\/\/schema.org\",\"@graph\":[{\"@type\":\"WebPage\",\"@id\":\"https:\/\/thefinitive.com\/en\/prodotto\/500000-urgonmi-dalbisola-futurista-poema-damore-1937\/\",\"url\":\"https:\/\/thefinitive.com\/en\/prodotto\/500000-urgonmi-dalbisola-futurista-poema-damore-1937\/\",\"name\":\"\u274c\ud83d\ude41500000 Urgonmi D'Albisola futurista - Poema d'amore - 1937 - Thefinitive\",\"isPartOf\":{\"@id\":\"https:\/\/thefinitive.com\/en\/#website\"},\"datePublished\":\"2020-03-27T13:07:41+00:00\",\"dateModified\":\"2023-03-20T14:48:12+00:00\",\"description\":\"500000 URGONMI - Tullio d'Albisola - Ceramica futurista - Futurist Futurism - Poema d'amore - Parolibere , Marinetti introduzione\",\"breadcrumb\":{\"@id\":\"https:\/\/thefinitive.com\/en\/prodotto\/500000-urgonmi-dalbisola-futurista-poema-damore-1937\/#breadcrumb\"},\"inLanguage\":\"en-US\",\"potentialAction\":[{\"@type\":\"ReadAction\",\"target\":[\"https:\/\/thefinitive.com\/en\/prodotto\/500000-urgonmi-dalbisola-futurista-poema-damore-1937\/\"]}]},{\"@type\":\"BreadcrumbList\",\"@id\":\"https:\/\/thefinitive.com\/en\/prodotto\/500000-urgonmi-dalbisola-futurista-poema-damore-1937\/#breadcrumb\",\"itemListElement\":[{\"@type\":\"ListItem\",\"position\":1,\"name\":\"Home\",\"item\":\"https:\/\/thefinitive.com\/en\/\"},{\"@type\":\"ListItem\",\"position\":2,\"name\":\"Shop\",\"item\":\"https:\/\/thefinitive.com\/en\/shop-2\/\"},{\"@type\":\"ListItem\",\"position\":3,\"name\":\"\u274c\ud83d\ude41500000 Urgonmi D&#8217;Albisola futurista &#8211; Poema d&#8217;amore &#8211; 1937\"}]},{\"@type\":\"WebSite\",\"@id\":\"https:\/\/thefinitive.com\/en\/#website\",\"url\":\"https:\/\/thefinitive.com\/en\/\",\"name\":\"Thefinitive\",\"description\":\"Antiquariato Online\",\"publisher\":{\"@id\":\"https:\/\/thefinitive.com\/en\/#organization\"},\"potentialAction\":[{\"@type\":\"SearchAction\",\"target\":{\"@type\":\"EntryPoint\",\"urlTemplate\":\"https:\/\/thefinitive.com\/en\/?s={search_term_string}\"},\"query-input\":\"required name=search_term_string\"}],\"inLanguage\":\"en-US\"},{\"@type\":\"Organization\",\"@id\":\"https:\/\/thefinitive.com\/en\/#organization\",\"name\":\"Thefinitive\",\"url\":\"https:\/\/thefinitive.com\/en\/\",\"logo\":{\"@type\":\"ImageObject\",\"inLanguage\":\"en-US\",\"@id\":\"https:\/\/thefinitive.com\/en\/#\/schema\/logo\/image\/\",\"url\":\"https:\/\/thefinitive.com\/wp-content\/uploads\/2019\/07\/logo4vett.svg\",\"contentUrl\":\"https:\/\/thefinitive.com\/wp-content\/uploads\/2019\/07\/logo4vett.svg\",\"width\":500,\"height\":100,\"caption\":\"Thefinitive\"},\"image\":{\"@id\":\"https:\/\/thefinitive.com\/en\/#\/schema\/logo\/image\/\"},\"sameAs\":[\"https:\/\/business.facebook.com\/Thefinitive-111771813534320\/\",\"https:\/\/www.instagram.com\/_thefinitive_\/\"]}]}<\/script>\n<!-- \/ Yoast SEO plugin. -->","yoast_head_json":{"title":"\u274c\ud83d\ude41500000 Urgonmi D'Albisola futurista - Poema d'amore - 1937 - Thefinitive","description":"500000 URGONMI - Tullio d'Albisola - Ceramica futurista - Futurist Futurism - Poema d'amore - Parolibere , Marinetti introduzione","robots":{"index":"index","follow":"follow","max-snippet":"max-snippet:-1","max-image-preview":"max-image-preview:large","max-video-preview":"max-video-preview:-1"},"canonical":"https:\/\/thefinitive.com\/en\/prodotto\/500000-urgonmi-dalbisola-futurista-poema-damore-1937\/","og_locale":"en_US","og_type":"article","og_title":"\u274c\ud83d\ude41500000 Urgonmi D'Albisola futurista - Poema d'amore - 1937 - Thefinitive","og_description":"500000 URGONMI - Tullio d'Albisola - Ceramica futurista - Futurist Futurism - Poema d'amore - Parolibere , Marinetti introduzione","og_url":"https:\/\/thefinitive.com\/en\/prodotto\/500000-urgonmi-dalbisola-futurista-poema-damore-1937\/","og_site_name":"Thefinitive","article_publisher":"https:\/\/business.facebook.com\/Thefinitive-111771813534320\/","article_modified_time":"2023-03-20T14:48:12+00:00","og_image":[{"width":2160,"height":2160,"url":"https:\/\/thefinitive.com\/wp-content\/uploads\/2019\/08\/20190826_124706.jpg","type":"image\/jpeg"}],"twitter_card":"summary_large_image","twitter_misc":{"Est. reading time":"5 minutes"},"schema":{"@context":"https:\/\/schema.org","@graph":[{"@type":"WebPage","@id":"https:\/\/thefinitive.com\/en\/prodotto\/500000-urgonmi-dalbisola-futurista-poema-damore-1937\/","url":"https:\/\/thefinitive.com\/en\/prodotto\/500000-urgonmi-dalbisola-futurista-poema-damore-1937\/","name":"\u274c\ud83d\ude41500000 Urgonmi D'Albisola futurista - Poema d'amore - 1937 - Thefinitive","isPartOf":{"@id":"https:\/\/thefinitive.com\/en\/#website"},"datePublished":"2020-03-27T13:07:41+00:00","dateModified":"2023-03-20T14:48:12+00:00","description":"500000 URGONMI - Tullio d'Albisola - Ceramica futurista - Futurist Futurism - Poema d'amore - Parolibere , Marinetti introduzione","breadcrumb":{"@id":"https:\/\/thefinitive.com\/en\/prodotto\/500000-urgonmi-dalbisola-futurista-poema-damore-1937\/#breadcrumb"},"inLanguage":"en-US","potentialAction":[{"@type":"ReadAction","target":["https:\/\/thefinitive.com\/en\/prodotto\/500000-urgonmi-dalbisola-futurista-poema-damore-1937\/"]}]},{"@type":"BreadcrumbList","@id":"https:\/\/thefinitive.com\/en\/prodotto\/500000-urgonmi-dalbisola-futurista-poema-damore-1937\/#breadcrumb","itemListElement":[{"@type":"ListItem","position":1,"name":"Home","item":"https:\/\/thefinitive.com\/en\/"},{"@type":"ListItem","position":2,"name":"Shop","item":"https:\/\/thefinitive.com\/en\/shop-2\/"},{"@type":"ListItem","position":3,"name":"\u274c\ud83d\ude41500000 Urgonmi D&#8217;Albisola futurista &#8211; Poema d&#8217;amore &#8211; 1937"}]},{"@type":"WebSite","@id":"https:\/\/thefinitive.com\/en\/#website","url":"https:\/\/thefinitive.com\/en\/","name":"Thefinitive","description":"Antiquariato Online","publisher":{"@id":"https:\/\/thefinitive.com\/en\/#organization"},"potentialAction":[{"@type":"SearchAction","target":{"@type":"EntryPoint","urlTemplate":"https:\/\/thefinitive.com\/en\/?s={search_term_string}"},"query-input":"required name=search_term_string"}],"inLanguage":"en-US"},{"@type":"Organization","@id":"https:\/\/thefinitive.com\/en\/#organization","name":"Thefinitive","url":"https:\/\/thefinitive.com\/en\/","logo":{"@type":"ImageObject","inLanguage":"en-US","@id":"https:\/\/thefinitive.com\/en\/#\/schema\/logo\/image\/","url":"https:\/\/thefinitive.com\/wp-content\/uploads\/2019\/07\/logo4vett.svg","contentUrl":"https:\/\/thefinitive.com\/wp-content\/uploads\/2019\/07\/logo4vett.svg","width":500,"height":100,"caption":"Thefinitive"},"image":{"@id":"https:\/\/thefinitive.com\/en\/#\/schema\/logo\/image\/"},"sameAs":["https:\/\/business.facebook.com\/Thefinitive-111771813534320\/","https:\/\/www.instagram.com\/_thefinitive_\/"]}]}},"_links":{"self":[{"href":"https:\/\/thefinitive.com\/en\/wp-json\/wp\/v3\/product\/4940"}],"collection":[{"href":"https:\/\/thefinitive.com\/en\/wp-json\/wp\/v3\/product"}],"about":[{"href":"https:\/\/thefinitive.com\/en\/wp-json\/wp\/v2\/types\/product"}],"replies":[{"embeddable":true,"href":"https:\/\/thefinitive.com\/en\/wp-json\/wp\/v2\/comments?post=4940"}],"version-history":[{"count":1,"href":"https:\/\/thefinitive.com\/en\/wp-json\/wp\/v3\/product\/4940\/revisions"}],"predecessor-version":[{"id":14794,"href":"https:\/\/thefinitive.com\/en\/wp-json\/wp\/v3\/product\/4940\/revisions\/14794"}],"wp:featuredmedia":[{"embeddable":true,"href":"https:\/\/thefinitive.com\/en\/wp-json\/wp\/v2\/media\/3523"}],"wp:attachment":[{"href":"https:\/\/thefinitive.com\/en\/wp-json\/wp\/v2\/media?parent=4940"}],"wp:term":[{"taxonomy":"product_cat","embeddable":true,"href":"https:\/\/thefinitive.com\/en\/wp-json\/wp\/v2\/product_cat?post=4940"},{"taxonomy":"product_tag","embeddable":true,"href":"https:\/\/thefinitive.com\/en\/wp-json\/wp\/v2\/product_tag?post=4940"}],"curies":[{"name":"wp","href":"https:\/\/api.w.org\/{rel}","templated":true}]}}