{"id":4936,"date":"2020-03-27T12:34:45","date_gmt":"2020-03-27T12:34:45","guid":{"rendered":"https:\/\/www.thefinitive.com\/?post_type=product&#038;p=4936"},"modified":"2023-03-20T15:48:21","modified_gmt":"2023-03-20T14:48:21","slug":"tafuri-dipinto-cartolina-coloniale-cc-rr-medaglia-doro","status":"publish","type":"product","link":"https:\/\/thefinitive.com\/en\/prodotto\/tafuri-dipinto-cartolina-coloniale-cc-rr-medaglia-doro\/","title":{"rendered":"\u274c\ud83d\ude41TAFURI Dipinto cartolina coloniale CC.RR. medaglia d&#8217;oro"},"content":{"rendered":"<p>Dipinto originale firmato <strong><em>Clemente<\/em> TAFURI<\/strong> , dal quale \u00e8 stata tratta la cartolina coloniale del <strong>Carabiniere<\/strong> <em>Vittoriano<\/em> <em>Cimmarrusti<\/em><b> , medaglia d&#8217;oro in Africa<\/b> , battaglia di <strong>Gunu Gadu<\/strong> , 1936.<\/p>\n<p>L&#8217;impianto scenico vede rappresentato il carabiniere <strong>Cimmarrusti<\/strong> nel pieno della sua ultima azione; ferito al braccio , intento a dare aiuto ai suoi commilitoni alla difesa della postazione italiana, viene colpito mortalmente alla testa. Ai suoi piedi notiamo il suo casco coloniale con il fregio dei Carabinieri Reali.\u00a0 Intorno vediamo riverso a terra il cadavere di un abissino , alla destra i nemici che attaccavano, mentre alla sinistra il gruppo di soldati italiani, camicie nere , carabinieri, intenti al combattimento. Una scena che drammaticamente cattura il senso dei momenti tragici che una battaglia inevitabilmente propone.<\/p>\n<p>Dipinto realizzato ad olio, su tela, opera <strong>originale<\/strong> , firmata <strong>TAFURI<\/strong>, ancora montata su telaio originale. Il quadro \u00e8 in <em>ottime condizioni<\/em>, solo qualche piccola caduta di colore rappresentata da quelle minime aree bianche ben evidenziate nelle foto.<\/p>\n<p><strong>TECNICA &#8230;&#8230;&#8230;&#8230;&#8230;&#8230; :<\/strong>\u00a0 Olio su tela<\/p>\n<p><strong>MISURE &#8230;&#8230;&#8230;&#8230;&#8230;&#8230;. :\u00a0 \u00a0<\/strong>cm. 75 x 56<\/p>\n<p><strong>FIRMA &#8230;&#8230;&#8230;&#8230;&#8230;&#8230;&#8230;.:\u00a0 \u00a0<\/strong>TAFURI , Clemente<\/p>\n<h2><\/h2>\n<p><img loading=\"lazy\" decoding=\"async\" class=\"alignnone size-full wp-image-3478\" src=\"https:\/\/www.thefinitive.com\/wp-content\/uploads\/2019\/08\/tafuricimmarruti.jpg\" alt=\"\" width=\"256\" height=\"180\" srcset=\"https:\/\/thefinitive.com\/wp-content\/uploads\/2019\/08\/tafuricimmarruti.jpg 256w, https:\/\/thefinitive.com\/wp-content\/uploads\/2019\/08\/tafuricimmarruti-64x45.jpg 64w\" sizes=\"(max-width: 256px) 100vw, 256px\" \/> cartolina\u00a0 \u00a0 \u00a0 \u00a0quadro <img loading=\"lazy\" decoding=\"async\" class=\"alignnone wp-image-3479\" src=\"https:\/\/www.thefinitive.com\/wp-content\/uploads\/2019\/08\/20190825_110534-2.jpg\" alt=\"\" width=\"235\" height=\"178\" srcset=\"https:\/\/thefinitive.com\/wp-content\/uploads\/2019\/08\/20190825_110534-2.jpg 2003w, https:\/\/thefinitive.com\/wp-content\/uploads\/2019\/08\/20190825_110534-2-1200x906.jpg 1200w, https:\/\/thefinitive.com\/wp-content\/uploads\/2019\/08\/20190825_110534-2-64x48.jpg 64w, https:\/\/thefinitive.com\/wp-content\/uploads\/2019\/08\/20190825_110534-2-300x227.jpg 300w, https:\/\/thefinitive.com\/wp-content\/uploads\/2019\/08\/20190825_110534-2-768x580.jpg 768w, https:\/\/thefinitive.com\/wp-content\/uploads\/2019\/08\/20190825_110534-2-1024x773.jpg 1024w\" sizes=\"(max-width: 235px) 100vw, 235px\" \/><\/p>\n<h2><\/h2>\n<h2>NOTIZIE<\/h2>\n<p><b>Clemente Tafuri<\/b>\u00a0 nasce a <strong>Salerno<\/strong> il 18 agosto\u00a0<strong>1903 <\/strong>e muore a <strong>Genova<\/strong>,\u00a011 dicembre\u00a0<strong>1971 <\/strong>. E&#8217; stato un pittore\u00a0e\u00a0illustratore\u00a0italiano.<\/p>\n<p>Dopo aver seguito un corso di studi all&#8217;<strong>Accademia di Belle Arti<\/strong>\u00a0di\u00a0<strong>Napoli<\/strong>, inizi\u00f2 a dipingere rivelandosi presto all&#8217;attenzione della critica. Molto conosciuto fra gli\u00a0anni venti\u00a0ed i\u00a0sessanta\u00a0del\u00a0XX secolo\u00a0anche come <strong>cartellonista pubblicitario<\/strong>, <strong>illustratore di cartoline<\/strong> come la cartolina coloniale \/ dipinto qui presentata , e di collane librarie, Tafuri si dedic\u00f2 spesso ad illustrare <strong>episodi della\u00a0seconda guerra mondiale<\/strong> e realizz\u00f2 un ritratto dell&#8217;allora principe ereditario <strong>Umberto II<\/strong> di Savoia\u00a0e della <strong>regina\u00a0Elena del Montenegro<\/strong>. Fu legato da una lunga amicizia e collaborazione alla pittrice e fotografa\u00a0Maria Bertolani.<\/p>\n<p>Del Tafuri, particolarmente conosciuto \u00e8 il dipinto raffigurante il vicebrigadiere dell&#8217;<strong>Arma dei Carabinieri Salvo d&#8217;Acquisto<\/strong>, immortalato mentre si strappa la camicia di dosso (curiosa la somiglianza con molte immagini che riproducono il personaggio dei fumetti Superman in una posa molto simile). Questo dipinto \u00e8 oggi in mostra presso il Museo Storico dell&#8217;Arma dei Carabinieri di Roma.<\/p>\n<p>&nbsp;<\/p>\n<h2 class=\"thumb tright\">Vittoriano CIMMARRUSTI<\/h2>\n<div><img loading=\"lazy\" decoding=\"async\" class=\"alignnone size-full wp-image-3477\" src=\"https:\/\/www.thefinitive.com\/wp-content\/uploads\/2019\/08\/cimmarrusti.jpg\" alt=\"\" width=\"214\" height=\"300\" srcset=\"https:\/\/thefinitive.com\/wp-content\/uploads\/2019\/08\/cimmarrusti.jpg 214w, https:\/\/thefinitive.com\/wp-content\/uploads\/2019\/08\/cimmarrusti-64x90.jpg 64w\" sizes=\"(max-width: 214px) 100vw, 214px\" \/><\/div>\n<div><\/div>\n<div>\n<p>Dieci giorni dopo la battaglia di <strong>Gunu Gadu<\/strong>, il <strong>5 maggio 1936<\/strong> le truppe italiane entrarono in Addis Abeba e il 9 maggio successivo, ad operazioni militari praticamente concluse, Benito Mussolini dichiar\u00f2 la fine della guerra e proclam\u00f2 la nascita dell\u2019<strong>Impero<\/strong>, riservando al <strong>Re Vittorio Emanuele III<\/strong> la carica di <strong>Imperatore d\u2019Etiopia<\/strong>; i possedimenti italiani in Africa Orientale (Etiopia, Eritrea e Somalia) vennero unificati e posti sotto il governo di un Vicer\u00e8: <strong>Pietro Badoglio<\/strong> fino all\u201911 giugno 1936 e <strong>Rodolfo Graziani<\/strong> da tale data e fino al 21 dicembre 1937. L\u2019Impero italiano, in realt\u00e0, sarebbe durato solo cinque anni, perch\u00e9 gi\u00e0 nel 1941, durante la Seconda Guerra Mondiale, i Britannici sconfissero ripetutamente le nostre forze , nel novembre di quell\u2019anno, caddero gli ultimi baluardi italiani, il caposaldo di <strong>Culqualber<\/strong> e la citt\u00e0 di <strong>Gondar<\/strong>, con conseguente tramonto del sogno imperiale. Inoltre, nei cinque anni dell\u2019Impero, la situazione non pot\u00e9 mai dirsi completamente sotto controllo, in quanto incombette continuamente, e con una apprezzabile efficacia, l\u2019attivit\u00e0 di guerriglia posta in essere da bande abissine e, di contro, si svilupp\u00f2 una impopolare azione repressiva da parte delle nostre forze. Ma nel 1936, a vittoria appena acquisita, l\u2019entusiasmo era alle stelle e, giustamente, vennero presi in considerazione gli apporti che ogni Istituzione aveva fornito alla Vittoria.<\/p>\n<p>Per i <strong>Carabinieri<\/strong>, fu il colonnello Comandante del Comando Superiore dei <strong>Carabinieri Reali dell\u2019A.O.I.<\/strong>, <strong>Azolino Hazon<\/strong>, a rappresentare al Governatore Generale il contributo offerto dall\u2019Arma: \u201c<em>Simbolo del dovere, del sacrificio e della disciplina, i Carabinieri Reali hanno dimostrato impeto irrefrenabile, rara intrepidezza, sprezzo del pericolo, ferma calma e slancio di piet\u00e0 benefica, fedelt\u00e0 immobile ed abnegazione silenziosa<\/em>\u201d. L\u2019alto ufficiale \u2013 che sar\u00e0 nominato <strong>Comandante Generale dell\u2019Arma<\/strong> nel febbraio 1943 ed il 19 luglio dello stesso anno <strong>perir\u00e0<\/strong> eroicamente sotto il <strong>bombardamento di Roma-San Lorenzo<\/strong> assieme al suo Capo di Stato Maggiore, colonnello Ulderico Barengo \u2013 enumer\u00f2 le attivit\u00e0 svolte dai Carabinieri in un documento conservato nell\u2019Archivio dell\u2019Ufficio Storico del Comando Generale dell\u2019Arma dei Carabinieri:<br \/>\n1\u00a0in retrovia, per assicurare il flusso e riflusso, ordinato ed ininterrotto di uomini e cose;<br \/>\n1\u00a0in marcia, lungo le colonne e con le avanguardie;<br \/>\n1\u00a0nelle formazioni di combattimento, in ricognizione ai fianchi degli schieramenti e nell\u2019occupazione di caposaldi;<br \/>\n1\u00a0nella battaglia, con la disciplina delle linee di rifornimento, di collegamento e di guida;<br \/>\n1\u00a0sulla linea di fuoco accanto ai fanti, per una pronta, spontanea e diretta partecipazione a tutte le battaglie;<br \/>\n1\u00a0nel rastrellamento del campo di battaglia, per snidare gruppi di armati in agguato.<\/p>\n<p>Il colonnello Hazon proseguiva esaltando gli eroismi di Gunu Gadu e di come non vi fosse stata \u201cimpresa alla quale non abbiano partecipato i Carabinieri o vittoria alla quale non abbiano generosamente contribuito\u201d.<\/p>\n<p>L\u2019apporto dell\u2019Arma alla <strong>Campagna d\u2019Etiopia<\/strong> venne valutato degno del massimo onore ed alla <strong>Bandiera<\/strong> dell\u2019Istituzione venne conferita la<strong> Croce di Cavaliere dell\u2019Ordine Militare d\u2019Italia<\/strong>: \u201c<em>Durante tutta la campagna, dette innumerevoli prove di fedelt\u00e0, abnegazione, eroismo; offr\u00ec olocausto di sangue generoso; riafferm\u00f2 anche in terra d\u2019Africa le sue gloriose tradizioni; diede valido contributo alla vittoria<\/em>\u201d. <strong>Guerra Italo-Etiopica<\/strong>, 3 ottobre 1935-5 maggio 1936.<\/p>\n<p>Al prestigioso riconoscimento diede certamente il suo contributo anche il giovane carabiniere <strong>Vittoriano Cimmarrusti<\/strong>, terzo militare decorato di <strong>Medaglia d\u2019Oro al V. M.<\/strong> nella battaglia di <strong>Gunu<\/strong> <strong>Gadu<\/strong>. Nato ad Adelfia (Ba) il 12 febbraio 1912 da Vito Francesco e Teresa Bruno, nel maggio 1931 si arruol\u00f2 nell\u2019Arma e, dopo la nomina a carabiniere, prest\u00f2 servizio nelle Legioni di Bolzano e Roma. Allo scoppio del conflitto italo-etiopico chiese di partecipare alle operazioni belliche. Trasferito alla 1a Banda autocarrata (comandata dal capitano Fragola), il 24 aprile 1936 partecip\u00f2 all\u2019assalto delle fortificazioni abissine di Gunu Gadu. Colpito ad un braccio da una pallottola esplosiva, solo dietro insistenza del suo ufficiale accett\u00f2 di essere medicato; curato con una bendatura provvisoria, corse verso il suo Reparto duramente impegnato, scontrandosi con nuclei armati che minacciavano l\u2019aggiramento. Ferito all\u2019inguine, continu\u00f2 a battersi rabbiosamente sino a che un terzo colpo al capo pose fine a quel sovraumano valore (scena reffigurata nel quadro dipinto da Tafuri per la cartolina coloniale della serie per l&#8217;Africa Orientale).\u00a0 Quando il cadavere del prode venne recuperato, gli contarono intorno i cadaveri di tre nemici e 53 bossoli sparati dal suo moschetto.<\/p>\n<p>Il suo sacrificio venne ricompensato con la Medaglia d\u2019Oro al Valor Militare. Cos\u00ec recita la motivazione: \u201c<em><strong>Ferito gravemente ad un braccio da pallottola esplosiva, anzich\u00e9 avviarsi alla Sezione di Sanit\u00e0 come gli era stato ordinato, ritornava dopo sommaria medicazione sulla linea di combattimento. Scorti armati abissini in agguato sulla destra della propria Compagnia, li attaccava a colpi di moschetto. Ferito una seconda volta e non pi\u00f9 in grado di imbracciare l\u2019arma, proseguiva l\u2019impari lotta con le bombe a mano, uccidendo tre avversari, finch\u00e9 crivellato di colpi cadeva gloriosamente sul campo. Sublime esempio di consapevole eroico sacrificio<\/strong><\/em>\u201d. Gunu Gadu (A.O.I.), 24 aprile 1936.<\/p>\n<p>Alla memoria del carabiniere Vittoriano Cimmarrusti sono intitolate le Caserme sedi dei Comandi Provinciali di Latina e di Lecce, oltre a quella della Compagnia Carabinieri di Cittadella (Padova).<\/p>\n<\/div>\n<p>&nbsp;<\/p>\n<p>Fonti\u00a0 \u00a0<a href=\"http:\/\/www.carabinieri.it\/editoria\/il-carabiniere\/la-rivista\/anno-2013\/agosto-settembre\/cronache\/vittoriano-cimmarrusti\">sito Carabinieri<\/a> , Wikipedia<\/p>\n<p>&nbsp;<\/p>\n<p>&nbsp;<\/p>\n<p>9.19<\/p>\n","protected":false},"excerpt":{"rendered":"<p style=\"text-align: center;\">Dipinto originale , olio su tela , firmato <strong>TAFURI<\/strong> , della morte del <strong>carabiniere<\/strong> reale <strong><em>Vittoriano<\/em> CIMMARRUSTI<\/strong> , Medaglia d&#8217;Oro al Valor Militare, caduto in <strong>A.O.I.<\/strong> nella battaglia di <strong>Gunu Gadu, 1936. <\/strong><\/p>\n<p style=\"text-align: center;\">\u00a0Da questo dipinto \u00e8 stata tratta la cartolina coloniale del Carabiniere <em>Vittoriano<\/em> <em>Cimmarrusti<\/em> . Opera <strong>originale<\/strong> ancora montata su telaio originale. Il quadro \u00e8 in <em>ottime condizioni<\/em>, solo qualche piccola caduta di colore rappresentata da quelle minime aree bianche ben evidenziate nelle foto. M<span style=\"text-align: center;\">isura circa cm. <strong>75 x 56<\/strong><\/span><\/p>\n<p style=\"text-align: center;\"><strong><em>(Scorri la pagina in basso per ulteriori dettagli e informazioni)<\/em><\/strong><\/p>\n","protected":false},"featured_media":4924,"comment_status":"open","ping_status":"closed","template":"","meta":[],"product_cat":[586],"product_tag":[164,163,387,312,350,399,349,155,282,250,401,400],"yoast_head":"<!-- This site is optimized with the Yoast SEO plugin v21.9.1 - https:\/\/yoast.com\/wordpress\/plugins\/seo\/ -->\n<title>\u274c\ud83d\ude41TAFURI Dipinto cartolina coloniale CC.RR. medaglia d&#039;oro - Thefinitive<\/title>\n<meta name=\"description\" content=\"Dipinto originale Clemente Tafuri - Carabiniere Reale Vittoriano Cimmarrusti - Africa Orientale AOI - Bozzetto cartolina coloniale\" \/>\n<meta name=\"robots\" content=\"index, follow, max-snippet:-1, max-image-preview:large, max-video-preview:-1\" \/>\n<link rel=\"canonical\" href=\"https:\/\/thefinitive.com\/en\/prodotto\/tafuri-dipinto-cartolina-coloniale-cc-rr-medaglia-doro\/\" \/>\n<meta property=\"og:locale\" content=\"en_US\" \/>\n<meta property=\"og:type\" content=\"article\" \/>\n<meta property=\"og:title\" content=\"\u274c\ud83d\ude41TAFURI Dipinto cartolina coloniale CC.RR. medaglia d&#039;oro - Thefinitive\" \/>\n<meta property=\"og:description\" content=\"Dipinto originale Clemente Tafuri - Carabiniere Reale Vittoriano Cimmarrusti - Africa Orientale AOI - Bozzetto cartolina coloniale\" \/>\n<meta property=\"og:url\" content=\"https:\/\/thefinitive.com\/en\/prodotto\/tafuri-dipinto-cartolina-coloniale-cc-rr-medaglia-doro\/\" \/>\n<meta property=\"og:site_name\" content=\"Thefinitive\" \/>\n<meta property=\"article:publisher\" content=\"https:\/\/business.facebook.com\/Thefinitive-111771813534320\/\" \/>\n<meta property=\"article:modified_time\" content=\"2023-03-20T14:48:21+00:00\" \/>\n<meta property=\"og:image\" content=\"https:\/\/thefinitive.com\/wp-content\/uploads\/2020\/01\/20190825_110528-2.jpg\" \/>\n\t<meta property=\"og:image:width\" content=\"2160\" \/>\n\t<meta property=\"og:image:height\" content=\"2160\" \/>\n\t<meta property=\"og:image:type\" content=\"image\/jpeg\" \/>\n<meta name=\"twitter:card\" content=\"summary_large_image\" \/>\n<meta name=\"twitter:label1\" content=\"Est. reading time\" \/>\n\t<meta name=\"twitter:data1\" content=\"6 minutes\" \/>\n<script type=\"application\/ld+json\" class=\"yoast-schema-graph\">{\"@context\":\"https:\/\/schema.org\",\"@graph\":[{\"@type\":\"WebPage\",\"@id\":\"https:\/\/thefinitive.com\/en\/prodotto\/tafuri-dipinto-cartolina-coloniale-cc-rr-medaglia-doro\/\",\"url\":\"https:\/\/thefinitive.com\/en\/prodotto\/tafuri-dipinto-cartolina-coloniale-cc-rr-medaglia-doro\/\",\"name\":\"\u274c\ud83d\ude41TAFURI Dipinto cartolina coloniale CC.RR. medaglia d'oro - Thefinitive\",\"isPartOf\":{\"@id\":\"https:\/\/thefinitive.com\/en\/#website\"},\"datePublished\":\"2020-03-27T12:34:45+00:00\",\"dateModified\":\"2023-03-20T14:48:21+00:00\",\"description\":\"Dipinto originale Clemente Tafuri - Carabiniere Reale Vittoriano Cimmarrusti - Africa Orientale AOI - Bozzetto cartolina coloniale\",\"breadcrumb\":{\"@id\":\"https:\/\/thefinitive.com\/en\/prodotto\/tafuri-dipinto-cartolina-coloniale-cc-rr-medaglia-doro\/#breadcrumb\"},\"inLanguage\":\"en-US\",\"potentialAction\":[{\"@type\":\"ReadAction\",\"target\":[\"https:\/\/thefinitive.com\/en\/prodotto\/tafuri-dipinto-cartolina-coloniale-cc-rr-medaglia-doro\/\"]}]},{\"@type\":\"BreadcrumbList\",\"@id\":\"https:\/\/thefinitive.com\/en\/prodotto\/tafuri-dipinto-cartolina-coloniale-cc-rr-medaglia-doro\/#breadcrumb\",\"itemListElement\":[{\"@type\":\"ListItem\",\"position\":1,\"name\":\"Home\",\"item\":\"https:\/\/thefinitive.com\/en\/\"},{\"@type\":\"ListItem\",\"position\":2,\"name\":\"Shop\",\"item\":\"https:\/\/thefinitive.com\/en\/shop-2\/\"},{\"@type\":\"ListItem\",\"position\":3,\"name\":\"\u274c\ud83d\ude41TAFURI Dipinto cartolina coloniale CC.RR. medaglia d&#8217;oro\"}]},{\"@type\":\"WebSite\",\"@id\":\"https:\/\/thefinitive.com\/en\/#website\",\"url\":\"https:\/\/thefinitive.com\/en\/\",\"name\":\"Thefinitive\",\"description\":\"Antiquariato Online\",\"publisher\":{\"@id\":\"https:\/\/thefinitive.com\/en\/#organization\"},\"potentialAction\":[{\"@type\":\"SearchAction\",\"target\":{\"@type\":\"EntryPoint\",\"urlTemplate\":\"https:\/\/thefinitive.com\/en\/?s={search_term_string}\"},\"query-input\":\"required name=search_term_string\"}],\"inLanguage\":\"en-US\"},{\"@type\":\"Organization\",\"@id\":\"https:\/\/thefinitive.com\/en\/#organization\",\"name\":\"Thefinitive\",\"url\":\"https:\/\/thefinitive.com\/en\/\",\"logo\":{\"@type\":\"ImageObject\",\"inLanguage\":\"en-US\",\"@id\":\"https:\/\/thefinitive.com\/en\/#\/schema\/logo\/image\/\",\"url\":\"https:\/\/thefinitive.com\/wp-content\/uploads\/2019\/07\/logo4vett.svg\",\"contentUrl\":\"https:\/\/thefinitive.com\/wp-content\/uploads\/2019\/07\/logo4vett.svg\",\"width\":500,\"height\":100,\"caption\":\"Thefinitive\"},\"image\":{\"@id\":\"https:\/\/thefinitive.com\/en\/#\/schema\/logo\/image\/\"},\"sameAs\":[\"https:\/\/business.facebook.com\/Thefinitive-111771813534320\/\",\"https:\/\/www.instagram.com\/_thefinitive_\/\"]}]}<\/script>\n<!-- \/ Yoast SEO plugin. -->","yoast_head_json":{"title":"\u274c\ud83d\ude41TAFURI Dipinto cartolina coloniale CC.RR. medaglia d'oro - Thefinitive","description":"Dipinto originale Clemente Tafuri - Carabiniere Reale Vittoriano Cimmarrusti - Africa Orientale AOI - Bozzetto cartolina coloniale","robots":{"index":"index","follow":"follow","max-snippet":"max-snippet:-1","max-image-preview":"max-image-preview:large","max-video-preview":"max-video-preview:-1"},"canonical":"https:\/\/thefinitive.com\/en\/prodotto\/tafuri-dipinto-cartolina-coloniale-cc-rr-medaglia-doro\/","og_locale":"en_US","og_type":"article","og_title":"\u274c\ud83d\ude41TAFURI Dipinto cartolina coloniale CC.RR. medaglia d'oro - Thefinitive","og_description":"Dipinto originale Clemente Tafuri - Carabiniere Reale Vittoriano Cimmarrusti - Africa Orientale AOI - Bozzetto cartolina coloniale","og_url":"https:\/\/thefinitive.com\/en\/prodotto\/tafuri-dipinto-cartolina-coloniale-cc-rr-medaglia-doro\/","og_site_name":"Thefinitive","article_publisher":"https:\/\/business.facebook.com\/Thefinitive-111771813534320\/","article_modified_time":"2023-03-20T14:48:21+00:00","og_image":[{"width":2160,"height":2160,"url":"https:\/\/thefinitive.com\/wp-content\/uploads\/2020\/01\/20190825_110528-2.jpg","type":"image\/jpeg"}],"twitter_card":"summary_large_image","twitter_misc":{"Est. reading time":"6 minutes"},"schema":{"@context":"https:\/\/schema.org","@graph":[{"@type":"WebPage","@id":"https:\/\/thefinitive.com\/en\/prodotto\/tafuri-dipinto-cartolina-coloniale-cc-rr-medaglia-doro\/","url":"https:\/\/thefinitive.com\/en\/prodotto\/tafuri-dipinto-cartolina-coloniale-cc-rr-medaglia-doro\/","name":"\u274c\ud83d\ude41TAFURI Dipinto cartolina coloniale CC.RR. medaglia d'oro - Thefinitive","isPartOf":{"@id":"https:\/\/thefinitive.com\/en\/#website"},"datePublished":"2020-03-27T12:34:45+00:00","dateModified":"2023-03-20T14:48:21+00:00","description":"Dipinto originale Clemente Tafuri - Carabiniere Reale Vittoriano Cimmarrusti - Africa Orientale AOI - Bozzetto cartolina coloniale","breadcrumb":{"@id":"https:\/\/thefinitive.com\/en\/prodotto\/tafuri-dipinto-cartolina-coloniale-cc-rr-medaglia-doro\/#breadcrumb"},"inLanguage":"en-US","potentialAction":[{"@type":"ReadAction","target":["https:\/\/thefinitive.com\/en\/prodotto\/tafuri-dipinto-cartolina-coloniale-cc-rr-medaglia-doro\/"]}]},{"@type":"BreadcrumbList","@id":"https:\/\/thefinitive.com\/en\/prodotto\/tafuri-dipinto-cartolina-coloniale-cc-rr-medaglia-doro\/#breadcrumb","itemListElement":[{"@type":"ListItem","position":1,"name":"Home","item":"https:\/\/thefinitive.com\/en\/"},{"@type":"ListItem","position":2,"name":"Shop","item":"https:\/\/thefinitive.com\/en\/shop-2\/"},{"@type":"ListItem","position":3,"name":"\u274c\ud83d\ude41TAFURI Dipinto cartolina coloniale CC.RR. medaglia d&#8217;oro"}]},{"@type":"WebSite","@id":"https:\/\/thefinitive.com\/en\/#website","url":"https:\/\/thefinitive.com\/en\/","name":"Thefinitive","description":"Antiquariato Online","publisher":{"@id":"https:\/\/thefinitive.com\/en\/#organization"},"potentialAction":[{"@type":"SearchAction","target":{"@type":"EntryPoint","urlTemplate":"https:\/\/thefinitive.com\/en\/?s={search_term_string}"},"query-input":"required name=search_term_string"}],"inLanguage":"en-US"},{"@type":"Organization","@id":"https:\/\/thefinitive.com\/en\/#organization","name":"Thefinitive","url":"https:\/\/thefinitive.com\/en\/","logo":{"@type":"ImageObject","inLanguage":"en-US","@id":"https:\/\/thefinitive.com\/en\/#\/schema\/logo\/image\/","url":"https:\/\/thefinitive.com\/wp-content\/uploads\/2019\/07\/logo4vett.svg","contentUrl":"https:\/\/thefinitive.com\/wp-content\/uploads\/2019\/07\/logo4vett.svg","width":500,"height":100,"caption":"Thefinitive"},"image":{"@id":"https:\/\/thefinitive.com\/en\/#\/schema\/logo\/image\/"},"sameAs":["https:\/\/business.facebook.com\/Thefinitive-111771813534320\/","https:\/\/www.instagram.com\/_thefinitive_\/"]}]}},"_links":{"self":[{"href":"https:\/\/thefinitive.com\/en\/wp-json\/wp\/v3\/product\/4936"}],"collection":[{"href":"https:\/\/thefinitive.com\/en\/wp-json\/wp\/v3\/product"}],"about":[{"href":"https:\/\/thefinitive.com\/en\/wp-json\/wp\/v2\/types\/product"}],"replies":[{"embeddable":true,"href":"https:\/\/thefinitive.com\/en\/wp-json\/wp\/v2\/comments?post=4936"}],"version-history":[{"count":1,"href":"https:\/\/thefinitive.com\/en\/wp-json\/wp\/v3\/product\/4936\/revisions"}],"predecessor-version":[{"id":14798,"href":"https:\/\/thefinitive.com\/en\/wp-json\/wp\/v3\/product\/4936\/revisions\/14798"}],"wp:featuredmedia":[{"embeddable":true,"href":"https:\/\/thefinitive.com\/en\/wp-json\/wp\/v2\/media\/4924"}],"wp:attachment":[{"href":"https:\/\/thefinitive.com\/en\/wp-json\/wp\/v2\/media?parent=4936"}],"wp:term":[{"taxonomy":"product_cat","embeddable":true,"href":"https:\/\/thefinitive.com\/en\/wp-json\/wp\/v2\/product_cat?post=4936"},{"taxonomy":"product_tag","embeddable":true,"href":"https:\/\/thefinitive.com\/en\/wp-json\/wp\/v2\/product_tag?post=4936"}],"curies":[{"name":"wp","href":"https:\/\/api.w.org\/{rel}","templated":true}]}}