{"id":4842,"date":"2020-02-25T19:49:16","date_gmt":"2020-02-25T19:49:16","guid":{"rendered":"https:\/\/www.thefinitive.com\/?post_type=product&#038;p=4842"},"modified":"2023-03-20T15:48:29","modified_gmt":"2023-03-20T14:48:29","slug":"cangiullo-piedigrotta-ceramica-albisola-futurismo","status":"publish","type":"product","link":"https:\/\/thefinitive.com\/en\/prodotto\/cangiullo-piedigrotta-ceramica-albisola-futurismo\/","title":{"rendered":"\u274c\ud83d\ude41Cangiullo Piedigrotta ceramica Albisola &#8211; Futurismo"},"content":{"rendered":"<p>Tazzina e piattino in ceramica policroma, dipinta a mano, dal titolo <strong>CANGIULLO\u00a0 PIEDIGROTTA<\/strong> , firmata al retro <strong>Albisola<\/strong> , <em>B.V. CHILLE .\u00a0<\/em> Commemorativa dell&#8217;omonima opera del grande scrittore <strong>Francesco Cangiullo<\/strong>, questo set da caff\u00e8 si presenta in buone condizioni, con piccole mancanze di colore sparse, come ben evidenziato dalle fotografie allegate.<\/p>\n<p>Il piattino misura cm.14,5 di diametro, e la tazzina cm.8,5 di altezza per cm.7,5 diametro.<\/p>\n<p>&nbsp;<\/p>\n<div class=\"thumb tright\">\n<div class=\"thumbinner\">\n<h2 style=\"text-align: left;\">NOTIZIE<\/h2>\n<div class=\"thumb tright\">\n<div class=\"thumbinner\">\n<p><b>Francesco Cangiullo<\/b>\u00a0(Napoli,\u00a027 gennaio\u00a01884\u00a0\u2013\u00a0Livorno,\u00a022 luglio\u00a01977) \u00e8 stato uno\u00a0scrittore,\u00a0poeta\u00a0e\u00a0pittore\u00a0italiano. Partecip\u00f2 attivamente al\u00a0Futurismo\u00a0e alla redazione dei manifesti futuristi.<\/p>\n<p>Giovanissimo, si appassiona alla musica, in particolare alla canzone. Fa studi musicali irregolari, ma si distingue ben presto come autore di canzoni e come direttore di piccoli gruppi orchestrali nei\u00a0Caff\u00e8 Concerto, molto in voga agli inizi del XX secolo. Nel 1906 pubblica\u00a0<strong><i>Piedigrotta Cangiullo<\/i><\/strong>.<\/p>\n<p>Nel 1910 incontra a\u00a0Napoli\u00a0Filippo Tommaso Marinetti. Questo incontro \u00e8 per lui decisivo, tanto che decide di aderire subito al\u00a0Futurismo, anche se ufficialmente il suo ingresso nel movimento \u00e8 registrato nel 1913. Diviene collaboratore delle riviste\u00a0<i>Lacerba<\/i>,\u00a0<i>Vela Latina<\/i>\u00a0e\u00a0<i>L&#8217;Italia futurista<\/i>.<\/p>\n<p>Nel 1914 partecipa alla\u00a0<i>Libera Esposizione Internazionale Futurista<\/i>\u00a0presso la Galleria Sprovieri di Roma, con dipinti e sculture realizzati in collaborazione con\u00a0Marinetti\u00a0e\u00a0Balla.<\/p>\n<p>Nel 1916 pubblica\u00a0<i>Piedigrotta<\/i>, poema parolibero ispirato alla omonima festa popolare napoletana, che due anni prima era stato oggetto di due serate nelle Gallerie Sprovieri di Roma (il 29 marzo 1914) e di Napoli (14 maggio 1914), alle quali partecipano, tra gli altri,\u00a0Filippo Tommaso Marinetti,\u00a0Giacomo Balla,\u00a0Fortunato Depero,\u00a0Luciano Folgore\u00a0e\u00a0Mario Sironi\u00a0oltre al gallerista\u00a0Giuseppe Sprovieri. L&#8217;evento inaugura la dissacrante stagione dell&#8217;avanguardia performativa. Sempre nel 1916 raccoglie in un taccuino una serie di poesie in vernacolo dal titolo\u00a0<i>Verde nuovo<\/i>\u00a0(il documento \u00e8 conservato nell&#8217;Archivio della Fondazione Primo Conti). Nel 1919 pubblica\u00a0<i>Caffeconcerto: Alfabeto a sorpresa<\/i>, un&#8217;opera tipicamente futurista, dove la scrittura assume anche una valenza pittorica, attraverso suggestioni tipografiche che animano le lettere dell&#8217;alfabeto facendole diventare personaggi di uno spettacolo. Simile per ispirazione \u00e8 il manifesto\u00a0<i>Il mobilio futurista<\/i>, che Cangiullo pubblica il 22 febbraio 1920, e in cui auspica la creazione di mobili parlanti fatti di &#8220;intrecci, scontri e corpo-a-corpo di lettere di svariati caratteri&#8221;.<\/p>\n<p>Cangiullo si interessa molto al teatro. Nel 1917 collabora con\u00a0Ettore Petrolini, che mette in scena\u00a0<i>Il Donnaiuolo e le quattro stagioni<\/i>\u00a0al Teatro Adriano di Roma.<\/p>\n<p>Petrolini, nell&#8217;arco della sua carriera, porter\u00e0 in scena, ben \u00abdodici sintesi\u00bb di Cangiullo. Nel 1918 scrive con lui\u00a0<i>Radioscopia<\/i>, atto unico pubblicato sul &#8220;Corriere di Napoli&#8221; e rappresentato per la prima volta al Teatro Politeama. Nel 1919\u00a0Mario Bonnard\u00a0ne trae il film\u00a0<i>Mentre il pubblico ride<\/i>, interpretato da Petrolini e Niny Dinelli. Questo atto unico, creduto perduto, \u00e8 stato recuperato e ripubblicato nel 1981.<\/p>\n<p>Partecipa attivamente alle iniziative teatrali futuriste, sia a livello teorico che organizzativo.. Nel 1921 cura la direzione artistica della &#8220;Compagnia del Teatro della Sorpresa&#8221; diretta da\u00a0Rodolfo De Angelis,\u00a0alla quale aderiscono, in qualit\u00e0 di scenografi e scenotecnici, artisti come\u00a0Fortunato Depero\u00a0e\u00a0Enrico Prampolini\u00a0e musicisti come\u00a0Franco Casavola\u00a0e\u00a0Silvio Mix.. Il\u00a0<i>Teatro della Sorpresa<\/i> \u00e8 tenuto a battesimo il 30 settembre di quell&#8217;anno al Real Teatro Mercadante di Napoli. L&#8217;11 ottobre scrive il relativo manifesto con Marinetti, che verr\u00e0 pubblicato nel mese di gennaio dell&#8217;anno seguente con un&#8217;appendice di sintesi teatrali.\u00a0Nel 1923 pubblica\u00a0<i>Poesia pentagrammata<\/i>, dove i testi poetici sono scritti direttamente su carta da musica &#8220;per dare il\u00a0<i>tempo<\/i> ai suoni onomatopeici e al rumorismo&#8221; futurista.<\/p>\n<p>Nel 1924 si distacca dal\u00a0Futurismo, anche se rimane amico di Marinetti. Nel 1930 pubblica le\u00a0<i>Serate futuriste<\/i> in cui raccoglie i suoi ricordi dell&#8217;esperienza futurista. Nel 1931 decide di rientrare nel movimento,\u00a0ma senza pi\u00f9 l&#8217;entusiasmo e l&#8217;energia di un tempo.<\/p>\n<p>La voce di Francesco Cangiullo, che declama &#8220;il Sifone d&#8217;oro&#8221;, pu\u00f2 essere ascoltata nell&#8217;antologia storico-critica della\u00a0poesia sonora\u00a0<i>Futura<\/i>, curata da\u00a0Arrigo Lora Totino nel 1978.<\/p>\n<p>Francesco Cangiullo era il primogenito di undici fratelli, tra i quali Pasqualino e Giuseppe. Pasqualino collabor\u00f2 attivamente al movimento futurista, mentre il fratello\u00a0Giuseppe fu un pioniere del calcio partenopeo.<\/p>\n<p>Poeta, scrittore, pittore, Cangiullo fu autore spregiudicato e irriverente umorista con la sua \u201cPiedigrotta\u201d. Protagonista di primo piano della stagione futurista al pari di Balla, Russolo, Altomare e Palazzeschi. \u00abAvevamo vegliato tutta la notte, i miei amici ed io, sotto lampade di moschea dalle cupole di ottone traforato, stellate come le nostre anime, perch\u00e9 come queste irradiate dal chiuso fulgore di un cuore elettrico\u00bb.<\/p>\n<p>20 febbraio 1909. Su\u00a0<em>Le Figaro<\/em>, celebre quotidiano parigino, queste parole, velate da un alone quasi mistico, aprono il\u00a0<em>Manifesto del Futurismo<\/em>: \u00e8 l\u2019atto di fondazione del movimento che fa capo al poeta e letterato Filippo Tommaso Marinetti (Alessandria d\u2019Egitto, 21 dicembre 1876 \u2013 Bellagio, 2 dicembre 1944), intorno al quale ruoter\u00e0 un nutrito gruppo di intellettuali ed artisti. Pittura, scultura, teatro, musica, fotografia, cinema, letteratura, architettura, le \u00absette sorelle\u00bb e non solo, sono i tanti campi in cui il Futurismo italiano scompagina la tradizione delle arti; una rivoluzione ardita nel nome del progresso che correva sul filo della tecnologia, della velocit\u00e0 dell\u2019automobile, della celebrazione della modernit\u00e0 declinata nelle sue molteplici manifestazioni, in piena sintonia con il vitalismo degli anni della Belle Epoque.<\/p>\n<p>Il Futurismo rappresenta una dura sterzata rispetto alla tradizione: la sua poetica \u00e8 in netta contrapposizione con qualsiasi forma o valore arcaici, boicottati come passatisti, retaggio di un mondo al tramonto ma anche freni al progresso del\u00a0<em>nuovo<\/em>\u00a0incipiente.\u00a0<em>Parolibere<\/em>\u00a0(<em>foto<\/em>) \u00e8 un dipinto che incarna quella fede propria dei futuristi; lo realizza Francesco Cangiullo, che fu pittore ma in primis poeta e scrittore prontamente convertitosi alla nuova grammatica marinettiana. Interessatissimo a tutte le forme artistiche e geniale nell\u2019uso delle parole, Cangiullo era nato a Napoli il 27 gennaio del 1884. Insieme con il fratello Pasqualino avrebbe partecipato alla redazione di molti tra i manifesti futuristi.<\/p>\n<p>Precoce e appassionata fu l\u2019adesione al gruppo di Marinetti, dopo l\u2019incontro illuminante con il poeta alessandrino avvenuto nel 1910 proprio a Napoli, al teatro Mercadante, dove Marinetti, Palazzeschi, Altomare, Boccioni, Carr\u00e0 e Russolo avevano scandalizzato il pubblico con una \u00abserata futurista\u00bb . Cangiullo era cos\u00ec abile con le parole che i suoi testi scritti avrebbero fatto il giro del mondo, consacrandolo come sottile umorista (con Hugo Ball e Tristan Tzara tra i suoi principali estimatori, tanto che alcuni testi dell\u2019artista vennero cos\u00ec apprezzati da essere recitati dal gruppo Dada attivo al \u00abCabaret Voltaire\u00bb di Zurigo).<\/p>\n<p>Nell\u2019ambito della suggestione per l\u2019azione e il sovvertimento di ogni regola precostituita, Marinetti aveva ideato le \u00abtavole parolibere\u00bb: una nuova forma narrativa, al passo coi tempi, attraverso cui il poeta \u00e8 chiamato a sintetizzare la propria espressione, a trovare nuove immagini per mezzo dell\u2019accostamento incongruo o il raddoppio dei sostantivi, attraverso la soppressione degli aggettivi e con l\u2019utilizzo di un verbo \u00abrotondo e scorrevole come una ruota\u00bb, rigorosamente all\u2019infinito.\u00a0<em>Parolibere<\/em>\u00a0di Cangiullo \u00e8 la testimonianza perfetta della rivoluzione letteraria in atto, con l\u2019introduzione di una suggestione visiva per mezzo di una soluzione grafica allusiva e movimentata al pari degli eventi trattati dal testo scritto.<\/p>\n<p>La visualizzazione delle \u00abparole in libert\u00e0\u00bb sarebbe continuata nella seconda met\u00e0 degli anni dieci e all\u2019inizio dei venti, fra le pagine di \u00abLacerba\u00bb e quelle di \u00abVela latina\u00bb e de \u00abL\u2019ltalia futurista\u00bb, e, soprattutto, con l\u2019 aulica sfrontatezza di \u00abPiedigrotta\u00bb, datata settembre-ottobre 1913. Proprio i colori e la buona dose di sentimentalismo a buon mercato delle canzoni della famosa festa, dove la componente melanconica \u00e8 spesso diluita da un\u2019 ironia tutta partenopea, rappresentavano quel ciarpame arcaico della cultura ufficiale napoletana che l\u2019irriverente Cangiullo era deciso a colpire attraverso il \u201csuo\u201d futurismo a tutto tondo.<\/p>\n<p>Il poeta mette dunque in scena una Piedigrotta tutta personale, presso la galleria di Sprovieri a via dei Mille, \u00abcon declamazioni a pi\u00f9 voci, corteo di scugnizzi, pianoforte, strumenti piedigrotteschi, fuochi d\u2019artificio; tutto sul magico fondale di Balla\u2026\u00bb. Cos\u00ec Marinetti chiosava nella prefazione all\u2019opera di Cangiullo: \u00abNella Tofa, grossa conchiglia, dalla quale gli scugnizzi traggono soffiando una melopea tragicomica turchino-scura, io ho scoperto una feroce satira della mitologia con tutte le sue sirene, i suoi tritoni e le sue conche marine, che popolano il golfo passatista di Napoli.<br \/>\n\u2013 Nel Putip\u00f9, chiamato anche caccavella o pernacchiatore, piccola scatola di stagno o di terracotta coperta di pelle nella quale \u00e8 conficcato un giunco che rumoreggia buffonescamente se strofinato da una mano bagnata, \u00e8 l\u2019ironia violenta colla quale una razza sana e giovane corregge e combatte tutti i veleni nostalgici del Chiaro di luna.<\/p>\n<p>\u2013 Lo Scetavaiasse, che ha per archetto una sega di legno, ricoperta di sonagli e di pezzi di stagno, \u00e8 la parodia geniale del violino quale espressione della vita interna e dell\u2019angoscia sentimentale. Ridicolizza spiritosamente il virtuosismo musicale, Paganini, Kubelik, gli angeli suonatori di viola di Benozzo Gozzoli, la musica classica, le sale del Conservatori, piene di noia e di tetraggine deprimente.<br \/>\n-Il Triccaballacche \u00e8 una specie di lira di legno che ha per corde delle fini sottili aste di legno, terminate da martelli quadrati, pure di legno. suona come i piatti, aprendo e chiudendo le mani alzate che impugnano i due montanti. E\u2019 la satira dei cortei sacerdotali greco-romani e dei ceteratori che fregiano le architetture passatiste\u00bb. In poche righe, tutta la \u00abtrasgressione della tradizione\u00bb che si converte al nuovo futurista, con Napoli protagonista.<\/p>\n<\/div>\n<\/div>\n<\/div>\n<\/div>\n<h2><\/h2>\n<h2><\/h2>\n<h2><span id=\"Marinetti_e_D'Annunzio\" class=\"mw-headline\">Marinetti\u00a0<\/span><\/h2>\n<div class=\"thumb tright\">\n<div class=\"thumbinner\">\n<div class=\"thumb tright\">\n<div class=\"thumbinner\">\n<p><img loading=\"lazy\" decoding=\"async\" class=\"alignnone size-full wp-image-3266\" src=\"https:\/\/www.thefinitive.com\/wp-content\/uploads\/2019\/08\/Marinetti2.jpg\" alt=\"\" width=\"204\" height=\"302\" srcset=\"https:\/\/thefinitive.com\/wp-content\/uploads\/2019\/08\/Marinetti2.jpg 204w, https:\/\/thefinitive.com\/wp-content\/uploads\/2019\/08\/Marinetti2-64x95.jpg 64w, https:\/\/thefinitive.com\/wp-content\/uploads\/2019\/08\/Marinetti2-203x300.jpg 203w\" sizes=\"(max-width: 204px) 100vw, 204px\" \/><\/p>\n<\/div>\n<\/div>\n<\/div>\n<\/div>\n<div class=\"thumb tright\">\n<div class=\"thumbinner\">\n<div class=\"thumb tright\">\n<div class=\"thumbinner\">\n<p><b>Filippo Tommaso Marinetti<\/b>\u00a0(Alessandria d&#8217;Egitto,\u00a022 dicembre\u00a01876\u00a0\u2013\u00a0Bellagio,\u00a02 dicembre\u00a01944) \u00e8 stato un\u00a0poeta,\u00a0scrittore\u00a0e\u00a0drammaturgo\u00a0italiano. \u00c8 conosciuto soprattutto come il fondatore del\u00a0movimento futurista, la prima\u00a0avanguardia\u00a0storica italiana del\u00a0Novecento.<\/p>\n<p>&nbsp;<\/p>\n<\/div>\n<\/div>\n<\/div>\n<\/div>\n<p>Fonti \u00a0<em><a href=\"https:\/\/it.wikipedia.org\/wiki\/Francesco_Cangiullo\">Wikipedia<\/a> , <a href=\"https:\/\/www.ilmediano.com\/FRANCESCO-CANGIULLO-UN-GENIO-FUTURISTA-A-NAPOLI\/\">Il Mediano<\/a><\/em><\/p>\n<p>&nbsp;<\/p>\n<p>2.20<\/p>\n","protected":false},"excerpt":{"rendered":"<p style=\"text-align: center;\">Tazzina e piattino in ceramica policroma, dipinta a mano, dal titolo <strong>CANGIULLO\u00a0 PIEDIGROTTA<\/strong> , firmata al retro <strong>Albisola<\/strong> , <em>B.V. CHILLE .\u00a0<\/em> Commemorativa dell&#8217;omonima opera del grande scrittore Francesco Cangiullo,\u00a0 in buone condizioni, con piccole mancanze di colore sparse.<\/p>\n<p style=\"text-align: center;\"><strong><em>(Scorri la pagina in basso per ulteriori dettagli e informazioni)<\/em><\/strong><\/p>\n<p>&nbsp;<\/p>\n<p>&nbsp;<\/p>\n","protected":false},"featured_media":4774,"comment_status":"open","ping_status":"closed","template":"","meta":[],"product_cat":[586],"product_tag":[402,404,163,482,245,182,155,282,250,314,405],"yoast_head":"<!-- This site is optimized with the Yoast SEO plugin v21.9.1 - https:\/\/yoast.com\/wordpress\/plugins\/seo\/ -->\n<title>\u274c\ud83d\ude41Cangiullo Piedigrotta ceramica Albisola - Futurismo - Thefinitive<\/title>\n<meta name=\"description\" content=\"Cangiullo PIEDIGROTTA ceramica futurista ALBISOLA - Mazzotti - Tullio d&#039;Albisola - Marinetti - Futurist Ceramic Futurism ZANG TUMB TUMB\" \/>\n<meta name=\"robots\" content=\"index, follow, max-snippet:-1, max-image-preview:large, max-video-preview:-1\" \/>\n<link rel=\"canonical\" href=\"https:\/\/thefinitive.com\/en\/prodotto\/cangiullo-piedigrotta-ceramica-albisola-futurismo\/\" \/>\n<meta property=\"og:locale\" content=\"en_US\" \/>\n<meta property=\"og:type\" content=\"article\" \/>\n<meta property=\"og:title\" content=\"\u274c\ud83d\ude41Cangiullo Piedigrotta ceramica Albisola - Futurismo - Thefinitive\" \/>\n<meta property=\"og:description\" content=\"Cangiullo PIEDIGROTTA ceramica futurista ALBISOLA - Mazzotti - Tullio d&#039;Albisola - Marinetti - Futurist Ceramic Futurism ZANG TUMB TUMB\" \/>\n<meta property=\"og:url\" content=\"https:\/\/thefinitive.com\/en\/prodotto\/cangiullo-piedigrotta-ceramica-albisola-futurismo\/\" \/>\n<meta property=\"og:site_name\" content=\"Thefinitive\" \/>\n<meta property=\"article:publisher\" content=\"https:\/\/business.facebook.com\/Thefinitive-111771813534320\/\" \/>\n<meta property=\"article:modified_time\" content=\"2023-03-20T14:48:29+00:00\" \/>\n<meta property=\"og:image\" content=\"https:\/\/thefinitive.com\/wp-content\/uploads\/2020\/02\/20200225_114047.jpg\" \/>\n\t<meta property=\"og:image:width\" content=\"2160\" \/>\n\t<meta property=\"og:image:height\" content=\"2160\" \/>\n\t<meta property=\"og:image:type\" content=\"image\/jpeg\" \/>\n<meta name=\"twitter:card\" content=\"summary_large_image\" \/>\n<meta name=\"twitter:label1\" content=\"Est. reading time\" \/>\n\t<meta name=\"twitter:data1\" content=\"8 minutes\" \/>\n<script type=\"application\/ld+json\" class=\"yoast-schema-graph\">{\"@context\":\"https:\/\/schema.org\",\"@graph\":[{\"@type\":\"WebPage\",\"@id\":\"https:\/\/thefinitive.com\/en\/prodotto\/cangiullo-piedigrotta-ceramica-albisola-futurismo\/\",\"url\":\"https:\/\/thefinitive.com\/en\/prodotto\/cangiullo-piedigrotta-ceramica-albisola-futurismo\/\",\"name\":\"\u274c\ud83d\ude41Cangiullo Piedigrotta ceramica Albisola - Futurismo - Thefinitive\",\"isPartOf\":{\"@id\":\"https:\/\/thefinitive.com\/en\/#website\"},\"datePublished\":\"2020-02-25T19:49:16+00:00\",\"dateModified\":\"2023-03-20T14:48:29+00:00\",\"description\":\"Cangiullo PIEDIGROTTA ceramica futurista ALBISOLA - Mazzotti - Tullio d'Albisola - Marinetti - Futurist Ceramic Futurism ZANG TUMB TUMB\",\"breadcrumb\":{\"@id\":\"https:\/\/thefinitive.com\/en\/prodotto\/cangiullo-piedigrotta-ceramica-albisola-futurismo\/#breadcrumb\"},\"inLanguage\":\"en-US\",\"potentialAction\":[{\"@type\":\"ReadAction\",\"target\":[\"https:\/\/thefinitive.com\/en\/prodotto\/cangiullo-piedigrotta-ceramica-albisola-futurismo\/\"]}]},{\"@type\":\"BreadcrumbList\",\"@id\":\"https:\/\/thefinitive.com\/en\/prodotto\/cangiullo-piedigrotta-ceramica-albisola-futurismo\/#breadcrumb\",\"itemListElement\":[{\"@type\":\"ListItem\",\"position\":1,\"name\":\"Home\",\"item\":\"https:\/\/thefinitive.com\/en\/\"},{\"@type\":\"ListItem\",\"position\":2,\"name\":\"Shop\",\"item\":\"https:\/\/thefinitive.com\/en\/shop-2\/\"},{\"@type\":\"ListItem\",\"position\":3,\"name\":\"\u274c\ud83d\ude41Cangiullo Piedigrotta ceramica Albisola &#8211; Futurismo\"}]},{\"@type\":\"WebSite\",\"@id\":\"https:\/\/thefinitive.com\/en\/#website\",\"url\":\"https:\/\/thefinitive.com\/en\/\",\"name\":\"Thefinitive\",\"description\":\"Antiquariato Online\",\"publisher\":{\"@id\":\"https:\/\/thefinitive.com\/en\/#organization\"},\"potentialAction\":[{\"@type\":\"SearchAction\",\"target\":{\"@type\":\"EntryPoint\",\"urlTemplate\":\"https:\/\/thefinitive.com\/en\/?s={search_term_string}\"},\"query-input\":\"required name=search_term_string\"}],\"inLanguage\":\"en-US\"},{\"@type\":\"Organization\",\"@id\":\"https:\/\/thefinitive.com\/en\/#organization\",\"name\":\"Thefinitive\",\"url\":\"https:\/\/thefinitive.com\/en\/\",\"logo\":{\"@type\":\"ImageObject\",\"inLanguage\":\"en-US\",\"@id\":\"https:\/\/thefinitive.com\/en\/#\/schema\/logo\/image\/\",\"url\":\"https:\/\/thefinitive.com\/wp-content\/uploads\/2019\/07\/logo4vett.svg\",\"contentUrl\":\"https:\/\/thefinitive.com\/wp-content\/uploads\/2019\/07\/logo4vett.svg\",\"width\":500,\"height\":100,\"caption\":\"Thefinitive\"},\"image\":{\"@id\":\"https:\/\/thefinitive.com\/en\/#\/schema\/logo\/image\/\"},\"sameAs\":[\"https:\/\/business.facebook.com\/Thefinitive-111771813534320\/\",\"https:\/\/www.instagram.com\/_thefinitive_\/\"]}]}<\/script>\n<!-- \/ Yoast SEO plugin. -->","yoast_head_json":{"title":"\u274c\ud83d\ude41Cangiullo Piedigrotta ceramica Albisola - Futurismo - Thefinitive","description":"Cangiullo PIEDIGROTTA ceramica futurista ALBISOLA - Mazzotti - Tullio d'Albisola - Marinetti - Futurist Ceramic Futurism ZANG TUMB TUMB","robots":{"index":"index","follow":"follow","max-snippet":"max-snippet:-1","max-image-preview":"max-image-preview:large","max-video-preview":"max-video-preview:-1"},"canonical":"https:\/\/thefinitive.com\/en\/prodotto\/cangiullo-piedigrotta-ceramica-albisola-futurismo\/","og_locale":"en_US","og_type":"article","og_title":"\u274c\ud83d\ude41Cangiullo Piedigrotta ceramica Albisola - Futurismo - Thefinitive","og_description":"Cangiullo PIEDIGROTTA ceramica futurista ALBISOLA - Mazzotti - Tullio d'Albisola - Marinetti - Futurist Ceramic Futurism ZANG TUMB TUMB","og_url":"https:\/\/thefinitive.com\/en\/prodotto\/cangiullo-piedigrotta-ceramica-albisola-futurismo\/","og_site_name":"Thefinitive","article_publisher":"https:\/\/business.facebook.com\/Thefinitive-111771813534320\/","article_modified_time":"2023-03-20T14:48:29+00:00","og_image":[{"width":2160,"height":2160,"url":"https:\/\/thefinitive.com\/wp-content\/uploads\/2020\/02\/20200225_114047.jpg","type":"image\/jpeg"}],"twitter_card":"summary_large_image","twitter_misc":{"Est. reading time":"8 minutes"},"schema":{"@context":"https:\/\/schema.org","@graph":[{"@type":"WebPage","@id":"https:\/\/thefinitive.com\/en\/prodotto\/cangiullo-piedigrotta-ceramica-albisola-futurismo\/","url":"https:\/\/thefinitive.com\/en\/prodotto\/cangiullo-piedigrotta-ceramica-albisola-futurismo\/","name":"\u274c\ud83d\ude41Cangiullo Piedigrotta ceramica Albisola - Futurismo - Thefinitive","isPartOf":{"@id":"https:\/\/thefinitive.com\/en\/#website"},"datePublished":"2020-02-25T19:49:16+00:00","dateModified":"2023-03-20T14:48:29+00:00","description":"Cangiullo PIEDIGROTTA ceramica futurista ALBISOLA - Mazzotti - Tullio d'Albisola - Marinetti - Futurist Ceramic Futurism ZANG TUMB TUMB","breadcrumb":{"@id":"https:\/\/thefinitive.com\/en\/prodotto\/cangiullo-piedigrotta-ceramica-albisola-futurismo\/#breadcrumb"},"inLanguage":"en-US","potentialAction":[{"@type":"ReadAction","target":["https:\/\/thefinitive.com\/en\/prodotto\/cangiullo-piedigrotta-ceramica-albisola-futurismo\/"]}]},{"@type":"BreadcrumbList","@id":"https:\/\/thefinitive.com\/en\/prodotto\/cangiullo-piedigrotta-ceramica-albisola-futurismo\/#breadcrumb","itemListElement":[{"@type":"ListItem","position":1,"name":"Home","item":"https:\/\/thefinitive.com\/en\/"},{"@type":"ListItem","position":2,"name":"Shop","item":"https:\/\/thefinitive.com\/en\/shop-2\/"},{"@type":"ListItem","position":3,"name":"\u274c\ud83d\ude41Cangiullo Piedigrotta ceramica Albisola &#8211; Futurismo"}]},{"@type":"WebSite","@id":"https:\/\/thefinitive.com\/en\/#website","url":"https:\/\/thefinitive.com\/en\/","name":"Thefinitive","description":"Antiquariato Online","publisher":{"@id":"https:\/\/thefinitive.com\/en\/#organization"},"potentialAction":[{"@type":"SearchAction","target":{"@type":"EntryPoint","urlTemplate":"https:\/\/thefinitive.com\/en\/?s={search_term_string}"},"query-input":"required name=search_term_string"}],"inLanguage":"en-US"},{"@type":"Organization","@id":"https:\/\/thefinitive.com\/en\/#organization","name":"Thefinitive","url":"https:\/\/thefinitive.com\/en\/","logo":{"@type":"ImageObject","inLanguage":"en-US","@id":"https:\/\/thefinitive.com\/en\/#\/schema\/logo\/image\/","url":"https:\/\/thefinitive.com\/wp-content\/uploads\/2019\/07\/logo4vett.svg","contentUrl":"https:\/\/thefinitive.com\/wp-content\/uploads\/2019\/07\/logo4vett.svg","width":500,"height":100,"caption":"Thefinitive"},"image":{"@id":"https:\/\/thefinitive.com\/en\/#\/schema\/logo\/image\/"},"sameAs":["https:\/\/business.facebook.com\/Thefinitive-111771813534320\/","https:\/\/www.instagram.com\/_thefinitive_\/"]}]}},"_links":{"self":[{"href":"https:\/\/thefinitive.com\/en\/wp-json\/wp\/v3\/product\/4842"}],"collection":[{"href":"https:\/\/thefinitive.com\/en\/wp-json\/wp\/v3\/product"}],"about":[{"href":"https:\/\/thefinitive.com\/en\/wp-json\/wp\/v2\/types\/product"}],"replies":[{"embeddable":true,"href":"https:\/\/thefinitive.com\/en\/wp-json\/wp\/v2\/comments?post=4842"}],"version-history":[{"count":1,"href":"https:\/\/thefinitive.com\/en\/wp-json\/wp\/v3\/product\/4842\/revisions"}],"predecessor-version":[{"id":14802,"href":"https:\/\/thefinitive.com\/en\/wp-json\/wp\/v3\/product\/4842\/revisions\/14802"}],"wp:featuredmedia":[{"embeddable":true,"href":"https:\/\/thefinitive.com\/en\/wp-json\/wp\/v2\/media\/4774"}],"wp:attachment":[{"href":"https:\/\/thefinitive.com\/en\/wp-json\/wp\/v2\/media?parent=4842"}],"wp:term":[{"taxonomy":"product_cat","embeddable":true,"href":"https:\/\/thefinitive.com\/en\/wp-json\/wp\/v2\/product_cat?post=4842"},{"taxonomy":"product_tag","embeddable":true,"href":"https:\/\/thefinitive.com\/en\/wp-json\/wp\/v2\/product_tag?post=4842"}],"curies":[{"name":"wp","href":"https:\/\/api.w.org\/{rel}","templated":true}]}}