{"id":4597,"date":"2020-08-19T06:50:26","date_gmt":"2020-08-19T06:50:26","guid":{"rendered":"https:\/\/www.thefinitive.com\/?post_type=product&#038;p=4597"},"modified":"2023-03-20T15:38:55","modified_gmt":"2023-03-20T14:38:55","slug":"diaz-bollettino-vittoria-bronzo-4-novembre-1918","status":"publish","type":"product","link":"https:\/\/thefinitive.com\/en\/prodotto\/diaz-bollettino-vittoria-bronzo-4-novembre-1918\/","title":{"rendered":"\u274c\ud83d\ude41DIAZ Bollettino Vittoria bronzo  4 Novembre 1918"},"content":{"rendered":"<p>Targa in bronzo del <strong>BOLLETTINO DELLA VITTORIA<\/strong> , a seguito della fine della Prima Guerra Mondiale, con l&#8217;armistizio di Villa Giusti del <strong>4 Novembre 1918<\/strong>, dove il generale<strong> Armando Diaz<\/strong> proclama la vittoria sull&#8217;esercito austro-ungarico.<\/p>\n<p>Oggetto magnificamente realizzato in fusione di bronzo, con il testo integrale del bollettino nella parte centrale, all&#8217;interno di una lavorazione grafica a simulare una cornice sormontata dalla corona reale sabauda, e due serti di foglie di alloro e di quercia.<\/p>\n<p>Realizzata dalla fusione del bronzo nemico, preda bellica, come si evince dal marchio impresso al retro della placca stessa\u00a0 <strong>FUSA CON BRONZO TOLTO AL NEMICO &#8211; GUERRA 1915 1918<\/strong> e marcata sempre al retro, angolo basso destro, <strong>SPOLETTIFICIO\u00a0 R.E. ROMA\u00a0<\/strong> (quindi un oggetto assolutamente originale, realizzato nelle fonderie del Regio Esercito)<\/p>\n<p>&nbsp;<\/p>\n<p><strong>MATERIALE\u00a0 \u00a0 \u00a0:\u00a0 <\/strong>Bronzo<\/p>\n<p><strong>MISURE piastra\u00a0 :<\/strong>\u00a0 mm.140 x 170<\/p>\n<p><strong>MARCHIO\u00a0 \u00a0 \u00a0 \u00a0 \u00a0:<\/strong>\u00a0 Spolettificio R.E. Roma<\/p>\n<p>&nbsp;<\/p>\n<h2 style=\"text-align: left;\">NOTIZIE<\/h2>\n<p>Il\u00a0<b>Bollettino della Vittoria<\/b> (qui in versione piastra in bronzo) \u00e8 il documento ufficiale scritto dopo l&#8217;<a title=\"Armistizio di Villa Giusti\" href=\"https:\/\/it.wikipedia.org\/wiki\/Armistizio_di_Villa_Giusti\">armistizio di Villa Giusti<\/a>\u00a0con cui il generale\u00a0<a title=\"Armando Diaz\" href=\"https:\/\/it.wikipedia.org\/wiki\/Armando_Diaz\">Armando Diaz<\/a>,\u00a0comandante supremo del Regio Esercito, annunci\u00f2, il 4 novembre 1918, la resa dell&#8217;Impero austro-ungarico\u00a0e la vittoria dell&#8217;Italia\u00a0nella\u00a0prima guerra mondiale.<\/p>\n<p>Il suo autore materiale sarebbe stato, in realt\u00e0, il generale\u00a0<a title=\"Domenico Siciliani\" href=\"https:\/\/it.wikipedia.org\/wiki\/Domenico_Siciliani\">Domenico Siciliani<\/a>, capo dell&#8217;Ufficio stampa del comando supremo<sup id=\"cite_ref-1\" class=\"reference\"><\/sup>. Ogni anno, il 4 novembre, le istituzioni italiane celebrano l&#8217;avvenimento con la\u00a0Giornata dell&#8217;Unit\u00e0 Nazionale e delle Forze Armate.<\/p>\n<p>Analogamente fu redatto, dall&#8217;ammiraglio\u00a0Paolo Thaon di Revel,\u00a0comandante supremo della Regia Marina, il\u00a0Bollettino della Vittoria Navale. Non fu mai redatto un analogo bollettino per le forze aeree, visto che queste ultime facevano capo al\u00a0Servizio Aeronautico, reparto destinato agli\u00a0aeromobili\u00a0del\u00a0Regio Esercito: la\u00a0Regia Aeronautica, terza forza armata del\u00a0Regno d&#8217;Italia, fu infatti istituita nel 1923, dopo la fine della prima guerra mondiale.<\/p>\n<h2><span id=\"Il_testo\" class=\"mw-headline\">Il testo<\/span><\/h2>\n<table class=\"citazione-table\">\n<tbody>\n<tr>\n<td>\u00abComando Supremo, 4 novembre 1918, ore 12; Bollettino di guerra n. 1268<\/p>\n<p>La guerra contro l&#8217;Austria-Ungheria che, sotto l&#8217;alta guida di S.M. il Re, duce supremo, l&#8217;Esercito Italiano, inferiore per numero e per mezzi, inizi\u00f2 il 24 maggio 1915 e con fede incrollabile e tenace valore condusse ininterrotta ed asprissima per 41 mesi, \u00e8 vinta. La gigantesca battaglia ingaggiata il 24 dello scorso ottobre ed alla quale prendevano parte cinquantuno divisioni italiane, tre britanniche, due francesi, una cecoslovacca ed un reggimento americano, contro settantatr\u00e9 divisioni austroungariche, \u00e8 finita. La fulminea e arditissima avanzata del XXIX Corpo d&#8217;Armata su Trento, sbarrando le vie della ritirata alle armate nemiche del Trentino, travolte ad occidente dalle truppe della VII armata e ad oriente da quelle della I, VI e IV, ha determinato ieri lo sfacelo totale della fronte avversaria. Dal Brenta al Torre l&#8217;irresistibile slancio della XII, della VIII, della X armata e delle divisioni di cavalleria, ricaccia sempre pi\u00f9 indietro il nemico fuggente. Nella pianura, S.A.R. il Duca d&#8217;Aosta avanza rapidamente alla testa della sua invitta III armata, anelante di ritornare sulle posizioni da essa gi\u00e0 vittoriosamente conquistate, che mai aveva perdute. L&#8217;Esercito Austro-Ungarico \u00e8 annientato: esso ha subito perdite gravissime nell&#8217;accanita resistenza dei primi giorni e nell&#8217;inseguimento ha perduto quantit\u00e0 ingentissime di materiale di ogni sorta e pressoch\u00e9 per intero i suoi magazzini e i depositi. Ha lasciato finora nelle nostre mani circa trecentomila prigionieri con interi stati maggiori e non meno di cinquemila cannoni. I resti di quello che fu uno dei pi\u00f9 potenti eserciti del mondo risalgono in disordine e senza speranza le valli che avevano discese con orgogliosa sicurezza.\u00bb<\/td>\n<\/tr>\n<\/tbody>\n<\/table>\n<h3><span id=\"Curiosit\u00e0\" class=\"mw-headline\">Curiosit\u00e0<\/span><\/h3>\n<p>Successivamente all&#8217;apposizione della targa in tutti i municipi d&#8217;Italia, la fama e il nome di Diaz divennero quelli di un eroe nazionale; in alcune versioni, tuttavia, essa non terminava con il nome e il cognome del generale, ma semplicemente con &#8220;FIRMATO, DIAZ&#8221; (nella forma abbreviata &#8220;F.TO, DIAZ&#8221;), spesso addirittura senza la virgola. La celebrit\u00e0 data al personaggio, unito alla relativa ignoranza o ingenuit\u00e0 della molta parte del popolo che a malapena sapeva leggere, fece credere a molti genitori che &#8220;firmato&#8221; fosse il nome dell&#8217;eroe, cos\u00ec, nei primi anni &#8217;20 del Novecento, in Italia si diffuse, soprattutto nelle fasce pi\u00f9 umili, il nome di battesimo &#8220;Firmato&#8221;, talvolta modificato nel pi\u00f9 noto &#8220;Firmino&#8221; in quanto, pur se presente nel calendario cristiano (i santi Firmato e Flavina, martiri di Auxerre prima del VI secolo, si festeggiano il 5 ottobre) esso non ha mai avuto vera diffusione<sup id=\"cite_ref-5\" class=\"reference\"><\/sup><\/p>\n<p>&nbsp;<\/p>\n<p>Fonti\u00a0 \u00a0<a href=\"https:\/\/it.wikipedia.org\/wiki\/Bollettino_della_Vittoria\">Wikipedia<\/a><\/p>\n<p>&nbsp;<\/p>\n<p>8.20<\/p>\n","protected":false},"excerpt":{"rendered":"<p style=\"text-align: center;\">Targa in bronzo del <strong>BOLLETTINO DELLA VITTORIA<\/strong> , a seguito della fine della Prima Guerra Mondiale, con l&#8217;armistizio di Villa Giusti del <strong>4 Novembre 1918<\/strong>, dove il generale<strong> Armando Diaz<\/strong> proclama la vittoria sull&#8217;esercito austro-ungarico. Fusione di bronzo, con il testo integrale del bollettino nella parte centrale, all&#8217;interno di una lavorazione grafica a simulare una cornice sormontata dalla corona reale sabauda, e due serti di foglie di alloro e di quercia.\u00a0 La piastra misura circa mm.140 x 170 . Realizzata dallo <strong>SPOLETTIFICIO<\/strong> del <strong>Regio Esercito<\/strong>, in Roma.<\/p>\n<p style=\"text-align: center;\">In ottime condizioni.<\/p>\n<p>&nbsp;<\/p>\n<p style=\"text-align: center;\"><strong><em>(Scorri la pagina in basso per ulteriori dettagli e informazioni)<\/em><\/strong><\/p>\n<p>&nbsp;<\/p>\n<p>&nbsp;<\/p>\n","protected":false},"featured_media":6662,"comment_status":"open","ping_status":"closed","template":"","meta":[],"product_cat":[586],"product_tag":[469,191,172,182,468,155,198,192,175,327,306],"yoast_head":"<!-- This site is optimized with the Yoast SEO plugin v21.9.1 - https:\/\/yoast.com\/wordpress\/plugins\/seo\/ -->\n<title>\u274c\ud83d\ude41DIAZ Bollettino Vittoria bronzo 4 Novembre 1918 - Thefinitive<\/title>\n<meta name=\"description\" content=\"Bollettino della vittoria del 4 Novembre 1918 firmato Generale Armando DIAZ su piastra in bronzo - 1GM 1WW Guerra contro l&#039;Austria\" \/>\n<meta name=\"robots\" content=\"index, follow, max-snippet:-1, max-image-preview:large, max-video-preview:-1\" \/>\n<link rel=\"canonical\" href=\"https:\/\/thefinitive.com\/en\/prodotto\/diaz-bollettino-vittoria-bronzo-4-novembre-1918\/\" \/>\n<meta property=\"og:locale\" content=\"en_US\" \/>\n<meta property=\"og:type\" content=\"article\" \/>\n<meta property=\"og:title\" content=\"\u274c\ud83d\ude41DIAZ Bollettino Vittoria bronzo 4 Novembre 1918 - Thefinitive\" \/>\n<meta property=\"og:description\" content=\"Bollettino della vittoria del 4 Novembre 1918 firmato Generale Armando DIAZ su piastra in bronzo - 1GM 1WW Guerra contro l&#039;Austria\" \/>\n<meta property=\"og:url\" content=\"https:\/\/thefinitive.com\/en\/prodotto\/diaz-bollettino-vittoria-bronzo-4-novembre-1918\/\" \/>\n<meta property=\"og:site_name\" content=\"Thefinitive\" \/>\n<meta property=\"article:publisher\" content=\"https:\/\/business.facebook.com\/Thefinitive-111771813534320\/\" \/>\n<meta property=\"article:modified_time\" content=\"2023-03-20T14:38:55+00:00\" \/>\n<meta property=\"og:image\" content=\"https:\/\/thefinitive.com\/wp-content\/uploads\/2020\/08\/diaz1-2.jpg\" \/>\n\t<meta property=\"og:image:width\" content=\"2160\" \/>\n\t<meta property=\"og:image:height\" content=\"2160\" \/>\n\t<meta property=\"og:image:type\" content=\"image\/jpeg\" \/>\n<meta name=\"twitter:card\" content=\"summary_large_image\" \/>\n<meta name=\"twitter:label1\" content=\"Est. reading time\" \/>\n\t<meta name=\"twitter:data1\" content=\"3 minutes\" \/>\n<script type=\"application\/ld+json\" class=\"yoast-schema-graph\">{\"@context\":\"https:\/\/schema.org\",\"@graph\":[{\"@type\":\"WebPage\",\"@id\":\"https:\/\/thefinitive.com\/en\/prodotto\/diaz-bollettino-vittoria-bronzo-4-novembre-1918\/\",\"url\":\"https:\/\/thefinitive.com\/en\/prodotto\/diaz-bollettino-vittoria-bronzo-4-novembre-1918\/\",\"name\":\"\u274c\ud83d\ude41DIAZ Bollettino Vittoria bronzo 4 Novembre 1918 - Thefinitive\",\"isPartOf\":{\"@id\":\"https:\/\/thefinitive.com\/en\/#website\"},\"datePublished\":\"2020-08-19T06:50:26+00:00\",\"dateModified\":\"2023-03-20T14:38:55+00:00\",\"description\":\"Bollettino della vittoria del 4 Novembre 1918 firmato Generale Armando DIAZ su piastra in bronzo - 1GM 1WW Guerra contro l'Austria\",\"breadcrumb\":{\"@id\":\"https:\/\/thefinitive.com\/en\/prodotto\/diaz-bollettino-vittoria-bronzo-4-novembre-1918\/#breadcrumb\"},\"inLanguage\":\"en-US\",\"potentialAction\":[{\"@type\":\"ReadAction\",\"target\":[\"https:\/\/thefinitive.com\/en\/prodotto\/diaz-bollettino-vittoria-bronzo-4-novembre-1918\/\"]}]},{\"@type\":\"BreadcrumbList\",\"@id\":\"https:\/\/thefinitive.com\/en\/prodotto\/diaz-bollettino-vittoria-bronzo-4-novembre-1918\/#breadcrumb\",\"itemListElement\":[{\"@type\":\"ListItem\",\"position\":1,\"name\":\"Home\",\"item\":\"https:\/\/thefinitive.com\/en\/\"},{\"@type\":\"ListItem\",\"position\":2,\"name\":\"Shop\",\"item\":\"https:\/\/thefinitive.com\/en\/shop-2\/\"},{\"@type\":\"ListItem\",\"position\":3,\"name\":\"\u274c\ud83d\ude41DIAZ Bollettino Vittoria bronzo 4 Novembre 1918\"}]},{\"@type\":\"WebSite\",\"@id\":\"https:\/\/thefinitive.com\/en\/#website\",\"url\":\"https:\/\/thefinitive.com\/en\/\",\"name\":\"Thefinitive\",\"description\":\"Antiquariato Online\",\"publisher\":{\"@id\":\"https:\/\/thefinitive.com\/en\/#organization\"},\"potentialAction\":[{\"@type\":\"SearchAction\",\"target\":{\"@type\":\"EntryPoint\",\"urlTemplate\":\"https:\/\/thefinitive.com\/en\/?s={search_term_string}\"},\"query-input\":\"required name=search_term_string\"}],\"inLanguage\":\"en-US\"},{\"@type\":\"Organization\",\"@id\":\"https:\/\/thefinitive.com\/en\/#organization\",\"name\":\"Thefinitive\",\"url\":\"https:\/\/thefinitive.com\/en\/\",\"logo\":{\"@type\":\"ImageObject\",\"inLanguage\":\"en-US\",\"@id\":\"https:\/\/thefinitive.com\/en\/#\/schema\/logo\/image\/\",\"url\":\"https:\/\/thefinitive.com\/wp-content\/uploads\/2019\/07\/logo4vett.svg\",\"contentUrl\":\"https:\/\/thefinitive.com\/wp-content\/uploads\/2019\/07\/logo4vett.svg\",\"width\":500,\"height\":100,\"caption\":\"Thefinitive\"},\"image\":{\"@id\":\"https:\/\/thefinitive.com\/en\/#\/schema\/logo\/image\/\"},\"sameAs\":[\"https:\/\/business.facebook.com\/Thefinitive-111771813534320\/\",\"https:\/\/www.instagram.com\/_thefinitive_\/\"]}]}<\/script>\n<!-- \/ Yoast SEO plugin. -->","yoast_head_json":{"title":"\u274c\ud83d\ude41DIAZ Bollettino Vittoria bronzo 4 Novembre 1918 - Thefinitive","description":"Bollettino della vittoria del 4 Novembre 1918 firmato Generale Armando DIAZ su piastra in bronzo - 1GM 1WW Guerra contro l'Austria","robots":{"index":"index","follow":"follow","max-snippet":"max-snippet:-1","max-image-preview":"max-image-preview:large","max-video-preview":"max-video-preview:-1"},"canonical":"https:\/\/thefinitive.com\/en\/prodotto\/diaz-bollettino-vittoria-bronzo-4-novembre-1918\/","og_locale":"en_US","og_type":"article","og_title":"\u274c\ud83d\ude41DIAZ Bollettino Vittoria bronzo 4 Novembre 1918 - Thefinitive","og_description":"Bollettino della vittoria del 4 Novembre 1918 firmato Generale Armando DIAZ su piastra in bronzo - 1GM 1WW Guerra contro l'Austria","og_url":"https:\/\/thefinitive.com\/en\/prodotto\/diaz-bollettino-vittoria-bronzo-4-novembre-1918\/","og_site_name":"Thefinitive","article_publisher":"https:\/\/business.facebook.com\/Thefinitive-111771813534320\/","article_modified_time":"2023-03-20T14:38:55+00:00","og_image":[{"width":2160,"height":2160,"url":"https:\/\/thefinitive.com\/wp-content\/uploads\/2020\/08\/diaz1-2.jpg","type":"image\/jpeg"}],"twitter_card":"summary_large_image","twitter_misc":{"Est. reading time":"3 minutes"},"schema":{"@context":"https:\/\/schema.org","@graph":[{"@type":"WebPage","@id":"https:\/\/thefinitive.com\/en\/prodotto\/diaz-bollettino-vittoria-bronzo-4-novembre-1918\/","url":"https:\/\/thefinitive.com\/en\/prodotto\/diaz-bollettino-vittoria-bronzo-4-novembre-1918\/","name":"\u274c\ud83d\ude41DIAZ Bollettino Vittoria bronzo 4 Novembre 1918 - Thefinitive","isPartOf":{"@id":"https:\/\/thefinitive.com\/en\/#website"},"datePublished":"2020-08-19T06:50:26+00:00","dateModified":"2023-03-20T14:38:55+00:00","description":"Bollettino della vittoria del 4 Novembre 1918 firmato Generale Armando DIAZ su piastra in bronzo - 1GM 1WW Guerra contro l'Austria","breadcrumb":{"@id":"https:\/\/thefinitive.com\/en\/prodotto\/diaz-bollettino-vittoria-bronzo-4-novembre-1918\/#breadcrumb"},"inLanguage":"en-US","potentialAction":[{"@type":"ReadAction","target":["https:\/\/thefinitive.com\/en\/prodotto\/diaz-bollettino-vittoria-bronzo-4-novembre-1918\/"]}]},{"@type":"BreadcrumbList","@id":"https:\/\/thefinitive.com\/en\/prodotto\/diaz-bollettino-vittoria-bronzo-4-novembre-1918\/#breadcrumb","itemListElement":[{"@type":"ListItem","position":1,"name":"Home","item":"https:\/\/thefinitive.com\/en\/"},{"@type":"ListItem","position":2,"name":"Shop","item":"https:\/\/thefinitive.com\/en\/shop-2\/"},{"@type":"ListItem","position":3,"name":"\u274c\ud83d\ude41DIAZ Bollettino Vittoria bronzo 4 Novembre 1918"}]},{"@type":"WebSite","@id":"https:\/\/thefinitive.com\/en\/#website","url":"https:\/\/thefinitive.com\/en\/","name":"Thefinitive","description":"Antiquariato Online","publisher":{"@id":"https:\/\/thefinitive.com\/en\/#organization"},"potentialAction":[{"@type":"SearchAction","target":{"@type":"EntryPoint","urlTemplate":"https:\/\/thefinitive.com\/en\/?s={search_term_string}"},"query-input":"required name=search_term_string"}],"inLanguage":"en-US"},{"@type":"Organization","@id":"https:\/\/thefinitive.com\/en\/#organization","name":"Thefinitive","url":"https:\/\/thefinitive.com\/en\/","logo":{"@type":"ImageObject","inLanguage":"en-US","@id":"https:\/\/thefinitive.com\/en\/#\/schema\/logo\/image\/","url":"https:\/\/thefinitive.com\/wp-content\/uploads\/2019\/07\/logo4vett.svg","contentUrl":"https:\/\/thefinitive.com\/wp-content\/uploads\/2019\/07\/logo4vett.svg","width":500,"height":100,"caption":"Thefinitive"},"image":{"@id":"https:\/\/thefinitive.com\/en\/#\/schema\/logo\/image\/"},"sameAs":["https:\/\/business.facebook.com\/Thefinitive-111771813534320\/","https:\/\/www.instagram.com\/_thefinitive_\/"]}]}},"_links":{"self":[{"href":"https:\/\/thefinitive.com\/en\/wp-json\/wp\/v3\/product\/4597"}],"collection":[{"href":"https:\/\/thefinitive.com\/en\/wp-json\/wp\/v3\/product"}],"about":[{"href":"https:\/\/thefinitive.com\/en\/wp-json\/wp\/v2\/types\/product"}],"replies":[{"embeddable":true,"href":"https:\/\/thefinitive.com\/en\/wp-json\/wp\/v2\/comments?post=4597"}],"version-history":[{"count":2,"href":"https:\/\/thefinitive.com\/en\/wp-json\/wp\/v3\/product\/4597\/revisions"}],"predecessor-version":[{"id":14711,"href":"https:\/\/thefinitive.com\/en\/wp-json\/wp\/v3\/product\/4597\/revisions\/14711"}],"wp:featuredmedia":[{"embeddable":true,"href":"https:\/\/thefinitive.com\/en\/wp-json\/wp\/v2\/media\/6662"}],"wp:attachment":[{"href":"https:\/\/thefinitive.com\/en\/wp-json\/wp\/v2\/media?parent=4597"}],"wp:term":[{"taxonomy":"product_cat","embeddable":true,"href":"https:\/\/thefinitive.com\/en\/wp-json\/wp\/v2\/product_cat?post=4597"},{"taxonomy":"product_tag","embeddable":true,"href":"https:\/\/thefinitive.com\/en\/wp-json\/wp\/v2\/product_tag?post=4597"}],"curies":[{"name":"wp","href":"https:\/\/api.w.org\/{rel}","templated":true}]}}