{"id":4445,"date":"2020-01-22T17:26:16","date_gmt":"2020-01-22T17:26:16","guid":{"rendered":"https:\/\/www.thefinitive.com\/?post_type=product&#038;p=4445"},"modified":"2023-03-20T15:49:00","modified_gmt":"2023-03-20T14:49:00","slug":"regia-marina-cacciatorpediniere-medaglia-rct-euro","status":"publish","type":"product","link":"https:\/\/thefinitive.com\/en\/prodotto\/regia-marina-cacciatorpediniere-medaglia-rct-euro\/","title":{"rendered":"\u274c\ud83d\ude41Regia Marina CACCIATORPEDINIERE Medaglia &#8211; RCT EURO"},"content":{"rendered":"<p>Medaglia in <b>argento<\/b> , Regia Marina , per il Cacciatorpediniere <strong>EURO\u00a0<\/strong>, siglata S.J. Stefano Johnson , Milano.\u00a0 La rappresentazione grafica , riporta la figura mitologica greca di Euro, vento caldo che nasce dalle coste africane, raffigurato con un profilo di un giovane che soffia energicamente ed il motto <strong>RAPIDO VELOCIOR EURO\u00a0 <\/strong>(pi\u00f9 veloce dell&#8217;impetuoso euro), e dalla nave vera e propria che solca i mari, con la didascalia\u00a0 <strong>R.C.T. EURO .<\/strong> La medaglia \u00e8 siglata S.J. , Stefano Johnson , e porta il bollo <strong>800<\/strong> dell&#8217;argento, sulla cambretta ad anellino in alto.<\/p>\n<p>Medaglia in ottime condizioni, con bella patina del tempo.<\/p>\n<p>&nbsp;<\/p>\n<p><strong>MATERIALE\u00a0 \u00a0 \u00a0:\u00a0<\/strong> Bronzo<\/p>\n<p><strong>MISURE\u00a0 \u00a0 \u00a0 \u00a0 \u00a0 \u00a0 \u00a0:<\/strong>\u00a0 mm.27 circa diametro , peso gr. 8 circa<\/p>\n<p><strong>MARCHIO\u00a0 \u00a0 \u00a0 \u00a0 \u00a0:<\/strong>\u00a0 S.J.<\/p>\n<h2 style=\"text-align: left;\"><img loading=\"lazy\" decoding=\"async\" class=\"alignnone wp-image-3581\" src=\"https:\/\/www.thefinitive.com\/wp-content\/uploads\/2019\/08\/naveeuro.jpg\" alt=\"\" width=\"498\" height=\"302\" srcset=\"https:\/\/thefinitive.com\/wp-content\/uploads\/2019\/08\/naveeuro.jpg 780w, https:\/\/thefinitive.com\/wp-content\/uploads\/2019\/08\/naveeuro-64x39.jpg 64w, https:\/\/thefinitive.com\/wp-content\/uploads\/2019\/08\/naveeuro-300x182.jpg 300w, https:\/\/thefinitive.com\/wp-content\/uploads\/2019\/08\/naveeuro-768x466.jpg 768w\" sizes=\"(max-width: 498px) 100vw, 498px\" \/><\/h2>\n<h2><\/h2>\n<h2 style=\"text-align: left;\">NOTIZIE<\/h2>\n<p>L&#8217;<b>Euro<\/b>\u00a0\u00e8 un vento variabile prevalentemente locale e spira saltuariamente all&#8217;aurora. \u00c8 un vento relativamente moderato che muovendosi dalle coste africane arriva a lambire le coste ioniche, portando con s\u00e9 aria calda. \u00c8 chiamato anche\u00a0Levante. Nella\u00a0<strong>mitologia greca<\/strong>\u00a0Euro (in greco:<i>\u0395\u03cd\u03c1\u03bf\u03c2<\/i>) era di solito effigiato avvolto in un grande mantello ed era figlio di\u00a0Astreo\u00a0e della dea greca\u00a0Eos, annunciatrice del giorno. La Dea, definita da\u00a0Omero&#8221;dalle rosee dita&#8221; si alzava ogni mattina assai presto dal suo letto portando cos\u00ec la luce del giorno agli uomini.<\/p>\n<h2><span id=\"Storia\" class=\"mw-headline\">Storia<\/span><\/h2>\n<p>Nel 1932 il Cacciatorpediniere EURO fu tra le prime unit\u00e0 della <strong>Regia Marina<\/strong> a ricevere una\u00a0centralina di tiro\u00a0di tipo \u00abGalileo-<strong>Bergamini<\/strong>\u00bb, progettata dall&#8217;allora\u00a0<a title=\"Capitano di vascello\" href=\"https:\/\/it.wikipedia.org\/wiki\/Capitano_di_vascello\">capitano di vascello <\/a><a title=\"Carlo Bergamini\" href=\"https:\/\/it.wikipedia.org\/wiki\/Carlo_Bergamini\">Carlo Bergamini.<\/a><sup id=\"cite_ref-1\" class=\"reference\"><\/sup><\/p>\n<p>Dal 1935 al 1937 si trov\u00f2 in riserva<sup id=\"cite_ref-trentoincina_2-0\" class=\"reference\"><\/sup>.<\/p>\n<p>Prese parte alla\u00a0guerra civile spagnola\u00a0per contrastare i rifornimenti destinati alle truppe\u00a0spagnole repubblicane.<\/p>\n<p>Nel 1938 fu schierato in\u00a0Libia\u00a0e in particolare in\u00a0Cirenaica.<\/p>\n<p>All&#8217;ingresso dell&#8217;Italia\u00a0nella\u00a0seconda guerra mondiale\u00a0apparteneva, insieme ai gemelli\u00a0<i>Turbine<\/i>,\u00a0<i>Nembo<\/i>\u00a0e\u00a0<i>Aquilone<\/i>, alla I Squadriglia Cacciatorpediniere basata a\u00a0Tobruk.<\/p>\n<p>Il 5 luglio 1940 era ormeggiato nel\u00a0porto\u00a0di\u00a0Tobruch\u00a0quando, a partire dalle 20.20, tale base fu attaccata da\u00a0aerosiluranti\u00a0britannici: un\u00a0siluro\u00a0colp\u00ec l\u2019<i>Euro<\/i>, che perse la prua e dovette essere portato a posarsi su bassifondali\u00a0(nel medesimo attacco fu affondato anche il gemello\u00a0<i>Zeffiro<\/i>). Recuperato e sommariamente riparato, fu trainato a\u00a0Palermo\u00a0nell&#8217;ottobre 1940, da l\u00ec rimorchiato a\u00a0Taranto\u00a0e quindi sottoposto a lavori di grandi riparazioni, tornando in efficienza solo nel marzo 1941.<\/p>\n<p>Il 1\u00ba aprile 1941 salp\u00f2 da Napoli diretto a Tripoli, di scorta \u2013 insieme ai cacciatorpediniere\u00a0<i>Baleno<\/i>\u00a0e\u00a0<i>Tarigo<\/i>\u00a0ed alle torpediniere\u00a0<i>Polluce<\/i>\u00a0e\u00a0<i>Partenope<\/i>\u00a0\u2013 a un\u00a0convoglio\u00a0composto dai\u00a0trasporti truppe\u00a0<i>Esperia<\/i>,\u00a0<i>Conte Rosso<\/i>,\u00a0<i>Marco Polo<\/i>\u00a0e\u00a0<i>Victoria<\/i>: le navi giunsero a destinazione l&#8217;indomani.<\/p>\n<p>Il 30 aprile appartenne, insieme al cacciatorpediniere\u00a0<i>Gioberti<\/i>\u00a0ed alle torpediniere\u00a0<i>Castore<\/i>,\u00a0<i>Procione<\/i>\u00a0ed\u00a0<i>Orione<\/i>, alla scorta di un convoglio formato dai trasporti\u00a0<i>Birmania<\/i>,\u00a0<i>Marburg<\/i>,\u00a0<i>Reichenfels<\/i>,\u00a0<i>Rialto<\/i>\u00a0e\u00a0<i>Kybfels<\/i>\u00a0in navigazione da\u00a0Augusta\u00a0e\u00a0Messina\u00a0per la Libia carichi di rifornimenti per l&#8217;<strong>Afrika Korps<\/strong>; sebbene attaccato da\u00a0aerei\u00a0e\u00a0sommergibili\u00a0il 1\u00ba maggio, il convoglio non sub\u00ec\u00a0danni.<\/p>\n<p>Dal 5 al 7 maggio scort\u00f2, insieme al cacciatorpediniere\u00a0<i>Fulmine<\/i>\u00a0ed alle torpediniere\u00a0<i>Procione<\/i>,\u00a0<i>Cigno<\/i>,\u00a0<i>Orsa<\/i>,\u00a0<i>Centauro<\/i>\u00a0e\u00a0<i>Perseo<\/i>, un convoglio composto dai\u00a0piroscafi\u00a0<i>Marburg<\/i>,\u00a0<i>Kybfels<\/i>,\u00a0<i>Rialto<\/i>,\u00a0<i>Reichenfels<\/i>\u00a0e\u00a0<i>Marco Polo<\/i>\u00a0sulla\u00a0rotta\u00a0per Tripoli.<\/p>\n<p>Il 16 maggio salp\u00f2 da Napoli di scorta, insieme ai cacciatorpediniere\u00a0<i>Turbine<\/i>,\u00a0<i>Folgore<\/i>,\u00a0<i>Fulmine<\/i>\u00a0e\u00a0<i>Strale<\/i>, ad un convoglio composto dai\u00a0piroscafi <i>Preussen<\/i>,\u00a0<i>Sparta<\/i>,\u00a0<i>Capo Orso<\/i>,\u00a0<i>Motia<\/i>\u00a0e\u00a0<i>Castelverde<\/i>\u00a0e dalla\u00a0nave cisterna\u00a0<i>Panuco<\/i>\u00a0(si aggiunse poi la nave cisterna\u00a0<i>Superga<\/i>): le navi giunsero a destinazione il 21, nonostante una\u00a0collisione\u00a0tra il\u00a0<i>Preussen<\/i>\u00a0e la\u00a0<i>Panuco<\/i>\u00a0ed un infruttuoso\u00a0attacco\u00a0del\u00a0sommergibile\u00a0HMS\u00a0<i>Urge<\/i>\u00a0al\u00a0<i>Capo Orso<\/i>\u00a0ed alla\u00a0<i>Superga<\/i>.<\/p>\n<p>Il 21 luglio fece parte della scorta (insieme a\u00a0<i>Folgore<\/i>,\u00a0<i>Fulmine<\/i>\u00a0e\u00a0<i>Saetta<\/i>) di un convoglio composto dai piroscafi\u00a0<i>Maddalena Odero<\/i>,\u00a0<i>Nicol\u00f2 Odero<\/i>,\u00a0<i>Caffaro<\/i>\u00a0e\u00a0<i>Preussen<\/i>\u00a0in rotta\u00a0Napoli-Tripoli, cui poi si aggiunsero la nave cisterna\u00a0<i>Brarena<\/i>, il cacciatorpediniere\u00a0<i>Fuciliere<\/i>\u00a0e la torpediniera\u00a0<i>Pallade<\/i>:\u00a0aerosiluranti\u00a0Fairey Swordfish\u00a0dell&#8217;830\u00b0 Squadron britannico attaccarono le navi l&#8217;indomani al largo di\u00a0Pantelleria, affondando il\u00a0<i>Preussen<\/i>\u00a0e la\u00a0<i>Brarena<\/i>.<\/p>\n<p>Il 17 agosto appartenne, insieme ai cacciatorpediniere\u00a0<i>Freccia<\/i>\u00a0e\u00a0<i>Dardo<\/i>\u00a0ed alle torpediniere\u00a0<i>Procione<\/i>,\u00a0<i>Pegaso<\/i>\u00a0e\u00a0<i>Sirtori<\/i>, alla scorta di un convoglio composto dai trasporti\u00a0<i>Maddalena Odero<\/i>,\u00a0<i>Nicol\u00f2 Odero<\/i>,\u00a0<i>Caffaro<\/i>,\u00a0<i>Giulia<\/i>,\u00a0<i>Marin Sanudo<\/i>\u00a0e\u00a0<i>Minatitlan<\/i>; il\u00a0sommergibile\u00a0olandese\u00a0<i>O 23<\/i>\u00a0silur\u00f2 il\u00a0<i>Maddalena Odero<\/i>\u00a0che fu poi finito da aerei il 18, mentre rientrava a\u00a0Lampedusa\u00a0sotto la scorta delle torpediniere\u00a0<i>Pegaso<\/i>\u00a0e\u00a0<i>Sirtori<\/i>, mentre le altre unit\u00e0 arrivarono a Tripoli il 19.<\/p>\n<p>Il 26-29 agosto fece parte \u2013 insieme al cacciatorpediniere\u00a0<i>Oriani<\/i>\u00a0e alle torpediniere\u00a0<i>Procione<\/i>,\u00a0<i>Orsa<\/i>\u00a0e\u00a0<i>Clio<\/i>\u00a0\u2013 della scorta di un convoglio formato dai piroscafi\u00a0<i>Ernesto<\/i>\u00a0ed\u00a0<i>Aquitania<\/i>, dalla motonave\u00a0<i>Col di Lana<\/i>\u00a0e dalla nave cisterna\u00a0<i>Pozarica<\/i>, in navigazione da Napoli a Tripoli; il 27 il convoglio fu attaccato due volte dal sommergibile HMS\u00a0<i>Urge<\/i>, che manc\u00f2 la\u00a0<i>Pozarica<\/i>\u00a0ma danneggi\u00f2 l\u2019<i>Aquitania<\/i>\u00a0(che dovette rientrare a\u00a0Trapani\u00a0assistito dall\u2019<i>Orsa<\/i>), eludendo poi la reazione della\u00a0<i>Clio<\/i>; le altre navi giunsero a destinazione il 29.<\/p>\n<p>Il 2 ottobre salp\u00f2 da Napoli per scortare \u2013 insieme ai cacciatorpediniere\u00a0<i>Gioberti<\/i>,\u00a0<i>Antonio da Noli<\/i>\u00a0ed\u00a0<i>Antoniotto Usodimare<\/i>, cui poi si aggiunsero le torpediniere\u00a0<i>Partenope<\/i>\u00a0e\u00a0<i>Calliope<\/i>\u00a0\u2013 un convoglio formato dai trasporti\u00a0<i>Vettor Pisani<\/i>,\u00a0<i>Fabio Filzi<\/i>,\u00a0<i>Rialto<\/i>\u00a0e\u00a0<i>Sebastiano Venier<\/i>; il 5 ottobre la\u00a0<i>Rialto<\/i>, fu affondata da aerosiluranti britannici dell&#8217;830\u00b0 Squadron in posizione 33\u00b030&#8242; N e 15\u00b053&#8242; E (al salvataggio di 145 uomini che erano a bordo della nave provvide il\u00a0<i>Gioberti<\/i>).<\/p>\n<p>Nella\u00a0mattinata\u00a0dell&#8217;8 novembre 1941 l&#8217;<i>Euro<\/i>\u00a0(al comando del\u00a0capitano di corvetta\u00a0Giuseppe Cigala Fulgosi) salp\u00f2 da Napoli per aggregarsi alla scorta del convoglio \u00abDuisburg\u00bb: tale convoglio, formato dai trasporti\u00a0<i>Duisburg<\/i>,\u00a0<i>San Marco<\/i>,\u00a0<i>Sagitta<\/i>,\u00a0<i>Maria<\/i>,\u00a0<i>Rina Corrado<\/i>,\u00a0<i>Conte di Misurata<\/i>\u00a0e\u00a0<i>Minatitlan<\/i>\u00a0(con a bordo in tutto 34.473 t di rifornimenti, 389 automezzi, 243 uomini) era diretto a Tripoli con la scorta dei cacciatorpediniere\u00a0<i>Maestrale<\/i>,\u00a0<i>Grecale<\/i>,\u00a0<i>Libeccio<\/i>,\u00a0<i>Fulmine<\/i>\u00a0ed\u00a0<i>Alfredo Oriani<\/i>\u00a0(cui si aggiungevano, come scorta indiretta, anche gli incrociatori pesanti\u00a0<i>Trento<\/i>\u00a0e\u00a0<i>Trieste<\/i>\u00a0e 4 cacciatorpediniere)). Nella notte successiva il convoglio fu attaccato e distrutto dalla Forza K\u00a0britannica\u00a0(incrociatori leggeri\u00a0<i>Aurora<\/i>\u00a0e\u00a0<i>Penelope<\/i>\u00a0e cacciatorpediniere\u00a0<i>Lance<\/i>\u00a0e\u00a0<i>Lively<\/i>): vennero affondati tutti i mercantili ed il\u00a0<i>Fulmine<\/i>, mentre il\u00a0<i>Grecale<\/i>\u00a0riport\u00f2 gravi danni. Nel\u00a0combattimento\u00a0l\u2019<i>Euro<\/i>\u00a0\u2013 che si trovava sul lato destro del convoglio \u2013 fu tra le prime navi attaccate dalle unit\u00e0 britanniche: a differenza di\u00a0<i>Fulmine<\/i>\u00a0e\u00a0<i>Grecale<\/i>\u00a0(le due unit\u00e0 pi\u00f9 vicine), entrambi messi fuori uso, riusc\u00ec ad evitare la distruzione e si port\u00f2 al contrattacco, avvicinandosi alle navi nemiche e preparandosi a lanciare i siluri; a quel punto fu per\u00f2 ricevuto l&#8217;ordine del caposcorta,\u00a0capitano di vascello\u00a0Bisciani del\u00a0<i>Maestrale<\/i>, di non attaccare e tornare invece verso il convoglio: Bisciani riteneva infatti che le navi che stavano per essere attaccate dall\u2019<i>Euro<\/i>\u00a0fossero il gruppo\u00a0<i>Trento<\/i>&#8211;<i>Trieste<\/i>, mentre l&#8217;attacco nemico avesse altra provenienza (del resto anche Cigala Fulgosi era stato colto da tale dubbio). Mentre ripiegava verso il convoglio l\u2019<i>Euro<\/i>\u00a0fu preso di mira dalle navi britanniche e centrato da sei\u00a0proiettili\u00a0e varie schegge: nessuna delle\u00a0granate, tuttavia, esplose, e la nave riport\u00f2 cos\u00ec solo\u00a0danni lievi. L&#8217;unit\u00e0 cerc\u00f2 poi inutilmente di coprire i mercantili con\u00a0cortine fumogene e di sparare qualche colpo. Nella mattinata successiva, alle 6.40, il\u00a0<i>Libeccio<\/i>\u00a0fu silurato dal sommergibile\u00a0HMS\u00a0<i>Upholder<\/i>: l\u2019<i>Euro<\/i>\u00a0tent\u00f2 il rimorchio dell&#8217;unit\u00e0 danneggiata, e quando, dopo quattro ore, questa affond\u00f2, ne recuper\u00f2 l&#8217;equipaggio\u00a0insieme al\u00a0<i>Maestrale<\/i>.<\/p>\n<p>A fine 1941 fece parte della scorta del convoglio \u00abNicol\u00f2 Odero\u00bb diretto a Tripoli.<\/p>\n<p>Nel corso del 1942 fu sottoposto a lavori di rimodernamento, con l&#8217;imbarco di 7 mitragliere da 20\/65\u00a0mm (in sostituzione delle 4 da 13,2 e 40\u00a0mm) e di due lanciabombe di profondit\u00e0.<\/p>\n<p>Il 30 maggio 1942 l\u2019<i>Euro<\/i>\u00a0(ancora al comando di Cigala Fulgosi), di scorta alla moderna\u00a0motonave\u00a0<i>Rosolino Pilo<\/i>\u00a0diretta in Libia, si congiunse con il cacciatorpediniere\u00a0<i>da Recco<\/i>\u00a0e la motonave\u00a0<i>Gino Allegri<\/i>, partiti da\u00a0Brindisi<sup id=\"cite_ref-Cocchia_18-0\" class=\"reference\">[18]<\/sup>. L\u2019<i>Allegri<\/i>, che aveva due\u00a0ufficiali\u00a0inesperti come comandanti militare e civile ed un apparato\u00a0radio\u00a0malfunzionante, ebbe parecchie difficolt\u00e0 a mantenersi in formazione e ricevette male, o non ricevette, diversi ordini del caposcorta\u00a0<i>da Recco<\/i><sup id=\"cite_ref-Cocchia_18-1\" class=\"reference\">[18]<\/sup>. Intorno alle 4.25 del 31 maggio l\u2019<i>Euro<\/i>\u00a0e l\u2019<i>Allegri<\/i>, diretti a\u00a0Bengasi, si separarono da\u00a0<i>Pilo<\/i>\u00a0e\u00a0<i>Da Recco<\/i>, ma poco dopo furono attaccati da\u00a0bombardieri\u00a0Vickers Wellington\u00a0appartenenti al 221\u00b0 Squadron della\u00a0Royal Air Force: centrata nonostante il fuoco contraereo dell\u2019<i>Euro<\/i>, l\u2019<i>Allegri<\/i>\u00a0esplose\u00a0ed affond\u00f2 in posizione 32\u00b031&#8242; N e 18\u00b036&#8242; E<sup id=\"cite_ref-Cocchia_18-2\" class=\"reference\"><\/sup>.<\/p>\n<p>Successivamente il cacciatorpediniere fu dislocato in\u00a0Egeo, operando nell&#8217;area dei\u00a0Dardanelli.<\/p>\n<p>Il 25 febbraio 1943 assunse il comando dell&#8217;unit\u00e0 \u2013 che aveva base a\u00a0<strong>Lero\u00a0<\/strong>\u2013 il\u00a0capitano di fregata\u00a0Vittorio Meneghini.<\/p>\n<p>Alla proclamazione dell&#8217;armistizio\u00a0si trovava in\u00a0mare; su ordine del comando di Lero, rientr\u00f2 in tale\u00a0isola. Prese quindi parte alla\u00a0battaglia di Lero.<\/p>\n<p>Il 9 settembre fu inviato a\u00a0<strong>Rodi\u00a0<\/strong>per trasportare rinforzi diretti a quell&#8217;isola; dovette poi rientrare a Lero per evitare di restare bloccato dalla caduta di Rodi (avvenuta l&#8217;11 settembre).<\/p>\n<p>Il 26 settembre Lero sub\u00ec due attacchi, il primo alle 9.50 ed il secondo alle 15.30, di bombardieri tedeschi\u00a0Stuka: furono affondati i cacciatorpediniere\u00a0<i>Vasilissa Olga<\/i>\u00a0(greco) ed\u00a0<i>Intrepid<\/i>\u00a0(britannico) nonch\u00e9 il\u00a0<i>MAS 534<\/i>, mentre ebbero gravi danni i piroscafi\u00a0<i>Prode<\/i>\u00a0e\u00a0<i>Tananrog<\/i>. L\u2019<i>Euro<\/i>\u00a0moll\u00f2 gli\u00a0ormeggi\u00a0e riusc\u00ec ad evitare di essere colpito, aprendo il fuoco con le\u00a0mitragliere\u00a0e riuscendo ad abbattere uno Stuka e a danneggiarne un secondo.<\/p>\n<p>Il 1\u00ba ottobre la nave fu danneggiata da alcune\u00a0bombe\u00a0cadute vicino allo\u00a0scafo\u00a0durante un nuovo attacco aereo; il 3 ottobre, nuovamente colpito nella\u00a0rada\u00a0di Parteni, l\u2019<i>Euro<\/i>\u00a0and\u00f2 a fondo (altre fonti riportano l&#8217;affondamento come avvenuto il 30 settembre od il 1\u00ba ottobre).<\/p>\n<p>I superstiti dell&#8217;equipaggio, guidati dal comandante Meneghini, continuarono a combattere sull&#8217;isola con le\u00a0armi\u00a0recuperate dal\u00a0relitto\u00a0del cacciatorpediniere. I membri dell&#8217;equipaggio dell\u2019<i>Euro <\/i>furono tra gli ultimi reparti a cessare la resistenza, dopo la resa di Lero; quando, il 17 novembre 1943, si arresero ai reparti tedeschi, il <strong>comandante Meneghini<\/strong> venne\u00a0fucilato. Alla sua memoria fu conferita la\u00a0<strong>Medaglia d&#8217;oro al valor militare<\/strong>.<\/p>\n<p>&nbsp;<\/p>\n<p><em>Fonti\u00a0 <a href=\"https:\/\/it.wikipedia.org\/wiki\/Euro_(cacciatorpediniere_1927)\">Wikipedia<\/a><\/em><\/p>\n<p>&nbsp;<\/p>\n<p>9.19<\/p>\n","protected":false},"excerpt":{"rendered":"<p style=\"text-align: center;\">Medaglia in <b>argento<\/b> , Regia Marina , <strong>Cacciatorpediniere EURO\u00a0<\/strong>, siglata <strong>S.J.<\/strong> Stefano Johnson , Milano. Bollo <strong>800<\/strong> dell&#8217;argento, sulla cambretta ad anellino in alto.<\/p>\n<p style=\"text-align: center;\">In ottime condizioni, con bella patina del tempo, misura circa mm.27 di diametro.<\/p>\n<p>&nbsp;<\/p>\n<p style=\"text-align: center;\"><strong><em>(Scorri la pagina in basso per ulteriori dettagli e informazioni)<\/em><\/strong><\/p>\n<p>&nbsp;<\/p>\n<p>&nbsp;<\/p>\n","protected":false},"featured_media":3574,"comment_status":"open","ping_status":"closed","template":"","meta":[],"product_cat":[586],"product_tag":[304,418,417,412,414,415,155,282,401,327,305,416],"yoast_head":"<!-- This site is optimized with the Yoast SEO plugin v21.9.1 - https:\/\/yoast.com\/wordpress\/plugins\/seo\/ -->\n<title>\u274c\ud83d\ude41Regia Marina CACCIATORPEDINIERE Medaglia - RCT EURO - Thefinitive<\/title>\n<meta name=\"description\" content=\"Medaglia Argento CACCIATORPEDINIERE EURO - Johnson - Regia Marina - periodo Fascista - Marcata 800 - Silver italian royal navy medal\" \/>\n<meta name=\"robots\" content=\"index, follow, max-snippet:-1, max-image-preview:large, max-video-preview:-1\" \/>\n<link rel=\"canonical\" href=\"https:\/\/thefinitive.com\/en\/prodotto\/regia-marina-cacciatorpediniere-medaglia-rct-euro\/\" \/>\n<meta property=\"og:locale\" content=\"en_US\" \/>\n<meta property=\"og:type\" content=\"article\" \/>\n<meta property=\"og:title\" content=\"\u274c\ud83d\ude41Regia Marina CACCIATORPEDINIERE Medaglia - RCT EURO - Thefinitive\" \/>\n<meta property=\"og:description\" content=\"Medaglia Argento CACCIATORPEDINIERE EURO - Johnson - Regia Marina - periodo Fascista - Marcata 800 - Silver italian royal navy medal\" \/>\n<meta property=\"og:url\" content=\"https:\/\/thefinitive.com\/en\/prodotto\/regia-marina-cacciatorpediniere-medaglia-rct-euro\/\" \/>\n<meta property=\"og:site_name\" content=\"Thefinitive\" \/>\n<meta property=\"article:publisher\" content=\"https:\/\/business.facebook.com\/Thefinitive-111771813534320\/\" \/>\n<meta property=\"article:modified_time\" content=\"2023-03-20T14:49:00+00:00\" \/>\n<meta property=\"og:image\" content=\"https:\/\/thefinitive.com\/wp-content\/uploads\/2019\/08\/20190827_185747.jpg\" \/>\n\t<meta property=\"og:image:width\" content=\"2160\" \/>\n\t<meta property=\"og:image:height\" content=\"2160\" \/>\n\t<meta property=\"og:image:type\" content=\"image\/jpeg\" \/>\n<meta name=\"twitter:card\" content=\"summary_large_image\" \/>\n<meta name=\"twitter:label1\" content=\"Est. reading time\" \/>\n\t<meta name=\"twitter:data1\" content=\"8 minutes\" \/>\n<script type=\"application\/ld+json\" class=\"yoast-schema-graph\">{\"@context\":\"https:\/\/schema.org\",\"@graph\":[{\"@type\":\"WebPage\",\"@id\":\"https:\/\/thefinitive.com\/en\/prodotto\/regia-marina-cacciatorpediniere-medaglia-rct-euro\/\",\"url\":\"https:\/\/thefinitive.com\/en\/prodotto\/regia-marina-cacciatorpediniere-medaglia-rct-euro\/\",\"name\":\"\u274c\ud83d\ude41Regia Marina CACCIATORPEDINIERE Medaglia - RCT EURO - Thefinitive\",\"isPartOf\":{\"@id\":\"https:\/\/thefinitive.com\/en\/#website\"},\"datePublished\":\"2020-01-22T17:26:16+00:00\",\"dateModified\":\"2023-03-20T14:49:00+00:00\",\"description\":\"Medaglia Argento CACCIATORPEDINIERE EURO - Johnson - Regia Marina - periodo Fascista - Marcata 800 - Silver italian royal navy medal\",\"breadcrumb\":{\"@id\":\"https:\/\/thefinitive.com\/en\/prodotto\/regia-marina-cacciatorpediniere-medaglia-rct-euro\/#breadcrumb\"},\"inLanguage\":\"en-US\",\"potentialAction\":[{\"@type\":\"ReadAction\",\"target\":[\"https:\/\/thefinitive.com\/en\/prodotto\/regia-marina-cacciatorpediniere-medaglia-rct-euro\/\"]}]},{\"@type\":\"BreadcrumbList\",\"@id\":\"https:\/\/thefinitive.com\/en\/prodotto\/regia-marina-cacciatorpediniere-medaglia-rct-euro\/#breadcrumb\",\"itemListElement\":[{\"@type\":\"ListItem\",\"position\":1,\"name\":\"Home\",\"item\":\"https:\/\/thefinitive.com\/en\/\"},{\"@type\":\"ListItem\",\"position\":2,\"name\":\"Shop\",\"item\":\"https:\/\/thefinitive.com\/en\/shop-2\/\"},{\"@type\":\"ListItem\",\"position\":3,\"name\":\"\u274c\ud83d\ude41Regia Marina CACCIATORPEDINIERE Medaglia &#8211; RCT EURO\"}]},{\"@type\":\"WebSite\",\"@id\":\"https:\/\/thefinitive.com\/en\/#website\",\"url\":\"https:\/\/thefinitive.com\/en\/\",\"name\":\"Thefinitive\",\"description\":\"Antiquariato Online\",\"publisher\":{\"@id\":\"https:\/\/thefinitive.com\/en\/#organization\"},\"potentialAction\":[{\"@type\":\"SearchAction\",\"target\":{\"@type\":\"EntryPoint\",\"urlTemplate\":\"https:\/\/thefinitive.com\/en\/?s={search_term_string}\"},\"query-input\":\"required name=search_term_string\"}],\"inLanguage\":\"en-US\"},{\"@type\":\"Organization\",\"@id\":\"https:\/\/thefinitive.com\/en\/#organization\",\"name\":\"Thefinitive\",\"url\":\"https:\/\/thefinitive.com\/en\/\",\"logo\":{\"@type\":\"ImageObject\",\"inLanguage\":\"en-US\",\"@id\":\"https:\/\/thefinitive.com\/en\/#\/schema\/logo\/image\/\",\"url\":\"https:\/\/thefinitive.com\/wp-content\/uploads\/2019\/07\/logo4vett.svg\",\"contentUrl\":\"https:\/\/thefinitive.com\/wp-content\/uploads\/2019\/07\/logo4vett.svg\",\"width\":500,\"height\":100,\"caption\":\"Thefinitive\"},\"image\":{\"@id\":\"https:\/\/thefinitive.com\/en\/#\/schema\/logo\/image\/\"},\"sameAs\":[\"https:\/\/business.facebook.com\/Thefinitive-111771813534320\/\",\"https:\/\/www.instagram.com\/_thefinitive_\/\"]}]}<\/script>\n<!-- \/ Yoast SEO plugin. -->","yoast_head_json":{"title":"\u274c\ud83d\ude41Regia Marina CACCIATORPEDINIERE Medaglia - RCT EURO - Thefinitive","description":"Medaglia Argento CACCIATORPEDINIERE EURO - Johnson - Regia Marina - periodo Fascista - Marcata 800 - Silver italian royal navy medal","robots":{"index":"index","follow":"follow","max-snippet":"max-snippet:-1","max-image-preview":"max-image-preview:large","max-video-preview":"max-video-preview:-1"},"canonical":"https:\/\/thefinitive.com\/en\/prodotto\/regia-marina-cacciatorpediniere-medaglia-rct-euro\/","og_locale":"en_US","og_type":"article","og_title":"\u274c\ud83d\ude41Regia Marina CACCIATORPEDINIERE Medaglia - RCT EURO - Thefinitive","og_description":"Medaglia Argento CACCIATORPEDINIERE EURO - Johnson - Regia Marina - periodo Fascista - Marcata 800 - Silver italian royal navy medal","og_url":"https:\/\/thefinitive.com\/en\/prodotto\/regia-marina-cacciatorpediniere-medaglia-rct-euro\/","og_site_name":"Thefinitive","article_publisher":"https:\/\/business.facebook.com\/Thefinitive-111771813534320\/","article_modified_time":"2023-03-20T14:49:00+00:00","og_image":[{"width":2160,"height":2160,"url":"https:\/\/thefinitive.com\/wp-content\/uploads\/2019\/08\/20190827_185747.jpg","type":"image\/jpeg"}],"twitter_card":"summary_large_image","twitter_misc":{"Est. reading time":"8 minutes"},"schema":{"@context":"https:\/\/schema.org","@graph":[{"@type":"WebPage","@id":"https:\/\/thefinitive.com\/en\/prodotto\/regia-marina-cacciatorpediniere-medaglia-rct-euro\/","url":"https:\/\/thefinitive.com\/en\/prodotto\/regia-marina-cacciatorpediniere-medaglia-rct-euro\/","name":"\u274c\ud83d\ude41Regia Marina CACCIATORPEDINIERE Medaglia - RCT EURO - Thefinitive","isPartOf":{"@id":"https:\/\/thefinitive.com\/en\/#website"},"datePublished":"2020-01-22T17:26:16+00:00","dateModified":"2023-03-20T14:49:00+00:00","description":"Medaglia Argento CACCIATORPEDINIERE EURO - Johnson - Regia Marina - periodo Fascista - Marcata 800 - Silver italian royal navy medal","breadcrumb":{"@id":"https:\/\/thefinitive.com\/en\/prodotto\/regia-marina-cacciatorpediniere-medaglia-rct-euro\/#breadcrumb"},"inLanguage":"en-US","potentialAction":[{"@type":"ReadAction","target":["https:\/\/thefinitive.com\/en\/prodotto\/regia-marina-cacciatorpediniere-medaglia-rct-euro\/"]}]},{"@type":"BreadcrumbList","@id":"https:\/\/thefinitive.com\/en\/prodotto\/regia-marina-cacciatorpediniere-medaglia-rct-euro\/#breadcrumb","itemListElement":[{"@type":"ListItem","position":1,"name":"Home","item":"https:\/\/thefinitive.com\/en\/"},{"@type":"ListItem","position":2,"name":"Shop","item":"https:\/\/thefinitive.com\/en\/shop-2\/"},{"@type":"ListItem","position":3,"name":"\u274c\ud83d\ude41Regia Marina CACCIATORPEDINIERE Medaglia &#8211; RCT EURO"}]},{"@type":"WebSite","@id":"https:\/\/thefinitive.com\/en\/#website","url":"https:\/\/thefinitive.com\/en\/","name":"Thefinitive","description":"Antiquariato Online","publisher":{"@id":"https:\/\/thefinitive.com\/en\/#organization"},"potentialAction":[{"@type":"SearchAction","target":{"@type":"EntryPoint","urlTemplate":"https:\/\/thefinitive.com\/en\/?s={search_term_string}"},"query-input":"required name=search_term_string"}],"inLanguage":"en-US"},{"@type":"Organization","@id":"https:\/\/thefinitive.com\/en\/#organization","name":"Thefinitive","url":"https:\/\/thefinitive.com\/en\/","logo":{"@type":"ImageObject","inLanguage":"en-US","@id":"https:\/\/thefinitive.com\/en\/#\/schema\/logo\/image\/","url":"https:\/\/thefinitive.com\/wp-content\/uploads\/2019\/07\/logo4vett.svg","contentUrl":"https:\/\/thefinitive.com\/wp-content\/uploads\/2019\/07\/logo4vett.svg","width":500,"height":100,"caption":"Thefinitive"},"image":{"@id":"https:\/\/thefinitive.com\/en\/#\/schema\/logo\/image\/"},"sameAs":["https:\/\/business.facebook.com\/Thefinitive-111771813534320\/","https:\/\/www.instagram.com\/_thefinitive_\/"]}]}},"_links":{"self":[{"href":"https:\/\/thefinitive.com\/en\/wp-json\/wp\/v3\/product\/4445"}],"collection":[{"href":"https:\/\/thefinitive.com\/en\/wp-json\/wp\/v3\/product"}],"about":[{"href":"https:\/\/thefinitive.com\/en\/wp-json\/wp\/v2\/types\/product"}],"replies":[{"embeddable":true,"href":"https:\/\/thefinitive.com\/en\/wp-json\/wp\/v2\/comments?post=4445"}],"version-history":[{"count":1,"href":"https:\/\/thefinitive.com\/en\/wp-json\/wp\/v3\/product\/4445\/revisions"}],"predecessor-version":[{"id":14817,"href":"https:\/\/thefinitive.com\/en\/wp-json\/wp\/v3\/product\/4445\/revisions\/14817"}],"wp:featuredmedia":[{"embeddable":true,"href":"https:\/\/thefinitive.com\/en\/wp-json\/wp\/v2\/media\/3574"}],"wp:attachment":[{"href":"https:\/\/thefinitive.com\/en\/wp-json\/wp\/v2\/media?parent=4445"}],"wp:term":[{"taxonomy":"product_cat","embeddable":true,"href":"https:\/\/thefinitive.com\/en\/wp-json\/wp\/v2\/product_cat?post=4445"},{"taxonomy":"product_tag","embeddable":true,"href":"https:\/\/thefinitive.com\/en\/wp-json\/wp\/v2\/product_tag?post=4445"}],"curies":[{"name":"wp","href":"https:\/\/api.w.org\/{rel}","templated":true}]}}