{"id":4311,"date":"2020-01-01T19:21:12","date_gmt":"2020-01-01T19:21:12","guid":{"rendered":"https:\/\/www.thefinitive.com\/?post_type=product&#038;p=4311"},"modified":"2023-03-20T15:49:22","modified_gmt":"2023-03-20T14:49:22","slug":"adolfo-de-carolis-xilografia-dante-adc-dantes-adriacus","status":"publish","type":"product","link":"https:\/\/thefinitive.com\/en\/prodotto\/adolfo-de-carolis-xilografia-dante-adc-dantes-adriacus\/","title":{"rendered":"\u274c\ud83d\ude41Adolfo de Carolis xilografia Dante ADC DANTES ADRIACUS"},"content":{"rendered":"<p>Xilografia a firma <strong>Adolfo de Carolis<\/strong> , ADC , raffigurante <strong>DANTE ALIGHIERI<\/strong> , realizzata nel 1920 a commemorazione del sesto centenario della morte del sommo poeta avvenuta nel 1321, come dalle iscrizioni: &#8220;<strong><em>A lui MCCCXXI &#8211; Adolfo De Carolis incise MCMXX<\/em><\/strong>&#8220;.<\/p>\n<p>Di questa xilografia se ne conoscono due versioni, sempre a firma Adolfo de Carolis, ma una anzich\u00e9 riportare DANTE ALIGHIERI riporta la dicitura DANTES ADRIACUS e fu fatta modificare da <a href=\"https:\/\/www.thefinitive.com\/shop\/autografi\/dannunziana\/dannunzio-fiume-attestato-autografo-marcia-di-ronchi\/\"><strong>Gabriele d&#8217;Annunzio<\/strong><\/a> con esplicita richiesta al de Carolis, come possiamo leggere in basso PER LA CITTA&#8217; DI VITA E PER GABRIELE D&#8217;ANNUNZIO <strong><a href=\"https:\/\/www.thefinitive.com\/shop\/autografi\/dannunziana\/dannunzio-fiume-attestato-autografo-marcia-di-ronchi\/\">ADOLFO DE CAROLIS<\/a><\/strong> PICENO INCISE MCMXX . Il Vate la donava a personaggi , enti pubblici italiani, in occasione di specifiche cerimonie o commemorazioni, alle quali egli stesso presenziava\u00a0 (La citt\u00e0 di vita di cui si parla \u00e8 Fiume)<\/p>\n<p>Dante \u00e8 raffigurato frontalmente, a mezzo busto, con lo sguardo fisso davanti a s\u00e9 e il capo cinto d&#8217;alloro, dopo aver concluso la stesura della Divina Commedia. Le mani sono incrociate sopra agli ultimi versi della Terza Cantica ( &#8220;<em>A l&#8217;alta fantasia qui manc\u00f2 possa;\u00a0 ma gi\u00e0 volgeva il mio disio e &#8216;l velle, s\u00ec come rota ch&#8217;igualmente \u00e8 mossa&#8221;)<\/em>. In primo piano, sullo scrittoio, sono collocati altri due libri: il Convivio, alla destra del poeta, e la Vita Nova, alla sua sinistra. Sullo sfondo, tre arcate chiudono la scena a simboleggiare le tre cantiche: quella di sinistra, immersa nel buio, rappresenta l&#8217;Inferno, quella centrale, coperta dal volto del poeta, il Purgatorio, e quella di destra, imbevuta di luce e con una lucerna accesa (simbolo della Sapienza), il Paradiso.<\/p>\n<p>Stampata presso EDITORI ALFIERI &amp; LACROIX, ROMA. La firma ADOLFO DE CAROLIS\u00a0 INCISE MCMXX\u00a0 \u00a0\u00e8 posta all&#8217;angolo basso destro.<\/p>\n<p>La xilografia misura cm. 48 x 68 circa, presenta un paio di macchie di umidit\u00e0 lungo il bordo laterale destro (per chi la guarda) ed alcuni lievi strappi di cui uno riparato sommariamente (vedi le foto allegate), tuttavia \u00e8 in buone condizioni generali.<\/p>\n<p>&nbsp;<\/p>\n<p style=\"text-align: center;\"><img loading=\"lazy\" decoding=\"async\" class=\"wp-image-2149 alignleft\" style=\"color: #333333; font-family: Georgia, 'Times New Roman', 'Bitstream Charter', Times, serif; font-size: 16px;\" src=\"https:\/\/www.thefinitive.com\/wp-content\/uploads\/2019\/08\/adc1-206x300.jpg\" alt=\"\" width=\"231\" height=\"336\" srcset=\"https:\/\/thefinitive.com\/wp-content\/uploads\/2019\/08\/adc1-206x300.jpg 206w, https:\/\/thefinitive.com\/wp-content\/uploads\/2019\/08\/adc1-64x93.jpg 64w, https:\/\/thefinitive.com\/wp-content\/uploads\/2019\/08\/adc1.jpg 549w\" sizes=\"(max-width: 231px) 100vw, 231px\" \/><img loading=\"lazy\" decoding=\"async\" class=\"wp-image-2151 alignright\" style=\"color: #333333; font-family: Georgia, 'Times New Roman', 'Bitstream Charter', Times, serif; font-size: 16px;\" src=\"https:\/\/www.thefinitive.com\/wp-content\/uploads\/2019\/08\/adc3.jpg\" alt=\"\" width=\"228\" height=\"336\" srcset=\"https:\/\/thefinitive.com\/wp-content\/uploads\/2019\/08\/adc3.jpg 185w, https:\/\/thefinitive.com\/wp-content\/uploads\/2019\/08\/adc3-64x94.jpg 64w\" sizes=\"(max-width: 228px) 100vw, 228px\" \/><\/p>\n<p><em>Le immagini in oggetto sono usate solo come campione per mostrare le due versioni della xilografia<\/em><\/p>\n<h2><\/h2>\n<h2>Adolfo de Carolis<\/h2>\n<p><b>Adolfo De Carolis<\/b> (Montefiore dell&#8217;Aso,\u00a06 gennaio\u00a01874\u00a0\u2013\u00a0Roma,\u00a07 febbraio\u00a01928) \u00e8 stato un pittore, incisore, illustratore, xilografo e fotografo.<\/p>\n<p>&nbsp;<\/p>\n<p>Protagonista dell&#8217;arte italiana idealista e\u00a0simbolista\u00a0fra\u00a0Ottocento\u00a0e\u00a0Novecento, De Carolis ha influito in modo determinante negli sviluppi formativi del gusto floreale, operando in egual misura anche nei campi dell&#8217;illustrazione, della pittura e della fotografia. Mentre \u00e8 problematica la sua collocazione nel contesto\u00a0liberty, nel quale viene frequentemente collocato dalla critica. La sua fede artistica nella tradizione rinascimentale ed ermetica viene, infatti, da lui opposta polemicamente contro le bizzarrie organicistiche dell'&#8221;arte nuova&#8221;, come appare in particolare in un articolo sul\u00a0<i>Leonardo<\/i>\u00a0dopo una visita alla\u00a0Esposizione Internazionale d&#8217;Arte Decorativa Moderna\u00a0di\u00a0Torino\u00a0del 1902. La sua opera esibisce piuttosto un&#8217;evoluzione dell&#8217;estetica\u00a0preraffaellita, fortemente condizionata da modelli e stilemi del\u00a0giapponismo, da un lato, e da un inquieto formalismo di stampo\u00a0michelangiolesco, dall&#8217;altro.<\/p>\n<p><strong>De Carolis ha collaborato con grandi letterati, illustrando con<\/strong><strong>\u00a0disegni e xilografie\u00a0opere di Gabriele D&#8217;Annunzio<\/strong>\u00a0e di\u00a0Giovanni Pascoli, con una maniera grafica inconfondibile, decorativamente organica tanto all&#8217;architettura tipografica quanto ai contenuti.<\/p>\n<p>Per approfondimenti sull&#8217;artista <a href=\"https:\/\/it.wikipedia.org\/wiki\/Adolfo_De_Carolis\">Adolfo de Carolis<\/a>\u00a0 , fonte Wikipedia<\/p>\n<p>&nbsp;<\/p>\n<p>9.19<\/p>\n","protected":false},"excerpt":{"rendered":"<p>Xilografia a firma <strong>Adolfo de Carolis<\/strong> , ADC , raffigurante <strong>DANTE ALIGHIERI<\/strong> , realizzata nel 1920 a commemorazione del sesto centenario della morte del sommo poeta avvenuta nel 1321. Stampata presso EDITORI ALFIERI &amp; LACROIX, ROMA. Misura cm. 48 x 68 circa.<\/p>\n<p style=\"text-align: left;\" data-mce-style=\"text-align: left;\"><strong><em>(Scorri la pagina in basso per ulteriori dettagli e informazioni)<\/em><\/strong><\/p>\n","protected":false},"featured_media":2127,"comment_status":"open","ping_status":"closed","template":"","meta":[],"product_cat":[586],"product_tag":[216,217,182,212,155,203,213,215,206,214],"yoast_head":"<!-- This site is optimized with the Yoast SEO plugin v21.9.1 - https:\/\/yoast.com\/wordpress\/plugins\/seo\/ -->\n<title>\u274c\ud83d\ude41Adolfo de Carolis xilografia Dante ADC DANTES ADRIACUS - Thefinitive<\/title>\n<meta name=\"description\" content=\"Xilografia a firma Adolfo de Carolis , ADC , raffigura Dante Alighieri nella contemplazione del Paradiso Divina Commedia DANTES ADRIACUS usato da d&#039;Annunzio\" \/>\n<meta name=\"robots\" content=\"index, follow, max-snippet:-1, max-image-preview:large, max-video-preview:-1\" \/>\n<link rel=\"canonical\" href=\"https:\/\/thefinitive.com\/en\/prodotto\/adolfo-de-carolis-xilografia-dante-adc-dantes-adriacus\/\" \/>\n<meta property=\"og:locale\" content=\"en_US\" \/>\n<meta property=\"og:type\" content=\"article\" \/>\n<meta property=\"og:title\" content=\"\u274c\ud83d\ude41Adolfo de Carolis xilografia Dante ADC DANTES ADRIACUS - Thefinitive\" \/>\n<meta property=\"og:description\" content=\"Xilografia a firma Adolfo de Carolis , ADC , raffigura Dante Alighieri nella contemplazione del Paradiso Divina Commedia DANTES ADRIACUS usato da d&#039;Annunzio\" \/>\n<meta property=\"og:url\" content=\"https:\/\/thefinitive.com\/en\/prodotto\/adolfo-de-carolis-xilografia-dante-adc-dantes-adriacus\/\" \/>\n<meta property=\"og:site_name\" content=\"Thefinitive\" \/>\n<meta property=\"article:publisher\" content=\"https:\/\/business.facebook.com\/Thefinitive-111771813534320\/\" \/>\n<meta property=\"article:modified_time\" content=\"2023-03-20T14:49:22+00:00\" \/>\n<meta property=\"og:image\" content=\"https:\/\/thefinitive.com\/wp-content\/uploads\/2019\/08\/dan1.jpg\" \/>\n\t<meta property=\"og:image:width\" content=\"1434\" \/>\n\t<meta property=\"og:image:height\" content=\"1992\" \/>\n\t<meta property=\"og:image:type\" content=\"image\/jpeg\" \/>\n<meta name=\"twitter:card\" content=\"summary_large_image\" \/>\n<meta name=\"twitter:label1\" content=\"Est. reading time\" \/>\n\t<meta name=\"twitter:data1\" content=\"3 minutes\" \/>\n<script type=\"application\/ld+json\" class=\"yoast-schema-graph\">{\"@context\":\"https:\/\/schema.org\",\"@graph\":[{\"@type\":\"WebPage\",\"@id\":\"https:\/\/thefinitive.com\/en\/prodotto\/adolfo-de-carolis-xilografia-dante-adc-dantes-adriacus\/\",\"url\":\"https:\/\/thefinitive.com\/en\/prodotto\/adolfo-de-carolis-xilografia-dante-adc-dantes-adriacus\/\",\"name\":\"\u274c\ud83d\ude41Adolfo de Carolis xilografia Dante ADC DANTES ADRIACUS - Thefinitive\",\"isPartOf\":{\"@id\":\"https:\/\/thefinitive.com\/en\/#website\"},\"datePublished\":\"2020-01-01T19:21:12+00:00\",\"dateModified\":\"2023-03-20T14:49:22+00:00\",\"description\":\"Xilografia a firma Adolfo de Carolis , ADC , raffigura Dante Alighieri nella contemplazione del Paradiso Divina Commedia DANTES ADRIACUS usato da d'Annunzio\",\"breadcrumb\":{\"@id\":\"https:\/\/thefinitive.com\/en\/prodotto\/adolfo-de-carolis-xilografia-dante-adc-dantes-adriacus\/#breadcrumb\"},\"inLanguage\":\"en-US\",\"potentialAction\":[{\"@type\":\"ReadAction\",\"target\":[\"https:\/\/thefinitive.com\/en\/prodotto\/adolfo-de-carolis-xilografia-dante-adc-dantes-adriacus\/\"]}]},{\"@type\":\"BreadcrumbList\",\"@id\":\"https:\/\/thefinitive.com\/en\/prodotto\/adolfo-de-carolis-xilografia-dante-adc-dantes-adriacus\/#breadcrumb\",\"itemListElement\":[{\"@type\":\"ListItem\",\"position\":1,\"name\":\"Home\",\"item\":\"https:\/\/thefinitive.com\/en\/\"},{\"@type\":\"ListItem\",\"position\":2,\"name\":\"Shop\",\"item\":\"https:\/\/thefinitive.com\/en\/shop-2\/\"},{\"@type\":\"ListItem\",\"position\":3,\"name\":\"\u274c\ud83d\ude41Adolfo de Carolis xilografia Dante ADC DANTES ADRIACUS\"}]},{\"@type\":\"WebSite\",\"@id\":\"https:\/\/thefinitive.com\/en\/#website\",\"url\":\"https:\/\/thefinitive.com\/en\/\",\"name\":\"Thefinitive\",\"description\":\"Antiquariato Online\",\"publisher\":{\"@id\":\"https:\/\/thefinitive.com\/en\/#organization\"},\"potentialAction\":[{\"@type\":\"SearchAction\",\"target\":{\"@type\":\"EntryPoint\",\"urlTemplate\":\"https:\/\/thefinitive.com\/en\/?s={search_term_string}\"},\"query-input\":\"required name=search_term_string\"}],\"inLanguage\":\"en-US\"},{\"@type\":\"Organization\",\"@id\":\"https:\/\/thefinitive.com\/en\/#organization\",\"name\":\"Thefinitive\",\"url\":\"https:\/\/thefinitive.com\/en\/\",\"logo\":{\"@type\":\"ImageObject\",\"inLanguage\":\"en-US\",\"@id\":\"https:\/\/thefinitive.com\/en\/#\/schema\/logo\/image\/\",\"url\":\"https:\/\/thefinitive.com\/wp-content\/uploads\/2019\/07\/logo4vett.svg\",\"contentUrl\":\"https:\/\/thefinitive.com\/wp-content\/uploads\/2019\/07\/logo4vett.svg\",\"width\":500,\"height\":100,\"caption\":\"Thefinitive\"},\"image\":{\"@id\":\"https:\/\/thefinitive.com\/en\/#\/schema\/logo\/image\/\"},\"sameAs\":[\"https:\/\/business.facebook.com\/Thefinitive-111771813534320\/\",\"https:\/\/www.instagram.com\/_thefinitive_\/\"]}]}<\/script>\n<!-- \/ Yoast SEO plugin. -->","yoast_head_json":{"title":"\u274c\ud83d\ude41Adolfo de Carolis xilografia Dante ADC DANTES ADRIACUS - Thefinitive","description":"Xilografia a firma Adolfo de Carolis , ADC , raffigura Dante Alighieri nella contemplazione del Paradiso Divina Commedia DANTES ADRIACUS usato da d'Annunzio","robots":{"index":"index","follow":"follow","max-snippet":"max-snippet:-1","max-image-preview":"max-image-preview:large","max-video-preview":"max-video-preview:-1"},"canonical":"https:\/\/thefinitive.com\/en\/prodotto\/adolfo-de-carolis-xilografia-dante-adc-dantes-adriacus\/","og_locale":"en_US","og_type":"article","og_title":"\u274c\ud83d\ude41Adolfo de Carolis xilografia Dante ADC DANTES ADRIACUS - Thefinitive","og_description":"Xilografia a firma Adolfo de Carolis , ADC , raffigura Dante Alighieri nella contemplazione del Paradiso Divina Commedia DANTES ADRIACUS usato da d'Annunzio","og_url":"https:\/\/thefinitive.com\/en\/prodotto\/adolfo-de-carolis-xilografia-dante-adc-dantes-adriacus\/","og_site_name":"Thefinitive","article_publisher":"https:\/\/business.facebook.com\/Thefinitive-111771813534320\/","article_modified_time":"2023-03-20T14:49:22+00:00","og_image":[{"width":1434,"height":1992,"url":"https:\/\/thefinitive.com\/wp-content\/uploads\/2019\/08\/dan1.jpg","type":"image\/jpeg"}],"twitter_card":"summary_large_image","twitter_misc":{"Est. reading time":"3 minutes"},"schema":{"@context":"https:\/\/schema.org","@graph":[{"@type":"WebPage","@id":"https:\/\/thefinitive.com\/en\/prodotto\/adolfo-de-carolis-xilografia-dante-adc-dantes-adriacus\/","url":"https:\/\/thefinitive.com\/en\/prodotto\/adolfo-de-carolis-xilografia-dante-adc-dantes-adriacus\/","name":"\u274c\ud83d\ude41Adolfo de Carolis xilografia Dante ADC DANTES ADRIACUS - Thefinitive","isPartOf":{"@id":"https:\/\/thefinitive.com\/en\/#website"},"datePublished":"2020-01-01T19:21:12+00:00","dateModified":"2023-03-20T14:49:22+00:00","description":"Xilografia a firma Adolfo de Carolis , ADC , raffigura Dante Alighieri nella contemplazione del Paradiso Divina Commedia DANTES ADRIACUS usato da d'Annunzio","breadcrumb":{"@id":"https:\/\/thefinitive.com\/en\/prodotto\/adolfo-de-carolis-xilografia-dante-adc-dantes-adriacus\/#breadcrumb"},"inLanguage":"en-US","potentialAction":[{"@type":"ReadAction","target":["https:\/\/thefinitive.com\/en\/prodotto\/adolfo-de-carolis-xilografia-dante-adc-dantes-adriacus\/"]}]},{"@type":"BreadcrumbList","@id":"https:\/\/thefinitive.com\/en\/prodotto\/adolfo-de-carolis-xilografia-dante-adc-dantes-adriacus\/#breadcrumb","itemListElement":[{"@type":"ListItem","position":1,"name":"Home","item":"https:\/\/thefinitive.com\/en\/"},{"@type":"ListItem","position":2,"name":"Shop","item":"https:\/\/thefinitive.com\/en\/shop-2\/"},{"@type":"ListItem","position":3,"name":"\u274c\ud83d\ude41Adolfo de Carolis xilografia Dante ADC DANTES ADRIACUS"}]},{"@type":"WebSite","@id":"https:\/\/thefinitive.com\/en\/#website","url":"https:\/\/thefinitive.com\/en\/","name":"Thefinitive","description":"Antiquariato Online","publisher":{"@id":"https:\/\/thefinitive.com\/en\/#organization"},"potentialAction":[{"@type":"SearchAction","target":{"@type":"EntryPoint","urlTemplate":"https:\/\/thefinitive.com\/en\/?s={search_term_string}"},"query-input":"required name=search_term_string"}],"inLanguage":"en-US"},{"@type":"Organization","@id":"https:\/\/thefinitive.com\/en\/#organization","name":"Thefinitive","url":"https:\/\/thefinitive.com\/en\/","logo":{"@type":"ImageObject","inLanguage":"en-US","@id":"https:\/\/thefinitive.com\/en\/#\/schema\/logo\/image\/","url":"https:\/\/thefinitive.com\/wp-content\/uploads\/2019\/07\/logo4vett.svg","contentUrl":"https:\/\/thefinitive.com\/wp-content\/uploads\/2019\/07\/logo4vett.svg","width":500,"height":100,"caption":"Thefinitive"},"image":{"@id":"https:\/\/thefinitive.com\/en\/#\/schema\/logo\/image\/"},"sameAs":["https:\/\/business.facebook.com\/Thefinitive-111771813534320\/","https:\/\/www.instagram.com\/_thefinitive_\/"]}]}},"_links":{"self":[{"href":"https:\/\/thefinitive.com\/en\/wp-json\/wp\/v3\/product\/4311"}],"collection":[{"href":"https:\/\/thefinitive.com\/en\/wp-json\/wp\/v3\/product"}],"about":[{"href":"https:\/\/thefinitive.com\/en\/wp-json\/wp\/v2\/types\/product"}],"replies":[{"embeddable":true,"href":"https:\/\/thefinitive.com\/en\/wp-json\/wp\/v2\/comments?post=4311"}],"version-history":[{"count":1,"href":"https:\/\/thefinitive.com\/en\/wp-json\/wp\/v3\/product\/4311\/revisions"}],"predecessor-version":[{"id":14828,"href":"https:\/\/thefinitive.com\/en\/wp-json\/wp\/v3\/product\/4311\/revisions\/14828"}],"wp:featuredmedia":[{"embeddable":true,"href":"https:\/\/thefinitive.com\/en\/wp-json\/wp\/v2\/media\/2127"}],"wp:attachment":[{"href":"https:\/\/thefinitive.com\/en\/wp-json\/wp\/v2\/media?parent=4311"}],"wp:term":[{"taxonomy":"product_cat","embeddable":true,"href":"https:\/\/thefinitive.com\/en\/wp-json\/wp\/v2\/product_cat?post=4311"},{"taxonomy":"product_tag","embeddable":true,"href":"https:\/\/thefinitive.com\/en\/wp-json\/wp\/v2\/product_tag?post=4311"}],"curies":[{"name":"wp","href":"https:\/\/api.w.org\/{rel}","templated":true}]}}