{"id":4299,"date":"2019-12-19T18:16:07","date_gmt":"2019-12-19T18:16:07","guid":{"rendered":"https:\/\/www.thefinitive.com\/?post_type=product&#038;p=4299"},"modified":"2023-03-20T15:49:37","modified_gmt":"2023-03-20T14:49:37","slug":"lenci-googly-eyed-occhi-googly-30s-inverno-winter","status":"publish","type":"product","link":"https:\/\/thefinitive.com\/en\/prodotto\/lenci-googly-eyed-occhi-googly-30s-inverno-winter\/","title":{"rendered":"\u274c\ud83d\ude41LENCI Googly Eyed OCCHI GOOGLY &#8211; &#8217;30s Inverno &#8211; Winter"},"content":{"rendered":"<p>Bambola <strong>LENCI<\/strong> originale, modello <strong>GOOGLY<\/strong> per via degli occhi spalancati, Googly Eyed, dalla serie <strong>LE 4 STAGIONI<\/strong>,\u00a0 questa meravigliosa bambola rappresenta la stagione dell&#8217; <strong>INVERNO\u00a0<\/strong><\/p>\n<p>Non \u00e8 una riedizione, \u00e8 assolutamente la LENCI originale degli anni &#8217;30, per l&#8217;esattezza del 1938. Misura circa 53 cm di altezza. Ha la testa girevole, realizzata in feltro pressato, ed i tratti del viso sono magistralmente dipinti a mano, con occhi marroni spalancati e la bocca in atteggiamento di stupore, come dire &#8220;OOOH!&#8221; , dunque occhi e bocca a forma di &#8220;O&#8221; , da cui la definizione di Googly Eyed Lenci Doll . Nelle pupille e nell&#8217;iride troviamo dipinti dei finti riflessi, poi ci sono le ciglia arricciate e le sopracciglia sfrangiate. Bocca con labbro inferiore smaltato, a simulare anche qui come negli occhi il luccichio naturale, questa Lenci googly eyed ha una parrucca in mohair bruna, ed il corpo in cinque pezzi, braccia gambe e busto.<\/p>\n<p>La googly indossa un abito bianco di organza con punti di feltro bianchi a simulare il &#8220;fiocco di neve&#8221;, ha ancora il suo mantello coordinato; vestito e mantella sono rifiniti con decorazioni di finte piume bianche, sottogonna arricciata, mutandine, scarpe originali di feltro nero. La bambola \u00e8 in ottime condizioni, mostra leggermente l&#8217;et\u00e0 che ha, piccoli danni al vestito di organza, che \u00e8 molto delicato e fragile. Non ci sono danni di tarma. Non si evidenziano altri danni o lesioni degni di nota.<\/p>\n<p>&nbsp;<\/p>\n<p><strong>MATERIALE\u00a0 \u00a0 \u00a0:\u00a0<\/strong> Feltro, organza, dettagli dipinti a mano<\/p>\n<p><strong>MISURE\u00a0 \u00a0 \u00a0 \u00a0 \u00a0 \u00a0 :<\/strong>\u00a0 altezza 53 cm<\/p>\n<p><strong>MARCHIO\u00a0 \u00a0 \u00a0 \u00a0 \u00a0:<\/strong>\u00a0 non marchiata, ma indiscutibilmente LENCI<\/p>\n<p>&nbsp;<\/p>\n<h2 style=\"text-align: left;\">NOTIZIE<\/h2>\n<p>La <b>Lenci<\/b>\u00a0(<i>Ludus Est Nobis Constanter Industria<\/i>) \u00e8 una societ\u00e0 di\u00a0ceramiche\u00a0e una fabbrica di\u00a0bambole\u00a0in\u00a0panno, fondata nel 1919 e basata nella citt\u00e0 di Torino.<\/p>\n<div class=\"thumb tright\">\n<div class=\"thumbinner\">\n<div class=\"thumbcaption\"><img loading=\"lazy\" decoding=\"async\" class=\"thumbimage\" src=\"https:\/\/upload.wikimedia.org\/wikipedia\/commons\/thumb\/b\/bb\/Catalogo_lenci%2C_1931.JPG\/220px-Catalogo_lenci%2C_1931.JPG\" srcset=\"\/\/upload.wikimedia.org\/wikipedia\/commons\/thumb\/b\/bb\/Catalogo_lenci%2C_1931.JPG\/330px-Catalogo_lenci%2C_1931.JPG 1.5x, \/\/upload.wikimedia.org\/wikipedia\/commons\/thumb\/b\/bb\/Catalogo_lenci%2C_1931.JPG\/440px-Catalogo_lenci%2C_1931.JPG 2x\" alt=\"\" width=\"220\" height=\"165\" data-file-width=\"2592\" data-file-height=\"1944\" \/>\u00a0 \u00a0 <a href=\"https:\/\/www.thefinitive.com\/lenciceramica\/\" rel=\"attachment wp-att-4289\"><img loading=\"lazy\" decoding=\"async\" class=\"alignnone size-full wp-image-4289\" src=\"https:\/\/www.thefinitive.com\/wp-content\/uploads\/2019\/12\/lenciceramica.jpg\" alt=\"\" width=\"219\" height=\"230\" srcset=\"https:\/\/thefinitive.com\/wp-content\/uploads\/2019\/12\/lenciceramica.jpg 219w, https:\/\/thefinitive.com\/wp-content\/uploads\/2019\/12\/lenciceramica-64x67.jpg 64w\" sizes=\"(max-width: 219px) 100vw, 219px\" \/><\/a><a href=\"https:\/\/www.thefinitive.com\/rodolfolenci\/\" rel=\"attachment wp-att-4290\"><img loading=\"lazy\" decoding=\"async\" class=\"alignnone size-full wp-image-4290\" src=\"https:\/\/www.thefinitive.com\/wp-content\/uploads\/2019\/12\/rodolfolenci.jpeg\" alt=\"\" width=\"248\" height=\"312\" srcset=\"https:\/\/thefinitive.com\/wp-content\/uploads\/2019\/12\/rodolfolenci.jpeg 248w, https:\/\/thefinitive.com\/wp-content\/uploads\/2019\/12\/rodolfolenci-64x81.jpeg 64w, https:\/\/thefinitive.com\/wp-content\/uploads\/2019\/12\/rodolfolenci-238x300.jpeg 238w\" sizes=\"(max-width: 248px) 100vw, 248px\" \/><\/a><\/div>\n<\/div>\n<\/div>\n<div class=\"thumb tright\">\n<div class=\"thumbinner\">\n<div class=\"thumbcaption\">\n<div class=\"magnify\"><\/div>\n<\/div>\n<div><\/div>\n<\/div>\n<\/div>\n<div class=\"thumb tright\">\n<div class=\"thumbinner\">\n<div class=\"thumbcaption\">\n<div class=\"magnify\"><span style=\"color: #1b1919; font-family: Karla, Arial, Helvetica, sans-serif; font-size: 24px;\">Storia<\/span><\/div>\n<\/div>\n<\/div>\n<\/div>\n<p>Il 23 aprile 1919 <strong>Enrico Scavini<\/strong> deposita a Torino il marchio di fabbrica &#8220;<strong>LUDUS EST NOBIS CONSTANTER INDUSTRIA<\/strong>&#8221; (reg. gen. n\u00b017955), il cui acronimo \u00e8\u00a0<b>LENCI<\/b>, per &#8220;giocattoli in genere, mobili, arredi e corredi per bambino&#8221;. Il marchio consiste nell&#8217;immagine di una trottola, a una certa distanza dalla quale \u00e8 avvolto elicoidalmente un filo; il tutto \u00e8 compreso nella scritta &#8220;LUDUS EST NOBIS CONSTANTER INDUSTRIA&#8221;, disposta in un cerchio. Il 12 luglio 1922, sempre Enrico Scavini deposita il marchio &#8220;LENCI&#8221; (reg. gen. n\u00b022825) per: &#8220;giocattoli, bambole, pupazzi, confezioni, articoli di vestiario, decorazioni per vestiti, scialli, cuscini, cappelli, scarpe, pantofole, cinture, articoli di moda e fantasia, tende, mobili in legno dorato, arredamenti per la casa&#8221;.<\/p>\n<p>Pare che l&#8217;acrostico sia stato coniato ad arte da\u00a0<a title=\"Ugo Ojetti\" href=\"https:\/\/it.wikipedia.org\/wiki\/Ugo_Ojetti\">Ugo Ojetti<\/a>\u00a0o dal poeta &#8220;<strong>Fantasio<\/strong>&#8221; (Ignazio Vacchetti), partendo dalle lettere che compongono il nome &#8220;Lenci&#8221;, diminutivo di <strong>Helen K\u00f6nig<\/strong> (Elenchen, come la chiamava il babbo e che lei, piccolina, pronunciava LENCI), l&#8217;artista autrice delle prime bambole Lenci, nonch\u00e9 moglie di Enrico Scavini<sup id=\"cite_ref-1\" class=\"reference\"><\/sup>.<\/p>\n<p>La fabbrica Lenci sarebbe presto divenuta punto di incontro di artisti e fucina di idee per lo sviluppo e la realizzazione di bambole e pupazzi, mobili per bambini, e in seguito anche ceramiche artistiche. In particolare, i primi artisti a prender parte attiva all&#8217;impresa LENCI furono <strong>Giovanni Riva<\/strong> e <strong>Sandro Vacchetti<\/strong>, che realizzarono i modelli delle prime bambole dalle teste in feltro elettroformato in appositi stampi.<\/p>\n<p>Le bambole Lenci non riproducevano soltanto bambini, spesso dal volto imbronciato come il famoso &#8220;grugnetto&#8221;, ma anche figure con costumi regionali o etnici, vestiti alla moda o maschere, e personaggi di fantasia o ispirati a modelli reali, per esempio Rodolfo Valentino e Josephine Baker. Il vastissimo campionario delle bambole spaziava dagli articoli-giocattolo destinati al mondo dell&#8217;infanzia alle raffinate bambole boudoir da collezione, alcune delle quali avevano il volto di Marlene Dietrich.<\/p>\n<p>Il grande successo di queste strepitose bambole in feltro valse numerosi premi alla ditta Lenci durante le varie esposizioni internazionali di\u00a0Zurigo,\u00a0Parigi,\u00a0Roma\u00a0o\u00a0Milano a cui prese parte. Tuttavia, l&#8217;originalit\u00e0 delle creazioni Lenci fu presto messa alla prova dalle numerose imitazioni e dalla produzione, in Italia e altri Paesi d&#8217;Europa, di bambole simili ma di qualit\u00e0 e prezzo inferiori. Per far fronte a questo tipo di concorrenza la Lenci non pot\u00e9 che realizzare idee sempre nuove, bambole dalle caratteristiche originale come gli occhi spalancati ad identificare le googly eyed doll, come i famosi fiori in feltro Lenci inseriti a campionario nel 1926, e le ceramiche artistiche, la cui produzione inizi\u00f2 nel 1927.<\/p>\n<p>Nel 1927, dunque, la Lenci inizi\u00f2 ad affiancare alle sue famose bambole in feltro le figure in ceramica destinate a diventare forse ancor pi\u00f9 celebri, spaziando dai famosi nudini alle signorine leziose alla moda, dai personaggi di fantasia agli animali, dalle immagini religiose ai vasi pi\u00f9 disparati e molto altro ancora. Alla realizzazione dei modelli collaborarono numerosi artisti, fra cui vale la pena ricordare\u00a0Sandro Vacchetti, direttore artistico della Lenci dal 1922 al 1934, la stessa\u00a0Elena K\u00f6nig Scavini,\u00a0Cl\u00e4re Burchart,\u00a0Lino Berzoini,\u00a0Giovanni Riva,\u00a0Giovanni Ronzan,\u00a0Teonesto Deabate,\u00a0Giovanni Pietro Spertini,\u00a0Marcello Dudovich,\u00a0Gigi Chessa,\u00a0Mario Pompei,\u00a0Nillo Beltrami,\u00a0Mario Sturani,\u00a0Giulio Da Milano,\u00a0Giovanni Grande,\u00a0Ines Grande,\u00a0Claudia Formica,\u00a0Luigi Borione,\u00a0Camillo Ghigo,\u00a0Giuseppe Porcheddu,\u00a0Gino Levi-Montalcini,\u00a0Abele Jacopi. Le riviste dell&#8217;epoca testimoniano il valore artistico delle ceramiche Lenci: nel gennaio del 1929, per esempio, la rivista\u00a0Domus\u00a0pubblica\u00a0<i>Adolescenti<\/i>\u00a0e\u00a0<i>Gli sposi<\/i>\u00a0di\u00a0Giovanni Grande. Sempre nello stesso anno\u00a0Casa bella\u00a0pubblica le immagini di diverse ceramiche Lenci, in particolare\u00a0<i>La mucca<\/i>,\u00a0<i>Susanna<\/i>,\u00a0<i>La merenda<\/i>\u00a0di Giovanni Grande,\u00a0<i>Marianna<\/i>\u00a0di Elena Scavini e\u00a0<i>Amor paterno<\/i>\u00a0di\u00a0Sandro Vacchetti\u00a0corredate da un lungo redazionale.<\/p>\n<p>Le ceramiche Lenci riscuotono ben presto un buon successo e infondono nuova linfa vitale alla fabbrica torinese, ma i risultati delle vendite purtroppo non sono sufficienti a risollevarne la situazione finanziaria dell&#8217;azienda, provata dalla crisi del 1929. A causa di pesanti insolvenze da parte di clienti e distributori nei primi anni Trenta, quando la Lenci contava oltre seicento dipendenti, e in seguito anche per via delle sanzioni imposte all&#8217;Italia con la guerra d&#8217;Abissinia, la situazione di sofferenza finanziaria purtroppo si aggrava.<\/p>\n<p>Nel 1933 i coniugi Scavini cedono alcune quote societarie della Lenci al Cav.\u00a0<strong>Pilade Garella<\/strong>,\u00a0ragioniere commercialista\u00a0torinese che aveva seguito la gestione Scavini sin dalla fine degli anni Venti.<\/p>\n<p>Nel 1934\u00a0<a class=\"new\" title=\"Sandro Vacchetti (la pagina non esiste)\" href=\"https:\/\/it.wikipedia.org\/w\/index.php?title=Sandro_Vacchetti&amp;action=edit&amp;redlink=1\">Sandro Vacchetti<\/a>\u00a0lascia la Lenci e apre una propria\u00a0manifattura ceramica, che prende il nome di\u00a0<strong><a class=\"new\" title=\"Essevi (la pagina non esiste)\" href=\"https:\/\/it.wikipedia.org\/w\/index.php?title=Essevi&amp;action=edit&amp;redlink=1\">Essevi<\/a><\/strong>\u00a0dalle iniziali dell&#8217;artista. Con la sua firma, Vacchetti realizza\u00a0<i>Balilla<\/i>,\u00a0<i>Monello<\/i>,\u00a0<i>Buona Pasqua<\/i>, e alcuni capolavori per la ricchezza dei decori, quali\u00a0<i>Diva<\/i>,\u00a0<i>Disordine della giarrettiera<\/i>\u00a0e\u00a0<i>Sfinge moderna<\/i>. In seguito altri artisti attivi alla Lenci, fra cui Clelia Bertetti, lasceranno la Lenci per dedicarsi al proprio laboratorio in anni che si preannunciano sempre pi\u00f9 difficili.<\/p>\n<p>Nel\u00a01937\u00a0Pilade Garella e il fratello Flavio acquisiscono la totalit\u00e0 delle quote societarie della Lenci mantenendo la direzione artistica in capo a Elena Konig, che lascer\u00e0 l&#8217;incarico due anni dopo la morte del marito Enrico Scavini, avvenuta nel 1938.<\/p>\n<p>Nel 1940 i Garella affidano la direzione artistica a\u00a0<a title=\"Mario Sturani\" href=\"https:\/\/it.wikipedia.org\/wiki\/Mario_Sturani\">Mario Sturani<\/a>, che rimarr\u00e0 ancora attivo alla Lenci per oltre vent&#8217;anni, e mantengono operativa l&#8217;azienda nonostante le difficolt\u00e0 e i bombardamenti della seconda guerra mondiale.<\/p>\n<p><a title=\"Beppe Garella\" href=\"https:\/\/it.wikipedia.org\/wiki\/Beppe_Garella\">Beppe Garella<\/a>, figlio di Pilade, inizia a lavorare nell&#8217;azienda di famiglia nel 1942. Dopo la fine del conflitto, si impegna strenuamente per diversificare la produzione Lenci aggiungendo al campionario gi\u00e0 sviluppato in passato gli eroi di Walt Disney; i personaggi televisivi del &#8220;Carosello&#8221; degli anni Cinquanta, fra cui\u00a0<a title=\"Topo Gigio\" href=\"https:\/\/it.wikipedia.org\/wiki\/Topo_Gigio\">Topo Gigio<\/a>\u00a0e\u00a0<a title=\"Calimero\" href=\"https:\/\/it.wikipedia.org\/wiki\/Calimero\">Calimero<\/a>; ma anche\u00a0<a class=\"new\" title=\"Caballero e Carmencita (la pagina non esiste)\" href=\"https:\/\/it.wikipedia.org\/w\/index.php?title=Caballero_e_Carmencita&amp;action=edit&amp;redlink=1\">Caballero e Carmencita<\/a>\u00a0e gli Innamorati di\u00a0<a class=\"mw-redirect\" title=\"Peynet\" href=\"https:\/\/it.wikipedia.org\/wiki\/Peynet\">Peynet<\/a>. Sempre negli anni Cinquanta, insieme Mario Sturani Beppe Garella si reca a Vallauris, sede dell&#8217;officina artistica di Picasso, e rinnova la produzione ceramica Lenci, che purtroppo cesser\u00e0 nel 1964. La produzione di bambole e pupazzi degli\u00a0anni sessanta\u00a0e\u00a0anni settanta, invece, continua a rinnovarsi con nuove bambole accessibili a un vasto pubblico, le Lencirelle, dal design tipico di quegli anni. Nel 1969 Beppe Garella deve trasferire la Manifattura Lenci dalla storica sede di via Cassini 7, pesantemente bombardata durante la guerra, alla nuova sede torinese in via San Marino 56 bis. All&#8217;inizio degli\u00a0anni ottanta\u00a0Beppe Garella decide di riproporre i modelli di bambole Lenci degli anni Venti e Trenta in edizione limitata (499 &#8211; 999 &#8211; 1999 pz) a un pubblico di collezionisti. La sua intuizione riscuote un grande successo soprattutto negli\u00a0Stati Uniti, dove si reca egli stesso in viaggio promozionale. La riedizione numerata imponeva non solo la rivisitazione e valorizzazione del repertorio Lenci, ma anche lo sviluppo di nuove soluzioni tecniche che permettessero la realizzazione di oggetti di pregiata fattura a costi sostenibili, pur nel rispetto delle principali caratteristiche estetiche dei modelli originali. Beppe Garella, a cui va il merito di questa scelta lungimirante, ha contribuito a non far cadere nell&#8217;oblio le bambole che avevano reso il nome Lenci famoso nel mondo, e anzi lo ha ricordato alle nuove generazioni andando controcorrente rispetto alle mode dei suoi giorni.<\/p>\n<p>Nel 1992 Beppe Garella muore improvvisamente. La giovane figlia Bibija raccoglie l&#8217;eredit\u00e0 di suo padre e si dedica anima e corpo all&#8217;azienda: introduce nuove idee pur nel rispetto della tradizione, coltiva i rapporti avviati con la storica manifattura tedesca Sigikid (collezioni Res Naturae, Futura, Bambine Lenci), e amplia la distribuzione del prodotto negli Stati Uniti attraverso la televisione HSN pur mantenendo viva la collaborazione con i negozi specializzati.<\/p>\n<p>Forse le difficolt\u00e0 di gestione o forse il desiderio di riprendere il suo personale percorso di vita interrotto alcuni anni prima impongono una scelta difficile a Bibija Garella, che nel 1997 vende la Lenci Srl a due nuove societ\u00e0: il settore produttivo (macchinari e attrezzature in genere) passa alla Bambole Italiane Srl, mentre i marchi e i brevetti sono ceduti alla WestBay Servicos e Investimentos di Madeira (Portogallo).<\/p>\n<p>Nel 2002 la Bambole Italiane Srl avvia la procedura fallimentare. La societ\u00e0 portoghese proprietaria del marchio Lenci, invece, prosegue regolarmente la sua attivit\u00e0 e cos\u00ec Lazzaro Garella \u00e8 oggi nuovamente impegnato nella commercializzazione della firma Lenci nei settori della ceramica, gioielleria e abbigliamento in quanto il marchio \u00e8 sempre attivo.<\/p>\n<p>&nbsp;<\/p>\n<p>&nbsp;<\/p>\n<p>Fonti \u00a0<a href=\"https:\/\/it.wikipedia.org\/wiki\/Lenci_(azienda)\"><em>Wikipedia<\/em><\/a><\/p>\n<p>&nbsp;<\/p>\n<p>12.19<\/p>\n","protected":false},"excerpt":{"rendered":"<p style=\"text-align: center;\">Bambola <strong>LENCI<\/strong>\u00a0 modello <strong>GOOGLY<\/strong> per via degli occhi spalancati, dalla serie <strong>LE 4 STAGIONI<\/strong>,\u00a0 questa meravigliosa bambola rappresenta la stagione dell&#8217; <strong>INVERNO\u00a0<\/strong><\/p>\n<p style=\"text-align: center;\">LENCI originale degli anni &#8217;30, per l&#8217;esattezza del 1938. Misura circa 53 cm di altezza. Ha la testa girevole, tratti del viso dipinti a mano, con occhi marroni spalancati e la bocca in atteggiamento di stupore, come dire &#8220;OOOH!&#8221; , poi ci sono le ciglia arricciate e le sopracciglia sfrangiate. Parrucca in mohair bruna.<\/p>\n<p style=\"text-align: center;\">Indossa un abito bianco di organza con punti di feltro bianchi, completa del suo mantello coordinato; vestito e mantella sono rifiniti con decorazioni di finte piume bianche, sottogonna arricciata, mutandine, scarpe originali di feltro nero. In ottime condizioni, piccoli danni al vestito di organza, delicato e fragile, ma non ci sono danni di tarma. Non si evidenziano altri danni o lesioni degni di nota.<\/p>\n<p style=\"text-align: center;\"><strong><em>(Scorri la pagina in basso per ulteriori dettagli e informazioni)<\/em><\/strong><\/p>\n<p>&nbsp;<\/p>\n<p>&nbsp;<\/p>\n","protected":false},"featured_media":4275,"comment_status":"open","ping_status":"closed","template":"","meta":[],"product_cat":[586],"product_tag":[459,460,182,155,461,244,156,252,462],"yoast_head":"<!-- This site is optimized with the Yoast SEO plugin v21.9.1 - https:\/\/yoast.com\/wordpress\/plugins\/seo\/ -->\n<title>\u274c\ud83d\ude41LENCI Googly Eyed OCCHI GOOGLY - &#039;30s Inverno - Winter - Thefinitive<\/title>\n<meta name=\"description\" content=\"Lenci googly eyed doll - occhi googly - THE WINTER from THE 4 SEASONS series - Originale 1938 - Made in Italy Torino - L&#039;INVERNO\" \/>\n<meta name=\"robots\" content=\"index, follow, max-snippet:-1, max-image-preview:large, max-video-preview:-1\" \/>\n<link rel=\"canonical\" href=\"https:\/\/thefinitive.com\/en\/prodotto\/lenci-googly-eyed-occhi-googly-30s-inverno-winter\/\" \/>\n<meta property=\"og:locale\" content=\"en_US\" \/>\n<meta property=\"og:type\" content=\"article\" \/>\n<meta property=\"og:title\" content=\"\u274c\ud83d\ude41LENCI Googly Eyed OCCHI GOOGLY - &#039;30s Inverno - Winter - Thefinitive\" \/>\n<meta property=\"og:description\" content=\"Lenci googly eyed doll - occhi googly - THE WINTER from THE 4 SEASONS series - Originale 1938 - Made in Italy Torino - L&#039;INVERNO\" \/>\n<meta property=\"og:url\" content=\"https:\/\/thefinitive.com\/en\/prodotto\/lenci-googly-eyed-occhi-googly-30s-inverno-winter\/\" \/>\n<meta property=\"og:site_name\" content=\"Thefinitive\" \/>\n<meta property=\"article:publisher\" content=\"https:\/\/business.facebook.com\/Thefinitive-111771813534320\/\" \/>\n<meta property=\"article:modified_time\" content=\"2023-03-20T14:49:37+00:00\" \/>\n<meta property=\"og:image\" content=\"https:\/\/thefinitive.com\/wp-content\/uploads\/2019\/12\/20191118_192511.jpg\" \/>\n\t<meta property=\"og:image:width\" content=\"2160\" \/>\n\t<meta property=\"og:image:height\" content=\"2160\" \/>\n\t<meta property=\"og:image:type\" content=\"image\/jpeg\" \/>\n<meta name=\"twitter:card\" content=\"summary_large_image\" \/>\n<meta name=\"twitter:label1\" content=\"Est. reading time\" \/>\n\t<meta name=\"twitter:data1\" content=\"8 minutes\" \/>\n<script type=\"application\/ld+json\" class=\"yoast-schema-graph\">{\"@context\":\"https:\/\/schema.org\",\"@graph\":[{\"@type\":\"WebPage\",\"@id\":\"https:\/\/thefinitive.com\/en\/prodotto\/lenci-googly-eyed-occhi-googly-30s-inverno-winter\/\",\"url\":\"https:\/\/thefinitive.com\/en\/prodotto\/lenci-googly-eyed-occhi-googly-30s-inverno-winter\/\",\"name\":\"\u274c\ud83d\ude41LENCI Googly Eyed OCCHI GOOGLY - '30s Inverno - Winter - Thefinitive\",\"isPartOf\":{\"@id\":\"https:\/\/thefinitive.com\/en\/#website\"},\"datePublished\":\"2019-12-19T18:16:07+00:00\",\"dateModified\":\"2023-03-20T14:49:37+00:00\",\"description\":\"Lenci googly eyed doll - occhi googly - THE WINTER from THE 4 SEASONS series - Originale 1938 - Made in Italy Torino - L'INVERNO\",\"breadcrumb\":{\"@id\":\"https:\/\/thefinitive.com\/en\/prodotto\/lenci-googly-eyed-occhi-googly-30s-inverno-winter\/#breadcrumb\"},\"inLanguage\":\"en-US\",\"potentialAction\":[{\"@type\":\"ReadAction\",\"target\":[\"https:\/\/thefinitive.com\/en\/prodotto\/lenci-googly-eyed-occhi-googly-30s-inverno-winter\/\"]}]},{\"@type\":\"BreadcrumbList\",\"@id\":\"https:\/\/thefinitive.com\/en\/prodotto\/lenci-googly-eyed-occhi-googly-30s-inverno-winter\/#breadcrumb\",\"itemListElement\":[{\"@type\":\"ListItem\",\"position\":1,\"name\":\"Home\",\"item\":\"https:\/\/thefinitive.com\/en\/\"},{\"@type\":\"ListItem\",\"position\":2,\"name\":\"Shop\",\"item\":\"https:\/\/thefinitive.com\/en\/shop-2\/\"},{\"@type\":\"ListItem\",\"position\":3,\"name\":\"\u274c\ud83d\ude41LENCI Googly Eyed OCCHI GOOGLY &#8211; &#8217;30s Inverno &#8211; Winter\"}]},{\"@type\":\"WebSite\",\"@id\":\"https:\/\/thefinitive.com\/en\/#website\",\"url\":\"https:\/\/thefinitive.com\/en\/\",\"name\":\"Thefinitive\",\"description\":\"Antiquariato Online\",\"publisher\":{\"@id\":\"https:\/\/thefinitive.com\/en\/#organization\"},\"potentialAction\":[{\"@type\":\"SearchAction\",\"target\":{\"@type\":\"EntryPoint\",\"urlTemplate\":\"https:\/\/thefinitive.com\/en\/?s={search_term_string}\"},\"query-input\":\"required name=search_term_string\"}],\"inLanguage\":\"en-US\"},{\"@type\":\"Organization\",\"@id\":\"https:\/\/thefinitive.com\/en\/#organization\",\"name\":\"Thefinitive\",\"url\":\"https:\/\/thefinitive.com\/en\/\",\"logo\":{\"@type\":\"ImageObject\",\"inLanguage\":\"en-US\",\"@id\":\"https:\/\/thefinitive.com\/en\/#\/schema\/logo\/image\/\",\"url\":\"https:\/\/thefinitive.com\/wp-content\/uploads\/2019\/07\/logo4vett.svg\",\"contentUrl\":\"https:\/\/thefinitive.com\/wp-content\/uploads\/2019\/07\/logo4vett.svg\",\"width\":500,\"height\":100,\"caption\":\"Thefinitive\"},\"image\":{\"@id\":\"https:\/\/thefinitive.com\/en\/#\/schema\/logo\/image\/\"},\"sameAs\":[\"https:\/\/business.facebook.com\/Thefinitive-111771813534320\/\",\"https:\/\/www.instagram.com\/_thefinitive_\/\"]}]}<\/script>\n<!-- \/ Yoast SEO plugin. -->","yoast_head_json":{"title":"\u274c\ud83d\ude41LENCI Googly Eyed OCCHI GOOGLY - '30s Inverno - Winter - Thefinitive","description":"Lenci googly eyed doll - occhi googly - THE WINTER from THE 4 SEASONS series - Originale 1938 - Made in Italy Torino - L'INVERNO","robots":{"index":"index","follow":"follow","max-snippet":"max-snippet:-1","max-image-preview":"max-image-preview:large","max-video-preview":"max-video-preview:-1"},"canonical":"https:\/\/thefinitive.com\/en\/prodotto\/lenci-googly-eyed-occhi-googly-30s-inverno-winter\/","og_locale":"en_US","og_type":"article","og_title":"\u274c\ud83d\ude41LENCI Googly Eyed OCCHI GOOGLY - '30s Inverno - Winter - Thefinitive","og_description":"Lenci googly eyed doll - occhi googly - THE WINTER from THE 4 SEASONS series - Originale 1938 - Made in Italy Torino - L'INVERNO","og_url":"https:\/\/thefinitive.com\/en\/prodotto\/lenci-googly-eyed-occhi-googly-30s-inverno-winter\/","og_site_name":"Thefinitive","article_publisher":"https:\/\/business.facebook.com\/Thefinitive-111771813534320\/","article_modified_time":"2023-03-20T14:49:37+00:00","og_image":[{"width":2160,"height":2160,"url":"https:\/\/thefinitive.com\/wp-content\/uploads\/2019\/12\/20191118_192511.jpg","type":"image\/jpeg"}],"twitter_card":"summary_large_image","twitter_misc":{"Est. reading time":"8 minutes"},"schema":{"@context":"https:\/\/schema.org","@graph":[{"@type":"WebPage","@id":"https:\/\/thefinitive.com\/en\/prodotto\/lenci-googly-eyed-occhi-googly-30s-inverno-winter\/","url":"https:\/\/thefinitive.com\/en\/prodotto\/lenci-googly-eyed-occhi-googly-30s-inverno-winter\/","name":"\u274c\ud83d\ude41LENCI Googly Eyed OCCHI GOOGLY - '30s Inverno - Winter - Thefinitive","isPartOf":{"@id":"https:\/\/thefinitive.com\/en\/#website"},"datePublished":"2019-12-19T18:16:07+00:00","dateModified":"2023-03-20T14:49:37+00:00","description":"Lenci googly eyed doll - occhi googly - THE WINTER from THE 4 SEASONS series - Originale 1938 - Made in Italy Torino - L'INVERNO","breadcrumb":{"@id":"https:\/\/thefinitive.com\/en\/prodotto\/lenci-googly-eyed-occhi-googly-30s-inverno-winter\/#breadcrumb"},"inLanguage":"en-US","potentialAction":[{"@type":"ReadAction","target":["https:\/\/thefinitive.com\/en\/prodotto\/lenci-googly-eyed-occhi-googly-30s-inverno-winter\/"]}]},{"@type":"BreadcrumbList","@id":"https:\/\/thefinitive.com\/en\/prodotto\/lenci-googly-eyed-occhi-googly-30s-inverno-winter\/#breadcrumb","itemListElement":[{"@type":"ListItem","position":1,"name":"Home","item":"https:\/\/thefinitive.com\/en\/"},{"@type":"ListItem","position":2,"name":"Shop","item":"https:\/\/thefinitive.com\/en\/shop-2\/"},{"@type":"ListItem","position":3,"name":"\u274c\ud83d\ude41LENCI Googly Eyed OCCHI GOOGLY &#8211; &#8217;30s Inverno &#8211; Winter"}]},{"@type":"WebSite","@id":"https:\/\/thefinitive.com\/en\/#website","url":"https:\/\/thefinitive.com\/en\/","name":"Thefinitive","description":"Antiquariato Online","publisher":{"@id":"https:\/\/thefinitive.com\/en\/#organization"},"potentialAction":[{"@type":"SearchAction","target":{"@type":"EntryPoint","urlTemplate":"https:\/\/thefinitive.com\/en\/?s={search_term_string}"},"query-input":"required name=search_term_string"}],"inLanguage":"en-US"},{"@type":"Organization","@id":"https:\/\/thefinitive.com\/en\/#organization","name":"Thefinitive","url":"https:\/\/thefinitive.com\/en\/","logo":{"@type":"ImageObject","inLanguage":"en-US","@id":"https:\/\/thefinitive.com\/en\/#\/schema\/logo\/image\/","url":"https:\/\/thefinitive.com\/wp-content\/uploads\/2019\/07\/logo4vett.svg","contentUrl":"https:\/\/thefinitive.com\/wp-content\/uploads\/2019\/07\/logo4vett.svg","width":500,"height":100,"caption":"Thefinitive"},"image":{"@id":"https:\/\/thefinitive.com\/en\/#\/schema\/logo\/image\/"},"sameAs":["https:\/\/business.facebook.com\/Thefinitive-111771813534320\/","https:\/\/www.instagram.com\/_thefinitive_\/"]}]}},"_links":{"self":[{"href":"https:\/\/thefinitive.com\/en\/wp-json\/wp\/v3\/product\/4299"}],"collection":[{"href":"https:\/\/thefinitive.com\/en\/wp-json\/wp\/v3\/product"}],"about":[{"href":"https:\/\/thefinitive.com\/en\/wp-json\/wp\/v2\/types\/product"}],"replies":[{"embeddable":true,"href":"https:\/\/thefinitive.com\/en\/wp-json\/wp\/v2\/comments?post=4299"}],"version-history":[{"count":1,"href":"https:\/\/thefinitive.com\/en\/wp-json\/wp\/v3\/product\/4299\/revisions"}],"predecessor-version":[{"id":14835,"href":"https:\/\/thefinitive.com\/en\/wp-json\/wp\/v3\/product\/4299\/revisions\/14835"}],"wp:featuredmedia":[{"embeddable":true,"href":"https:\/\/thefinitive.com\/en\/wp-json\/wp\/v2\/media\/4275"}],"wp:attachment":[{"href":"https:\/\/thefinitive.com\/en\/wp-json\/wp\/v2\/media?parent=4299"}],"wp:term":[{"taxonomy":"product_cat","embeddable":true,"href":"https:\/\/thefinitive.com\/en\/wp-json\/wp\/v2\/product_cat?post=4299"},{"taxonomy":"product_tag","embeddable":true,"href":"https:\/\/thefinitive.com\/en\/wp-json\/wp\/v2\/product_tag?post=4299"}],"curies":[{"name":"wp","href":"https:\/\/api.w.org\/{rel}","templated":true}]}}